{"id":61934,"date":"2026-02-05T10:52:39","date_gmt":"2026-02-05T09:52:39","guid":{"rendered":"https:\/\/www.lavillagardendesign.com\/product\/vegetal-plante-artificielle-avec-pot-en-beton-o60x90\/"},"modified":"2026-02-23T11:40:51","modified_gmt":"2026-02-23T09:40:51","slug":"vegetal-plante-artificielle-avec-pot-en-beton-o60x90","status":"publish","type":"product","link":"https:\/\/www.lavillagardendesign.com\/fr\/product\/vegetal-plante-artificielle-avec-pot-en-beton-o60x90\/","title":{"rendered":"VEGETAL &#8211; Plante artificielle avec pot en b\u00e9ton \u00d860&#215;90"},"content":{"rendered":"","protected":false},"excerpt":{"rendered":"<p>Apportez une fra\u00eecheur instantan\u00e9e et un style m\u00e9diterran\u00e9en avec la plante artificielle de la collection <span class=\"il\">VEGETAL<\/span>. Cette pi\u00e8ce d\u00e9corative allie le r\u00e9alisme des touffes naturelles et des feuilles en PVC de haute qualit\u00e9 \u00e0 la solidit\u00e9 d&rsquo;un authentique pot en b\u00e9ton. Sa structure interne en m\u00e9tal lui assure stabilit\u00e9 et durabilit\u00e9. D&rsquo;une hauteur de 90 cm, elle est l&rsquo;accent vertical parfait pour les coins du salon, les terrasses couvertes ou pour accompagner nos canap\u00e9s d&rsquo;ext\u00e9rieur, offrant une esth\u00e9tique verte impeccable sans aucun arrosage ni entretien.   <\/p>\n","protected":false},"featured_media":61902,"comment_status":"open","ping_status":"closed","template":"","meta":[],"product_brand":[4998],"product_cat":[2922,2925,5986,6832],"product_tag":[5755],"class_list":{"0":"post-61934","1":"product","2":"type-product","3":"status-publish","4":"has-post-thumbnail","6":"product_brand-la-villa","7":"product_cat-accessoires","8":"product_cat-decorations-fr","9":"product_cat-nouvelle-collection","10":"product_cat-outdoor-fr","11":"product_tag-vegetal","13":"first","14":"instock","15":"taxable","16":"shipping-taxable","17":"purchasable","18":"product-type-simple"},"yoast_head":"<!-- This site is optimized with the Yoast SEO plugin v27.4 - https:\/\/yoast.com\/product\/yoast-seo-wordpress\/ -->\n<title>VEGETAL Plante Artificielle \u00d860x90 | Pot B\u00e9ton D\u00e9cor<\/title>\n<meta name=\"description\" content=\"Achetez la plante artificielle VEGETAL (90cm). Design r\u00e9aliste avec pot en b\u00e9ton. Parfait pour l&#039;int\u00e9rieur et l&#039;ext\u00e9rieur avec peu d&#039;entretien. Seulement \u20ac59.\" \/>\n<meta name=\"robots\" content=\"index, follow, max-snippet:-1, max-image-preview:large, max-video-preview:-1\" \/>\n<link rel=\"canonical\" href=\"https:\/\/www.lavillagardendesign.com\/fr\/product\/vegetal-plante-artificielle-avec-pot-en-beton-o60x90\/\" \/>\n<meta property=\"og:locale\" content=\"fr_FR\" \/>\n<meta property=\"og:type\" content=\"article\" \/>\n<meta property=\"og:title\" content=\"VEGETAL Plante Artificielle \u00d860x90 | Pot B\u00e9ton D\u00e9cor\" \/>\n<meta property=\"og:description\" content=\"Achetez la plante artificielle VEGETAL (90cm). Design r\u00e9aliste avec pot en b\u00e9ton. Parfait pour l&#039;int\u00e9rieur et l&#039;ext\u00e9rieur avec peu d&#039;entretien. Seulement \u20ac59.\" \/>\n<meta property=\"og:url\" content=\"https:\/\/www.lavillagardendesign.com\/fr\/product\/vegetal-plante-artificielle-avec-pot-en-beton-o60x90\/\" \/>\n<meta property=\"og:site_name\" content=\"La Villa Garden&amp;Design\" \/>\n<meta property=\"article:publisher\" content=\"https:\/\/www.facebook.com\/lavillagardendesign\/\" \/>\n<meta property=\"article:modified_time\" content=\"2026-02-23T09:40:51+00:00\" \/>\n<meta property=\"og:image\" content=\"https:\/\/www.lavillagardendesign.com\/wp-content\/uploads\/2026\/02\/3-1-7.jpg\" \/>\n\t<meta property=\"og:image:width\" content=\"700\" \/>\n\t<meta property=\"og:image:height\" content=\"800\" \/>\n\t<meta property=\"og:image:type\" content=\"image\/jpeg\" \/>\n<meta name=\"twitter:card\" content=\"summary_large_image\" \/>\n<script type=\"application\/ld+json\" class=\"yoast-schema-graph\">{\"@context\":\"https:\\\/\\\/schema.org\",\"@graph\":[{\"@type\":\"WebPage\",\"@id\":\"https:\\\/\\\/www.lavillagardendesign.com\\\/fr\\\/product\\\/vegetal-plante-artificielle-avec-pot-en-beton-o60x90\\\/\",\"url\":\"https:\\\/\\\/www.lavillagardendesign.com\\\/fr\\\/product\\\/vegetal-plante-artificielle-avec-pot-en-beton-o60x90\\\/\",\"name\":\"VEGETAL Plante Artificielle \u00d860x90 | Pot B\u00e9ton D\u00e9cor\",\"isPartOf\":{\"@id\":\"https:\\\/\\\/www.lavillagardendesign.com\\\/#website\"},\"primaryImageOfPage\":{\"@id\":\"https:\\\/\\\/www.lavillagardendesign.com\\\/fr\\\/product\\\/vegetal-plante-artificielle-avec-pot-en-beton-o60x90\\\/#primaryimage\"},\"image\":{\"@id\":\"https:\\\/\\\/www.lavillagardendesign.com\\\/fr\\\/product\\\/vegetal-plante-artificielle-avec-pot-en-beton-o60x90\\\/#primaryimage\"},\"thumbnailUrl\":\"https:\\\/\\\/www.lavillagardendesign.com\\\/wp-content\\\/uploads\\\/2026\\\/02\\\/3-1-7.jpg\",\"datePublished\":\"2026-02-05T09:52:39+00:00\",\"dateModified\":\"2026-02-23T09:40:51+00:00\",\"description\":\"Achetez la plante artificielle VEGETAL (90cm). Design r\u00e9aliste avec pot en b\u00e9ton. Parfait pour l'int\u00e9rieur et l'ext\u00e9rieur avec peu d'entretien. Seulement \u20ac59.\",\"breadcrumb\":{\"@id\":\"https:\\\/\\\/www.lavillagardendesign.com\\\/fr\\\/product\\\/vegetal-plante-artificielle-avec-pot-en-beton-o60x90\\\/#breadcrumb\"},\"inLanguage\":\"fr-FR\",\"potentialAction\":[{\"@type\":\"ReadAction\",\"target\":[\"https:\\\/\\\/www.lavillagardendesign.com\\\/fr\\\/product\\\/vegetal-plante-artificielle-avec-pot-en-beton-o60x90\\\/\"]}]},{\"@type\":\"ImageObject\",\"inLanguage\":\"fr-FR\",\"@id\":\"https:\\\/\\\/www.lavillagardendesign.com\\\/fr\\\/product\\\/vegetal-plante-artificielle-avec-pot-en-beton-o60x90\\\/#primaryimage\",\"url\":\"https:\\\/\\\/www.lavillagardendesign.com\\\/wp-content\\\/uploads\\\/2026\\\/02\\\/3-1-7.jpg\",\"contentUrl\":\"https:\\\/\\\/www.lavillagardendesign.com\\\/wp-content\\\/uploads\\\/2026\\\/02\\\/3-1-7.jpg\",\"width\":700,\"height\":800},{\"@type\":\"BreadcrumbList\",\"@id\":\"https:\\\/\\\/www.lavillagardendesign.com\\\/fr\\\/product\\\/vegetal-plante-artificielle-avec-pot-en-beton-o60x90\\\/#breadcrumb\",\"itemListElement\":[{\"@type\":\"ListItem\",\"position\":1,\"name\":\"Home\",\"item\":\"https:\\\/\\\/www.lavillagardendesign.com\\\/\"},{\"@type\":\"ListItem\",\"position\":2,\"name\":\"Boutique\",\"item\":\"https:\\\/\\\/www.lavillagardendesign.com\\\/fr\\\/boutique\\\/\"},{\"@type\":\"ListItem\",\"position\":3,\"name\":\"VEGETAL &#8211; Plante artificielle avec pot en b\u00e9ton \u00d860&#215;90\"}]},{\"@type\":\"WebSite\",\"@id\":\"https:\\\/\\\/www.lavillagardendesign.com\\\/#website\",\"url\":\"https:\\\/\\\/www.lavillagardendesign.com\\\/\",\"name\":\"La Villa Garden&Design\",\"description\":\"\",\"publisher\":{\"@id\":\"https:\\\/\\\/www.lavillagardendesign.com\\\/#organization\"},\"potentialAction\":[{\"@type\":\"SearchAction\",\"target\":{\"@type\":\"EntryPoint\",\"urlTemplate\":\"https:\\\/\\\/www.lavillagardendesign.com\\\/?s={search_term_string}\"},\"query-input\":{\"@type\":\"PropertyValueSpecification\",\"valueRequired\":true,\"valueName\":\"search_term_string\"}}],\"inLanguage\":\"fr-FR\"},{\"@type\":\"Organization\",\"@id\":\"https:\\\/\\\/www.lavillagardendesign.com\\\/#organization\",\"name\":\"La Villa Garden&Design\",\"url\":\"https:\\\/\\\/www.lavillagardendesign.com\\\/\",\"logo\":{\"@type\":\"ImageObject\",\"inLanguage\":\"fr-FR\",\"@id\":\"https:\\\/\\\/www.lavillagardendesign.com\\\/#\\\/schema\\\/logo\\\/image\\\/\",\"url\":\"https:\\\/\\\/www.lavillagardendesign.com\\\/wp-content\\\/uploads\\\/2024\\\/04\\\/logolavilla.png\",\"contentUrl\":\"https:\\\/\\\/www.lavillagardendesign.com\\\/wp-content\\\/uploads\\\/2024\\\/04\\\/logolavilla.png\",\"width\":682,\"height\":391,\"caption\":\"La Villa Garden&Design\"},\"image\":{\"@id\":\"https:\\\/\\\/www.lavillagardendesign.com\\\/#\\\/schema\\\/logo\\\/image\\\/\"},\"sameAs\":[\"https:\\\/\\\/www.facebook.com\\\/lavillagardendesign\\\/\"]}]}<\/script>\n<!-- \/ Yoast SEO plugin. -->","yoast_head_json":{"title":"VEGETAL Plante Artificielle \u00d860x90 | Pot B\u00e9ton D\u00e9cor","description":"Achetez la plante artificielle VEGETAL (90cm). Design r\u00e9aliste avec pot en b\u00e9ton. Parfait pour l'int\u00e9rieur et l'ext\u00e9rieur avec peu d'entretien. Seulement \u20ac59.","robots":{"index":"index","follow":"follow","max-snippet":"max-snippet:-1","max-image-preview":"max-image-preview:large","max-video-preview":"max-video-preview:-1"},"canonical":"https:\/\/www.lavillagardendesign.com\/fr\/product\/vegetal-plante-artificielle-avec-pot-en-beton-o60x90\/","og_locale":"fr_FR","og_type":"article","og_title":"VEGETAL Plante Artificielle \u00d860x90 | Pot B\u00e9ton D\u00e9cor","og_description":"Achetez la plante artificielle VEGETAL (90cm). Design r\u00e9aliste avec pot en b\u00e9ton. Parfait pour l'int\u00e9rieur et l'ext\u00e9rieur avec peu d'entretien. Seulement \u20ac59.","og_url":"https:\/\/www.lavillagardendesign.com\/fr\/product\/vegetal-plante-artificielle-avec-pot-en-beton-o60x90\/","og_site_name":"La Villa Garden&amp;Design","article_publisher":"https:\/\/www.facebook.com\/lavillagardendesign\/","article_modified_time":"2026-02-23T09:40:51+00:00","og_image":[{"width":700,"height":800,"url":"https:\/\/www.lavillagardendesign.com\/wp-content\/uploads\/2026\/02\/3-1-7.jpg","type":"image\/jpeg"}],"twitter_card":"summary_large_image","schema":{"@context":"https:\/\/schema.org","@graph":[{"@type":"WebPage","@id":"https:\/\/www.lavillagardendesign.com\/fr\/product\/vegetal-plante-artificielle-avec-pot-en-beton-o60x90\/","url":"https:\/\/www.lavillagardendesign.com\/fr\/product\/vegetal-plante-artificielle-avec-pot-en-beton-o60x90\/","name":"VEGETAL Plante Artificielle \u00d860x90 | Pot B\u00e9ton D\u00e9cor","isPartOf":{"@id":"https:\/\/www.lavillagardendesign.com\/#website"},"primaryImageOfPage":{"@id":"https:\/\/www.lavillagardendesign.com\/fr\/product\/vegetal-plante-artificielle-avec-pot-en-beton-o60x90\/#primaryimage"},"image":{"@id":"https:\/\/www.lavillagardendesign.com\/fr\/product\/vegetal-plante-artificielle-avec-pot-en-beton-o60x90\/#primaryimage"},"thumbnailUrl":"https:\/\/www.lavillagardendesign.com\/wp-content\/uploads\/2026\/02\/3-1-7.jpg","datePublished":"2026-02-05T09:52:39+00:00","dateModified":"2026-02-23T09:40:51+00:00","description":"Achetez la plante artificielle VEGETAL (90cm). Design r\u00e9aliste avec pot en b\u00e9ton. Parfait pour l'int\u00e9rieur et l'ext\u00e9rieur avec peu d'entretien. Seulement \u20ac59.","breadcrumb":{"@id":"https:\/\/www.lavillagardendesign.com\/fr\/product\/vegetal-plante-artificielle-avec-pot-en-beton-o60x90\/#breadcrumb"},"inLanguage":"fr-FR","potentialAction":[{"@type":"ReadAction","target":["https:\/\/www.lavillagardendesign.com\/fr\/product\/vegetal-plante-artificielle-avec-pot-en-beton-o60x90\/"]}]},{"@type":"ImageObject","inLanguage":"fr-FR","@id":"https:\/\/www.lavillagardendesign.com\/fr\/product\/vegetal-plante-artificielle-avec-pot-en-beton-o60x90\/#primaryimage","url":"https:\/\/www.lavillagardendesign.com\/wp-content\/uploads\/2026\/02\/3-1-7.jpg","contentUrl":"https:\/\/www.lavillagardendesign.com\/wp-content\/uploads\/2026\/02\/3-1-7.jpg","width":700,"height":800},{"@type":"BreadcrumbList","@id":"https:\/\/www.lavillagardendesign.com\/fr\/product\/vegetal-plante-artificielle-avec-pot-en-beton-o60x90\/#breadcrumb","itemListElement":[{"@type":"ListItem","position":1,"name":"Home","item":"https:\/\/www.lavillagardendesign.com\/"},{"@type":"ListItem","position":2,"name":"Boutique","item":"https:\/\/www.lavillagardendesign.com\/fr\/boutique\/"},{"@type":"ListItem","position":3,"name":"VEGETAL &#8211; Plante artificielle avec pot en b\u00e9ton \u00d860&#215;90"}]},{"@type":"WebSite","@id":"https:\/\/www.lavillagardendesign.com\/#website","url":"https:\/\/www.lavillagardendesign.com\/","name":"La Villa Garden&Design","description":"","publisher":{"@id":"https:\/\/www.lavillagardendesign.com\/#organization"},"potentialAction":[{"@type":"SearchAction","target":{"@type":"EntryPoint","urlTemplate":"https:\/\/www.lavillagardendesign.com\/?s={search_term_string}"},"query-input":{"@type":"PropertyValueSpecification","valueRequired":true,"valueName":"search_term_string"}}],"inLanguage":"fr-FR"},{"@type":"Organization","@id":"https:\/\/www.lavillagardendesign.com\/#organization","name":"La Villa Garden&Design","url":"https:\/\/www.lavillagardendesign.com\/","logo":{"@type":"ImageObject","inLanguage":"fr-FR","@id":"https:\/\/www.lavillagardendesign.com\/#\/schema\/logo\/image\/","url":"https:\/\/www.lavillagardendesign.com\/wp-content\/uploads\/2024\/04\/logolavilla.png","contentUrl":"https:\/\/www.lavillagardendesign.com\/wp-content\/uploads\/2024\/04\/logolavilla.png","width":682,"height":391,"caption":"La Villa Garden&Design"},"image":{"@id":"https:\/\/www.lavillagardendesign.com\/#\/schema\/logo\/image\/"},"sameAs":["https:\/\/www.facebook.com\/lavillagardendesign\/"]}]}},"_links":{"self":[{"href":"https:\/\/www.lavillagardendesign.com\/fr\/wp-json\/wp\/v2\/product\/61934","targetHints":{"allow":["GET"]}}],"collection":[{"href":"https:\/\/www.lavillagardendesign.com\/fr\/wp-json\/wp\/v2\/product"}],"about":[{"href":"https:\/\/www.lavillagardendesign.com\/fr\/wp-json\/wp\/v2\/types\/product"}],"replies":[{"embeddable":true,"href":"https:\/\/www.lavillagardendesign.com\/fr\/wp-json\/wp\/v2\/comments?post=61934"}],"version-history":[{"count":1,"href":"https:\/\/www.lavillagardendesign.com\/fr\/wp-json\/wp\/v2\/product\/61934\/revisions"}],"predecessor-version":[{"id":62084,"href":"https:\/\/www.lavillagardendesign.com\/fr\/wp-json\/wp\/v2\/product\/61934\/revisions\/62084"}],"wp:featuredmedia":[{"embeddable":true,"href":"https:\/\/www.lavillagardendesign.com\/fr\/wp-json\/wp\/v2\/media\/61902"}],"wp:attachment":[{"href":"https:\/\/www.lavillagardendesign.com\/fr\/wp-json\/wp\/v2\/media?parent=61934"}],"wp:term":[{"taxonomy":"product_brand","embeddable":true,"href":"https:\/\/www.lavillagardendesign.com\/fr\/wp-json\/wp\/v2\/product_brand?post=61934"},{"taxonomy":"product_cat","embeddable":true,"href":"https:\/\/www.lavillagardendesign.com\/fr\/wp-json\/wp\/v2\/product_cat?post=61934"},{"taxonomy":"product_tag","embeddable":true,"href":"https:\/\/www.lavillagardendesign.com\/fr\/wp-json\/wp\/v2\/product_tag?post=61934"}],"curies":[{"name":"wp","href":"https:\/\/api.w.org\/{rel}","templated":true}]}}