{"id":61933,"date":"2026-02-05T11:06:11","date_gmt":"2026-02-05T10:06:11","guid":{"rendered":"https:\/\/www.lavillagardendesign.com\/product\/vegetal-plante-artificielle-bambou-avec-pot-h150\/"},"modified":"2026-02-23T11:41:47","modified_gmt":"2026-02-23T09:41:47","slug":"vegetal-plante-artificielle-bambou-avec-pot-h150","status":"publish","type":"product","link":"https:\/\/www.lavillagardendesign.com\/fr\/product\/vegetal-plante-artificielle-bambou-avec-pot-h150\/","title":{"rendered":"VEGETAL &#8211; Plante Artificielle Bambou avec Pot H150"},"content":{"rendered":"","protected":false},"excerpt":{"rendered":"<p>Cr\u00e9ez une oasis de calme et de sophistication avec le bambou artificiel de la collection <span class=\"il\">VEGETAL<\/span>. D&rsquo;une hauteur impressionnante de 150 cm, cette pi\u00e8ce se distingue par son tronc en bois de bambou naturel, qui lui conf\u00e8re une authenticit\u00e9 visuelle et tactile in\u00e9gal\u00e9e. Le feuillage, r\u00e9alis\u00e9 en tissu polyester de haute qualit\u00e9, imite parfaitement la texture et le drap\u00e9 d&rsquo;une plante vivante. Sa base technique (pot en plastique lest\u00e9 de b\u00e9ton) assure la stabilit\u00e9 n\u00e9cessaire pour les terrasses couvertes ou les int\u00e9rieurs et est con\u00e7ue pour s&rsquo;int\u00e9grer parfaitement dans nos jardini\u00e8res design exclusives.   <\/p>\n","protected":false},"featured_media":61914,"comment_status":"open","ping_status":"closed","template":"","meta":[],"product_brand":[4998],"product_cat":[2922,2925,5986,6832],"product_tag":[5755],"class_list":{"0":"post-61933","1":"product","2":"type-product","3":"status-publish","4":"has-post-thumbnail","6":"product_brand-la-villa","7":"product_cat-accessoires","8":"product_cat-decorations-fr","9":"product_cat-nouvelle-collection","10":"product_cat-outdoor-fr","11":"product_tag-vegetal","13":"first","14":"instock","15":"taxable","16":"shipping-taxable","17":"purchasable","18":"product-type-simple"},"yoast_head":"<!-- This site is optimized with the Yoast SEO plugin v27.4 - https:\/\/yoast.com\/product\/yoast-seo-wordpress\/ -->\n<title>VEGETAL Bambou Artificiel 150cm | Tronc naturel &amp; aspect r\u00e9aliste<\/title>\n<meta name=\"description\" content=\"Magasinez le Bambou artificiel VEGETAL (150cm). Tronc en bois naturel et feuilles en tissu. Base stable pond\u00e9r\u00e9e par le b\u00e9ton. Parfait pour l&#039;intimit\u00e9 et le d\u00e9cor zen. \u20ac109.\" \/>\n<meta name=\"robots\" content=\"index, follow, max-snippet:-1, max-image-preview:large, max-video-preview:-1\" \/>\n<link rel=\"canonical\" href=\"https:\/\/www.lavillagardendesign.com\/fr\/product\/vegetal-plante-artificielle-bambou-avec-pot-h150\/\" \/>\n<meta property=\"og:locale\" content=\"fr_FR\" \/>\n<meta property=\"og:type\" content=\"article\" \/>\n<meta property=\"og:title\" content=\"VEGETAL Bambou Artificiel 150cm | Tronc naturel &amp; aspect r\u00e9aliste\" \/>\n<meta property=\"og:description\" content=\"Magasinez le Bambou artificiel VEGETAL (150cm). Tronc en bois naturel et feuilles en tissu. Base stable pond\u00e9r\u00e9e par le b\u00e9ton. Parfait pour l&#039;intimit\u00e9 et le d\u00e9cor zen. \u20ac109.\" \/>\n<meta property=\"og:url\" content=\"https:\/\/www.lavillagardendesign.com\/fr\/product\/vegetal-plante-artificielle-bambou-avec-pot-h150\/\" \/>\n<meta property=\"og:site_name\" content=\"La Villa Garden&amp;Design\" \/>\n<meta property=\"article:publisher\" content=\"https:\/\/www.facebook.com\/lavillagardendesign\/\" \/>\n<meta property=\"article:modified_time\" content=\"2026-02-23T09:41:47+00:00\" \/>\n<meta property=\"og:image\" content=\"https:\/\/www.lavillagardendesign.com\/wp-content\/uploads\/2026\/02\/2-1-8.jpg\" \/>\n\t<meta property=\"og:image:width\" content=\"700\" \/>\n\t<meta property=\"og:image:height\" content=\"800\" \/>\n\t<meta property=\"og:image:type\" content=\"image\/jpeg\" \/>\n<meta name=\"twitter:card\" content=\"summary_large_image\" \/>\n<script type=\"application\/ld+json\" class=\"yoast-schema-graph\">{\"@context\":\"https:\\\/\\\/schema.org\",\"@graph\":[{\"@type\":\"WebPage\",\"@id\":\"https:\\\/\\\/www.lavillagardendesign.com\\\/fr\\\/product\\\/vegetal-plante-artificielle-bambou-avec-pot-h150\\\/\",\"url\":\"https:\\\/\\\/www.lavillagardendesign.com\\\/fr\\\/product\\\/vegetal-plante-artificielle-bambou-avec-pot-h150\\\/\",\"name\":\"VEGETAL Bambou Artificiel 150cm | Tronc naturel & aspect r\u00e9aliste\",\"isPartOf\":{\"@id\":\"https:\\\/\\\/www.lavillagardendesign.com\\\/#website\"},\"primaryImageOfPage\":{\"@id\":\"https:\\\/\\\/www.lavillagardendesign.com\\\/fr\\\/product\\\/vegetal-plante-artificielle-bambou-avec-pot-h150\\\/#primaryimage\"},\"image\":{\"@id\":\"https:\\\/\\\/www.lavillagardendesign.com\\\/fr\\\/product\\\/vegetal-plante-artificielle-bambou-avec-pot-h150\\\/#primaryimage\"},\"thumbnailUrl\":\"https:\\\/\\\/www.lavillagardendesign.com\\\/wp-content\\\/uploads\\\/2026\\\/02\\\/2-1-8.jpg\",\"datePublished\":\"2026-02-05T10:06:11+00:00\",\"dateModified\":\"2026-02-23T09:41:47+00:00\",\"description\":\"Magasinez le Bambou artificiel VEGETAL (150cm). Tronc en bois naturel et feuilles en tissu. Base stable pond\u00e9r\u00e9e par le b\u00e9ton. Parfait pour l'intimit\u00e9 et le d\u00e9cor zen. \u20ac109.\",\"breadcrumb\":{\"@id\":\"https:\\\/\\\/www.lavillagardendesign.com\\\/fr\\\/product\\\/vegetal-plante-artificielle-bambou-avec-pot-h150\\\/#breadcrumb\"},\"inLanguage\":\"fr-FR\",\"potentialAction\":[{\"@type\":\"ReadAction\",\"target\":[\"https:\\\/\\\/www.lavillagardendesign.com\\\/fr\\\/product\\\/vegetal-plante-artificielle-bambou-avec-pot-h150\\\/\"]}]},{\"@type\":\"ImageObject\",\"inLanguage\":\"fr-FR\",\"@id\":\"https:\\\/\\\/www.lavillagardendesign.com\\\/fr\\\/product\\\/vegetal-plante-artificielle-bambou-avec-pot-h150\\\/#primaryimage\",\"url\":\"https:\\\/\\\/www.lavillagardendesign.com\\\/wp-content\\\/uploads\\\/2026\\\/02\\\/2-1-8.jpg\",\"contentUrl\":\"https:\\\/\\\/www.lavillagardendesign.com\\\/wp-content\\\/uploads\\\/2026\\\/02\\\/2-1-8.jpg\",\"width\":700,\"height\":800},{\"@type\":\"BreadcrumbList\",\"@id\":\"https:\\\/\\\/www.lavillagardendesign.com\\\/fr\\\/product\\\/vegetal-plante-artificielle-bambou-avec-pot-h150\\\/#breadcrumb\",\"itemListElement\":[{\"@type\":\"ListItem\",\"position\":1,\"name\":\"Home\",\"item\":\"https:\\\/\\\/www.lavillagardendesign.com\\\/\"},{\"@type\":\"ListItem\",\"position\":2,\"name\":\"Boutique\",\"item\":\"https:\\\/\\\/www.lavillagardendesign.com\\\/fr\\\/boutique\\\/\"},{\"@type\":\"ListItem\",\"position\":3,\"name\":\"VEGETAL &#8211; Plante Artificielle Bambou avec Pot H150\"}]},{\"@type\":\"WebSite\",\"@id\":\"https:\\\/\\\/www.lavillagardendesign.com\\\/#website\",\"url\":\"https:\\\/\\\/www.lavillagardendesign.com\\\/\",\"name\":\"La Villa Garden&Design\",\"description\":\"\",\"publisher\":{\"@id\":\"https:\\\/\\\/www.lavillagardendesign.com\\\/#organization\"},\"potentialAction\":[{\"@type\":\"SearchAction\",\"target\":{\"@type\":\"EntryPoint\",\"urlTemplate\":\"https:\\\/\\\/www.lavillagardendesign.com\\\/?s={search_term_string}\"},\"query-input\":{\"@type\":\"PropertyValueSpecification\",\"valueRequired\":true,\"valueName\":\"search_term_string\"}}],\"inLanguage\":\"fr-FR\"},{\"@type\":\"Organization\",\"@id\":\"https:\\\/\\\/www.lavillagardendesign.com\\\/#organization\",\"name\":\"La Villa Garden&Design\",\"url\":\"https:\\\/\\\/www.lavillagardendesign.com\\\/\",\"logo\":{\"@type\":\"ImageObject\",\"inLanguage\":\"fr-FR\",\"@id\":\"https:\\\/\\\/www.lavillagardendesign.com\\\/#\\\/schema\\\/logo\\\/image\\\/\",\"url\":\"https:\\\/\\\/www.lavillagardendesign.com\\\/wp-content\\\/uploads\\\/2024\\\/04\\\/logolavilla.png\",\"contentUrl\":\"https:\\\/\\\/www.lavillagardendesign.com\\\/wp-content\\\/uploads\\\/2024\\\/04\\\/logolavilla.png\",\"width\":682,\"height\":391,\"caption\":\"La Villa Garden&Design\"},\"image\":{\"@id\":\"https:\\\/\\\/www.lavillagardendesign.com\\\/#\\\/schema\\\/logo\\\/image\\\/\"},\"sameAs\":[\"https:\\\/\\\/www.facebook.com\\\/lavillagardendesign\\\/\"]}]}<\/script>\n<!-- \/ Yoast SEO plugin. -->","yoast_head_json":{"title":"VEGETAL Bambou Artificiel 150cm | Tronc naturel & aspect r\u00e9aliste","description":"Magasinez le Bambou artificiel VEGETAL (150cm). Tronc en bois naturel et feuilles en tissu. Base stable pond\u00e9r\u00e9e par le b\u00e9ton. Parfait pour l'intimit\u00e9 et le d\u00e9cor zen. \u20ac109.","robots":{"index":"index","follow":"follow","max-snippet":"max-snippet:-1","max-image-preview":"max-image-preview:large","max-video-preview":"max-video-preview:-1"},"canonical":"https:\/\/www.lavillagardendesign.com\/fr\/product\/vegetal-plante-artificielle-bambou-avec-pot-h150\/","og_locale":"fr_FR","og_type":"article","og_title":"VEGETAL Bambou Artificiel 150cm | Tronc naturel & aspect r\u00e9aliste","og_description":"Magasinez le Bambou artificiel VEGETAL (150cm). Tronc en bois naturel et feuilles en tissu. Base stable pond\u00e9r\u00e9e par le b\u00e9ton. Parfait pour l'intimit\u00e9 et le d\u00e9cor zen. \u20ac109.","og_url":"https:\/\/www.lavillagardendesign.com\/fr\/product\/vegetal-plante-artificielle-bambou-avec-pot-h150\/","og_site_name":"La Villa Garden&amp;Design","article_publisher":"https:\/\/www.facebook.com\/lavillagardendesign\/","article_modified_time":"2026-02-23T09:41:47+00:00","og_image":[{"width":700,"height":800,"url":"https:\/\/www.lavillagardendesign.com\/wp-content\/uploads\/2026\/02\/2-1-8.jpg","type":"image\/jpeg"}],"twitter_card":"summary_large_image","schema":{"@context":"https:\/\/schema.org","@graph":[{"@type":"WebPage","@id":"https:\/\/www.lavillagardendesign.com\/fr\/product\/vegetal-plante-artificielle-bambou-avec-pot-h150\/","url":"https:\/\/www.lavillagardendesign.com\/fr\/product\/vegetal-plante-artificielle-bambou-avec-pot-h150\/","name":"VEGETAL Bambou Artificiel 150cm | Tronc naturel & aspect r\u00e9aliste","isPartOf":{"@id":"https:\/\/www.lavillagardendesign.com\/#website"},"primaryImageOfPage":{"@id":"https:\/\/www.lavillagardendesign.com\/fr\/product\/vegetal-plante-artificielle-bambou-avec-pot-h150\/#primaryimage"},"image":{"@id":"https:\/\/www.lavillagardendesign.com\/fr\/product\/vegetal-plante-artificielle-bambou-avec-pot-h150\/#primaryimage"},"thumbnailUrl":"https:\/\/www.lavillagardendesign.com\/wp-content\/uploads\/2026\/02\/2-1-8.jpg","datePublished":"2026-02-05T10:06:11+00:00","dateModified":"2026-02-23T09:41:47+00:00","description":"Magasinez le Bambou artificiel VEGETAL (150cm). Tronc en bois naturel et feuilles en tissu. Base stable pond\u00e9r\u00e9e par le b\u00e9ton. Parfait pour l'intimit\u00e9 et le d\u00e9cor zen. \u20ac109.","breadcrumb":{"@id":"https:\/\/www.lavillagardendesign.com\/fr\/product\/vegetal-plante-artificielle-bambou-avec-pot-h150\/#breadcrumb"},"inLanguage":"fr-FR","potentialAction":[{"@type":"ReadAction","target":["https:\/\/www.lavillagardendesign.com\/fr\/product\/vegetal-plante-artificielle-bambou-avec-pot-h150\/"]}]},{"@type":"ImageObject","inLanguage":"fr-FR","@id":"https:\/\/www.lavillagardendesign.com\/fr\/product\/vegetal-plante-artificielle-bambou-avec-pot-h150\/#primaryimage","url":"https:\/\/www.lavillagardendesign.com\/wp-content\/uploads\/2026\/02\/2-1-8.jpg","contentUrl":"https:\/\/www.lavillagardendesign.com\/wp-content\/uploads\/2026\/02\/2-1-8.jpg","width":700,"height":800},{"@type":"BreadcrumbList","@id":"https:\/\/www.lavillagardendesign.com\/fr\/product\/vegetal-plante-artificielle-bambou-avec-pot-h150\/#breadcrumb","itemListElement":[{"@type":"ListItem","position":1,"name":"Home","item":"https:\/\/www.lavillagardendesign.com\/"},{"@type":"ListItem","position":2,"name":"Boutique","item":"https:\/\/www.lavillagardendesign.com\/fr\/boutique\/"},{"@type":"ListItem","position":3,"name":"VEGETAL &#8211; Plante Artificielle Bambou avec Pot H150"}]},{"@type":"WebSite","@id":"https:\/\/www.lavillagardendesign.com\/#website","url":"https:\/\/www.lavillagardendesign.com\/","name":"La Villa Garden&Design","description":"","publisher":{"@id":"https:\/\/www.lavillagardendesign.com\/#organization"},"potentialAction":[{"@type":"SearchAction","target":{"@type":"EntryPoint","urlTemplate":"https:\/\/www.lavillagardendesign.com\/?s={search_term_string}"},"query-input":{"@type":"PropertyValueSpecification","valueRequired":true,"valueName":"search_term_string"}}],"inLanguage":"fr-FR"},{"@type":"Organization","@id":"https:\/\/www.lavillagardendesign.com\/#organization","name":"La Villa Garden&Design","url":"https:\/\/www.lavillagardendesign.com\/","logo":{"@type":"ImageObject","inLanguage":"fr-FR","@id":"https:\/\/www.lavillagardendesign.com\/#\/schema\/logo\/image\/","url":"https:\/\/www.lavillagardendesign.com\/wp-content\/uploads\/2024\/04\/logolavilla.png","contentUrl":"https:\/\/www.lavillagardendesign.com\/wp-content\/uploads\/2024\/04\/logolavilla.png","width":682,"height":391,"caption":"La Villa Garden&Design"},"image":{"@id":"https:\/\/www.lavillagardendesign.com\/#\/schema\/logo\/image\/"},"sameAs":["https:\/\/www.facebook.com\/lavillagardendesign\/"]}]}},"_links":{"self":[{"href":"https:\/\/www.lavillagardendesign.com\/fr\/wp-json\/wp\/v2\/product\/61933","targetHints":{"allow":["GET"]}}],"collection":[{"href":"https:\/\/www.lavillagardendesign.com\/fr\/wp-json\/wp\/v2\/product"}],"about":[{"href":"https:\/\/www.lavillagardendesign.com\/fr\/wp-json\/wp\/v2\/types\/product"}],"replies":[{"embeddable":true,"href":"https:\/\/www.lavillagardendesign.com\/fr\/wp-json\/wp\/v2\/comments?post=61933"}],"version-history":[{"count":1,"href":"https:\/\/www.lavillagardendesign.com\/fr\/wp-json\/wp\/v2\/product\/61933\/revisions"}],"predecessor-version":[{"id":62120,"href":"https:\/\/www.lavillagardendesign.com\/fr\/wp-json\/wp\/v2\/product\/61933\/revisions\/62120"}],"wp:featuredmedia":[{"embeddable":true,"href":"https:\/\/www.lavillagardendesign.com\/fr\/wp-json\/wp\/v2\/media\/61914"}],"wp:attachment":[{"href":"https:\/\/www.lavillagardendesign.com\/fr\/wp-json\/wp\/v2\/media?parent=61933"}],"wp:term":[{"taxonomy":"product_brand","embeddable":true,"href":"https:\/\/www.lavillagardendesign.com\/fr\/wp-json\/wp\/v2\/product_brand?post=61933"},{"taxonomy":"product_cat","embeddable":true,"href":"https:\/\/www.lavillagardendesign.com\/fr\/wp-json\/wp\/v2\/product_cat?post=61933"},{"taxonomy":"product_tag","embeddable":true,"href":"https:\/\/www.lavillagardendesign.com\/fr\/wp-json\/wp\/v2\/product_tag?post=61933"}],"curies":[{"name":"wp","href":"https:\/\/api.w.org\/{rel}","templated":true}]}}