{"id":61741,"date":"2026-02-04T20:40:47","date_gmt":"2026-02-04T19:40:47","guid":{"rendered":"https:\/\/www.lavillagardendesign.com\/product\/collection-porto-rico-tabouret-carre-modulaire\/"},"modified":"2026-02-10T14:23:35","modified_gmt":"2026-02-10T12:23:35","slug":"collection-porto-rico-tabouret-carre-modulaire","status":"publish","type":"product","link":"https:\/\/www.lavillagardendesign.com\/fr\/product\/collection-porto-rico-tabouret-carre-modulaire\/","title":{"rendered":"COLLECTION PORTO RICO &#8211; Tabouret carr\u00e9 modulaire"},"content":{"rendered":"","protected":false},"excerpt":{"rendered":"<p>Multipliez les possibilit\u00e9s de votre salon avec l&rsquo;ottoman modulaire PORTO <span class=\"il\">RICO<\/span>. Cette grande pi\u00e8ce carr\u00e9e<b>(94&#215;94 cm<\/b>) est le compl\u00e9ment id\u00e9al de votre canap\u00e9 modulaire : utilisez-la comme repose-pieds pour cr\u00e9er une luxueuse <i>Chaise Longue<\/i>, comme si\u00e8ge suppl\u00e9mentaire pour les invit\u00e9s, ou m\u00eame comme \u00eelot central. Dans la lign\u00e9e de la collection, il se compose d&rsquo;une base solide en <b>bois de teck certifi\u00e9 SVLK<\/b> avec une finition \u00e0 base d&rsquo;eau et d&rsquo;un coussin de grand confort rev\u00eatu d&rsquo;un <b>tissu Sunproof Olefin<\/b>, hydrofuge et r\u00e9sistant aux UV. <i>Note de l&rsquo;expert :<\/i> Le teck est un bois riche en huiles naturelles. Au cours des premi\u00e8res semaines d&rsquo;exposition, ces huiles peuvent remonter \u00e0 la surface et tacher les tissus. Nous vous recommandons de prot\u00e9ger le coussin ou de le laver si cela se produit jusqu&rsquo;\u00e0 ce que le bois se stabilise.    <\/p>\n<ul>\n<li>Largeur : 94 cm<\/li>\n<li>Profondeur : 94 cm<\/li>\n<li>Hauteur totale (avec coussin) : 35 cm (align\u00e9 avec l&rsquo;assise du canap\u00e9)<\/li>\n<li>Hauteur de la structure : 34 cm<\/li>\n<\/ul>\n","protected":false},"featured_media":61707,"comment_status":"open","ping_status":"closed","template":"","meta":[],"product_brand":[4998],"product_cat":[2937,2935,6832,5658],"product_tag":[],"class_list":{"0":"post-61741","1":"product","2":"type-product","3":"status-publish","4":"has-post-thumbnail","6":"product_brand-la-villa","7":"product_cat-canapes","8":"product_cat-canapes-fauteuils","9":"product_cat-outdoor-fr","10":"product_cat-promos-web","12":"first","13":"instock","14":"sale","15":"taxable","16":"shipping-taxable","17":"purchasable","18":"product-type-simple"},"yoast_head":"<!-- This site is optimized with the Yoast SEO plugin v27.4 - https:\/\/yoast.com\/product\/yoast-seo-wordpress\/ -->\n<title>PORTO RICO Tabouret modulable en teck \u00e0 l&#039;\u00e9preuve du soleil | La Villa Garden<\/title>\n<meta name=\"description\" content=\"Pouf repose-pieds carr\u00e9 (94x94cm) PORTO RICO. SVLK Teck et coussin Sunproof. Transforme votre canap\u00e9 modulaire en Chaise Longue. Offre \u20ac699.\" \/>\n<meta name=\"robots\" content=\"index, follow, max-snippet:-1, max-image-preview:large, max-video-preview:-1\" \/>\n<link rel=\"canonical\" href=\"https:\/\/www.lavillagardendesign.com\/fr\/product\/collection-porto-rico-tabouret-carre-modulaire\/\" \/>\n<meta property=\"og:locale\" content=\"fr_FR\" \/>\n<meta property=\"og:type\" content=\"article\" \/>\n<meta property=\"og:title\" content=\"PORTO RICO Tabouret modulable en teck \u00e0 l&#039;\u00e9preuve du soleil | La Villa Garden\" \/>\n<meta property=\"og:description\" content=\"Pouf repose-pieds carr\u00e9 (94x94cm) PORTO RICO. SVLK Teck et coussin Sunproof. Transforme votre canap\u00e9 modulaire en Chaise Longue. Offre \u20ac699.\" \/>\n<meta property=\"og:url\" content=\"https:\/\/www.lavillagardendesign.com\/fr\/product\/collection-porto-rico-tabouret-carre-modulaire\/\" \/>\n<meta property=\"og:site_name\" content=\"La Villa Garden&amp;Design\" \/>\n<meta property=\"article:publisher\" content=\"https:\/\/www.facebook.com\/lavillagardendesign\/\" \/>\n<meta property=\"article:modified_time\" content=\"2026-02-10T12:23:35+00:00\" \/>\n<meta property=\"og:image\" content=\"https:\/\/www.lavillagardendesign.com\/wp-content\/uploads\/2026\/02\/2.png\" \/>\n\t<meta property=\"og:image:width\" content=\"700\" \/>\n\t<meta property=\"og:image:height\" content=\"800\" \/>\n\t<meta property=\"og:image:type\" content=\"image\/png\" \/>\n<meta name=\"twitter:card\" content=\"summary_large_image\" \/>\n<script type=\"application\/ld+json\" class=\"yoast-schema-graph\">{\"@context\":\"https:\\\/\\\/schema.org\",\"@graph\":[{\"@type\":\"WebPage\",\"@id\":\"https:\\\/\\\/www.lavillagardendesign.com\\\/fr\\\/product\\\/collection-porto-rico-tabouret-carre-modulaire\\\/\",\"url\":\"https:\\\/\\\/www.lavillagardendesign.com\\\/fr\\\/product\\\/collection-porto-rico-tabouret-carre-modulaire\\\/\",\"name\":\"PORTO RICO Tabouret modulable en teck \u00e0 l'\u00e9preuve du soleil | La Villa Garden\",\"isPartOf\":{\"@id\":\"https:\\\/\\\/www.lavillagardendesign.com\\\/#website\"},\"primaryImageOfPage\":{\"@id\":\"https:\\\/\\\/www.lavillagardendesign.com\\\/fr\\\/product\\\/collection-porto-rico-tabouret-carre-modulaire\\\/#primaryimage\"},\"image\":{\"@id\":\"https:\\\/\\\/www.lavillagardendesign.com\\\/fr\\\/product\\\/collection-porto-rico-tabouret-carre-modulaire\\\/#primaryimage\"},\"thumbnailUrl\":\"https:\\\/\\\/www.lavillagardendesign.com\\\/wp-content\\\/uploads\\\/2026\\\/02\\\/2.png\",\"datePublished\":\"2026-02-04T19:40:47+00:00\",\"dateModified\":\"2026-02-10T12:23:35+00:00\",\"description\":\"Pouf repose-pieds carr\u00e9 (94x94cm) PORTO RICO. SVLK Teck et coussin Sunproof. Transforme votre canap\u00e9 modulaire en Chaise Longue. Offre \u20ac699.\",\"breadcrumb\":{\"@id\":\"https:\\\/\\\/www.lavillagardendesign.com\\\/fr\\\/product\\\/collection-porto-rico-tabouret-carre-modulaire\\\/#breadcrumb\"},\"inLanguage\":\"fr-FR\",\"potentialAction\":[{\"@type\":\"ReadAction\",\"target\":[\"https:\\\/\\\/www.lavillagardendesign.com\\\/fr\\\/product\\\/collection-porto-rico-tabouret-carre-modulaire\\\/\"]}]},{\"@type\":\"ImageObject\",\"inLanguage\":\"fr-FR\",\"@id\":\"https:\\\/\\\/www.lavillagardendesign.com\\\/fr\\\/product\\\/collection-porto-rico-tabouret-carre-modulaire\\\/#primaryimage\",\"url\":\"https:\\\/\\\/www.lavillagardendesign.com\\\/wp-content\\\/uploads\\\/2026\\\/02\\\/2.png\",\"contentUrl\":\"https:\\\/\\\/www.lavillagardendesign.com\\\/wp-content\\\/uploads\\\/2026\\\/02\\\/2.png\",\"width\":700,\"height\":800},{\"@type\":\"BreadcrumbList\",\"@id\":\"https:\\\/\\\/www.lavillagardendesign.com\\\/fr\\\/product\\\/collection-porto-rico-tabouret-carre-modulaire\\\/#breadcrumb\",\"itemListElement\":[{\"@type\":\"ListItem\",\"position\":1,\"name\":\"Home\",\"item\":\"https:\\\/\\\/www.lavillagardendesign.com\\\/\"},{\"@type\":\"ListItem\",\"position\":2,\"name\":\"Boutique\",\"item\":\"https:\\\/\\\/www.lavillagardendesign.com\\\/fr\\\/boutique\\\/\"},{\"@type\":\"ListItem\",\"position\":3,\"name\":\"COLLECTION PORTO RICO &#8211; Tabouret carr\u00e9 modulaire\"}]},{\"@type\":\"WebSite\",\"@id\":\"https:\\\/\\\/www.lavillagardendesign.com\\\/#website\",\"url\":\"https:\\\/\\\/www.lavillagardendesign.com\\\/\",\"name\":\"La Villa Garden&Design\",\"description\":\"\",\"publisher\":{\"@id\":\"https:\\\/\\\/www.lavillagardendesign.com\\\/#organization\"},\"potentialAction\":[{\"@type\":\"SearchAction\",\"target\":{\"@type\":\"EntryPoint\",\"urlTemplate\":\"https:\\\/\\\/www.lavillagardendesign.com\\\/?s={search_term_string}\"},\"query-input\":{\"@type\":\"PropertyValueSpecification\",\"valueRequired\":true,\"valueName\":\"search_term_string\"}}],\"inLanguage\":\"fr-FR\"},{\"@type\":\"Organization\",\"@id\":\"https:\\\/\\\/www.lavillagardendesign.com\\\/#organization\",\"name\":\"La Villa Garden&Design\",\"url\":\"https:\\\/\\\/www.lavillagardendesign.com\\\/\",\"logo\":{\"@type\":\"ImageObject\",\"inLanguage\":\"fr-FR\",\"@id\":\"https:\\\/\\\/www.lavillagardendesign.com\\\/#\\\/schema\\\/logo\\\/image\\\/\",\"url\":\"https:\\\/\\\/www.lavillagardendesign.com\\\/wp-content\\\/uploads\\\/2024\\\/04\\\/logolavilla.png\",\"contentUrl\":\"https:\\\/\\\/www.lavillagardendesign.com\\\/wp-content\\\/uploads\\\/2024\\\/04\\\/logolavilla.png\",\"width\":682,\"height\":391,\"caption\":\"La Villa Garden&Design\"},\"image\":{\"@id\":\"https:\\\/\\\/www.lavillagardendesign.com\\\/#\\\/schema\\\/logo\\\/image\\\/\"},\"sameAs\":[\"https:\\\/\\\/www.facebook.com\\\/lavillagardendesign\\\/\"]}]}<\/script>\n<!-- \/ Yoast SEO plugin. -->","yoast_head_json":{"title":"PORTO RICO Tabouret modulable en teck \u00e0 l'\u00e9preuve du soleil | La Villa Garden","description":"Pouf repose-pieds carr\u00e9 (94x94cm) PORTO RICO. SVLK Teck et coussin Sunproof. Transforme votre canap\u00e9 modulaire en Chaise Longue. Offre \u20ac699.","robots":{"index":"index","follow":"follow","max-snippet":"max-snippet:-1","max-image-preview":"max-image-preview:large","max-video-preview":"max-video-preview:-1"},"canonical":"https:\/\/www.lavillagardendesign.com\/fr\/product\/collection-porto-rico-tabouret-carre-modulaire\/","og_locale":"fr_FR","og_type":"article","og_title":"PORTO RICO Tabouret modulable en teck \u00e0 l'\u00e9preuve du soleil | La Villa Garden","og_description":"Pouf repose-pieds carr\u00e9 (94x94cm) PORTO RICO. SVLK Teck et coussin Sunproof. Transforme votre canap\u00e9 modulaire en Chaise Longue. Offre \u20ac699.","og_url":"https:\/\/www.lavillagardendesign.com\/fr\/product\/collection-porto-rico-tabouret-carre-modulaire\/","og_site_name":"La Villa Garden&amp;Design","article_publisher":"https:\/\/www.facebook.com\/lavillagardendesign\/","article_modified_time":"2026-02-10T12:23:35+00:00","og_image":[{"width":700,"height":800,"url":"https:\/\/www.lavillagardendesign.com\/wp-content\/uploads\/2026\/02\/2.png","type":"image\/png"}],"twitter_card":"summary_large_image","schema":{"@context":"https:\/\/schema.org","@graph":[{"@type":"WebPage","@id":"https:\/\/www.lavillagardendesign.com\/fr\/product\/collection-porto-rico-tabouret-carre-modulaire\/","url":"https:\/\/www.lavillagardendesign.com\/fr\/product\/collection-porto-rico-tabouret-carre-modulaire\/","name":"PORTO RICO Tabouret modulable en teck \u00e0 l'\u00e9preuve du soleil | La Villa Garden","isPartOf":{"@id":"https:\/\/www.lavillagardendesign.com\/#website"},"primaryImageOfPage":{"@id":"https:\/\/www.lavillagardendesign.com\/fr\/product\/collection-porto-rico-tabouret-carre-modulaire\/#primaryimage"},"image":{"@id":"https:\/\/www.lavillagardendesign.com\/fr\/product\/collection-porto-rico-tabouret-carre-modulaire\/#primaryimage"},"thumbnailUrl":"https:\/\/www.lavillagardendesign.com\/wp-content\/uploads\/2026\/02\/2.png","datePublished":"2026-02-04T19:40:47+00:00","dateModified":"2026-02-10T12:23:35+00:00","description":"Pouf repose-pieds carr\u00e9 (94x94cm) PORTO RICO. SVLK Teck et coussin Sunproof. Transforme votre canap\u00e9 modulaire en Chaise Longue. Offre \u20ac699.","breadcrumb":{"@id":"https:\/\/www.lavillagardendesign.com\/fr\/product\/collection-porto-rico-tabouret-carre-modulaire\/#breadcrumb"},"inLanguage":"fr-FR","potentialAction":[{"@type":"ReadAction","target":["https:\/\/www.lavillagardendesign.com\/fr\/product\/collection-porto-rico-tabouret-carre-modulaire\/"]}]},{"@type":"ImageObject","inLanguage":"fr-FR","@id":"https:\/\/www.lavillagardendesign.com\/fr\/product\/collection-porto-rico-tabouret-carre-modulaire\/#primaryimage","url":"https:\/\/www.lavillagardendesign.com\/wp-content\/uploads\/2026\/02\/2.png","contentUrl":"https:\/\/www.lavillagardendesign.com\/wp-content\/uploads\/2026\/02\/2.png","width":700,"height":800},{"@type":"BreadcrumbList","@id":"https:\/\/www.lavillagardendesign.com\/fr\/product\/collection-porto-rico-tabouret-carre-modulaire\/#breadcrumb","itemListElement":[{"@type":"ListItem","position":1,"name":"Home","item":"https:\/\/www.lavillagardendesign.com\/"},{"@type":"ListItem","position":2,"name":"Boutique","item":"https:\/\/www.lavillagardendesign.com\/fr\/boutique\/"},{"@type":"ListItem","position":3,"name":"COLLECTION PORTO RICO &#8211; Tabouret carr\u00e9 modulaire"}]},{"@type":"WebSite","@id":"https:\/\/www.lavillagardendesign.com\/#website","url":"https:\/\/www.lavillagardendesign.com\/","name":"La Villa Garden&Design","description":"","publisher":{"@id":"https:\/\/www.lavillagardendesign.com\/#organization"},"potentialAction":[{"@type":"SearchAction","target":{"@type":"EntryPoint","urlTemplate":"https:\/\/www.lavillagardendesign.com\/?s={search_term_string}"},"query-input":{"@type":"PropertyValueSpecification","valueRequired":true,"valueName":"search_term_string"}}],"inLanguage":"fr-FR"},{"@type":"Organization","@id":"https:\/\/www.lavillagardendesign.com\/#organization","name":"La Villa Garden&Design","url":"https:\/\/www.lavillagardendesign.com\/","logo":{"@type":"ImageObject","inLanguage":"fr-FR","@id":"https:\/\/www.lavillagardendesign.com\/#\/schema\/logo\/image\/","url":"https:\/\/www.lavillagardendesign.com\/wp-content\/uploads\/2024\/04\/logolavilla.png","contentUrl":"https:\/\/www.lavillagardendesign.com\/wp-content\/uploads\/2024\/04\/logolavilla.png","width":682,"height":391,"caption":"La Villa Garden&Design"},"image":{"@id":"https:\/\/www.lavillagardendesign.com\/#\/schema\/logo\/image\/"},"sameAs":["https:\/\/www.facebook.com\/lavillagardendesign\/"]}]}},"_links":{"self":[{"href":"https:\/\/www.lavillagardendesign.com\/fr\/wp-json\/wp\/v2\/product\/61741","targetHints":{"allow":["GET"]}}],"collection":[{"href":"https:\/\/www.lavillagardendesign.com\/fr\/wp-json\/wp\/v2\/product"}],"about":[{"href":"https:\/\/www.lavillagardendesign.com\/fr\/wp-json\/wp\/v2\/types\/product"}],"replies":[{"embeddable":true,"href":"https:\/\/www.lavillagardendesign.com\/fr\/wp-json\/wp\/v2\/comments?post=61741"}],"version-history":[{"count":1,"href":"https:\/\/www.lavillagardendesign.com\/fr\/wp-json\/wp\/v2\/product\/61741\/revisions"}],"predecessor-version":[{"id":62102,"href":"https:\/\/www.lavillagardendesign.com\/fr\/wp-json\/wp\/v2\/product\/61741\/revisions\/62102"}],"wp:featuredmedia":[{"embeddable":true,"href":"https:\/\/www.lavillagardendesign.com\/fr\/wp-json\/wp\/v2\/media\/61707"}],"wp:attachment":[{"href":"https:\/\/www.lavillagardendesign.com\/fr\/wp-json\/wp\/v2\/media?parent=61741"}],"wp:term":[{"taxonomy":"product_brand","embeddable":true,"href":"https:\/\/www.lavillagardendesign.com\/fr\/wp-json\/wp\/v2\/product_brand?post=61741"},{"taxonomy":"product_cat","embeddable":true,"href":"https:\/\/www.lavillagardendesign.com\/fr\/wp-json\/wp\/v2\/product_cat?post=61741"},{"taxonomy":"product_tag","embeddable":true,"href":"https:\/\/www.lavillagardendesign.com\/fr\/wp-json\/wp\/v2\/product_tag?post=61741"}],"curies":[{"name":"wp","href":"https:\/\/api.w.org\/{rel}","templated":true}]}}