{"id":61645,"date":"2026-02-02T12:49:36","date_gmt":"2026-02-02T11:49:36","guid":{"rendered":"https:\/\/www.lavillagardendesign.com\/product\/collection-tahiti-salon-5-places-en-bois-dacacia-fsc-et-corde\/"},"modified":"2026-02-10T14:23:45","modified_gmt":"2026-02-10T12:23:45","slug":"collection-tahiti-salon-5-places-en-bois-dacacia-fsc-et-corde","status":"publish","type":"product","link":"https:\/\/www.lavillagardendesign.com\/fr\/product\/collection-tahiti-salon-5-places-en-bois-dacacia-fsc-et-corde\/","title":{"rendered":"COLLECTION TAHITI &#8211; Salon 5 places en bois d&rsquo;acacia FSC et corde"},"content":{"rendered":"","protected":false},"excerpt":{"rendered":"<p>Connectez-vous avec la nature depuis le confort de votre maison gr\u00e2ce \u00e0 l&rsquo;ensemble exclusif <span class=\"il\">TAHITI<\/span> Lounge. Cet ensemble de 5 pi\u00e8ces est une ode au design et \u00e0 l&rsquo;artisanat durables : sa structure est fabriqu\u00e9e \u00e0 partir de <b>bois d&rsquo;acacia 100 % certifi\u00e9 FSC<\/b>, avec une finition \u00e0 l&rsquo;huile qui recr\u00e9e la chaleur et l&rsquo;esth\u00e9tique du teck naturel, mais avec une plus grande r\u00e9silience. Le design est rehauss\u00e9 par une structure de dossier en aluminium envelopp\u00e9e d&rsquo;une <b>corde de polyester artisanale tiss\u00e9e dans des<\/b>tons de sable, qui ajoute de la texture et de la l\u00e9g\u00e8ret\u00e9 visuelle. Le confort est assur\u00e9 par des coussins amovibles en <b>tissu Olefin<\/b>(100% polypropyl\u00e8ne), hydrofuge et r\u00e9sistant aux UV. L&rsquo;ensemble rompt avec la rigidit\u00e9 traditionnelle en incluant <b>deux tables basses rondes<\/b> de hauteur et de diam\u00e8tre diff\u00e9rents, cr\u00e9ant ainsi une composition dynamique et moderne.    <\/p>\n<ul>\n<li><b>Canap\u00e9 3 places :<\/b> Longueur 160 cm | Profondeur 76 cm | Hauteur 84 cm<\/li>\n<li><b>Fauteuils (x2) :<\/b> Largeur 74 cm | Profondeur 76 cm | Hauteur 84 cm<\/li>\n<li><b>Grande table :<\/b> Diam\u00e8tre \u00d880 cm | Hauteur 32 cm<\/li>\n<li><b>Petite table :<\/b> Diam\u00e8tre \u00d865 cm | Hauteur 26 cm<\/li>\n<li><b>Hauteur du si\u00e8ge :<\/b> 42,8 cm | <b>Hauteur des accoudoirs :<\/b> 61 cm<\/li>\n<\/ul>\n","protected":false},"featured_media":61556,"comment_status":"open","ping_status":"closed","template":"","meta":[],"product_brand":[4998],"product_cat":[3113,3111,6833,5659,6836],"product_tag":[],"class_list":{"0":"post-61645","1":"product","2":"type-product","3":"status-publish","4":"has-post-thumbnail","6":"product_brand-la-villa","7":"product_cat-sofas-es","8":"product_cat-sofas-y-butacas","9":"product_cat-outdoor-es","10":"product_cat-promociones-web","11":"product_cat-packs-sofas","13":"first","14":"instock","15":"sale","16":"taxable","17":"shipping-taxable","18":"purchasable","19":"product-type-simple"},"yoast_head":"<!-- This site is optimized with the Yoast SEO plugin v27.4 - https:\/\/yoast.com\/product\/yoast-seo-wordpress\/ -->\n<title>TAHITI Canap\u00e9 de jardin en bois et corde | Luxe durable<\/title>\n<meta name=\"description\" content=\"Ensemble de salon d&#039;ext\u00e9rieur 5 pi\u00e8ces TAHITI. Bois d&#039;acacia FSC avec effet teck et corde tress\u00e9e. Comprend 2 tables rondes. Coussins en ol\u00e9fine de luxe.\" \/>\n<meta name=\"robots\" content=\"index, follow, max-snippet:-1, max-image-preview:large, max-video-preview:-1\" \/>\n<link rel=\"canonical\" href=\"https:\/\/www.lavillagardendesign.com\/fr\/product\/collection-tahiti-salon-5-places-en-bois-dacacia-fsc-et-corde\/\" \/>\n<meta property=\"og:locale\" content=\"fr_FR\" \/>\n<meta property=\"og:type\" content=\"article\" \/>\n<meta property=\"og:title\" content=\"TAHITI Canap\u00e9 de jardin en bois et corde | Luxe durable\" \/>\n<meta property=\"og:description\" content=\"Ensemble de salon d&#039;ext\u00e9rieur 5 pi\u00e8ces TAHITI. Bois d&#039;acacia FSC avec effet teck et corde tress\u00e9e. Comprend 2 tables rondes. Coussins en ol\u00e9fine de luxe.\" \/>\n<meta property=\"og:url\" content=\"https:\/\/www.lavillagardendesign.com\/fr\/product\/collection-tahiti-salon-5-places-en-bois-dacacia-fsc-et-corde\/\" \/>\n<meta property=\"og:site_name\" content=\"La Villa Garden&amp;Design\" \/>\n<meta property=\"article:publisher\" content=\"https:\/\/www.facebook.com\/lavillagardendesign\/\" \/>\n<meta property=\"article:modified_time\" content=\"2026-02-10T12:23:45+00:00\" \/>\n<meta property=\"og:image\" content=\"https:\/\/www.lavillagardendesign.com\/wp-content\/uploads\/2026\/02\/Design-sans-titre.png\" \/>\n\t<meta property=\"og:image:width\" content=\"700\" \/>\n\t<meta property=\"og:image:height\" content=\"800\" \/>\n\t<meta property=\"og:image:type\" content=\"image\/png\" \/>\n<meta name=\"twitter:card\" content=\"summary_large_image\" \/>\n<script type=\"application\/ld+json\" class=\"yoast-schema-graph\">{\"@context\":\"https:\\\/\\\/schema.org\",\"@graph\":[{\"@type\":\"WebPage\",\"@id\":\"https:\\\/\\\/www.lavillagardendesign.com\\\/fr\\\/product\\\/collection-tahiti-salon-5-places-en-bois-dacacia-fsc-et-corde\\\/\",\"url\":\"https:\\\/\\\/www.lavillagardendesign.com\\\/fr\\\/product\\\/collection-tahiti-salon-5-places-en-bois-dacacia-fsc-et-corde\\\/\",\"name\":\"TAHITI Canap\u00e9 de jardin en bois et corde | Luxe durable\",\"isPartOf\":{\"@id\":\"https:\\\/\\\/www.lavillagardendesign.com\\\/#website\"},\"primaryImageOfPage\":{\"@id\":\"https:\\\/\\\/www.lavillagardendesign.com\\\/fr\\\/product\\\/collection-tahiti-salon-5-places-en-bois-dacacia-fsc-et-corde\\\/#primaryimage\"},\"image\":{\"@id\":\"https:\\\/\\\/www.lavillagardendesign.com\\\/fr\\\/product\\\/collection-tahiti-salon-5-places-en-bois-dacacia-fsc-et-corde\\\/#primaryimage\"},\"thumbnailUrl\":\"https:\\\/\\\/www.lavillagardendesign.com\\\/wp-content\\\/uploads\\\/2026\\\/02\\\/Design-sans-titre.png\",\"datePublished\":\"2026-02-02T11:49:36+00:00\",\"dateModified\":\"2026-02-10T12:23:45+00:00\",\"description\":\"Ensemble de salon d'ext\u00e9rieur 5 pi\u00e8ces TAHITI. Bois d'acacia FSC avec effet teck et corde tress\u00e9e. Comprend 2 tables rondes. Coussins en ol\u00e9fine de luxe.\",\"breadcrumb\":{\"@id\":\"https:\\\/\\\/www.lavillagardendesign.com\\\/fr\\\/product\\\/collection-tahiti-salon-5-places-en-bois-dacacia-fsc-et-corde\\\/#breadcrumb\"},\"inLanguage\":\"fr-FR\",\"potentialAction\":[{\"@type\":\"ReadAction\",\"target\":[\"https:\\\/\\\/www.lavillagardendesign.com\\\/fr\\\/product\\\/collection-tahiti-salon-5-places-en-bois-dacacia-fsc-et-corde\\\/\"]}]},{\"@type\":\"ImageObject\",\"inLanguage\":\"fr-FR\",\"@id\":\"https:\\\/\\\/www.lavillagardendesign.com\\\/fr\\\/product\\\/collection-tahiti-salon-5-places-en-bois-dacacia-fsc-et-corde\\\/#primaryimage\",\"url\":\"https:\\\/\\\/www.lavillagardendesign.com\\\/wp-content\\\/uploads\\\/2026\\\/02\\\/Design-sans-titre.png\",\"contentUrl\":\"https:\\\/\\\/www.lavillagardendesign.com\\\/wp-content\\\/uploads\\\/2026\\\/02\\\/Design-sans-titre.png\",\"width\":700,\"height\":800},{\"@type\":\"BreadcrumbList\",\"@id\":\"https:\\\/\\\/www.lavillagardendesign.com\\\/fr\\\/product\\\/collection-tahiti-salon-5-places-en-bois-dacacia-fsc-et-corde\\\/#breadcrumb\",\"itemListElement\":[{\"@type\":\"ListItem\",\"position\":1,\"name\":\"Home\",\"item\":\"https:\\\/\\\/www.lavillagardendesign.com\\\/\"},{\"@type\":\"ListItem\",\"position\":2,\"name\":\"Boutique\",\"item\":\"https:\\\/\\\/www.lavillagardendesign.com\\\/fr\\\/boutique\\\/\"},{\"@type\":\"ListItem\",\"position\":3,\"name\":\"COLLECTION TAHITI &#8211; Salon 5 places en bois d&rsquo;acacia FSC et corde\"}]},{\"@type\":\"WebSite\",\"@id\":\"https:\\\/\\\/www.lavillagardendesign.com\\\/#website\",\"url\":\"https:\\\/\\\/www.lavillagardendesign.com\\\/\",\"name\":\"La Villa Garden&Design\",\"description\":\"\",\"publisher\":{\"@id\":\"https:\\\/\\\/www.lavillagardendesign.com\\\/#organization\"},\"potentialAction\":[{\"@type\":\"SearchAction\",\"target\":{\"@type\":\"EntryPoint\",\"urlTemplate\":\"https:\\\/\\\/www.lavillagardendesign.com\\\/?s={search_term_string}\"},\"query-input\":{\"@type\":\"PropertyValueSpecification\",\"valueRequired\":true,\"valueName\":\"search_term_string\"}}],\"inLanguage\":\"fr-FR\"},{\"@type\":\"Organization\",\"@id\":\"https:\\\/\\\/www.lavillagardendesign.com\\\/#organization\",\"name\":\"La Villa Garden&Design\",\"url\":\"https:\\\/\\\/www.lavillagardendesign.com\\\/\",\"logo\":{\"@type\":\"ImageObject\",\"inLanguage\":\"fr-FR\",\"@id\":\"https:\\\/\\\/www.lavillagardendesign.com\\\/#\\\/schema\\\/logo\\\/image\\\/\",\"url\":\"https:\\\/\\\/www.lavillagardendesign.com\\\/wp-content\\\/uploads\\\/2024\\\/04\\\/logolavilla.png\",\"contentUrl\":\"https:\\\/\\\/www.lavillagardendesign.com\\\/wp-content\\\/uploads\\\/2024\\\/04\\\/logolavilla.png\",\"width\":682,\"height\":391,\"caption\":\"La Villa Garden&Design\"},\"image\":{\"@id\":\"https:\\\/\\\/www.lavillagardendesign.com\\\/#\\\/schema\\\/logo\\\/image\\\/\"},\"sameAs\":[\"https:\\\/\\\/www.facebook.com\\\/lavillagardendesign\\\/\"]}]}<\/script>\n<!-- \/ Yoast SEO plugin. -->","yoast_head_json":{"title":"TAHITI Canap\u00e9 de jardin en bois et corde | Luxe durable","description":"Ensemble de salon d'ext\u00e9rieur 5 pi\u00e8ces TAHITI. Bois d'acacia FSC avec effet teck et corde tress\u00e9e. Comprend 2 tables rondes. Coussins en ol\u00e9fine de luxe.","robots":{"index":"index","follow":"follow","max-snippet":"max-snippet:-1","max-image-preview":"max-image-preview:large","max-video-preview":"max-video-preview:-1"},"canonical":"https:\/\/www.lavillagardendesign.com\/fr\/product\/collection-tahiti-salon-5-places-en-bois-dacacia-fsc-et-corde\/","og_locale":"fr_FR","og_type":"article","og_title":"TAHITI Canap\u00e9 de jardin en bois et corde | Luxe durable","og_description":"Ensemble de salon d'ext\u00e9rieur 5 pi\u00e8ces TAHITI. Bois d'acacia FSC avec effet teck et corde tress\u00e9e. Comprend 2 tables rondes. Coussins en ol\u00e9fine de luxe.","og_url":"https:\/\/www.lavillagardendesign.com\/fr\/product\/collection-tahiti-salon-5-places-en-bois-dacacia-fsc-et-corde\/","og_site_name":"La Villa Garden&amp;Design","article_publisher":"https:\/\/www.facebook.com\/lavillagardendesign\/","article_modified_time":"2026-02-10T12:23:45+00:00","og_image":[{"width":700,"height":800,"url":"https:\/\/www.lavillagardendesign.com\/wp-content\/uploads\/2026\/02\/Design-sans-titre.png","type":"image\/png"}],"twitter_card":"summary_large_image","schema":{"@context":"https:\/\/schema.org","@graph":[{"@type":"WebPage","@id":"https:\/\/www.lavillagardendesign.com\/fr\/product\/collection-tahiti-salon-5-places-en-bois-dacacia-fsc-et-corde\/","url":"https:\/\/www.lavillagardendesign.com\/fr\/product\/collection-tahiti-salon-5-places-en-bois-dacacia-fsc-et-corde\/","name":"TAHITI Canap\u00e9 de jardin en bois et corde | Luxe durable","isPartOf":{"@id":"https:\/\/www.lavillagardendesign.com\/#website"},"primaryImageOfPage":{"@id":"https:\/\/www.lavillagardendesign.com\/fr\/product\/collection-tahiti-salon-5-places-en-bois-dacacia-fsc-et-corde\/#primaryimage"},"image":{"@id":"https:\/\/www.lavillagardendesign.com\/fr\/product\/collection-tahiti-salon-5-places-en-bois-dacacia-fsc-et-corde\/#primaryimage"},"thumbnailUrl":"https:\/\/www.lavillagardendesign.com\/wp-content\/uploads\/2026\/02\/Design-sans-titre.png","datePublished":"2026-02-02T11:49:36+00:00","dateModified":"2026-02-10T12:23:45+00:00","description":"Ensemble de salon d'ext\u00e9rieur 5 pi\u00e8ces TAHITI. Bois d'acacia FSC avec effet teck et corde tress\u00e9e. Comprend 2 tables rondes. Coussins en ol\u00e9fine de luxe.","breadcrumb":{"@id":"https:\/\/www.lavillagardendesign.com\/fr\/product\/collection-tahiti-salon-5-places-en-bois-dacacia-fsc-et-corde\/#breadcrumb"},"inLanguage":"fr-FR","potentialAction":[{"@type":"ReadAction","target":["https:\/\/www.lavillagardendesign.com\/fr\/product\/collection-tahiti-salon-5-places-en-bois-dacacia-fsc-et-corde\/"]}]},{"@type":"ImageObject","inLanguage":"fr-FR","@id":"https:\/\/www.lavillagardendesign.com\/fr\/product\/collection-tahiti-salon-5-places-en-bois-dacacia-fsc-et-corde\/#primaryimage","url":"https:\/\/www.lavillagardendesign.com\/wp-content\/uploads\/2026\/02\/Design-sans-titre.png","contentUrl":"https:\/\/www.lavillagardendesign.com\/wp-content\/uploads\/2026\/02\/Design-sans-titre.png","width":700,"height":800},{"@type":"BreadcrumbList","@id":"https:\/\/www.lavillagardendesign.com\/fr\/product\/collection-tahiti-salon-5-places-en-bois-dacacia-fsc-et-corde\/#breadcrumb","itemListElement":[{"@type":"ListItem","position":1,"name":"Home","item":"https:\/\/www.lavillagardendesign.com\/"},{"@type":"ListItem","position":2,"name":"Boutique","item":"https:\/\/www.lavillagardendesign.com\/fr\/boutique\/"},{"@type":"ListItem","position":3,"name":"COLLECTION TAHITI &#8211; Salon 5 places en bois d&rsquo;acacia FSC et corde"}]},{"@type":"WebSite","@id":"https:\/\/www.lavillagardendesign.com\/#website","url":"https:\/\/www.lavillagardendesign.com\/","name":"La Villa Garden&Design","description":"","publisher":{"@id":"https:\/\/www.lavillagardendesign.com\/#organization"},"potentialAction":[{"@type":"SearchAction","target":{"@type":"EntryPoint","urlTemplate":"https:\/\/www.lavillagardendesign.com\/?s={search_term_string}"},"query-input":{"@type":"PropertyValueSpecification","valueRequired":true,"valueName":"search_term_string"}}],"inLanguage":"fr-FR"},{"@type":"Organization","@id":"https:\/\/www.lavillagardendesign.com\/#organization","name":"La Villa Garden&Design","url":"https:\/\/www.lavillagardendesign.com\/","logo":{"@type":"ImageObject","inLanguage":"fr-FR","@id":"https:\/\/www.lavillagardendesign.com\/#\/schema\/logo\/image\/","url":"https:\/\/www.lavillagardendesign.com\/wp-content\/uploads\/2024\/04\/logolavilla.png","contentUrl":"https:\/\/www.lavillagardendesign.com\/wp-content\/uploads\/2024\/04\/logolavilla.png","width":682,"height":391,"caption":"La Villa Garden&Design"},"image":{"@id":"https:\/\/www.lavillagardendesign.com\/#\/schema\/logo\/image\/"},"sameAs":["https:\/\/www.facebook.com\/lavillagardendesign\/"]}]}},"_links":{"self":[{"href":"https:\/\/www.lavillagardendesign.com\/fr\/wp-json\/wp\/v2\/product\/61645","targetHints":{"allow":["GET"]}}],"collection":[{"href":"https:\/\/www.lavillagardendesign.com\/fr\/wp-json\/wp\/v2\/product"}],"about":[{"href":"https:\/\/www.lavillagardendesign.com\/fr\/wp-json\/wp\/v2\/types\/product"}],"replies":[{"embeddable":true,"href":"https:\/\/www.lavillagardendesign.com\/fr\/wp-json\/wp\/v2\/comments?post=61645"}],"version-history":[{"count":1,"href":"https:\/\/www.lavillagardendesign.com\/fr\/wp-json\/wp\/v2\/product\/61645\/revisions"}],"predecessor-version":[{"id":62106,"href":"https:\/\/www.lavillagardendesign.com\/fr\/wp-json\/wp\/v2\/product\/61645\/revisions\/62106"}],"wp:featuredmedia":[{"embeddable":true,"href":"https:\/\/www.lavillagardendesign.com\/fr\/wp-json\/wp\/v2\/media\/61556"}],"wp:attachment":[{"href":"https:\/\/www.lavillagardendesign.com\/fr\/wp-json\/wp\/v2\/media?parent=61645"}],"wp:term":[{"taxonomy":"product_brand","embeddable":true,"href":"https:\/\/www.lavillagardendesign.com\/fr\/wp-json\/wp\/v2\/product_brand?post=61645"},{"taxonomy":"product_cat","embeddable":true,"href":"https:\/\/www.lavillagardendesign.com\/fr\/wp-json\/wp\/v2\/product_cat?post=61645"},{"taxonomy":"product_tag","embeddable":true,"href":"https:\/\/www.lavillagardendesign.com\/fr\/wp-json\/wp\/v2\/product_tag?post=61645"}],"curies":[{"name":"wp","href":"https:\/\/api.w.org\/{rel}","templated":true}]}}