{"id":61541,"date":"2026-02-02T11:52:32","date_gmt":"2026-02-02T10:52:32","guid":{"rendered":"https:\/\/www.lavillagardendesign.com\/product\/inca-collection-fauteuil-central-modulaire-module-central\/"},"modified":"2026-02-10T14:24:46","modified_gmt":"2026-02-10T12:24:46","slug":"inca-collection-fauteuil-central-modulaire-module-central","status":"publish","type":"product","link":"https:\/\/www.lavillagardendesign.com\/fr\/product\/inca-collection-fauteuil-central-modulaire-module-central\/","title":{"rendered":"INCA COLLECTION &#8211; Fauteuil central modulaire \/ Module central"},"content":{"rendered":"","protected":false},"excerpt":{"rendered":"<p>Personnalisez les dimensions de votre espace de d\u00e9tente avec le fauteuil central modulaire de la collection <span class=\"il\">INCA<\/span>. Cette pi\u00e8ce essentielle agit comme une extension parfaite du canap\u00e9 d&rsquo;angle <span class=\"il\">INCA<\/span>, vous permettant d&rsquo;ajouter un nombre illimit\u00e9 de si\u00e8ges suppl\u00e9mentaires afin d&rsquo;adapter le mobilier aux dimensions exactes de votre terrasse ou de votre porche. Fid\u00e8le \u00e0 l&rsquo;esth\u00e9tique architecturale de la collection, il est dot\u00e9 d&rsquo;une structure robuste en aluminium peint par poudrage de polyester en blanc. Le confort est assur\u00e9 par ses profonds coussins (assise et dossier) recouverts de tissu <b>Olefin<\/b> (100% polypropyl\u00e8ne), hydrofuge et facilement d\u00e9houssable pour le lavage. Il peut \u00eatre utilis\u00e9 seul comme fauteuil sans accoudoirs ou assembl\u00e9 pour cr\u00e9er des canap\u00e9s de longueur infinie.    <\/p>\n<ul>\n<li>Largeur : 70 cm<\/li>\n<li>Profondeur : 87 cm<\/li>\n<li>Hauteur totale : 80 cm<\/li>\n<li>Hauteur du si\u00e8ge : 38 cm<\/li>\n<li>Hauteur du dossier : 64 cm<\/li>\n<\/ul>\n","protected":false},"featured_media":61473,"comment_status":"open","ping_status":"closed","template":"","meta":[],"product_brand":[4998],"product_cat":[2935,2936,6832,5658],"product_tag":[],"class_list":{"0":"post-61541","1":"product","2":"type-product","3":"status-publish","4":"has-post-thumbnail","6":"product_brand-la-villa","7":"product_cat-canapes-fauteuils","8":"product_cat-fauteuils","9":"product_cat-outdoor-fr","10":"product_cat-promos-web","12":"first","13":"instock","14":"sale","15":"taxable","16":"shipping-taxable","17":"purchasable","18":"product-type-simple"},"yoast_head":"<!-- This site is optimized with the Yoast SEO plugin v27.4 - https:\/\/yoast.com\/product\/yoast-seo-wordpress\/ -->\n<title>INCA Modular Center Sofa Seat White Aluminum | Luxury Add-on<\/title>\n<meta name=\"description\" content=\"Fauteuil central modulable pour agrandir le canap\u00e9 INCA. Aluminium blanc et coussins en ol\u00e9fine. Ajoutez des places suppl\u00e9mentaires \u00e0 votre am\u00e9nagement. Offre \u20ac799.\" \/>\n<meta name=\"robots\" content=\"index, follow, max-snippet:-1, max-image-preview:large, max-video-preview:-1\" \/>\n<link rel=\"canonical\" href=\"https:\/\/www.lavillagardendesign.com\/fr\/product\/inca-collection-fauteuil-central-modulaire-module-central\/\" \/>\n<meta property=\"og:locale\" content=\"fr_FR\" \/>\n<meta property=\"og:type\" content=\"article\" \/>\n<meta property=\"og:title\" content=\"INCA Modular Center Sofa Seat White Aluminum | Luxury Add-on\" \/>\n<meta property=\"og:description\" content=\"Fauteuil central modulable pour agrandir le canap\u00e9 INCA. Aluminium blanc et coussins en ol\u00e9fine. Ajoutez des places suppl\u00e9mentaires \u00e0 votre am\u00e9nagement. Offre \u20ac799.\" \/>\n<meta property=\"og:url\" content=\"https:\/\/www.lavillagardendesign.com\/fr\/product\/inca-collection-fauteuil-central-modulaire-module-central\/\" \/>\n<meta property=\"og:site_name\" content=\"La Villa Garden&amp;Design\" \/>\n<meta property=\"article:publisher\" content=\"https:\/\/www.facebook.com\/lavillagardendesign\/\" \/>\n<meta property=\"article:modified_time\" content=\"2026-02-10T12:24:46+00:00\" \/>\n<meta property=\"og:image\" content=\"https:\/\/www.lavillagardendesign.com\/wp-content\/uploads\/2026\/02\/1-1.jpg\" \/>\n\t<meta property=\"og:image:width\" content=\"700\" \/>\n\t<meta property=\"og:image:height\" content=\"800\" \/>\n\t<meta property=\"og:image:type\" content=\"image\/jpeg\" \/>\n<meta name=\"twitter:card\" content=\"summary_large_image\" \/>\n<script type=\"application\/ld+json\" class=\"yoast-schema-graph\">{\"@context\":\"https:\\\/\\\/schema.org\",\"@graph\":[{\"@type\":\"WebPage\",\"@id\":\"https:\\\/\\\/www.lavillagardendesign.com\\\/fr\\\/product\\\/inca-collection-fauteuil-central-modulaire-module-central\\\/\",\"url\":\"https:\\\/\\\/www.lavillagardendesign.com\\\/fr\\\/product\\\/inca-collection-fauteuil-central-modulaire-module-central\\\/\",\"name\":\"INCA Modular Center Sofa Seat White Aluminum | Luxury Add-on\",\"isPartOf\":{\"@id\":\"https:\\\/\\\/www.lavillagardendesign.com\\\/#website\"},\"primaryImageOfPage\":{\"@id\":\"https:\\\/\\\/www.lavillagardendesign.com\\\/fr\\\/product\\\/inca-collection-fauteuil-central-modulaire-module-central\\\/#primaryimage\"},\"image\":{\"@id\":\"https:\\\/\\\/www.lavillagardendesign.com\\\/fr\\\/product\\\/inca-collection-fauteuil-central-modulaire-module-central\\\/#primaryimage\"},\"thumbnailUrl\":\"https:\\\/\\\/www.lavillagardendesign.com\\\/wp-content\\\/uploads\\\/2026\\\/02\\\/1-1.jpg\",\"datePublished\":\"2026-02-02T10:52:32+00:00\",\"dateModified\":\"2026-02-10T12:24:46+00:00\",\"description\":\"Fauteuil central modulable pour agrandir le canap\u00e9 INCA. Aluminium blanc et coussins en ol\u00e9fine. Ajoutez des places suppl\u00e9mentaires \u00e0 votre am\u00e9nagement. Offre \u20ac799.\",\"breadcrumb\":{\"@id\":\"https:\\\/\\\/www.lavillagardendesign.com\\\/fr\\\/product\\\/inca-collection-fauteuil-central-modulaire-module-central\\\/#breadcrumb\"},\"inLanguage\":\"fr-FR\",\"potentialAction\":[{\"@type\":\"ReadAction\",\"target\":[\"https:\\\/\\\/www.lavillagardendesign.com\\\/fr\\\/product\\\/inca-collection-fauteuil-central-modulaire-module-central\\\/\"]}]},{\"@type\":\"ImageObject\",\"inLanguage\":\"fr-FR\",\"@id\":\"https:\\\/\\\/www.lavillagardendesign.com\\\/fr\\\/product\\\/inca-collection-fauteuil-central-modulaire-module-central\\\/#primaryimage\",\"url\":\"https:\\\/\\\/www.lavillagardendesign.com\\\/wp-content\\\/uploads\\\/2026\\\/02\\\/1-1.jpg\",\"contentUrl\":\"https:\\\/\\\/www.lavillagardendesign.com\\\/wp-content\\\/uploads\\\/2026\\\/02\\\/1-1.jpg\",\"width\":700,\"height\":800},{\"@type\":\"BreadcrumbList\",\"@id\":\"https:\\\/\\\/www.lavillagardendesign.com\\\/fr\\\/product\\\/inca-collection-fauteuil-central-modulaire-module-central\\\/#breadcrumb\",\"itemListElement\":[{\"@type\":\"ListItem\",\"position\":1,\"name\":\"Home\",\"item\":\"https:\\\/\\\/www.lavillagardendesign.com\\\/\"},{\"@type\":\"ListItem\",\"position\":2,\"name\":\"Boutique\",\"item\":\"https:\\\/\\\/www.lavillagardendesign.com\\\/fr\\\/boutique\\\/\"},{\"@type\":\"ListItem\",\"position\":3,\"name\":\"INCA COLLECTION &#8211; Fauteuil central modulaire \\\/ Module central\"}]},{\"@type\":\"WebSite\",\"@id\":\"https:\\\/\\\/www.lavillagardendesign.com\\\/#website\",\"url\":\"https:\\\/\\\/www.lavillagardendesign.com\\\/\",\"name\":\"La Villa Garden&Design\",\"description\":\"\",\"publisher\":{\"@id\":\"https:\\\/\\\/www.lavillagardendesign.com\\\/#organization\"},\"potentialAction\":[{\"@type\":\"SearchAction\",\"target\":{\"@type\":\"EntryPoint\",\"urlTemplate\":\"https:\\\/\\\/www.lavillagardendesign.com\\\/?s={search_term_string}\"},\"query-input\":{\"@type\":\"PropertyValueSpecification\",\"valueRequired\":true,\"valueName\":\"search_term_string\"}}],\"inLanguage\":\"fr-FR\"},{\"@type\":\"Organization\",\"@id\":\"https:\\\/\\\/www.lavillagardendesign.com\\\/#organization\",\"name\":\"La Villa Garden&Design\",\"url\":\"https:\\\/\\\/www.lavillagardendesign.com\\\/\",\"logo\":{\"@type\":\"ImageObject\",\"inLanguage\":\"fr-FR\",\"@id\":\"https:\\\/\\\/www.lavillagardendesign.com\\\/#\\\/schema\\\/logo\\\/image\\\/\",\"url\":\"https:\\\/\\\/www.lavillagardendesign.com\\\/wp-content\\\/uploads\\\/2024\\\/04\\\/logolavilla.png\",\"contentUrl\":\"https:\\\/\\\/www.lavillagardendesign.com\\\/wp-content\\\/uploads\\\/2024\\\/04\\\/logolavilla.png\",\"width\":682,\"height\":391,\"caption\":\"La Villa Garden&Design\"},\"image\":{\"@id\":\"https:\\\/\\\/www.lavillagardendesign.com\\\/#\\\/schema\\\/logo\\\/image\\\/\"},\"sameAs\":[\"https:\\\/\\\/www.facebook.com\\\/lavillagardendesign\\\/\"]}]}<\/script>\n<!-- \/ Yoast SEO plugin. -->","yoast_head_json":{"title":"INCA Modular Center Sofa Seat White Aluminum | Luxury Add-on","description":"Fauteuil central modulable pour agrandir le canap\u00e9 INCA. Aluminium blanc et coussins en ol\u00e9fine. Ajoutez des places suppl\u00e9mentaires \u00e0 votre am\u00e9nagement. Offre \u20ac799.","robots":{"index":"index","follow":"follow","max-snippet":"max-snippet:-1","max-image-preview":"max-image-preview:large","max-video-preview":"max-video-preview:-1"},"canonical":"https:\/\/www.lavillagardendesign.com\/fr\/product\/inca-collection-fauteuil-central-modulaire-module-central\/","og_locale":"fr_FR","og_type":"article","og_title":"INCA Modular Center Sofa Seat White Aluminum | Luxury Add-on","og_description":"Fauteuil central modulable pour agrandir le canap\u00e9 INCA. Aluminium blanc et coussins en ol\u00e9fine. Ajoutez des places suppl\u00e9mentaires \u00e0 votre am\u00e9nagement. Offre \u20ac799.","og_url":"https:\/\/www.lavillagardendesign.com\/fr\/product\/inca-collection-fauteuil-central-modulaire-module-central\/","og_site_name":"La Villa Garden&amp;Design","article_publisher":"https:\/\/www.facebook.com\/lavillagardendesign\/","article_modified_time":"2026-02-10T12:24:46+00:00","og_image":[{"width":700,"height":800,"url":"https:\/\/www.lavillagardendesign.com\/wp-content\/uploads\/2026\/02\/1-1.jpg","type":"image\/jpeg"}],"twitter_card":"summary_large_image","schema":{"@context":"https:\/\/schema.org","@graph":[{"@type":"WebPage","@id":"https:\/\/www.lavillagardendesign.com\/fr\/product\/inca-collection-fauteuil-central-modulaire-module-central\/","url":"https:\/\/www.lavillagardendesign.com\/fr\/product\/inca-collection-fauteuil-central-modulaire-module-central\/","name":"INCA Modular Center Sofa Seat White Aluminum | Luxury Add-on","isPartOf":{"@id":"https:\/\/www.lavillagardendesign.com\/#website"},"primaryImageOfPage":{"@id":"https:\/\/www.lavillagardendesign.com\/fr\/product\/inca-collection-fauteuil-central-modulaire-module-central\/#primaryimage"},"image":{"@id":"https:\/\/www.lavillagardendesign.com\/fr\/product\/inca-collection-fauteuil-central-modulaire-module-central\/#primaryimage"},"thumbnailUrl":"https:\/\/www.lavillagardendesign.com\/wp-content\/uploads\/2026\/02\/1-1.jpg","datePublished":"2026-02-02T10:52:32+00:00","dateModified":"2026-02-10T12:24:46+00:00","description":"Fauteuil central modulable pour agrandir le canap\u00e9 INCA. Aluminium blanc et coussins en ol\u00e9fine. Ajoutez des places suppl\u00e9mentaires \u00e0 votre am\u00e9nagement. Offre \u20ac799.","breadcrumb":{"@id":"https:\/\/www.lavillagardendesign.com\/fr\/product\/inca-collection-fauteuil-central-modulaire-module-central\/#breadcrumb"},"inLanguage":"fr-FR","potentialAction":[{"@type":"ReadAction","target":["https:\/\/www.lavillagardendesign.com\/fr\/product\/inca-collection-fauteuil-central-modulaire-module-central\/"]}]},{"@type":"ImageObject","inLanguage":"fr-FR","@id":"https:\/\/www.lavillagardendesign.com\/fr\/product\/inca-collection-fauteuil-central-modulaire-module-central\/#primaryimage","url":"https:\/\/www.lavillagardendesign.com\/wp-content\/uploads\/2026\/02\/1-1.jpg","contentUrl":"https:\/\/www.lavillagardendesign.com\/wp-content\/uploads\/2026\/02\/1-1.jpg","width":700,"height":800},{"@type":"BreadcrumbList","@id":"https:\/\/www.lavillagardendesign.com\/fr\/product\/inca-collection-fauteuil-central-modulaire-module-central\/#breadcrumb","itemListElement":[{"@type":"ListItem","position":1,"name":"Home","item":"https:\/\/www.lavillagardendesign.com\/"},{"@type":"ListItem","position":2,"name":"Boutique","item":"https:\/\/www.lavillagardendesign.com\/fr\/boutique\/"},{"@type":"ListItem","position":3,"name":"INCA COLLECTION &#8211; Fauteuil central modulaire \/ Module central"}]},{"@type":"WebSite","@id":"https:\/\/www.lavillagardendesign.com\/#website","url":"https:\/\/www.lavillagardendesign.com\/","name":"La Villa Garden&Design","description":"","publisher":{"@id":"https:\/\/www.lavillagardendesign.com\/#organization"},"potentialAction":[{"@type":"SearchAction","target":{"@type":"EntryPoint","urlTemplate":"https:\/\/www.lavillagardendesign.com\/?s={search_term_string}"},"query-input":{"@type":"PropertyValueSpecification","valueRequired":true,"valueName":"search_term_string"}}],"inLanguage":"fr-FR"},{"@type":"Organization","@id":"https:\/\/www.lavillagardendesign.com\/#organization","name":"La Villa Garden&Design","url":"https:\/\/www.lavillagardendesign.com\/","logo":{"@type":"ImageObject","inLanguage":"fr-FR","@id":"https:\/\/www.lavillagardendesign.com\/#\/schema\/logo\/image\/","url":"https:\/\/www.lavillagardendesign.com\/wp-content\/uploads\/2024\/04\/logolavilla.png","contentUrl":"https:\/\/www.lavillagardendesign.com\/wp-content\/uploads\/2024\/04\/logolavilla.png","width":682,"height":391,"caption":"La Villa Garden&Design"},"image":{"@id":"https:\/\/www.lavillagardendesign.com\/#\/schema\/logo\/image\/"},"sameAs":["https:\/\/www.facebook.com\/lavillagardendesign\/"]}]}},"_links":{"self":[{"href":"https:\/\/www.lavillagardendesign.com\/fr\/wp-json\/wp\/v2\/product\/61541","targetHints":{"allow":["GET"]}}],"collection":[{"href":"https:\/\/www.lavillagardendesign.com\/fr\/wp-json\/wp\/v2\/product"}],"about":[{"href":"https:\/\/www.lavillagardendesign.com\/fr\/wp-json\/wp\/v2\/types\/product"}],"replies":[{"embeddable":true,"href":"https:\/\/www.lavillagardendesign.com\/fr\/wp-json\/wp\/v2\/comments?post=61541"}],"version-history":[{"count":1,"href":"https:\/\/www.lavillagardendesign.com\/fr\/wp-json\/wp\/v2\/product\/61541\/revisions"}],"predecessor-version":[{"id":62110,"href":"https:\/\/www.lavillagardendesign.com\/fr\/wp-json\/wp\/v2\/product\/61541\/revisions\/62110"}],"wp:featuredmedia":[{"embeddable":true,"href":"https:\/\/www.lavillagardendesign.com\/fr\/wp-json\/wp\/v2\/media\/61473"}],"wp:attachment":[{"href":"https:\/\/www.lavillagardendesign.com\/fr\/wp-json\/wp\/v2\/media?parent=61541"}],"wp:term":[{"taxonomy":"product_brand","embeddable":true,"href":"https:\/\/www.lavillagardendesign.com\/fr\/wp-json\/wp\/v2\/product_brand?post=61541"},{"taxonomy":"product_cat","embeddable":true,"href":"https:\/\/www.lavillagardendesign.com\/fr\/wp-json\/wp\/v2\/product_cat?post=61541"},{"taxonomy":"product_tag","embeddable":true,"href":"https:\/\/www.lavillagardendesign.com\/fr\/wp-json\/wp\/v2\/product_tag?post=61541"}],"curies":[{"name":"wp","href":"https:\/\/api.w.org\/{rel}","templated":true}]}}