{"id":61540,"date":"2026-02-02T12:23:13","date_gmt":"2026-02-02T11:23:13","guid":{"rendered":"https:\/\/www.lavillagardendesign.com\/product\/inca-collection-bain-de-soleil-double-inclinable\/"},"modified":"2026-02-10T14:24:53","modified_gmt":"2026-02-10T12:24:53","slug":"inca-collection-bain-de-soleil-double-inclinable","status":"publish","type":"product","link":"https:\/\/www.lavillagardendesign.com\/fr\/product\/inca-collection-bain-de-soleil-double-inclinable\/","title":{"rendered":"INCA COLLECTION &#8211; Bain de soleil double inclinable"},"content":{"rendered":"","protected":false},"excerpt":{"rendered":"<p>Transformez votre espace piscine en un lieu de vill\u00e9giature priv\u00e9 cinq \u00e9toiles avec la chaise longue double <span class=\"il\">INCA<\/span>. Con\u00e7u pour une d\u00e9tente partag\u00e9e sans compromettre l&rsquo;espace individuel, cette pi\u00e8ce offre une largeur g\u00e9n\u00e9reuse de 142 cm (format lit double). Sa structure en <b>aluminium thermolaqu\u00e9 polyester<\/b> blanc assure une r\u00e9sistance totale \u00e0 l&rsquo;humidit\u00e9 et au sel. La fonctionnalit\u00e9 est au c\u0153ur de son design : il dispose de <b>dossiers ind\u00e9pendants inclinables en 5 positions<\/b>, permettant \u00e0 chaque utilisateur de r\u00e9gler l&rsquo;inclinaison de son choix. Le coussin amovible continu en tissu <b>Olefin<\/b> (100 % polypropyl\u00e8ne), qui est hydrofuge, offre un confort sup\u00e9rieur. De plus, elle est \u00e9quip\u00e9e de <b>roues en aluminium recouvertes de caoutchouc<\/b>, un d\u00e9tail haut de gamme con\u00e7u pour d\u00e9placer la chaise longue silencieusement sans rayer les sols d\u00e9licats tels que les terrasses en bois ou en pierre naturelle.     <\/p>\n<ul>\n<li>Largeur : 142 cm<\/li>\n<li>Longueur : 195 cm<\/li>\n<li>Hauteur (dossier relev\u00e9) : 95 cm<\/li>\n<li>Hauteur du si\u00e8ge : 34 cm<\/li>\n<\/ul>\n","protected":false},"featured_media":61504,"comment_status":"open","ping_status":"closed","template":"","meta":[],"product_brand":[4998],"product_cat":[2938,6832,5658,2940],"product_tag":[],"class_list":{"0":"post-61540","1":"product","2":"type-product","3":"status-publish","4":"has-post-thumbnail","6":"product_brand-la-villa","7":"product_cat-bains-de-soleil","8":"product_cat-outdoor-fr","9":"product_cat-promos-web","10":"product_cat-transats","12":"first","13":"instock","14":"sale","15":"taxable","16":"shipping-taxable","17":"purchasable","18":"product-type-simple"},"yoast_head":"<!-- This site is optimized with the Yoast SEO plugin v27.4 - https:\/\/yoast.com\/product\/yoast-seo-wordpress\/ -->\n<title>Bain de soleil double INCA Aluminium &amp; Olefin | Lit de piscine de luxe<\/title>\n<meta name=\"description\" content=\"Chaise longue de jardin double INCA (142cm de large). En aluminium blanc avec roues en caoutchouc et dossiers inclinables. Coussins en ol\u00e9fine hydrofuge. Offre exclusive.\" \/>\n<meta name=\"robots\" content=\"index, follow, max-snippet:-1, max-image-preview:large, max-video-preview:-1\" \/>\n<link rel=\"canonical\" href=\"https:\/\/www.lavillagardendesign.com\/fr\/product\/inca-collection-bain-de-soleil-double-inclinable\/\" \/>\n<meta property=\"og:locale\" content=\"fr_FR\" \/>\n<meta property=\"og:type\" content=\"article\" \/>\n<meta property=\"og:title\" content=\"Bain de soleil double INCA Aluminium &amp; Olefin | Lit de piscine de luxe\" \/>\n<meta property=\"og:description\" content=\"Chaise longue de jardin double INCA (142cm de large). En aluminium blanc avec roues en caoutchouc et dossiers inclinables. Coussins en ol\u00e9fine hydrofuge. Offre exclusive.\" \/>\n<meta property=\"og:url\" content=\"https:\/\/www.lavillagardendesign.com\/fr\/product\/inca-collection-bain-de-soleil-double-inclinable\/\" \/>\n<meta property=\"og:site_name\" content=\"La Villa Garden&amp;Design\" \/>\n<meta property=\"article:publisher\" content=\"https:\/\/www.facebook.com\/lavillagardendesign\/\" \/>\n<meta property=\"article:modified_time\" content=\"2026-02-10T12:24:53+00:00\" \/>\n<meta property=\"og:image\" content=\"https:\/\/www.lavillagardendesign.com\/wp-content\/uploads\/2026\/02\/Design-sans-titre-2.jpg\" \/>\n\t<meta property=\"og:image:width\" content=\"700\" \/>\n\t<meta property=\"og:image:height\" content=\"800\" \/>\n\t<meta property=\"og:image:type\" content=\"image\/jpeg\" \/>\n<meta name=\"twitter:card\" content=\"summary_large_image\" \/>\n<script type=\"application\/ld+json\" class=\"yoast-schema-graph\">{\"@context\":\"https:\\\/\\\/schema.org\",\"@graph\":[{\"@type\":\"WebPage\",\"@id\":\"https:\\\/\\\/www.lavillagardendesign.com\\\/fr\\\/product\\\/inca-collection-bain-de-soleil-double-inclinable\\\/\",\"url\":\"https:\\\/\\\/www.lavillagardendesign.com\\\/fr\\\/product\\\/inca-collection-bain-de-soleil-double-inclinable\\\/\",\"name\":\"Bain de soleil double INCA Aluminium & Olefin | Lit de piscine de luxe\",\"isPartOf\":{\"@id\":\"https:\\\/\\\/www.lavillagardendesign.com\\\/#website\"},\"primaryImageOfPage\":{\"@id\":\"https:\\\/\\\/www.lavillagardendesign.com\\\/fr\\\/product\\\/inca-collection-bain-de-soleil-double-inclinable\\\/#primaryimage\"},\"image\":{\"@id\":\"https:\\\/\\\/www.lavillagardendesign.com\\\/fr\\\/product\\\/inca-collection-bain-de-soleil-double-inclinable\\\/#primaryimage\"},\"thumbnailUrl\":\"https:\\\/\\\/www.lavillagardendesign.com\\\/wp-content\\\/uploads\\\/2026\\\/02\\\/Design-sans-titre-2.jpg\",\"datePublished\":\"2026-02-02T11:23:13+00:00\",\"dateModified\":\"2026-02-10T12:24:53+00:00\",\"description\":\"Chaise longue de jardin double INCA (142cm de large). En aluminium blanc avec roues en caoutchouc et dossiers inclinables. Coussins en ol\u00e9fine hydrofuge. Offre exclusive.\",\"breadcrumb\":{\"@id\":\"https:\\\/\\\/www.lavillagardendesign.com\\\/fr\\\/product\\\/inca-collection-bain-de-soleil-double-inclinable\\\/#breadcrumb\"},\"inLanguage\":\"fr-FR\",\"potentialAction\":[{\"@type\":\"ReadAction\",\"target\":[\"https:\\\/\\\/www.lavillagardendesign.com\\\/fr\\\/product\\\/inca-collection-bain-de-soleil-double-inclinable\\\/\"]}]},{\"@type\":\"ImageObject\",\"inLanguage\":\"fr-FR\",\"@id\":\"https:\\\/\\\/www.lavillagardendesign.com\\\/fr\\\/product\\\/inca-collection-bain-de-soleil-double-inclinable\\\/#primaryimage\",\"url\":\"https:\\\/\\\/www.lavillagardendesign.com\\\/wp-content\\\/uploads\\\/2026\\\/02\\\/Design-sans-titre-2.jpg\",\"contentUrl\":\"https:\\\/\\\/www.lavillagardendesign.com\\\/wp-content\\\/uploads\\\/2026\\\/02\\\/Design-sans-titre-2.jpg\",\"width\":700,\"height\":800},{\"@type\":\"BreadcrumbList\",\"@id\":\"https:\\\/\\\/www.lavillagardendesign.com\\\/fr\\\/product\\\/inca-collection-bain-de-soleil-double-inclinable\\\/#breadcrumb\",\"itemListElement\":[{\"@type\":\"ListItem\",\"position\":1,\"name\":\"Home\",\"item\":\"https:\\\/\\\/www.lavillagardendesign.com\\\/\"},{\"@type\":\"ListItem\",\"position\":2,\"name\":\"Boutique\",\"item\":\"https:\\\/\\\/www.lavillagardendesign.com\\\/fr\\\/boutique\\\/\"},{\"@type\":\"ListItem\",\"position\":3,\"name\":\"INCA COLLECTION &#8211; Bain de soleil double inclinable\"}]},{\"@type\":\"WebSite\",\"@id\":\"https:\\\/\\\/www.lavillagardendesign.com\\\/#website\",\"url\":\"https:\\\/\\\/www.lavillagardendesign.com\\\/\",\"name\":\"La Villa Garden&Design\",\"description\":\"\",\"publisher\":{\"@id\":\"https:\\\/\\\/www.lavillagardendesign.com\\\/#organization\"},\"potentialAction\":[{\"@type\":\"SearchAction\",\"target\":{\"@type\":\"EntryPoint\",\"urlTemplate\":\"https:\\\/\\\/www.lavillagardendesign.com\\\/?s={search_term_string}\"},\"query-input\":{\"@type\":\"PropertyValueSpecification\",\"valueRequired\":true,\"valueName\":\"search_term_string\"}}],\"inLanguage\":\"fr-FR\"},{\"@type\":\"Organization\",\"@id\":\"https:\\\/\\\/www.lavillagardendesign.com\\\/#organization\",\"name\":\"La Villa Garden&Design\",\"url\":\"https:\\\/\\\/www.lavillagardendesign.com\\\/\",\"logo\":{\"@type\":\"ImageObject\",\"inLanguage\":\"fr-FR\",\"@id\":\"https:\\\/\\\/www.lavillagardendesign.com\\\/#\\\/schema\\\/logo\\\/image\\\/\",\"url\":\"https:\\\/\\\/www.lavillagardendesign.com\\\/wp-content\\\/uploads\\\/2024\\\/04\\\/logolavilla.png\",\"contentUrl\":\"https:\\\/\\\/www.lavillagardendesign.com\\\/wp-content\\\/uploads\\\/2024\\\/04\\\/logolavilla.png\",\"width\":682,\"height\":391,\"caption\":\"La Villa Garden&Design\"},\"image\":{\"@id\":\"https:\\\/\\\/www.lavillagardendesign.com\\\/#\\\/schema\\\/logo\\\/image\\\/\"},\"sameAs\":[\"https:\\\/\\\/www.facebook.com\\\/lavillagardendesign\\\/\"]}]}<\/script>\n<!-- \/ Yoast SEO plugin. -->","yoast_head_json":{"title":"Bain de soleil double INCA Aluminium & Olefin | Lit de piscine de luxe","description":"Chaise longue de jardin double INCA (142cm de large). En aluminium blanc avec roues en caoutchouc et dossiers inclinables. Coussins en ol\u00e9fine hydrofuge. Offre exclusive.","robots":{"index":"index","follow":"follow","max-snippet":"max-snippet:-1","max-image-preview":"max-image-preview:large","max-video-preview":"max-video-preview:-1"},"canonical":"https:\/\/www.lavillagardendesign.com\/fr\/product\/inca-collection-bain-de-soleil-double-inclinable\/","og_locale":"fr_FR","og_type":"article","og_title":"Bain de soleil double INCA Aluminium & Olefin | Lit de piscine de luxe","og_description":"Chaise longue de jardin double INCA (142cm de large). En aluminium blanc avec roues en caoutchouc et dossiers inclinables. Coussins en ol\u00e9fine hydrofuge. Offre exclusive.","og_url":"https:\/\/www.lavillagardendesign.com\/fr\/product\/inca-collection-bain-de-soleil-double-inclinable\/","og_site_name":"La Villa Garden&amp;Design","article_publisher":"https:\/\/www.facebook.com\/lavillagardendesign\/","article_modified_time":"2026-02-10T12:24:53+00:00","og_image":[{"width":700,"height":800,"url":"https:\/\/www.lavillagardendesign.com\/wp-content\/uploads\/2026\/02\/Design-sans-titre-2.jpg","type":"image\/jpeg"}],"twitter_card":"summary_large_image","schema":{"@context":"https:\/\/schema.org","@graph":[{"@type":"WebPage","@id":"https:\/\/www.lavillagardendesign.com\/fr\/product\/inca-collection-bain-de-soleil-double-inclinable\/","url":"https:\/\/www.lavillagardendesign.com\/fr\/product\/inca-collection-bain-de-soleil-double-inclinable\/","name":"Bain de soleil double INCA Aluminium & Olefin | Lit de piscine de luxe","isPartOf":{"@id":"https:\/\/www.lavillagardendesign.com\/#website"},"primaryImageOfPage":{"@id":"https:\/\/www.lavillagardendesign.com\/fr\/product\/inca-collection-bain-de-soleil-double-inclinable\/#primaryimage"},"image":{"@id":"https:\/\/www.lavillagardendesign.com\/fr\/product\/inca-collection-bain-de-soleil-double-inclinable\/#primaryimage"},"thumbnailUrl":"https:\/\/www.lavillagardendesign.com\/wp-content\/uploads\/2026\/02\/Design-sans-titre-2.jpg","datePublished":"2026-02-02T11:23:13+00:00","dateModified":"2026-02-10T12:24:53+00:00","description":"Chaise longue de jardin double INCA (142cm de large). En aluminium blanc avec roues en caoutchouc et dossiers inclinables. Coussins en ol\u00e9fine hydrofuge. Offre exclusive.","breadcrumb":{"@id":"https:\/\/www.lavillagardendesign.com\/fr\/product\/inca-collection-bain-de-soleil-double-inclinable\/#breadcrumb"},"inLanguage":"fr-FR","potentialAction":[{"@type":"ReadAction","target":["https:\/\/www.lavillagardendesign.com\/fr\/product\/inca-collection-bain-de-soleil-double-inclinable\/"]}]},{"@type":"ImageObject","inLanguage":"fr-FR","@id":"https:\/\/www.lavillagardendesign.com\/fr\/product\/inca-collection-bain-de-soleil-double-inclinable\/#primaryimage","url":"https:\/\/www.lavillagardendesign.com\/wp-content\/uploads\/2026\/02\/Design-sans-titre-2.jpg","contentUrl":"https:\/\/www.lavillagardendesign.com\/wp-content\/uploads\/2026\/02\/Design-sans-titre-2.jpg","width":700,"height":800},{"@type":"BreadcrumbList","@id":"https:\/\/www.lavillagardendesign.com\/fr\/product\/inca-collection-bain-de-soleil-double-inclinable\/#breadcrumb","itemListElement":[{"@type":"ListItem","position":1,"name":"Home","item":"https:\/\/www.lavillagardendesign.com\/"},{"@type":"ListItem","position":2,"name":"Boutique","item":"https:\/\/www.lavillagardendesign.com\/fr\/boutique\/"},{"@type":"ListItem","position":3,"name":"INCA COLLECTION &#8211; Bain de soleil double inclinable"}]},{"@type":"WebSite","@id":"https:\/\/www.lavillagardendesign.com\/#website","url":"https:\/\/www.lavillagardendesign.com\/","name":"La Villa Garden&Design","description":"","publisher":{"@id":"https:\/\/www.lavillagardendesign.com\/#organization"},"potentialAction":[{"@type":"SearchAction","target":{"@type":"EntryPoint","urlTemplate":"https:\/\/www.lavillagardendesign.com\/?s={search_term_string}"},"query-input":{"@type":"PropertyValueSpecification","valueRequired":true,"valueName":"search_term_string"}}],"inLanguage":"fr-FR"},{"@type":"Organization","@id":"https:\/\/www.lavillagardendesign.com\/#organization","name":"La Villa Garden&Design","url":"https:\/\/www.lavillagardendesign.com\/","logo":{"@type":"ImageObject","inLanguage":"fr-FR","@id":"https:\/\/www.lavillagardendesign.com\/#\/schema\/logo\/image\/","url":"https:\/\/www.lavillagardendesign.com\/wp-content\/uploads\/2024\/04\/logolavilla.png","contentUrl":"https:\/\/www.lavillagardendesign.com\/wp-content\/uploads\/2024\/04\/logolavilla.png","width":682,"height":391,"caption":"La Villa Garden&Design"},"image":{"@id":"https:\/\/www.lavillagardendesign.com\/#\/schema\/logo\/image\/"},"sameAs":["https:\/\/www.facebook.com\/lavillagardendesign\/"]}]}},"_links":{"self":[{"href":"https:\/\/www.lavillagardendesign.com\/fr\/wp-json\/wp\/v2\/product\/61540","targetHints":{"allow":["GET"]}}],"collection":[{"href":"https:\/\/www.lavillagardendesign.com\/fr\/wp-json\/wp\/v2\/product"}],"about":[{"href":"https:\/\/www.lavillagardendesign.com\/fr\/wp-json\/wp\/v2\/types\/product"}],"replies":[{"embeddable":true,"href":"https:\/\/www.lavillagardendesign.com\/fr\/wp-json\/wp\/v2\/comments?post=61540"}],"version-history":[{"count":1,"href":"https:\/\/www.lavillagardendesign.com\/fr\/wp-json\/wp\/v2\/product\/61540\/revisions"}],"predecessor-version":[{"id":62111,"href":"https:\/\/www.lavillagardendesign.com\/fr\/wp-json\/wp\/v2\/product\/61540\/revisions\/62111"}],"wp:featuredmedia":[{"embeddable":true,"href":"https:\/\/www.lavillagardendesign.com\/fr\/wp-json\/wp\/v2\/media\/61504"}],"wp:attachment":[{"href":"https:\/\/www.lavillagardendesign.com\/fr\/wp-json\/wp\/v2\/media?parent=61540"}],"wp:term":[{"taxonomy":"product_brand","embeddable":true,"href":"https:\/\/www.lavillagardendesign.com\/fr\/wp-json\/wp\/v2\/product_brand?post=61540"},{"taxonomy":"product_cat","embeddable":true,"href":"https:\/\/www.lavillagardendesign.com\/fr\/wp-json\/wp\/v2\/product_cat?post=61540"},{"taxonomy":"product_tag","embeddable":true,"href":"https:\/\/www.lavillagardendesign.com\/fr\/wp-json\/wp\/v2\/product_tag?post=61540"}],"curies":[{"name":"wp","href":"https:\/\/api.w.org\/{rel}","templated":true}]}}