{"id":61305,"date":"2026-01-29T12:34:36","date_gmt":"2026-01-29T11:34:36","guid":{"rendered":"https:\/\/www.lavillagardendesign.com\/product\/collection-menorca-fauteuil-de-jardin-simple\/"},"modified":"2026-02-10T14:23:50","modified_gmt":"2026-02-10T12:23:50","slug":"collection-menorca-fauteuil-de-jardin-simple","status":"publish","type":"product","link":"https:\/\/www.lavillagardendesign.com\/fr\/product\/collection-menorca-fauteuil-de-jardin-simple\/","title":{"rendered":"COLLECTION MENORCA &#8211; Fauteuil de jardin simple"},"content":{"rendered":"","protected":false},"excerpt":{"rendered":"<p>Profitez de votre propre oasis de tranquillit\u00e9 avec le fauteuil simple <span class=\"il\">MENORCA<\/span>. Ce fauteuil d&rsquo;ext\u00e9rieur allie une esth\u00e9tique fra\u00eeche et lumineuse \u00e0 une durabilit\u00e9 exceptionnelle. Sa structure <b>en aluminium recouvert de poudre de polyester<\/b> blanc pur est con\u00e7ue pour r\u00e9sister \u00e0 l&rsquo;\u00e9preuve du temps et aux conditions c\u00f4ti\u00e8res sans rouiller. Avec une largeur de <b>74 cm<\/b>, elle offre une assise spacieuse sans compromettre l&rsquo;espace de la terrasse. Le confort est sa priorit\u00e9 : il comprend des coussins d&rsquo;assise et de dossier en tissu <b>Olefin<\/b> (100% polypropyl\u00e8ne) hydrofuge et enti\u00e8rement d\u00e9houssable pour un nettoyage facile. La hauteur des accoudoirs (61 cm) est con\u00e7ue pour offrir une position de repos naturelle.     <\/p>\n<ul>\n<li>Largeur : 74 cm<\/li>\n<li>Profondeur : 78 cm<\/li>\n<li>Hauteur totale : 84 cm<\/li>\n<li>Hauteur du si\u00e8ge : 43 cm<\/li>\n<li>Hauteur des accoudoirs : 61 cm<\/li>\n<\/ul>\n","protected":false},"featured_media":61299,"comment_status":"open","ping_status":"closed","template":"","meta":[],"product_brand":[4998],"product_cat":[2935,2936,6832,5658],"product_tag":[],"class_list":{"0":"post-61305","1":"product","2":"type-product","3":"status-publish","4":"has-post-thumbnail","6":"product_brand-la-villa","7":"product_cat-canapes-fauteuils","8":"product_cat-fauteuils","9":"product_cat-outdoor-fr","10":"product_cat-promos-web","12":"first","13":"instock","14":"sale","15":"taxable","16":"shipping-taxable","17":"purchasable","18":"product-type-simple"},"yoast_head":"<!-- This site is optimized with the Yoast SEO plugin v27.4 - https:\/\/yoast.com\/product\/yoast-seo-wordpress\/ -->\n<title>MENORCA Fauteuil de jardin en aluminium blanc | La Villa Garden<\/title>\n<meta name=\"description\" content=\"Fauteuil de terrasse simple MENORCA. Aluminium blanc durable et coussins en ol\u00e9fine hydrofuge. Id\u00e9al pour compl\u00e9ter votre salon. Offre \u20ac490.\" \/>\n<meta name=\"robots\" content=\"index, follow, max-snippet:-1, max-image-preview:large, max-video-preview:-1\" \/>\n<link rel=\"canonical\" href=\"https:\/\/www.lavillagardendesign.com\/fr\/product\/collection-menorca-fauteuil-de-jardin-simple\/\" \/>\n<meta property=\"og:locale\" content=\"fr_FR\" \/>\n<meta property=\"og:type\" content=\"article\" \/>\n<meta property=\"og:title\" content=\"MENORCA Fauteuil de jardin en aluminium blanc | La Villa Garden\" \/>\n<meta property=\"og:description\" content=\"Fauteuil de terrasse simple MENORCA. Aluminium blanc durable et coussins en ol\u00e9fine hydrofuge. Id\u00e9al pour compl\u00e9ter votre salon. Offre \u20ac490.\" \/>\n<meta property=\"og:url\" content=\"https:\/\/www.lavillagardendesign.com\/fr\/product\/collection-menorca-fauteuil-de-jardin-simple\/\" \/>\n<meta property=\"og:site_name\" content=\"La Villa Garden&amp;Design\" \/>\n<meta property=\"article:publisher\" content=\"https:\/\/www.facebook.com\/lavillagardendesign\/\" \/>\n<meta property=\"article:modified_time\" content=\"2026-02-10T12:23:50+00:00\" \/>\n<meta property=\"og:image\" content=\"https:\/\/www.lavillagardendesign.com\/wp-content\/uploads\/2026\/01\/Design-sans-titre-8.png\" \/>\n\t<meta property=\"og:image:width\" content=\"700\" \/>\n\t<meta property=\"og:image:height\" content=\"800\" \/>\n\t<meta property=\"og:image:type\" content=\"image\/png\" \/>\n<meta name=\"twitter:card\" content=\"summary_large_image\" \/>\n<script type=\"application\/ld+json\" class=\"yoast-schema-graph\">{\"@context\":\"https:\\\/\\\/schema.org\",\"@graph\":[{\"@type\":\"WebPage\",\"@id\":\"https:\\\/\\\/www.lavillagardendesign.com\\\/fr\\\/product\\\/collection-menorca-fauteuil-de-jardin-simple\\\/\",\"url\":\"https:\\\/\\\/www.lavillagardendesign.com\\\/fr\\\/product\\\/collection-menorca-fauteuil-de-jardin-simple\\\/\",\"name\":\"MENORCA Fauteuil de jardin en aluminium blanc | La Villa Garden\",\"isPartOf\":{\"@id\":\"https:\\\/\\\/www.lavillagardendesign.com\\\/#website\"},\"primaryImageOfPage\":{\"@id\":\"https:\\\/\\\/www.lavillagardendesign.com\\\/fr\\\/product\\\/collection-menorca-fauteuil-de-jardin-simple\\\/#primaryimage\"},\"image\":{\"@id\":\"https:\\\/\\\/www.lavillagardendesign.com\\\/fr\\\/product\\\/collection-menorca-fauteuil-de-jardin-simple\\\/#primaryimage\"},\"thumbnailUrl\":\"https:\\\/\\\/www.lavillagardendesign.com\\\/wp-content\\\/uploads\\\/2026\\\/01\\\/Design-sans-titre-8.png\",\"datePublished\":\"2026-01-29T11:34:36+00:00\",\"dateModified\":\"2026-02-10T12:23:50+00:00\",\"description\":\"Fauteuil de terrasse simple MENORCA. Aluminium blanc durable et coussins en ol\u00e9fine hydrofuge. Id\u00e9al pour compl\u00e9ter votre salon. Offre \u20ac490.\",\"breadcrumb\":{\"@id\":\"https:\\\/\\\/www.lavillagardendesign.com\\\/fr\\\/product\\\/collection-menorca-fauteuil-de-jardin-simple\\\/#breadcrumb\"},\"inLanguage\":\"fr-FR\",\"potentialAction\":[{\"@type\":\"ReadAction\",\"target\":[\"https:\\\/\\\/www.lavillagardendesign.com\\\/fr\\\/product\\\/collection-menorca-fauteuil-de-jardin-simple\\\/\"]}]},{\"@type\":\"ImageObject\",\"inLanguage\":\"fr-FR\",\"@id\":\"https:\\\/\\\/www.lavillagardendesign.com\\\/fr\\\/product\\\/collection-menorca-fauteuil-de-jardin-simple\\\/#primaryimage\",\"url\":\"https:\\\/\\\/www.lavillagardendesign.com\\\/wp-content\\\/uploads\\\/2026\\\/01\\\/Design-sans-titre-8.png\",\"contentUrl\":\"https:\\\/\\\/www.lavillagardendesign.com\\\/wp-content\\\/uploads\\\/2026\\\/01\\\/Design-sans-titre-8.png\",\"width\":700,\"height\":800},{\"@type\":\"BreadcrumbList\",\"@id\":\"https:\\\/\\\/www.lavillagardendesign.com\\\/fr\\\/product\\\/collection-menorca-fauteuil-de-jardin-simple\\\/#breadcrumb\",\"itemListElement\":[{\"@type\":\"ListItem\",\"position\":1,\"name\":\"Home\",\"item\":\"https:\\\/\\\/www.lavillagardendesign.com\\\/\"},{\"@type\":\"ListItem\",\"position\":2,\"name\":\"Boutique\",\"item\":\"https:\\\/\\\/www.lavillagardendesign.com\\\/fr\\\/boutique\\\/\"},{\"@type\":\"ListItem\",\"position\":3,\"name\":\"COLLECTION MENORCA &#8211; Fauteuil de jardin simple\"}]},{\"@type\":\"WebSite\",\"@id\":\"https:\\\/\\\/www.lavillagardendesign.com\\\/#website\",\"url\":\"https:\\\/\\\/www.lavillagardendesign.com\\\/\",\"name\":\"La Villa Garden&Design\",\"description\":\"\",\"publisher\":{\"@id\":\"https:\\\/\\\/www.lavillagardendesign.com\\\/#organization\"},\"potentialAction\":[{\"@type\":\"SearchAction\",\"target\":{\"@type\":\"EntryPoint\",\"urlTemplate\":\"https:\\\/\\\/www.lavillagardendesign.com\\\/?s={search_term_string}\"},\"query-input\":{\"@type\":\"PropertyValueSpecification\",\"valueRequired\":true,\"valueName\":\"search_term_string\"}}],\"inLanguage\":\"fr-FR\"},{\"@type\":\"Organization\",\"@id\":\"https:\\\/\\\/www.lavillagardendesign.com\\\/#organization\",\"name\":\"La Villa Garden&Design\",\"url\":\"https:\\\/\\\/www.lavillagardendesign.com\\\/\",\"logo\":{\"@type\":\"ImageObject\",\"inLanguage\":\"fr-FR\",\"@id\":\"https:\\\/\\\/www.lavillagardendesign.com\\\/#\\\/schema\\\/logo\\\/image\\\/\",\"url\":\"https:\\\/\\\/www.lavillagardendesign.com\\\/wp-content\\\/uploads\\\/2024\\\/04\\\/logolavilla.png\",\"contentUrl\":\"https:\\\/\\\/www.lavillagardendesign.com\\\/wp-content\\\/uploads\\\/2024\\\/04\\\/logolavilla.png\",\"width\":682,\"height\":391,\"caption\":\"La Villa Garden&Design\"},\"image\":{\"@id\":\"https:\\\/\\\/www.lavillagardendesign.com\\\/#\\\/schema\\\/logo\\\/image\\\/\"},\"sameAs\":[\"https:\\\/\\\/www.facebook.com\\\/lavillagardendesign\\\/\"]}]}<\/script>\n<!-- \/ Yoast SEO plugin. -->","yoast_head_json":{"title":"MENORCA Fauteuil de jardin en aluminium blanc | La Villa Garden","description":"Fauteuil de terrasse simple MENORCA. Aluminium blanc durable et coussins en ol\u00e9fine hydrofuge. Id\u00e9al pour compl\u00e9ter votre salon. Offre \u20ac490.","robots":{"index":"index","follow":"follow","max-snippet":"max-snippet:-1","max-image-preview":"max-image-preview:large","max-video-preview":"max-video-preview:-1"},"canonical":"https:\/\/www.lavillagardendesign.com\/fr\/product\/collection-menorca-fauteuil-de-jardin-simple\/","og_locale":"fr_FR","og_type":"article","og_title":"MENORCA Fauteuil de jardin en aluminium blanc | La Villa Garden","og_description":"Fauteuil de terrasse simple MENORCA. Aluminium blanc durable et coussins en ol\u00e9fine hydrofuge. Id\u00e9al pour compl\u00e9ter votre salon. Offre \u20ac490.","og_url":"https:\/\/www.lavillagardendesign.com\/fr\/product\/collection-menorca-fauteuil-de-jardin-simple\/","og_site_name":"La Villa Garden&amp;Design","article_publisher":"https:\/\/www.facebook.com\/lavillagardendesign\/","article_modified_time":"2026-02-10T12:23:50+00:00","og_image":[{"width":700,"height":800,"url":"https:\/\/www.lavillagardendesign.com\/wp-content\/uploads\/2026\/01\/Design-sans-titre-8.png","type":"image\/png"}],"twitter_card":"summary_large_image","schema":{"@context":"https:\/\/schema.org","@graph":[{"@type":"WebPage","@id":"https:\/\/www.lavillagardendesign.com\/fr\/product\/collection-menorca-fauteuil-de-jardin-simple\/","url":"https:\/\/www.lavillagardendesign.com\/fr\/product\/collection-menorca-fauteuil-de-jardin-simple\/","name":"MENORCA Fauteuil de jardin en aluminium blanc | La Villa Garden","isPartOf":{"@id":"https:\/\/www.lavillagardendesign.com\/#website"},"primaryImageOfPage":{"@id":"https:\/\/www.lavillagardendesign.com\/fr\/product\/collection-menorca-fauteuil-de-jardin-simple\/#primaryimage"},"image":{"@id":"https:\/\/www.lavillagardendesign.com\/fr\/product\/collection-menorca-fauteuil-de-jardin-simple\/#primaryimage"},"thumbnailUrl":"https:\/\/www.lavillagardendesign.com\/wp-content\/uploads\/2026\/01\/Design-sans-titre-8.png","datePublished":"2026-01-29T11:34:36+00:00","dateModified":"2026-02-10T12:23:50+00:00","description":"Fauteuil de terrasse simple MENORCA. Aluminium blanc durable et coussins en ol\u00e9fine hydrofuge. Id\u00e9al pour compl\u00e9ter votre salon. Offre \u20ac490.","breadcrumb":{"@id":"https:\/\/www.lavillagardendesign.com\/fr\/product\/collection-menorca-fauteuil-de-jardin-simple\/#breadcrumb"},"inLanguage":"fr-FR","potentialAction":[{"@type":"ReadAction","target":["https:\/\/www.lavillagardendesign.com\/fr\/product\/collection-menorca-fauteuil-de-jardin-simple\/"]}]},{"@type":"ImageObject","inLanguage":"fr-FR","@id":"https:\/\/www.lavillagardendesign.com\/fr\/product\/collection-menorca-fauteuil-de-jardin-simple\/#primaryimage","url":"https:\/\/www.lavillagardendesign.com\/wp-content\/uploads\/2026\/01\/Design-sans-titre-8.png","contentUrl":"https:\/\/www.lavillagardendesign.com\/wp-content\/uploads\/2026\/01\/Design-sans-titre-8.png","width":700,"height":800},{"@type":"BreadcrumbList","@id":"https:\/\/www.lavillagardendesign.com\/fr\/product\/collection-menorca-fauteuil-de-jardin-simple\/#breadcrumb","itemListElement":[{"@type":"ListItem","position":1,"name":"Home","item":"https:\/\/www.lavillagardendesign.com\/"},{"@type":"ListItem","position":2,"name":"Boutique","item":"https:\/\/www.lavillagardendesign.com\/fr\/boutique\/"},{"@type":"ListItem","position":3,"name":"COLLECTION MENORCA &#8211; Fauteuil de jardin simple"}]},{"@type":"WebSite","@id":"https:\/\/www.lavillagardendesign.com\/#website","url":"https:\/\/www.lavillagardendesign.com\/","name":"La Villa Garden&Design","description":"","publisher":{"@id":"https:\/\/www.lavillagardendesign.com\/#organization"},"potentialAction":[{"@type":"SearchAction","target":{"@type":"EntryPoint","urlTemplate":"https:\/\/www.lavillagardendesign.com\/?s={search_term_string}"},"query-input":{"@type":"PropertyValueSpecification","valueRequired":true,"valueName":"search_term_string"}}],"inLanguage":"fr-FR"},{"@type":"Organization","@id":"https:\/\/www.lavillagardendesign.com\/#organization","name":"La Villa Garden&Design","url":"https:\/\/www.lavillagardendesign.com\/","logo":{"@type":"ImageObject","inLanguage":"fr-FR","@id":"https:\/\/www.lavillagardendesign.com\/#\/schema\/logo\/image\/","url":"https:\/\/www.lavillagardendesign.com\/wp-content\/uploads\/2024\/04\/logolavilla.png","contentUrl":"https:\/\/www.lavillagardendesign.com\/wp-content\/uploads\/2024\/04\/logolavilla.png","width":682,"height":391,"caption":"La Villa Garden&Design"},"image":{"@id":"https:\/\/www.lavillagardendesign.com\/#\/schema\/logo\/image\/"},"sameAs":["https:\/\/www.facebook.com\/lavillagardendesign\/"]}]}},"_links":{"self":[{"href":"https:\/\/www.lavillagardendesign.com\/fr\/wp-json\/wp\/v2\/product\/61305","targetHints":{"allow":["GET"]}}],"collection":[{"href":"https:\/\/www.lavillagardendesign.com\/fr\/wp-json\/wp\/v2\/product"}],"about":[{"href":"https:\/\/www.lavillagardendesign.com\/fr\/wp-json\/wp\/v2\/types\/product"}],"replies":[{"embeddable":true,"href":"https:\/\/www.lavillagardendesign.com\/fr\/wp-json\/wp\/v2\/comments?post=61305"}],"version-history":[{"count":1,"href":"https:\/\/www.lavillagardendesign.com\/fr\/wp-json\/wp\/v2\/product\/61305\/revisions"}],"predecessor-version":[{"id":61326,"href":"https:\/\/www.lavillagardendesign.com\/fr\/wp-json\/wp\/v2\/product\/61305\/revisions\/61326"}],"wp:featuredmedia":[{"embeddable":true,"href":"https:\/\/www.lavillagardendesign.com\/fr\/wp-json\/wp\/v2\/media\/61299"}],"wp:attachment":[{"href":"https:\/\/www.lavillagardendesign.com\/fr\/wp-json\/wp\/v2\/media?parent=61305"}],"wp:term":[{"taxonomy":"product_brand","embeddable":true,"href":"https:\/\/www.lavillagardendesign.com\/fr\/wp-json\/wp\/v2\/product_brand?post=61305"},{"taxonomy":"product_cat","embeddable":true,"href":"https:\/\/www.lavillagardendesign.com\/fr\/wp-json\/wp\/v2\/product_cat?post=61305"},{"taxonomy":"product_tag","embeddable":true,"href":"https:\/\/www.lavillagardendesign.com\/fr\/wp-json\/wp\/v2\/product_tag?post=61305"}],"curies":[{"name":"wp","href":"https:\/\/api.w.org\/{rel}","templated":true}]}}