{"id":61227,"date":"2026-01-29T11:01:36","date_gmt":"2026-01-29T10:01:36","guid":{"rendered":"https:\/\/www.lavillagardendesign.com\/product\/amalfi-collection-salon-4-places-en-bois-dacacia-fsc-effet-teck\/"},"modified":"2026-02-10T14:23:57","modified_gmt":"2026-02-10T12:23:57","slug":"amalfi-collection-salon-4-places-en-bois-dacacia-fsc-effet-teck","status":"publish","type":"product","link":"https:\/\/www.lavillagardendesign.com\/fr\/product\/amalfi-collection-salon-4-places-en-bois-dacacia-fsc-effet-teck\/","title":{"rendered":"AMALFI COLLECTION &#8211; Salon 4 places en bois d&rsquo;acacia FSC (effet teck)"},"content":{"rendered":"","protected":false},"excerpt":{"rendered":"<p>Donnez du caract\u00e8re et de la chaleur \u00e0 votre terrasse avec le monumental ensemble de salon <span class=\"il\">AMALFI<\/span>. Cet ensemble de 4 pi\u00e8ces se distingue par son design architectural aux lignes pures et solides, enti\u00e8rement r\u00e9alis\u00e9 en <b>bois d&rsquo;acacia 100% certifi\u00e9 FSC<\/b>. Sa finition \u00e0 l&rsquo;huile \u00ab\u00a0Teak Effect\u00a0\u00bb rehausse le grain naturel et prot\u00e8ge le bois, offrant l&rsquo;esth\u00e9tique haut de gamme des bois durs tropicaux issus d&rsquo;une gestion durable des for\u00eats. L&rsquo;ensemble aux dimensions g\u00e9n\u00e9reuses comprend un grand canap\u00e9 3 places (plus de 2 m\u00e8tres de long), deux larges fauteuils et une table basse rectangulaire de grand format (152 cm). Le confort sup\u00e9rieur r\u00e9side dans les coussins amovibles en <b>tissu Spunpoly 230g\/m2<\/b>, un mat\u00e9riau technique de poids \u00e9lev\u00e9 qui offre un toucher doux, semblable \u00e0 celui du coton, tout en \u00e9tant hydrofuge. Toute la quincaillerie est en acier inoxydable pour garantir une durabilit\u00e9 maximale \u00e0 l&rsquo;ext\u00e9rieur.     <\/p>\n<ul>\n<li><b>Canap\u00e9 3 places :<\/b> Longueur 201,5 cm | Profondeur 83 cm | Hauteur 84 cm<\/li>\n<li><b>Fauteuils (x2) :<\/b> Largeur 84 cm | Profondeur 83 cm | Hauteur 84 cm<\/li>\n<li><b>Table basse :<\/b> Longueur 152 cm | Largeur 84 cm | Hauteur 38 cm<\/li>\n<li><b>Hauteur de l&rsquo;assise :<\/b> 42,5 cm | <b>Hauteur des accoudoirs :<\/b> 60,5 cm<\/li>\n<\/ul>\n","protected":false},"featured_media":61205,"comment_status":"open","ping_status":"closed","template":"","meta":[],"product_brand":[4998],"product_cat":[2937,2935,2936,6832,5658,6835],"product_tag":[],"class_list":{"0":"post-61227","1":"product","2":"type-product","3":"status-publish","4":"has-post-thumbnail","6":"product_brand-la-villa","7":"product_cat-canapes","8":"product_cat-canapes-fauteuils","9":"product_cat-fauteuils","10":"product_cat-outdoor-fr","11":"product_cat-promos-web","12":"product_cat-salons-complets","14":"first","15":"instock","16":"sale","17":"taxable","18":"shipping-taxable","19":"purchasable","20":"product-type-simple"},"yoast_head":"<!-- This site is optimized with the Yoast SEO plugin v27.4 - https:\/\/yoast.com\/product\/yoast-seo-wordpress\/ -->\n<title>AMALFI Set de jardin FSC Acacia Wood &amp; Spunpoly | Luxe<\/title>\n<meta name=\"description\" content=\"Ensemble d&#039;ext\u00e9rieur 4 pi\u00e8ces AMALFI. Bois d&#039;acacia massif FSC avec effet teck. Canap\u00e9 de 2 m\u00e8tres et coussins en Spunpoly de qualit\u00e9 sup\u00e9rieure. Offre exclusive.\" \/>\n<meta name=\"robots\" content=\"index, follow, max-snippet:-1, max-image-preview:large, max-video-preview:-1\" \/>\n<link rel=\"canonical\" href=\"https:\/\/www.lavillagardendesign.com\/fr\/product\/amalfi-collection-salon-4-places-en-bois-dacacia-fsc-effet-teck\/\" \/>\n<meta property=\"og:locale\" content=\"fr_FR\" \/>\n<meta property=\"og:type\" content=\"article\" \/>\n<meta property=\"og:title\" content=\"AMALFI Set de jardin FSC Acacia Wood &amp; Spunpoly | Luxe\" \/>\n<meta property=\"og:description\" content=\"Ensemble d&#039;ext\u00e9rieur 4 pi\u00e8ces AMALFI. Bois d&#039;acacia massif FSC avec effet teck. Canap\u00e9 de 2 m\u00e8tres et coussins en Spunpoly de qualit\u00e9 sup\u00e9rieure. Offre exclusive.\" \/>\n<meta property=\"og:url\" content=\"https:\/\/www.lavillagardendesign.com\/fr\/product\/amalfi-collection-salon-4-places-en-bois-dacacia-fsc-effet-teck\/\" \/>\n<meta property=\"og:site_name\" content=\"La Villa Garden&amp;Design\" \/>\n<meta property=\"article:publisher\" content=\"https:\/\/www.facebook.com\/lavillagardendesign\/\" \/>\n<meta property=\"article:modified_time\" content=\"2026-02-10T12:23:57+00:00\" \/>\n<meta property=\"og:image\" content=\"https:\/\/www.lavillagardendesign.com\/wp-content\/uploads\/2026\/01\/Design-sans-titre-5.png\" \/>\n\t<meta property=\"og:image:width\" content=\"700\" \/>\n\t<meta property=\"og:image:height\" content=\"800\" \/>\n\t<meta property=\"og:image:type\" content=\"image\/png\" \/>\n<meta name=\"twitter:card\" content=\"summary_large_image\" \/>\n<script type=\"application\/ld+json\" class=\"yoast-schema-graph\">{\"@context\":\"https:\\\/\\\/schema.org\",\"@graph\":[{\"@type\":\"WebPage\",\"@id\":\"https:\\\/\\\/www.lavillagardendesign.com\\\/fr\\\/product\\\/amalfi-collection-salon-4-places-en-bois-dacacia-fsc-effet-teck\\\/\",\"url\":\"https:\\\/\\\/www.lavillagardendesign.com\\\/fr\\\/product\\\/amalfi-collection-salon-4-places-en-bois-dacacia-fsc-effet-teck\\\/\",\"name\":\"AMALFI Set de jardin FSC Acacia Wood & Spunpoly | Luxe\",\"isPartOf\":{\"@id\":\"https:\\\/\\\/www.lavillagardendesign.com\\\/#website\"},\"primaryImageOfPage\":{\"@id\":\"https:\\\/\\\/www.lavillagardendesign.com\\\/fr\\\/product\\\/amalfi-collection-salon-4-places-en-bois-dacacia-fsc-effet-teck\\\/#primaryimage\"},\"image\":{\"@id\":\"https:\\\/\\\/www.lavillagardendesign.com\\\/fr\\\/product\\\/amalfi-collection-salon-4-places-en-bois-dacacia-fsc-effet-teck\\\/#primaryimage\"},\"thumbnailUrl\":\"https:\\\/\\\/www.lavillagardendesign.com\\\/wp-content\\\/uploads\\\/2026\\\/01\\\/Design-sans-titre-5.png\",\"datePublished\":\"2026-01-29T10:01:36+00:00\",\"dateModified\":\"2026-02-10T12:23:57+00:00\",\"description\":\"Ensemble d'ext\u00e9rieur 4 pi\u00e8ces AMALFI. Bois d'acacia massif FSC avec effet teck. Canap\u00e9 de 2 m\u00e8tres et coussins en Spunpoly de qualit\u00e9 sup\u00e9rieure. Offre exclusive.\",\"breadcrumb\":{\"@id\":\"https:\\\/\\\/www.lavillagardendesign.com\\\/fr\\\/product\\\/amalfi-collection-salon-4-places-en-bois-dacacia-fsc-effet-teck\\\/#breadcrumb\"},\"inLanguage\":\"fr-FR\",\"potentialAction\":[{\"@type\":\"ReadAction\",\"target\":[\"https:\\\/\\\/www.lavillagardendesign.com\\\/fr\\\/product\\\/amalfi-collection-salon-4-places-en-bois-dacacia-fsc-effet-teck\\\/\"]}]},{\"@type\":\"ImageObject\",\"inLanguage\":\"fr-FR\",\"@id\":\"https:\\\/\\\/www.lavillagardendesign.com\\\/fr\\\/product\\\/amalfi-collection-salon-4-places-en-bois-dacacia-fsc-effet-teck\\\/#primaryimage\",\"url\":\"https:\\\/\\\/www.lavillagardendesign.com\\\/wp-content\\\/uploads\\\/2026\\\/01\\\/Design-sans-titre-5.png\",\"contentUrl\":\"https:\\\/\\\/www.lavillagardendesign.com\\\/wp-content\\\/uploads\\\/2026\\\/01\\\/Design-sans-titre-5.png\",\"width\":700,\"height\":800},{\"@type\":\"BreadcrumbList\",\"@id\":\"https:\\\/\\\/www.lavillagardendesign.com\\\/fr\\\/product\\\/amalfi-collection-salon-4-places-en-bois-dacacia-fsc-effet-teck\\\/#breadcrumb\",\"itemListElement\":[{\"@type\":\"ListItem\",\"position\":1,\"name\":\"Home\",\"item\":\"https:\\\/\\\/www.lavillagardendesign.com\\\/\"},{\"@type\":\"ListItem\",\"position\":2,\"name\":\"Boutique\",\"item\":\"https:\\\/\\\/www.lavillagardendesign.com\\\/fr\\\/boutique\\\/\"},{\"@type\":\"ListItem\",\"position\":3,\"name\":\"AMALFI COLLECTION &#8211; Salon 4 places en bois d&rsquo;acacia FSC (effet teck)\"}]},{\"@type\":\"WebSite\",\"@id\":\"https:\\\/\\\/www.lavillagardendesign.com\\\/#website\",\"url\":\"https:\\\/\\\/www.lavillagardendesign.com\\\/\",\"name\":\"La Villa Garden&Design\",\"description\":\"\",\"publisher\":{\"@id\":\"https:\\\/\\\/www.lavillagardendesign.com\\\/#organization\"},\"potentialAction\":[{\"@type\":\"SearchAction\",\"target\":{\"@type\":\"EntryPoint\",\"urlTemplate\":\"https:\\\/\\\/www.lavillagardendesign.com\\\/?s={search_term_string}\"},\"query-input\":{\"@type\":\"PropertyValueSpecification\",\"valueRequired\":true,\"valueName\":\"search_term_string\"}}],\"inLanguage\":\"fr-FR\"},{\"@type\":\"Organization\",\"@id\":\"https:\\\/\\\/www.lavillagardendesign.com\\\/#organization\",\"name\":\"La Villa Garden&Design\",\"url\":\"https:\\\/\\\/www.lavillagardendesign.com\\\/\",\"logo\":{\"@type\":\"ImageObject\",\"inLanguage\":\"fr-FR\",\"@id\":\"https:\\\/\\\/www.lavillagardendesign.com\\\/#\\\/schema\\\/logo\\\/image\\\/\",\"url\":\"https:\\\/\\\/www.lavillagardendesign.com\\\/wp-content\\\/uploads\\\/2024\\\/04\\\/logolavilla.png\",\"contentUrl\":\"https:\\\/\\\/www.lavillagardendesign.com\\\/wp-content\\\/uploads\\\/2024\\\/04\\\/logolavilla.png\",\"width\":682,\"height\":391,\"caption\":\"La Villa Garden&Design\"},\"image\":{\"@id\":\"https:\\\/\\\/www.lavillagardendesign.com\\\/#\\\/schema\\\/logo\\\/image\\\/\"},\"sameAs\":[\"https:\\\/\\\/www.facebook.com\\\/lavillagardendesign\\\/\"]}]}<\/script>\n<!-- \/ Yoast SEO plugin. -->","yoast_head_json":{"title":"AMALFI Set de jardin FSC Acacia Wood & Spunpoly | Luxe","description":"Ensemble d'ext\u00e9rieur 4 pi\u00e8ces AMALFI. Bois d'acacia massif FSC avec effet teck. Canap\u00e9 de 2 m\u00e8tres et coussins en Spunpoly de qualit\u00e9 sup\u00e9rieure. Offre exclusive.","robots":{"index":"index","follow":"follow","max-snippet":"max-snippet:-1","max-image-preview":"max-image-preview:large","max-video-preview":"max-video-preview:-1"},"canonical":"https:\/\/www.lavillagardendesign.com\/fr\/product\/amalfi-collection-salon-4-places-en-bois-dacacia-fsc-effet-teck\/","og_locale":"fr_FR","og_type":"article","og_title":"AMALFI Set de jardin FSC Acacia Wood & Spunpoly | Luxe","og_description":"Ensemble d'ext\u00e9rieur 4 pi\u00e8ces AMALFI. Bois d'acacia massif FSC avec effet teck. Canap\u00e9 de 2 m\u00e8tres et coussins en Spunpoly de qualit\u00e9 sup\u00e9rieure. Offre exclusive.","og_url":"https:\/\/www.lavillagardendesign.com\/fr\/product\/amalfi-collection-salon-4-places-en-bois-dacacia-fsc-effet-teck\/","og_site_name":"La Villa Garden&amp;Design","article_publisher":"https:\/\/www.facebook.com\/lavillagardendesign\/","article_modified_time":"2026-02-10T12:23:57+00:00","og_image":[{"width":700,"height":800,"url":"https:\/\/www.lavillagardendesign.com\/wp-content\/uploads\/2026\/01\/Design-sans-titre-5.png","type":"image\/png"}],"twitter_card":"summary_large_image","schema":{"@context":"https:\/\/schema.org","@graph":[{"@type":"WebPage","@id":"https:\/\/www.lavillagardendesign.com\/fr\/product\/amalfi-collection-salon-4-places-en-bois-dacacia-fsc-effet-teck\/","url":"https:\/\/www.lavillagardendesign.com\/fr\/product\/amalfi-collection-salon-4-places-en-bois-dacacia-fsc-effet-teck\/","name":"AMALFI Set de jardin FSC Acacia Wood & Spunpoly | Luxe","isPartOf":{"@id":"https:\/\/www.lavillagardendesign.com\/#website"},"primaryImageOfPage":{"@id":"https:\/\/www.lavillagardendesign.com\/fr\/product\/amalfi-collection-salon-4-places-en-bois-dacacia-fsc-effet-teck\/#primaryimage"},"image":{"@id":"https:\/\/www.lavillagardendesign.com\/fr\/product\/amalfi-collection-salon-4-places-en-bois-dacacia-fsc-effet-teck\/#primaryimage"},"thumbnailUrl":"https:\/\/www.lavillagardendesign.com\/wp-content\/uploads\/2026\/01\/Design-sans-titre-5.png","datePublished":"2026-01-29T10:01:36+00:00","dateModified":"2026-02-10T12:23:57+00:00","description":"Ensemble d'ext\u00e9rieur 4 pi\u00e8ces AMALFI. Bois d'acacia massif FSC avec effet teck. Canap\u00e9 de 2 m\u00e8tres et coussins en Spunpoly de qualit\u00e9 sup\u00e9rieure. Offre exclusive.","breadcrumb":{"@id":"https:\/\/www.lavillagardendesign.com\/fr\/product\/amalfi-collection-salon-4-places-en-bois-dacacia-fsc-effet-teck\/#breadcrumb"},"inLanguage":"fr-FR","potentialAction":[{"@type":"ReadAction","target":["https:\/\/www.lavillagardendesign.com\/fr\/product\/amalfi-collection-salon-4-places-en-bois-dacacia-fsc-effet-teck\/"]}]},{"@type":"ImageObject","inLanguage":"fr-FR","@id":"https:\/\/www.lavillagardendesign.com\/fr\/product\/amalfi-collection-salon-4-places-en-bois-dacacia-fsc-effet-teck\/#primaryimage","url":"https:\/\/www.lavillagardendesign.com\/wp-content\/uploads\/2026\/01\/Design-sans-titre-5.png","contentUrl":"https:\/\/www.lavillagardendesign.com\/wp-content\/uploads\/2026\/01\/Design-sans-titre-5.png","width":700,"height":800},{"@type":"BreadcrumbList","@id":"https:\/\/www.lavillagardendesign.com\/fr\/product\/amalfi-collection-salon-4-places-en-bois-dacacia-fsc-effet-teck\/#breadcrumb","itemListElement":[{"@type":"ListItem","position":1,"name":"Home","item":"https:\/\/www.lavillagardendesign.com\/"},{"@type":"ListItem","position":2,"name":"Boutique","item":"https:\/\/www.lavillagardendesign.com\/fr\/boutique\/"},{"@type":"ListItem","position":3,"name":"AMALFI COLLECTION &#8211; Salon 4 places en bois d&rsquo;acacia FSC (effet teck)"}]},{"@type":"WebSite","@id":"https:\/\/www.lavillagardendesign.com\/#website","url":"https:\/\/www.lavillagardendesign.com\/","name":"La Villa Garden&Design","description":"","publisher":{"@id":"https:\/\/www.lavillagardendesign.com\/#organization"},"potentialAction":[{"@type":"SearchAction","target":{"@type":"EntryPoint","urlTemplate":"https:\/\/www.lavillagardendesign.com\/?s={search_term_string}"},"query-input":{"@type":"PropertyValueSpecification","valueRequired":true,"valueName":"search_term_string"}}],"inLanguage":"fr-FR"},{"@type":"Organization","@id":"https:\/\/www.lavillagardendesign.com\/#organization","name":"La Villa Garden&Design","url":"https:\/\/www.lavillagardendesign.com\/","logo":{"@type":"ImageObject","inLanguage":"fr-FR","@id":"https:\/\/www.lavillagardendesign.com\/#\/schema\/logo\/image\/","url":"https:\/\/www.lavillagardendesign.com\/wp-content\/uploads\/2024\/04\/logolavilla.png","contentUrl":"https:\/\/www.lavillagardendesign.com\/wp-content\/uploads\/2024\/04\/logolavilla.png","width":682,"height":391,"caption":"La Villa Garden&Design"},"image":{"@id":"https:\/\/www.lavillagardendesign.com\/#\/schema\/logo\/image\/"},"sameAs":["https:\/\/www.facebook.com\/lavillagardendesign\/"]}]}},"_links":{"self":[{"href":"https:\/\/www.lavillagardendesign.com\/fr\/wp-json\/wp\/v2\/product\/61227","targetHints":{"allow":["GET"]}}],"collection":[{"href":"https:\/\/www.lavillagardendesign.com\/fr\/wp-json\/wp\/v2\/product"}],"about":[{"href":"https:\/\/www.lavillagardendesign.com\/fr\/wp-json\/wp\/v2\/types\/product"}],"replies":[{"embeddable":true,"href":"https:\/\/www.lavillagardendesign.com\/fr\/wp-json\/wp\/v2\/comments?post=61227"}],"version-history":[{"count":1,"href":"https:\/\/www.lavillagardendesign.com\/fr\/wp-json\/wp\/v2\/product\/61227\/revisions"}],"predecessor-version":[{"id":62119,"href":"https:\/\/www.lavillagardendesign.com\/fr\/wp-json\/wp\/v2\/product\/61227\/revisions\/62119"}],"wp:featuredmedia":[{"embeddable":true,"href":"https:\/\/www.lavillagardendesign.com\/fr\/wp-json\/wp\/v2\/media\/61205"}],"wp:attachment":[{"href":"https:\/\/www.lavillagardendesign.com\/fr\/wp-json\/wp\/v2\/media?parent=61227"}],"wp:term":[{"taxonomy":"product_brand","embeddable":true,"href":"https:\/\/www.lavillagardendesign.com\/fr\/wp-json\/wp\/v2\/product_brand?post=61227"},{"taxonomy":"product_cat","embeddable":true,"href":"https:\/\/www.lavillagardendesign.com\/fr\/wp-json\/wp\/v2\/product_cat?post=61227"},{"taxonomy":"product_tag","embeddable":true,"href":"https:\/\/www.lavillagardendesign.com\/fr\/wp-json\/wp\/v2\/product_tag?post=61227"}],"curies":[{"name":"wp","href":"https:\/\/api.w.org\/{rel}","templated":true}]}}