{"id":61103,"date":"2026-01-28T19:53:27","date_gmt":"2026-01-28T18:53:27","guid":{"rendered":"https:\/\/www.lavillagardendesign.com\/product\/collection-st-lucie-salon-4-places\/"},"modified":"2026-02-10T14:38:30","modified_gmt":"2026-02-10T12:38:30","slug":"collection-st-lucie-salon-4-places","status":"publish","type":"product","link":"https:\/\/www.lavillagardendesign.com\/fr\/product\/collection-st-lucie-salon-4-places\/","title":{"rendered":"COLLECTION ST LUCIE &#8211; Salon 4 places"},"content":{"rendered":"","protected":false},"excerpt":{"rendered":"<p>\u00c9levez votre terrasse avec l&rsquo;ensemble de salon 4 places sophistiqu\u00e9 de la collection ST <span class=\"il\">LUCIE<\/span>. Cet ensemble se distingue par sa combinaison exquise de mat\u00e9riaux de premi\u00e8re qualit\u00e9 : une structure robuste en aluminium rev\u00eatu de poudre de polyester de couleur Vapor (blanc cass\u00e9) qui int\u00e8gre un <b>tressage artisanal de fibres synth\u00e9tiques<\/b> (corde ronde de 3,5 mm) sur les c\u00f4t\u00e9s et les dossiers, ce qui ajoute de la texture et de l&rsquo;\u00e9l\u00e9gance visuelle. L&rsquo;ensemble se compose d&rsquo;un grand canap\u00e9 3 places (211 cm), de deux fauteuils spacieux et d&rsquo;une table basse rectangulaire. Le confort absolu est assur\u00e9 par des coussins amovibles en tissu <b>Olefin<\/b> (100 % polypropyl\u00e8ne), un mat\u00e9riau hydrofuge r\u00e9sistant aux taches et aux rayons UV. La table basse combine la structure en aluminium avec une surface de lattes qui imite le bois, offrant une chaleur sans entretien.    <\/p>\n<ul>\n<li><b>Canap\u00e9 3 places :<\/b> Longueur 211,5 cm | Profondeur 80 cm | Hauteur 80,5 cm<\/li>\n<li><b>Fauteuils (x2) :<\/b> Largeur 81,5 cm | Profondeur 80 cm | Hauteur 80,5 cm<\/li>\n<li><b>Table basse :<\/b> Longueur 110 cm | Largeur 65 cm | Hauteur 35 cm<\/li>\n<li><b>Hauteur de l&rsquo;assise :<\/b> 44 cm | <b>Hauteur des accoudoirs :<\/b> 60,5 cm<\/li>\n<\/ul>\n","protected":false},"featured_media":61052,"comment_status":"open","ping_status":"closed","template":"","meta":[],"product_brand":[4998],"product_cat":[2937,2935,2936,6832,5658],"product_tag":[],"class_list":{"0":"post-61103","1":"product","2":"type-product","3":"status-publish","4":"has-post-thumbnail","6":"product_brand-la-villa","7":"product_cat-canapes","8":"product_cat-canapes-fauteuils","9":"product_cat-fauteuils","10":"product_cat-outdoor-fr","11":"product_cat-promos-web","13":"first","14":"instock","15":"sale","16":"taxable","17":"shipping-taxable","18":"purchasable","19":"product-type-simple"},"yoast_head":"<!-- This site is optimized with the Yoast SEO plugin v27.4 - https:\/\/yoast.com\/product\/yoast-seo-wordpress\/ -->\n<title>ST LUCIE Ensemble canap\u00e9 de jardin aluminium et corde | Luxury Sale<\/title>\n<meta name=\"description\" content=\"Ensemble de salon d&#039;ext\u00e9rieur ST LUCIE 4 pi\u00e8ces. Canap\u00e9 et fauteuils de 211 cm en aluminium et fibre tress\u00e9e. Coussins en ol\u00e9fine hydrofuge. Design exclusif\" \/>\n<meta name=\"robots\" content=\"index, follow, max-snippet:-1, max-image-preview:large, max-video-preview:-1\" \/>\n<link rel=\"canonical\" href=\"https:\/\/www.lavillagardendesign.com\/fr\/product\/collection-st-lucie-salon-4-places\/\" \/>\n<meta property=\"og:locale\" content=\"fr_FR\" \/>\n<meta property=\"og:type\" content=\"article\" \/>\n<meta property=\"og:title\" content=\"ST LUCIE Ensemble canap\u00e9 de jardin aluminium et corde | Luxury Sale\" \/>\n<meta property=\"og:description\" content=\"Ensemble de salon d&#039;ext\u00e9rieur ST LUCIE 4 pi\u00e8ces. Canap\u00e9 et fauteuils de 211 cm en aluminium et fibre tress\u00e9e. Coussins en ol\u00e9fine hydrofuge. Design exclusif\" \/>\n<meta property=\"og:url\" content=\"https:\/\/www.lavillagardendesign.com\/fr\/product\/collection-st-lucie-salon-4-places\/\" \/>\n<meta property=\"og:site_name\" content=\"La Villa Garden&amp;Design\" \/>\n<meta property=\"article:publisher\" content=\"https:\/\/www.facebook.com\/lavillagardendesign\/\" \/>\n<meta property=\"article:modified_time\" content=\"2026-02-10T12:38:30+00:00\" \/>\n<meta property=\"og:image\" content=\"https:\/\/www.lavillagardendesign.com\/wp-content\/uploads\/2026\/01\/Design-sans-titre-4.jpg\" \/>\n\t<meta property=\"og:image:width\" content=\"700\" \/>\n\t<meta property=\"og:image:height\" content=\"800\" \/>\n\t<meta property=\"og:image:type\" content=\"image\/jpeg\" \/>\n<meta name=\"twitter:card\" content=\"summary_large_image\" \/>\n<script type=\"application\/ld+json\" class=\"yoast-schema-graph\">{\"@context\":\"https:\\\/\\\/schema.org\",\"@graph\":[{\"@type\":\"WebPage\",\"@id\":\"https:\\\/\\\/www.lavillagardendesign.com\\\/fr\\\/product\\\/collection-st-lucie-salon-4-places\\\/\",\"url\":\"https:\\\/\\\/www.lavillagardendesign.com\\\/fr\\\/product\\\/collection-st-lucie-salon-4-places\\\/\",\"name\":\"ST LUCIE Ensemble canap\u00e9 de jardin aluminium et corde | Luxury Sale\",\"isPartOf\":{\"@id\":\"https:\\\/\\\/www.lavillagardendesign.com\\\/#website\"},\"primaryImageOfPage\":{\"@id\":\"https:\\\/\\\/www.lavillagardendesign.com\\\/fr\\\/product\\\/collection-st-lucie-salon-4-places\\\/#primaryimage\"},\"image\":{\"@id\":\"https:\\\/\\\/www.lavillagardendesign.com\\\/fr\\\/product\\\/collection-st-lucie-salon-4-places\\\/#primaryimage\"},\"thumbnailUrl\":\"https:\\\/\\\/www.lavillagardendesign.com\\\/wp-content\\\/uploads\\\/2026\\\/01\\\/Design-sans-titre-4.jpg\",\"datePublished\":\"2026-01-28T18:53:27+00:00\",\"dateModified\":\"2026-02-10T12:38:30+00:00\",\"description\":\"Ensemble de salon d'ext\u00e9rieur ST LUCIE 4 pi\u00e8ces. Canap\u00e9 et fauteuils de 211 cm en aluminium et fibre tress\u00e9e. Coussins en ol\u00e9fine hydrofuge. Design exclusif\",\"breadcrumb\":{\"@id\":\"https:\\\/\\\/www.lavillagardendesign.com\\\/fr\\\/product\\\/collection-st-lucie-salon-4-places\\\/#breadcrumb\"},\"inLanguage\":\"fr-FR\",\"potentialAction\":[{\"@type\":\"ReadAction\",\"target\":[\"https:\\\/\\\/www.lavillagardendesign.com\\\/fr\\\/product\\\/collection-st-lucie-salon-4-places\\\/\"]}]},{\"@type\":\"ImageObject\",\"inLanguage\":\"fr-FR\",\"@id\":\"https:\\\/\\\/www.lavillagardendesign.com\\\/fr\\\/product\\\/collection-st-lucie-salon-4-places\\\/#primaryimage\",\"url\":\"https:\\\/\\\/www.lavillagardendesign.com\\\/wp-content\\\/uploads\\\/2026\\\/01\\\/Design-sans-titre-4.jpg\",\"contentUrl\":\"https:\\\/\\\/www.lavillagardendesign.com\\\/wp-content\\\/uploads\\\/2026\\\/01\\\/Design-sans-titre-4.jpg\",\"width\":700,\"height\":800},{\"@type\":\"BreadcrumbList\",\"@id\":\"https:\\\/\\\/www.lavillagardendesign.com\\\/fr\\\/product\\\/collection-st-lucie-salon-4-places\\\/#breadcrumb\",\"itemListElement\":[{\"@type\":\"ListItem\",\"position\":1,\"name\":\"Home\",\"item\":\"https:\\\/\\\/www.lavillagardendesign.com\\\/\"},{\"@type\":\"ListItem\",\"position\":2,\"name\":\"Boutique\",\"item\":\"https:\\\/\\\/www.lavillagardendesign.com\\\/fr\\\/boutique\\\/\"},{\"@type\":\"ListItem\",\"position\":3,\"name\":\"COLLECTION ST LUCIE &#8211; Salon 4 places\"}]},{\"@type\":\"WebSite\",\"@id\":\"https:\\\/\\\/www.lavillagardendesign.com\\\/#website\",\"url\":\"https:\\\/\\\/www.lavillagardendesign.com\\\/\",\"name\":\"La Villa Garden&Design\",\"description\":\"\",\"publisher\":{\"@id\":\"https:\\\/\\\/www.lavillagardendesign.com\\\/#organization\"},\"potentialAction\":[{\"@type\":\"SearchAction\",\"target\":{\"@type\":\"EntryPoint\",\"urlTemplate\":\"https:\\\/\\\/www.lavillagardendesign.com\\\/?s={search_term_string}\"},\"query-input\":{\"@type\":\"PropertyValueSpecification\",\"valueRequired\":true,\"valueName\":\"search_term_string\"}}],\"inLanguage\":\"fr-FR\"},{\"@type\":\"Organization\",\"@id\":\"https:\\\/\\\/www.lavillagardendesign.com\\\/#organization\",\"name\":\"La Villa Garden&Design\",\"url\":\"https:\\\/\\\/www.lavillagardendesign.com\\\/\",\"logo\":{\"@type\":\"ImageObject\",\"inLanguage\":\"fr-FR\",\"@id\":\"https:\\\/\\\/www.lavillagardendesign.com\\\/#\\\/schema\\\/logo\\\/image\\\/\",\"url\":\"https:\\\/\\\/www.lavillagardendesign.com\\\/wp-content\\\/uploads\\\/2024\\\/04\\\/logolavilla.png\",\"contentUrl\":\"https:\\\/\\\/www.lavillagardendesign.com\\\/wp-content\\\/uploads\\\/2024\\\/04\\\/logolavilla.png\",\"width\":682,\"height\":391,\"caption\":\"La Villa Garden&Design\"},\"image\":{\"@id\":\"https:\\\/\\\/www.lavillagardendesign.com\\\/#\\\/schema\\\/logo\\\/image\\\/\"},\"sameAs\":[\"https:\\\/\\\/www.facebook.com\\\/lavillagardendesign\\\/\"]}]}<\/script>\n<!-- \/ Yoast SEO plugin. -->","yoast_head_json":{"title":"ST LUCIE Ensemble canap\u00e9 de jardin aluminium et corde | Luxury Sale","description":"Ensemble de salon d'ext\u00e9rieur ST LUCIE 4 pi\u00e8ces. Canap\u00e9 et fauteuils de 211 cm en aluminium et fibre tress\u00e9e. Coussins en ol\u00e9fine hydrofuge. Design exclusif","robots":{"index":"index","follow":"follow","max-snippet":"max-snippet:-1","max-image-preview":"max-image-preview:large","max-video-preview":"max-video-preview:-1"},"canonical":"https:\/\/www.lavillagardendesign.com\/fr\/product\/collection-st-lucie-salon-4-places\/","og_locale":"fr_FR","og_type":"article","og_title":"ST LUCIE Ensemble canap\u00e9 de jardin aluminium et corde | Luxury Sale","og_description":"Ensemble de salon d'ext\u00e9rieur ST LUCIE 4 pi\u00e8ces. Canap\u00e9 et fauteuils de 211 cm en aluminium et fibre tress\u00e9e. Coussins en ol\u00e9fine hydrofuge. Design exclusif","og_url":"https:\/\/www.lavillagardendesign.com\/fr\/product\/collection-st-lucie-salon-4-places\/","og_site_name":"La Villa Garden&amp;Design","article_publisher":"https:\/\/www.facebook.com\/lavillagardendesign\/","article_modified_time":"2026-02-10T12:38:30+00:00","og_image":[{"width":700,"height":800,"url":"https:\/\/www.lavillagardendesign.com\/wp-content\/uploads\/2026\/01\/Design-sans-titre-4.jpg","type":"image\/jpeg"}],"twitter_card":"summary_large_image","schema":{"@context":"https:\/\/schema.org","@graph":[{"@type":"WebPage","@id":"https:\/\/www.lavillagardendesign.com\/fr\/product\/collection-st-lucie-salon-4-places\/","url":"https:\/\/www.lavillagardendesign.com\/fr\/product\/collection-st-lucie-salon-4-places\/","name":"ST LUCIE Ensemble canap\u00e9 de jardin aluminium et corde | Luxury Sale","isPartOf":{"@id":"https:\/\/www.lavillagardendesign.com\/#website"},"primaryImageOfPage":{"@id":"https:\/\/www.lavillagardendesign.com\/fr\/product\/collection-st-lucie-salon-4-places\/#primaryimage"},"image":{"@id":"https:\/\/www.lavillagardendesign.com\/fr\/product\/collection-st-lucie-salon-4-places\/#primaryimage"},"thumbnailUrl":"https:\/\/www.lavillagardendesign.com\/wp-content\/uploads\/2026\/01\/Design-sans-titre-4.jpg","datePublished":"2026-01-28T18:53:27+00:00","dateModified":"2026-02-10T12:38:30+00:00","description":"Ensemble de salon d'ext\u00e9rieur ST LUCIE 4 pi\u00e8ces. Canap\u00e9 et fauteuils de 211 cm en aluminium et fibre tress\u00e9e. Coussins en ol\u00e9fine hydrofuge. Design exclusif","breadcrumb":{"@id":"https:\/\/www.lavillagardendesign.com\/fr\/product\/collection-st-lucie-salon-4-places\/#breadcrumb"},"inLanguage":"fr-FR","potentialAction":[{"@type":"ReadAction","target":["https:\/\/www.lavillagardendesign.com\/fr\/product\/collection-st-lucie-salon-4-places\/"]}]},{"@type":"ImageObject","inLanguage":"fr-FR","@id":"https:\/\/www.lavillagardendesign.com\/fr\/product\/collection-st-lucie-salon-4-places\/#primaryimage","url":"https:\/\/www.lavillagardendesign.com\/wp-content\/uploads\/2026\/01\/Design-sans-titre-4.jpg","contentUrl":"https:\/\/www.lavillagardendesign.com\/wp-content\/uploads\/2026\/01\/Design-sans-titre-4.jpg","width":700,"height":800},{"@type":"BreadcrumbList","@id":"https:\/\/www.lavillagardendesign.com\/fr\/product\/collection-st-lucie-salon-4-places\/#breadcrumb","itemListElement":[{"@type":"ListItem","position":1,"name":"Home","item":"https:\/\/www.lavillagardendesign.com\/"},{"@type":"ListItem","position":2,"name":"Boutique","item":"https:\/\/www.lavillagardendesign.com\/fr\/boutique\/"},{"@type":"ListItem","position":3,"name":"COLLECTION ST LUCIE &#8211; Salon 4 places"}]},{"@type":"WebSite","@id":"https:\/\/www.lavillagardendesign.com\/#website","url":"https:\/\/www.lavillagardendesign.com\/","name":"La Villa Garden&Design","description":"","publisher":{"@id":"https:\/\/www.lavillagardendesign.com\/#organization"},"potentialAction":[{"@type":"SearchAction","target":{"@type":"EntryPoint","urlTemplate":"https:\/\/www.lavillagardendesign.com\/?s={search_term_string}"},"query-input":{"@type":"PropertyValueSpecification","valueRequired":true,"valueName":"search_term_string"}}],"inLanguage":"fr-FR"},{"@type":"Organization","@id":"https:\/\/www.lavillagardendesign.com\/#organization","name":"La Villa Garden&Design","url":"https:\/\/www.lavillagardendesign.com\/","logo":{"@type":"ImageObject","inLanguage":"fr-FR","@id":"https:\/\/www.lavillagardendesign.com\/#\/schema\/logo\/image\/","url":"https:\/\/www.lavillagardendesign.com\/wp-content\/uploads\/2024\/04\/logolavilla.png","contentUrl":"https:\/\/www.lavillagardendesign.com\/wp-content\/uploads\/2024\/04\/logolavilla.png","width":682,"height":391,"caption":"La Villa Garden&Design"},"image":{"@id":"https:\/\/www.lavillagardendesign.com\/#\/schema\/logo\/image\/"},"sameAs":["https:\/\/www.facebook.com\/lavillagardendesign\/"]}]}},"_links":{"self":[{"href":"https:\/\/www.lavillagardendesign.com\/fr\/wp-json\/wp\/v2\/product\/61103","targetHints":{"allow":["GET"]}}],"collection":[{"href":"https:\/\/www.lavillagardendesign.com\/fr\/wp-json\/wp\/v2\/product"}],"about":[{"href":"https:\/\/www.lavillagardendesign.com\/fr\/wp-json\/wp\/v2\/types\/product"}],"replies":[{"embeddable":true,"href":"https:\/\/www.lavillagardendesign.com\/fr\/wp-json\/wp\/v2\/comments?post=61103"}],"version-history":[{"count":1,"href":"https:\/\/www.lavillagardendesign.com\/fr\/wp-json\/wp\/v2\/product\/61103\/revisions"}],"predecessor-version":[{"id":62143,"href":"https:\/\/www.lavillagardendesign.com\/fr\/wp-json\/wp\/v2\/product\/61103\/revisions\/62143"}],"wp:featuredmedia":[{"embeddable":true,"href":"https:\/\/www.lavillagardendesign.com\/fr\/wp-json\/wp\/v2\/media\/61052"}],"wp:attachment":[{"href":"https:\/\/www.lavillagardendesign.com\/fr\/wp-json\/wp\/v2\/media?parent=61103"}],"wp:term":[{"taxonomy":"product_brand","embeddable":true,"href":"https:\/\/www.lavillagardendesign.com\/fr\/wp-json\/wp\/v2\/product_brand?post=61103"},{"taxonomy":"product_cat","embeddable":true,"href":"https:\/\/www.lavillagardendesign.com\/fr\/wp-json\/wp\/v2\/product_cat?post=61103"},{"taxonomy":"product_tag","embeddable":true,"href":"https:\/\/www.lavillagardendesign.com\/fr\/wp-json\/wp\/v2\/product_tag?post=61103"}],"curies":[{"name":"wp","href":"https:\/\/api.w.org\/{rel}","templated":true}]}}