{"id":61096,"date":"2026-01-28T20:05:54","date_gmt":"2026-01-28T19:05:54","guid":{"rendered":"https:\/\/www.lavillagardendesign.com\/product\/collection-st-lucie-ensemble-de-salle-a-manger-7-pieces\/"},"modified":"2026-02-10T14:38:35","modified_gmt":"2026-02-10T12:38:35","slug":"collection-st-lucie-ensemble-de-salle-a-manger-7-pieces","status":"publish","type":"product","link":"https:\/\/www.lavillagardendesign.com\/fr\/product\/collection-st-lucie-ensemble-de-salle-a-manger-7-pieces\/","title":{"rendered":"COLLECTION ST LUCIE &#8211; Ensemble de salle \u00e0 manger 7 pi\u00e8ces"},"content":{"rendered":"","protected":false},"excerpt":{"rendered":"<p>Profitez de la chaleur visuelle du bois et de la solidit\u00e9 indestructible du m\u00e9tal gr\u00e2ce \u00e0 l&rsquo;ensemble de salle \u00e0 manger ST <span class=\"il\">LUCIE<\/span>. Cet ensemble \u00ab\u00a0tout-en-un\u00a0\u00bb comprend une table rectangulaire de 160&#215;90 cm et 6 chaises empilables, con\u00e7u pour ceux qui recherchent la praticit\u00e9 sans sacrifier le style. Sa structure est enti\u00e8rement r\u00e9alis\u00e9e en <b>aluminium rev\u00eatu par poudre de<\/b>couleur Vapor (Mist Grey), mais son g\u00e9nie r\u00e9side dans les d\u00e9tails : le plateau de la table et les accoudoirs des chaises sont dot\u00e9s d&rsquo;une <b>finition<\/b> sp\u00e9ciale <b>\u00e0 effet bois<\/b>, offrant un beau contraste naturel qui ne se fendillera jamais et n&rsquo;aura jamais besoin d&rsquo;\u00eatre huil\u00e9. Le confort est maximis\u00e9 gr\u00e2ce aux coussins complets (assise et dossier) en tissu <b>Olefin<\/b> haut de gamme, d\u00e9perlant et d\u00e9houssable.   <\/p>\n<ul>\n<li><b>1x Table rectangulaire :<\/b> 160 cm (longueur) x 90 cm (largeur) x 76 cm (hauteur).<\/li>\n<li><b>6x chaises empilables :<\/b> 55,5 cm (largeur) x 55,5 cm (profondeur) x 82 cm (hauteur).<\/li>\n<li><b>Hauteur des chaises :<\/b> Assise 50 cm | Accoudoirs 63,5 cm.<\/li>\n<\/ul>\n","protected":false},"featured_media":61083,"comment_status":"open","ping_status":"closed","template":"","meta":[],"product_brand":[4998],"product_cat":[6832,5658,2944,2946],"product_tag":[],"class_list":{"0":"post-61096","1":"product","2":"type-product","3":"status-publish","4":"has-post-thumbnail","6":"product_brand-la-villa","7":"product_cat-outdoor-fr","8":"product_cat-promos-web","9":"product_cat-tables-fr","10":"product_cat-tables-repas","12":"first","13":"instock","14":"sale","15":"taxable","16":"shipping-taxable","17":"purchasable","18":"product-type-simple"},"yoast_head":"<!-- This site is optimized with the Yoast SEO plugin v27.4 - https:\/\/yoast.com\/product\/yoast-seo-wordpress\/ -->\n<title>ST LUCIE Ensemble de salle \u00e0 manger Table et 6 Chaises Effet Bois Aluminium | La Villa Garden<\/title>\n<meta name=\"description\" content=\"Ensemble de salle \u00e0 manger de jardin ST LUCIE (Table 160cm + 6 Chaises). Aluminium couleur vapeur avec des d\u00e9tails r\u00e9alistes d&#039;effet bois. Coussins en ol\u00e9fine inclus. Offre \u20ac2,290.\" \/>\n<meta name=\"robots\" content=\"index, follow, max-snippet:-1, max-image-preview:large, max-video-preview:-1\" \/>\n<link rel=\"canonical\" href=\"https:\/\/www.lavillagardendesign.com\/fr\/product\/collection-st-lucie-ensemble-de-salle-a-manger-7-pieces\/\" \/>\n<meta property=\"og:locale\" content=\"fr_FR\" \/>\n<meta property=\"og:type\" content=\"article\" \/>\n<meta property=\"og:title\" content=\"ST LUCIE Ensemble de salle \u00e0 manger Table et 6 Chaises Effet Bois Aluminium | La Villa Garden\" \/>\n<meta property=\"og:description\" content=\"Ensemble de salle \u00e0 manger de jardin ST LUCIE (Table 160cm + 6 Chaises). Aluminium couleur vapeur avec des d\u00e9tails r\u00e9alistes d&#039;effet bois. Coussins en ol\u00e9fine inclus. Offre \u20ac2,290.\" \/>\n<meta property=\"og:url\" content=\"https:\/\/www.lavillagardendesign.com\/fr\/product\/collection-st-lucie-ensemble-de-salle-a-manger-7-pieces\/\" \/>\n<meta property=\"og:site_name\" content=\"La Villa Garden&amp;Design\" \/>\n<meta property=\"article:publisher\" content=\"https:\/\/www.facebook.com\/lavillagardendesign\/\" \/>\n<meta property=\"article:modified_time\" content=\"2026-02-10T12:38:35+00:00\" \/>\n<meta property=\"og:image\" content=\"https:\/\/www.lavillagardendesign.com\/wp-content\/uploads\/2026\/01\/Design-sans-titre-4-1.jpg\" \/>\n\t<meta property=\"og:image:width\" content=\"700\" \/>\n\t<meta property=\"og:image:height\" content=\"800\" \/>\n\t<meta property=\"og:image:type\" content=\"image\/jpeg\" \/>\n<meta name=\"twitter:card\" content=\"summary_large_image\" \/>\n<script type=\"application\/ld+json\" class=\"yoast-schema-graph\">{\"@context\":\"https:\\\/\\\/schema.org\",\"@graph\":[{\"@type\":\"WebPage\",\"@id\":\"https:\\\/\\\/www.lavillagardendesign.com\\\/fr\\\/product\\\/collection-st-lucie-ensemble-de-salle-a-manger-7-pieces\\\/\",\"url\":\"https:\\\/\\\/www.lavillagardendesign.com\\\/fr\\\/product\\\/collection-st-lucie-ensemble-de-salle-a-manger-7-pieces\\\/\",\"name\":\"ST LUCIE Ensemble de salle \u00e0 manger Table et 6 Chaises Effet Bois Aluminium | La Villa Garden\",\"isPartOf\":{\"@id\":\"https:\\\/\\\/www.lavillagardendesign.com\\\/#website\"},\"primaryImageOfPage\":{\"@id\":\"https:\\\/\\\/www.lavillagardendesign.com\\\/fr\\\/product\\\/collection-st-lucie-ensemble-de-salle-a-manger-7-pieces\\\/#primaryimage\"},\"image\":{\"@id\":\"https:\\\/\\\/www.lavillagardendesign.com\\\/fr\\\/product\\\/collection-st-lucie-ensemble-de-salle-a-manger-7-pieces\\\/#primaryimage\"},\"thumbnailUrl\":\"https:\\\/\\\/www.lavillagardendesign.com\\\/wp-content\\\/uploads\\\/2026\\\/01\\\/Design-sans-titre-4-1.jpg\",\"datePublished\":\"2026-01-28T19:05:54+00:00\",\"dateModified\":\"2026-02-10T12:38:35+00:00\",\"description\":\"Ensemble de salle \u00e0 manger de jardin ST LUCIE (Table 160cm + 6 Chaises). Aluminium couleur vapeur avec des d\u00e9tails r\u00e9alistes d'effet bois. Coussins en ol\u00e9fine inclus. Offre \u20ac2,290.\",\"breadcrumb\":{\"@id\":\"https:\\\/\\\/www.lavillagardendesign.com\\\/fr\\\/product\\\/collection-st-lucie-ensemble-de-salle-a-manger-7-pieces\\\/#breadcrumb\"},\"inLanguage\":\"fr-FR\",\"potentialAction\":[{\"@type\":\"ReadAction\",\"target\":[\"https:\\\/\\\/www.lavillagardendesign.com\\\/fr\\\/product\\\/collection-st-lucie-ensemble-de-salle-a-manger-7-pieces\\\/\"]}]},{\"@type\":\"ImageObject\",\"inLanguage\":\"fr-FR\",\"@id\":\"https:\\\/\\\/www.lavillagardendesign.com\\\/fr\\\/product\\\/collection-st-lucie-ensemble-de-salle-a-manger-7-pieces\\\/#primaryimage\",\"url\":\"https:\\\/\\\/www.lavillagardendesign.com\\\/wp-content\\\/uploads\\\/2026\\\/01\\\/Design-sans-titre-4-1.jpg\",\"contentUrl\":\"https:\\\/\\\/www.lavillagardendesign.com\\\/wp-content\\\/uploads\\\/2026\\\/01\\\/Design-sans-titre-4-1.jpg\",\"width\":700,\"height\":800},{\"@type\":\"BreadcrumbList\",\"@id\":\"https:\\\/\\\/www.lavillagardendesign.com\\\/fr\\\/product\\\/collection-st-lucie-ensemble-de-salle-a-manger-7-pieces\\\/#breadcrumb\",\"itemListElement\":[{\"@type\":\"ListItem\",\"position\":1,\"name\":\"Home\",\"item\":\"https:\\\/\\\/www.lavillagardendesign.com\\\/\"},{\"@type\":\"ListItem\",\"position\":2,\"name\":\"Boutique\",\"item\":\"https:\\\/\\\/www.lavillagardendesign.com\\\/fr\\\/boutique\\\/\"},{\"@type\":\"ListItem\",\"position\":3,\"name\":\"COLLECTION ST LUCIE &#8211; Ensemble de salle \u00e0 manger 7 pi\u00e8ces\"}]},{\"@type\":\"WebSite\",\"@id\":\"https:\\\/\\\/www.lavillagardendesign.com\\\/#website\",\"url\":\"https:\\\/\\\/www.lavillagardendesign.com\\\/\",\"name\":\"La Villa Garden&Design\",\"description\":\"\",\"publisher\":{\"@id\":\"https:\\\/\\\/www.lavillagardendesign.com\\\/#organization\"},\"potentialAction\":[{\"@type\":\"SearchAction\",\"target\":{\"@type\":\"EntryPoint\",\"urlTemplate\":\"https:\\\/\\\/www.lavillagardendesign.com\\\/?s={search_term_string}\"},\"query-input\":{\"@type\":\"PropertyValueSpecification\",\"valueRequired\":true,\"valueName\":\"search_term_string\"}}],\"inLanguage\":\"fr-FR\"},{\"@type\":\"Organization\",\"@id\":\"https:\\\/\\\/www.lavillagardendesign.com\\\/#organization\",\"name\":\"La Villa Garden&Design\",\"url\":\"https:\\\/\\\/www.lavillagardendesign.com\\\/\",\"logo\":{\"@type\":\"ImageObject\",\"inLanguage\":\"fr-FR\",\"@id\":\"https:\\\/\\\/www.lavillagardendesign.com\\\/#\\\/schema\\\/logo\\\/image\\\/\",\"url\":\"https:\\\/\\\/www.lavillagardendesign.com\\\/wp-content\\\/uploads\\\/2024\\\/04\\\/logolavilla.png\",\"contentUrl\":\"https:\\\/\\\/www.lavillagardendesign.com\\\/wp-content\\\/uploads\\\/2024\\\/04\\\/logolavilla.png\",\"width\":682,\"height\":391,\"caption\":\"La Villa Garden&Design\"},\"image\":{\"@id\":\"https:\\\/\\\/www.lavillagardendesign.com\\\/#\\\/schema\\\/logo\\\/image\\\/\"},\"sameAs\":[\"https:\\\/\\\/www.facebook.com\\\/lavillagardendesign\\\/\"]}]}<\/script>\n<!-- \/ Yoast SEO plugin. -->","yoast_head_json":{"title":"ST LUCIE Ensemble de salle \u00e0 manger Table et 6 Chaises Effet Bois Aluminium | La Villa Garden","description":"Ensemble de salle \u00e0 manger de jardin ST LUCIE (Table 160cm + 6 Chaises). Aluminium couleur vapeur avec des d\u00e9tails r\u00e9alistes d'effet bois. Coussins en ol\u00e9fine inclus. Offre \u20ac2,290.","robots":{"index":"index","follow":"follow","max-snippet":"max-snippet:-1","max-image-preview":"max-image-preview:large","max-video-preview":"max-video-preview:-1"},"canonical":"https:\/\/www.lavillagardendesign.com\/fr\/product\/collection-st-lucie-ensemble-de-salle-a-manger-7-pieces\/","og_locale":"fr_FR","og_type":"article","og_title":"ST LUCIE Ensemble de salle \u00e0 manger Table et 6 Chaises Effet Bois Aluminium | La Villa Garden","og_description":"Ensemble de salle \u00e0 manger de jardin ST LUCIE (Table 160cm + 6 Chaises). Aluminium couleur vapeur avec des d\u00e9tails r\u00e9alistes d'effet bois. Coussins en ol\u00e9fine inclus. Offre \u20ac2,290.","og_url":"https:\/\/www.lavillagardendesign.com\/fr\/product\/collection-st-lucie-ensemble-de-salle-a-manger-7-pieces\/","og_site_name":"La Villa Garden&amp;Design","article_publisher":"https:\/\/www.facebook.com\/lavillagardendesign\/","article_modified_time":"2026-02-10T12:38:35+00:00","og_image":[{"width":700,"height":800,"url":"https:\/\/www.lavillagardendesign.com\/wp-content\/uploads\/2026\/01\/Design-sans-titre-4-1.jpg","type":"image\/jpeg"}],"twitter_card":"summary_large_image","schema":{"@context":"https:\/\/schema.org","@graph":[{"@type":"WebPage","@id":"https:\/\/www.lavillagardendesign.com\/fr\/product\/collection-st-lucie-ensemble-de-salle-a-manger-7-pieces\/","url":"https:\/\/www.lavillagardendesign.com\/fr\/product\/collection-st-lucie-ensemble-de-salle-a-manger-7-pieces\/","name":"ST LUCIE Ensemble de salle \u00e0 manger Table et 6 Chaises Effet Bois Aluminium | La Villa Garden","isPartOf":{"@id":"https:\/\/www.lavillagardendesign.com\/#website"},"primaryImageOfPage":{"@id":"https:\/\/www.lavillagardendesign.com\/fr\/product\/collection-st-lucie-ensemble-de-salle-a-manger-7-pieces\/#primaryimage"},"image":{"@id":"https:\/\/www.lavillagardendesign.com\/fr\/product\/collection-st-lucie-ensemble-de-salle-a-manger-7-pieces\/#primaryimage"},"thumbnailUrl":"https:\/\/www.lavillagardendesign.com\/wp-content\/uploads\/2026\/01\/Design-sans-titre-4-1.jpg","datePublished":"2026-01-28T19:05:54+00:00","dateModified":"2026-02-10T12:38:35+00:00","description":"Ensemble de salle \u00e0 manger de jardin ST LUCIE (Table 160cm + 6 Chaises). Aluminium couleur vapeur avec des d\u00e9tails r\u00e9alistes d'effet bois. Coussins en ol\u00e9fine inclus. Offre \u20ac2,290.","breadcrumb":{"@id":"https:\/\/www.lavillagardendesign.com\/fr\/product\/collection-st-lucie-ensemble-de-salle-a-manger-7-pieces\/#breadcrumb"},"inLanguage":"fr-FR","potentialAction":[{"@type":"ReadAction","target":["https:\/\/www.lavillagardendesign.com\/fr\/product\/collection-st-lucie-ensemble-de-salle-a-manger-7-pieces\/"]}]},{"@type":"ImageObject","inLanguage":"fr-FR","@id":"https:\/\/www.lavillagardendesign.com\/fr\/product\/collection-st-lucie-ensemble-de-salle-a-manger-7-pieces\/#primaryimage","url":"https:\/\/www.lavillagardendesign.com\/wp-content\/uploads\/2026\/01\/Design-sans-titre-4-1.jpg","contentUrl":"https:\/\/www.lavillagardendesign.com\/wp-content\/uploads\/2026\/01\/Design-sans-titre-4-1.jpg","width":700,"height":800},{"@type":"BreadcrumbList","@id":"https:\/\/www.lavillagardendesign.com\/fr\/product\/collection-st-lucie-ensemble-de-salle-a-manger-7-pieces\/#breadcrumb","itemListElement":[{"@type":"ListItem","position":1,"name":"Home","item":"https:\/\/www.lavillagardendesign.com\/"},{"@type":"ListItem","position":2,"name":"Boutique","item":"https:\/\/www.lavillagardendesign.com\/fr\/boutique\/"},{"@type":"ListItem","position":3,"name":"COLLECTION ST LUCIE &#8211; Ensemble de salle \u00e0 manger 7 pi\u00e8ces"}]},{"@type":"WebSite","@id":"https:\/\/www.lavillagardendesign.com\/#website","url":"https:\/\/www.lavillagardendesign.com\/","name":"La Villa Garden&Design","description":"","publisher":{"@id":"https:\/\/www.lavillagardendesign.com\/#organization"},"potentialAction":[{"@type":"SearchAction","target":{"@type":"EntryPoint","urlTemplate":"https:\/\/www.lavillagardendesign.com\/?s={search_term_string}"},"query-input":{"@type":"PropertyValueSpecification","valueRequired":true,"valueName":"search_term_string"}}],"inLanguage":"fr-FR"},{"@type":"Organization","@id":"https:\/\/www.lavillagardendesign.com\/#organization","name":"La Villa Garden&Design","url":"https:\/\/www.lavillagardendesign.com\/","logo":{"@type":"ImageObject","inLanguage":"fr-FR","@id":"https:\/\/www.lavillagardendesign.com\/#\/schema\/logo\/image\/","url":"https:\/\/www.lavillagardendesign.com\/wp-content\/uploads\/2024\/04\/logolavilla.png","contentUrl":"https:\/\/www.lavillagardendesign.com\/wp-content\/uploads\/2024\/04\/logolavilla.png","width":682,"height":391,"caption":"La Villa Garden&Design"},"image":{"@id":"https:\/\/www.lavillagardendesign.com\/#\/schema\/logo\/image\/"},"sameAs":["https:\/\/www.facebook.com\/lavillagardendesign\/"]}]}},"_links":{"self":[{"href":"https:\/\/www.lavillagardendesign.com\/fr\/wp-json\/wp\/v2\/product\/61096","targetHints":{"allow":["GET"]}}],"collection":[{"href":"https:\/\/www.lavillagardendesign.com\/fr\/wp-json\/wp\/v2\/product"}],"about":[{"href":"https:\/\/www.lavillagardendesign.com\/fr\/wp-json\/wp\/v2\/types\/product"}],"replies":[{"embeddable":true,"href":"https:\/\/www.lavillagardendesign.com\/fr\/wp-json\/wp\/v2\/comments?post=61096"}],"version-history":[{"count":1,"href":"https:\/\/www.lavillagardendesign.com\/fr\/wp-json\/wp\/v2\/product\/61096\/revisions"}],"predecessor-version":[{"id":62137,"href":"https:\/\/www.lavillagardendesign.com\/fr\/wp-json\/wp\/v2\/product\/61096\/revisions\/62137"}],"wp:featuredmedia":[{"embeddable":true,"href":"https:\/\/www.lavillagardendesign.com\/fr\/wp-json\/wp\/v2\/media\/61083"}],"wp:attachment":[{"href":"https:\/\/www.lavillagardendesign.com\/fr\/wp-json\/wp\/v2\/media?parent=61096"}],"wp:term":[{"taxonomy":"product_brand","embeddable":true,"href":"https:\/\/www.lavillagardendesign.com\/fr\/wp-json\/wp\/v2\/product_brand?post=61096"},{"taxonomy":"product_cat","embeddable":true,"href":"https:\/\/www.lavillagardendesign.com\/fr\/wp-json\/wp\/v2\/product_cat?post=61096"},{"taxonomy":"product_tag","embeddable":true,"href":"https:\/\/www.lavillagardendesign.com\/fr\/wp-json\/wp\/v2\/product_tag?post=61096"}],"curies":[{"name":"wp","href":"https:\/\/api.w.org\/{rel}","templated":true}]}}