{"id":61094,"date":"2026-01-28T20:00:39","date_gmt":"2026-01-28T19:00:39","guid":{"rendered":"https:\/\/www.lavillagardendesign.com\/product\/collection-st-lucie-chaise-suspendue-en-macrame-avec-coussin\/"},"modified":"2026-02-10T14:38:34","modified_gmt":"2026-02-10T12:38:34","slug":"collection-st-lucie-chaise-suspendue-en-macrame-avec-coussin","status":"publish","type":"product","link":"https:\/\/www.lavillagardendesign.com\/fr\/product\/collection-st-lucie-chaise-suspendue-en-macrame-avec-coussin\/","title":{"rendered":"COLLECTION ST LUCIE &#8211; Chaise suspendue en macram\u00e9 avec coussin"},"content":{"rendered":"","protected":false},"excerpt":{"rendered":"<p>Cr\u00e9ez un coin de lecture et de d\u00e9connexion absolu avec le fauteuil hamac suspendu ST LUCIE. Cette pi\u00e8ce au design artisanal \u00e9voque le style boho-chic le plus exclusif, id\u00e9al pour ajouter une touche organique et d\u00e9contract\u00e9e aux porches, aux terrasses couvertes ou m\u00eame aux int\u00e9rieurs hauts de plafond. Son assise est fabriqu\u00e9e \u00e0 partir d&rsquo;un tissu durable et doux en poly-coton (m\u00e9lange de coton et de polyester), tiss\u00e9 selon la technique du macram\u00e9 et termin\u00e9 par d&rsquo;\u00e9l\u00e9gantes franges d\u00e9coratives. Elle est accompagn\u00e9e d&rsquo;un coussin en peluche assorti pour un maximum de confort. Sa structure en corde robuste supporte une capacit\u00e9 maximale de 120 kg, offrant une exp\u00e9rience de balancement s\u00fbre et agr\u00e9able.    <\/p>\n","protected":false},"featured_media":61078,"comment_status":"open","ping_status":"closed","template":"","meta":[],"product_brand":[4998],"product_cat":[2938,6832,5658,2940],"product_tag":[],"class_list":{"0":"post-61094","1":"product","2":"type-product","3":"status-publish","4":"has-post-thumbnail","6":"product_brand-la-villa","7":"product_cat-bains-de-soleil","8":"product_cat-outdoor-fr","9":"product_cat-promos-web","10":"product_cat-transats","12":"first","13":"instock","14":"sale","15":"taxable","16":"shipping-taxable","17":"purchasable","18":"product-type-simple"},"yoast_head":"<!-- This site is optimized with the Yoast SEO plugin v27.4 - https:\/\/yoast.com\/product\/yoast-seo-wordpress\/ -->\n<title>ST LUCIE Chaise suspendue en macram\u00e9 avec coussin | Boho Style<\/title>\n<meta name=\"description\" content=\"Chaise hamac suspendue ST LUCIE. Mod\u00e8le en macram\u00e9 blanc avec franges et coussin inclus. Supporte 120 kg. Id\u00e9al pour la d\u00e9tente sur la terrasse et dans le jardin. Offre \u20ac79.\" \/>\n<meta name=\"robots\" content=\"index, follow, max-snippet:-1, max-image-preview:large, max-video-preview:-1\" \/>\n<link rel=\"canonical\" href=\"https:\/\/www.lavillagardendesign.com\/fr\/product\/collection-st-lucie-chaise-suspendue-en-macrame-avec-coussin\/\" \/>\n<meta property=\"og:locale\" content=\"fr_FR\" \/>\n<meta property=\"og:type\" content=\"article\" \/>\n<meta property=\"og:title\" content=\"ST LUCIE Chaise suspendue en macram\u00e9 avec coussin | Boho Style\" \/>\n<meta property=\"og:description\" content=\"Chaise hamac suspendue ST LUCIE. Mod\u00e8le en macram\u00e9 blanc avec franges et coussin inclus. Supporte 120 kg. Id\u00e9al pour la d\u00e9tente sur la terrasse et dans le jardin. Offre \u20ac79.\" \/>\n<meta property=\"og:url\" content=\"https:\/\/www.lavillagardendesign.com\/fr\/product\/collection-st-lucie-chaise-suspendue-en-macrame-avec-coussin\/\" \/>\n<meta property=\"og:site_name\" content=\"La Villa Garden&amp;Design\" \/>\n<meta property=\"article:publisher\" content=\"https:\/\/www.facebook.com\/lavillagardendesign\/\" \/>\n<meta property=\"article:modified_time\" content=\"2026-02-10T12:38:34+00:00\" \/>\n<meta property=\"og:image\" content=\"https:\/\/www.lavillagardendesign.com\/wp-content\/uploads\/2026\/01\/Design-sans-titre1-3.jpg\" \/>\n\t<meta property=\"og:image:width\" content=\"700\" \/>\n\t<meta property=\"og:image:height\" content=\"800\" \/>\n\t<meta property=\"og:image:type\" content=\"image\/jpeg\" \/>\n<meta name=\"twitter:card\" content=\"summary_large_image\" \/>\n<script type=\"application\/ld+json\" class=\"yoast-schema-graph\">{\"@context\":\"https:\\\/\\\/schema.org\",\"@graph\":[{\"@type\":\"WebPage\",\"@id\":\"https:\\\/\\\/www.lavillagardendesign.com\\\/fr\\\/product\\\/collection-st-lucie-chaise-suspendue-en-macrame-avec-coussin\\\/\",\"url\":\"https:\\\/\\\/www.lavillagardendesign.com\\\/fr\\\/product\\\/collection-st-lucie-chaise-suspendue-en-macrame-avec-coussin\\\/\",\"name\":\"ST LUCIE Chaise suspendue en macram\u00e9 avec coussin | Boho Style\",\"isPartOf\":{\"@id\":\"https:\\\/\\\/www.lavillagardendesign.com\\\/#website\"},\"primaryImageOfPage\":{\"@id\":\"https:\\\/\\\/www.lavillagardendesign.com\\\/fr\\\/product\\\/collection-st-lucie-chaise-suspendue-en-macrame-avec-coussin\\\/#primaryimage\"},\"image\":{\"@id\":\"https:\\\/\\\/www.lavillagardendesign.com\\\/fr\\\/product\\\/collection-st-lucie-chaise-suspendue-en-macrame-avec-coussin\\\/#primaryimage\"},\"thumbnailUrl\":\"https:\\\/\\\/www.lavillagardendesign.com\\\/wp-content\\\/uploads\\\/2026\\\/01\\\/Design-sans-titre1-3.jpg\",\"datePublished\":\"2026-01-28T19:00:39+00:00\",\"dateModified\":\"2026-02-10T12:38:34+00:00\",\"description\":\"Chaise hamac suspendue ST LUCIE. Mod\u00e8le en macram\u00e9 blanc avec franges et coussin inclus. Supporte 120 kg. Id\u00e9al pour la d\u00e9tente sur la terrasse et dans le jardin. Offre \u20ac79.\",\"breadcrumb\":{\"@id\":\"https:\\\/\\\/www.lavillagardendesign.com\\\/fr\\\/product\\\/collection-st-lucie-chaise-suspendue-en-macrame-avec-coussin\\\/#breadcrumb\"},\"inLanguage\":\"fr-FR\",\"potentialAction\":[{\"@type\":\"ReadAction\",\"target\":[\"https:\\\/\\\/www.lavillagardendesign.com\\\/fr\\\/product\\\/collection-st-lucie-chaise-suspendue-en-macrame-avec-coussin\\\/\"]}]},{\"@type\":\"ImageObject\",\"inLanguage\":\"fr-FR\",\"@id\":\"https:\\\/\\\/www.lavillagardendesign.com\\\/fr\\\/product\\\/collection-st-lucie-chaise-suspendue-en-macrame-avec-coussin\\\/#primaryimage\",\"url\":\"https:\\\/\\\/www.lavillagardendesign.com\\\/wp-content\\\/uploads\\\/2026\\\/01\\\/Design-sans-titre1-3.jpg\",\"contentUrl\":\"https:\\\/\\\/www.lavillagardendesign.com\\\/wp-content\\\/uploads\\\/2026\\\/01\\\/Design-sans-titre1-3.jpg\",\"width\":700,\"height\":800},{\"@type\":\"BreadcrumbList\",\"@id\":\"https:\\\/\\\/www.lavillagardendesign.com\\\/fr\\\/product\\\/collection-st-lucie-chaise-suspendue-en-macrame-avec-coussin\\\/#breadcrumb\",\"itemListElement\":[{\"@type\":\"ListItem\",\"position\":1,\"name\":\"Home\",\"item\":\"https:\\\/\\\/www.lavillagardendesign.com\\\/\"},{\"@type\":\"ListItem\",\"position\":2,\"name\":\"Boutique\",\"item\":\"https:\\\/\\\/www.lavillagardendesign.com\\\/fr\\\/boutique\\\/\"},{\"@type\":\"ListItem\",\"position\":3,\"name\":\"COLLECTION ST LUCIE &#8211; Chaise suspendue en macram\u00e9 avec coussin\"}]},{\"@type\":\"WebSite\",\"@id\":\"https:\\\/\\\/www.lavillagardendesign.com\\\/#website\",\"url\":\"https:\\\/\\\/www.lavillagardendesign.com\\\/\",\"name\":\"La Villa Garden&Design\",\"description\":\"\",\"publisher\":{\"@id\":\"https:\\\/\\\/www.lavillagardendesign.com\\\/#organization\"},\"potentialAction\":[{\"@type\":\"SearchAction\",\"target\":{\"@type\":\"EntryPoint\",\"urlTemplate\":\"https:\\\/\\\/www.lavillagardendesign.com\\\/?s={search_term_string}\"},\"query-input\":{\"@type\":\"PropertyValueSpecification\",\"valueRequired\":true,\"valueName\":\"search_term_string\"}}],\"inLanguage\":\"fr-FR\"},{\"@type\":\"Organization\",\"@id\":\"https:\\\/\\\/www.lavillagardendesign.com\\\/#organization\",\"name\":\"La Villa Garden&Design\",\"url\":\"https:\\\/\\\/www.lavillagardendesign.com\\\/\",\"logo\":{\"@type\":\"ImageObject\",\"inLanguage\":\"fr-FR\",\"@id\":\"https:\\\/\\\/www.lavillagardendesign.com\\\/#\\\/schema\\\/logo\\\/image\\\/\",\"url\":\"https:\\\/\\\/www.lavillagardendesign.com\\\/wp-content\\\/uploads\\\/2024\\\/04\\\/logolavilla.png\",\"contentUrl\":\"https:\\\/\\\/www.lavillagardendesign.com\\\/wp-content\\\/uploads\\\/2024\\\/04\\\/logolavilla.png\",\"width\":682,\"height\":391,\"caption\":\"La Villa Garden&Design\"},\"image\":{\"@id\":\"https:\\\/\\\/www.lavillagardendesign.com\\\/#\\\/schema\\\/logo\\\/image\\\/\"},\"sameAs\":[\"https:\\\/\\\/www.facebook.com\\\/lavillagardendesign\\\/\"]}]}<\/script>\n<!-- \/ Yoast SEO plugin. -->","yoast_head_json":{"title":"ST LUCIE Chaise suspendue en macram\u00e9 avec coussin | Boho Style","description":"Chaise hamac suspendue ST LUCIE. Mod\u00e8le en macram\u00e9 blanc avec franges et coussin inclus. Supporte 120 kg. Id\u00e9al pour la d\u00e9tente sur la terrasse et dans le jardin. Offre \u20ac79.","robots":{"index":"index","follow":"follow","max-snippet":"max-snippet:-1","max-image-preview":"max-image-preview:large","max-video-preview":"max-video-preview:-1"},"canonical":"https:\/\/www.lavillagardendesign.com\/fr\/product\/collection-st-lucie-chaise-suspendue-en-macrame-avec-coussin\/","og_locale":"fr_FR","og_type":"article","og_title":"ST LUCIE Chaise suspendue en macram\u00e9 avec coussin | Boho Style","og_description":"Chaise hamac suspendue ST LUCIE. Mod\u00e8le en macram\u00e9 blanc avec franges et coussin inclus. Supporte 120 kg. Id\u00e9al pour la d\u00e9tente sur la terrasse et dans le jardin. Offre \u20ac79.","og_url":"https:\/\/www.lavillagardendesign.com\/fr\/product\/collection-st-lucie-chaise-suspendue-en-macrame-avec-coussin\/","og_site_name":"La Villa Garden&amp;Design","article_publisher":"https:\/\/www.facebook.com\/lavillagardendesign\/","article_modified_time":"2026-02-10T12:38:34+00:00","og_image":[{"width":700,"height":800,"url":"https:\/\/www.lavillagardendesign.com\/wp-content\/uploads\/2026\/01\/Design-sans-titre1-3.jpg","type":"image\/jpeg"}],"twitter_card":"summary_large_image","schema":{"@context":"https:\/\/schema.org","@graph":[{"@type":"WebPage","@id":"https:\/\/www.lavillagardendesign.com\/fr\/product\/collection-st-lucie-chaise-suspendue-en-macrame-avec-coussin\/","url":"https:\/\/www.lavillagardendesign.com\/fr\/product\/collection-st-lucie-chaise-suspendue-en-macrame-avec-coussin\/","name":"ST LUCIE Chaise suspendue en macram\u00e9 avec coussin | Boho Style","isPartOf":{"@id":"https:\/\/www.lavillagardendesign.com\/#website"},"primaryImageOfPage":{"@id":"https:\/\/www.lavillagardendesign.com\/fr\/product\/collection-st-lucie-chaise-suspendue-en-macrame-avec-coussin\/#primaryimage"},"image":{"@id":"https:\/\/www.lavillagardendesign.com\/fr\/product\/collection-st-lucie-chaise-suspendue-en-macrame-avec-coussin\/#primaryimage"},"thumbnailUrl":"https:\/\/www.lavillagardendesign.com\/wp-content\/uploads\/2026\/01\/Design-sans-titre1-3.jpg","datePublished":"2026-01-28T19:00:39+00:00","dateModified":"2026-02-10T12:38:34+00:00","description":"Chaise hamac suspendue ST LUCIE. Mod\u00e8le en macram\u00e9 blanc avec franges et coussin inclus. Supporte 120 kg. Id\u00e9al pour la d\u00e9tente sur la terrasse et dans le jardin. Offre \u20ac79.","breadcrumb":{"@id":"https:\/\/www.lavillagardendesign.com\/fr\/product\/collection-st-lucie-chaise-suspendue-en-macrame-avec-coussin\/#breadcrumb"},"inLanguage":"fr-FR","potentialAction":[{"@type":"ReadAction","target":["https:\/\/www.lavillagardendesign.com\/fr\/product\/collection-st-lucie-chaise-suspendue-en-macrame-avec-coussin\/"]}]},{"@type":"ImageObject","inLanguage":"fr-FR","@id":"https:\/\/www.lavillagardendesign.com\/fr\/product\/collection-st-lucie-chaise-suspendue-en-macrame-avec-coussin\/#primaryimage","url":"https:\/\/www.lavillagardendesign.com\/wp-content\/uploads\/2026\/01\/Design-sans-titre1-3.jpg","contentUrl":"https:\/\/www.lavillagardendesign.com\/wp-content\/uploads\/2026\/01\/Design-sans-titre1-3.jpg","width":700,"height":800},{"@type":"BreadcrumbList","@id":"https:\/\/www.lavillagardendesign.com\/fr\/product\/collection-st-lucie-chaise-suspendue-en-macrame-avec-coussin\/#breadcrumb","itemListElement":[{"@type":"ListItem","position":1,"name":"Home","item":"https:\/\/www.lavillagardendesign.com\/"},{"@type":"ListItem","position":2,"name":"Boutique","item":"https:\/\/www.lavillagardendesign.com\/fr\/boutique\/"},{"@type":"ListItem","position":3,"name":"COLLECTION ST LUCIE &#8211; Chaise suspendue en macram\u00e9 avec coussin"}]},{"@type":"WebSite","@id":"https:\/\/www.lavillagardendesign.com\/#website","url":"https:\/\/www.lavillagardendesign.com\/","name":"La Villa Garden&Design","description":"","publisher":{"@id":"https:\/\/www.lavillagardendesign.com\/#organization"},"potentialAction":[{"@type":"SearchAction","target":{"@type":"EntryPoint","urlTemplate":"https:\/\/www.lavillagardendesign.com\/?s={search_term_string}"},"query-input":{"@type":"PropertyValueSpecification","valueRequired":true,"valueName":"search_term_string"}}],"inLanguage":"fr-FR"},{"@type":"Organization","@id":"https:\/\/www.lavillagardendesign.com\/#organization","name":"La Villa Garden&Design","url":"https:\/\/www.lavillagardendesign.com\/","logo":{"@type":"ImageObject","inLanguage":"fr-FR","@id":"https:\/\/www.lavillagardendesign.com\/#\/schema\/logo\/image\/","url":"https:\/\/www.lavillagardendesign.com\/wp-content\/uploads\/2024\/04\/logolavilla.png","contentUrl":"https:\/\/www.lavillagardendesign.com\/wp-content\/uploads\/2024\/04\/logolavilla.png","width":682,"height":391,"caption":"La Villa Garden&Design"},"image":{"@id":"https:\/\/www.lavillagardendesign.com\/#\/schema\/logo\/image\/"},"sameAs":["https:\/\/www.facebook.com\/lavillagardendesign\/"]}]}},"_links":{"self":[{"href":"https:\/\/www.lavillagardendesign.com\/fr\/wp-json\/wp\/v2\/product\/61094","targetHints":{"allow":["GET"]}}],"collection":[{"href":"https:\/\/www.lavillagardendesign.com\/fr\/wp-json\/wp\/v2\/product"}],"about":[{"href":"https:\/\/www.lavillagardendesign.com\/fr\/wp-json\/wp\/v2\/types\/product"}],"replies":[{"embeddable":true,"href":"https:\/\/www.lavillagardendesign.com\/fr\/wp-json\/wp\/v2\/comments?post=61094"}],"version-history":[{"count":1,"href":"https:\/\/www.lavillagardendesign.com\/fr\/wp-json\/wp\/v2\/product\/61094\/revisions"}],"predecessor-version":[{"id":62136,"href":"https:\/\/www.lavillagardendesign.com\/fr\/wp-json\/wp\/v2\/product\/61094\/revisions\/62136"}],"wp:featuredmedia":[{"embeddable":true,"href":"https:\/\/www.lavillagardendesign.com\/fr\/wp-json\/wp\/v2\/media\/61078"}],"wp:attachment":[{"href":"https:\/\/www.lavillagardendesign.com\/fr\/wp-json\/wp\/v2\/media?parent=61094"}],"wp:term":[{"taxonomy":"product_brand","embeddable":true,"href":"https:\/\/www.lavillagardendesign.com\/fr\/wp-json\/wp\/v2\/product_brand?post=61094"},{"taxonomy":"product_cat","embeddable":true,"href":"https:\/\/www.lavillagardendesign.com\/fr\/wp-json\/wp\/v2\/product_cat?post=61094"},{"taxonomy":"product_tag","embeddable":true,"href":"https:\/\/www.lavillagardendesign.com\/fr\/wp-json\/wp\/v2\/product_tag?post=61094"}],"curies":[{"name":"wp","href":"https:\/\/api.w.org\/{rel}","templated":true}]}}