{"id":61025,"date":"2026-01-28T19:24:29","date_gmt":"2026-01-28T18:24:29","guid":{"rendered":"https:\/\/www.lavillagardendesign.com\/product\/itali-collection-milan-ensemble-de-salon-5-pieces\/"},"modified":"2026-02-10T14:38:31","modified_gmt":"2026-02-10T12:38:31","slug":"itali-collection-milan-ensemble-de-salon-5-pieces","status":"publish","type":"product","link":"https:\/\/www.lavillagardendesign.com\/fr\/product\/itali-collection-milan-ensemble-de-salon-5-pieces\/","title":{"rendered":"ITALI COLLECTION &#8211; MILAN Ensemble de salon 5 pi\u00e8ces"},"content":{"rendered":"","protected":false},"excerpt":{"rendered":"<p>Apportez chaleur et texture \u00e0 votre terrasse avec l&rsquo;ensemble MILAN de la collection <span class=\"il\">ITALI<\/span>. Cet ensemble exclusif de 5 pi\u00e8ces se distingue par son design organique et accueillant : sur une structure <b>en aluminium thermolaqu\u00e9<\/b> se d\u00e9ploie un <b>tissage<\/b> complexe <b>de cordes en polyester<\/b> dans des tons chauds \u00e9l\u00e9gants (Camel\/Sand), r\u00e9sistant aux UV et hydrofuge. Le confort est assur\u00e9 par des coussins haute densit\u00e9<b>(250g\/m\u00b2<\/b>) en tissu <b>Olefin<\/b> de premi\u00e8re qualit\u00e9 (100% polypropyl\u00e8ne), doux au toucher et extr\u00eamement r\u00e9sistants. L&rsquo;ensemble comprend un grand canap\u00e9 3 places (210 cm), deux fauteuils enveloppants et <b>deux tables basses carr\u00e9es de diff\u00e9rentes hauteurs (75&#215;75 et 55&#215;55 cm)<\/b>, con\u00e7ues pour se superposer et cr\u00e9er une composition dynamique.   <\/p>\n<ul>\n<li><b>1x Canap\u00e9 3 places :<\/b> Longueur 210 cm | Profondeur 79,5 cm | Hauteur 80 cm<\/li>\n<li><b>2x Fauteuils :<\/b> Largeur 77 cm | Profondeur 79.5 cm | Hauteur 80 cm<\/li>\n<li><b>1x Grande table basse :<\/b> 75 x 75 cm | Hauteur 35 cm<\/li>\n<li><b>1x Petite table basse :<\/b> 55 x 55 cm | Hauteur 40 cm<\/li>\n<li><b>Hauteur du si\u00e8ge :<\/b> 40 cm | Accoudoirs 53 cm<\/li>\n<\/ul>\n","protected":false},"featured_media":61007,"comment_status":"open","ping_status":"closed","template":"","meta":[],"product_brand":[4998],"product_cat":[2937,2935,2936,6832,5658,6835],"product_tag":[],"class_list":{"0":"post-61025","1":"product","2":"type-product","3":"status-publish","4":"has-post-thumbnail","6":"product_brand-la-villa","7":"product_cat-canapes","8":"product_cat-canapes-fauteuils","9":"product_cat-fauteuils","10":"product_cat-outdoor-fr","11":"product_cat-promos-web","12":"product_cat-salons-complets","14":"first","15":"instock","16":"sale","17":"taxable","18":"shipping-taxable","19":"purchasable","20":"product-type-simple"},"yoast_head":"<!-- This site is optimized with the Yoast SEO plugin v27.4 - https:\/\/yoast.com\/product\/yoast-seo-wordpress\/ -->\n<title>MILAN Salon de jardin corde 5 pi\u00e8ces | La Villa Garden<\/title>\n<meta name=\"description\" content=\"Ensemble de canap\u00e9s d&#039;ext\u00e9rieur 5 pi\u00e8ces MILAN (Collection ITALI). Corde tress\u00e9e dans les tons camel\/sable et coussins en ol\u00e9fine haute densit\u00e9. Comprend 2 tables. Offre \u20ac3,590.\" \/>\n<meta name=\"robots\" content=\"index, follow, max-snippet:-1, max-image-preview:large, max-video-preview:-1\" \/>\n<link rel=\"canonical\" href=\"https:\/\/www.lavillagardendesign.com\/fr\/product\/itali-collection-milan-ensemble-de-salon-5-pieces\/\" \/>\n<meta property=\"og:locale\" content=\"fr_FR\" \/>\n<meta property=\"og:type\" content=\"article\" \/>\n<meta property=\"og:title\" content=\"MILAN Salon de jardin corde 5 pi\u00e8ces | La Villa Garden\" \/>\n<meta property=\"og:description\" content=\"Ensemble de canap\u00e9s d&#039;ext\u00e9rieur 5 pi\u00e8ces MILAN (Collection ITALI). Corde tress\u00e9e dans les tons camel\/sable et coussins en ol\u00e9fine haute densit\u00e9. Comprend 2 tables. Offre \u20ac3,590.\" \/>\n<meta property=\"og:url\" content=\"https:\/\/www.lavillagardendesign.com\/fr\/product\/itali-collection-milan-ensemble-de-salon-5-pieces\/\" \/>\n<meta property=\"og:site_name\" content=\"La Villa Garden&amp;Design\" \/>\n<meta property=\"article:publisher\" content=\"https:\/\/www.facebook.com\/lavillagardendesign\/\" \/>\n<meta property=\"article:modified_time\" content=\"2026-02-10T12:38:31+00:00\" \/>\n<meta property=\"og:image\" content=\"https:\/\/www.lavillagardendesign.com\/wp-content\/uploads\/2026\/01\/Design-sans-titre-2.png\" \/>\n\t<meta property=\"og:image:width\" content=\"700\" \/>\n\t<meta property=\"og:image:height\" content=\"800\" \/>\n\t<meta property=\"og:image:type\" content=\"image\/png\" \/>\n<meta name=\"twitter:card\" content=\"summary_large_image\" \/>\n<script type=\"application\/ld+json\" class=\"yoast-schema-graph\">{\"@context\":\"https:\\\/\\\/schema.org\",\"@graph\":[{\"@type\":\"WebPage\",\"@id\":\"https:\\\/\\\/www.lavillagardendesign.com\\\/fr\\\/product\\\/itali-collection-milan-ensemble-de-salon-5-pieces\\\/\",\"url\":\"https:\\\/\\\/www.lavillagardendesign.com\\\/fr\\\/product\\\/itali-collection-milan-ensemble-de-salon-5-pieces\\\/\",\"name\":\"MILAN Salon de jardin corde 5 pi\u00e8ces | La Villa Garden\",\"isPartOf\":{\"@id\":\"https:\\\/\\\/www.lavillagardendesign.com\\\/#website\"},\"primaryImageOfPage\":{\"@id\":\"https:\\\/\\\/www.lavillagardendesign.com\\\/fr\\\/product\\\/itali-collection-milan-ensemble-de-salon-5-pieces\\\/#primaryimage\"},\"image\":{\"@id\":\"https:\\\/\\\/www.lavillagardendesign.com\\\/fr\\\/product\\\/itali-collection-milan-ensemble-de-salon-5-pieces\\\/#primaryimage\"},\"thumbnailUrl\":\"https:\\\/\\\/www.lavillagardendesign.com\\\/wp-content\\\/uploads\\\/2026\\\/01\\\/Design-sans-titre-2.png\",\"datePublished\":\"2026-01-28T18:24:29+00:00\",\"dateModified\":\"2026-02-10T12:38:31+00:00\",\"description\":\"Ensemble de canap\u00e9s d'ext\u00e9rieur 5 pi\u00e8ces MILAN (Collection ITALI). Corde tress\u00e9e dans les tons camel\\\/sable et coussins en ol\u00e9fine haute densit\u00e9. Comprend 2 tables. Offre \u20ac3,590.\",\"breadcrumb\":{\"@id\":\"https:\\\/\\\/www.lavillagardendesign.com\\\/fr\\\/product\\\/itali-collection-milan-ensemble-de-salon-5-pieces\\\/#breadcrumb\"},\"inLanguage\":\"fr-FR\",\"potentialAction\":[{\"@type\":\"ReadAction\",\"target\":[\"https:\\\/\\\/www.lavillagardendesign.com\\\/fr\\\/product\\\/itali-collection-milan-ensemble-de-salon-5-pieces\\\/\"]}]},{\"@type\":\"ImageObject\",\"inLanguage\":\"fr-FR\",\"@id\":\"https:\\\/\\\/www.lavillagardendesign.com\\\/fr\\\/product\\\/itali-collection-milan-ensemble-de-salon-5-pieces\\\/#primaryimage\",\"url\":\"https:\\\/\\\/www.lavillagardendesign.com\\\/wp-content\\\/uploads\\\/2026\\\/01\\\/Design-sans-titre-2.png\",\"contentUrl\":\"https:\\\/\\\/www.lavillagardendesign.com\\\/wp-content\\\/uploads\\\/2026\\\/01\\\/Design-sans-titre-2.png\",\"width\":700,\"height\":800},{\"@type\":\"BreadcrumbList\",\"@id\":\"https:\\\/\\\/www.lavillagardendesign.com\\\/fr\\\/product\\\/itali-collection-milan-ensemble-de-salon-5-pieces\\\/#breadcrumb\",\"itemListElement\":[{\"@type\":\"ListItem\",\"position\":1,\"name\":\"Home\",\"item\":\"https:\\\/\\\/www.lavillagardendesign.com\\\/\"},{\"@type\":\"ListItem\",\"position\":2,\"name\":\"Boutique\",\"item\":\"https:\\\/\\\/www.lavillagardendesign.com\\\/fr\\\/boutique\\\/\"},{\"@type\":\"ListItem\",\"position\":3,\"name\":\"ITALI COLLECTION &#8211; MILAN Ensemble de salon 5 pi\u00e8ces\"}]},{\"@type\":\"WebSite\",\"@id\":\"https:\\\/\\\/www.lavillagardendesign.com\\\/#website\",\"url\":\"https:\\\/\\\/www.lavillagardendesign.com\\\/\",\"name\":\"La Villa Garden&Design\",\"description\":\"\",\"publisher\":{\"@id\":\"https:\\\/\\\/www.lavillagardendesign.com\\\/#organization\"},\"potentialAction\":[{\"@type\":\"SearchAction\",\"target\":{\"@type\":\"EntryPoint\",\"urlTemplate\":\"https:\\\/\\\/www.lavillagardendesign.com\\\/?s={search_term_string}\"},\"query-input\":{\"@type\":\"PropertyValueSpecification\",\"valueRequired\":true,\"valueName\":\"search_term_string\"}}],\"inLanguage\":\"fr-FR\"},{\"@type\":\"Organization\",\"@id\":\"https:\\\/\\\/www.lavillagardendesign.com\\\/#organization\",\"name\":\"La Villa Garden&Design\",\"url\":\"https:\\\/\\\/www.lavillagardendesign.com\\\/\",\"logo\":{\"@type\":\"ImageObject\",\"inLanguage\":\"fr-FR\",\"@id\":\"https:\\\/\\\/www.lavillagardendesign.com\\\/#\\\/schema\\\/logo\\\/image\\\/\",\"url\":\"https:\\\/\\\/www.lavillagardendesign.com\\\/wp-content\\\/uploads\\\/2024\\\/04\\\/logolavilla.png\",\"contentUrl\":\"https:\\\/\\\/www.lavillagardendesign.com\\\/wp-content\\\/uploads\\\/2024\\\/04\\\/logolavilla.png\",\"width\":682,\"height\":391,\"caption\":\"La Villa Garden&Design\"},\"image\":{\"@id\":\"https:\\\/\\\/www.lavillagardendesign.com\\\/#\\\/schema\\\/logo\\\/image\\\/\"},\"sameAs\":[\"https:\\\/\\\/www.facebook.com\\\/lavillagardendesign\\\/\"]}]}<\/script>\n<!-- \/ Yoast SEO plugin. -->","yoast_head_json":{"title":"MILAN Salon de jardin corde 5 pi\u00e8ces | La Villa Garden","description":"Ensemble de canap\u00e9s d'ext\u00e9rieur 5 pi\u00e8ces MILAN (Collection ITALI). Corde tress\u00e9e dans les tons camel\/sable et coussins en ol\u00e9fine haute densit\u00e9. Comprend 2 tables. Offre \u20ac3,590.","robots":{"index":"index","follow":"follow","max-snippet":"max-snippet:-1","max-image-preview":"max-image-preview:large","max-video-preview":"max-video-preview:-1"},"canonical":"https:\/\/www.lavillagardendesign.com\/fr\/product\/itali-collection-milan-ensemble-de-salon-5-pieces\/","og_locale":"fr_FR","og_type":"article","og_title":"MILAN Salon de jardin corde 5 pi\u00e8ces | La Villa Garden","og_description":"Ensemble de canap\u00e9s d'ext\u00e9rieur 5 pi\u00e8ces MILAN (Collection ITALI). Corde tress\u00e9e dans les tons camel\/sable et coussins en ol\u00e9fine haute densit\u00e9. Comprend 2 tables. Offre \u20ac3,590.","og_url":"https:\/\/www.lavillagardendesign.com\/fr\/product\/itali-collection-milan-ensemble-de-salon-5-pieces\/","og_site_name":"La Villa Garden&amp;Design","article_publisher":"https:\/\/www.facebook.com\/lavillagardendesign\/","article_modified_time":"2026-02-10T12:38:31+00:00","og_image":[{"width":700,"height":800,"url":"https:\/\/www.lavillagardendesign.com\/wp-content\/uploads\/2026\/01\/Design-sans-titre-2.png","type":"image\/png"}],"twitter_card":"summary_large_image","schema":{"@context":"https:\/\/schema.org","@graph":[{"@type":"WebPage","@id":"https:\/\/www.lavillagardendesign.com\/fr\/product\/itali-collection-milan-ensemble-de-salon-5-pieces\/","url":"https:\/\/www.lavillagardendesign.com\/fr\/product\/itali-collection-milan-ensemble-de-salon-5-pieces\/","name":"MILAN Salon de jardin corde 5 pi\u00e8ces | La Villa Garden","isPartOf":{"@id":"https:\/\/www.lavillagardendesign.com\/#website"},"primaryImageOfPage":{"@id":"https:\/\/www.lavillagardendesign.com\/fr\/product\/itali-collection-milan-ensemble-de-salon-5-pieces\/#primaryimage"},"image":{"@id":"https:\/\/www.lavillagardendesign.com\/fr\/product\/itali-collection-milan-ensemble-de-salon-5-pieces\/#primaryimage"},"thumbnailUrl":"https:\/\/www.lavillagardendesign.com\/wp-content\/uploads\/2026\/01\/Design-sans-titre-2.png","datePublished":"2026-01-28T18:24:29+00:00","dateModified":"2026-02-10T12:38:31+00:00","description":"Ensemble de canap\u00e9s d'ext\u00e9rieur 5 pi\u00e8ces MILAN (Collection ITALI). Corde tress\u00e9e dans les tons camel\/sable et coussins en ol\u00e9fine haute densit\u00e9. Comprend 2 tables. Offre \u20ac3,590.","breadcrumb":{"@id":"https:\/\/www.lavillagardendesign.com\/fr\/product\/itali-collection-milan-ensemble-de-salon-5-pieces\/#breadcrumb"},"inLanguage":"fr-FR","potentialAction":[{"@type":"ReadAction","target":["https:\/\/www.lavillagardendesign.com\/fr\/product\/itali-collection-milan-ensemble-de-salon-5-pieces\/"]}]},{"@type":"ImageObject","inLanguage":"fr-FR","@id":"https:\/\/www.lavillagardendesign.com\/fr\/product\/itali-collection-milan-ensemble-de-salon-5-pieces\/#primaryimage","url":"https:\/\/www.lavillagardendesign.com\/wp-content\/uploads\/2026\/01\/Design-sans-titre-2.png","contentUrl":"https:\/\/www.lavillagardendesign.com\/wp-content\/uploads\/2026\/01\/Design-sans-titre-2.png","width":700,"height":800},{"@type":"BreadcrumbList","@id":"https:\/\/www.lavillagardendesign.com\/fr\/product\/itali-collection-milan-ensemble-de-salon-5-pieces\/#breadcrumb","itemListElement":[{"@type":"ListItem","position":1,"name":"Home","item":"https:\/\/www.lavillagardendesign.com\/"},{"@type":"ListItem","position":2,"name":"Boutique","item":"https:\/\/www.lavillagardendesign.com\/fr\/boutique\/"},{"@type":"ListItem","position":3,"name":"ITALI COLLECTION &#8211; MILAN Ensemble de salon 5 pi\u00e8ces"}]},{"@type":"WebSite","@id":"https:\/\/www.lavillagardendesign.com\/#website","url":"https:\/\/www.lavillagardendesign.com\/","name":"La Villa Garden&Design","description":"","publisher":{"@id":"https:\/\/www.lavillagardendesign.com\/#organization"},"potentialAction":[{"@type":"SearchAction","target":{"@type":"EntryPoint","urlTemplate":"https:\/\/www.lavillagardendesign.com\/?s={search_term_string}"},"query-input":{"@type":"PropertyValueSpecification","valueRequired":true,"valueName":"search_term_string"}}],"inLanguage":"fr-FR"},{"@type":"Organization","@id":"https:\/\/www.lavillagardendesign.com\/#organization","name":"La Villa Garden&Design","url":"https:\/\/www.lavillagardendesign.com\/","logo":{"@type":"ImageObject","inLanguage":"fr-FR","@id":"https:\/\/www.lavillagardendesign.com\/#\/schema\/logo\/image\/","url":"https:\/\/www.lavillagardendesign.com\/wp-content\/uploads\/2024\/04\/logolavilla.png","contentUrl":"https:\/\/www.lavillagardendesign.com\/wp-content\/uploads\/2024\/04\/logolavilla.png","width":682,"height":391,"caption":"La Villa Garden&Design"},"image":{"@id":"https:\/\/www.lavillagardendesign.com\/#\/schema\/logo\/image\/"},"sameAs":["https:\/\/www.facebook.com\/lavillagardendesign\/"]}]}},"_links":{"self":[{"href":"https:\/\/www.lavillagardendesign.com\/fr\/wp-json\/wp\/v2\/product\/61025","targetHints":{"allow":["GET"]}}],"collection":[{"href":"https:\/\/www.lavillagardendesign.com\/fr\/wp-json\/wp\/v2\/product"}],"about":[{"href":"https:\/\/www.lavillagardendesign.com\/fr\/wp-json\/wp\/v2\/types\/product"}],"replies":[{"embeddable":true,"href":"https:\/\/www.lavillagardendesign.com\/fr\/wp-json\/wp\/v2\/comments?post=61025"}],"version-history":[{"count":1,"href":"https:\/\/www.lavillagardendesign.com\/fr\/wp-json\/wp\/v2\/product\/61025\/revisions"}],"predecessor-version":[{"id":62141,"href":"https:\/\/www.lavillagardendesign.com\/fr\/wp-json\/wp\/v2\/product\/61025\/revisions\/62141"}],"wp:featuredmedia":[{"embeddable":true,"href":"https:\/\/www.lavillagardendesign.com\/fr\/wp-json\/wp\/v2\/media\/61007"}],"wp:attachment":[{"href":"https:\/\/www.lavillagardendesign.com\/fr\/wp-json\/wp\/v2\/media?parent=61025"}],"wp:term":[{"taxonomy":"product_brand","embeddable":true,"href":"https:\/\/www.lavillagardendesign.com\/fr\/wp-json\/wp\/v2\/product_brand?post=61025"},{"taxonomy":"product_cat","embeddable":true,"href":"https:\/\/www.lavillagardendesign.com\/fr\/wp-json\/wp\/v2\/product_cat?post=61025"},{"taxonomy":"product_tag","embeddable":true,"href":"https:\/\/www.lavillagardendesign.com\/fr\/wp-json\/wp\/v2\/product_tag?post=61025"}],"curies":[{"name":"wp","href":"https:\/\/api.w.org\/{rel}","templated":true}]}}