{"id":61024,"date":"2026-01-28T18:11:56","date_gmt":"2026-01-28T17:11:56","guid":{"rendered":"https:\/\/www.lavillagardendesign.com\/product\/itali-collection-ensemble-de-salon-5-pieces-niva\/"},"modified":"2026-02-10T14:38:24","modified_gmt":"2026-02-10T12:38:24","slug":"itali-collection-ensemble-de-salon-5-pieces-niva","status":"publish","type":"product","link":"https:\/\/www.lavillagardendesign.com\/fr\/product\/itali-collection-ensemble-de-salon-5-pieces-niva\/","title":{"rendered":"ITALI COLLECTION &#8211; Ensemble de salon 5 pi\u00e8ces NIVA"},"content":{"rendered":"","protected":false},"excerpt":{"rendered":"<p>Injectez de la fra\u00eecheur et un style contemporain \u00e0 votre terrasse avec le NIVA Lounge Set. Cet ensemble complet de <b>5 pi\u00e8ces<\/b> est con\u00e7u pour durer et se d\u00e9marquer : la structure du si\u00e8ge combine un corps en <b>polypropyl\u00e8ne (PP)<\/b> dans la couleur tendance <b>Sage Green<\/b>, r\u00e9sistant aux UV, avec des pieds stylis\u00e9s en acier. La durabilit\u00e9 est assur\u00e9e gr\u00e2ce au traitement <b>E-Coating<\/b> et au rev\u00eatement en poudre de l&rsquo;acier, qui le prot\u00e8gent contre la rouille. Le confort est assur\u00e9 par des coussins d\u00e9houssables et hydrofuges. L&rsquo;ensemble est compl\u00e9t\u00e9 par <b>deux tables basses rondes de hauteur et de diam\u00e8tre diff\u00e9rents (\u00d865 et \u00d851 cm)<\/b>, qui ajoutent dynamisme et fonctionnalit\u00e9 au centre de rassemblement.    <\/p>\n<ul>\n<li><b>1x Canap\u00e9 2 places :<\/b> Longueur 121 cm | Profondeur 64 cm | Hauteur 68 cm<\/li>\n<li><b>2x Fauteuils :<\/b> Largeur 77 cm | Profondeur 64 cm | Hauteur 68 cm<\/li>\n<li><b>1x Grande table basse :<\/b> Diam\u00e8tre \u00d865 cm | Hauteur 45 cm<\/li>\n<li><b>1x Petite table basse :<\/b> Diam\u00e8tre \u00d851 cm | Hauteur 40 cm<\/li>\n<li><b>Hauteur de l&rsquo;assise :<\/b> 31,5 cm (Structure) + Coussin.<\/li>\n<\/ul>\n","protected":false},"featured_media":60863,"comment_status":"open","ping_status":"closed","template":"","meta":[],"product_brand":[4998],"product_cat":[2937,2935,2936,6832,5658,6835],"product_tag":[],"class_list":{"0":"post-61024","1":"product","2":"type-product","3":"status-publish","4":"has-post-thumbnail","6":"product_brand-la-villa","7":"product_cat-canapes","8":"product_cat-canapes-fauteuils","9":"product_cat-fauteuils","10":"product_cat-outdoor-fr","11":"product_cat-promos-web","12":"product_cat-salons-complets","14":"first","15":"instock","16":"sale","17":"taxable","18":"shipping-taxable","19":"purchasable","20":"product-type-simple"},"yoast_head":"<!-- This site is optimized with the Yoast SEO plugin v27.4 - https:\/\/yoast.com\/product\/yoast-seo-wordpress\/ -->\n<title>NIVA 5-Piece Garden Set Sage Green &amp; Steel | La Villa Garden<\/title>\n<meta name=\"description\" content=\"Ensemble de salon d&#039;ext\u00e9rieur NIVA (Collection ITALI). Canap\u00e9, 2 fauteuils et 2 tables rondes en vert sauge. Polypropyl\u00e8ne et acier E-Coating. Offre \u20ac990.\" \/>\n<meta name=\"robots\" content=\"index, follow, max-snippet:-1, max-image-preview:large, max-video-preview:-1\" \/>\n<link rel=\"canonical\" href=\"https:\/\/www.lavillagardendesign.com\/fr\/product\/itali-collection-ensemble-de-salon-5-pieces-niva\/\" \/>\n<meta property=\"og:locale\" content=\"fr_FR\" \/>\n<meta property=\"og:type\" content=\"article\" \/>\n<meta property=\"og:title\" content=\"NIVA 5-Piece Garden Set Sage Green &amp; Steel | La Villa Garden\" \/>\n<meta property=\"og:description\" content=\"Ensemble de salon d&#039;ext\u00e9rieur NIVA (Collection ITALI). Canap\u00e9, 2 fauteuils et 2 tables rondes en vert sauge. Polypropyl\u00e8ne et acier E-Coating. Offre \u20ac990.\" \/>\n<meta property=\"og:url\" content=\"https:\/\/www.lavillagardendesign.com\/fr\/product\/itali-collection-ensemble-de-salon-5-pieces-niva\/\" \/>\n<meta property=\"og:site_name\" content=\"La Villa Garden&amp;Design\" \/>\n<meta property=\"article:publisher\" content=\"https:\/\/www.facebook.com\/lavillagardendesign\/\" \/>\n<meta property=\"article:modified_time\" content=\"2026-02-10T12:38:24+00:00\" \/>\n<meta property=\"og:image\" content=\"https:\/\/www.lavillagardendesign.com\/wp-content\/uploads\/2026\/01\/Design-sans-titre-2-1.jpg\" \/>\n\t<meta property=\"og:image:width\" content=\"700\" \/>\n\t<meta property=\"og:image:height\" content=\"800\" \/>\n\t<meta property=\"og:image:type\" content=\"image\/jpeg\" \/>\n<meta name=\"twitter:card\" content=\"summary_large_image\" \/>\n<script type=\"application\/ld+json\" class=\"yoast-schema-graph\">{\"@context\":\"https:\\\/\\\/schema.org\",\"@graph\":[{\"@type\":\"WebPage\",\"@id\":\"https:\\\/\\\/www.lavillagardendesign.com\\\/fr\\\/product\\\/itali-collection-ensemble-de-salon-5-pieces-niva\\\/\",\"url\":\"https:\\\/\\\/www.lavillagardendesign.com\\\/fr\\\/product\\\/itali-collection-ensemble-de-salon-5-pieces-niva\\\/\",\"name\":\"NIVA 5-Piece Garden Set Sage Green & Steel | La Villa Garden\",\"isPartOf\":{\"@id\":\"https:\\\/\\\/www.lavillagardendesign.com\\\/#website\"},\"primaryImageOfPage\":{\"@id\":\"https:\\\/\\\/www.lavillagardendesign.com\\\/fr\\\/product\\\/itali-collection-ensemble-de-salon-5-pieces-niva\\\/#primaryimage\"},\"image\":{\"@id\":\"https:\\\/\\\/www.lavillagardendesign.com\\\/fr\\\/product\\\/itali-collection-ensemble-de-salon-5-pieces-niva\\\/#primaryimage\"},\"thumbnailUrl\":\"https:\\\/\\\/www.lavillagardendesign.com\\\/wp-content\\\/uploads\\\/2026\\\/01\\\/Design-sans-titre-2-1.jpg\",\"datePublished\":\"2026-01-28T17:11:56+00:00\",\"dateModified\":\"2026-02-10T12:38:24+00:00\",\"description\":\"Ensemble de salon d'ext\u00e9rieur NIVA (Collection ITALI). Canap\u00e9, 2 fauteuils et 2 tables rondes en vert sauge. Polypropyl\u00e8ne et acier E-Coating. Offre \u20ac990.\",\"breadcrumb\":{\"@id\":\"https:\\\/\\\/www.lavillagardendesign.com\\\/fr\\\/product\\\/itali-collection-ensemble-de-salon-5-pieces-niva\\\/#breadcrumb\"},\"inLanguage\":\"fr-FR\",\"potentialAction\":[{\"@type\":\"ReadAction\",\"target\":[\"https:\\\/\\\/www.lavillagardendesign.com\\\/fr\\\/product\\\/itali-collection-ensemble-de-salon-5-pieces-niva\\\/\"]}]},{\"@type\":\"ImageObject\",\"inLanguage\":\"fr-FR\",\"@id\":\"https:\\\/\\\/www.lavillagardendesign.com\\\/fr\\\/product\\\/itali-collection-ensemble-de-salon-5-pieces-niva\\\/#primaryimage\",\"url\":\"https:\\\/\\\/www.lavillagardendesign.com\\\/wp-content\\\/uploads\\\/2026\\\/01\\\/Design-sans-titre-2-1.jpg\",\"contentUrl\":\"https:\\\/\\\/www.lavillagardendesign.com\\\/wp-content\\\/uploads\\\/2026\\\/01\\\/Design-sans-titre-2-1.jpg\",\"width\":700,\"height\":800},{\"@type\":\"BreadcrumbList\",\"@id\":\"https:\\\/\\\/www.lavillagardendesign.com\\\/fr\\\/product\\\/itali-collection-ensemble-de-salon-5-pieces-niva\\\/#breadcrumb\",\"itemListElement\":[{\"@type\":\"ListItem\",\"position\":1,\"name\":\"Home\",\"item\":\"https:\\\/\\\/www.lavillagardendesign.com\\\/\"},{\"@type\":\"ListItem\",\"position\":2,\"name\":\"Boutique\",\"item\":\"https:\\\/\\\/www.lavillagardendesign.com\\\/fr\\\/boutique\\\/\"},{\"@type\":\"ListItem\",\"position\":3,\"name\":\"ITALI COLLECTION &#8211; Ensemble de salon 5 pi\u00e8ces NIVA\"}]},{\"@type\":\"WebSite\",\"@id\":\"https:\\\/\\\/www.lavillagardendesign.com\\\/#website\",\"url\":\"https:\\\/\\\/www.lavillagardendesign.com\\\/\",\"name\":\"La Villa Garden&Design\",\"description\":\"\",\"publisher\":{\"@id\":\"https:\\\/\\\/www.lavillagardendesign.com\\\/#organization\"},\"potentialAction\":[{\"@type\":\"SearchAction\",\"target\":{\"@type\":\"EntryPoint\",\"urlTemplate\":\"https:\\\/\\\/www.lavillagardendesign.com\\\/?s={search_term_string}\"},\"query-input\":{\"@type\":\"PropertyValueSpecification\",\"valueRequired\":true,\"valueName\":\"search_term_string\"}}],\"inLanguage\":\"fr-FR\"},{\"@type\":\"Organization\",\"@id\":\"https:\\\/\\\/www.lavillagardendesign.com\\\/#organization\",\"name\":\"La Villa Garden&Design\",\"url\":\"https:\\\/\\\/www.lavillagardendesign.com\\\/\",\"logo\":{\"@type\":\"ImageObject\",\"inLanguage\":\"fr-FR\",\"@id\":\"https:\\\/\\\/www.lavillagardendesign.com\\\/#\\\/schema\\\/logo\\\/image\\\/\",\"url\":\"https:\\\/\\\/www.lavillagardendesign.com\\\/wp-content\\\/uploads\\\/2024\\\/04\\\/logolavilla.png\",\"contentUrl\":\"https:\\\/\\\/www.lavillagardendesign.com\\\/wp-content\\\/uploads\\\/2024\\\/04\\\/logolavilla.png\",\"width\":682,\"height\":391,\"caption\":\"La Villa Garden&Design\"},\"image\":{\"@id\":\"https:\\\/\\\/www.lavillagardendesign.com\\\/#\\\/schema\\\/logo\\\/image\\\/\"},\"sameAs\":[\"https:\\\/\\\/www.facebook.com\\\/lavillagardendesign\\\/\"]}]}<\/script>\n<!-- \/ Yoast SEO plugin. -->","yoast_head_json":{"title":"NIVA 5-Piece Garden Set Sage Green & Steel | La Villa Garden","description":"Ensemble de salon d'ext\u00e9rieur NIVA (Collection ITALI). Canap\u00e9, 2 fauteuils et 2 tables rondes en vert sauge. Polypropyl\u00e8ne et acier E-Coating. Offre \u20ac990.","robots":{"index":"index","follow":"follow","max-snippet":"max-snippet:-1","max-image-preview":"max-image-preview:large","max-video-preview":"max-video-preview:-1"},"canonical":"https:\/\/www.lavillagardendesign.com\/fr\/product\/itali-collection-ensemble-de-salon-5-pieces-niva\/","og_locale":"fr_FR","og_type":"article","og_title":"NIVA 5-Piece Garden Set Sage Green & Steel | La Villa Garden","og_description":"Ensemble de salon d'ext\u00e9rieur NIVA (Collection ITALI). Canap\u00e9, 2 fauteuils et 2 tables rondes en vert sauge. Polypropyl\u00e8ne et acier E-Coating. Offre \u20ac990.","og_url":"https:\/\/www.lavillagardendesign.com\/fr\/product\/itali-collection-ensemble-de-salon-5-pieces-niva\/","og_site_name":"La Villa Garden&amp;Design","article_publisher":"https:\/\/www.facebook.com\/lavillagardendesign\/","article_modified_time":"2026-02-10T12:38:24+00:00","og_image":[{"width":700,"height":800,"url":"https:\/\/www.lavillagardendesign.com\/wp-content\/uploads\/2026\/01\/Design-sans-titre-2-1.jpg","type":"image\/jpeg"}],"twitter_card":"summary_large_image","schema":{"@context":"https:\/\/schema.org","@graph":[{"@type":"WebPage","@id":"https:\/\/www.lavillagardendesign.com\/fr\/product\/itali-collection-ensemble-de-salon-5-pieces-niva\/","url":"https:\/\/www.lavillagardendesign.com\/fr\/product\/itali-collection-ensemble-de-salon-5-pieces-niva\/","name":"NIVA 5-Piece Garden Set Sage Green & Steel | La Villa Garden","isPartOf":{"@id":"https:\/\/www.lavillagardendesign.com\/#website"},"primaryImageOfPage":{"@id":"https:\/\/www.lavillagardendesign.com\/fr\/product\/itali-collection-ensemble-de-salon-5-pieces-niva\/#primaryimage"},"image":{"@id":"https:\/\/www.lavillagardendesign.com\/fr\/product\/itali-collection-ensemble-de-salon-5-pieces-niva\/#primaryimage"},"thumbnailUrl":"https:\/\/www.lavillagardendesign.com\/wp-content\/uploads\/2026\/01\/Design-sans-titre-2-1.jpg","datePublished":"2026-01-28T17:11:56+00:00","dateModified":"2026-02-10T12:38:24+00:00","description":"Ensemble de salon d'ext\u00e9rieur NIVA (Collection ITALI). Canap\u00e9, 2 fauteuils et 2 tables rondes en vert sauge. Polypropyl\u00e8ne et acier E-Coating. Offre \u20ac990.","breadcrumb":{"@id":"https:\/\/www.lavillagardendesign.com\/fr\/product\/itali-collection-ensemble-de-salon-5-pieces-niva\/#breadcrumb"},"inLanguage":"fr-FR","potentialAction":[{"@type":"ReadAction","target":["https:\/\/www.lavillagardendesign.com\/fr\/product\/itali-collection-ensemble-de-salon-5-pieces-niva\/"]}]},{"@type":"ImageObject","inLanguage":"fr-FR","@id":"https:\/\/www.lavillagardendesign.com\/fr\/product\/itali-collection-ensemble-de-salon-5-pieces-niva\/#primaryimage","url":"https:\/\/www.lavillagardendesign.com\/wp-content\/uploads\/2026\/01\/Design-sans-titre-2-1.jpg","contentUrl":"https:\/\/www.lavillagardendesign.com\/wp-content\/uploads\/2026\/01\/Design-sans-titre-2-1.jpg","width":700,"height":800},{"@type":"BreadcrumbList","@id":"https:\/\/www.lavillagardendesign.com\/fr\/product\/itali-collection-ensemble-de-salon-5-pieces-niva\/#breadcrumb","itemListElement":[{"@type":"ListItem","position":1,"name":"Home","item":"https:\/\/www.lavillagardendesign.com\/"},{"@type":"ListItem","position":2,"name":"Boutique","item":"https:\/\/www.lavillagardendesign.com\/fr\/boutique\/"},{"@type":"ListItem","position":3,"name":"ITALI COLLECTION &#8211; Ensemble de salon 5 pi\u00e8ces NIVA"}]},{"@type":"WebSite","@id":"https:\/\/www.lavillagardendesign.com\/#website","url":"https:\/\/www.lavillagardendesign.com\/","name":"La Villa Garden&Design","description":"","publisher":{"@id":"https:\/\/www.lavillagardendesign.com\/#organization"},"potentialAction":[{"@type":"SearchAction","target":{"@type":"EntryPoint","urlTemplate":"https:\/\/www.lavillagardendesign.com\/?s={search_term_string}"},"query-input":{"@type":"PropertyValueSpecification","valueRequired":true,"valueName":"search_term_string"}}],"inLanguage":"fr-FR"},{"@type":"Organization","@id":"https:\/\/www.lavillagardendesign.com\/#organization","name":"La Villa Garden&Design","url":"https:\/\/www.lavillagardendesign.com\/","logo":{"@type":"ImageObject","inLanguage":"fr-FR","@id":"https:\/\/www.lavillagardendesign.com\/#\/schema\/logo\/image\/","url":"https:\/\/www.lavillagardendesign.com\/wp-content\/uploads\/2024\/04\/logolavilla.png","contentUrl":"https:\/\/www.lavillagardendesign.com\/wp-content\/uploads\/2024\/04\/logolavilla.png","width":682,"height":391,"caption":"La Villa Garden&Design"},"image":{"@id":"https:\/\/www.lavillagardendesign.com\/#\/schema\/logo\/image\/"},"sameAs":["https:\/\/www.facebook.com\/lavillagardendesign\/"]}]}},"_links":{"self":[{"href":"https:\/\/www.lavillagardendesign.com\/fr\/wp-json\/wp\/v2\/product\/61024","targetHints":{"allow":["GET"]}}],"collection":[{"href":"https:\/\/www.lavillagardendesign.com\/fr\/wp-json\/wp\/v2\/product"}],"about":[{"href":"https:\/\/www.lavillagardendesign.com\/fr\/wp-json\/wp\/v2\/types\/product"}],"replies":[{"embeddable":true,"href":"https:\/\/www.lavillagardendesign.com\/fr\/wp-json\/wp\/v2\/comments?post=61024"}],"version-history":[{"count":1,"href":"https:\/\/www.lavillagardendesign.com\/fr\/wp-json\/wp\/v2\/product\/61024\/revisions"}],"predecessor-version":[{"id":61644,"href":"https:\/\/www.lavillagardendesign.com\/fr\/wp-json\/wp\/v2\/product\/61024\/revisions\/61644"}],"wp:featuredmedia":[{"embeddable":true,"href":"https:\/\/www.lavillagardendesign.com\/fr\/wp-json\/wp\/v2\/media\/60863"}],"wp:attachment":[{"href":"https:\/\/www.lavillagardendesign.com\/fr\/wp-json\/wp\/v2\/media?parent=61024"}],"wp:term":[{"taxonomy":"product_brand","embeddable":true,"href":"https:\/\/www.lavillagardendesign.com\/fr\/wp-json\/wp\/v2\/product_brand?post=61024"},{"taxonomy":"product_cat","embeddable":true,"href":"https:\/\/www.lavillagardendesign.com\/fr\/wp-json\/wp\/v2\/product_cat?post=61024"},{"taxonomy":"product_tag","embeddable":true,"href":"https:\/\/www.lavillagardendesign.com\/fr\/wp-json\/wp\/v2\/product_tag?post=61024"}],"curies":[{"name":"wp","href":"https:\/\/api.w.org\/{rel}","templated":true}]}}