{"id":61019,"date":"2026-01-28T18:34:49","date_gmt":"2026-01-28T17:34:49","guid":{"rendered":"https:\/\/www.lavillagardendesign.com\/product\/itali-collection-ensemble-de-salon-4-pieces-venezia\/"},"modified":"2026-02-10T14:38:28","modified_gmt":"2026-02-10T12:38:28","slug":"itali-collection-ensemble-de-salon-4-pieces-venezia","status":"publish","type":"product","link":"https:\/\/www.lavillagardendesign.com\/fr\/product\/itali-collection-ensemble-de-salon-4-pieces-venezia\/","title":{"rendered":"ITALI COLLECTION &#8211; Ensemble de salon 4 pi\u00e8ces VENEZIA"},"content":{"rendered":"","protected":false},"excerpt":{"rendered":"<p>Profitez de l&rsquo;esth\u00e9tique intemporelle du bois sans ses inconv\u00e9nients avec l&rsquo;ensemble de salon VENEZIA. Cet ensemble grand format se distingue par sa structure <b>en aluminium thermolaqu\u00e9<\/b> en <b> finition \u00ab\u00a0Natural\u00a0\u00bb<\/b>, une imitation bois si r\u00e9aliste qu&rsquo;elle apporte une chaleur visuelle instantan\u00e9e avec l&rsquo;avantage de ne pas rouiller et de ne n\u00e9cessiter ni huile ni pon\u00e7age. Le confort est assur\u00e9 par ses dimensions g\u00e9n\u00e9reuses (canap\u00e9 de 206 cm) et ses profonds coussins d&rsquo;assise et de dossier, r\u00e9alis\u00e9s en tissu <b>Olefin<\/b> (100 % polypropyl\u00e8ne), le mat\u00e9riau leader en mati\u00e8re de r\u00e9sistance au soleil et d&rsquo;imperm\u00e9abilit\u00e9 \u00e0 l&rsquo;eau. Il est accompagn\u00e9 d&rsquo;une grande <b>table basse rectangulaire<\/b> assortie <b>(130&#215;73,5 cm)<\/b> et de <b>pieds r\u00e9glables<\/b> pour une stabilit\u00e9 parfaite sur toutes les surfaces.   <\/p>\n<ul>\n<li><b>1x Canap\u00e9 3 places :<\/b> Longueur 206 cm | Profondeur 85,5 cm | Hauteur 83 cm<\/li>\n<li><b>2x Fauteuils :<\/b> Largeur 82 cm | Profondeur 85,5 cm | Hauteur 83 cm<\/li>\n<li><b>1x Table basse :<\/b> Longueur 130 cm | Largeur 73.5 cm | Hauteur 38 cm<\/li>\n<li><b>Hauteur :<\/b> Assise 39,5 cm | Accoudoirs 59 cm | Dossier 76\/83 cm<\/li>\n<\/ul>\n","protected":false},"featured_media":60868,"comment_status":"open","ping_status":"closed","template":"","meta":[],"product_brand":[4998],"product_cat":[2937,2935,2936,6832,5658,6835],"product_tag":[],"class_list":{"0":"post-61019","1":"product","2":"type-product","3":"status-publish","4":"has-post-thumbnail","6":"product_brand-la-villa","7":"product_cat-canapes","8":"product_cat-canapes-fauteuils","9":"product_cat-fauteuils","10":"product_cat-outdoor-fr","11":"product_cat-promos-web","12":"product_cat-salons-complets","14":"first","15":"instock","16":"sale","17":"taxable","18":"shipping-taxable","19":"purchasable","20":"product-type-simple"},"yoast_head":"<!-- This site is optimized with the Yoast SEO plugin v27.4 - https:\/\/yoast.com\/product\/yoast-seo-wordpress\/ -->\n<title>VENEZIA Salon de jardin en bois naturel | La Villa Garden<\/title>\n<meta name=\"description\" content=\"Ensemble de canap\u00e9s d&#039;ext\u00e9rieur 4 pi\u00e8ces VENEZIA (Collection ITALI). Aluminium finition bois naturel et coussins en ol\u00e9fine haut de gamme. Table basse de 130 cm. Offre \u20ac2,990.\" \/>\n<meta name=\"robots\" content=\"index, follow, max-snippet:-1, max-image-preview:large, max-video-preview:-1\" \/>\n<link rel=\"canonical\" href=\"https:\/\/www.lavillagardendesign.com\/fr\/product\/itali-collection-ensemble-de-salon-4-pieces-venezia\/\" \/>\n<meta property=\"og:locale\" content=\"fr_FR\" \/>\n<meta property=\"og:type\" content=\"article\" \/>\n<meta property=\"og:title\" content=\"VENEZIA Salon de jardin en bois naturel | La Villa Garden\" \/>\n<meta property=\"og:description\" content=\"Ensemble de canap\u00e9s d&#039;ext\u00e9rieur 4 pi\u00e8ces VENEZIA (Collection ITALI). Aluminium finition bois naturel et coussins en ol\u00e9fine haut de gamme. Table basse de 130 cm. Offre \u20ac2,990.\" \/>\n<meta property=\"og:url\" content=\"https:\/\/www.lavillagardendesign.com\/fr\/product\/itali-collection-ensemble-de-salon-4-pieces-venezia\/\" \/>\n<meta property=\"og:site_name\" content=\"La Villa Garden&amp;Design\" \/>\n<meta property=\"article:publisher\" content=\"https:\/\/www.facebook.com\/lavillagardendesign\/\" \/>\n<meta property=\"article:modified_time\" content=\"2026-02-10T12:38:28+00:00\" \/>\n<meta property=\"og:image\" content=\"https:\/\/www.lavillagardendesign.com\/wp-content\/uploads\/2026\/01\/Design-sans-titre1-2.jpg\" \/>\n\t<meta property=\"og:image:width\" content=\"700\" \/>\n\t<meta property=\"og:image:height\" content=\"800\" \/>\n\t<meta property=\"og:image:type\" content=\"image\/jpeg\" \/>\n<meta name=\"twitter:card\" content=\"summary_large_image\" \/>\n<script type=\"application\/ld+json\" class=\"yoast-schema-graph\">{\"@context\":\"https:\\\/\\\/schema.org\",\"@graph\":[{\"@type\":\"WebPage\",\"@id\":\"https:\\\/\\\/www.lavillagardendesign.com\\\/fr\\\/product\\\/itali-collection-ensemble-de-salon-4-pieces-venezia\\\/\",\"url\":\"https:\\\/\\\/www.lavillagardendesign.com\\\/fr\\\/product\\\/itali-collection-ensemble-de-salon-4-pieces-venezia\\\/\",\"name\":\"VENEZIA Salon de jardin en bois naturel | La Villa Garden\",\"isPartOf\":{\"@id\":\"https:\\\/\\\/www.lavillagardendesign.com\\\/#website\"},\"primaryImageOfPage\":{\"@id\":\"https:\\\/\\\/www.lavillagardendesign.com\\\/fr\\\/product\\\/itali-collection-ensemble-de-salon-4-pieces-venezia\\\/#primaryimage\"},\"image\":{\"@id\":\"https:\\\/\\\/www.lavillagardendesign.com\\\/fr\\\/product\\\/itali-collection-ensemble-de-salon-4-pieces-venezia\\\/#primaryimage\"},\"thumbnailUrl\":\"https:\\\/\\\/www.lavillagardendesign.com\\\/wp-content\\\/uploads\\\/2026\\\/01\\\/Design-sans-titre1-2.jpg\",\"datePublished\":\"2026-01-28T17:34:49+00:00\",\"dateModified\":\"2026-02-10T12:38:28+00:00\",\"description\":\"Ensemble de canap\u00e9s d'ext\u00e9rieur 4 pi\u00e8ces VENEZIA (Collection ITALI). Aluminium finition bois naturel et coussins en ol\u00e9fine haut de gamme. Table basse de 130 cm. Offre \u20ac2,990.\",\"breadcrumb\":{\"@id\":\"https:\\\/\\\/www.lavillagardendesign.com\\\/fr\\\/product\\\/itali-collection-ensemble-de-salon-4-pieces-venezia\\\/#breadcrumb\"},\"inLanguage\":\"fr-FR\",\"potentialAction\":[{\"@type\":\"ReadAction\",\"target\":[\"https:\\\/\\\/www.lavillagardendesign.com\\\/fr\\\/product\\\/itali-collection-ensemble-de-salon-4-pieces-venezia\\\/\"]}]},{\"@type\":\"ImageObject\",\"inLanguage\":\"fr-FR\",\"@id\":\"https:\\\/\\\/www.lavillagardendesign.com\\\/fr\\\/product\\\/itali-collection-ensemble-de-salon-4-pieces-venezia\\\/#primaryimage\",\"url\":\"https:\\\/\\\/www.lavillagardendesign.com\\\/wp-content\\\/uploads\\\/2026\\\/01\\\/Design-sans-titre1-2.jpg\",\"contentUrl\":\"https:\\\/\\\/www.lavillagardendesign.com\\\/wp-content\\\/uploads\\\/2026\\\/01\\\/Design-sans-titre1-2.jpg\",\"width\":700,\"height\":800},{\"@type\":\"BreadcrumbList\",\"@id\":\"https:\\\/\\\/www.lavillagardendesign.com\\\/fr\\\/product\\\/itali-collection-ensemble-de-salon-4-pieces-venezia\\\/#breadcrumb\",\"itemListElement\":[{\"@type\":\"ListItem\",\"position\":1,\"name\":\"Home\",\"item\":\"https:\\\/\\\/www.lavillagardendesign.com\\\/\"},{\"@type\":\"ListItem\",\"position\":2,\"name\":\"Boutique\",\"item\":\"https:\\\/\\\/www.lavillagardendesign.com\\\/fr\\\/boutique\\\/\"},{\"@type\":\"ListItem\",\"position\":3,\"name\":\"ITALI COLLECTION &#8211; Ensemble de salon 4 pi\u00e8ces VENEZIA\"}]},{\"@type\":\"WebSite\",\"@id\":\"https:\\\/\\\/www.lavillagardendesign.com\\\/#website\",\"url\":\"https:\\\/\\\/www.lavillagardendesign.com\\\/\",\"name\":\"La Villa Garden&Design\",\"description\":\"\",\"publisher\":{\"@id\":\"https:\\\/\\\/www.lavillagardendesign.com\\\/#organization\"},\"potentialAction\":[{\"@type\":\"SearchAction\",\"target\":{\"@type\":\"EntryPoint\",\"urlTemplate\":\"https:\\\/\\\/www.lavillagardendesign.com\\\/?s={search_term_string}\"},\"query-input\":{\"@type\":\"PropertyValueSpecification\",\"valueRequired\":true,\"valueName\":\"search_term_string\"}}],\"inLanguage\":\"fr-FR\"},{\"@type\":\"Organization\",\"@id\":\"https:\\\/\\\/www.lavillagardendesign.com\\\/#organization\",\"name\":\"La Villa Garden&Design\",\"url\":\"https:\\\/\\\/www.lavillagardendesign.com\\\/\",\"logo\":{\"@type\":\"ImageObject\",\"inLanguage\":\"fr-FR\",\"@id\":\"https:\\\/\\\/www.lavillagardendesign.com\\\/#\\\/schema\\\/logo\\\/image\\\/\",\"url\":\"https:\\\/\\\/www.lavillagardendesign.com\\\/wp-content\\\/uploads\\\/2024\\\/04\\\/logolavilla.png\",\"contentUrl\":\"https:\\\/\\\/www.lavillagardendesign.com\\\/wp-content\\\/uploads\\\/2024\\\/04\\\/logolavilla.png\",\"width\":682,\"height\":391,\"caption\":\"La Villa Garden&Design\"},\"image\":{\"@id\":\"https:\\\/\\\/www.lavillagardendesign.com\\\/#\\\/schema\\\/logo\\\/image\\\/\"},\"sameAs\":[\"https:\\\/\\\/www.facebook.com\\\/lavillagardendesign\\\/\"]}]}<\/script>\n<!-- \/ Yoast SEO plugin. -->","yoast_head_json":{"title":"VENEZIA Salon de jardin en bois naturel | La Villa Garden","description":"Ensemble de canap\u00e9s d'ext\u00e9rieur 4 pi\u00e8ces VENEZIA (Collection ITALI). Aluminium finition bois naturel et coussins en ol\u00e9fine haut de gamme. Table basse de 130 cm. Offre \u20ac2,990.","robots":{"index":"index","follow":"follow","max-snippet":"max-snippet:-1","max-image-preview":"max-image-preview:large","max-video-preview":"max-video-preview:-1"},"canonical":"https:\/\/www.lavillagardendesign.com\/fr\/product\/itali-collection-ensemble-de-salon-4-pieces-venezia\/","og_locale":"fr_FR","og_type":"article","og_title":"VENEZIA Salon de jardin en bois naturel | La Villa Garden","og_description":"Ensemble de canap\u00e9s d'ext\u00e9rieur 4 pi\u00e8ces VENEZIA (Collection ITALI). Aluminium finition bois naturel et coussins en ol\u00e9fine haut de gamme. Table basse de 130 cm. Offre \u20ac2,990.","og_url":"https:\/\/www.lavillagardendesign.com\/fr\/product\/itali-collection-ensemble-de-salon-4-pieces-venezia\/","og_site_name":"La Villa Garden&amp;Design","article_publisher":"https:\/\/www.facebook.com\/lavillagardendesign\/","article_modified_time":"2026-02-10T12:38:28+00:00","og_image":[{"width":700,"height":800,"url":"https:\/\/www.lavillagardendesign.com\/wp-content\/uploads\/2026\/01\/Design-sans-titre1-2.jpg","type":"image\/jpeg"}],"twitter_card":"summary_large_image","schema":{"@context":"https:\/\/schema.org","@graph":[{"@type":"WebPage","@id":"https:\/\/www.lavillagardendesign.com\/fr\/product\/itali-collection-ensemble-de-salon-4-pieces-venezia\/","url":"https:\/\/www.lavillagardendesign.com\/fr\/product\/itali-collection-ensemble-de-salon-4-pieces-venezia\/","name":"VENEZIA Salon de jardin en bois naturel | La Villa Garden","isPartOf":{"@id":"https:\/\/www.lavillagardendesign.com\/#website"},"primaryImageOfPage":{"@id":"https:\/\/www.lavillagardendesign.com\/fr\/product\/itali-collection-ensemble-de-salon-4-pieces-venezia\/#primaryimage"},"image":{"@id":"https:\/\/www.lavillagardendesign.com\/fr\/product\/itali-collection-ensemble-de-salon-4-pieces-venezia\/#primaryimage"},"thumbnailUrl":"https:\/\/www.lavillagardendesign.com\/wp-content\/uploads\/2026\/01\/Design-sans-titre1-2.jpg","datePublished":"2026-01-28T17:34:49+00:00","dateModified":"2026-02-10T12:38:28+00:00","description":"Ensemble de canap\u00e9s d'ext\u00e9rieur 4 pi\u00e8ces VENEZIA (Collection ITALI). Aluminium finition bois naturel et coussins en ol\u00e9fine haut de gamme. Table basse de 130 cm. Offre \u20ac2,990.","breadcrumb":{"@id":"https:\/\/www.lavillagardendesign.com\/fr\/product\/itali-collection-ensemble-de-salon-4-pieces-venezia\/#breadcrumb"},"inLanguage":"fr-FR","potentialAction":[{"@type":"ReadAction","target":["https:\/\/www.lavillagardendesign.com\/fr\/product\/itali-collection-ensemble-de-salon-4-pieces-venezia\/"]}]},{"@type":"ImageObject","inLanguage":"fr-FR","@id":"https:\/\/www.lavillagardendesign.com\/fr\/product\/itali-collection-ensemble-de-salon-4-pieces-venezia\/#primaryimage","url":"https:\/\/www.lavillagardendesign.com\/wp-content\/uploads\/2026\/01\/Design-sans-titre1-2.jpg","contentUrl":"https:\/\/www.lavillagardendesign.com\/wp-content\/uploads\/2026\/01\/Design-sans-titre1-2.jpg","width":700,"height":800},{"@type":"BreadcrumbList","@id":"https:\/\/www.lavillagardendesign.com\/fr\/product\/itali-collection-ensemble-de-salon-4-pieces-venezia\/#breadcrumb","itemListElement":[{"@type":"ListItem","position":1,"name":"Home","item":"https:\/\/www.lavillagardendesign.com\/"},{"@type":"ListItem","position":2,"name":"Boutique","item":"https:\/\/www.lavillagardendesign.com\/fr\/boutique\/"},{"@type":"ListItem","position":3,"name":"ITALI COLLECTION &#8211; Ensemble de salon 4 pi\u00e8ces VENEZIA"}]},{"@type":"WebSite","@id":"https:\/\/www.lavillagardendesign.com\/#website","url":"https:\/\/www.lavillagardendesign.com\/","name":"La Villa Garden&Design","description":"","publisher":{"@id":"https:\/\/www.lavillagardendesign.com\/#organization"},"potentialAction":[{"@type":"SearchAction","target":{"@type":"EntryPoint","urlTemplate":"https:\/\/www.lavillagardendesign.com\/?s={search_term_string}"},"query-input":{"@type":"PropertyValueSpecification","valueRequired":true,"valueName":"search_term_string"}}],"inLanguage":"fr-FR"},{"@type":"Organization","@id":"https:\/\/www.lavillagardendesign.com\/#organization","name":"La Villa Garden&Design","url":"https:\/\/www.lavillagardendesign.com\/","logo":{"@type":"ImageObject","inLanguage":"fr-FR","@id":"https:\/\/www.lavillagardendesign.com\/#\/schema\/logo\/image\/","url":"https:\/\/www.lavillagardendesign.com\/wp-content\/uploads\/2024\/04\/logolavilla.png","contentUrl":"https:\/\/www.lavillagardendesign.com\/wp-content\/uploads\/2024\/04\/logolavilla.png","width":682,"height":391,"caption":"La Villa Garden&Design"},"image":{"@id":"https:\/\/www.lavillagardendesign.com\/#\/schema\/logo\/image\/"},"sameAs":["https:\/\/www.facebook.com\/lavillagardendesign\/"]}]}},"_links":{"self":[{"href":"https:\/\/www.lavillagardendesign.com\/fr\/wp-json\/wp\/v2\/product\/61019","targetHints":{"allow":["GET"]}}],"collection":[{"href":"https:\/\/www.lavillagardendesign.com\/fr\/wp-json\/wp\/v2\/product"}],"about":[{"href":"https:\/\/www.lavillagardendesign.com\/fr\/wp-json\/wp\/v2\/types\/product"}],"replies":[{"embeddable":true,"href":"https:\/\/www.lavillagardendesign.com\/fr\/wp-json\/wp\/v2\/comments?post=61019"}],"version-history":[{"count":1,"href":"https:\/\/www.lavillagardendesign.com\/fr\/wp-json\/wp\/v2\/product\/61019\/revisions"}],"predecessor-version":[{"id":62138,"href":"https:\/\/www.lavillagardendesign.com\/fr\/wp-json\/wp\/v2\/product\/61019\/revisions\/62138"}],"wp:featuredmedia":[{"embeddable":true,"href":"https:\/\/www.lavillagardendesign.com\/fr\/wp-json\/wp\/v2\/media\/60868"}],"wp:attachment":[{"href":"https:\/\/www.lavillagardendesign.com\/fr\/wp-json\/wp\/v2\/media?parent=61019"}],"wp:term":[{"taxonomy":"product_brand","embeddable":true,"href":"https:\/\/www.lavillagardendesign.com\/fr\/wp-json\/wp\/v2\/product_brand?post=61019"},{"taxonomy":"product_cat","embeddable":true,"href":"https:\/\/www.lavillagardendesign.com\/fr\/wp-json\/wp\/v2\/product_cat?post=61019"},{"taxonomy":"product_tag","embeddable":true,"href":"https:\/\/www.lavillagardendesign.com\/fr\/wp-json\/wp\/v2\/product_tag?post=61019"}],"curies":[{"name":"wp","href":"https:\/\/api.w.org\/{rel}","templated":true}]}}