{"id":61012,"date":"2026-01-28T19:19:43","date_gmt":"2026-01-28T18:19:43","guid":{"rendered":"https:\/\/www.lavillagardendesign.com\/product\/itali-collection-ensemble-de-salon-4-pieces-roma\/"},"modified":"2026-02-10T14:37:57","modified_gmt":"2026-02-10T12:37:57","slug":"itali-collection-ensemble-de-salon-4-pieces-roma","status":"publish","type":"product","link":"https:\/\/www.lavillagardendesign.com\/fr\/product\/itali-collection-ensemble-de-salon-4-pieces-roma\/","title":{"rendered":"ITALI COLLECTION &#8211; Ensemble de salon 4 pi\u00e8ces ROMA"},"content":{"rendered":"","protected":false},"excerpt":{"rendered":"<p>La puret\u00e9 fait le meuble. Le salon ROMA de la collection <span class=\"il\">ITALI<\/span> est une ode au design contemporain, o\u00f9 l&rsquo;\u00e9l\u00e9gance r\u00e9side dans la simplicit\u00e9 des formes. Sa structure est enti\u00e8rement r\u00e9alis\u00e9e en <b>aluminium peint par poudrage<\/b> dans un ton <b>Light Grey<\/b> sophistiqu\u00e9, apportant une esth\u00e9tique l\u00e9g\u00e8re, lumineuse et moderne \u00e0 n&rsquo;importe quelle terrasse. Con\u00e7u pour les espaces spacieux, le canap\u00e9 3 places se distingue par sa longueur de <b>219 cm<\/b>, offrant une zone de repos g\u00e9n\u00e9reuse. Le confort est exceptionnel gr\u00e2ce \u00e0 ses \u00e9pais coussins amovibles en tissu <b>Olefin<\/b> (100% polypropyl\u00e8ne), d\u00e9perlant et r\u00e9sistant au soleil. Comprend une table basse rectangulaire aux lignes architecturales et aux <b>pieds r\u00e9glables<\/b> pour une stabilit\u00e9 totale.     <\/p>\n<ul>\n<li><b>1x Canap\u00e9 3 places :<\/b> Longueur 219 cm | Profondeur 80 cm | Hauteur 78 cm<\/li>\n<li><b>2x Fauteuils :<\/b> Largeur 89 cm | Profondeur 80 cm | Hauteur 78 cm<\/li>\n<li><b>1x Table basse :<\/b> Longueur 130 cm | Largeur 70 cm | Hauteur 36 cm<\/li>\n<li><b>Hauteur :<\/b> Assise 40 cm | Accoudoirs 65 cm<\/li>\n<\/ul>\n","protected":false},"featured_media":60957,"comment_status":"open","ping_status":"closed","template":"","meta":[],"product_brand":[4998],"product_cat":[6832,2935,2937,2936,6835,5658],"product_tag":[],"class_list":{"0":"post-61012","1":"product","2":"type-product","3":"status-publish","4":"has-post-thumbnail","6":"product_brand-la-villa","7":"product_cat-outdoor-fr","8":"product_cat-canapes-fauteuils","9":"product_cat-canapes","10":"product_cat-fauteuils","11":"product_cat-salons-complets","12":"product_cat-promos-web","14":"first","15":"instock","16":"sale","17":"taxable","18":"shipping-taxable","19":"purchasable","20":"product-type-simple"},"yoast_head":"<!-- This site is optimized with the Yoast SEO plugin v27.1.1 - https:\/\/yoast.com\/product\/yoast-seo-wordpress\/ -->\n<title>Salon de jardin ROMA Aluminium gris clair | La Villa Garden<\/title>\n<meta name=\"description\" content=\"Ensemble de canap\u00e9s d&#039;ext\u00e9rieur 4 pi\u00e8ces ROMA (Collection ITALI). Design minimaliste en aluminium Light Grey et coussins en ol\u00e9fine haut de gamme. Offre \u20ac3,990.\" \/>\n<meta name=\"robots\" content=\"index, follow, max-snippet:-1, max-image-preview:large, max-video-preview:-1\" \/>\n<link rel=\"canonical\" href=\"https:\/\/www.lavillagardendesign.com\/fr\/product\/itali-collection-ensemble-de-salon-4-pieces-roma\/\" \/>\n<meta property=\"og:locale\" content=\"fr_FR\" \/>\n<meta property=\"og:type\" content=\"article\" \/>\n<meta property=\"og:title\" content=\"Salon de jardin ROMA Aluminium gris clair | La Villa Garden\" \/>\n<meta property=\"og:description\" content=\"Ensemble de canap\u00e9s d&#039;ext\u00e9rieur 4 pi\u00e8ces ROMA (Collection ITALI). Design minimaliste en aluminium Light Grey et coussins en ol\u00e9fine haut de gamme. Offre \u20ac3,990.\" \/>\n<meta property=\"og:url\" content=\"https:\/\/www.lavillagardendesign.com\/fr\/product\/itali-collection-ensemble-de-salon-4-pieces-roma\/\" \/>\n<meta property=\"og:site_name\" content=\"La Villa Garden&amp;Design\" \/>\n<meta property=\"article:publisher\" content=\"https:\/\/www.facebook.com\/lavillagardendesign\/\" \/>\n<meta property=\"article:modified_time\" content=\"2026-02-10T12:37:57+00:00\" \/>\n<meta property=\"og:image\" content=\"https:\/\/www.lavillagardendesign.com\/wp-content\/uploads\/2026\/01\/Design-sans-titre-2-2.jpg\" \/>\n\t<meta property=\"og:image:width\" content=\"700\" \/>\n\t<meta property=\"og:image:height\" content=\"800\" \/>\n\t<meta property=\"og:image:type\" content=\"image\/jpeg\" \/>\n<meta name=\"twitter:card\" content=\"summary_large_image\" \/>\n<script type=\"application\/ld+json\" class=\"yoast-schema-graph\">{\"@context\":\"https:\/\/schema.org\",\"@graph\":[{\"@type\":\"WebPage\",\"@id\":\"https:\/\/www.lavillagardendesign.com\/fr\/product\/itali-collection-ensemble-de-salon-4-pieces-roma\/\",\"url\":\"https:\/\/www.lavillagardendesign.com\/fr\/product\/itali-collection-ensemble-de-salon-4-pieces-roma\/\",\"name\":\"Salon de jardin ROMA Aluminium gris clair | La Villa Garden\",\"isPartOf\":{\"@id\":\"https:\/\/www.lavillagardendesign.com\/#website\"},\"primaryImageOfPage\":{\"@id\":\"https:\/\/www.lavillagardendesign.com\/fr\/product\/itali-collection-ensemble-de-salon-4-pieces-roma\/#primaryimage\"},\"image\":{\"@id\":\"https:\/\/www.lavillagardendesign.com\/fr\/product\/itali-collection-ensemble-de-salon-4-pieces-roma\/#primaryimage\"},\"thumbnailUrl\":\"https:\/\/www.lavillagardendesign.com\/wp-content\/uploads\/2026\/01\/Design-sans-titre-2-2.jpg\",\"datePublished\":\"2026-01-28T18:19:43+00:00\",\"dateModified\":\"2026-02-10T12:37:57+00:00\",\"description\":\"Ensemble de canap\u00e9s d'ext\u00e9rieur 4 pi\u00e8ces ROMA (Collection ITALI). Design minimaliste en aluminium Light Grey et coussins en ol\u00e9fine haut de gamme. Offre \u20ac3,990.\",\"breadcrumb\":{\"@id\":\"https:\/\/www.lavillagardendesign.com\/fr\/product\/itali-collection-ensemble-de-salon-4-pieces-roma\/#breadcrumb\"},\"inLanguage\":\"fr-FR\",\"potentialAction\":[{\"@type\":\"ReadAction\",\"target\":[\"https:\/\/www.lavillagardendesign.com\/fr\/product\/itali-collection-ensemble-de-salon-4-pieces-roma\/\"]}]},{\"@type\":\"ImageObject\",\"inLanguage\":\"fr-FR\",\"@id\":\"https:\/\/www.lavillagardendesign.com\/fr\/product\/itali-collection-ensemble-de-salon-4-pieces-roma\/#primaryimage\",\"url\":\"https:\/\/www.lavillagardendesign.com\/wp-content\/uploads\/2026\/01\/Design-sans-titre-2-2.jpg\",\"contentUrl\":\"https:\/\/www.lavillagardendesign.com\/wp-content\/uploads\/2026\/01\/Design-sans-titre-2-2.jpg\",\"width\":700,\"height\":800},{\"@type\":\"BreadcrumbList\",\"@id\":\"https:\/\/www.lavillagardendesign.com\/fr\/product\/itali-collection-ensemble-de-salon-4-pieces-roma\/#breadcrumb\",\"itemListElement\":[{\"@type\":\"ListItem\",\"position\":1,\"name\":\"Home\",\"item\":\"https:\/\/www.lavillagardendesign.com\/\"},{\"@type\":\"ListItem\",\"position\":2,\"name\":\"Boutique\",\"item\":\"https:\/\/www.lavillagardendesign.com\/fr\/boutique\/\"},{\"@type\":\"ListItem\",\"position\":3,\"name\":\"ITALI COLLECTION &#8211; Ensemble de salon 4 pi\u00e8ces ROMA\"}]},{\"@type\":\"WebSite\",\"@id\":\"https:\/\/www.lavillagardendesign.com\/#website\",\"url\":\"https:\/\/www.lavillagardendesign.com\/\",\"name\":\"La Villa Garden&Design\",\"description\":\"\",\"publisher\":{\"@id\":\"https:\/\/www.lavillagardendesign.com\/#organization\"},\"potentialAction\":[{\"@type\":\"SearchAction\",\"target\":{\"@type\":\"EntryPoint\",\"urlTemplate\":\"https:\/\/www.lavillagardendesign.com\/?s={search_term_string}\"},\"query-input\":{\"@type\":\"PropertyValueSpecification\",\"valueRequired\":true,\"valueName\":\"search_term_string\"}}],\"inLanguage\":\"fr-FR\"},{\"@type\":\"Organization\",\"@id\":\"https:\/\/www.lavillagardendesign.com\/#organization\",\"name\":\"La Villa Garden&Design\",\"url\":\"https:\/\/www.lavillagardendesign.com\/\",\"logo\":{\"@type\":\"ImageObject\",\"inLanguage\":\"fr-FR\",\"@id\":\"https:\/\/www.lavillagardendesign.com\/#\/schema\/logo\/image\/\",\"url\":\"https:\/\/www.lavillagardendesign.com\/wp-content\/uploads\/2024\/04\/logolavilla.png\",\"contentUrl\":\"https:\/\/www.lavillagardendesign.com\/wp-content\/uploads\/2024\/04\/logolavilla.png\",\"width\":682,\"height\":391,\"caption\":\"La Villa Garden&Design\"},\"image\":{\"@id\":\"https:\/\/www.lavillagardendesign.com\/#\/schema\/logo\/image\/\"},\"sameAs\":[\"https:\/\/www.facebook.com\/lavillagardendesign\/\"]}]}<\/script>\n<!-- \/ Yoast SEO plugin. -->","yoast_head_json":{"title":"Salon de jardin ROMA Aluminium gris clair | La Villa Garden","description":"Ensemble de canap\u00e9s d'ext\u00e9rieur 4 pi\u00e8ces ROMA (Collection ITALI). Design minimaliste en aluminium Light Grey et coussins en ol\u00e9fine haut de gamme. Offre \u20ac3,990.","robots":{"index":"index","follow":"follow","max-snippet":"max-snippet:-1","max-image-preview":"max-image-preview:large","max-video-preview":"max-video-preview:-1"},"canonical":"https:\/\/www.lavillagardendesign.com\/fr\/product\/itali-collection-ensemble-de-salon-4-pieces-roma\/","og_locale":"fr_FR","og_type":"article","og_title":"Salon de jardin ROMA Aluminium gris clair | La Villa Garden","og_description":"Ensemble de canap\u00e9s d'ext\u00e9rieur 4 pi\u00e8ces ROMA (Collection ITALI). Design minimaliste en aluminium Light Grey et coussins en ol\u00e9fine haut de gamme. Offre \u20ac3,990.","og_url":"https:\/\/www.lavillagardendesign.com\/fr\/product\/itali-collection-ensemble-de-salon-4-pieces-roma\/","og_site_name":"La Villa Garden&amp;Design","article_publisher":"https:\/\/www.facebook.com\/lavillagardendesign\/","article_modified_time":"2026-02-10T12:37:57+00:00","og_image":[{"width":700,"height":800,"url":"https:\/\/www.lavillagardendesign.com\/wp-content\/uploads\/2026\/01\/Design-sans-titre-2-2.jpg","type":"image\/jpeg"}],"twitter_card":"summary_large_image","schema":{"@context":"https:\/\/schema.org","@graph":[{"@type":"WebPage","@id":"https:\/\/www.lavillagardendesign.com\/fr\/product\/itali-collection-ensemble-de-salon-4-pieces-roma\/","url":"https:\/\/www.lavillagardendesign.com\/fr\/product\/itali-collection-ensemble-de-salon-4-pieces-roma\/","name":"Salon de jardin ROMA Aluminium gris clair | La Villa Garden","isPartOf":{"@id":"https:\/\/www.lavillagardendesign.com\/#website"},"primaryImageOfPage":{"@id":"https:\/\/www.lavillagardendesign.com\/fr\/product\/itali-collection-ensemble-de-salon-4-pieces-roma\/#primaryimage"},"image":{"@id":"https:\/\/www.lavillagardendesign.com\/fr\/product\/itali-collection-ensemble-de-salon-4-pieces-roma\/#primaryimage"},"thumbnailUrl":"https:\/\/www.lavillagardendesign.com\/wp-content\/uploads\/2026\/01\/Design-sans-titre-2-2.jpg","datePublished":"2026-01-28T18:19:43+00:00","dateModified":"2026-02-10T12:37:57+00:00","description":"Ensemble de canap\u00e9s d'ext\u00e9rieur 4 pi\u00e8ces ROMA (Collection ITALI). Design minimaliste en aluminium Light Grey et coussins en ol\u00e9fine haut de gamme. Offre \u20ac3,990.","breadcrumb":{"@id":"https:\/\/www.lavillagardendesign.com\/fr\/product\/itali-collection-ensemble-de-salon-4-pieces-roma\/#breadcrumb"},"inLanguage":"fr-FR","potentialAction":[{"@type":"ReadAction","target":["https:\/\/www.lavillagardendesign.com\/fr\/product\/itali-collection-ensemble-de-salon-4-pieces-roma\/"]}]},{"@type":"ImageObject","inLanguage":"fr-FR","@id":"https:\/\/www.lavillagardendesign.com\/fr\/product\/itali-collection-ensemble-de-salon-4-pieces-roma\/#primaryimage","url":"https:\/\/www.lavillagardendesign.com\/wp-content\/uploads\/2026\/01\/Design-sans-titre-2-2.jpg","contentUrl":"https:\/\/www.lavillagardendesign.com\/wp-content\/uploads\/2026\/01\/Design-sans-titre-2-2.jpg","width":700,"height":800},{"@type":"BreadcrumbList","@id":"https:\/\/www.lavillagardendesign.com\/fr\/product\/itali-collection-ensemble-de-salon-4-pieces-roma\/#breadcrumb","itemListElement":[{"@type":"ListItem","position":1,"name":"Home","item":"https:\/\/www.lavillagardendesign.com\/"},{"@type":"ListItem","position":2,"name":"Boutique","item":"https:\/\/www.lavillagardendesign.com\/fr\/boutique\/"},{"@type":"ListItem","position":3,"name":"ITALI COLLECTION &#8211; Ensemble de salon 4 pi\u00e8ces ROMA"}]},{"@type":"WebSite","@id":"https:\/\/www.lavillagardendesign.com\/#website","url":"https:\/\/www.lavillagardendesign.com\/","name":"La Villa Garden&Design","description":"","publisher":{"@id":"https:\/\/www.lavillagardendesign.com\/#organization"},"potentialAction":[{"@type":"SearchAction","target":{"@type":"EntryPoint","urlTemplate":"https:\/\/www.lavillagardendesign.com\/?s={search_term_string}"},"query-input":{"@type":"PropertyValueSpecification","valueRequired":true,"valueName":"search_term_string"}}],"inLanguage":"fr-FR"},{"@type":"Organization","@id":"https:\/\/www.lavillagardendesign.com\/#organization","name":"La Villa Garden&Design","url":"https:\/\/www.lavillagardendesign.com\/","logo":{"@type":"ImageObject","inLanguage":"fr-FR","@id":"https:\/\/www.lavillagardendesign.com\/#\/schema\/logo\/image\/","url":"https:\/\/www.lavillagardendesign.com\/wp-content\/uploads\/2024\/04\/logolavilla.png","contentUrl":"https:\/\/www.lavillagardendesign.com\/wp-content\/uploads\/2024\/04\/logolavilla.png","width":682,"height":391,"caption":"La Villa Garden&Design"},"image":{"@id":"https:\/\/www.lavillagardendesign.com\/#\/schema\/logo\/image\/"},"sameAs":["https:\/\/www.facebook.com\/lavillagardendesign\/"]}]}},"_links":{"self":[{"href":"https:\/\/www.lavillagardendesign.com\/fr\/wp-json\/wp\/v2\/product\/61012","targetHints":{"allow":["GET"]}}],"collection":[{"href":"https:\/\/www.lavillagardendesign.com\/fr\/wp-json\/wp\/v2\/product"}],"about":[{"href":"https:\/\/www.lavillagardendesign.com\/fr\/wp-json\/wp\/v2\/types\/product"}],"replies":[{"embeddable":true,"href":"https:\/\/www.lavillagardendesign.com\/fr\/wp-json\/wp\/v2\/comments?post=61012"}],"version-history":[{"count":1,"href":"https:\/\/www.lavillagardendesign.com\/fr\/wp-json\/wp\/v2\/product\/61012\/revisions"}],"predecessor-version":[{"id":62142,"href":"https:\/\/www.lavillagardendesign.com\/fr\/wp-json\/wp\/v2\/product\/61012\/revisions\/62142"}],"wp:featuredmedia":[{"embeddable":true,"href":"https:\/\/www.lavillagardendesign.com\/fr\/wp-json\/wp\/v2\/media\/60957"}],"wp:attachment":[{"href":"https:\/\/www.lavillagardendesign.com\/fr\/wp-json\/wp\/v2\/media?parent=61012"}],"wp:term":[{"taxonomy":"product_brand","embeddable":true,"href":"https:\/\/www.lavillagardendesign.com\/fr\/wp-json\/wp\/v2\/product_brand?post=61012"},{"taxonomy":"product_cat","embeddable":true,"href":"https:\/\/www.lavillagardendesign.com\/fr\/wp-json\/wp\/v2\/product_cat?post=61012"},{"taxonomy":"product_tag","embeddable":true,"href":"https:\/\/www.lavillagardendesign.com\/fr\/wp-json\/wp\/v2\/product_tag?post=61012"}],"curies":[{"name":"wp","href":"https:\/\/api.w.org\/{rel}","templated":true}]}}