{"id":61011,"date":"2026-01-28T19:30:35","date_gmt":"2026-01-28T18:30:35","guid":{"rendered":"https:\/\/www.lavillagardendesign.com\/product\/itali-collection-ensemble-de-salon-turino-4-pieces\/"},"modified":"2026-02-10T14:38:28","modified_gmt":"2026-02-10T12:38:28","slug":"itali-collection-ensemble-de-salon-turino-4-pieces","status":"publish","type":"product","link":"https:\/\/www.lavillagardendesign.com\/fr\/product\/itali-collection-ensemble-de-salon-turino-4-pieces\/","title":{"rendered":"ITALI COLLECTION &#8211; Ensemble de salon TURINO 4 pi\u00e8ces"},"content":{"rendered":"","protected":false},"excerpt":{"rendered":"<p>Apportez l&rsquo;\u00e9l\u00e9gance italienne aux espaces les plus restreints avec l&rsquo;ensemble de salon TURINO. Cet ensemble de 4 pi\u00e8ces se distingue par son design l\u00e9ger et fonctionnel, id\u00e9al pour les balcons, les terrasses urbaines ou les petits patios. Sa structure en <b>aluminium thermolaqu\u00e9 blanc<\/b> apporte de la luminosit\u00e9 et garantit une r\u00e9sistance totale \u00e0 la rouille. La base de l&rsquo;assise incorpore du <b>textil\u00e8ne 2&#215;1<\/b>, offrant souplesse et respirabilit\u00e9. Elle repose sur des coussins confortables et amovibles en tissu <b>Spun Poly<\/b> (polyester fil\u00e9 de haute qualit\u00e9), avec traitement d\u00e9perlant. L&rsquo;ensemble comprend un <b>canap\u00e9 2 places compact (117,5 cm)<\/b>, deux fauteuils et une table basse rectangulaire tr\u00e8s pratique.     <\/p>\n<ul>\n<li><b>1x Canap\u00e9 2 places :<\/b> Longueur 117,5 cm | Profondeur 73,5 cm | Hauteur 76 cm<\/li>\n<li><b>2x Fauteuils :<\/b> Largeur 63 cm | Profondeur 73.5 cm | Hauteur 76 cm<\/li>\n<li><b>1x Table basse :<\/b> Longueur 92 cm | Largeur 51.5 cm | Hauteur 34.5 cm<\/li>\n<li><b>Hauteur :<\/b> Si\u00e8ge 39,5 cm | Accoudoirs 55 cm<\/li>\n<\/ul>\n","protected":false},"featured_media":60964,"comment_status":"open","ping_status":"closed","template":"","meta":[],"product_brand":[4998],"product_cat":[2937,2935,2936,6832,5658,6835],"product_tag":[],"class_list":{"0":"post-61011","1":"product","2":"type-product","3":"status-publish","4":"has-post-thumbnail","6":"product_brand-la-villa","7":"product_cat-canapes","8":"product_cat-canapes-fauteuils","9":"product_cat-fauteuils","10":"product_cat-outdoor-fr","11":"product_cat-promos-web","12":"product_cat-salons-complets","14":"first","15":"instock","16":"sale","17":"taxable","18":"shipping-taxable","19":"purchasable","20":"product-type-simple"},"yoast_head":"<!-- This site is optimized with the Yoast SEO plugin v27.4 - https:\/\/yoast.com\/product\/yoast-seo-wordpress\/ -->\n<title>TURINO Set de jardin en aluminium blanc | La Villa Garden<\/title>\n<meta name=\"description\" content=\"Ensemble compact de canap\u00e9s d&#039;ext\u00e9rieur TURINO (Collection ITALI). Aluminium blanc et coussins en Spun Poly. Id\u00e9al pour les balcons et les petites terrasses. Offre \u20ac990.\" \/>\n<meta name=\"robots\" content=\"index, follow, max-snippet:-1, max-image-preview:large, max-video-preview:-1\" \/>\n<link rel=\"canonical\" href=\"https:\/\/www.lavillagardendesign.com\/fr\/product\/itali-collection-ensemble-de-salon-turino-4-pieces\/\" \/>\n<meta property=\"og:locale\" content=\"fr_FR\" \/>\n<meta property=\"og:type\" content=\"article\" \/>\n<meta property=\"og:title\" content=\"TURINO Set de jardin en aluminium blanc | La Villa Garden\" \/>\n<meta property=\"og:description\" content=\"Ensemble compact de canap\u00e9s d&#039;ext\u00e9rieur TURINO (Collection ITALI). Aluminium blanc et coussins en Spun Poly. Id\u00e9al pour les balcons et les petites terrasses. Offre \u20ac990.\" \/>\n<meta property=\"og:url\" content=\"https:\/\/www.lavillagardendesign.com\/fr\/product\/itali-collection-ensemble-de-salon-turino-4-pieces\/\" \/>\n<meta property=\"og:site_name\" content=\"La Villa Garden&amp;Design\" \/>\n<meta property=\"article:publisher\" content=\"https:\/\/www.facebook.com\/lavillagardendesign\/\" \/>\n<meta property=\"article:modified_time\" content=\"2026-02-10T12:38:28+00:00\" \/>\n<meta property=\"og:image\" content=\"https:\/\/www.lavillagardendesign.com\/wp-content\/uploads\/2026\/01\/Design-sans-titre1-2.png\" \/>\n\t<meta property=\"og:image:width\" content=\"700\" \/>\n\t<meta property=\"og:image:height\" content=\"800\" \/>\n\t<meta property=\"og:image:type\" content=\"image\/png\" \/>\n<meta name=\"twitter:card\" content=\"summary_large_image\" \/>\n<script type=\"application\/ld+json\" class=\"yoast-schema-graph\">{\"@context\":\"https:\\\/\\\/schema.org\",\"@graph\":[{\"@type\":\"WebPage\",\"@id\":\"https:\\\/\\\/www.lavillagardendesign.com\\\/fr\\\/product\\\/itali-collection-ensemble-de-salon-turino-4-pieces\\\/\",\"url\":\"https:\\\/\\\/www.lavillagardendesign.com\\\/fr\\\/product\\\/itali-collection-ensemble-de-salon-turino-4-pieces\\\/\",\"name\":\"TURINO Set de jardin en aluminium blanc | La Villa Garden\",\"isPartOf\":{\"@id\":\"https:\\\/\\\/www.lavillagardendesign.com\\\/#website\"},\"primaryImageOfPage\":{\"@id\":\"https:\\\/\\\/www.lavillagardendesign.com\\\/fr\\\/product\\\/itali-collection-ensemble-de-salon-turino-4-pieces\\\/#primaryimage\"},\"image\":{\"@id\":\"https:\\\/\\\/www.lavillagardendesign.com\\\/fr\\\/product\\\/itali-collection-ensemble-de-salon-turino-4-pieces\\\/#primaryimage\"},\"thumbnailUrl\":\"https:\\\/\\\/www.lavillagardendesign.com\\\/wp-content\\\/uploads\\\/2026\\\/01\\\/Design-sans-titre1-2.png\",\"datePublished\":\"2026-01-28T18:30:35+00:00\",\"dateModified\":\"2026-02-10T12:38:28+00:00\",\"description\":\"Ensemble compact de canap\u00e9s d'ext\u00e9rieur TURINO (Collection ITALI). Aluminium blanc et coussins en Spun Poly. Id\u00e9al pour les balcons et les petites terrasses. Offre \u20ac990.\",\"breadcrumb\":{\"@id\":\"https:\\\/\\\/www.lavillagardendesign.com\\\/fr\\\/product\\\/itali-collection-ensemble-de-salon-turino-4-pieces\\\/#breadcrumb\"},\"inLanguage\":\"fr-FR\",\"potentialAction\":[{\"@type\":\"ReadAction\",\"target\":[\"https:\\\/\\\/www.lavillagardendesign.com\\\/fr\\\/product\\\/itali-collection-ensemble-de-salon-turino-4-pieces\\\/\"]}]},{\"@type\":\"ImageObject\",\"inLanguage\":\"fr-FR\",\"@id\":\"https:\\\/\\\/www.lavillagardendesign.com\\\/fr\\\/product\\\/itali-collection-ensemble-de-salon-turino-4-pieces\\\/#primaryimage\",\"url\":\"https:\\\/\\\/www.lavillagardendesign.com\\\/wp-content\\\/uploads\\\/2026\\\/01\\\/Design-sans-titre1-2.png\",\"contentUrl\":\"https:\\\/\\\/www.lavillagardendesign.com\\\/wp-content\\\/uploads\\\/2026\\\/01\\\/Design-sans-titre1-2.png\",\"width\":700,\"height\":800},{\"@type\":\"BreadcrumbList\",\"@id\":\"https:\\\/\\\/www.lavillagardendesign.com\\\/fr\\\/product\\\/itali-collection-ensemble-de-salon-turino-4-pieces\\\/#breadcrumb\",\"itemListElement\":[{\"@type\":\"ListItem\",\"position\":1,\"name\":\"Home\",\"item\":\"https:\\\/\\\/www.lavillagardendesign.com\\\/\"},{\"@type\":\"ListItem\",\"position\":2,\"name\":\"Boutique\",\"item\":\"https:\\\/\\\/www.lavillagardendesign.com\\\/fr\\\/boutique\\\/\"},{\"@type\":\"ListItem\",\"position\":3,\"name\":\"ITALI COLLECTION &#8211; Ensemble de salon TURINO 4 pi\u00e8ces\"}]},{\"@type\":\"WebSite\",\"@id\":\"https:\\\/\\\/www.lavillagardendesign.com\\\/#website\",\"url\":\"https:\\\/\\\/www.lavillagardendesign.com\\\/\",\"name\":\"La Villa Garden&Design\",\"description\":\"\",\"publisher\":{\"@id\":\"https:\\\/\\\/www.lavillagardendesign.com\\\/#organization\"},\"potentialAction\":[{\"@type\":\"SearchAction\",\"target\":{\"@type\":\"EntryPoint\",\"urlTemplate\":\"https:\\\/\\\/www.lavillagardendesign.com\\\/?s={search_term_string}\"},\"query-input\":{\"@type\":\"PropertyValueSpecification\",\"valueRequired\":true,\"valueName\":\"search_term_string\"}}],\"inLanguage\":\"fr-FR\"},{\"@type\":\"Organization\",\"@id\":\"https:\\\/\\\/www.lavillagardendesign.com\\\/#organization\",\"name\":\"La Villa Garden&Design\",\"url\":\"https:\\\/\\\/www.lavillagardendesign.com\\\/\",\"logo\":{\"@type\":\"ImageObject\",\"inLanguage\":\"fr-FR\",\"@id\":\"https:\\\/\\\/www.lavillagardendesign.com\\\/#\\\/schema\\\/logo\\\/image\\\/\",\"url\":\"https:\\\/\\\/www.lavillagardendesign.com\\\/wp-content\\\/uploads\\\/2024\\\/04\\\/logolavilla.png\",\"contentUrl\":\"https:\\\/\\\/www.lavillagardendesign.com\\\/wp-content\\\/uploads\\\/2024\\\/04\\\/logolavilla.png\",\"width\":682,\"height\":391,\"caption\":\"La Villa Garden&Design\"},\"image\":{\"@id\":\"https:\\\/\\\/www.lavillagardendesign.com\\\/#\\\/schema\\\/logo\\\/image\\\/\"},\"sameAs\":[\"https:\\\/\\\/www.facebook.com\\\/lavillagardendesign\\\/\"]}]}<\/script>\n<!-- \/ Yoast SEO plugin. -->","yoast_head_json":{"title":"TURINO Set de jardin en aluminium blanc | La Villa Garden","description":"Ensemble compact de canap\u00e9s d'ext\u00e9rieur TURINO (Collection ITALI). Aluminium blanc et coussins en Spun Poly. Id\u00e9al pour les balcons et les petites terrasses. Offre \u20ac990.","robots":{"index":"index","follow":"follow","max-snippet":"max-snippet:-1","max-image-preview":"max-image-preview:large","max-video-preview":"max-video-preview:-1"},"canonical":"https:\/\/www.lavillagardendesign.com\/fr\/product\/itali-collection-ensemble-de-salon-turino-4-pieces\/","og_locale":"fr_FR","og_type":"article","og_title":"TURINO Set de jardin en aluminium blanc | La Villa Garden","og_description":"Ensemble compact de canap\u00e9s d'ext\u00e9rieur TURINO (Collection ITALI). Aluminium blanc et coussins en Spun Poly. Id\u00e9al pour les balcons et les petites terrasses. Offre \u20ac990.","og_url":"https:\/\/www.lavillagardendesign.com\/fr\/product\/itali-collection-ensemble-de-salon-turino-4-pieces\/","og_site_name":"La Villa Garden&amp;Design","article_publisher":"https:\/\/www.facebook.com\/lavillagardendesign\/","article_modified_time":"2026-02-10T12:38:28+00:00","og_image":[{"width":700,"height":800,"url":"https:\/\/www.lavillagardendesign.com\/wp-content\/uploads\/2026\/01\/Design-sans-titre1-2.png","type":"image\/png"}],"twitter_card":"summary_large_image","schema":{"@context":"https:\/\/schema.org","@graph":[{"@type":"WebPage","@id":"https:\/\/www.lavillagardendesign.com\/fr\/product\/itali-collection-ensemble-de-salon-turino-4-pieces\/","url":"https:\/\/www.lavillagardendesign.com\/fr\/product\/itali-collection-ensemble-de-salon-turino-4-pieces\/","name":"TURINO Set de jardin en aluminium blanc | La Villa Garden","isPartOf":{"@id":"https:\/\/www.lavillagardendesign.com\/#website"},"primaryImageOfPage":{"@id":"https:\/\/www.lavillagardendesign.com\/fr\/product\/itali-collection-ensemble-de-salon-turino-4-pieces\/#primaryimage"},"image":{"@id":"https:\/\/www.lavillagardendesign.com\/fr\/product\/itali-collection-ensemble-de-salon-turino-4-pieces\/#primaryimage"},"thumbnailUrl":"https:\/\/www.lavillagardendesign.com\/wp-content\/uploads\/2026\/01\/Design-sans-titre1-2.png","datePublished":"2026-01-28T18:30:35+00:00","dateModified":"2026-02-10T12:38:28+00:00","description":"Ensemble compact de canap\u00e9s d'ext\u00e9rieur TURINO (Collection ITALI). Aluminium blanc et coussins en Spun Poly. Id\u00e9al pour les balcons et les petites terrasses. Offre \u20ac990.","breadcrumb":{"@id":"https:\/\/www.lavillagardendesign.com\/fr\/product\/itali-collection-ensemble-de-salon-turino-4-pieces\/#breadcrumb"},"inLanguage":"fr-FR","potentialAction":[{"@type":"ReadAction","target":["https:\/\/www.lavillagardendesign.com\/fr\/product\/itali-collection-ensemble-de-salon-turino-4-pieces\/"]}]},{"@type":"ImageObject","inLanguage":"fr-FR","@id":"https:\/\/www.lavillagardendesign.com\/fr\/product\/itali-collection-ensemble-de-salon-turino-4-pieces\/#primaryimage","url":"https:\/\/www.lavillagardendesign.com\/wp-content\/uploads\/2026\/01\/Design-sans-titre1-2.png","contentUrl":"https:\/\/www.lavillagardendesign.com\/wp-content\/uploads\/2026\/01\/Design-sans-titre1-2.png","width":700,"height":800},{"@type":"BreadcrumbList","@id":"https:\/\/www.lavillagardendesign.com\/fr\/product\/itali-collection-ensemble-de-salon-turino-4-pieces\/#breadcrumb","itemListElement":[{"@type":"ListItem","position":1,"name":"Home","item":"https:\/\/www.lavillagardendesign.com\/"},{"@type":"ListItem","position":2,"name":"Boutique","item":"https:\/\/www.lavillagardendesign.com\/fr\/boutique\/"},{"@type":"ListItem","position":3,"name":"ITALI COLLECTION &#8211; Ensemble de salon TURINO 4 pi\u00e8ces"}]},{"@type":"WebSite","@id":"https:\/\/www.lavillagardendesign.com\/#website","url":"https:\/\/www.lavillagardendesign.com\/","name":"La Villa Garden&Design","description":"","publisher":{"@id":"https:\/\/www.lavillagardendesign.com\/#organization"},"potentialAction":[{"@type":"SearchAction","target":{"@type":"EntryPoint","urlTemplate":"https:\/\/www.lavillagardendesign.com\/?s={search_term_string}"},"query-input":{"@type":"PropertyValueSpecification","valueRequired":true,"valueName":"search_term_string"}}],"inLanguage":"fr-FR"},{"@type":"Organization","@id":"https:\/\/www.lavillagardendesign.com\/#organization","name":"La Villa Garden&Design","url":"https:\/\/www.lavillagardendesign.com\/","logo":{"@type":"ImageObject","inLanguage":"fr-FR","@id":"https:\/\/www.lavillagardendesign.com\/#\/schema\/logo\/image\/","url":"https:\/\/www.lavillagardendesign.com\/wp-content\/uploads\/2024\/04\/logolavilla.png","contentUrl":"https:\/\/www.lavillagardendesign.com\/wp-content\/uploads\/2024\/04\/logolavilla.png","width":682,"height":391,"caption":"La Villa Garden&Design"},"image":{"@id":"https:\/\/www.lavillagardendesign.com\/#\/schema\/logo\/image\/"},"sameAs":["https:\/\/www.facebook.com\/lavillagardendesign\/"]}]}},"_links":{"self":[{"href":"https:\/\/www.lavillagardendesign.com\/fr\/wp-json\/wp\/v2\/product\/61011","targetHints":{"allow":["GET"]}}],"collection":[{"href":"https:\/\/www.lavillagardendesign.com\/fr\/wp-json\/wp\/v2\/product"}],"about":[{"href":"https:\/\/www.lavillagardendesign.com\/fr\/wp-json\/wp\/v2\/types\/product"}],"replies":[{"embeddable":true,"href":"https:\/\/www.lavillagardendesign.com\/fr\/wp-json\/wp\/v2\/comments?post=61011"}],"version-history":[{"count":1,"href":"https:\/\/www.lavillagardendesign.com\/fr\/wp-json\/wp\/v2\/product\/61011\/revisions"}],"predecessor-version":[{"id":62132,"href":"https:\/\/www.lavillagardendesign.com\/fr\/wp-json\/wp\/v2\/product\/61011\/revisions\/62132"}],"wp:featuredmedia":[{"embeddable":true,"href":"https:\/\/www.lavillagardendesign.com\/fr\/wp-json\/wp\/v2\/media\/60964"}],"wp:attachment":[{"href":"https:\/\/www.lavillagardendesign.com\/fr\/wp-json\/wp\/v2\/media?parent=61011"}],"wp:term":[{"taxonomy":"product_brand","embeddable":true,"href":"https:\/\/www.lavillagardendesign.com\/fr\/wp-json\/wp\/v2\/product_brand?post=61011"},{"taxonomy":"product_cat","embeddable":true,"href":"https:\/\/www.lavillagardendesign.com\/fr\/wp-json\/wp\/v2\/product_cat?post=61011"},{"taxonomy":"product_tag","embeddable":true,"href":"https:\/\/www.lavillagardendesign.com\/fr\/wp-json\/wp\/v2\/product_tag?post=61011"}],"curies":[{"name":"wp","href":"https:\/\/api.w.org\/{rel}","templated":true}]}}