{"id":60809,"date":"2026-01-28T17:13:55","date_gmt":"2026-01-28T16:13:55","guid":{"rendered":"https:\/\/www.lavillagardendesign.com\/product\/idole-table-de-salle-a-manger-rectangulaire\/"},"modified":"2026-02-23T11:40:40","modified_gmt":"2026-02-23T09:40:40","slug":"idole-table-de-salle-a-manger-rectangulaire","status":"publish","type":"product","link":"https:\/\/www.lavillagardendesign.com\/fr\/product\/idole-table-de-salle-a-manger-rectangulaire\/","title":{"rendered":"IDOLE &#8211; Table de salle \u00e0 manger rectangulaire"},"content":{"rendered":"","protected":false},"excerpt":{"rendered":"<p>D\u00e9finissez votre espace de repas ext\u00e9rieur avec la puret\u00e9 architecturale de la table rectangulaire de la collection <span class=\"il\">Idole<\/span>. Fabriqu\u00e9e enti\u00e8rement en aluminium laqu\u00e9 blanc, cette pi\u00e8ce de 220 cm offre une surface immacul\u00e9e, durable et lumineuse, pouvant accueillir confortablement 8 \u00e0 10 convives. Son design minimaliste et sa construction robuste en font la base id\u00e9ale pour de longs repas sur des terrasses contemporaines, garantissant une durabilit\u00e9 extr\u00eame face au climat m\u00e9diterran\u00e9en.  <\/p>\n","protected":false},"featured_media":60752,"comment_status":"open","ping_status":"closed","template":"","meta":[],"product_brand":[4998],"product_cat":[5986,6832,2944,2946],"product_tag":[5746],"class_list":{"0":"post-60809","1":"product","2":"type-product","3":"status-publish","4":"has-post-thumbnail","6":"product_brand-la-villa","7":"product_cat-nouvelle-collection","8":"product_cat-outdoor-fr","9":"product_cat-tables-fr","10":"product_cat-tables-repas","11":"product_tag-idol","13":"first","14":"instock","15":"taxable","16":"shipping-taxable","17":"purchasable","18":"product-type-simple"},"yoast_head":"<!-- This site is optimized with the Yoast SEO plugin v27.4 - https:\/\/yoast.com\/product\/yoast-seo-wordpress\/ -->\n<title>Table \u00e0 manger Idole 220cm | La Villa Garden &amp; Design<\/title>\n<meta name=\"description\" content=\"Table de salle \u00e0 manger rectangulaire Idole. Design minimaliste en aluminium blanc. Durable et \u00e9l\u00e9gante pour 8-10 personnes. Un luxe contemporain pour votre jardin.\" \/>\n<meta name=\"robots\" content=\"index, follow, max-snippet:-1, max-image-preview:large, max-video-preview:-1\" \/>\n<link rel=\"canonical\" href=\"https:\/\/www.lavillagardendesign.com\/fr\/product\/idole-table-de-salle-a-manger-rectangulaire\/\" \/>\n<meta property=\"og:locale\" content=\"fr_FR\" \/>\n<meta property=\"og:type\" content=\"article\" \/>\n<meta property=\"og:title\" content=\"Table \u00e0 manger Idole 220cm | La Villa Garden &amp; Design\" \/>\n<meta property=\"og:description\" content=\"Table de salle \u00e0 manger rectangulaire Idole. Design minimaliste en aluminium blanc. Durable et \u00e9l\u00e9gante pour 8-10 personnes. Un luxe contemporain pour votre jardin.\" \/>\n<meta property=\"og:url\" content=\"https:\/\/www.lavillagardendesign.com\/fr\/product\/idole-table-de-salle-a-manger-rectangulaire\/\" \/>\n<meta property=\"og:site_name\" content=\"La Villa Garden&amp;Design\" \/>\n<meta property=\"article:publisher\" content=\"https:\/\/www.facebook.com\/lavillagardendesign\/\" \/>\n<meta property=\"article:modified_time\" content=\"2026-02-23T09:40:40+00:00\" \/>\n<meta property=\"og:image\" content=\"https:\/\/www.lavillagardendesign.com\/wp-content\/uploads\/2026\/01\/Captura-de-pantalla-2026-01-03-a-las-13.18.18.jpg\" \/>\n\t<meta property=\"og:image:width\" content=\"1578\" \/>\n\t<meta property=\"og:image:height\" content=\"1270\" \/>\n\t<meta property=\"og:image:type\" content=\"image\/jpeg\" \/>\n<meta name=\"twitter:card\" content=\"summary_large_image\" \/>\n<script type=\"application\/ld+json\" class=\"yoast-schema-graph\">{\"@context\":\"https:\\\/\\\/schema.org\",\"@graph\":[{\"@type\":\"WebPage\",\"@id\":\"https:\\\/\\\/www.lavillagardendesign.com\\\/fr\\\/product\\\/idole-table-de-salle-a-manger-rectangulaire\\\/\",\"url\":\"https:\\\/\\\/www.lavillagardendesign.com\\\/fr\\\/product\\\/idole-table-de-salle-a-manger-rectangulaire\\\/\",\"name\":\"Table \u00e0 manger Idole 220cm | La Villa Garden & Design\",\"isPartOf\":{\"@id\":\"https:\\\/\\\/www.lavillagardendesign.com\\\/#website\"},\"primaryImageOfPage\":{\"@id\":\"https:\\\/\\\/www.lavillagardendesign.com\\\/fr\\\/product\\\/idole-table-de-salle-a-manger-rectangulaire\\\/#primaryimage\"},\"image\":{\"@id\":\"https:\\\/\\\/www.lavillagardendesign.com\\\/fr\\\/product\\\/idole-table-de-salle-a-manger-rectangulaire\\\/#primaryimage\"},\"thumbnailUrl\":\"https:\\\/\\\/www.lavillagardendesign.com\\\/wp-content\\\/uploads\\\/2026\\\/01\\\/Captura-de-pantalla-2026-01-03-a-las-13.18.18.jpg\",\"datePublished\":\"2026-01-28T16:13:55+00:00\",\"dateModified\":\"2026-02-23T09:40:40+00:00\",\"description\":\"Table de salle \u00e0 manger rectangulaire Idole. Design minimaliste en aluminium blanc. Durable et \u00e9l\u00e9gante pour 8-10 personnes. Un luxe contemporain pour votre jardin.\",\"breadcrumb\":{\"@id\":\"https:\\\/\\\/www.lavillagardendesign.com\\\/fr\\\/product\\\/idole-table-de-salle-a-manger-rectangulaire\\\/#breadcrumb\"},\"inLanguage\":\"fr-FR\",\"potentialAction\":[{\"@type\":\"ReadAction\",\"target\":[\"https:\\\/\\\/www.lavillagardendesign.com\\\/fr\\\/product\\\/idole-table-de-salle-a-manger-rectangulaire\\\/\"]}]},{\"@type\":\"ImageObject\",\"inLanguage\":\"fr-FR\",\"@id\":\"https:\\\/\\\/www.lavillagardendesign.com\\\/fr\\\/product\\\/idole-table-de-salle-a-manger-rectangulaire\\\/#primaryimage\",\"url\":\"https:\\\/\\\/www.lavillagardendesign.com\\\/wp-content\\\/uploads\\\/2026\\\/01\\\/Captura-de-pantalla-2026-01-03-a-las-13.18.18.jpg\",\"contentUrl\":\"https:\\\/\\\/www.lavillagardendesign.com\\\/wp-content\\\/uploads\\\/2026\\\/01\\\/Captura-de-pantalla-2026-01-03-a-las-13.18.18.jpg\",\"width\":1578,\"height\":1270},{\"@type\":\"BreadcrumbList\",\"@id\":\"https:\\\/\\\/www.lavillagardendesign.com\\\/fr\\\/product\\\/idole-table-de-salle-a-manger-rectangulaire\\\/#breadcrumb\",\"itemListElement\":[{\"@type\":\"ListItem\",\"position\":1,\"name\":\"Home\",\"item\":\"https:\\\/\\\/www.lavillagardendesign.com\\\/\"},{\"@type\":\"ListItem\",\"position\":2,\"name\":\"Boutique\",\"item\":\"https:\\\/\\\/www.lavillagardendesign.com\\\/fr\\\/boutique\\\/\"},{\"@type\":\"ListItem\",\"position\":3,\"name\":\"IDOLE &#8211; Table de salle \u00e0 manger rectangulaire\"}]},{\"@type\":\"WebSite\",\"@id\":\"https:\\\/\\\/www.lavillagardendesign.com\\\/#website\",\"url\":\"https:\\\/\\\/www.lavillagardendesign.com\\\/\",\"name\":\"La Villa Garden&Design\",\"description\":\"\",\"publisher\":{\"@id\":\"https:\\\/\\\/www.lavillagardendesign.com\\\/#organization\"},\"potentialAction\":[{\"@type\":\"SearchAction\",\"target\":{\"@type\":\"EntryPoint\",\"urlTemplate\":\"https:\\\/\\\/www.lavillagardendesign.com\\\/?s={search_term_string}\"},\"query-input\":{\"@type\":\"PropertyValueSpecification\",\"valueRequired\":true,\"valueName\":\"search_term_string\"}}],\"inLanguage\":\"fr-FR\"},{\"@type\":\"Organization\",\"@id\":\"https:\\\/\\\/www.lavillagardendesign.com\\\/#organization\",\"name\":\"La Villa Garden&Design\",\"url\":\"https:\\\/\\\/www.lavillagardendesign.com\\\/\",\"logo\":{\"@type\":\"ImageObject\",\"inLanguage\":\"fr-FR\",\"@id\":\"https:\\\/\\\/www.lavillagardendesign.com\\\/#\\\/schema\\\/logo\\\/image\\\/\",\"url\":\"https:\\\/\\\/www.lavillagardendesign.com\\\/wp-content\\\/uploads\\\/2024\\\/04\\\/logolavilla.png\",\"contentUrl\":\"https:\\\/\\\/www.lavillagardendesign.com\\\/wp-content\\\/uploads\\\/2024\\\/04\\\/logolavilla.png\",\"width\":682,\"height\":391,\"caption\":\"La Villa Garden&Design\"},\"image\":{\"@id\":\"https:\\\/\\\/www.lavillagardendesign.com\\\/#\\\/schema\\\/logo\\\/image\\\/\"},\"sameAs\":[\"https:\\\/\\\/www.facebook.com\\\/lavillagardendesign\\\/\"]}]}<\/script>\n<!-- \/ Yoast SEO plugin. -->","yoast_head_json":{"title":"Table \u00e0 manger Idole 220cm | La Villa Garden & Design","description":"Table de salle \u00e0 manger rectangulaire Idole. Design minimaliste en aluminium blanc. Durable et \u00e9l\u00e9gante pour 8-10 personnes. Un luxe contemporain pour votre jardin.","robots":{"index":"index","follow":"follow","max-snippet":"max-snippet:-1","max-image-preview":"max-image-preview:large","max-video-preview":"max-video-preview:-1"},"canonical":"https:\/\/www.lavillagardendesign.com\/fr\/product\/idole-table-de-salle-a-manger-rectangulaire\/","og_locale":"fr_FR","og_type":"article","og_title":"Table \u00e0 manger Idole 220cm | La Villa Garden & Design","og_description":"Table de salle \u00e0 manger rectangulaire Idole. Design minimaliste en aluminium blanc. Durable et \u00e9l\u00e9gante pour 8-10 personnes. Un luxe contemporain pour votre jardin.","og_url":"https:\/\/www.lavillagardendesign.com\/fr\/product\/idole-table-de-salle-a-manger-rectangulaire\/","og_site_name":"La Villa Garden&amp;Design","article_publisher":"https:\/\/www.facebook.com\/lavillagardendesign\/","article_modified_time":"2026-02-23T09:40:40+00:00","og_image":[{"width":1578,"height":1270,"url":"https:\/\/www.lavillagardendesign.com\/wp-content\/uploads\/2026\/01\/Captura-de-pantalla-2026-01-03-a-las-13.18.18.jpg","type":"image\/jpeg"}],"twitter_card":"summary_large_image","schema":{"@context":"https:\/\/schema.org","@graph":[{"@type":"WebPage","@id":"https:\/\/www.lavillagardendesign.com\/fr\/product\/idole-table-de-salle-a-manger-rectangulaire\/","url":"https:\/\/www.lavillagardendesign.com\/fr\/product\/idole-table-de-salle-a-manger-rectangulaire\/","name":"Table \u00e0 manger Idole 220cm | La Villa Garden & Design","isPartOf":{"@id":"https:\/\/www.lavillagardendesign.com\/#website"},"primaryImageOfPage":{"@id":"https:\/\/www.lavillagardendesign.com\/fr\/product\/idole-table-de-salle-a-manger-rectangulaire\/#primaryimage"},"image":{"@id":"https:\/\/www.lavillagardendesign.com\/fr\/product\/idole-table-de-salle-a-manger-rectangulaire\/#primaryimage"},"thumbnailUrl":"https:\/\/www.lavillagardendesign.com\/wp-content\/uploads\/2026\/01\/Captura-de-pantalla-2026-01-03-a-las-13.18.18.jpg","datePublished":"2026-01-28T16:13:55+00:00","dateModified":"2026-02-23T09:40:40+00:00","description":"Table de salle \u00e0 manger rectangulaire Idole. Design minimaliste en aluminium blanc. Durable et \u00e9l\u00e9gante pour 8-10 personnes. Un luxe contemporain pour votre jardin.","breadcrumb":{"@id":"https:\/\/www.lavillagardendesign.com\/fr\/product\/idole-table-de-salle-a-manger-rectangulaire\/#breadcrumb"},"inLanguage":"fr-FR","potentialAction":[{"@type":"ReadAction","target":["https:\/\/www.lavillagardendesign.com\/fr\/product\/idole-table-de-salle-a-manger-rectangulaire\/"]}]},{"@type":"ImageObject","inLanguage":"fr-FR","@id":"https:\/\/www.lavillagardendesign.com\/fr\/product\/idole-table-de-salle-a-manger-rectangulaire\/#primaryimage","url":"https:\/\/www.lavillagardendesign.com\/wp-content\/uploads\/2026\/01\/Captura-de-pantalla-2026-01-03-a-las-13.18.18.jpg","contentUrl":"https:\/\/www.lavillagardendesign.com\/wp-content\/uploads\/2026\/01\/Captura-de-pantalla-2026-01-03-a-las-13.18.18.jpg","width":1578,"height":1270},{"@type":"BreadcrumbList","@id":"https:\/\/www.lavillagardendesign.com\/fr\/product\/idole-table-de-salle-a-manger-rectangulaire\/#breadcrumb","itemListElement":[{"@type":"ListItem","position":1,"name":"Home","item":"https:\/\/www.lavillagardendesign.com\/"},{"@type":"ListItem","position":2,"name":"Boutique","item":"https:\/\/www.lavillagardendesign.com\/fr\/boutique\/"},{"@type":"ListItem","position":3,"name":"IDOLE &#8211; Table de salle \u00e0 manger rectangulaire"}]},{"@type":"WebSite","@id":"https:\/\/www.lavillagardendesign.com\/#website","url":"https:\/\/www.lavillagardendesign.com\/","name":"La Villa Garden&Design","description":"","publisher":{"@id":"https:\/\/www.lavillagardendesign.com\/#organization"},"potentialAction":[{"@type":"SearchAction","target":{"@type":"EntryPoint","urlTemplate":"https:\/\/www.lavillagardendesign.com\/?s={search_term_string}"},"query-input":{"@type":"PropertyValueSpecification","valueRequired":true,"valueName":"search_term_string"}}],"inLanguage":"fr-FR"},{"@type":"Organization","@id":"https:\/\/www.lavillagardendesign.com\/#organization","name":"La Villa Garden&Design","url":"https:\/\/www.lavillagardendesign.com\/","logo":{"@type":"ImageObject","inLanguage":"fr-FR","@id":"https:\/\/www.lavillagardendesign.com\/#\/schema\/logo\/image\/","url":"https:\/\/www.lavillagardendesign.com\/wp-content\/uploads\/2024\/04\/logolavilla.png","contentUrl":"https:\/\/www.lavillagardendesign.com\/wp-content\/uploads\/2024\/04\/logolavilla.png","width":682,"height":391,"caption":"La Villa Garden&Design"},"image":{"@id":"https:\/\/www.lavillagardendesign.com\/#\/schema\/logo\/image\/"},"sameAs":["https:\/\/www.facebook.com\/lavillagardendesign\/"]}]}},"_links":{"self":[{"href":"https:\/\/www.lavillagardendesign.com\/fr\/wp-json\/wp\/v2\/product\/60809","targetHints":{"allow":["GET"]}}],"collection":[{"href":"https:\/\/www.lavillagardendesign.com\/fr\/wp-json\/wp\/v2\/product"}],"about":[{"href":"https:\/\/www.lavillagardendesign.com\/fr\/wp-json\/wp\/v2\/types\/product"}],"replies":[{"embeddable":true,"href":"https:\/\/www.lavillagardendesign.com\/fr\/wp-json\/wp\/v2\/comments?post=60809"}],"version-history":[{"count":1,"href":"https:\/\/www.lavillagardendesign.com\/fr\/wp-json\/wp\/v2\/product\/60809\/revisions"}],"predecessor-version":[{"id":61640,"href":"https:\/\/www.lavillagardendesign.com\/fr\/wp-json\/wp\/v2\/product\/60809\/revisions\/61640"}],"wp:featuredmedia":[{"embeddable":true,"href":"https:\/\/www.lavillagardendesign.com\/fr\/wp-json\/wp\/v2\/media\/60752"}],"wp:attachment":[{"href":"https:\/\/www.lavillagardendesign.com\/fr\/wp-json\/wp\/v2\/media?parent=60809"}],"wp:term":[{"taxonomy":"product_brand","embeddable":true,"href":"https:\/\/www.lavillagardendesign.com\/fr\/wp-json\/wp\/v2\/product_brand?post=60809"},{"taxonomy":"product_cat","embeddable":true,"href":"https:\/\/www.lavillagardendesign.com\/fr\/wp-json\/wp\/v2\/product_cat?post=60809"},{"taxonomy":"product_tag","embeddable":true,"href":"https:\/\/www.lavillagardendesign.com\/fr\/wp-json\/wp\/v2\/product_tag?post=60809"}],"curies":[{"name":"wp","href":"https:\/\/api.w.org\/{rel}","templated":true}]}}