{"id":60270,"date":"2025-12-29T11:28:34","date_gmt":"2025-12-29T10:28:34","guid":{"rendered":"https:\/\/www.lavillagardendesign.com\/product\/capri-chaise-de-salle-a-manger-empilable\/"},"modified":"2026-02-10T14:45:23","modified_gmt":"2026-02-10T12:45:23","slug":"capri-chaise-de-salle-a-manger-empilable","status":"publish","type":"product","link":"https:\/\/www.lavillagardendesign.com\/fr\/product\/capri-chaise-de-salle-a-manger-empilable\/","title":{"rendered":"CAPRI &#8211; Chaise de salle \u00e0 manger empilable"},"content":{"rendered":"","protected":false},"excerpt":{"rendered":"<p>Compl\u00e9tez votre salle \u00e0 manger ext\u00e9rieure avec la sophistication artisanale de la chaise empilable CAPRI. Con\u00e7ue pour offrir un \u00e9quilibre parfait entre confort et durabilit\u00e9, cette pi\u00e8ce est dot\u00e9e d&rsquo;une structure en aluminium rev\u00eatue de poudre de polyester, garantissant une r\u00e9sistance totale \u00e0 la corrosion et aux climats maritimes. Le dossier et les accoudoirs se distinguent par leur \u00e9l\u00e9gant tissage en corde de polyester, un mat\u00e9riau technique qui apporte une chaleur visuelle et un toucher agr\u00e9able. Il comprend un coussin d&rsquo;assise amovible en tissu 100% polyester hydrofuge, id\u00e9al pour les bords de piscine ou les jardins. Sa conception empilable en fait une option fonctionnelle et pratique pour optimiser l&rsquo;espace de votre terrasse lorsqu&rsquo;elle n&rsquo;est pas utilis\u00e9e.    <\/p>\n","protected":false},"featured_media":60029,"comment_status":"open","ping_status":"closed","template":"","meta":[],"product_brand":[4998],"product_cat":[6832,2929,2931,5658],"product_tag":[],"class_list":{"0":"post-60270","1":"product","2":"type-product","3":"status-publish","4":"has-post-thumbnail","6":"product_brand-la-villa","7":"product_cat-outdoor-fr","8":"product_cat-chaises","9":"product_cat-chaises-repas","10":"product_cat-promos-web","12":"first","13":"instock","14":"sale","15":"taxable","16":"shipping-taxable","17":"purchasable","18":"product-type-variable"},"yoast_head":"<!-- This site is optimized with the Yoast SEO plugin v27.1.1 - https:\/\/yoast.com\/product\/yoast-seo-wordpress\/ -->\n<title>CAPRI - Chaise de salle \u00e0 manger empilable - La Villa Garden&amp;Design<\/title>\n<meta name=\"description\" content=\"Chaise d&#039;ext\u00e9rieur empilable de la collection CAPRI. Structure en aluminium avec dossier en corde tress\u00e9e. Coussin d\u00e9perlant inclus. Design exclusif et durable.\" \/>\n<meta name=\"robots\" content=\"index, follow, max-snippet:-1, max-image-preview:large, max-video-preview:-1\" \/>\n<link rel=\"canonical\" href=\"https:\/\/www.lavillagardendesign.com\/fr\/product\/capri-chaise-de-salle-a-manger-empilable\/\" \/>\n<meta property=\"og:locale\" content=\"fr_FR\" \/>\n<meta property=\"og:type\" content=\"article\" \/>\n<meta property=\"og:title\" content=\"CAPRI - Chaise de salle \u00e0 manger empilable - La Villa Garden&amp;Design\" \/>\n<meta property=\"og:description\" content=\"Chaise d&#039;ext\u00e9rieur empilable de la collection CAPRI. Structure en aluminium avec dossier en corde tress\u00e9e. Coussin d\u00e9perlant inclus. Design exclusif et durable.\" \/>\n<meta property=\"og:url\" content=\"https:\/\/www.lavillagardendesign.com\/fr\/product\/capri-chaise-de-salle-a-manger-empilable\/\" \/>\n<meta property=\"og:site_name\" content=\"La Villa Garden&amp;Design\" \/>\n<meta property=\"article:publisher\" content=\"https:\/\/www.facebook.com\/lavillagardendesign\/\" \/>\n<meta property=\"article:modified_time\" content=\"2026-02-10T12:45:23+00:00\" \/>\n<meta property=\"og:image\" content=\"https:\/\/www.lavillagardendesign.com\/wp-content\/uploads\/2025\/12\/106.png\" \/>\n\t<meta property=\"og:image:width\" content=\"700\" \/>\n\t<meta property=\"og:image:height\" content=\"800\" \/>\n\t<meta property=\"og:image:type\" content=\"image\/png\" \/>\n<meta name=\"twitter:card\" content=\"summary_large_image\" \/>\n<script type=\"application\/ld+json\" class=\"yoast-schema-graph\">{\"@context\":\"https:\/\/schema.org\",\"@graph\":[{\"@type\":\"WebPage\",\"@id\":\"https:\/\/www.lavillagardendesign.com\/fr\/product\/capri-chaise-de-salle-a-manger-empilable\/\",\"url\":\"https:\/\/www.lavillagardendesign.com\/fr\/product\/capri-chaise-de-salle-a-manger-empilable\/\",\"name\":\"CAPRI - Chaise de salle \u00e0 manger empilable - La Villa Garden&amp;Design\",\"isPartOf\":{\"@id\":\"https:\/\/www.lavillagardendesign.com\/#website\"},\"primaryImageOfPage\":{\"@id\":\"https:\/\/www.lavillagardendesign.com\/fr\/product\/capri-chaise-de-salle-a-manger-empilable\/#primaryimage\"},\"image\":{\"@id\":\"https:\/\/www.lavillagardendesign.com\/fr\/product\/capri-chaise-de-salle-a-manger-empilable\/#primaryimage\"},\"thumbnailUrl\":\"https:\/\/www.lavillagardendesign.com\/wp-content\/uploads\/2025\/12\/106.png\",\"datePublished\":\"2025-12-29T10:28:34+00:00\",\"dateModified\":\"2026-02-10T12:45:23+00:00\",\"description\":\"Chaise d'ext\u00e9rieur empilable de la collection CAPRI. Structure en aluminium avec dossier en corde tress\u00e9e. Coussin d\u00e9perlant inclus. Design exclusif et durable.\",\"breadcrumb\":{\"@id\":\"https:\/\/www.lavillagardendesign.com\/fr\/product\/capri-chaise-de-salle-a-manger-empilable\/#breadcrumb\"},\"inLanguage\":\"fr-FR\",\"potentialAction\":[{\"@type\":\"ReadAction\",\"target\":[\"https:\/\/www.lavillagardendesign.com\/fr\/product\/capri-chaise-de-salle-a-manger-empilable\/\"]}]},{\"@type\":\"ImageObject\",\"inLanguage\":\"fr-FR\",\"@id\":\"https:\/\/www.lavillagardendesign.com\/fr\/product\/capri-chaise-de-salle-a-manger-empilable\/#primaryimage\",\"url\":\"https:\/\/www.lavillagardendesign.com\/wp-content\/uploads\/2025\/12\/106.png\",\"contentUrl\":\"https:\/\/www.lavillagardendesign.com\/wp-content\/uploads\/2025\/12\/106.png\",\"width\":700,\"height\":800},{\"@type\":\"BreadcrumbList\",\"@id\":\"https:\/\/www.lavillagardendesign.com\/fr\/product\/capri-chaise-de-salle-a-manger-empilable\/#breadcrumb\",\"itemListElement\":[{\"@type\":\"ListItem\",\"position\":1,\"name\":\"Home\",\"item\":\"https:\/\/www.lavillagardendesign.com\/\"},{\"@type\":\"ListItem\",\"position\":2,\"name\":\"Boutique\",\"item\":\"https:\/\/www.lavillagardendesign.com\/fr\/boutique\/\"},{\"@type\":\"ListItem\",\"position\":3,\"name\":\"CAPRI &#8211; Chaise de salle \u00e0 manger empilable\"}]},{\"@type\":\"WebSite\",\"@id\":\"https:\/\/www.lavillagardendesign.com\/#website\",\"url\":\"https:\/\/www.lavillagardendesign.com\/\",\"name\":\"La Villa Garden&Design\",\"description\":\"\",\"publisher\":{\"@id\":\"https:\/\/www.lavillagardendesign.com\/#organization\"},\"potentialAction\":[{\"@type\":\"SearchAction\",\"target\":{\"@type\":\"EntryPoint\",\"urlTemplate\":\"https:\/\/www.lavillagardendesign.com\/?s={search_term_string}\"},\"query-input\":{\"@type\":\"PropertyValueSpecification\",\"valueRequired\":true,\"valueName\":\"search_term_string\"}}],\"inLanguage\":\"fr-FR\"},{\"@type\":\"Organization\",\"@id\":\"https:\/\/www.lavillagardendesign.com\/#organization\",\"name\":\"La Villa Garden&Design\",\"url\":\"https:\/\/www.lavillagardendesign.com\/\",\"logo\":{\"@type\":\"ImageObject\",\"inLanguage\":\"fr-FR\",\"@id\":\"https:\/\/www.lavillagardendesign.com\/#\/schema\/logo\/image\/\",\"url\":\"https:\/\/www.lavillagardendesign.com\/wp-content\/uploads\/2024\/04\/logolavilla.png\",\"contentUrl\":\"https:\/\/www.lavillagardendesign.com\/wp-content\/uploads\/2024\/04\/logolavilla.png\",\"width\":682,\"height\":391,\"caption\":\"La Villa Garden&Design\"},\"image\":{\"@id\":\"https:\/\/www.lavillagardendesign.com\/#\/schema\/logo\/image\/\"},\"sameAs\":[\"https:\/\/www.facebook.com\/lavillagardendesign\/\"]}]}<\/script>\n<!-- \/ Yoast SEO plugin. -->","yoast_head_json":{"title":"CAPRI - Chaise de salle \u00e0 manger empilable - La Villa Garden&amp;Design","description":"Chaise d'ext\u00e9rieur empilable de la collection CAPRI. Structure en aluminium avec dossier en corde tress\u00e9e. Coussin d\u00e9perlant inclus. Design exclusif et durable.","robots":{"index":"index","follow":"follow","max-snippet":"max-snippet:-1","max-image-preview":"max-image-preview:large","max-video-preview":"max-video-preview:-1"},"canonical":"https:\/\/www.lavillagardendesign.com\/fr\/product\/capri-chaise-de-salle-a-manger-empilable\/","og_locale":"fr_FR","og_type":"article","og_title":"CAPRI - Chaise de salle \u00e0 manger empilable - La Villa Garden&amp;Design","og_description":"Chaise d'ext\u00e9rieur empilable de la collection CAPRI. Structure en aluminium avec dossier en corde tress\u00e9e. Coussin d\u00e9perlant inclus. Design exclusif et durable.","og_url":"https:\/\/www.lavillagardendesign.com\/fr\/product\/capri-chaise-de-salle-a-manger-empilable\/","og_site_name":"La Villa Garden&amp;Design","article_publisher":"https:\/\/www.facebook.com\/lavillagardendesign\/","article_modified_time":"2026-02-10T12:45:23+00:00","og_image":[{"width":700,"height":800,"url":"https:\/\/www.lavillagardendesign.com\/wp-content\/uploads\/2025\/12\/106.png","type":"image\/png"}],"twitter_card":"summary_large_image","schema":{"@context":"https:\/\/schema.org","@graph":[{"@type":"WebPage","@id":"https:\/\/www.lavillagardendesign.com\/fr\/product\/capri-chaise-de-salle-a-manger-empilable\/","url":"https:\/\/www.lavillagardendesign.com\/fr\/product\/capri-chaise-de-salle-a-manger-empilable\/","name":"CAPRI - Chaise de salle \u00e0 manger empilable - La Villa Garden&amp;Design","isPartOf":{"@id":"https:\/\/www.lavillagardendesign.com\/#website"},"primaryImageOfPage":{"@id":"https:\/\/www.lavillagardendesign.com\/fr\/product\/capri-chaise-de-salle-a-manger-empilable\/#primaryimage"},"image":{"@id":"https:\/\/www.lavillagardendesign.com\/fr\/product\/capri-chaise-de-salle-a-manger-empilable\/#primaryimage"},"thumbnailUrl":"https:\/\/www.lavillagardendesign.com\/wp-content\/uploads\/2025\/12\/106.png","datePublished":"2025-12-29T10:28:34+00:00","dateModified":"2026-02-10T12:45:23+00:00","description":"Chaise d'ext\u00e9rieur empilable de la collection CAPRI. Structure en aluminium avec dossier en corde tress\u00e9e. Coussin d\u00e9perlant inclus. Design exclusif et durable.","breadcrumb":{"@id":"https:\/\/www.lavillagardendesign.com\/fr\/product\/capri-chaise-de-salle-a-manger-empilable\/#breadcrumb"},"inLanguage":"fr-FR","potentialAction":[{"@type":"ReadAction","target":["https:\/\/www.lavillagardendesign.com\/fr\/product\/capri-chaise-de-salle-a-manger-empilable\/"]}]},{"@type":"ImageObject","inLanguage":"fr-FR","@id":"https:\/\/www.lavillagardendesign.com\/fr\/product\/capri-chaise-de-salle-a-manger-empilable\/#primaryimage","url":"https:\/\/www.lavillagardendesign.com\/wp-content\/uploads\/2025\/12\/106.png","contentUrl":"https:\/\/www.lavillagardendesign.com\/wp-content\/uploads\/2025\/12\/106.png","width":700,"height":800},{"@type":"BreadcrumbList","@id":"https:\/\/www.lavillagardendesign.com\/fr\/product\/capri-chaise-de-salle-a-manger-empilable\/#breadcrumb","itemListElement":[{"@type":"ListItem","position":1,"name":"Home","item":"https:\/\/www.lavillagardendesign.com\/"},{"@type":"ListItem","position":2,"name":"Boutique","item":"https:\/\/www.lavillagardendesign.com\/fr\/boutique\/"},{"@type":"ListItem","position":3,"name":"CAPRI &#8211; Chaise de salle \u00e0 manger empilable"}]},{"@type":"WebSite","@id":"https:\/\/www.lavillagardendesign.com\/#website","url":"https:\/\/www.lavillagardendesign.com\/","name":"La Villa Garden&Design","description":"","publisher":{"@id":"https:\/\/www.lavillagardendesign.com\/#organization"},"potentialAction":[{"@type":"SearchAction","target":{"@type":"EntryPoint","urlTemplate":"https:\/\/www.lavillagardendesign.com\/?s={search_term_string}"},"query-input":{"@type":"PropertyValueSpecification","valueRequired":true,"valueName":"search_term_string"}}],"inLanguage":"fr-FR"},{"@type":"Organization","@id":"https:\/\/www.lavillagardendesign.com\/#organization","name":"La Villa Garden&Design","url":"https:\/\/www.lavillagardendesign.com\/","logo":{"@type":"ImageObject","inLanguage":"fr-FR","@id":"https:\/\/www.lavillagardendesign.com\/#\/schema\/logo\/image\/","url":"https:\/\/www.lavillagardendesign.com\/wp-content\/uploads\/2024\/04\/logolavilla.png","contentUrl":"https:\/\/www.lavillagardendesign.com\/wp-content\/uploads\/2024\/04\/logolavilla.png","width":682,"height":391,"caption":"La Villa Garden&Design"},"image":{"@id":"https:\/\/www.lavillagardendesign.com\/#\/schema\/logo\/image\/"},"sameAs":["https:\/\/www.facebook.com\/lavillagardendesign\/"]}]}},"_links":{"self":[{"href":"https:\/\/www.lavillagardendesign.com\/fr\/wp-json\/wp\/v2\/product\/60270","targetHints":{"allow":["GET"]}}],"collection":[{"href":"https:\/\/www.lavillagardendesign.com\/fr\/wp-json\/wp\/v2\/product"}],"about":[{"href":"https:\/\/www.lavillagardendesign.com\/fr\/wp-json\/wp\/v2\/types\/product"}],"replies":[{"embeddable":true,"href":"https:\/\/www.lavillagardendesign.com\/fr\/wp-json\/wp\/v2\/comments?post=60270"}],"version-history":[{"count":1,"href":"https:\/\/www.lavillagardendesign.com\/fr\/wp-json\/wp\/v2\/product\/60270\/revisions"}],"predecessor-version":[{"id":62363,"href":"https:\/\/www.lavillagardendesign.com\/fr\/wp-json\/wp\/v2\/product\/60270\/revisions\/62363"}],"wp:featuredmedia":[{"embeddable":true,"href":"https:\/\/www.lavillagardendesign.com\/fr\/wp-json\/wp\/v2\/media\/60029"}],"wp:attachment":[{"href":"https:\/\/www.lavillagardendesign.com\/fr\/wp-json\/wp\/v2\/media?parent=60270"}],"wp:term":[{"taxonomy":"product_brand","embeddable":true,"href":"https:\/\/www.lavillagardendesign.com\/fr\/wp-json\/wp\/v2\/product_brand?post=60270"},{"taxonomy":"product_cat","embeddable":true,"href":"https:\/\/www.lavillagardendesign.com\/fr\/wp-json\/wp\/v2\/product_cat?post=60270"},{"taxonomy":"product_tag","embeddable":true,"href":"https:\/\/www.lavillagardendesign.com\/fr\/wp-json\/wp\/v2\/product_tag?post=60270"}],"curies":[{"name":"wp","href":"https:\/\/api.w.org\/{rel}","templated":true}]}}