{"id":60269,"date":"2025-12-29T11:28:34","date_gmt":"2025-12-29T10:28:34","guid":{"rendered":"https:\/\/www.lavillagardendesign.com\/product\/tahiti-fauteuil-de-salle-a-manger-en-bois-et-corde\/"},"modified":"2026-02-10T14:38:23","modified_gmt":"2026-02-10T12:38:23","slug":"tahiti-fauteuil-de-salle-a-manger-en-bois-et-corde","status":"publish","type":"product","link":"https:\/\/www.lavillagardendesign.com\/fr\/product\/tahiti-fauteuil-de-salle-a-manger-en-bois-et-corde\/","title":{"rendered":"TAHITI &#8211; Fauteuil de salle \u00e0 manger en bois et corde"},"content":{"rendered":"","protected":false},"excerpt":{"rendered":"<p>Apportez une distinction organique \u00e0 votre table \u00e0 manger d&rsquo;ext\u00e9rieur avec le fauteuil de salle \u00e0 manger TAHITI. Cette pi\u00e8ce au design hybride allie avec brio des mat\u00e9riaux nobles et techniques : sa base solide est construite en bois d&rsquo;acacia 100% certifi\u00e9 FSC, trait\u00e9 avec une finition \u00e0 l&rsquo;huile effet teck qui assure l&rsquo;esth\u00e9tique chaleureuse des bois tropicaux avec une durabilit\u00e9 sup\u00e9rieure. Le dossier enveloppant est dot\u00e9 d&rsquo;une structure interne en aluminium recouverte d&rsquo;un tissage en corde de polyester dans un ton naturel, offrant un soutien ergonomique et une l\u00e9g\u00e8ret\u00e9 visuelle. Le confort est maximis\u00e9 gr\u00e2ce au coussin amovible en tissu Olefin (100% polypropyl\u00e8ne), un mat\u00e9riau de haute performance qui est hydrofuge et r\u00e9sistant \u00e0 la d\u00e9coloration par le soleil. La quincaillerie galvanis\u00e9e pr\u00e9vient l&rsquo;oxydation.    <\/p>\n","protected":false},"featured_media":60070,"comment_status":"open","ping_status":"closed","template":"","meta":[],"product_brand":[4998],"product_cat":[6832,2929,2931],"product_tag":[],"class_list":{"0":"post-60269","1":"product","2":"type-product","3":"status-publish","4":"has-post-thumbnail","6":"product_brand-la-villa","7":"product_cat-outdoor-fr","8":"product_cat-chaises","9":"product_cat-chaises-repas","11":"first","12":"instock","13":"sale","14":"taxable","15":"shipping-taxable","16":"purchasable","17":"product-type-simple"},"yoast_head":"<!-- This site is optimized with the Yoast SEO plugin v27.1.1 - https:\/\/yoast.com\/product\/yoast-seo-wordpress\/ -->\n<title>TAHITI - Fauteuil de salle \u00e0 manger en bois et corde - La Villa Garden&amp;Design<\/title>\n<meta name=\"robots\" content=\"index, follow, max-snippet:-1, max-image-preview:large, max-video-preview:-1\" \/>\n<link rel=\"canonical\" href=\"https:\/\/www.lavillagardendesign.com\/fr\/product\/tahiti-fauteuil-de-salle-a-manger-en-bois-et-corde\/\" \/>\n<meta property=\"og:locale\" content=\"fr_FR\" \/>\n<meta property=\"og:type\" content=\"article\" \/>\n<meta property=\"og:title\" content=\"TAHITI - Fauteuil de salle \u00e0 manger en bois et corde - La Villa Garden&amp;Design\" \/>\n<meta property=\"og:description\" content=\"Apportez une distinction organique \u00e0 votre table \u00e0 manger d&#039;ext\u00e9rieur avec le fauteuil de salle \u00e0 manger TAHITI. Cette pi\u00e8ce au design hybride allie avec brio des mat\u00e9riaux nobles et techniques : sa base solide est construite en bois d&#039;acacia 100% certifi\u00e9 FSC, trait\u00e9 avec une finition \u00e0 l&#039;huile effet teck qui assure l&#039;esth\u00e9tique chaleureuse des bois tropicaux avec une durabilit\u00e9 sup\u00e9rieure. Le dossier enveloppant est dot\u00e9 d&#039;une structure interne en aluminium recouverte d&#039;un tissage en corde de polyester dans un ton naturel, offrant un soutien ergonomique et une l\u00e9g\u00e8ret\u00e9 visuelle. Le confort est maximis\u00e9 gr\u00e2ce au coussin amovible en tissu Olefin (100% polypropyl\u00e8ne), un mat\u00e9riau de haute performance qui est hydrofuge et r\u00e9sistant \u00e0 la d\u00e9coloration par le soleil. La quincaillerie galvanis\u00e9e pr\u00e9vient l&#039;oxydation.\" \/>\n<meta property=\"og:url\" content=\"https:\/\/www.lavillagardendesign.com\/fr\/product\/tahiti-fauteuil-de-salle-a-manger-en-bois-et-corde\/\" \/>\n<meta property=\"og:site_name\" content=\"La Villa Garden&amp;Design\" \/>\n<meta property=\"article:publisher\" content=\"https:\/\/www.facebook.com\/lavillagardendesign\/\" \/>\n<meta property=\"article:modified_time\" content=\"2026-02-10T12:38:23+00:00\" \/>\n<meta property=\"og:image\" content=\"https:\/\/www.lavillagardendesign.com\/wp-content\/uploads\/2025\/12\/Captura-de-pantalla-2025-12-22-a-las-13.04.26.jpg\" \/>\n\t<meta property=\"og:image:width\" content=\"968\" \/>\n\t<meta property=\"og:image:height\" content=\"816\" \/>\n\t<meta property=\"og:image:type\" content=\"image\/jpeg\" \/>\n<meta name=\"twitter:card\" content=\"summary_large_image\" \/>\n<script type=\"application\/ld+json\" class=\"yoast-schema-graph\">{\"@context\":\"https:\/\/schema.org\",\"@graph\":[{\"@type\":\"WebPage\",\"@id\":\"https:\/\/www.lavillagardendesign.com\/fr\/product\/tahiti-fauteuil-de-salle-a-manger-en-bois-et-corde\/\",\"url\":\"https:\/\/www.lavillagardendesign.com\/fr\/product\/tahiti-fauteuil-de-salle-a-manger-en-bois-et-corde\/\",\"name\":\"TAHITI - Fauteuil de salle \u00e0 manger en bois et corde - La Villa Garden&amp;Design\",\"isPartOf\":{\"@id\":\"https:\/\/www.lavillagardendesign.com\/#website\"},\"primaryImageOfPage\":{\"@id\":\"https:\/\/www.lavillagardendesign.com\/fr\/product\/tahiti-fauteuil-de-salle-a-manger-en-bois-et-corde\/#primaryimage\"},\"image\":{\"@id\":\"https:\/\/www.lavillagardendesign.com\/fr\/product\/tahiti-fauteuil-de-salle-a-manger-en-bois-et-corde\/#primaryimage\"},\"thumbnailUrl\":\"https:\/\/www.lavillagardendesign.com\/wp-content\/uploads\/2025\/12\/Captura-de-pantalla-2025-12-22-a-las-13.04.26.jpg\",\"datePublished\":\"2025-12-29T10:28:34+00:00\",\"dateModified\":\"2026-02-10T12:38:23+00:00\",\"breadcrumb\":{\"@id\":\"https:\/\/www.lavillagardendesign.com\/fr\/product\/tahiti-fauteuil-de-salle-a-manger-en-bois-et-corde\/#breadcrumb\"},\"inLanguage\":\"fr-FR\",\"potentialAction\":[{\"@type\":\"ReadAction\",\"target\":[\"https:\/\/www.lavillagardendesign.com\/fr\/product\/tahiti-fauteuil-de-salle-a-manger-en-bois-et-corde\/\"]}]},{\"@type\":\"ImageObject\",\"inLanguage\":\"fr-FR\",\"@id\":\"https:\/\/www.lavillagardendesign.com\/fr\/product\/tahiti-fauteuil-de-salle-a-manger-en-bois-et-corde\/#primaryimage\",\"url\":\"https:\/\/www.lavillagardendesign.com\/wp-content\/uploads\/2025\/12\/Captura-de-pantalla-2025-12-22-a-las-13.04.26.jpg\",\"contentUrl\":\"https:\/\/www.lavillagardendesign.com\/wp-content\/uploads\/2025\/12\/Captura-de-pantalla-2025-12-22-a-las-13.04.26.jpg\",\"width\":968,\"height\":816},{\"@type\":\"BreadcrumbList\",\"@id\":\"https:\/\/www.lavillagardendesign.com\/fr\/product\/tahiti-fauteuil-de-salle-a-manger-en-bois-et-corde\/#breadcrumb\",\"itemListElement\":[{\"@type\":\"ListItem\",\"position\":1,\"name\":\"Home\",\"item\":\"https:\/\/www.lavillagardendesign.com\/\"},{\"@type\":\"ListItem\",\"position\":2,\"name\":\"Boutique\",\"item\":\"https:\/\/www.lavillagardendesign.com\/fr\/boutique\/\"},{\"@type\":\"ListItem\",\"position\":3,\"name\":\"TAHITI &#8211; Fauteuil de salle \u00e0 manger en bois et corde\"}]},{\"@type\":\"WebSite\",\"@id\":\"https:\/\/www.lavillagardendesign.com\/#website\",\"url\":\"https:\/\/www.lavillagardendesign.com\/\",\"name\":\"La Villa Garden&Design\",\"description\":\"\",\"publisher\":{\"@id\":\"https:\/\/www.lavillagardendesign.com\/#organization\"},\"potentialAction\":[{\"@type\":\"SearchAction\",\"target\":{\"@type\":\"EntryPoint\",\"urlTemplate\":\"https:\/\/www.lavillagardendesign.com\/?s={search_term_string}\"},\"query-input\":{\"@type\":\"PropertyValueSpecification\",\"valueRequired\":true,\"valueName\":\"search_term_string\"}}],\"inLanguage\":\"fr-FR\"},{\"@type\":\"Organization\",\"@id\":\"https:\/\/www.lavillagardendesign.com\/#organization\",\"name\":\"La Villa Garden&Design\",\"url\":\"https:\/\/www.lavillagardendesign.com\/\",\"logo\":{\"@type\":\"ImageObject\",\"inLanguage\":\"fr-FR\",\"@id\":\"https:\/\/www.lavillagardendesign.com\/#\/schema\/logo\/image\/\",\"url\":\"https:\/\/www.lavillagardendesign.com\/wp-content\/uploads\/2024\/04\/logolavilla.png\",\"contentUrl\":\"https:\/\/www.lavillagardendesign.com\/wp-content\/uploads\/2024\/04\/logolavilla.png\",\"width\":682,\"height\":391,\"caption\":\"La Villa Garden&Design\"},\"image\":{\"@id\":\"https:\/\/www.lavillagardendesign.com\/#\/schema\/logo\/image\/\"},\"sameAs\":[\"https:\/\/www.facebook.com\/lavillagardendesign\/\"]}]}<\/script>\n<!-- \/ Yoast SEO plugin. -->","yoast_head_json":{"title":"TAHITI - Fauteuil de salle \u00e0 manger en bois et corde - La Villa Garden&amp;Design","robots":{"index":"index","follow":"follow","max-snippet":"max-snippet:-1","max-image-preview":"max-image-preview:large","max-video-preview":"max-video-preview:-1"},"canonical":"https:\/\/www.lavillagardendesign.com\/fr\/product\/tahiti-fauteuil-de-salle-a-manger-en-bois-et-corde\/","og_locale":"fr_FR","og_type":"article","og_title":"TAHITI - Fauteuil de salle \u00e0 manger en bois et corde - La Villa Garden&amp;Design","og_description":"Apportez une distinction organique \u00e0 votre table \u00e0 manger d'ext\u00e9rieur avec le fauteuil de salle \u00e0 manger TAHITI. Cette pi\u00e8ce au design hybride allie avec brio des mat\u00e9riaux nobles et techniques : sa base solide est construite en bois d'acacia 100% certifi\u00e9 FSC, trait\u00e9 avec une finition \u00e0 l'huile effet teck qui assure l'esth\u00e9tique chaleureuse des bois tropicaux avec une durabilit\u00e9 sup\u00e9rieure. Le dossier enveloppant est dot\u00e9 d'une structure interne en aluminium recouverte d'un tissage en corde de polyester dans un ton naturel, offrant un soutien ergonomique et une l\u00e9g\u00e8ret\u00e9 visuelle. Le confort est maximis\u00e9 gr\u00e2ce au coussin amovible en tissu Olefin (100% polypropyl\u00e8ne), un mat\u00e9riau de haute performance qui est hydrofuge et r\u00e9sistant \u00e0 la d\u00e9coloration par le soleil. La quincaillerie galvanis\u00e9e pr\u00e9vient l'oxydation.","og_url":"https:\/\/www.lavillagardendesign.com\/fr\/product\/tahiti-fauteuil-de-salle-a-manger-en-bois-et-corde\/","og_site_name":"La Villa Garden&amp;Design","article_publisher":"https:\/\/www.facebook.com\/lavillagardendesign\/","article_modified_time":"2026-02-10T12:38:23+00:00","og_image":[{"width":968,"height":816,"url":"https:\/\/www.lavillagardendesign.com\/wp-content\/uploads\/2025\/12\/Captura-de-pantalla-2025-12-22-a-las-13.04.26.jpg","type":"image\/jpeg"}],"twitter_card":"summary_large_image","schema":{"@context":"https:\/\/schema.org","@graph":[{"@type":"WebPage","@id":"https:\/\/www.lavillagardendesign.com\/fr\/product\/tahiti-fauteuil-de-salle-a-manger-en-bois-et-corde\/","url":"https:\/\/www.lavillagardendesign.com\/fr\/product\/tahiti-fauteuil-de-salle-a-manger-en-bois-et-corde\/","name":"TAHITI - Fauteuil de salle \u00e0 manger en bois et corde - La Villa Garden&amp;Design","isPartOf":{"@id":"https:\/\/www.lavillagardendesign.com\/#website"},"primaryImageOfPage":{"@id":"https:\/\/www.lavillagardendesign.com\/fr\/product\/tahiti-fauteuil-de-salle-a-manger-en-bois-et-corde\/#primaryimage"},"image":{"@id":"https:\/\/www.lavillagardendesign.com\/fr\/product\/tahiti-fauteuil-de-salle-a-manger-en-bois-et-corde\/#primaryimage"},"thumbnailUrl":"https:\/\/www.lavillagardendesign.com\/wp-content\/uploads\/2025\/12\/Captura-de-pantalla-2025-12-22-a-las-13.04.26.jpg","datePublished":"2025-12-29T10:28:34+00:00","dateModified":"2026-02-10T12:38:23+00:00","breadcrumb":{"@id":"https:\/\/www.lavillagardendesign.com\/fr\/product\/tahiti-fauteuil-de-salle-a-manger-en-bois-et-corde\/#breadcrumb"},"inLanguage":"fr-FR","potentialAction":[{"@type":"ReadAction","target":["https:\/\/www.lavillagardendesign.com\/fr\/product\/tahiti-fauteuil-de-salle-a-manger-en-bois-et-corde\/"]}]},{"@type":"ImageObject","inLanguage":"fr-FR","@id":"https:\/\/www.lavillagardendesign.com\/fr\/product\/tahiti-fauteuil-de-salle-a-manger-en-bois-et-corde\/#primaryimage","url":"https:\/\/www.lavillagardendesign.com\/wp-content\/uploads\/2025\/12\/Captura-de-pantalla-2025-12-22-a-las-13.04.26.jpg","contentUrl":"https:\/\/www.lavillagardendesign.com\/wp-content\/uploads\/2025\/12\/Captura-de-pantalla-2025-12-22-a-las-13.04.26.jpg","width":968,"height":816},{"@type":"BreadcrumbList","@id":"https:\/\/www.lavillagardendesign.com\/fr\/product\/tahiti-fauteuil-de-salle-a-manger-en-bois-et-corde\/#breadcrumb","itemListElement":[{"@type":"ListItem","position":1,"name":"Home","item":"https:\/\/www.lavillagardendesign.com\/"},{"@type":"ListItem","position":2,"name":"Boutique","item":"https:\/\/www.lavillagardendesign.com\/fr\/boutique\/"},{"@type":"ListItem","position":3,"name":"TAHITI &#8211; Fauteuil de salle \u00e0 manger en bois et corde"}]},{"@type":"WebSite","@id":"https:\/\/www.lavillagardendesign.com\/#website","url":"https:\/\/www.lavillagardendesign.com\/","name":"La Villa Garden&Design","description":"","publisher":{"@id":"https:\/\/www.lavillagardendesign.com\/#organization"},"potentialAction":[{"@type":"SearchAction","target":{"@type":"EntryPoint","urlTemplate":"https:\/\/www.lavillagardendesign.com\/?s={search_term_string}"},"query-input":{"@type":"PropertyValueSpecification","valueRequired":true,"valueName":"search_term_string"}}],"inLanguage":"fr-FR"},{"@type":"Organization","@id":"https:\/\/www.lavillagardendesign.com\/#organization","name":"La Villa Garden&Design","url":"https:\/\/www.lavillagardendesign.com\/","logo":{"@type":"ImageObject","inLanguage":"fr-FR","@id":"https:\/\/www.lavillagardendesign.com\/#\/schema\/logo\/image\/","url":"https:\/\/www.lavillagardendesign.com\/wp-content\/uploads\/2024\/04\/logolavilla.png","contentUrl":"https:\/\/www.lavillagardendesign.com\/wp-content\/uploads\/2024\/04\/logolavilla.png","width":682,"height":391,"caption":"La Villa Garden&Design"},"image":{"@id":"https:\/\/www.lavillagardendesign.com\/#\/schema\/logo\/image\/"},"sameAs":["https:\/\/www.facebook.com\/lavillagardendesign\/"]}]}},"_links":{"self":[{"href":"https:\/\/www.lavillagardendesign.com\/fr\/wp-json\/wp\/v2\/product\/60269","targetHints":{"allow":["GET"]}}],"collection":[{"href":"https:\/\/www.lavillagardendesign.com\/fr\/wp-json\/wp\/v2\/product"}],"about":[{"href":"https:\/\/www.lavillagardendesign.com\/fr\/wp-json\/wp\/v2\/types\/product"}],"replies":[{"embeddable":true,"href":"https:\/\/www.lavillagardendesign.com\/fr\/wp-json\/wp\/v2\/comments?post=60269"}],"version-history":[{"count":1,"href":"https:\/\/www.lavillagardendesign.com\/fr\/wp-json\/wp\/v2\/product\/60269\/revisions"}],"predecessor-version":[{"id":62348,"href":"https:\/\/www.lavillagardendesign.com\/fr\/wp-json\/wp\/v2\/product\/60269\/revisions\/62348"}],"wp:featuredmedia":[{"embeddable":true,"href":"https:\/\/www.lavillagardendesign.com\/fr\/wp-json\/wp\/v2\/media\/60070"}],"wp:attachment":[{"href":"https:\/\/www.lavillagardendesign.com\/fr\/wp-json\/wp\/v2\/media?parent=60269"}],"wp:term":[{"taxonomy":"product_brand","embeddable":true,"href":"https:\/\/www.lavillagardendesign.com\/fr\/wp-json\/wp\/v2\/product_brand?post=60269"},{"taxonomy":"product_cat","embeddable":true,"href":"https:\/\/www.lavillagardendesign.com\/fr\/wp-json\/wp\/v2\/product_cat?post=60269"},{"taxonomy":"product_tag","embeddable":true,"href":"https:\/\/www.lavillagardendesign.com\/fr\/wp-json\/wp\/v2\/product_tag?post=60269"}],"curies":[{"name":"wp","href":"https:\/\/api.w.org\/{rel}","templated":true}]}}