{"id":60257,"date":"2025-12-29T11:28:34","date_gmt":"2025-12-29T10:28:34","guid":{"rendered":"https:\/\/www.lavillagardendesign.com\/product\/inca-chaise-de-salle-a-manger-pivotante-skagen\/"},"modified":"2026-02-10T14:41:11","modified_gmt":"2026-02-10T12:41:11","slug":"inca-chaise-de-salle-a-manger-pivotante-skagen","status":"publish","type":"product","link":"https:\/\/www.lavillagardendesign.com\/fr\/product\/inca-chaise-de-salle-a-manger-pivotante-skagen\/","title":{"rendered":"INCA &#8211; Chaise de salle \u00e0 manger pivotante Skagen"},"content":{"rendered":"","protected":false},"excerpt":{"rendered":"<p>Le fauteuil pivotant SKAGEN de la collection INCA rehausse la sophistication technique de votre salle \u00e0 manger ext\u00e9rieure. Cette pi\u00e8ce se distingue non seulement par son design contemporain enveloppant, mais aussi par son ing\u00e9nierie du confort : elle est dot\u00e9e d&rsquo;un syst\u00e8me de pivotement \u00e0 360\u00b0 avec un m\u00e9canisme de retour automatique, ce qui garantit que la chaise revient toujours \u00e0 sa position initiale face \u00e0 l&rsquo;avant lorsque le convive se l\u00e8ve, gardant ainsi la table impeccablement rang\u00e9e \u00e0 tout moment. Sa construction est de la plus haute qualit\u00e9 : structure en aluminium de qualit\u00e9 sup\u00e9rieure et pieds en acier inoxydable 201 rev\u00eatus de polyester pour une solidit\u00e9 absolue. Le rembourrage int\u00e9gral en tissu Olefin hydrofuge cache un secret technique : un remplissage imperm\u00e9able qui emp\u00eache l&rsquo;eau de p\u00e9n\u00e9trer dans la mousse, ce qui permet une utilisation imm\u00e9diate apr\u00e8s la pluie.   <\/p>\n","protected":false},"featured_media":60091,"comment_status":"open","ping_status":"closed","template":"","meta":[],"product_brand":[4998],"product_cat":[6832,2929,2931,5658],"product_tag":[],"class_list":{"0":"post-60257","1":"product","2":"type-product","3":"status-publish","4":"has-post-thumbnail","6":"product_brand-la-villa","7":"product_cat-outdoor-fr","8":"product_cat-chaises","9":"product_cat-chaises-repas","10":"product_cat-promos-web","12":"first","13":"instock","14":"sale","15":"taxable","16":"shipping-taxable","17":"purchasable","18":"product-type-simple"},"yoast_head":"<!-- This site is optimized with the Yoast SEO plugin v27.1.1 - https:\/\/yoast.com\/product\/yoast-seo-wordpress\/ -->\n<title>INCA - Chaise de salle \u00e0 manger pivotante Skagen - La Villa Garden&amp;Design<\/title>\n<meta name=\"description\" content=\"Chaise de jardin pivotante mod\u00e8le Skagen (Collection INCA). M\u00e9canisme de retour automatique et remplissage \u00e9tanche. Pieds en acier inoxydable. Offre exclusive.\" \/>\n<meta name=\"robots\" content=\"index, follow, max-snippet:-1, max-image-preview:large, max-video-preview:-1\" \/>\n<link rel=\"canonical\" href=\"https:\/\/www.lavillagardendesign.com\/fr\/product\/inca-chaise-de-salle-a-manger-pivotante-skagen\/\" \/>\n<meta property=\"og:locale\" content=\"fr_FR\" \/>\n<meta property=\"og:type\" content=\"article\" \/>\n<meta property=\"og:title\" content=\"INCA - Chaise de salle \u00e0 manger pivotante Skagen - La Villa Garden&amp;Design\" \/>\n<meta property=\"og:description\" content=\"Chaise de jardin pivotante mod\u00e8le Skagen (Collection INCA). M\u00e9canisme de retour automatique et remplissage \u00e9tanche. Pieds en acier inoxydable. Offre exclusive.\" \/>\n<meta property=\"og:url\" content=\"https:\/\/www.lavillagardendesign.com\/fr\/product\/inca-chaise-de-salle-a-manger-pivotante-skagen\/\" \/>\n<meta property=\"og:site_name\" content=\"La Villa Garden&amp;Design\" \/>\n<meta property=\"article:publisher\" content=\"https:\/\/www.facebook.com\/lavillagardendesign\/\" \/>\n<meta property=\"article:modified_time\" content=\"2026-02-10T12:41:11+00:00\" \/>\n<meta property=\"og:image\" content=\"https:\/\/www.lavillagardendesign.com\/wp-content\/uploads\/2025\/12\/125.jpg\" \/>\n\t<meta property=\"og:image:width\" content=\"700\" \/>\n\t<meta property=\"og:image:height\" content=\"800\" \/>\n\t<meta property=\"og:image:type\" content=\"image\/jpeg\" \/>\n<meta name=\"twitter:card\" content=\"summary_large_image\" \/>\n<script type=\"application\/ld+json\" class=\"yoast-schema-graph\">{\"@context\":\"https:\/\/schema.org\",\"@graph\":[{\"@type\":\"WebPage\",\"@id\":\"https:\/\/www.lavillagardendesign.com\/fr\/product\/inca-chaise-de-salle-a-manger-pivotante-skagen\/\",\"url\":\"https:\/\/www.lavillagardendesign.com\/fr\/product\/inca-chaise-de-salle-a-manger-pivotante-skagen\/\",\"name\":\"INCA - Chaise de salle \u00e0 manger pivotante Skagen - La Villa Garden&amp;Design\",\"isPartOf\":{\"@id\":\"https:\/\/www.lavillagardendesign.com\/#website\"},\"primaryImageOfPage\":{\"@id\":\"https:\/\/www.lavillagardendesign.com\/fr\/product\/inca-chaise-de-salle-a-manger-pivotante-skagen\/#primaryimage\"},\"image\":{\"@id\":\"https:\/\/www.lavillagardendesign.com\/fr\/product\/inca-chaise-de-salle-a-manger-pivotante-skagen\/#primaryimage\"},\"thumbnailUrl\":\"https:\/\/www.lavillagardendesign.com\/wp-content\/uploads\/2025\/12\/125.jpg\",\"datePublished\":\"2025-12-29T10:28:34+00:00\",\"dateModified\":\"2026-02-10T12:41:11+00:00\",\"description\":\"Chaise de jardin pivotante mod\u00e8le Skagen (Collection INCA). M\u00e9canisme de retour automatique et remplissage \u00e9tanche. Pieds en acier inoxydable. Offre exclusive.\",\"breadcrumb\":{\"@id\":\"https:\/\/www.lavillagardendesign.com\/fr\/product\/inca-chaise-de-salle-a-manger-pivotante-skagen\/#breadcrumb\"},\"inLanguage\":\"fr-FR\",\"potentialAction\":[{\"@type\":\"ReadAction\",\"target\":[\"https:\/\/www.lavillagardendesign.com\/fr\/product\/inca-chaise-de-salle-a-manger-pivotante-skagen\/\"]}]},{\"@type\":\"ImageObject\",\"inLanguage\":\"fr-FR\",\"@id\":\"https:\/\/www.lavillagardendesign.com\/fr\/product\/inca-chaise-de-salle-a-manger-pivotante-skagen\/#primaryimage\",\"url\":\"https:\/\/www.lavillagardendesign.com\/wp-content\/uploads\/2025\/12\/125.jpg\",\"contentUrl\":\"https:\/\/www.lavillagardendesign.com\/wp-content\/uploads\/2025\/12\/125.jpg\",\"width\":700,\"height\":800},{\"@type\":\"BreadcrumbList\",\"@id\":\"https:\/\/www.lavillagardendesign.com\/fr\/product\/inca-chaise-de-salle-a-manger-pivotante-skagen\/#breadcrumb\",\"itemListElement\":[{\"@type\":\"ListItem\",\"position\":1,\"name\":\"Home\",\"item\":\"https:\/\/www.lavillagardendesign.com\/\"},{\"@type\":\"ListItem\",\"position\":2,\"name\":\"Boutique\",\"item\":\"https:\/\/www.lavillagardendesign.com\/fr\/boutique\/\"},{\"@type\":\"ListItem\",\"position\":3,\"name\":\"INCA &#8211; Chaise de salle \u00e0 manger pivotante Skagen\"}]},{\"@type\":\"WebSite\",\"@id\":\"https:\/\/www.lavillagardendesign.com\/#website\",\"url\":\"https:\/\/www.lavillagardendesign.com\/\",\"name\":\"La Villa Garden&Design\",\"description\":\"\",\"publisher\":{\"@id\":\"https:\/\/www.lavillagardendesign.com\/#organization\"},\"potentialAction\":[{\"@type\":\"SearchAction\",\"target\":{\"@type\":\"EntryPoint\",\"urlTemplate\":\"https:\/\/www.lavillagardendesign.com\/?s={search_term_string}\"},\"query-input\":{\"@type\":\"PropertyValueSpecification\",\"valueRequired\":true,\"valueName\":\"search_term_string\"}}],\"inLanguage\":\"fr-FR\"},{\"@type\":\"Organization\",\"@id\":\"https:\/\/www.lavillagardendesign.com\/#organization\",\"name\":\"La Villa Garden&Design\",\"url\":\"https:\/\/www.lavillagardendesign.com\/\",\"logo\":{\"@type\":\"ImageObject\",\"inLanguage\":\"fr-FR\",\"@id\":\"https:\/\/www.lavillagardendesign.com\/#\/schema\/logo\/image\/\",\"url\":\"https:\/\/www.lavillagardendesign.com\/wp-content\/uploads\/2024\/04\/logolavilla.png\",\"contentUrl\":\"https:\/\/www.lavillagardendesign.com\/wp-content\/uploads\/2024\/04\/logolavilla.png\",\"width\":682,\"height\":391,\"caption\":\"La Villa Garden&Design\"},\"image\":{\"@id\":\"https:\/\/www.lavillagardendesign.com\/#\/schema\/logo\/image\/\"},\"sameAs\":[\"https:\/\/www.facebook.com\/lavillagardendesign\/\"]}]}<\/script>\n<!-- \/ Yoast SEO plugin. -->","yoast_head_json":{"title":"INCA - Chaise de salle \u00e0 manger pivotante Skagen - La Villa Garden&amp;Design","description":"Chaise de jardin pivotante mod\u00e8le Skagen (Collection INCA). M\u00e9canisme de retour automatique et remplissage \u00e9tanche. Pieds en acier inoxydable. Offre exclusive.","robots":{"index":"index","follow":"follow","max-snippet":"max-snippet:-1","max-image-preview":"max-image-preview:large","max-video-preview":"max-video-preview:-1"},"canonical":"https:\/\/www.lavillagardendesign.com\/fr\/product\/inca-chaise-de-salle-a-manger-pivotante-skagen\/","og_locale":"fr_FR","og_type":"article","og_title":"INCA - Chaise de salle \u00e0 manger pivotante Skagen - La Villa Garden&amp;Design","og_description":"Chaise de jardin pivotante mod\u00e8le Skagen (Collection INCA). M\u00e9canisme de retour automatique et remplissage \u00e9tanche. Pieds en acier inoxydable. Offre exclusive.","og_url":"https:\/\/www.lavillagardendesign.com\/fr\/product\/inca-chaise-de-salle-a-manger-pivotante-skagen\/","og_site_name":"La Villa Garden&amp;Design","article_publisher":"https:\/\/www.facebook.com\/lavillagardendesign\/","article_modified_time":"2026-02-10T12:41:11+00:00","og_image":[{"width":700,"height":800,"url":"https:\/\/www.lavillagardendesign.com\/wp-content\/uploads\/2025\/12\/125.jpg","type":"image\/jpeg"}],"twitter_card":"summary_large_image","schema":{"@context":"https:\/\/schema.org","@graph":[{"@type":"WebPage","@id":"https:\/\/www.lavillagardendesign.com\/fr\/product\/inca-chaise-de-salle-a-manger-pivotante-skagen\/","url":"https:\/\/www.lavillagardendesign.com\/fr\/product\/inca-chaise-de-salle-a-manger-pivotante-skagen\/","name":"INCA - Chaise de salle \u00e0 manger pivotante Skagen - La Villa Garden&amp;Design","isPartOf":{"@id":"https:\/\/www.lavillagardendesign.com\/#website"},"primaryImageOfPage":{"@id":"https:\/\/www.lavillagardendesign.com\/fr\/product\/inca-chaise-de-salle-a-manger-pivotante-skagen\/#primaryimage"},"image":{"@id":"https:\/\/www.lavillagardendesign.com\/fr\/product\/inca-chaise-de-salle-a-manger-pivotante-skagen\/#primaryimage"},"thumbnailUrl":"https:\/\/www.lavillagardendesign.com\/wp-content\/uploads\/2025\/12\/125.jpg","datePublished":"2025-12-29T10:28:34+00:00","dateModified":"2026-02-10T12:41:11+00:00","description":"Chaise de jardin pivotante mod\u00e8le Skagen (Collection INCA). M\u00e9canisme de retour automatique et remplissage \u00e9tanche. Pieds en acier inoxydable. Offre exclusive.","breadcrumb":{"@id":"https:\/\/www.lavillagardendesign.com\/fr\/product\/inca-chaise-de-salle-a-manger-pivotante-skagen\/#breadcrumb"},"inLanguage":"fr-FR","potentialAction":[{"@type":"ReadAction","target":["https:\/\/www.lavillagardendesign.com\/fr\/product\/inca-chaise-de-salle-a-manger-pivotante-skagen\/"]}]},{"@type":"ImageObject","inLanguage":"fr-FR","@id":"https:\/\/www.lavillagardendesign.com\/fr\/product\/inca-chaise-de-salle-a-manger-pivotante-skagen\/#primaryimage","url":"https:\/\/www.lavillagardendesign.com\/wp-content\/uploads\/2025\/12\/125.jpg","contentUrl":"https:\/\/www.lavillagardendesign.com\/wp-content\/uploads\/2025\/12\/125.jpg","width":700,"height":800},{"@type":"BreadcrumbList","@id":"https:\/\/www.lavillagardendesign.com\/fr\/product\/inca-chaise-de-salle-a-manger-pivotante-skagen\/#breadcrumb","itemListElement":[{"@type":"ListItem","position":1,"name":"Home","item":"https:\/\/www.lavillagardendesign.com\/"},{"@type":"ListItem","position":2,"name":"Boutique","item":"https:\/\/www.lavillagardendesign.com\/fr\/boutique\/"},{"@type":"ListItem","position":3,"name":"INCA &#8211; Chaise de salle \u00e0 manger pivotante Skagen"}]},{"@type":"WebSite","@id":"https:\/\/www.lavillagardendesign.com\/#website","url":"https:\/\/www.lavillagardendesign.com\/","name":"La Villa Garden&Design","description":"","publisher":{"@id":"https:\/\/www.lavillagardendesign.com\/#organization"},"potentialAction":[{"@type":"SearchAction","target":{"@type":"EntryPoint","urlTemplate":"https:\/\/www.lavillagardendesign.com\/?s={search_term_string}"},"query-input":{"@type":"PropertyValueSpecification","valueRequired":true,"valueName":"search_term_string"}}],"inLanguage":"fr-FR"},{"@type":"Organization","@id":"https:\/\/www.lavillagardendesign.com\/#organization","name":"La Villa Garden&Design","url":"https:\/\/www.lavillagardendesign.com\/","logo":{"@type":"ImageObject","inLanguage":"fr-FR","@id":"https:\/\/www.lavillagardendesign.com\/#\/schema\/logo\/image\/","url":"https:\/\/www.lavillagardendesign.com\/wp-content\/uploads\/2024\/04\/logolavilla.png","contentUrl":"https:\/\/www.lavillagardendesign.com\/wp-content\/uploads\/2024\/04\/logolavilla.png","width":682,"height":391,"caption":"La Villa Garden&Design"},"image":{"@id":"https:\/\/www.lavillagardendesign.com\/#\/schema\/logo\/image\/"},"sameAs":["https:\/\/www.facebook.com\/lavillagardendesign\/"]}]}},"_links":{"self":[{"href":"https:\/\/www.lavillagardendesign.com\/fr\/wp-json\/wp\/v2\/product\/60257","targetHints":{"allow":["GET"]}}],"collection":[{"href":"https:\/\/www.lavillagardendesign.com\/fr\/wp-json\/wp\/v2\/product"}],"about":[{"href":"https:\/\/www.lavillagardendesign.com\/fr\/wp-json\/wp\/v2\/types\/product"}],"replies":[{"embeddable":true,"href":"https:\/\/www.lavillagardendesign.com\/fr\/wp-json\/wp\/v2\/comments?post=60257"}],"version-history":[{"count":1,"href":"https:\/\/www.lavillagardendesign.com\/fr\/wp-json\/wp\/v2\/product\/60257\/revisions"}],"predecessor-version":[{"id":62365,"href":"https:\/\/www.lavillagardendesign.com\/fr\/wp-json\/wp\/v2\/product\/60257\/revisions\/62365"}],"wp:featuredmedia":[{"embeddable":true,"href":"https:\/\/www.lavillagardendesign.com\/fr\/wp-json\/wp\/v2\/media\/60091"}],"wp:attachment":[{"href":"https:\/\/www.lavillagardendesign.com\/fr\/wp-json\/wp\/v2\/media?parent=60257"}],"wp:term":[{"taxonomy":"product_brand","embeddable":true,"href":"https:\/\/www.lavillagardendesign.com\/fr\/wp-json\/wp\/v2\/product_brand?post=60257"},{"taxonomy":"product_cat","embeddable":true,"href":"https:\/\/www.lavillagardendesign.com\/fr\/wp-json\/wp\/v2\/product_cat?post=60257"},{"taxonomy":"product_tag","embeddable":true,"href":"https:\/\/www.lavillagardendesign.com\/fr\/wp-json\/wp\/v2\/product_tag?post=60257"}],"curies":[{"name":"wp","href":"https:\/\/api.w.org\/{rel}","templated":true}]}}