{"id":60252,"date":"2025-12-29T11:28:35","date_gmt":"2025-12-29T10:28:35","guid":{"rendered":"https:\/\/www.lavillagardendesign.com\/product\/cuba-fauteuil-de-salle-a-manger-empilable\/"},"modified":"2026-02-10T14:38:24","modified_gmt":"2026-02-10T12:38:24","slug":"cuba-fauteuil-de-salle-a-manger-empilable","status":"publish","type":"product","link":"https:\/\/www.lavillagardendesign.com\/fr\/product\/cuba-fauteuil-de-salle-a-manger-empilable\/","title":{"rendered":"CUBA &#8211; Fauteuil de salle \u00e0 manger empilable"},"content":{"rendered":"","protected":false},"excerpt":{"rendered":"<p>Apportez la sophistication du salon \u00e0 la salle \u00e0 manger avec le fauteuil CUBA. Cette pi\u00e8ce se distingue par son design enveloppant \u00ab\u00a0Mixed Materials\u00a0\u00bb, combinant une structure en aluminium thermolaqu\u00e9 effet bois (sans entretien) avec un d\u00e9licat tissage de cordes rondes en polyester de 5 mm sur le dossier et les accoudoirs. Con\u00e7ue pour les longs d\u00eeners, elle offre un confort sup\u00e9rieur gr\u00e2ce \u00e0 ses coussins d&rsquo;assise et de dossier inclus, fabriqu\u00e9s en tissu Olefin (100 % polypropyl\u00e8ne), r\u00e9put\u00e9 pour ses propri\u00e9t\u00e9s hydrofuges et antitaches. De plus, sa conception intelligente lui permet d&rsquo;\u00eatre empilable, ce qui facilite le rangement sans sacrifier l&rsquo;esth\u00e9tique de luxe.   <\/p>\n","protected":false},"featured_media":60201,"comment_status":"open","ping_status":"closed","template":"","meta":[],"product_brand":[4998],"product_cat":[6832,2929,2931],"product_tag":[],"class_list":{"0":"post-60252","1":"product","2":"type-product","3":"status-publish","4":"has-post-thumbnail","6":"product_brand-la-villa","7":"product_cat-outdoor-fr","8":"product_cat-chaises","9":"product_cat-chaises-repas","11":"first","12":"instock","13":"sale","14":"taxable","15":"shipping-taxable","16":"purchasable","17":"product-type-simple"},"yoast_head":"<!-- This site is optimized with the Yoast SEO plugin v27.1.1 - https:\/\/yoast.com\/product\/yoast-seo-wordpress\/ -->\n<title>Chaise de salle \u00e0 manger empilable CUBA Wood Look &amp; Rope | La Villa Garden<\/title>\n<meta name=\"description\" content=\"Fauteuil de jardin CUBA. En aluminium effet bois avec dossier en corde et coussins en ol\u00e9fine. Empilable et durable. Offre \u20ac259\" \/>\n<meta name=\"robots\" content=\"index, follow, max-snippet:-1, max-image-preview:large, max-video-preview:-1\" \/>\n<link rel=\"canonical\" href=\"https:\/\/www.lavillagardendesign.com\/fr\/product\/cuba-fauteuil-de-salle-a-manger-empilable\/\" \/>\n<meta property=\"og:locale\" content=\"fr_FR\" \/>\n<meta property=\"og:type\" content=\"article\" \/>\n<meta property=\"og:title\" content=\"Chaise de salle \u00e0 manger empilable CUBA Wood Look &amp; Rope | La Villa Garden\" \/>\n<meta property=\"og:description\" content=\"Fauteuil de jardin CUBA. En aluminium effet bois avec dossier en corde et coussins en ol\u00e9fine. Empilable et durable. Offre \u20ac259\" \/>\n<meta property=\"og:url\" content=\"https:\/\/www.lavillagardendesign.com\/fr\/product\/cuba-fauteuil-de-salle-a-manger-empilable\/\" \/>\n<meta property=\"og:site_name\" content=\"La Villa Garden&amp;Design\" \/>\n<meta property=\"article:publisher\" content=\"https:\/\/www.facebook.com\/lavillagardendesign\/\" \/>\n<meta property=\"article:modified_time\" content=\"2026-02-10T12:38:24+00:00\" \/>\n<meta property=\"og:image\" content=\"https:\/\/www.lavillagardendesign.com\/wp-content\/uploads\/2025\/12\/151-1.jpg\" \/>\n\t<meta property=\"og:image:width\" content=\"700\" \/>\n\t<meta property=\"og:image:height\" content=\"800\" \/>\n\t<meta property=\"og:image:type\" content=\"image\/jpeg\" \/>\n<meta name=\"twitter:card\" content=\"summary_large_image\" \/>\n<script type=\"application\/ld+json\" class=\"yoast-schema-graph\">{\"@context\":\"https:\/\/schema.org\",\"@graph\":[{\"@type\":\"WebPage\",\"@id\":\"https:\/\/www.lavillagardendesign.com\/fr\/product\/cuba-fauteuil-de-salle-a-manger-empilable\/\",\"url\":\"https:\/\/www.lavillagardendesign.com\/fr\/product\/cuba-fauteuil-de-salle-a-manger-empilable\/\",\"name\":\"Chaise de salle \u00e0 manger empilable CUBA Wood Look & Rope | La Villa Garden\",\"isPartOf\":{\"@id\":\"https:\/\/www.lavillagardendesign.com\/#website\"},\"primaryImageOfPage\":{\"@id\":\"https:\/\/www.lavillagardendesign.com\/fr\/product\/cuba-fauteuil-de-salle-a-manger-empilable\/#primaryimage\"},\"image\":{\"@id\":\"https:\/\/www.lavillagardendesign.com\/fr\/product\/cuba-fauteuil-de-salle-a-manger-empilable\/#primaryimage\"},\"thumbnailUrl\":\"https:\/\/www.lavillagardendesign.com\/wp-content\/uploads\/2025\/12\/151-1.jpg\",\"datePublished\":\"2025-12-29T10:28:35+00:00\",\"dateModified\":\"2026-02-10T12:38:24+00:00\",\"description\":\"Fauteuil de jardin CUBA. En aluminium effet bois avec dossier en corde et coussins en ol\u00e9fine. Empilable et durable. Offre \u20ac259\",\"breadcrumb\":{\"@id\":\"https:\/\/www.lavillagardendesign.com\/fr\/product\/cuba-fauteuil-de-salle-a-manger-empilable\/#breadcrumb\"},\"inLanguage\":\"fr-FR\",\"potentialAction\":[{\"@type\":\"ReadAction\",\"target\":[\"https:\/\/www.lavillagardendesign.com\/fr\/product\/cuba-fauteuil-de-salle-a-manger-empilable\/\"]}]},{\"@type\":\"ImageObject\",\"inLanguage\":\"fr-FR\",\"@id\":\"https:\/\/www.lavillagardendesign.com\/fr\/product\/cuba-fauteuil-de-salle-a-manger-empilable\/#primaryimage\",\"url\":\"https:\/\/www.lavillagardendesign.com\/wp-content\/uploads\/2025\/12\/151-1.jpg\",\"contentUrl\":\"https:\/\/www.lavillagardendesign.com\/wp-content\/uploads\/2025\/12\/151-1.jpg\",\"width\":700,\"height\":800},{\"@type\":\"BreadcrumbList\",\"@id\":\"https:\/\/www.lavillagardendesign.com\/fr\/product\/cuba-fauteuil-de-salle-a-manger-empilable\/#breadcrumb\",\"itemListElement\":[{\"@type\":\"ListItem\",\"position\":1,\"name\":\"Home\",\"item\":\"https:\/\/www.lavillagardendesign.com\/\"},{\"@type\":\"ListItem\",\"position\":2,\"name\":\"Boutique\",\"item\":\"https:\/\/www.lavillagardendesign.com\/fr\/boutique\/\"},{\"@type\":\"ListItem\",\"position\":3,\"name\":\"CUBA &#8211; Fauteuil de salle \u00e0 manger empilable\"}]},{\"@type\":\"WebSite\",\"@id\":\"https:\/\/www.lavillagardendesign.com\/#website\",\"url\":\"https:\/\/www.lavillagardendesign.com\/\",\"name\":\"La Villa Garden&Design\",\"description\":\"\",\"publisher\":{\"@id\":\"https:\/\/www.lavillagardendesign.com\/#organization\"},\"potentialAction\":[{\"@type\":\"SearchAction\",\"target\":{\"@type\":\"EntryPoint\",\"urlTemplate\":\"https:\/\/www.lavillagardendesign.com\/?s={search_term_string}\"},\"query-input\":{\"@type\":\"PropertyValueSpecification\",\"valueRequired\":true,\"valueName\":\"search_term_string\"}}],\"inLanguage\":\"fr-FR\"},{\"@type\":\"Organization\",\"@id\":\"https:\/\/www.lavillagardendesign.com\/#organization\",\"name\":\"La Villa Garden&Design\",\"url\":\"https:\/\/www.lavillagardendesign.com\/\",\"logo\":{\"@type\":\"ImageObject\",\"inLanguage\":\"fr-FR\",\"@id\":\"https:\/\/www.lavillagardendesign.com\/#\/schema\/logo\/image\/\",\"url\":\"https:\/\/www.lavillagardendesign.com\/wp-content\/uploads\/2024\/04\/logolavilla.png\",\"contentUrl\":\"https:\/\/www.lavillagardendesign.com\/wp-content\/uploads\/2024\/04\/logolavilla.png\",\"width\":682,\"height\":391,\"caption\":\"La Villa Garden&Design\"},\"image\":{\"@id\":\"https:\/\/www.lavillagardendesign.com\/#\/schema\/logo\/image\/\"},\"sameAs\":[\"https:\/\/www.facebook.com\/lavillagardendesign\/\"]}]}<\/script>\n<!-- \/ Yoast SEO plugin. -->","yoast_head_json":{"title":"Chaise de salle \u00e0 manger empilable CUBA Wood Look & Rope | La Villa Garden","description":"Fauteuil de jardin CUBA. En aluminium effet bois avec dossier en corde et coussins en ol\u00e9fine. Empilable et durable. Offre \u20ac259","robots":{"index":"index","follow":"follow","max-snippet":"max-snippet:-1","max-image-preview":"max-image-preview:large","max-video-preview":"max-video-preview:-1"},"canonical":"https:\/\/www.lavillagardendesign.com\/fr\/product\/cuba-fauteuil-de-salle-a-manger-empilable\/","og_locale":"fr_FR","og_type":"article","og_title":"Chaise de salle \u00e0 manger empilable CUBA Wood Look & Rope | La Villa Garden","og_description":"Fauteuil de jardin CUBA. En aluminium effet bois avec dossier en corde et coussins en ol\u00e9fine. Empilable et durable. Offre \u20ac259","og_url":"https:\/\/www.lavillagardendesign.com\/fr\/product\/cuba-fauteuil-de-salle-a-manger-empilable\/","og_site_name":"La Villa Garden&amp;Design","article_publisher":"https:\/\/www.facebook.com\/lavillagardendesign\/","article_modified_time":"2026-02-10T12:38:24+00:00","og_image":[{"width":700,"height":800,"url":"https:\/\/www.lavillagardendesign.com\/wp-content\/uploads\/2025\/12\/151-1.jpg","type":"image\/jpeg"}],"twitter_card":"summary_large_image","schema":{"@context":"https:\/\/schema.org","@graph":[{"@type":"WebPage","@id":"https:\/\/www.lavillagardendesign.com\/fr\/product\/cuba-fauteuil-de-salle-a-manger-empilable\/","url":"https:\/\/www.lavillagardendesign.com\/fr\/product\/cuba-fauteuil-de-salle-a-manger-empilable\/","name":"Chaise de salle \u00e0 manger empilable CUBA Wood Look & Rope | La Villa Garden","isPartOf":{"@id":"https:\/\/www.lavillagardendesign.com\/#website"},"primaryImageOfPage":{"@id":"https:\/\/www.lavillagardendesign.com\/fr\/product\/cuba-fauteuil-de-salle-a-manger-empilable\/#primaryimage"},"image":{"@id":"https:\/\/www.lavillagardendesign.com\/fr\/product\/cuba-fauteuil-de-salle-a-manger-empilable\/#primaryimage"},"thumbnailUrl":"https:\/\/www.lavillagardendesign.com\/wp-content\/uploads\/2025\/12\/151-1.jpg","datePublished":"2025-12-29T10:28:35+00:00","dateModified":"2026-02-10T12:38:24+00:00","description":"Fauteuil de jardin CUBA. En aluminium effet bois avec dossier en corde et coussins en ol\u00e9fine. Empilable et durable. Offre \u20ac259","breadcrumb":{"@id":"https:\/\/www.lavillagardendesign.com\/fr\/product\/cuba-fauteuil-de-salle-a-manger-empilable\/#breadcrumb"},"inLanguage":"fr-FR","potentialAction":[{"@type":"ReadAction","target":["https:\/\/www.lavillagardendesign.com\/fr\/product\/cuba-fauteuil-de-salle-a-manger-empilable\/"]}]},{"@type":"ImageObject","inLanguage":"fr-FR","@id":"https:\/\/www.lavillagardendesign.com\/fr\/product\/cuba-fauteuil-de-salle-a-manger-empilable\/#primaryimage","url":"https:\/\/www.lavillagardendesign.com\/wp-content\/uploads\/2025\/12\/151-1.jpg","contentUrl":"https:\/\/www.lavillagardendesign.com\/wp-content\/uploads\/2025\/12\/151-1.jpg","width":700,"height":800},{"@type":"BreadcrumbList","@id":"https:\/\/www.lavillagardendesign.com\/fr\/product\/cuba-fauteuil-de-salle-a-manger-empilable\/#breadcrumb","itemListElement":[{"@type":"ListItem","position":1,"name":"Home","item":"https:\/\/www.lavillagardendesign.com\/"},{"@type":"ListItem","position":2,"name":"Boutique","item":"https:\/\/www.lavillagardendesign.com\/fr\/boutique\/"},{"@type":"ListItem","position":3,"name":"CUBA &#8211; Fauteuil de salle \u00e0 manger empilable"}]},{"@type":"WebSite","@id":"https:\/\/www.lavillagardendesign.com\/#website","url":"https:\/\/www.lavillagardendesign.com\/","name":"La Villa Garden&Design","description":"","publisher":{"@id":"https:\/\/www.lavillagardendesign.com\/#organization"},"potentialAction":[{"@type":"SearchAction","target":{"@type":"EntryPoint","urlTemplate":"https:\/\/www.lavillagardendesign.com\/?s={search_term_string}"},"query-input":{"@type":"PropertyValueSpecification","valueRequired":true,"valueName":"search_term_string"}}],"inLanguage":"fr-FR"},{"@type":"Organization","@id":"https:\/\/www.lavillagardendesign.com\/#organization","name":"La Villa Garden&Design","url":"https:\/\/www.lavillagardendesign.com\/","logo":{"@type":"ImageObject","inLanguage":"fr-FR","@id":"https:\/\/www.lavillagardendesign.com\/#\/schema\/logo\/image\/","url":"https:\/\/www.lavillagardendesign.com\/wp-content\/uploads\/2024\/04\/logolavilla.png","contentUrl":"https:\/\/www.lavillagardendesign.com\/wp-content\/uploads\/2024\/04\/logolavilla.png","width":682,"height":391,"caption":"La Villa Garden&Design"},"image":{"@id":"https:\/\/www.lavillagardendesign.com\/#\/schema\/logo\/image\/"},"sameAs":["https:\/\/www.facebook.com\/lavillagardendesign\/"]}]}},"_links":{"self":[{"href":"https:\/\/www.lavillagardendesign.com\/fr\/wp-json\/wp\/v2\/product\/60252","targetHints":{"allow":["GET"]}}],"collection":[{"href":"https:\/\/www.lavillagardendesign.com\/fr\/wp-json\/wp\/v2\/product"}],"about":[{"href":"https:\/\/www.lavillagardendesign.com\/fr\/wp-json\/wp\/v2\/types\/product"}],"replies":[{"embeddable":true,"href":"https:\/\/www.lavillagardendesign.com\/fr\/wp-json\/wp\/v2\/comments?post=60252"}],"version-history":[{"count":1,"href":"https:\/\/www.lavillagardendesign.com\/fr\/wp-json\/wp\/v2\/product\/60252\/revisions"}],"predecessor-version":[{"id":60273,"href":"https:\/\/www.lavillagardendesign.com\/fr\/wp-json\/wp\/v2\/product\/60252\/revisions\/60273"}],"wp:featuredmedia":[{"embeddable":true,"href":"https:\/\/www.lavillagardendesign.com\/fr\/wp-json\/wp\/v2\/media\/60201"}],"wp:attachment":[{"href":"https:\/\/www.lavillagardendesign.com\/fr\/wp-json\/wp\/v2\/media?parent=60252"}],"wp:term":[{"taxonomy":"product_brand","embeddable":true,"href":"https:\/\/www.lavillagardendesign.com\/fr\/wp-json\/wp\/v2\/product_brand?post=60252"},{"taxonomy":"product_cat","embeddable":true,"href":"https:\/\/www.lavillagardendesign.com\/fr\/wp-json\/wp\/v2\/product_cat?post=60252"},{"taxonomy":"product_tag","embeddable":true,"href":"https:\/\/www.lavillagardendesign.com\/fr\/wp-json\/wp\/v2\/product_tag?post=60252"}],"curies":[{"name":"wp","href":"https:\/\/api.w.org\/{rel}","templated":true}]}}