{"id":60248,"date":"2025-12-29T11:28:35","date_gmt":"2025-12-29T10:28:35","guid":{"rendered":"https:\/\/www.lavillagardendesign.com\/product\/sorrento-chaise-de-salle-a-manger-empilable\/"},"modified":"2026-02-10T14:40:51","modified_gmt":"2026-02-10T12:40:51","slug":"sorrento-chaise-de-salle-a-manger-empilable","status":"publish","type":"product","link":"https:\/\/www.lavillagardendesign.com\/fr\/product\/sorrento-chaise-de-salle-a-manger-empilable\/","title":{"rendered":"SORRENTO &#8211; Chaise de salle \u00e0 manger empilable"},"content":{"rendered":"","protected":false},"excerpt":{"rendered":"<p>Apportez le confort d&rsquo;un fauteuil de salon \u00e0 votre table \u00e0 manger avec la chaise SORRENTO. Cette pi\u00e8ce red\u00e9finit le luxe ext\u00e9rieur gr\u00e2ce \u00e0 l&rsquo;utilisation de fibres synth\u00e9tiques rondes de 9 mm d&rsquo;\u00e9paisseur, un mat\u00e9riau de premi\u00e8re qualit\u00e9 qui apporte du volume, une texture tridimensionnelle et une esth\u00e9tique artisanale in\u00e9gal\u00e9e. Sa structure en aluminium recouvert de poudre de polyester blanc garantit une r\u00e9sistance totale \u00e0 la corrosion et apporte de la luminosit\u00e9. Malgr\u00e9 son aspect robuste et enveloppant, il est \u00e9tonnamment fonctionnel : il est empilable, ce qui facilite le rangement. Le confort est absolu gr\u00e2ce \u00e0 ses coussins d&rsquo;assise et de dossier amovibles en tissu Olefin (100% polypropyl\u00e8ne), d\u00e9perlant et doux au toucher.    <\/p>\n","protected":false},"featured_media":60162,"comment_status":"open","ping_status":"closed","template":"","meta":[],"product_brand":[4998],"product_cat":[6832,2929,2931,5658],"product_tag":[],"class_list":{"0":"post-60248","1":"product","2":"type-product","3":"status-publish","4":"has-post-thumbnail","6":"product_brand-la-villa","7":"product_cat-outdoor-fr","8":"product_cat-chaises","9":"product_cat-chaises-repas","10":"product_cat-promos-web","12":"first","13":"instock","14":"sale","15":"taxable","16":"shipping-taxable","17":"purchasable","18":"product-type-simple"},"yoast_head":"<!-- This site is optimized with the Yoast SEO plugin v27.1.1 - https:\/\/yoast.com\/product\/yoast-seo-wordpress\/ -->\n<title>SORRENTO - Chaise de salle \u00e0 manger empilable - La Villa Garden&amp;Design<\/title>\n<meta name=\"description\" content=\"Chaise de jardin SORRENTO. Fibre synth\u00e9tique ronde de 9 mm et design en aluminium blanc. Empilable avec coussins en ol\u00e9fine. Disponible \u00e0 La Villa Garden.\" \/>\n<meta name=\"robots\" content=\"index, follow, max-snippet:-1, max-image-preview:large, max-video-preview:-1\" \/>\n<link rel=\"canonical\" href=\"https:\/\/www.lavillagardendesign.com\/fr\/product\/sorrento-chaise-de-salle-a-manger-empilable\/\" \/>\n<meta property=\"og:locale\" content=\"fr_FR\" \/>\n<meta property=\"og:type\" content=\"article\" \/>\n<meta property=\"og:title\" content=\"SORRENTO - Chaise de salle \u00e0 manger empilable - La Villa Garden&amp;Design\" \/>\n<meta property=\"og:description\" content=\"Chaise de jardin SORRENTO. Fibre synth\u00e9tique ronde de 9 mm et design en aluminium blanc. Empilable avec coussins en ol\u00e9fine. Disponible \u00e0 La Villa Garden.\" \/>\n<meta property=\"og:url\" content=\"https:\/\/www.lavillagardendesign.com\/fr\/product\/sorrento-chaise-de-salle-a-manger-empilable\/\" \/>\n<meta property=\"og:site_name\" content=\"La Villa Garden&amp;Design\" \/>\n<meta property=\"article:publisher\" content=\"https:\/\/www.facebook.com\/lavillagardendesign\/\" \/>\n<meta property=\"article:modified_time\" content=\"2026-02-10T12:40:51+00:00\" \/>\n<meta property=\"og:image\" content=\"https:\/\/www.lavillagardendesign.com\/wp-content\/uploads\/2025\/12\/139.jpg\" \/>\n\t<meta property=\"og:image:width\" content=\"700\" \/>\n\t<meta property=\"og:image:height\" content=\"800\" \/>\n\t<meta property=\"og:image:type\" content=\"image\/jpeg\" \/>\n<meta name=\"twitter:card\" content=\"summary_large_image\" \/>\n<script type=\"application\/ld+json\" class=\"yoast-schema-graph\">{\"@context\":\"https:\/\/schema.org\",\"@graph\":[{\"@type\":\"WebPage\",\"@id\":\"https:\/\/www.lavillagardendesign.com\/fr\/product\/sorrento-chaise-de-salle-a-manger-empilable\/\",\"url\":\"https:\/\/www.lavillagardendesign.com\/fr\/product\/sorrento-chaise-de-salle-a-manger-empilable\/\",\"name\":\"SORRENTO - Chaise de salle \u00e0 manger empilable - La Villa Garden&amp;Design\",\"isPartOf\":{\"@id\":\"https:\/\/www.lavillagardendesign.com\/#website\"},\"primaryImageOfPage\":{\"@id\":\"https:\/\/www.lavillagardendesign.com\/fr\/product\/sorrento-chaise-de-salle-a-manger-empilable\/#primaryimage\"},\"image\":{\"@id\":\"https:\/\/www.lavillagardendesign.com\/fr\/product\/sorrento-chaise-de-salle-a-manger-empilable\/#primaryimage\"},\"thumbnailUrl\":\"https:\/\/www.lavillagardendesign.com\/wp-content\/uploads\/2025\/12\/139.jpg\",\"datePublished\":\"2025-12-29T10:28:35+00:00\",\"dateModified\":\"2026-02-10T12:40:51+00:00\",\"description\":\"Chaise de jardin SORRENTO. Fibre synth\u00e9tique ronde de 9 mm et design en aluminium blanc. Empilable avec coussins en ol\u00e9fine. Disponible \u00e0 La Villa Garden.\",\"breadcrumb\":{\"@id\":\"https:\/\/www.lavillagardendesign.com\/fr\/product\/sorrento-chaise-de-salle-a-manger-empilable\/#breadcrumb\"},\"inLanguage\":\"fr-FR\",\"potentialAction\":[{\"@type\":\"ReadAction\",\"target\":[\"https:\/\/www.lavillagardendesign.com\/fr\/product\/sorrento-chaise-de-salle-a-manger-empilable\/\"]}]},{\"@type\":\"ImageObject\",\"inLanguage\":\"fr-FR\",\"@id\":\"https:\/\/www.lavillagardendesign.com\/fr\/product\/sorrento-chaise-de-salle-a-manger-empilable\/#primaryimage\",\"url\":\"https:\/\/www.lavillagardendesign.com\/wp-content\/uploads\/2025\/12\/139.jpg\",\"contentUrl\":\"https:\/\/www.lavillagardendesign.com\/wp-content\/uploads\/2025\/12\/139.jpg\",\"width\":700,\"height\":800},{\"@type\":\"BreadcrumbList\",\"@id\":\"https:\/\/www.lavillagardendesign.com\/fr\/product\/sorrento-chaise-de-salle-a-manger-empilable\/#breadcrumb\",\"itemListElement\":[{\"@type\":\"ListItem\",\"position\":1,\"name\":\"Home\",\"item\":\"https:\/\/www.lavillagardendesign.com\/\"},{\"@type\":\"ListItem\",\"position\":2,\"name\":\"Boutique\",\"item\":\"https:\/\/www.lavillagardendesign.com\/fr\/boutique\/\"},{\"@type\":\"ListItem\",\"position\":3,\"name\":\"SORRENTO &#8211; Chaise de salle \u00e0 manger empilable\"}]},{\"@type\":\"WebSite\",\"@id\":\"https:\/\/www.lavillagardendesign.com\/#website\",\"url\":\"https:\/\/www.lavillagardendesign.com\/\",\"name\":\"La Villa Garden&Design\",\"description\":\"\",\"publisher\":{\"@id\":\"https:\/\/www.lavillagardendesign.com\/#organization\"},\"potentialAction\":[{\"@type\":\"SearchAction\",\"target\":{\"@type\":\"EntryPoint\",\"urlTemplate\":\"https:\/\/www.lavillagardendesign.com\/?s={search_term_string}\"},\"query-input\":{\"@type\":\"PropertyValueSpecification\",\"valueRequired\":true,\"valueName\":\"search_term_string\"}}],\"inLanguage\":\"fr-FR\"},{\"@type\":\"Organization\",\"@id\":\"https:\/\/www.lavillagardendesign.com\/#organization\",\"name\":\"La Villa Garden&Design\",\"url\":\"https:\/\/www.lavillagardendesign.com\/\",\"logo\":{\"@type\":\"ImageObject\",\"inLanguage\":\"fr-FR\",\"@id\":\"https:\/\/www.lavillagardendesign.com\/#\/schema\/logo\/image\/\",\"url\":\"https:\/\/www.lavillagardendesign.com\/wp-content\/uploads\/2024\/04\/logolavilla.png\",\"contentUrl\":\"https:\/\/www.lavillagardendesign.com\/wp-content\/uploads\/2024\/04\/logolavilla.png\",\"width\":682,\"height\":391,\"caption\":\"La Villa Garden&Design\"},\"image\":{\"@id\":\"https:\/\/www.lavillagardendesign.com\/#\/schema\/logo\/image\/\"},\"sameAs\":[\"https:\/\/www.facebook.com\/lavillagardendesign\/\"]}]}<\/script>\n<!-- \/ Yoast SEO plugin. -->","yoast_head_json":{"title":"SORRENTO - Chaise de salle \u00e0 manger empilable - La Villa Garden&amp;Design","description":"Chaise de jardin SORRENTO. Fibre synth\u00e9tique ronde de 9 mm et design en aluminium blanc. Empilable avec coussins en ol\u00e9fine. Disponible \u00e0 La Villa Garden.","robots":{"index":"index","follow":"follow","max-snippet":"max-snippet:-1","max-image-preview":"max-image-preview:large","max-video-preview":"max-video-preview:-1"},"canonical":"https:\/\/www.lavillagardendesign.com\/fr\/product\/sorrento-chaise-de-salle-a-manger-empilable\/","og_locale":"fr_FR","og_type":"article","og_title":"SORRENTO - Chaise de salle \u00e0 manger empilable - La Villa Garden&amp;Design","og_description":"Chaise de jardin SORRENTO. Fibre synth\u00e9tique ronde de 9 mm et design en aluminium blanc. Empilable avec coussins en ol\u00e9fine. Disponible \u00e0 La Villa Garden.","og_url":"https:\/\/www.lavillagardendesign.com\/fr\/product\/sorrento-chaise-de-salle-a-manger-empilable\/","og_site_name":"La Villa Garden&amp;Design","article_publisher":"https:\/\/www.facebook.com\/lavillagardendesign\/","article_modified_time":"2026-02-10T12:40:51+00:00","og_image":[{"width":700,"height":800,"url":"https:\/\/www.lavillagardendesign.com\/wp-content\/uploads\/2025\/12\/139.jpg","type":"image\/jpeg"}],"twitter_card":"summary_large_image","schema":{"@context":"https:\/\/schema.org","@graph":[{"@type":"WebPage","@id":"https:\/\/www.lavillagardendesign.com\/fr\/product\/sorrento-chaise-de-salle-a-manger-empilable\/","url":"https:\/\/www.lavillagardendesign.com\/fr\/product\/sorrento-chaise-de-salle-a-manger-empilable\/","name":"SORRENTO - Chaise de salle \u00e0 manger empilable - La Villa Garden&amp;Design","isPartOf":{"@id":"https:\/\/www.lavillagardendesign.com\/#website"},"primaryImageOfPage":{"@id":"https:\/\/www.lavillagardendesign.com\/fr\/product\/sorrento-chaise-de-salle-a-manger-empilable\/#primaryimage"},"image":{"@id":"https:\/\/www.lavillagardendesign.com\/fr\/product\/sorrento-chaise-de-salle-a-manger-empilable\/#primaryimage"},"thumbnailUrl":"https:\/\/www.lavillagardendesign.com\/wp-content\/uploads\/2025\/12\/139.jpg","datePublished":"2025-12-29T10:28:35+00:00","dateModified":"2026-02-10T12:40:51+00:00","description":"Chaise de jardin SORRENTO. Fibre synth\u00e9tique ronde de 9 mm et design en aluminium blanc. Empilable avec coussins en ol\u00e9fine. Disponible \u00e0 La Villa Garden.","breadcrumb":{"@id":"https:\/\/www.lavillagardendesign.com\/fr\/product\/sorrento-chaise-de-salle-a-manger-empilable\/#breadcrumb"},"inLanguage":"fr-FR","potentialAction":[{"@type":"ReadAction","target":["https:\/\/www.lavillagardendesign.com\/fr\/product\/sorrento-chaise-de-salle-a-manger-empilable\/"]}]},{"@type":"ImageObject","inLanguage":"fr-FR","@id":"https:\/\/www.lavillagardendesign.com\/fr\/product\/sorrento-chaise-de-salle-a-manger-empilable\/#primaryimage","url":"https:\/\/www.lavillagardendesign.com\/wp-content\/uploads\/2025\/12\/139.jpg","contentUrl":"https:\/\/www.lavillagardendesign.com\/wp-content\/uploads\/2025\/12\/139.jpg","width":700,"height":800},{"@type":"BreadcrumbList","@id":"https:\/\/www.lavillagardendesign.com\/fr\/product\/sorrento-chaise-de-salle-a-manger-empilable\/#breadcrumb","itemListElement":[{"@type":"ListItem","position":1,"name":"Home","item":"https:\/\/www.lavillagardendesign.com\/"},{"@type":"ListItem","position":2,"name":"Boutique","item":"https:\/\/www.lavillagardendesign.com\/fr\/boutique\/"},{"@type":"ListItem","position":3,"name":"SORRENTO &#8211; Chaise de salle \u00e0 manger empilable"}]},{"@type":"WebSite","@id":"https:\/\/www.lavillagardendesign.com\/#website","url":"https:\/\/www.lavillagardendesign.com\/","name":"La Villa Garden&Design","description":"","publisher":{"@id":"https:\/\/www.lavillagardendesign.com\/#organization"},"potentialAction":[{"@type":"SearchAction","target":{"@type":"EntryPoint","urlTemplate":"https:\/\/www.lavillagardendesign.com\/?s={search_term_string}"},"query-input":{"@type":"PropertyValueSpecification","valueRequired":true,"valueName":"search_term_string"}}],"inLanguage":"fr-FR"},{"@type":"Organization","@id":"https:\/\/www.lavillagardendesign.com\/#organization","name":"La Villa Garden&Design","url":"https:\/\/www.lavillagardendesign.com\/","logo":{"@type":"ImageObject","inLanguage":"fr-FR","@id":"https:\/\/www.lavillagardendesign.com\/#\/schema\/logo\/image\/","url":"https:\/\/www.lavillagardendesign.com\/wp-content\/uploads\/2024\/04\/logolavilla.png","contentUrl":"https:\/\/www.lavillagardendesign.com\/wp-content\/uploads\/2024\/04\/logolavilla.png","width":682,"height":391,"caption":"La Villa Garden&Design"},"image":{"@id":"https:\/\/www.lavillagardendesign.com\/#\/schema\/logo\/image\/"},"sameAs":["https:\/\/www.facebook.com\/lavillagardendesign\/"]}]}},"_links":{"self":[{"href":"https:\/\/www.lavillagardendesign.com\/fr\/wp-json\/wp\/v2\/product\/60248","targetHints":{"allow":["GET"]}}],"collection":[{"href":"https:\/\/www.lavillagardendesign.com\/fr\/wp-json\/wp\/v2\/product"}],"about":[{"href":"https:\/\/www.lavillagardendesign.com\/fr\/wp-json\/wp\/v2\/types\/product"}],"replies":[{"embeddable":true,"href":"https:\/\/www.lavillagardendesign.com\/fr\/wp-json\/wp\/v2\/comments?post=60248"}],"version-history":[{"count":1,"href":"https:\/\/www.lavillagardendesign.com\/fr\/wp-json\/wp\/v2\/product\/60248\/revisions"}],"predecessor-version":[{"id":60253,"href":"https:\/\/www.lavillagardendesign.com\/fr\/wp-json\/wp\/v2\/product\/60248\/revisions\/60253"}],"wp:featuredmedia":[{"embeddable":true,"href":"https:\/\/www.lavillagardendesign.com\/fr\/wp-json\/wp\/v2\/media\/60162"}],"wp:attachment":[{"href":"https:\/\/www.lavillagardendesign.com\/fr\/wp-json\/wp\/v2\/media?parent=60248"}],"wp:term":[{"taxonomy":"product_brand","embeddable":true,"href":"https:\/\/www.lavillagardendesign.com\/fr\/wp-json\/wp\/v2\/product_brand?post=60248"},{"taxonomy":"product_cat","embeddable":true,"href":"https:\/\/www.lavillagardendesign.com\/fr\/wp-json\/wp\/v2\/product_cat?post=60248"},{"taxonomy":"product_tag","embeddable":true,"href":"https:\/\/www.lavillagardendesign.com\/fr\/wp-json\/wp\/v2\/product_tag?post=60248"}],"curies":[{"name":"wp","href":"https:\/\/api.w.org\/{rel}","templated":true}]}}