{"id":59995,"date":"2025-12-28T12:41:47","date_gmt":"2025-12-28T11:41:47","guid":{"rendered":"https:\/\/www.lavillagardendesign.com\/product\/portofino-ensemble-de-2-tables-basses-rondes-gigognes\/"},"modified":"2026-02-10T14:45:17","modified_gmt":"2026-02-10T12:45:17","slug":"portofino-ensemble-de-2-tables-basses-rondes-gigognes","status":"publish","type":"product","link":"https:\/\/www.lavillagardendesign.com\/fr\/product\/portofino-ensemble-de-2-tables-basses-rondes-gigognes\/","title":{"rendered":"PORTOFINO &#8211; Ensemble de 2 tables basses rondes gigognes"},"content":{"rendered":"","protected":false},"excerpt":{"rendered":"<p>Compl\u00e9tez l&rsquo;esth\u00e9tique de votre salon avec l&rsquo;ensemble de tables basses PORTOFINO. Con\u00e7u pour \u00eatre le c\u0153ur visuel de la collection, ce duo de tables circulaires refl\u00e8te la m\u00eame \u00e9l\u00e9gance minimaliste que les canap\u00e9s. Leur jeu de hauteurs (36 cm et 42 cm) leur permet de se chevaucher partiellement dans un sculptural \u00ab\u00a0effet d&#8217;embo\u00eetement\u00a0\u00bb ou d&rsquo;\u00eatre s\u00e9par\u00e9es pour desservir diff\u00e9rentes zones d&rsquo;assise, ajoutant ainsi dynamisme et fonctionnalit\u00e9 \u00e0 la terrasse. Elles sont enti\u00e8rement fabriqu\u00e9es en aluminium rev\u00eatu de poudre de polyester, ce qui garantit une durabilit\u00e9 extr\u00eame et une absence d&rsquo;entretien. Leur surface lisse et sans ar\u00eates adoucit les lignes de l&rsquo;ensemble, cr\u00e9ant un environnement fluide et s\u00fbr. Disponibles dans les coloris P\u00e9lican et Anthracite, elles s&rsquo;harmonisent parfaitement avec le reste du mobilier Portofino.     <\/p>\n","protected":false},"featured_media":59739,"comment_status":"open","ping_status":"closed","template":"","meta":[],"product_brand":[4998],"product_cat":[6832,2944,2945,5658],"product_tag":[],"class_list":{"0":"post-59995","1":"product","2":"type-product","3":"status-publish","4":"has-post-thumbnail","6":"product_brand-la-villa","7":"product_cat-outdoor-fr","8":"product_cat-tables-fr","9":"product_cat-tables-basses","10":"product_cat-promos-web","12":"first","13":"instock","14":"sale","15":"taxable","16":"shipping-taxable","17":"purchasable","18":"product-type-variable"},"yoast_head":"<!-- This site is optimized with the Yoast SEO plugin v27.1.1 - https:\/\/yoast.com\/product\/yoast-seo-wordpress\/ -->\n<title>PORTOFINO - Ensemble de 2 tables basses rondes gigognes - La Villa Garden&amp;Design<\/title>\n<meta name=\"robots\" content=\"index, follow, max-snippet:-1, max-image-preview:large, max-video-preview:-1\" \/>\n<link rel=\"canonical\" href=\"https:\/\/www.lavillagardendesign.com\/fr\/product\/portofino-ensemble-de-2-tables-basses-rondes-gigognes\/\" \/>\n<meta property=\"og:locale\" content=\"fr_FR\" \/>\n<meta property=\"og:type\" content=\"article\" \/>\n<meta property=\"og:title\" content=\"PORTOFINO - Ensemble de 2 tables basses rondes gigognes - La Villa Garden&amp;Design\" \/>\n<meta property=\"og:description\" content=\"Compl\u00e9tez l&#039;esth\u00e9tique de votre salon avec l&#039;ensemble de tables basses PORTOFINO. Con\u00e7u pour \u00eatre le c\u0153ur visuel de la collection, ce duo de tables circulaires refl\u00e8te la m\u00eame \u00e9l\u00e9gance minimaliste que les canap\u00e9s. Leur jeu de hauteurs (36 cm et 42 cm) leur permet de se chevaucher partiellement dans un sculptural &quot;effet d&#039;embo\u00eetement&quot; ou d&#039;\u00eatre s\u00e9par\u00e9es pour desservir diff\u00e9rentes zones d&#039;assise, ajoutant ainsi dynamisme et fonctionnalit\u00e9 \u00e0 la terrasse. Elles sont enti\u00e8rement fabriqu\u00e9es en aluminium rev\u00eatu de poudre de polyester, ce qui garantit une durabilit\u00e9 extr\u00eame et une absence d&#039;entretien. Leur surface lisse et sans ar\u00eates adoucit les lignes de l&#039;ensemble, cr\u00e9ant un environnement fluide et s\u00fbr. Disponibles dans les coloris P\u00e9lican et Anthracite, elles s&#039;harmonisent parfaitement avec le reste du mobilier Portofino.\" \/>\n<meta property=\"og:url\" content=\"https:\/\/www.lavillagardendesign.com\/fr\/product\/portofino-ensemble-de-2-tables-basses-rondes-gigognes\/\" \/>\n<meta property=\"og:site_name\" content=\"La Villa Garden&amp;Design\" \/>\n<meta property=\"article:publisher\" content=\"https:\/\/www.facebook.com\/lavillagardendesign\/\" \/>\n<meta property=\"article:modified_time\" content=\"2026-02-10T12:45:17+00:00\" \/>\n<meta property=\"og:image\" content=\"https:\/\/www.lavillagardendesign.com\/wp-content\/uploads\/2025\/12\/47.png\" \/>\n\t<meta property=\"og:image:width\" content=\"700\" \/>\n\t<meta property=\"og:image:height\" content=\"800\" \/>\n\t<meta property=\"og:image:type\" content=\"image\/png\" \/>\n<meta name=\"twitter:card\" content=\"summary_large_image\" \/>\n<script type=\"application\/ld+json\" class=\"yoast-schema-graph\">{\"@context\":\"https:\/\/schema.org\",\"@graph\":[{\"@type\":\"WebPage\",\"@id\":\"https:\/\/www.lavillagardendesign.com\/fr\/product\/portofino-ensemble-de-2-tables-basses-rondes-gigognes\/\",\"url\":\"https:\/\/www.lavillagardendesign.com\/fr\/product\/portofino-ensemble-de-2-tables-basses-rondes-gigognes\/\",\"name\":\"PORTOFINO - Ensemble de 2 tables basses rondes gigognes - La Villa Garden&amp;Design\",\"isPartOf\":{\"@id\":\"https:\/\/www.lavillagardendesign.com\/#website\"},\"primaryImageOfPage\":{\"@id\":\"https:\/\/www.lavillagardendesign.com\/fr\/product\/portofino-ensemble-de-2-tables-basses-rondes-gigognes\/#primaryimage\"},\"image\":{\"@id\":\"https:\/\/www.lavillagardendesign.com\/fr\/product\/portofino-ensemble-de-2-tables-basses-rondes-gigognes\/#primaryimage\"},\"thumbnailUrl\":\"https:\/\/www.lavillagardendesign.com\/wp-content\/uploads\/2025\/12\/47.png\",\"datePublished\":\"2025-12-28T11:41:47+00:00\",\"dateModified\":\"2026-02-10T12:45:17+00:00\",\"breadcrumb\":{\"@id\":\"https:\/\/www.lavillagardendesign.com\/fr\/product\/portofino-ensemble-de-2-tables-basses-rondes-gigognes\/#breadcrumb\"},\"inLanguage\":\"fr-FR\",\"potentialAction\":[{\"@type\":\"ReadAction\",\"target\":[\"https:\/\/www.lavillagardendesign.com\/fr\/product\/portofino-ensemble-de-2-tables-basses-rondes-gigognes\/\"]}]},{\"@type\":\"ImageObject\",\"inLanguage\":\"fr-FR\",\"@id\":\"https:\/\/www.lavillagardendesign.com\/fr\/product\/portofino-ensemble-de-2-tables-basses-rondes-gigognes\/#primaryimage\",\"url\":\"https:\/\/www.lavillagardendesign.com\/wp-content\/uploads\/2025\/12\/47.png\",\"contentUrl\":\"https:\/\/www.lavillagardendesign.com\/wp-content\/uploads\/2025\/12\/47.png\",\"width\":700,\"height\":800},{\"@type\":\"BreadcrumbList\",\"@id\":\"https:\/\/www.lavillagardendesign.com\/fr\/product\/portofino-ensemble-de-2-tables-basses-rondes-gigognes\/#breadcrumb\",\"itemListElement\":[{\"@type\":\"ListItem\",\"position\":1,\"name\":\"Home\",\"item\":\"https:\/\/www.lavillagardendesign.com\/\"},{\"@type\":\"ListItem\",\"position\":2,\"name\":\"Boutique\",\"item\":\"https:\/\/www.lavillagardendesign.com\/fr\/boutique\/\"},{\"@type\":\"ListItem\",\"position\":3,\"name\":\"PORTOFINO &#8211; Ensemble de 2 tables basses rondes gigognes\"}]},{\"@type\":\"WebSite\",\"@id\":\"https:\/\/www.lavillagardendesign.com\/#website\",\"url\":\"https:\/\/www.lavillagardendesign.com\/\",\"name\":\"La Villa Garden&Design\",\"description\":\"\",\"publisher\":{\"@id\":\"https:\/\/www.lavillagardendesign.com\/#organization\"},\"potentialAction\":[{\"@type\":\"SearchAction\",\"target\":{\"@type\":\"EntryPoint\",\"urlTemplate\":\"https:\/\/www.lavillagardendesign.com\/?s={search_term_string}\"},\"query-input\":{\"@type\":\"PropertyValueSpecification\",\"valueRequired\":true,\"valueName\":\"search_term_string\"}}],\"inLanguage\":\"fr-FR\"},{\"@type\":\"Organization\",\"@id\":\"https:\/\/www.lavillagardendesign.com\/#organization\",\"name\":\"La Villa Garden&Design\",\"url\":\"https:\/\/www.lavillagardendesign.com\/\",\"logo\":{\"@type\":\"ImageObject\",\"inLanguage\":\"fr-FR\",\"@id\":\"https:\/\/www.lavillagardendesign.com\/#\/schema\/logo\/image\/\",\"url\":\"https:\/\/www.lavillagardendesign.com\/wp-content\/uploads\/2024\/04\/logolavilla.png\",\"contentUrl\":\"https:\/\/www.lavillagardendesign.com\/wp-content\/uploads\/2024\/04\/logolavilla.png\",\"width\":682,\"height\":391,\"caption\":\"La Villa Garden&Design\"},\"image\":{\"@id\":\"https:\/\/www.lavillagardendesign.com\/#\/schema\/logo\/image\/\"},\"sameAs\":[\"https:\/\/www.facebook.com\/lavillagardendesign\/\"]}]}<\/script>\n<!-- \/ Yoast SEO plugin. -->","yoast_head_json":{"title":"PORTOFINO - Ensemble de 2 tables basses rondes gigognes - La Villa Garden&amp;Design","robots":{"index":"index","follow":"follow","max-snippet":"max-snippet:-1","max-image-preview":"max-image-preview:large","max-video-preview":"max-video-preview:-1"},"canonical":"https:\/\/www.lavillagardendesign.com\/fr\/product\/portofino-ensemble-de-2-tables-basses-rondes-gigognes\/","og_locale":"fr_FR","og_type":"article","og_title":"PORTOFINO - Ensemble de 2 tables basses rondes gigognes - La Villa Garden&amp;Design","og_description":"Compl\u00e9tez l'esth\u00e9tique de votre salon avec l'ensemble de tables basses PORTOFINO. Con\u00e7u pour \u00eatre le c\u0153ur visuel de la collection, ce duo de tables circulaires refl\u00e8te la m\u00eame \u00e9l\u00e9gance minimaliste que les canap\u00e9s. Leur jeu de hauteurs (36 cm et 42 cm) leur permet de se chevaucher partiellement dans un sculptural \"effet d'embo\u00eetement\" ou d'\u00eatre s\u00e9par\u00e9es pour desservir diff\u00e9rentes zones d'assise, ajoutant ainsi dynamisme et fonctionnalit\u00e9 \u00e0 la terrasse. Elles sont enti\u00e8rement fabriqu\u00e9es en aluminium rev\u00eatu de poudre de polyester, ce qui garantit une durabilit\u00e9 extr\u00eame et une absence d'entretien. Leur surface lisse et sans ar\u00eates adoucit les lignes de l'ensemble, cr\u00e9ant un environnement fluide et s\u00fbr. Disponibles dans les coloris P\u00e9lican et Anthracite, elles s'harmonisent parfaitement avec le reste du mobilier Portofino.","og_url":"https:\/\/www.lavillagardendesign.com\/fr\/product\/portofino-ensemble-de-2-tables-basses-rondes-gigognes\/","og_site_name":"La Villa Garden&amp;Design","article_publisher":"https:\/\/www.facebook.com\/lavillagardendesign\/","article_modified_time":"2026-02-10T12:45:17+00:00","og_image":[{"width":700,"height":800,"url":"https:\/\/www.lavillagardendesign.com\/wp-content\/uploads\/2025\/12\/47.png","type":"image\/png"}],"twitter_card":"summary_large_image","schema":{"@context":"https:\/\/schema.org","@graph":[{"@type":"WebPage","@id":"https:\/\/www.lavillagardendesign.com\/fr\/product\/portofino-ensemble-de-2-tables-basses-rondes-gigognes\/","url":"https:\/\/www.lavillagardendesign.com\/fr\/product\/portofino-ensemble-de-2-tables-basses-rondes-gigognes\/","name":"PORTOFINO - Ensemble de 2 tables basses rondes gigognes - La Villa Garden&amp;Design","isPartOf":{"@id":"https:\/\/www.lavillagardendesign.com\/#website"},"primaryImageOfPage":{"@id":"https:\/\/www.lavillagardendesign.com\/fr\/product\/portofino-ensemble-de-2-tables-basses-rondes-gigognes\/#primaryimage"},"image":{"@id":"https:\/\/www.lavillagardendesign.com\/fr\/product\/portofino-ensemble-de-2-tables-basses-rondes-gigognes\/#primaryimage"},"thumbnailUrl":"https:\/\/www.lavillagardendesign.com\/wp-content\/uploads\/2025\/12\/47.png","datePublished":"2025-12-28T11:41:47+00:00","dateModified":"2026-02-10T12:45:17+00:00","breadcrumb":{"@id":"https:\/\/www.lavillagardendesign.com\/fr\/product\/portofino-ensemble-de-2-tables-basses-rondes-gigognes\/#breadcrumb"},"inLanguage":"fr-FR","potentialAction":[{"@type":"ReadAction","target":["https:\/\/www.lavillagardendesign.com\/fr\/product\/portofino-ensemble-de-2-tables-basses-rondes-gigognes\/"]}]},{"@type":"ImageObject","inLanguage":"fr-FR","@id":"https:\/\/www.lavillagardendesign.com\/fr\/product\/portofino-ensemble-de-2-tables-basses-rondes-gigognes\/#primaryimage","url":"https:\/\/www.lavillagardendesign.com\/wp-content\/uploads\/2025\/12\/47.png","contentUrl":"https:\/\/www.lavillagardendesign.com\/wp-content\/uploads\/2025\/12\/47.png","width":700,"height":800},{"@type":"BreadcrumbList","@id":"https:\/\/www.lavillagardendesign.com\/fr\/product\/portofino-ensemble-de-2-tables-basses-rondes-gigognes\/#breadcrumb","itemListElement":[{"@type":"ListItem","position":1,"name":"Home","item":"https:\/\/www.lavillagardendesign.com\/"},{"@type":"ListItem","position":2,"name":"Boutique","item":"https:\/\/www.lavillagardendesign.com\/fr\/boutique\/"},{"@type":"ListItem","position":3,"name":"PORTOFINO &#8211; Ensemble de 2 tables basses rondes gigognes"}]},{"@type":"WebSite","@id":"https:\/\/www.lavillagardendesign.com\/#website","url":"https:\/\/www.lavillagardendesign.com\/","name":"La Villa Garden&Design","description":"","publisher":{"@id":"https:\/\/www.lavillagardendesign.com\/#organization"},"potentialAction":[{"@type":"SearchAction","target":{"@type":"EntryPoint","urlTemplate":"https:\/\/www.lavillagardendesign.com\/?s={search_term_string}"},"query-input":{"@type":"PropertyValueSpecification","valueRequired":true,"valueName":"search_term_string"}}],"inLanguage":"fr-FR"},{"@type":"Organization","@id":"https:\/\/www.lavillagardendesign.com\/#organization","name":"La Villa Garden&Design","url":"https:\/\/www.lavillagardendesign.com\/","logo":{"@type":"ImageObject","inLanguage":"fr-FR","@id":"https:\/\/www.lavillagardendesign.com\/#\/schema\/logo\/image\/","url":"https:\/\/www.lavillagardendesign.com\/wp-content\/uploads\/2024\/04\/logolavilla.png","contentUrl":"https:\/\/www.lavillagardendesign.com\/wp-content\/uploads\/2024\/04\/logolavilla.png","width":682,"height":391,"caption":"La Villa Garden&Design"},"image":{"@id":"https:\/\/www.lavillagardendesign.com\/#\/schema\/logo\/image\/"},"sameAs":["https:\/\/www.facebook.com\/lavillagardendesign\/"]}]}},"_links":{"self":[{"href":"https:\/\/www.lavillagardendesign.com\/fr\/wp-json\/wp\/v2\/product\/59995","targetHints":{"allow":["GET"]}}],"collection":[{"href":"https:\/\/www.lavillagardendesign.com\/fr\/wp-json\/wp\/v2\/product"}],"about":[{"href":"https:\/\/www.lavillagardendesign.com\/fr\/wp-json\/wp\/v2\/types\/product"}],"replies":[{"embeddable":true,"href":"https:\/\/www.lavillagardendesign.com\/fr\/wp-json\/wp\/v2\/comments?post=59995"}],"version-history":[{"count":1,"href":"https:\/\/www.lavillagardendesign.com\/fr\/wp-json\/wp\/v2\/product\/59995\/revisions"}],"predecessor-version":[{"id":62347,"href":"https:\/\/www.lavillagardendesign.com\/fr\/wp-json\/wp\/v2\/product\/59995\/revisions\/62347"}],"wp:featuredmedia":[{"embeddable":true,"href":"https:\/\/www.lavillagardendesign.com\/fr\/wp-json\/wp\/v2\/media\/59739"}],"wp:attachment":[{"href":"https:\/\/www.lavillagardendesign.com\/fr\/wp-json\/wp\/v2\/media?parent=59995"}],"wp:term":[{"taxonomy":"product_brand","embeddable":true,"href":"https:\/\/www.lavillagardendesign.com\/fr\/wp-json\/wp\/v2\/product_brand?post=59995"},{"taxonomy":"product_cat","embeddable":true,"href":"https:\/\/www.lavillagardendesign.com\/fr\/wp-json\/wp\/v2\/product_cat?post=59995"},{"taxonomy":"product_tag","embeddable":true,"href":"https:\/\/www.lavillagardendesign.com\/fr\/wp-json\/wp\/v2\/product_tag?post=59995"}],"curies":[{"name":"wp","href":"https:\/\/api.w.org\/{rel}","templated":true}]}}