{"id":59987,"date":"2025-12-28T12:41:47","date_gmt":"2025-12-28T11:41:47","guid":{"rendered":"https:\/\/www.lavillagardendesign.com\/product\/menorca-ensemble-de-2-tables-dappoint-gigognes\/"},"modified":"2026-02-10T14:45:18","modified_gmt":"2026-02-10T12:45:18","slug":"menorca-ensemble-de-2-tables-dappoint-gigognes","status":"publish","type":"product","link":"https:\/\/www.lavillagardendesign.com\/fr\/product\/menorca-ensemble-de-2-tables-dappoint-gigognes\/","title":{"rendered":"MENORCA &#8211; Ensemble de 2 tables d&rsquo;appoint gigognes"},"content":{"rendered":"","protected":false},"excerpt":{"rendered":"<p>Ajoutez du dynamisme et des formes organiques \u00e0 votre terrasse avec l&rsquo;ensemble de tables d&rsquo;appoint MENORCA. Cet ensemble de deux pi\u00e8ces se distingue par ses surfaces larges et doucement incurv\u00e9es (77,5 x 73,5 cm), qui rompent avec la lin\u00e9arit\u00e9 des canap\u00e9s traditionnels, cr\u00e9ant ainsi un environnement plus fluide et naturel. Fabriqu\u00e9es en acier trait\u00e9 pour l&rsquo;ext\u00e9rieur (E-Coating) et recouvertes d&rsquo;une peinture en poudre de polyester mat, ces tables offrent une solidit\u00e9 exceptionnelle et une protection totale contre la corrosion. L&rsquo;ensemble comprend deux hauteurs diff\u00e9rentes (35 cm et 45 cm), permettant une superposition ludique ou une utilisation s\u00e9par\u00e9e. Disponible en blanc (pour un total look Ibiza avec les canap\u00e9s de la collection) ou en anthracite (pour cr\u00e9er un contraste).    <\/p>\n","protected":false},"featured_media":59777,"comment_status":"open","ping_status":"closed","template":"","meta":[],"product_brand":[4998],"product_cat":[6832,2944,2945,5658],"product_tag":[],"class_list":{"0":"post-59987","1":"product","2":"type-product","3":"status-publish","4":"has-post-thumbnail","6":"product_brand-la-villa","7":"product_cat-outdoor-fr","8":"product_cat-tables-fr","9":"product_cat-tables-basses","10":"product_cat-promos-web","12":"first","13":"instock","14":"sale","15":"taxable","16":"shipping-taxable","17":"purchasable","18":"product-type-variable"},"yoast_head":"<!-- This site is optimized with the Yoast SEO plugin v27.1.1 - https:\/\/yoast.com\/product\/yoast-seo-wordpress\/ -->\n<title>MENORCA - Ensemble de 2 tables d&#039;appoint gigognes - La Villa Garden&amp;Design<\/title>\n<meta name=\"description\" content=\"Lot de 2 tables d&#039;appoint en acier MENORCA. Design organique embo\u00eetable avec traitement anticorrosion E-Coating. Disponible en blanc et anthracite.\" \/>\n<meta name=\"robots\" content=\"index, follow, max-snippet:-1, max-image-preview:large, max-video-preview:-1\" \/>\n<link rel=\"canonical\" href=\"https:\/\/www.lavillagardendesign.com\/fr\/product\/menorca-ensemble-de-2-tables-dappoint-gigognes\/\" \/>\n<meta property=\"og:locale\" content=\"fr_FR\" \/>\n<meta property=\"og:type\" content=\"article\" \/>\n<meta property=\"og:title\" content=\"MENORCA - Ensemble de 2 tables d&#039;appoint gigognes - La Villa Garden&amp;Design\" \/>\n<meta property=\"og:description\" content=\"Lot de 2 tables d&#039;appoint en acier MENORCA. Design organique embo\u00eetable avec traitement anticorrosion E-Coating. Disponible en blanc et anthracite.\" \/>\n<meta property=\"og:url\" content=\"https:\/\/www.lavillagardendesign.com\/fr\/product\/menorca-ensemble-de-2-tables-dappoint-gigognes\/\" \/>\n<meta property=\"og:site_name\" content=\"La Villa Garden&amp;Design\" \/>\n<meta property=\"article:publisher\" content=\"https:\/\/www.facebook.com\/lavillagardendesign\/\" \/>\n<meta property=\"article:modified_time\" content=\"2026-02-10T12:45:18+00:00\" \/>\n<meta property=\"og:image\" content=\"https:\/\/www.lavillagardendesign.com\/wp-content\/uploads\/2025\/12\/57.png\" \/>\n\t<meta property=\"og:image:width\" content=\"700\" \/>\n\t<meta property=\"og:image:height\" content=\"800\" \/>\n\t<meta property=\"og:image:type\" content=\"image\/png\" \/>\n<meta name=\"twitter:card\" content=\"summary_large_image\" \/>\n<script type=\"application\/ld+json\" class=\"yoast-schema-graph\">{\"@context\":\"https:\/\/schema.org\",\"@graph\":[{\"@type\":\"WebPage\",\"@id\":\"https:\/\/www.lavillagardendesign.com\/fr\/product\/menorca-ensemble-de-2-tables-dappoint-gigognes\/\",\"url\":\"https:\/\/www.lavillagardendesign.com\/fr\/product\/menorca-ensemble-de-2-tables-dappoint-gigognes\/\",\"name\":\"MENORCA - Ensemble de 2 tables d'appoint gigognes - La Villa Garden&amp;Design\",\"isPartOf\":{\"@id\":\"https:\/\/www.lavillagardendesign.com\/#website\"},\"primaryImageOfPage\":{\"@id\":\"https:\/\/www.lavillagardendesign.com\/fr\/product\/menorca-ensemble-de-2-tables-dappoint-gigognes\/#primaryimage\"},\"image\":{\"@id\":\"https:\/\/www.lavillagardendesign.com\/fr\/product\/menorca-ensemble-de-2-tables-dappoint-gigognes\/#primaryimage\"},\"thumbnailUrl\":\"https:\/\/www.lavillagardendesign.com\/wp-content\/uploads\/2025\/12\/57.png\",\"datePublished\":\"2025-12-28T11:41:47+00:00\",\"dateModified\":\"2026-02-10T12:45:18+00:00\",\"description\":\"Lot de 2 tables d'appoint en acier MENORCA. Design organique embo\u00eetable avec traitement anticorrosion E-Coating. Disponible en blanc et anthracite.\",\"breadcrumb\":{\"@id\":\"https:\/\/www.lavillagardendesign.com\/fr\/product\/menorca-ensemble-de-2-tables-dappoint-gigognes\/#breadcrumb\"},\"inLanguage\":\"fr-FR\",\"potentialAction\":[{\"@type\":\"ReadAction\",\"target\":[\"https:\/\/www.lavillagardendesign.com\/fr\/product\/menorca-ensemble-de-2-tables-dappoint-gigognes\/\"]}]},{\"@type\":\"ImageObject\",\"inLanguage\":\"fr-FR\",\"@id\":\"https:\/\/www.lavillagardendesign.com\/fr\/product\/menorca-ensemble-de-2-tables-dappoint-gigognes\/#primaryimage\",\"url\":\"https:\/\/www.lavillagardendesign.com\/wp-content\/uploads\/2025\/12\/57.png\",\"contentUrl\":\"https:\/\/www.lavillagardendesign.com\/wp-content\/uploads\/2025\/12\/57.png\",\"width\":700,\"height\":800},{\"@type\":\"BreadcrumbList\",\"@id\":\"https:\/\/www.lavillagardendesign.com\/fr\/product\/menorca-ensemble-de-2-tables-dappoint-gigognes\/#breadcrumb\",\"itemListElement\":[{\"@type\":\"ListItem\",\"position\":1,\"name\":\"Home\",\"item\":\"https:\/\/www.lavillagardendesign.com\/\"},{\"@type\":\"ListItem\",\"position\":2,\"name\":\"Boutique\",\"item\":\"https:\/\/www.lavillagardendesign.com\/fr\/boutique\/\"},{\"@type\":\"ListItem\",\"position\":3,\"name\":\"MENORCA &#8211; Ensemble de 2 tables d&rsquo;appoint gigognes\"}]},{\"@type\":\"WebSite\",\"@id\":\"https:\/\/www.lavillagardendesign.com\/#website\",\"url\":\"https:\/\/www.lavillagardendesign.com\/\",\"name\":\"La Villa Garden&Design\",\"description\":\"\",\"publisher\":{\"@id\":\"https:\/\/www.lavillagardendesign.com\/#organization\"},\"potentialAction\":[{\"@type\":\"SearchAction\",\"target\":{\"@type\":\"EntryPoint\",\"urlTemplate\":\"https:\/\/www.lavillagardendesign.com\/?s={search_term_string}\"},\"query-input\":{\"@type\":\"PropertyValueSpecification\",\"valueRequired\":true,\"valueName\":\"search_term_string\"}}],\"inLanguage\":\"fr-FR\"},{\"@type\":\"Organization\",\"@id\":\"https:\/\/www.lavillagardendesign.com\/#organization\",\"name\":\"La Villa Garden&Design\",\"url\":\"https:\/\/www.lavillagardendesign.com\/\",\"logo\":{\"@type\":\"ImageObject\",\"inLanguage\":\"fr-FR\",\"@id\":\"https:\/\/www.lavillagardendesign.com\/#\/schema\/logo\/image\/\",\"url\":\"https:\/\/www.lavillagardendesign.com\/wp-content\/uploads\/2024\/04\/logolavilla.png\",\"contentUrl\":\"https:\/\/www.lavillagardendesign.com\/wp-content\/uploads\/2024\/04\/logolavilla.png\",\"width\":682,\"height\":391,\"caption\":\"La Villa Garden&Design\"},\"image\":{\"@id\":\"https:\/\/www.lavillagardendesign.com\/#\/schema\/logo\/image\/\"},\"sameAs\":[\"https:\/\/www.facebook.com\/lavillagardendesign\/\"]}]}<\/script>\n<!-- \/ Yoast SEO plugin. -->","yoast_head_json":{"title":"MENORCA - Ensemble de 2 tables d'appoint gigognes - La Villa Garden&amp;Design","description":"Lot de 2 tables d'appoint en acier MENORCA. Design organique embo\u00eetable avec traitement anticorrosion E-Coating. Disponible en blanc et anthracite.","robots":{"index":"index","follow":"follow","max-snippet":"max-snippet:-1","max-image-preview":"max-image-preview:large","max-video-preview":"max-video-preview:-1"},"canonical":"https:\/\/www.lavillagardendesign.com\/fr\/product\/menorca-ensemble-de-2-tables-dappoint-gigognes\/","og_locale":"fr_FR","og_type":"article","og_title":"MENORCA - Ensemble de 2 tables d'appoint gigognes - La Villa Garden&amp;Design","og_description":"Lot de 2 tables d'appoint en acier MENORCA. Design organique embo\u00eetable avec traitement anticorrosion E-Coating. Disponible en blanc et anthracite.","og_url":"https:\/\/www.lavillagardendesign.com\/fr\/product\/menorca-ensemble-de-2-tables-dappoint-gigognes\/","og_site_name":"La Villa Garden&amp;Design","article_publisher":"https:\/\/www.facebook.com\/lavillagardendesign\/","article_modified_time":"2026-02-10T12:45:18+00:00","og_image":[{"width":700,"height":800,"url":"https:\/\/www.lavillagardendesign.com\/wp-content\/uploads\/2025\/12\/57.png","type":"image\/png"}],"twitter_card":"summary_large_image","schema":{"@context":"https:\/\/schema.org","@graph":[{"@type":"WebPage","@id":"https:\/\/www.lavillagardendesign.com\/fr\/product\/menorca-ensemble-de-2-tables-dappoint-gigognes\/","url":"https:\/\/www.lavillagardendesign.com\/fr\/product\/menorca-ensemble-de-2-tables-dappoint-gigognes\/","name":"MENORCA - Ensemble de 2 tables d'appoint gigognes - La Villa Garden&amp;Design","isPartOf":{"@id":"https:\/\/www.lavillagardendesign.com\/#website"},"primaryImageOfPage":{"@id":"https:\/\/www.lavillagardendesign.com\/fr\/product\/menorca-ensemble-de-2-tables-dappoint-gigognes\/#primaryimage"},"image":{"@id":"https:\/\/www.lavillagardendesign.com\/fr\/product\/menorca-ensemble-de-2-tables-dappoint-gigognes\/#primaryimage"},"thumbnailUrl":"https:\/\/www.lavillagardendesign.com\/wp-content\/uploads\/2025\/12\/57.png","datePublished":"2025-12-28T11:41:47+00:00","dateModified":"2026-02-10T12:45:18+00:00","description":"Lot de 2 tables d'appoint en acier MENORCA. Design organique embo\u00eetable avec traitement anticorrosion E-Coating. Disponible en blanc et anthracite.","breadcrumb":{"@id":"https:\/\/www.lavillagardendesign.com\/fr\/product\/menorca-ensemble-de-2-tables-dappoint-gigognes\/#breadcrumb"},"inLanguage":"fr-FR","potentialAction":[{"@type":"ReadAction","target":["https:\/\/www.lavillagardendesign.com\/fr\/product\/menorca-ensemble-de-2-tables-dappoint-gigognes\/"]}]},{"@type":"ImageObject","inLanguage":"fr-FR","@id":"https:\/\/www.lavillagardendesign.com\/fr\/product\/menorca-ensemble-de-2-tables-dappoint-gigognes\/#primaryimage","url":"https:\/\/www.lavillagardendesign.com\/wp-content\/uploads\/2025\/12\/57.png","contentUrl":"https:\/\/www.lavillagardendesign.com\/wp-content\/uploads\/2025\/12\/57.png","width":700,"height":800},{"@type":"BreadcrumbList","@id":"https:\/\/www.lavillagardendesign.com\/fr\/product\/menorca-ensemble-de-2-tables-dappoint-gigognes\/#breadcrumb","itemListElement":[{"@type":"ListItem","position":1,"name":"Home","item":"https:\/\/www.lavillagardendesign.com\/"},{"@type":"ListItem","position":2,"name":"Boutique","item":"https:\/\/www.lavillagardendesign.com\/fr\/boutique\/"},{"@type":"ListItem","position":3,"name":"MENORCA &#8211; Ensemble de 2 tables d&rsquo;appoint gigognes"}]},{"@type":"WebSite","@id":"https:\/\/www.lavillagardendesign.com\/#website","url":"https:\/\/www.lavillagardendesign.com\/","name":"La Villa Garden&Design","description":"","publisher":{"@id":"https:\/\/www.lavillagardendesign.com\/#organization"},"potentialAction":[{"@type":"SearchAction","target":{"@type":"EntryPoint","urlTemplate":"https:\/\/www.lavillagardendesign.com\/?s={search_term_string}"},"query-input":{"@type":"PropertyValueSpecification","valueRequired":true,"valueName":"search_term_string"}}],"inLanguage":"fr-FR"},{"@type":"Organization","@id":"https:\/\/www.lavillagardendesign.com\/#organization","name":"La Villa Garden&Design","url":"https:\/\/www.lavillagardendesign.com\/","logo":{"@type":"ImageObject","inLanguage":"fr-FR","@id":"https:\/\/www.lavillagardendesign.com\/#\/schema\/logo\/image\/","url":"https:\/\/www.lavillagardendesign.com\/wp-content\/uploads\/2024\/04\/logolavilla.png","contentUrl":"https:\/\/www.lavillagardendesign.com\/wp-content\/uploads\/2024\/04\/logolavilla.png","width":682,"height":391,"caption":"La Villa Garden&Design"},"image":{"@id":"https:\/\/www.lavillagardendesign.com\/#\/schema\/logo\/image\/"},"sameAs":["https:\/\/www.facebook.com\/lavillagardendesign\/"]}]}},"_links":{"self":[{"href":"https:\/\/www.lavillagardendesign.com\/fr\/wp-json\/wp\/v2\/product\/59987","targetHints":{"allow":["GET"]}}],"collection":[{"href":"https:\/\/www.lavillagardendesign.com\/fr\/wp-json\/wp\/v2\/product"}],"about":[{"href":"https:\/\/www.lavillagardendesign.com\/fr\/wp-json\/wp\/v2\/types\/product"}],"replies":[{"embeddable":true,"href":"https:\/\/www.lavillagardendesign.com\/fr\/wp-json\/wp\/v2\/comments?post=59987"}],"version-history":[{"count":1,"href":"https:\/\/www.lavillagardendesign.com\/fr\/wp-json\/wp\/v2\/product\/59987\/revisions"}],"predecessor-version":[{"id":62362,"href":"https:\/\/www.lavillagardendesign.com\/fr\/wp-json\/wp\/v2\/product\/59987\/revisions\/62362"}],"wp:featuredmedia":[{"embeddable":true,"href":"https:\/\/www.lavillagardendesign.com\/fr\/wp-json\/wp\/v2\/media\/59777"}],"wp:attachment":[{"href":"https:\/\/www.lavillagardendesign.com\/fr\/wp-json\/wp\/v2\/media?parent=59987"}],"wp:term":[{"taxonomy":"product_brand","embeddable":true,"href":"https:\/\/www.lavillagardendesign.com\/fr\/wp-json\/wp\/v2\/product_brand?post=59987"},{"taxonomy":"product_cat","embeddable":true,"href":"https:\/\/www.lavillagardendesign.com\/fr\/wp-json\/wp\/v2\/product_cat?post=59987"},{"taxonomy":"product_tag","embeddable":true,"href":"https:\/\/www.lavillagardendesign.com\/fr\/wp-json\/wp\/v2\/product_tag?post=59987"}],"curies":[{"name":"wp","href":"https:\/\/api.w.org\/{rel}","templated":true}]}}