{"id":59986,"date":"2025-12-28T12:41:46","date_gmt":"2025-12-28T11:41:46","guid":{"rendered":"https:\/\/www.lavillagardendesign.com\/product\/inca-table-de-salle-a-manger-ronde\/"},"modified":"2026-02-10T14:45:12","modified_gmt":"2026-02-10T12:45:12","slug":"inca-table-de-salle-a-manger-ronde","status":"publish","type":"product","link":"https:\/\/www.lavillagardendesign.com\/fr\/product\/inca-table-de-salle-a-manger-ronde\/","title":{"rendered":"INCA &#8211; Table de salle \u00e0 manger ronde"},"content":{"rendered":"","protected":false},"excerpt":{"rendered":"<p>Favorisez les \u00e9changes et la convivialit\u00e9 dans votre villa avec la spectaculaire table ronde INCA. Cette pi\u00e8ce sculpturale se distingue par son pi\u00e9destal central (style Tulipe), une solution architecturale qui lib\u00e8re l&rsquo;espace pour les jambes et permet d&rsquo;accueillir jusqu&rsquo;\u00e0 8 convives avec une totale libert\u00e9 de mouvement. Son plateau est un chef-d&rsquo;\u0153uvre d&rsquo;ing\u00e9nierie : Pierre fritt\u00e9e de 11 mm (pierre naturelle compact\u00e9e \u00e0 tr\u00e8s haute temp\u00e9rature), un mat\u00e9riau indestructible contre les rayures, la chaleur et les rayons UV. La structure en aluminium en finition P\u00e9lican (ton sable chaud) comprend une base interne avec un lest en acier, assurant une stabilit\u00e9 in\u00e9branlable m\u00eame contre les vents c\u00f4tiers. Les pieds r\u00e9glables inclus permettent de mettre la table \u00e0 niveau sur n&rsquo;importe quelle surface.    <\/p>\n","protected":false},"featured_media":59659,"comment_status":"open","ping_status":"closed","template":"","meta":[],"product_brand":[],"product_cat":[6832,5658,2944,2946],"product_tag":[],"class_list":{"0":"post-59986","1":"product","2":"type-product","3":"status-publish","4":"has-post-thumbnail","6":"product_cat-outdoor-fr","7":"product_cat-promos-web","8":"product_cat-tables-fr","9":"product_cat-tables-repas","11":"first","12":"instock","13":"sale","14":"taxable","15":"shipping-taxable","16":"purchasable","17":"product-type-simple"},"yoast_head":"<!-- This site is optimized with the Yoast SEO plugin v27.4 - https:\/\/yoast.com\/product\/yoast-seo-wordpress\/ -->\n<title>INCA - Table de salle \u00e0 manger ronde - La Villa Garden&amp;Design<\/title>\n<meta name=\"description\" content=\"Chaise de jardin pivotante mod\u00e8le Skagen (Collection INCA). M\u00e9canisme de retour automatique et remplissage \u00e9tanche. Pieds en acier inoxydable. Offre exclusive.\" \/>\n<meta name=\"robots\" content=\"index, follow, max-snippet:-1, max-image-preview:large, max-video-preview:-1\" \/>\n<link rel=\"canonical\" href=\"https:\/\/www.lavillagardendesign.com\/fr\/product\/inca-table-de-salle-a-manger-ronde\/\" \/>\n<meta property=\"og:locale\" content=\"fr_FR\" \/>\n<meta property=\"og:type\" content=\"article\" \/>\n<meta property=\"og:title\" content=\"INCA - Table de salle \u00e0 manger ronde - La Villa Garden&amp;Design\" \/>\n<meta property=\"og:description\" content=\"Chaise de jardin pivotante mod\u00e8le Skagen (Collection INCA). M\u00e9canisme de retour automatique et remplissage \u00e9tanche. Pieds en acier inoxydable. Offre exclusive.\" \/>\n<meta property=\"og:url\" content=\"https:\/\/www.lavillagardendesign.com\/fr\/product\/inca-table-de-salle-a-manger-ronde\/\" \/>\n<meta property=\"og:site_name\" content=\"La Villa Garden&amp;Design\" \/>\n<meta property=\"article:publisher\" content=\"https:\/\/www.facebook.com\/lavillagardendesign\/\" \/>\n<meta property=\"article:modified_time\" content=\"2026-02-10T12:45:12+00:00\" \/>\n<meta property=\"og:image\" content=\"https:\/\/www.lavillagardendesign.com\/wp-content\/uploads\/2025\/12\/24.png\" \/>\n\t<meta property=\"og:image:width\" content=\"700\" \/>\n\t<meta property=\"og:image:height\" content=\"800\" \/>\n\t<meta property=\"og:image:type\" content=\"image\/png\" \/>\n<meta name=\"twitter:card\" content=\"summary_large_image\" \/>\n<script type=\"application\/ld+json\" class=\"yoast-schema-graph\">{\"@context\":\"https:\\\/\\\/schema.org\",\"@graph\":[{\"@type\":\"WebPage\",\"@id\":\"https:\\\/\\\/www.lavillagardendesign.com\\\/fr\\\/product\\\/inca-table-de-salle-a-manger-ronde\\\/\",\"url\":\"https:\\\/\\\/www.lavillagardendesign.com\\\/fr\\\/product\\\/inca-table-de-salle-a-manger-ronde\\\/\",\"name\":\"INCA - Table de salle \u00e0 manger ronde - La Villa Garden&amp;Design\",\"isPartOf\":{\"@id\":\"https:\\\/\\\/www.lavillagardendesign.com\\\/#website\"},\"primaryImageOfPage\":{\"@id\":\"https:\\\/\\\/www.lavillagardendesign.com\\\/fr\\\/product\\\/inca-table-de-salle-a-manger-ronde\\\/#primaryimage\"},\"image\":{\"@id\":\"https:\\\/\\\/www.lavillagardendesign.com\\\/fr\\\/product\\\/inca-table-de-salle-a-manger-ronde\\\/#primaryimage\"},\"thumbnailUrl\":\"https:\\\/\\\/www.lavillagardendesign.com\\\/wp-content\\\/uploads\\\/2025\\\/12\\\/24.png\",\"datePublished\":\"2025-12-28T11:41:46+00:00\",\"dateModified\":\"2026-02-10T12:45:12+00:00\",\"description\":\"Chaise de jardin pivotante mod\u00e8le Skagen (Collection INCA). M\u00e9canisme de retour automatique et remplissage \u00e9tanche. Pieds en acier inoxydable. Offre exclusive.\",\"breadcrumb\":{\"@id\":\"https:\\\/\\\/www.lavillagardendesign.com\\\/fr\\\/product\\\/inca-table-de-salle-a-manger-ronde\\\/#breadcrumb\"},\"inLanguage\":\"fr-FR\",\"potentialAction\":[{\"@type\":\"ReadAction\",\"target\":[\"https:\\\/\\\/www.lavillagardendesign.com\\\/fr\\\/product\\\/inca-table-de-salle-a-manger-ronde\\\/\"]}]},{\"@type\":\"ImageObject\",\"inLanguage\":\"fr-FR\",\"@id\":\"https:\\\/\\\/www.lavillagardendesign.com\\\/fr\\\/product\\\/inca-table-de-salle-a-manger-ronde\\\/#primaryimage\",\"url\":\"https:\\\/\\\/www.lavillagardendesign.com\\\/wp-content\\\/uploads\\\/2025\\\/12\\\/24.png\",\"contentUrl\":\"https:\\\/\\\/www.lavillagardendesign.com\\\/wp-content\\\/uploads\\\/2025\\\/12\\\/24.png\",\"width\":700,\"height\":800},{\"@type\":\"BreadcrumbList\",\"@id\":\"https:\\\/\\\/www.lavillagardendesign.com\\\/fr\\\/product\\\/inca-table-de-salle-a-manger-ronde\\\/#breadcrumb\",\"itemListElement\":[{\"@type\":\"ListItem\",\"position\":1,\"name\":\"Home\",\"item\":\"https:\\\/\\\/www.lavillagardendesign.com\\\/\"},{\"@type\":\"ListItem\",\"position\":2,\"name\":\"Boutique\",\"item\":\"https:\\\/\\\/www.lavillagardendesign.com\\\/fr\\\/boutique\\\/\"},{\"@type\":\"ListItem\",\"position\":3,\"name\":\"INCA &#8211; Table de salle \u00e0 manger ronde\"}]},{\"@type\":\"WebSite\",\"@id\":\"https:\\\/\\\/www.lavillagardendesign.com\\\/#website\",\"url\":\"https:\\\/\\\/www.lavillagardendesign.com\\\/\",\"name\":\"La Villa Garden&Design\",\"description\":\"\",\"publisher\":{\"@id\":\"https:\\\/\\\/www.lavillagardendesign.com\\\/#organization\"},\"potentialAction\":[{\"@type\":\"SearchAction\",\"target\":{\"@type\":\"EntryPoint\",\"urlTemplate\":\"https:\\\/\\\/www.lavillagardendesign.com\\\/?s={search_term_string}\"},\"query-input\":{\"@type\":\"PropertyValueSpecification\",\"valueRequired\":true,\"valueName\":\"search_term_string\"}}],\"inLanguage\":\"fr-FR\"},{\"@type\":\"Organization\",\"@id\":\"https:\\\/\\\/www.lavillagardendesign.com\\\/#organization\",\"name\":\"La Villa Garden&Design\",\"url\":\"https:\\\/\\\/www.lavillagardendesign.com\\\/\",\"logo\":{\"@type\":\"ImageObject\",\"inLanguage\":\"fr-FR\",\"@id\":\"https:\\\/\\\/www.lavillagardendesign.com\\\/#\\\/schema\\\/logo\\\/image\\\/\",\"url\":\"https:\\\/\\\/www.lavillagardendesign.com\\\/wp-content\\\/uploads\\\/2024\\\/04\\\/logolavilla.png\",\"contentUrl\":\"https:\\\/\\\/www.lavillagardendesign.com\\\/wp-content\\\/uploads\\\/2024\\\/04\\\/logolavilla.png\",\"width\":682,\"height\":391,\"caption\":\"La Villa Garden&Design\"},\"image\":{\"@id\":\"https:\\\/\\\/www.lavillagardendesign.com\\\/#\\\/schema\\\/logo\\\/image\\\/\"},\"sameAs\":[\"https:\\\/\\\/www.facebook.com\\\/lavillagardendesign\\\/\"]}]}<\/script>\n<!-- \/ Yoast SEO plugin. -->","yoast_head_json":{"title":"INCA - Table de salle \u00e0 manger ronde - La Villa Garden&amp;Design","description":"Chaise de jardin pivotante mod\u00e8le Skagen (Collection INCA). M\u00e9canisme de retour automatique et remplissage \u00e9tanche. Pieds en acier inoxydable. Offre exclusive.","robots":{"index":"index","follow":"follow","max-snippet":"max-snippet:-1","max-image-preview":"max-image-preview:large","max-video-preview":"max-video-preview:-1"},"canonical":"https:\/\/www.lavillagardendesign.com\/fr\/product\/inca-table-de-salle-a-manger-ronde\/","og_locale":"fr_FR","og_type":"article","og_title":"INCA - Table de salle \u00e0 manger ronde - La Villa Garden&amp;Design","og_description":"Chaise de jardin pivotante mod\u00e8le Skagen (Collection INCA). M\u00e9canisme de retour automatique et remplissage \u00e9tanche. Pieds en acier inoxydable. Offre exclusive.","og_url":"https:\/\/www.lavillagardendesign.com\/fr\/product\/inca-table-de-salle-a-manger-ronde\/","og_site_name":"La Villa Garden&amp;Design","article_publisher":"https:\/\/www.facebook.com\/lavillagardendesign\/","article_modified_time":"2026-02-10T12:45:12+00:00","og_image":[{"width":700,"height":800,"url":"https:\/\/www.lavillagardendesign.com\/wp-content\/uploads\/2025\/12\/24.png","type":"image\/png"}],"twitter_card":"summary_large_image","schema":{"@context":"https:\/\/schema.org","@graph":[{"@type":"WebPage","@id":"https:\/\/www.lavillagardendesign.com\/fr\/product\/inca-table-de-salle-a-manger-ronde\/","url":"https:\/\/www.lavillagardendesign.com\/fr\/product\/inca-table-de-salle-a-manger-ronde\/","name":"INCA - Table de salle \u00e0 manger ronde - La Villa Garden&amp;Design","isPartOf":{"@id":"https:\/\/www.lavillagardendesign.com\/#website"},"primaryImageOfPage":{"@id":"https:\/\/www.lavillagardendesign.com\/fr\/product\/inca-table-de-salle-a-manger-ronde\/#primaryimage"},"image":{"@id":"https:\/\/www.lavillagardendesign.com\/fr\/product\/inca-table-de-salle-a-manger-ronde\/#primaryimage"},"thumbnailUrl":"https:\/\/www.lavillagardendesign.com\/wp-content\/uploads\/2025\/12\/24.png","datePublished":"2025-12-28T11:41:46+00:00","dateModified":"2026-02-10T12:45:12+00:00","description":"Chaise de jardin pivotante mod\u00e8le Skagen (Collection INCA). M\u00e9canisme de retour automatique et remplissage \u00e9tanche. Pieds en acier inoxydable. Offre exclusive.","breadcrumb":{"@id":"https:\/\/www.lavillagardendesign.com\/fr\/product\/inca-table-de-salle-a-manger-ronde\/#breadcrumb"},"inLanguage":"fr-FR","potentialAction":[{"@type":"ReadAction","target":["https:\/\/www.lavillagardendesign.com\/fr\/product\/inca-table-de-salle-a-manger-ronde\/"]}]},{"@type":"ImageObject","inLanguage":"fr-FR","@id":"https:\/\/www.lavillagardendesign.com\/fr\/product\/inca-table-de-salle-a-manger-ronde\/#primaryimage","url":"https:\/\/www.lavillagardendesign.com\/wp-content\/uploads\/2025\/12\/24.png","contentUrl":"https:\/\/www.lavillagardendesign.com\/wp-content\/uploads\/2025\/12\/24.png","width":700,"height":800},{"@type":"BreadcrumbList","@id":"https:\/\/www.lavillagardendesign.com\/fr\/product\/inca-table-de-salle-a-manger-ronde\/#breadcrumb","itemListElement":[{"@type":"ListItem","position":1,"name":"Home","item":"https:\/\/www.lavillagardendesign.com\/"},{"@type":"ListItem","position":2,"name":"Boutique","item":"https:\/\/www.lavillagardendesign.com\/fr\/boutique\/"},{"@type":"ListItem","position":3,"name":"INCA &#8211; Table de salle \u00e0 manger ronde"}]},{"@type":"WebSite","@id":"https:\/\/www.lavillagardendesign.com\/#website","url":"https:\/\/www.lavillagardendesign.com\/","name":"La Villa Garden&Design","description":"","publisher":{"@id":"https:\/\/www.lavillagardendesign.com\/#organization"},"potentialAction":[{"@type":"SearchAction","target":{"@type":"EntryPoint","urlTemplate":"https:\/\/www.lavillagardendesign.com\/?s={search_term_string}"},"query-input":{"@type":"PropertyValueSpecification","valueRequired":true,"valueName":"search_term_string"}}],"inLanguage":"fr-FR"},{"@type":"Organization","@id":"https:\/\/www.lavillagardendesign.com\/#organization","name":"La Villa Garden&Design","url":"https:\/\/www.lavillagardendesign.com\/","logo":{"@type":"ImageObject","inLanguage":"fr-FR","@id":"https:\/\/www.lavillagardendesign.com\/#\/schema\/logo\/image\/","url":"https:\/\/www.lavillagardendesign.com\/wp-content\/uploads\/2024\/04\/logolavilla.png","contentUrl":"https:\/\/www.lavillagardendesign.com\/wp-content\/uploads\/2024\/04\/logolavilla.png","width":682,"height":391,"caption":"La Villa Garden&Design"},"image":{"@id":"https:\/\/www.lavillagardendesign.com\/#\/schema\/logo\/image\/"},"sameAs":["https:\/\/www.facebook.com\/lavillagardendesign\/"]}]}},"_links":{"self":[{"href":"https:\/\/www.lavillagardendesign.com\/fr\/wp-json\/wp\/v2\/product\/59986","targetHints":{"allow":["GET"]}}],"collection":[{"href":"https:\/\/www.lavillagardendesign.com\/fr\/wp-json\/wp\/v2\/product"}],"about":[{"href":"https:\/\/www.lavillagardendesign.com\/fr\/wp-json\/wp\/v2\/types\/product"}],"replies":[{"embeddable":true,"href":"https:\/\/www.lavillagardendesign.com\/fr\/wp-json\/wp\/v2\/comments?post=59986"}],"version-history":[{"count":1,"href":"https:\/\/www.lavillagardendesign.com\/fr\/wp-json\/wp\/v2\/product\/59986\/revisions"}],"predecessor-version":[{"id":62353,"href":"https:\/\/www.lavillagardendesign.com\/fr\/wp-json\/wp\/v2\/product\/59986\/revisions\/62353"}],"wp:featuredmedia":[{"embeddable":true,"href":"https:\/\/www.lavillagardendesign.com\/fr\/wp-json\/wp\/v2\/media\/59659"}],"wp:attachment":[{"href":"https:\/\/www.lavillagardendesign.com\/fr\/wp-json\/wp\/v2\/media?parent=59986"}],"wp:term":[{"taxonomy":"product_brand","embeddable":true,"href":"https:\/\/www.lavillagardendesign.com\/fr\/wp-json\/wp\/v2\/product_brand?post=59986"},{"taxonomy":"product_cat","embeddable":true,"href":"https:\/\/www.lavillagardendesign.com\/fr\/wp-json\/wp\/v2\/product_cat?post=59986"},{"taxonomy":"product_tag","embeddable":true,"href":"https:\/\/www.lavillagardendesign.com\/fr\/wp-json\/wp\/v2\/product_tag?post=59986"}],"curies":[{"name":"wp","href":"https:\/\/api.w.org\/{rel}","templated":true}]}}