{"id":59979,"date":"2025-12-28T12:41:46","date_gmt":"2025-12-28T11:41:46","guid":{"rendered":"https:\/\/www.lavillagardendesign.com\/product\/portofino-ensemble-de-2-tables-basses-gigognes\/"},"modified":"2026-02-10T14:45:08","modified_gmt":"2026-02-10T12:45:08","slug":"portofino-ensemble-de-2-tables-basses-gigognes","status":"publish","type":"product","link":"https:\/\/www.lavillagardendesign.com\/fr\/product\/portofino-ensemble-de-2-tables-basses-gigognes\/","title":{"rendered":"PORTOFINO &#8211; Ensemble de 2 tables basses gigognes"},"content":{"rendered":"","protected":false},"excerpt":{"rendered":"<p>Compl\u00e9tez votre salon ext\u00e9rieur avec le dynamisme de l&rsquo;ensemble de tables gigognes PORTOFINO. Cet ensemble de deux pi\u00e8ces est con\u00e7u pour apporter polyvalence et mouvement \u00e0 votre terrasse : il comprend une grande table principale et une table secondaire l\u00e9g\u00e8rement plus haute qui permet de les faire se chevaucher (\u00a0\u00bb effet gigogne \u00ab\u00a0) ou de les utiliser s\u00e9par\u00e9ment selon les besoins. Fabriqu\u00e9es avec une structure en aluminium rev\u00eatue de poudre de polyester, elles se distinguent par leur solidit\u00e9 et leur l\u00e9g\u00e8ret\u00e9. Le design joue sur les contrastes : tandis que la grande table offre une solidit\u00e9 en aluminium, la petite table pr\u00e9sente un plateau en finition bois, apportant la chaleur visuelle n\u00e9cessaire pour s&rsquo;harmoniser avec les d\u00e9tails en teck des canap\u00e9s Portofino. La quincaillerie est en acier inoxydable pour une durabilit\u00e9 maximale.    <\/p>\n","protected":false},"featured_media":59719,"comment_status":"open","ping_status":"closed","template":"","meta":[],"product_brand":[4998],"product_cat":[6832,5658,2944,2945],"product_tag":[],"class_list":{"0":"post-59979","1":"product","2":"type-product","3":"status-publish","4":"has-post-thumbnail","6":"product_brand-la-villa","7":"product_cat-outdoor-fr","8":"product_cat-promos-web","9":"product_cat-tables-fr","10":"product_cat-tables-basses","12":"first","13":"instock","14":"sale","15":"taxable","16":"shipping-taxable","17":"purchasable","18":"product-type-variable"},"yoast_head":"<!-- This site is optimized with the Yoast SEO plugin v27.4 - https:\/\/yoast.com\/product\/yoast-seo-wordpress\/ -->\n<title>PORTOFINO Set de tables gigognes en aluminium | La Villa Garden<\/title>\n<meta name=\"description\" content=\"Lot de 2 tables basses de jardin PORTOFINO. Design imbriqu\u00e9 en aluminium. Disponible en format rond ou mixte (carr\u00e9+rond). Couleurs P\u00e9lican et Anthracite.\" \/>\n<meta name=\"robots\" content=\"index, follow, max-snippet:-1, max-image-preview:large, max-video-preview:-1\" \/>\n<link rel=\"canonical\" href=\"https:\/\/www.lavillagardendesign.com\/fr\/product\/portofino-ensemble-de-2-tables-basses-gigognes\/\" \/>\n<meta property=\"og:locale\" content=\"fr_FR\" \/>\n<meta property=\"og:type\" content=\"article\" \/>\n<meta property=\"og:title\" content=\"PORTOFINO Set de tables gigognes en aluminium | La Villa Garden\" \/>\n<meta property=\"og:description\" content=\"Lot de 2 tables basses de jardin PORTOFINO. Design imbriqu\u00e9 en aluminium. Disponible en format rond ou mixte (carr\u00e9+rond). Couleurs P\u00e9lican et Anthracite.\" \/>\n<meta property=\"og:url\" content=\"https:\/\/www.lavillagardendesign.com\/fr\/product\/portofino-ensemble-de-2-tables-basses-gigognes\/\" \/>\n<meta property=\"og:site_name\" content=\"La Villa Garden&amp;Design\" \/>\n<meta property=\"article:publisher\" content=\"https:\/\/www.facebook.com\/lavillagardendesign\/\" \/>\n<meta property=\"article:modified_time\" content=\"2026-02-10T12:45:08+00:00\" \/>\n<meta property=\"og:image\" content=\"https:\/\/www.lavillagardendesign.com\/wp-content\/uploads\/2025\/12\/42.png\" \/>\n\t<meta property=\"og:image:width\" content=\"700\" \/>\n\t<meta property=\"og:image:height\" content=\"800\" \/>\n\t<meta property=\"og:image:type\" content=\"image\/png\" \/>\n<meta name=\"twitter:card\" content=\"summary_large_image\" \/>\n<script type=\"application\/ld+json\" class=\"yoast-schema-graph\">{\"@context\":\"https:\\\/\\\/schema.org\",\"@graph\":[{\"@type\":\"WebPage\",\"@id\":\"https:\\\/\\\/www.lavillagardendesign.com\\\/fr\\\/product\\\/portofino-ensemble-de-2-tables-basses-gigognes\\\/\",\"url\":\"https:\\\/\\\/www.lavillagardendesign.com\\\/fr\\\/product\\\/portofino-ensemble-de-2-tables-basses-gigognes\\\/\",\"name\":\"PORTOFINO Set de tables gigognes en aluminium | La Villa Garden\",\"isPartOf\":{\"@id\":\"https:\\\/\\\/www.lavillagardendesign.com\\\/#website\"},\"primaryImageOfPage\":{\"@id\":\"https:\\\/\\\/www.lavillagardendesign.com\\\/fr\\\/product\\\/portofino-ensemble-de-2-tables-basses-gigognes\\\/#primaryimage\"},\"image\":{\"@id\":\"https:\\\/\\\/www.lavillagardendesign.com\\\/fr\\\/product\\\/portofino-ensemble-de-2-tables-basses-gigognes\\\/#primaryimage\"},\"thumbnailUrl\":\"https:\\\/\\\/www.lavillagardendesign.com\\\/wp-content\\\/uploads\\\/2025\\\/12\\\/42.png\",\"datePublished\":\"2025-12-28T11:41:46+00:00\",\"dateModified\":\"2026-02-10T12:45:08+00:00\",\"description\":\"Lot de 2 tables basses de jardin PORTOFINO. Design imbriqu\u00e9 en aluminium. Disponible en format rond ou mixte (carr\u00e9+rond). Couleurs P\u00e9lican et Anthracite.\",\"breadcrumb\":{\"@id\":\"https:\\\/\\\/www.lavillagardendesign.com\\\/fr\\\/product\\\/portofino-ensemble-de-2-tables-basses-gigognes\\\/#breadcrumb\"},\"inLanguage\":\"fr-FR\",\"potentialAction\":[{\"@type\":\"ReadAction\",\"target\":[\"https:\\\/\\\/www.lavillagardendesign.com\\\/fr\\\/product\\\/portofino-ensemble-de-2-tables-basses-gigognes\\\/\"]}]},{\"@type\":\"ImageObject\",\"inLanguage\":\"fr-FR\",\"@id\":\"https:\\\/\\\/www.lavillagardendesign.com\\\/fr\\\/product\\\/portofino-ensemble-de-2-tables-basses-gigognes\\\/#primaryimage\",\"url\":\"https:\\\/\\\/www.lavillagardendesign.com\\\/wp-content\\\/uploads\\\/2025\\\/12\\\/42.png\",\"contentUrl\":\"https:\\\/\\\/www.lavillagardendesign.com\\\/wp-content\\\/uploads\\\/2025\\\/12\\\/42.png\",\"width\":700,\"height\":800},{\"@type\":\"BreadcrumbList\",\"@id\":\"https:\\\/\\\/www.lavillagardendesign.com\\\/fr\\\/product\\\/portofino-ensemble-de-2-tables-basses-gigognes\\\/#breadcrumb\",\"itemListElement\":[{\"@type\":\"ListItem\",\"position\":1,\"name\":\"Home\",\"item\":\"https:\\\/\\\/www.lavillagardendesign.com\\\/\"},{\"@type\":\"ListItem\",\"position\":2,\"name\":\"Boutique\",\"item\":\"https:\\\/\\\/www.lavillagardendesign.com\\\/fr\\\/boutique\\\/\"},{\"@type\":\"ListItem\",\"position\":3,\"name\":\"PORTOFINO &#8211; Ensemble de 2 tables basses gigognes\"}]},{\"@type\":\"WebSite\",\"@id\":\"https:\\\/\\\/www.lavillagardendesign.com\\\/#website\",\"url\":\"https:\\\/\\\/www.lavillagardendesign.com\\\/\",\"name\":\"La Villa Garden&Design\",\"description\":\"\",\"publisher\":{\"@id\":\"https:\\\/\\\/www.lavillagardendesign.com\\\/#organization\"},\"potentialAction\":[{\"@type\":\"SearchAction\",\"target\":{\"@type\":\"EntryPoint\",\"urlTemplate\":\"https:\\\/\\\/www.lavillagardendesign.com\\\/?s={search_term_string}\"},\"query-input\":{\"@type\":\"PropertyValueSpecification\",\"valueRequired\":true,\"valueName\":\"search_term_string\"}}],\"inLanguage\":\"fr-FR\"},{\"@type\":\"Organization\",\"@id\":\"https:\\\/\\\/www.lavillagardendesign.com\\\/#organization\",\"name\":\"La Villa Garden&Design\",\"url\":\"https:\\\/\\\/www.lavillagardendesign.com\\\/\",\"logo\":{\"@type\":\"ImageObject\",\"inLanguage\":\"fr-FR\",\"@id\":\"https:\\\/\\\/www.lavillagardendesign.com\\\/#\\\/schema\\\/logo\\\/image\\\/\",\"url\":\"https:\\\/\\\/www.lavillagardendesign.com\\\/wp-content\\\/uploads\\\/2024\\\/04\\\/logolavilla.png\",\"contentUrl\":\"https:\\\/\\\/www.lavillagardendesign.com\\\/wp-content\\\/uploads\\\/2024\\\/04\\\/logolavilla.png\",\"width\":682,\"height\":391,\"caption\":\"La Villa Garden&Design\"},\"image\":{\"@id\":\"https:\\\/\\\/www.lavillagardendesign.com\\\/#\\\/schema\\\/logo\\\/image\\\/\"},\"sameAs\":[\"https:\\\/\\\/www.facebook.com\\\/lavillagardendesign\\\/\"]}]}<\/script>\n<!-- \/ Yoast SEO plugin. -->","yoast_head_json":{"title":"PORTOFINO Set de tables gigognes en aluminium | La Villa Garden","description":"Lot de 2 tables basses de jardin PORTOFINO. Design imbriqu\u00e9 en aluminium. Disponible en format rond ou mixte (carr\u00e9+rond). Couleurs P\u00e9lican et Anthracite.","robots":{"index":"index","follow":"follow","max-snippet":"max-snippet:-1","max-image-preview":"max-image-preview:large","max-video-preview":"max-video-preview:-1"},"canonical":"https:\/\/www.lavillagardendesign.com\/fr\/product\/portofino-ensemble-de-2-tables-basses-gigognes\/","og_locale":"fr_FR","og_type":"article","og_title":"PORTOFINO Set de tables gigognes en aluminium | La Villa Garden","og_description":"Lot de 2 tables basses de jardin PORTOFINO. Design imbriqu\u00e9 en aluminium. Disponible en format rond ou mixte (carr\u00e9+rond). Couleurs P\u00e9lican et Anthracite.","og_url":"https:\/\/www.lavillagardendesign.com\/fr\/product\/portofino-ensemble-de-2-tables-basses-gigognes\/","og_site_name":"La Villa Garden&amp;Design","article_publisher":"https:\/\/www.facebook.com\/lavillagardendesign\/","article_modified_time":"2026-02-10T12:45:08+00:00","og_image":[{"width":700,"height":800,"url":"https:\/\/www.lavillagardendesign.com\/wp-content\/uploads\/2025\/12\/42.png","type":"image\/png"}],"twitter_card":"summary_large_image","schema":{"@context":"https:\/\/schema.org","@graph":[{"@type":"WebPage","@id":"https:\/\/www.lavillagardendesign.com\/fr\/product\/portofino-ensemble-de-2-tables-basses-gigognes\/","url":"https:\/\/www.lavillagardendesign.com\/fr\/product\/portofino-ensemble-de-2-tables-basses-gigognes\/","name":"PORTOFINO Set de tables gigognes en aluminium | La Villa Garden","isPartOf":{"@id":"https:\/\/www.lavillagardendesign.com\/#website"},"primaryImageOfPage":{"@id":"https:\/\/www.lavillagardendesign.com\/fr\/product\/portofino-ensemble-de-2-tables-basses-gigognes\/#primaryimage"},"image":{"@id":"https:\/\/www.lavillagardendesign.com\/fr\/product\/portofino-ensemble-de-2-tables-basses-gigognes\/#primaryimage"},"thumbnailUrl":"https:\/\/www.lavillagardendesign.com\/wp-content\/uploads\/2025\/12\/42.png","datePublished":"2025-12-28T11:41:46+00:00","dateModified":"2026-02-10T12:45:08+00:00","description":"Lot de 2 tables basses de jardin PORTOFINO. Design imbriqu\u00e9 en aluminium. Disponible en format rond ou mixte (carr\u00e9+rond). Couleurs P\u00e9lican et Anthracite.","breadcrumb":{"@id":"https:\/\/www.lavillagardendesign.com\/fr\/product\/portofino-ensemble-de-2-tables-basses-gigognes\/#breadcrumb"},"inLanguage":"fr-FR","potentialAction":[{"@type":"ReadAction","target":["https:\/\/www.lavillagardendesign.com\/fr\/product\/portofino-ensemble-de-2-tables-basses-gigognes\/"]}]},{"@type":"ImageObject","inLanguage":"fr-FR","@id":"https:\/\/www.lavillagardendesign.com\/fr\/product\/portofino-ensemble-de-2-tables-basses-gigognes\/#primaryimage","url":"https:\/\/www.lavillagardendesign.com\/wp-content\/uploads\/2025\/12\/42.png","contentUrl":"https:\/\/www.lavillagardendesign.com\/wp-content\/uploads\/2025\/12\/42.png","width":700,"height":800},{"@type":"BreadcrumbList","@id":"https:\/\/www.lavillagardendesign.com\/fr\/product\/portofino-ensemble-de-2-tables-basses-gigognes\/#breadcrumb","itemListElement":[{"@type":"ListItem","position":1,"name":"Home","item":"https:\/\/www.lavillagardendesign.com\/"},{"@type":"ListItem","position":2,"name":"Boutique","item":"https:\/\/www.lavillagardendesign.com\/fr\/boutique\/"},{"@type":"ListItem","position":3,"name":"PORTOFINO &#8211; Ensemble de 2 tables basses gigognes"}]},{"@type":"WebSite","@id":"https:\/\/www.lavillagardendesign.com\/#website","url":"https:\/\/www.lavillagardendesign.com\/","name":"La Villa Garden&Design","description":"","publisher":{"@id":"https:\/\/www.lavillagardendesign.com\/#organization"},"potentialAction":[{"@type":"SearchAction","target":{"@type":"EntryPoint","urlTemplate":"https:\/\/www.lavillagardendesign.com\/?s={search_term_string}"},"query-input":{"@type":"PropertyValueSpecification","valueRequired":true,"valueName":"search_term_string"}}],"inLanguage":"fr-FR"},{"@type":"Organization","@id":"https:\/\/www.lavillagardendesign.com\/#organization","name":"La Villa Garden&Design","url":"https:\/\/www.lavillagardendesign.com\/","logo":{"@type":"ImageObject","inLanguage":"fr-FR","@id":"https:\/\/www.lavillagardendesign.com\/#\/schema\/logo\/image\/","url":"https:\/\/www.lavillagardendesign.com\/wp-content\/uploads\/2024\/04\/logolavilla.png","contentUrl":"https:\/\/www.lavillagardendesign.com\/wp-content\/uploads\/2024\/04\/logolavilla.png","width":682,"height":391,"caption":"La Villa Garden&Design"},"image":{"@id":"https:\/\/www.lavillagardendesign.com\/#\/schema\/logo\/image\/"},"sameAs":["https:\/\/www.facebook.com\/lavillagardendesign\/"]}]}},"_links":{"self":[{"href":"https:\/\/www.lavillagardendesign.com\/fr\/wp-json\/wp\/v2\/product\/59979","targetHints":{"allow":["GET"]}}],"collection":[{"href":"https:\/\/www.lavillagardendesign.com\/fr\/wp-json\/wp\/v2\/product"}],"about":[{"href":"https:\/\/www.lavillagardendesign.com\/fr\/wp-json\/wp\/v2\/types\/product"}],"replies":[{"embeddable":true,"href":"https:\/\/www.lavillagardendesign.com\/fr\/wp-json\/wp\/v2\/comments?post=59979"}],"version-history":[{"count":1,"href":"https:\/\/www.lavillagardendesign.com\/fr\/wp-json\/wp\/v2\/product\/59979\/revisions"}],"predecessor-version":[{"id":62388,"href":"https:\/\/www.lavillagardendesign.com\/fr\/wp-json\/wp\/v2\/product\/59979\/revisions\/62388"}],"wp:featuredmedia":[{"embeddable":true,"href":"https:\/\/www.lavillagardendesign.com\/fr\/wp-json\/wp\/v2\/media\/59719"}],"wp:attachment":[{"href":"https:\/\/www.lavillagardendesign.com\/fr\/wp-json\/wp\/v2\/media?parent=59979"}],"wp:term":[{"taxonomy":"product_brand","embeddable":true,"href":"https:\/\/www.lavillagardendesign.com\/fr\/wp-json\/wp\/v2\/product_brand?post=59979"},{"taxonomy":"product_cat","embeddable":true,"href":"https:\/\/www.lavillagardendesign.com\/fr\/wp-json\/wp\/v2\/product_cat?post=59979"},{"taxonomy":"product_tag","embeddable":true,"href":"https:\/\/www.lavillagardendesign.com\/fr\/wp-json\/wp\/v2\/product_tag?post=59979"}],"curies":[{"name":"wp","href":"https:\/\/api.w.org\/{rel}","templated":true}]}}