{"id":59975,"date":"2025-12-28T12:41:45","date_gmt":"2025-12-28T11:41:45","guid":{"rendered":"https:\/\/www.lavillagardendesign.com\/product\/porto-rico-table-basse-carree\/"},"modified":"2026-02-10T14:45:09","modified_gmt":"2026-02-10T12:45:09","slug":"porto-rico-table-basse-carree","status":"publish","type":"product","link":"https:\/\/www.lavillagardendesign.com\/fr\/product\/porto-rico-table-basse-carree\/","title":{"rendered":"PORTO RICO &#8211; Table basse carr\u00e9e"},"content":{"rendered":"","protected":false},"excerpt":{"rendered":"<p>Compl\u00e9tez votre salon modulaire avec la table basse PORTO RICO, une pi\u00e8ce d&rsquo;architecture minimaliste con\u00e7ue pour les amateurs de design pur. Avec des dimensions de 94 x 94 cm, elle s&rsquo;accorde g\u00e9om\u00e9triquement avec les canap\u00e9s de la m\u00eame collection, permettant des configurations sym\u00e9triques et \u00e9quilibr\u00e9es. Enti\u00e8rement r\u00e9alis\u00e9e en bois de teck certifi\u00e9 SVLK (issu de for\u00eats durables) avec une finition \u00e0 base d&rsquo;eau, cette table se distingue par son profil bas de seulement 17 cm de hauteur. Ce design \u00ab\u00a0Low Profile\u00a0\u00bb est une tendance absolue dans le mobilier d&rsquo;ext\u00e9rieur de luxe, offrant une esth\u00e9tique Lounge d\u00e9contract\u00e9e et permettant de ne pas obstruer la vue sur le jardin. C&rsquo;est la surface id\u00e9ale pour poser des magazines, des plateaux ou des \u00e9l\u00e9ments d\u00e9coratifs qui mettent en valeur la beaut\u00e9 naturelle du grain du teck.    <\/p>\n","protected":false},"featured_media":59871,"comment_status":"open","ping_status":"closed","template":"","meta":[],"product_brand":[4998],"product_cat":[6832,2944,2945],"product_tag":[],"class_list":{"0":"post-59975","1":"product","2":"type-product","3":"status-publish","4":"has-post-thumbnail","6":"product_brand-la-villa","7":"product_cat-outdoor-fr","8":"product_cat-tables-fr","9":"product_cat-tables-basses","11":"first","12":"instock","13":"sale","14":"taxable","15":"shipping-taxable","16":"purchasable","17":"product-type-simple"},"yoast_head":"<!-- This site is optimized with the Yoast SEO plugin v27.1.1 - https:\/\/yoast.com\/product\/yoast-seo-wordpress\/ -->\n<title>PORTO RICO - Table basse carr\u00e9e - La Villa Garden&amp;Design<\/title>\n<meta name=\"robots\" content=\"index, follow, max-snippet:-1, max-image-preview:large, max-video-preview:-1\" \/>\n<link rel=\"canonical\" href=\"https:\/\/www.lavillagardendesign.com\/fr\/product\/porto-rico-table-basse-carree\/\" \/>\n<meta property=\"og:locale\" content=\"fr_FR\" \/>\n<meta property=\"og:type\" content=\"article\" \/>\n<meta property=\"og:title\" content=\"PORTO RICO - Table basse carr\u00e9e - La Villa Garden&amp;Design\" \/>\n<meta property=\"og:description\" content=\"Compl\u00e9tez votre salon modulaire avec la table basse PORTO RICO, une pi\u00e8ce d&#039;architecture minimaliste con\u00e7ue pour les amateurs de design pur. Avec des dimensions de 94 x 94 cm, elle s&#039;accorde g\u00e9om\u00e9triquement avec les canap\u00e9s de la m\u00eame collection, permettant des configurations sym\u00e9triques et \u00e9quilibr\u00e9es. Enti\u00e8rement r\u00e9alis\u00e9e en bois de teck certifi\u00e9 SVLK (issu de for\u00eats durables) avec une finition \u00e0 base d&#039;eau, cette table se distingue par son profil bas de seulement 17 cm de hauteur. Ce design &quot;Low Profile&quot; est une tendance absolue dans le mobilier d&#039;ext\u00e9rieur de luxe, offrant une esth\u00e9tique Lounge d\u00e9contract\u00e9e et permettant de ne pas obstruer la vue sur le jardin. C&#039;est la surface id\u00e9ale pour poser des magazines, des plateaux ou des \u00e9l\u00e9ments d\u00e9coratifs qui mettent en valeur la beaut\u00e9 naturelle du grain du teck.\" \/>\n<meta property=\"og:url\" content=\"https:\/\/www.lavillagardendesign.com\/fr\/product\/porto-rico-table-basse-carree\/\" \/>\n<meta property=\"og:site_name\" content=\"La Villa Garden&amp;Design\" \/>\n<meta property=\"article:publisher\" content=\"https:\/\/www.facebook.com\/lavillagardendesign\/\" \/>\n<meta property=\"article:modified_time\" content=\"2026-02-10T12:45:09+00:00\" \/>\n<meta property=\"og:image\" content=\"https:\/\/www.lavillagardendesign.com\/wp-content\/uploads\/2025\/12\/86-1.png\" \/>\n\t<meta property=\"og:image:width\" content=\"700\" \/>\n\t<meta property=\"og:image:height\" content=\"800\" \/>\n\t<meta property=\"og:image:type\" content=\"image\/png\" \/>\n<meta name=\"twitter:card\" content=\"summary_large_image\" \/>\n<script type=\"application\/ld+json\" class=\"yoast-schema-graph\">{\"@context\":\"https:\/\/schema.org\",\"@graph\":[{\"@type\":\"WebPage\",\"@id\":\"https:\/\/www.lavillagardendesign.com\/fr\/product\/porto-rico-table-basse-carree\/\",\"url\":\"https:\/\/www.lavillagardendesign.com\/fr\/product\/porto-rico-table-basse-carree\/\",\"name\":\"PORTO RICO - Table basse carr\u00e9e - La Villa Garden&amp;Design\",\"isPartOf\":{\"@id\":\"https:\/\/www.lavillagardendesign.com\/#website\"},\"primaryImageOfPage\":{\"@id\":\"https:\/\/www.lavillagardendesign.com\/fr\/product\/porto-rico-table-basse-carree\/#primaryimage\"},\"image\":{\"@id\":\"https:\/\/www.lavillagardendesign.com\/fr\/product\/porto-rico-table-basse-carree\/#primaryimage\"},\"thumbnailUrl\":\"https:\/\/www.lavillagardendesign.com\/wp-content\/uploads\/2025\/12\/86-1.png\",\"datePublished\":\"2025-12-28T11:41:45+00:00\",\"dateModified\":\"2026-02-10T12:45:09+00:00\",\"breadcrumb\":{\"@id\":\"https:\/\/www.lavillagardendesign.com\/fr\/product\/porto-rico-table-basse-carree\/#breadcrumb\"},\"inLanguage\":\"fr-FR\",\"potentialAction\":[{\"@type\":\"ReadAction\",\"target\":[\"https:\/\/www.lavillagardendesign.com\/fr\/product\/porto-rico-table-basse-carree\/\"]}]},{\"@type\":\"ImageObject\",\"inLanguage\":\"fr-FR\",\"@id\":\"https:\/\/www.lavillagardendesign.com\/fr\/product\/porto-rico-table-basse-carree\/#primaryimage\",\"url\":\"https:\/\/www.lavillagardendesign.com\/wp-content\/uploads\/2025\/12\/86-1.png\",\"contentUrl\":\"https:\/\/www.lavillagardendesign.com\/wp-content\/uploads\/2025\/12\/86-1.png\",\"width\":700,\"height\":800},{\"@type\":\"BreadcrumbList\",\"@id\":\"https:\/\/www.lavillagardendesign.com\/fr\/product\/porto-rico-table-basse-carree\/#breadcrumb\",\"itemListElement\":[{\"@type\":\"ListItem\",\"position\":1,\"name\":\"Home\",\"item\":\"https:\/\/www.lavillagardendesign.com\/\"},{\"@type\":\"ListItem\",\"position\":2,\"name\":\"Boutique\",\"item\":\"https:\/\/www.lavillagardendesign.com\/fr\/boutique\/\"},{\"@type\":\"ListItem\",\"position\":3,\"name\":\"PORTO RICO &#8211; Table basse carr\u00e9e\"}]},{\"@type\":\"WebSite\",\"@id\":\"https:\/\/www.lavillagardendesign.com\/#website\",\"url\":\"https:\/\/www.lavillagardendesign.com\/\",\"name\":\"La Villa Garden&Design\",\"description\":\"\",\"publisher\":{\"@id\":\"https:\/\/www.lavillagardendesign.com\/#organization\"},\"potentialAction\":[{\"@type\":\"SearchAction\",\"target\":{\"@type\":\"EntryPoint\",\"urlTemplate\":\"https:\/\/www.lavillagardendesign.com\/?s={search_term_string}\"},\"query-input\":{\"@type\":\"PropertyValueSpecification\",\"valueRequired\":true,\"valueName\":\"search_term_string\"}}],\"inLanguage\":\"fr-FR\"},{\"@type\":\"Organization\",\"@id\":\"https:\/\/www.lavillagardendesign.com\/#organization\",\"name\":\"La Villa Garden&Design\",\"url\":\"https:\/\/www.lavillagardendesign.com\/\",\"logo\":{\"@type\":\"ImageObject\",\"inLanguage\":\"fr-FR\",\"@id\":\"https:\/\/www.lavillagardendesign.com\/#\/schema\/logo\/image\/\",\"url\":\"https:\/\/www.lavillagardendesign.com\/wp-content\/uploads\/2024\/04\/logolavilla.png\",\"contentUrl\":\"https:\/\/www.lavillagardendesign.com\/wp-content\/uploads\/2024\/04\/logolavilla.png\",\"width\":682,\"height\":391,\"caption\":\"La Villa Garden&Design\"},\"image\":{\"@id\":\"https:\/\/www.lavillagardendesign.com\/#\/schema\/logo\/image\/\"},\"sameAs\":[\"https:\/\/www.facebook.com\/lavillagardendesign\/\"]}]}<\/script>\n<!-- \/ Yoast SEO plugin. -->","yoast_head_json":{"title":"PORTO RICO - Table basse carr\u00e9e - La Villa Garden&amp;Design","robots":{"index":"index","follow":"follow","max-snippet":"max-snippet:-1","max-image-preview":"max-image-preview:large","max-video-preview":"max-video-preview:-1"},"canonical":"https:\/\/www.lavillagardendesign.com\/fr\/product\/porto-rico-table-basse-carree\/","og_locale":"fr_FR","og_type":"article","og_title":"PORTO RICO - Table basse carr\u00e9e - La Villa Garden&amp;Design","og_description":"Compl\u00e9tez votre salon modulaire avec la table basse PORTO RICO, une pi\u00e8ce d'architecture minimaliste con\u00e7ue pour les amateurs de design pur. Avec des dimensions de 94 x 94 cm, elle s'accorde g\u00e9om\u00e9triquement avec les canap\u00e9s de la m\u00eame collection, permettant des configurations sym\u00e9triques et \u00e9quilibr\u00e9es. Enti\u00e8rement r\u00e9alis\u00e9e en bois de teck certifi\u00e9 SVLK (issu de for\u00eats durables) avec une finition \u00e0 base d'eau, cette table se distingue par son profil bas de seulement 17 cm de hauteur. Ce design \"Low Profile\" est une tendance absolue dans le mobilier d'ext\u00e9rieur de luxe, offrant une esth\u00e9tique Lounge d\u00e9contract\u00e9e et permettant de ne pas obstruer la vue sur le jardin. C'est la surface id\u00e9ale pour poser des magazines, des plateaux ou des \u00e9l\u00e9ments d\u00e9coratifs qui mettent en valeur la beaut\u00e9 naturelle du grain du teck.","og_url":"https:\/\/www.lavillagardendesign.com\/fr\/product\/porto-rico-table-basse-carree\/","og_site_name":"La Villa Garden&amp;Design","article_publisher":"https:\/\/www.facebook.com\/lavillagardendesign\/","article_modified_time":"2026-02-10T12:45:09+00:00","og_image":[{"width":700,"height":800,"url":"https:\/\/www.lavillagardendesign.com\/wp-content\/uploads\/2025\/12\/86-1.png","type":"image\/png"}],"twitter_card":"summary_large_image","schema":{"@context":"https:\/\/schema.org","@graph":[{"@type":"WebPage","@id":"https:\/\/www.lavillagardendesign.com\/fr\/product\/porto-rico-table-basse-carree\/","url":"https:\/\/www.lavillagardendesign.com\/fr\/product\/porto-rico-table-basse-carree\/","name":"PORTO RICO - Table basse carr\u00e9e - La Villa Garden&amp;Design","isPartOf":{"@id":"https:\/\/www.lavillagardendesign.com\/#website"},"primaryImageOfPage":{"@id":"https:\/\/www.lavillagardendesign.com\/fr\/product\/porto-rico-table-basse-carree\/#primaryimage"},"image":{"@id":"https:\/\/www.lavillagardendesign.com\/fr\/product\/porto-rico-table-basse-carree\/#primaryimage"},"thumbnailUrl":"https:\/\/www.lavillagardendesign.com\/wp-content\/uploads\/2025\/12\/86-1.png","datePublished":"2025-12-28T11:41:45+00:00","dateModified":"2026-02-10T12:45:09+00:00","breadcrumb":{"@id":"https:\/\/www.lavillagardendesign.com\/fr\/product\/porto-rico-table-basse-carree\/#breadcrumb"},"inLanguage":"fr-FR","potentialAction":[{"@type":"ReadAction","target":["https:\/\/www.lavillagardendesign.com\/fr\/product\/porto-rico-table-basse-carree\/"]}]},{"@type":"ImageObject","inLanguage":"fr-FR","@id":"https:\/\/www.lavillagardendesign.com\/fr\/product\/porto-rico-table-basse-carree\/#primaryimage","url":"https:\/\/www.lavillagardendesign.com\/wp-content\/uploads\/2025\/12\/86-1.png","contentUrl":"https:\/\/www.lavillagardendesign.com\/wp-content\/uploads\/2025\/12\/86-1.png","width":700,"height":800},{"@type":"BreadcrumbList","@id":"https:\/\/www.lavillagardendesign.com\/fr\/product\/porto-rico-table-basse-carree\/#breadcrumb","itemListElement":[{"@type":"ListItem","position":1,"name":"Home","item":"https:\/\/www.lavillagardendesign.com\/"},{"@type":"ListItem","position":2,"name":"Boutique","item":"https:\/\/www.lavillagardendesign.com\/fr\/boutique\/"},{"@type":"ListItem","position":3,"name":"PORTO RICO &#8211; Table basse carr\u00e9e"}]},{"@type":"WebSite","@id":"https:\/\/www.lavillagardendesign.com\/#website","url":"https:\/\/www.lavillagardendesign.com\/","name":"La Villa Garden&Design","description":"","publisher":{"@id":"https:\/\/www.lavillagardendesign.com\/#organization"},"potentialAction":[{"@type":"SearchAction","target":{"@type":"EntryPoint","urlTemplate":"https:\/\/www.lavillagardendesign.com\/?s={search_term_string}"},"query-input":{"@type":"PropertyValueSpecification","valueRequired":true,"valueName":"search_term_string"}}],"inLanguage":"fr-FR"},{"@type":"Organization","@id":"https:\/\/www.lavillagardendesign.com\/#organization","name":"La Villa Garden&Design","url":"https:\/\/www.lavillagardendesign.com\/","logo":{"@type":"ImageObject","inLanguage":"fr-FR","@id":"https:\/\/www.lavillagardendesign.com\/#\/schema\/logo\/image\/","url":"https:\/\/www.lavillagardendesign.com\/wp-content\/uploads\/2024\/04\/logolavilla.png","contentUrl":"https:\/\/www.lavillagardendesign.com\/wp-content\/uploads\/2024\/04\/logolavilla.png","width":682,"height":391,"caption":"La Villa Garden&Design"},"image":{"@id":"https:\/\/www.lavillagardendesign.com\/#\/schema\/logo\/image\/"},"sameAs":["https:\/\/www.facebook.com\/lavillagardendesign\/"]}]}},"_links":{"self":[{"href":"https:\/\/www.lavillagardendesign.com\/fr\/wp-json\/wp\/v2\/product\/59975","targetHints":{"allow":["GET"]}}],"collection":[{"href":"https:\/\/www.lavillagardendesign.com\/fr\/wp-json\/wp\/v2\/product"}],"about":[{"href":"https:\/\/www.lavillagardendesign.com\/fr\/wp-json\/wp\/v2\/types\/product"}],"replies":[{"embeddable":true,"href":"https:\/\/www.lavillagardendesign.com\/fr\/wp-json\/wp\/v2\/comments?post=59975"}],"version-history":[{"count":1,"href":"https:\/\/www.lavillagardendesign.com\/fr\/wp-json\/wp\/v2\/product\/59975\/revisions"}],"predecessor-version":[{"id":62390,"href":"https:\/\/www.lavillagardendesign.com\/fr\/wp-json\/wp\/v2\/product\/59975\/revisions\/62390"}],"wp:featuredmedia":[{"embeddable":true,"href":"https:\/\/www.lavillagardendesign.com\/fr\/wp-json\/wp\/v2\/media\/59871"}],"wp:attachment":[{"href":"https:\/\/www.lavillagardendesign.com\/fr\/wp-json\/wp\/v2\/media?parent=59975"}],"wp:term":[{"taxonomy":"product_brand","embeddable":true,"href":"https:\/\/www.lavillagardendesign.com\/fr\/wp-json\/wp\/v2\/product_brand?post=59975"},{"taxonomy":"product_cat","embeddable":true,"href":"https:\/\/www.lavillagardendesign.com\/fr\/wp-json\/wp\/v2\/product_cat?post=59975"},{"taxonomy":"product_tag","embeddable":true,"href":"https:\/\/www.lavillagardendesign.com\/fr\/wp-json\/wp\/v2\/product_tag?post=59975"}],"curies":[{"name":"wp","href":"https:\/\/api.w.org\/{rel}","templated":true}]}}