{"id":59970,"date":"2025-12-28T12:41:46","date_gmt":"2025-12-28T11:41:46","guid":{"rendered":"https:\/\/www.lavillagardendesign.com\/product\/portofino-table-reglable-up-down\/"},"modified":"2026-02-10T14:45:10","modified_gmt":"2026-02-10T12:45:10","slug":"portofino-table-reglable-up-down","status":"publish","type":"product","link":"https:\/\/www.lavillagardendesign.com\/fr\/product\/portofino-table-reglable-up-down\/","title":{"rendered":"PORTOFINO &#8211; Table r\u00e9glable \u00ab\u00a0Up &amp; Down"},"content":{"rendered":"","protected":false},"excerpt":{"rendered":"<p>La table r\u00e9glable PORTOFINO est la pi\u00e8ce ma\u00eetresse qui transforme votre terrasse en un espace multifonctionnel haut de gamme. Con\u00e7ue pour compl\u00e9ter parfaitement les canap\u00e9s de la m\u00eame collection, cette table est dot\u00e9e d&rsquo;un astucieux syst\u00e8me de r\u00e9glage de la hauteur par levier, vous permettant de passer d&rsquo;une table basse (51 cm) \u00e0 une table de salle \u00e0 manger (72 cm) en quelques secondes. Son excellence technique r\u00e9side dans les mat\u00e9riaux : une structure en aluminium rev\u00eatue d&rsquo;une poudre de polyester supporte un plateau en pierre fritt\u00e9e de 11 mm d&rsquo;\u00e9paisseur. Ce mat\u00e9riau, sup\u00e9rieur \u00e0 la c\u00e9ramique traditionnelle, offre une r\u00e9sistance totale aux rayures, \u00e0 la chaleur et aux taches. Disponible en deux finitions pour s&rsquo;harmoniser avec votre salon : Anthracite (avec plateau en pierre fonc\u00e9e) et P\u00e9lican (sable, avec plateau en pierre claire).    <\/p>\n","protected":false},"featured_media":59664,"comment_status":"open","ping_status":"closed","template":"","meta":[],"product_brand":[4998],"product_cat":[6832,2944,2947,5658],"product_tag":[],"class_list":{"0":"post-59970","1":"product","2":"type-product","3":"status-publish","4":"has-post-thumbnail","6":"product_brand-la-villa","7":"product_cat-outdoor-fr","8":"product_cat-tables-fr","9":"product_cat-tables-hautes-bars","10":"product_cat-promos-web","12":"first","13":"instock","14":"sale","15":"taxable","16":"shipping-taxable","17":"purchasable","18":"product-type-variable"},"yoast_head":"<!-- This site is optimized with the Yoast SEO plugin v27.1.1 - https:\/\/yoast.com\/product\/yoast-seo-wordpress\/ -->\n<title>PORTOFINO - Table r\u00e9glable &quot;Up &amp; Down - La Villa Garden&amp;Design<\/title>\n<meta name=\"description\" content=\"Table de jardin PORTOFINO r\u00e9glable en hauteur (51-72cm). Plateau en pierre fritt\u00e9e r\u00e9sistante. Disponible en Anthracite et P\u00e9lican.\" \/>\n<meta name=\"robots\" content=\"index, follow, max-snippet:-1, max-image-preview:large, max-video-preview:-1\" \/>\n<link rel=\"canonical\" href=\"https:\/\/www.lavillagardendesign.com\/fr\/product\/portofino-table-reglable-up-down\/\" \/>\n<meta property=\"og:locale\" content=\"fr_FR\" \/>\n<meta property=\"og:type\" content=\"article\" \/>\n<meta property=\"og:title\" content=\"PORTOFINO - Table r\u00e9glable &quot;Up &amp; Down - La Villa Garden&amp;Design\" \/>\n<meta property=\"og:description\" content=\"Table de jardin PORTOFINO r\u00e9glable en hauteur (51-72cm). Plateau en pierre fritt\u00e9e r\u00e9sistante. Disponible en Anthracite et P\u00e9lican.\" \/>\n<meta property=\"og:url\" content=\"https:\/\/www.lavillagardendesign.com\/fr\/product\/portofino-table-reglable-up-down\/\" \/>\n<meta property=\"og:site_name\" content=\"La Villa Garden&amp;Design\" \/>\n<meta property=\"article:publisher\" content=\"https:\/\/www.facebook.com\/lavillagardendesign\/\" \/>\n<meta property=\"article:modified_time\" content=\"2026-02-10T12:45:10+00:00\" \/>\n<meta property=\"og:image\" content=\"https:\/\/www.lavillagardendesign.com\/wp-content\/uploads\/2025\/12\/25.png\" \/>\n\t<meta property=\"og:image:width\" content=\"700\" \/>\n\t<meta property=\"og:image:height\" content=\"800\" \/>\n\t<meta property=\"og:image:type\" content=\"image\/png\" \/>\n<meta name=\"twitter:card\" content=\"summary_large_image\" \/>\n<script type=\"application\/ld+json\" class=\"yoast-schema-graph\">{\"@context\":\"https:\/\/schema.org\",\"@graph\":[{\"@type\":\"WebPage\",\"@id\":\"https:\/\/www.lavillagardendesign.com\/fr\/product\/portofino-table-reglable-up-down\/\",\"url\":\"https:\/\/www.lavillagardendesign.com\/fr\/product\/portofino-table-reglable-up-down\/\",\"name\":\"PORTOFINO - Table r\u00e9glable \\\"Up &amp; Down - La Villa Garden&amp;Design\",\"isPartOf\":{\"@id\":\"https:\/\/www.lavillagardendesign.com\/#website\"},\"primaryImageOfPage\":{\"@id\":\"https:\/\/www.lavillagardendesign.com\/fr\/product\/portofino-table-reglable-up-down\/#primaryimage\"},\"image\":{\"@id\":\"https:\/\/www.lavillagardendesign.com\/fr\/product\/portofino-table-reglable-up-down\/#primaryimage\"},\"thumbnailUrl\":\"https:\/\/www.lavillagardendesign.com\/wp-content\/uploads\/2025\/12\/25.png\",\"datePublished\":\"2025-12-28T11:41:46+00:00\",\"dateModified\":\"2026-02-10T12:45:10+00:00\",\"description\":\"Table de jardin PORTOFINO r\u00e9glable en hauteur (51-72cm). Plateau en pierre fritt\u00e9e r\u00e9sistante. Disponible en Anthracite et P\u00e9lican.\",\"breadcrumb\":{\"@id\":\"https:\/\/www.lavillagardendesign.com\/fr\/product\/portofino-table-reglable-up-down\/#breadcrumb\"},\"inLanguage\":\"fr-FR\",\"potentialAction\":[{\"@type\":\"ReadAction\",\"target\":[\"https:\/\/www.lavillagardendesign.com\/fr\/product\/portofino-table-reglable-up-down\/\"]}]},{\"@type\":\"ImageObject\",\"inLanguage\":\"fr-FR\",\"@id\":\"https:\/\/www.lavillagardendesign.com\/fr\/product\/portofino-table-reglable-up-down\/#primaryimage\",\"url\":\"https:\/\/www.lavillagardendesign.com\/wp-content\/uploads\/2025\/12\/25.png\",\"contentUrl\":\"https:\/\/www.lavillagardendesign.com\/wp-content\/uploads\/2025\/12\/25.png\",\"width\":700,\"height\":800},{\"@type\":\"BreadcrumbList\",\"@id\":\"https:\/\/www.lavillagardendesign.com\/fr\/product\/portofino-table-reglable-up-down\/#breadcrumb\",\"itemListElement\":[{\"@type\":\"ListItem\",\"position\":1,\"name\":\"Home\",\"item\":\"https:\/\/www.lavillagardendesign.com\/\"},{\"@type\":\"ListItem\",\"position\":2,\"name\":\"Boutique\",\"item\":\"https:\/\/www.lavillagardendesign.com\/fr\/boutique\/\"},{\"@type\":\"ListItem\",\"position\":3,\"name\":\"PORTOFINO &#8211; Table r\u00e9glable \u00ab\u00a0Up &amp; Down\"}]},{\"@type\":\"WebSite\",\"@id\":\"https:\/\/www.lavillagardendesign.com\/#website\",\"url\":\"https:\/\/www.lavillagardendesign.com\/\",\"name\":\"La Villa Garden&Design\",\"description\":\"\",\"publisher\":{\"@id\":\"https:\/\/www.lavillagardendesign.com\/#organization\"},\"potentialAction\":[{\"@type\":\"SearchAction\",\"target\":{\"@type\":\"EntryPoint\",\"urlTemplate\":\"https:\/\/www.lavillagardendesign.com\/?s={search_term_string}\"},\"query-input\":{\"@type\":\"PropertyValueSpecification\",\"valueRequired\":true,\"valueName\":\"search_term_string\"}}],\"inLanguage\":\"fr-FR\"},{\"@type\":\"Organization\",\"@id\":\"https:\/\/www.lavillagardendesign.com\/#organization\",\"name\":\"La Villa Garden&Design\",\"url\":\"https:\/\/www.lavillagardendesign.com\/\",\"logo\":{\"@type\":\"ImageObject\",\"inLanguage\":\"fr-FR\",\"@id\":\"https:\/\/www.lavillagardendesign.com\/#\/schema\/logo\/image\/\",\"url\":\"https:\/\/www.lavillagardendesign.com\/wp-content\/uploads\/2024\/04\/logolavilla.png\",\"contentUrl\":\"https:\/\/www.lavillagardendesign.com\/wp-content\/uploads\/2024\/04\/logolavilla.png\",\"width\":682,\"height\":391,\"caption\":\"La Villa Garden&Design\"},\"image\":{\"@id\":\"https:\/\/www.lavillagardendesign.com\/#\/schema\/logo\/image\/\"},\"sameAs\":[\"https:\/\/www.facebook.com\/lavillagardendesign\/\"]}]}<\/script>\n<!-- \/ Yoast SEO plugin. -->","yoast_head_json":{"title":"PORTOFINO - Table r\u00e9glable \"Up &amp; Down - La Villa Garden&amp;Design","description":"Table de jardin PORTOFINO r\u00e9glable en hauteur (51-72cm). Plateau en pierre fritt\u00e9e r\u00e9sistante. Disponible en Anthracite et P\u00e9lican.","robots":{"index":"index","follow":"follow","max-snippet":"max-snippet:-1","max-image-preview":"max-image-preview:large","max-video-preview":"max-video-preview:-1"},"canonical":"https:\/\/www.lavillagardendesign.com\/fr\/product\/portofino-table-reglable-up-down\/","og_locale":"fr_FR","og_type":"article","og_title":"PORTOFINO - Table r\u00e9glable \"Up &amp; Down - La Villa Garden&amp;Design","og_description":"Table de jardin PORTOFINO r\u00e9glable en hauteur (51-72cm). Plateau en pierre fritt\u00e9e r\u00e9sistante. Disponible en Anthracite et P\u00e9lican.","og_url":"https:\/\/www.lavillagardendesign.com\/fr\/product\/portofino-table-reglable-up-down\/","og_site_name":"La Villa Garden&amp;Design","article_publisher":"https:\/\/www.facebook.com\/lavillagardendesign\/","article_modified_time":"2026-02-10T12:45:10+00:00","og_image":[{"width":700,"height":800,"url":"https:\/\/www.lavillagardendesign.com\/wp-content\/uploads\/2025\/12\/25.png","type":"image\/png"}],"twitter_card":"summary_large_image","schema":{"@context":"https:\/\/schema.org","@graph":[{"@type":"WebPage","@id":"https:\/\/www.lavillagardendesign.com\/fr\/product\/portofino-table-reglable-up-down\/","url":"https:\/\/www.lavillagardendesign.com\/fr\/product\/portofino-table-reglable-up-down\/","name":"PORTOFINO - Table r\u00e9glable \"Up &amp; Down - La Villa Garden&amp;Design","isPartOf":{"@id":"https:\/\/www.lavillagardendesign.com\/#website"},"primaryImageOfPage":{"@id":"https:\/\/www.lavillagardendesign.com\/fr\/product\/portofino-table-reglable-up-down\/#primaryimage"},"image":{"@id":"https:\/\/www.lavillagardendesign.com\/fr\/product\/portofino-table-reglable-up-down\/#primaryimage"},"thumbnailUrl":"https:\/\/www.lavillagardendesign.com\/wp-content\/uploads\/2025\/12\/25.png","datePublished":"2025-12-28T11:41:46+00:00","dateModified":"2026-02-10T12:45:10+00:00","description":"Table de jardin PORTOFINO r\u00e9glable en hauteur (51-72cm). Plateau en pierre fritt\u00e9e r\u00e9sistante. Disponible en Anthracite et P\u00e9lican.","breadcrumb":{"@id":"https:\/\/www.lavillagardendesign.com\/fr\/product\/portofino-table-reglable-up-down\/#breadcrumb"},"inLanguage":"fr-FR","potentialAction":[{"@type":"ReadAction","target":["https:\/\/www.lavillagardendesign.com\/fr\/product\/portofino-table-reglable-up-down\/"]}]},{"@type":"ImageObject","inLanguage":"fr-FR","@id":"https:\/\/www.lavillagardendesign.com\/fr\/product\/portofino-table-reglable-up-down\/#primaryimage","url":"https:\/\/www.lavillagardendesign.com\/wp-content\/uploads\/2025\/12\/25.png","contentUrl":"https:\/\/www.lavillagardendesign.com\/wp-content\/uploads\/2025\/12\/25.png","width":700,"height":800},{"@type":"BreadcrumbList","@id":"https:\/\/www.lavillagardendesign.com\/fr\/product\/portofino-table-reglable-up-down\/#breadcrumb","itemListElement":[{"@type":"ListItem","position":1,"name":"Home","item":"https:\/\/www.lavillagardendesign.com\/"},{"@type":"ListItem","position":2,"name":"Boutique","item":"https:\/\/www.lavillagardendesign.com\/fr\/boutique\/"},{"@type":"ListItem","position":3,"name":"PORTOFINO &#8211; Table r\u00e9glable \u00ab\u00a0Up &amp; Down"}]},{"@type":"WebSite","@id":"https:\/\/www.lavillagardendesign.com\/#website","url":"https:\/\/www.lavillagardendesign.com\/","name":"La Villa Garden&Design","description":"","publisher":{"@id":"https:\/\/www.lavillagardendesign.com\/#organization"},"potentialAction":[{"@type":"SearchAction","target":{"@type":"EntryPoint","urlTemplate":"https:\/\/www.lavillagardendesign.com\/?s={search_term_string}"},"query-input":{"@type":"PropertyValueSpecification","valueRequired":true,"valueName":"search_term_string"}}],"inLanguage":"fr-FR"},{"@type":"Organization","@id":"https:\/\/www.lavillagardendesign.com\/#organization","name":"La Villa Garden&Design","url":"https:\/\/www.lavillagardendesign.com\/","logo":{"@type":"ImageObject","inLanguage":"fr-FR","@id":"https:\/\/www.lavillagardendesign.com\/#\/schema\/logo\/image\/","url":"https:\/\/www.lavillagardendesign.com\/wp-content\/uploads\/2024\/04\/logolavilla.png","contentUrl":"https:\/\/www.lavillagardendesign.com\/wp-content\/uploads\/2024\/04\/logolavilla.png","width":682,"height":391,"caption":"La Villa Garden&Design"},"image":{"@id":"https:\/\/www.lavillagardendesign.com\/#\/schema\/logo\/image\/"},"sameAs":["https:\/\/www.facebook.com\/lavillagardendesign\/"]}]}},"_links":{"self":[{"href":"https:\/\/www.lavillagardendesign.com\/fr\/wp-json\/wp\/v2\/product\/59970","targetHints":{"allow":["GET"]}}],"collection":[{"href":"https:\/\/www.lavillagardendesign.com\/fr\/wp-json\/wp\/v2\/product"}],"about":[{"href":"https:\/\/www.lavillagardendesign.com\/fr\/wp-json\/wp\/v2\/types\/product"}],"replies":[{"embeddable":true,"href":"https:\/\/www.lavillagardendesign.com\/fr\/wp-json\/wp\/v2\/comments?post=59970"}],"version-history":[{"count":1,"href":"https:\/\/www.lavillagardendesign.com\/fr\/wp-json\/wp\/v2\/product\/59970\/revisions"}],"predecessor-version":[{"id":62358,"href":"https:\/\/www.lavillagardendesign.com\/fr\/wp-json\/wp\/v2\/product\/59970\/revisions\/62358"}],"wp:featuredmedia":[{"embeddable":true,"href":"https:\/\/www.lavillagardendesign.com\/fr\/wp-json\/wp\/v2\/media\/59664"}],"wp:attachment":[{"href":"https:\/\/www.lavillagardendesign.com\/fr\/wp-json\/wp\/v2\/media?parent=59970"}],"wp:term":[{"taxonomy":"product_brand","embeddable":true,"href":"https:\/\/www.lavillagardendesign.com\/fr\/wp-json\/wp\/v2\/product_brand?post=59970"},{"taxonomy":"product_cat","embeddable":true,"href":"https:\/\/www.lavillagardendesign.com\/fr\/wp-json\/wp\/v2\/product_cat?post=59970"},{"taxonomy":"product_tag","embeddable":true,"href":"https:\/\/www.lavillagardendesign.com\/fr\/wp-json\/wp\/v2\/product_tag?post=59970"}],"curies":[{"name":"wp","href":"https:\/\/api.w.org\/{rel}","templated":true}]}}