{"id":59960,"date":"2025-12-28T12:41:45","date_gmt":"2025-12-28T11:41:45","guid":{"rendered":"https:\/\/www.lavillagardendesign.com\/product\/porto-rico-table-de-salle-a-manger-extensible\/"},"modified":"2026-02-10T14:45:11","modified_gmt":"2026-02-10T12:45:11","slug":"porto-rico-table-de-salle-a-manger-extensible","status":"publish","type":"product","link":"https:\/\/www.lavillagardendesign.com\/fr\/product\/porto-rico-table-de-salle-a-manger-extensible\/","title":{"rendered":"PORTO RICO &#8211; Table de salle \u00e0 manger extensible"},"content":{"rendered":"","protected":false},"excerpt":{"rendered":"<p>Pr\u00e9sidez votre jardin avec l&rsquo;autorit\u00e9 et la noblesse de la table extensible PORTO RICO. Cette pi\u00e8ce monumentale est sculpt\u00e9e dans du bois de teck Grade A, la cat\u00e9gorie la plus \u00e9lev\u00e9e du march\u00e9, obtenu au c\u0153ur du tronc pour garantir une absence totale de n\u0153uds et une richesse exceptionnelle en huiles naturelles protectrices. Sa fabrication m\u00e9canique de haute pr\u00e9cision assure des finitions parfaites et un glissement fluide de son syst\u00e8me d&rsquo;extension, permettant \u00e0 la table de passer de 220 cm \u00e0 300 cm sans effort. La structure repose sur quatre impressionnants pieds massifs de 10&#215;10 cm, ce qui lui conf\u00e8re une stabilit\u00e9 in\u00e9branlable et une esth\u00e9tique robuste et intemporelle. Elle est certifi\u00e9e SVLK (bois issu de for\u00eats g\u00e9r\u00e9es durablement) et sa quincaillerie est en acier inoxydable.    <\/p>\n","protected":false},"featured_media":59859,"comment_status":"open","ping_status":"closed","template":"","meta":[],"product_brand":[4998],"product_cat":[6832,2944,2946],"product_tag":[],"class_list":{"0":"post-59960","1":"product","2":"type-product","3":"status-publish","4":"has-post-thumbnail","6":"product_brand-la-villa","7":"product_cat-outdoor-fr","8":"product_cat-tables-fr","9":"product_cat-tables-repas","11":"first","12":"instock","13":"sale","14":"taxable","15":"shipping-taxable","16":"purchasable","17":"product-type-simple"},"yoast_head":"<!-- This site is optimized with the Yoast SEO plugin v27.1.1 - https:\/\/yoast.com\/product\/yoast-seo-wordpress\/ -->\n<title>PORTO RICO - Table de salle \u00e0 manger extensible - La Villa Garden&amp;Design<\/title>\n<meta name=\"robots\" content=\"index, follow, max-snippet:-1, max-image-preview:large, max-video-preview:-1\" \/>\n<link rel=\"canonical\" href=\"https:\/\/www.lavillagardendesign.com\/fr\/product\/porto-rico-table-de-salle-a-manger-extensible\/\" \/>\n<meta property=\"og:locale\" content=\"fr_FR\" \/>\n<meta property=\"og:type\" content=\"article\" \/>\n<meta property=\"og:title\" content=\"PORTO RICO - Table de salle \u00e0 manger extensible - La Villa Garden&amp;Design\" \/>\n<meta property=\"og:description\" content=\"Pr\u00e9sidez votre jardin avec l&#039;autorit\u00e9 et la noblesse de la table extensible PORTO RICO. Cette pi\u00e8ce monumentale est sculpt\u00e9e dans du bois de teck Grade A, la cat\u00e9gorie la plus \u00e9lev\u00e9e du march\u00e9, obtenu au c\u0153ur du tronc pour garantir une absence totale de n\u0153uds et une richesse exceptionnelle en huiles naturelles protectrices. Sa fabrication m\u00e9canique de haute pr\u00e9cision assure des finitions parfaites et un glissement fluide de son syst\u00e8me d&#039;extension, permettant \u00e0 la table de passer de 220 cm \u00e0 300 cm sans effort. La structure repose sur quatre impressionnants pieds massifs de 10x10 cm, ce qui lui conf\u00e8re une stabilit\u00e9 in\u00e9branlable et une esth\u00e9tique robuste et intemporelle. Elle est certifi\u00e9e SVLK (bois issu de for\u00eats g\u00e9r\u00e9es durablement) et sa quincaillerie est en acier inoxydable.\" \/>\n<meta property=\"og:url\" content=\"https:\/\/www.lavillagardendesign.com\/fr\/product\/porto-rico-table-de-salle-a-manger-extensible\/\" \/>\n<meta property=\"og:site_name\" content=\"La Villa Garden&amp;Design\" \/>\n<meta property=\"article:publisher\" content=\"https:\/\/www.facebook.com\/lavillagardendesign\/\" \/>\n<meta property=\"article:modified_time\" content=\"2026-02-10T12:45:11+00:00\" \/>\n<meta property=\"og:image\" content=\"https:\/\/www.lavillagardendesign.com\/wp-content\/uploads\/2025\/12\/83.png\" \/>\n\t<meta property=\"og:image:width\" content=\"700\" \/>\n\t<meta property=\"og:image:height\" content=\"800\" \/>\n\t<meta property=\"og:image:type\" content=\"image\/png\" \/>\n<meta name=\"twitter:card\" content=\"summary_large_image\" \/>\n<script type=\"application\/ld+json\" class=\"yoast-schema-graph\">{\"@context\":\"https:\/\/schema.org\",\"@graph\":[{\"@type\":\"WebPage\",\"@id\":\"https:\/\/www.lavillagardendesign.com\/fr\/product\/porto-rico-table-de-salle-a-manger-extensible\/\",\"url\":\"https:\/\/www.lavillagardendesign.com\/fr\/product\/porto-rico-table-de-salle-a-manger-extensible\/\",\"name\":\"PORTO RICO - Table de salle \u00e0 manger extensible - La Villa Garden&amp;Design\",\"isPartOf\":{\"@id\":\"https:\/\/www.lavillagardendesign.com\/#website\"},\"primaryImageOfPage\":{\"@id\":\"https:\/\/www.lavillagardendesign.com\/fr\/product\/porto-rico-table-de-salle-a-manger-extensible\/#primaryimage\"},\"image\":{\"@id\":\"https:\/\/www.lavillagardendesign.com\/fr\/product\/porto-rico-table-de-salle-a-manger-extensible\/#primaryimage\"},\"thumbnailUrl\":\"https:\/\/www.lavillagardendesign.com\/wp-content\/uploads\/2025\/12\/83.png\",\"datePublished\":\"2025-12-28T11:41:45+00:00\",\"dateModified\":\"2026-02-10T12:45:11+00:00\",\"breadcrumb\":{\"@id\":\"https:\/\/www.lavillagardendesign.com\/fr\/product\/porto-rico-table-de-salle-a-manger-extensible\/#breadcrumb\"},\"inLanguage\":\"fr-FR\",\"potentialAction\":[{\"@type\":\"ReadAction\",\"target\":[\"https:\/\/www.lavillagardendesign.com\/fr\/product\/porto-rico-table-de-salle-a-manger-extensible\/\"]}]},{\"@type\":\"ImageObject\",\"inLanguage\":\"fr-FR\",\"@id\":\"https:\/\/www.lavillagardendesign.com\/fr\/product\/porto-rico-table-de-salle-a-manger-extensible\/#primaryimage\",\"url\":\"https:\/\/www.lavillagardendesign.com\/wp-content\/uploads\/2025\/12\/83.png\",\"contentUrl\":\"https:\/\/www.lavillagardendesign.com\/wp-content\/uploads\/2025\/12\/83.png\",\"width\":700,\"height\":800},{\"@type\":\"BreadcrumbList\",\"@id\":\"https:\/\/www.lavillagardendesign.com\/fr\/product\/porto-rico-table-de-salle-a-manger-extensible\/#breadcrumb\",\"itemListElement\":[{\"@type\":\"ListItem\",\"position\":1,\"name\":\"Home\",\"item\":\"https:\/\/www.lavillagardendesign.com\/\"},{\"@type\":\"ListItem\",\"position\":2,\"name\":\"Boutique\",\"item\":\"https:\/\/www.lavillagardendesign.com\/fr\/boutique\/\"},{\"@type\":\"ListItem\",\"position\":3,\"name\":\"PORTO RICO &#8211; Table de salle \u00e0 manger extensible\"}]},{\"@type\":\"WebSite\",\"@id\":\"https:\/\/www.lavillagardendesign.com\/#website\",\"url\":\"https:\/\/www.lavillagardendesign.com\/\",\"name\":\"La Villa Garden&Design\",\"description\":\"\",\"publisher\":{\"@id\":\"https:\/\/www.lavillagardendesign.com\/#organization\"},\"potentialAction\":[{\"@type\":\"SearchAction\",\"target\":{\"@type\":\"EntryPoint\",\"urlTemplate\":\"https:\/\/www.lavillagardendesign.com\/?s={search_term_string}\"},\"query-input\":{\"@type\":\"PropertyValueSpecification\",\"valueRequired\":true,\"valueName\":\"search_term_string\"}}],\"inLanguage\":\"fr-FR\"},{\"@type\":\"Organization\",\"@id\":\"https:\/\/www.lavillagardendesign.com\/#organization\",\"name\":\"La Villa Garden&Design\",\"url\":\"https:\/\/www.lavillagardendesign.com\/\",\"logo\":{\"@type\":\"ImageObject\",\"inLanguage\":\"fr-FR\",\"@id\":\"https:\/\/www.lavillagardendesign.com\/#\/schema\/logo\/image\/\",\"url\":\"https:\/\/www.lavillagardendesign.com\/wp-content\/uploads\/2024\/04\/logolavilla.png\",\"contentUrl\":\"https:\/\/www.lavillagardendesign.com\/wp-content\/uploads\/2024\/04\/logolavilla.png\",\"width\":682,\"height\":391,\"caption\":\"La Villa Garden&Design\"},\"image\":{\"@id\":\"https:\/\/www.lavillagardendesign.com\/#\/schema\/logo\/image\/\"},\"sameAs\":[\"https:\/\/www.facebook.com\/lavillagardendesign\/\"]}]}<\/script>\n<!-- \/ Yoast SEO plugin. -->","yoast_head_json":{"title":"PORTO RICO - Table de salle \u00e0 manger extensible - La Villa Garden&amp;Design","robots":{"index":"index","follow":"follow","max-snippet":"max-snippet:-1","max-image-preview":"max-image-preview:large","max-video-preview":"max-video-preview:-1"},"canonical":"https:\/\/www.lavillagardendesign.com\/fr\/product\/porto-rico-table-de-salle-a-manger-extensible\/","og_locale":"fr_FR","og_type":"article","og_title":"PORTO RICO - Table de salle \u00e0 manger extensible - La Villa Garden&amp;Design","og_description":"Pr\u00e9sidez votre jardin avec l'autorit\u00e9 et la noblesse de la table extensible PORTO RICO. Cette pi\u00e8ce monumentale est sculpt\u00e9e dans du bois de teck Grade A, la cat\u00e9gorie la plus \u00e9lev\u00e9e du march\u00e9, obtenu au c\u0153ur du tronc pour garantir une absence totale de n\u0153uds et une richesse exceptionnelle en huiles naturelles protectrices. Sa fabrication m\u00e9canique de haute pr\u00e9cision assure des finitions parfaites et un glissement fluide de son syst\u00e8me d'extension, permettant \u00e0 la table de passer de 220 cm \u00e0 300 cm sans effort. La structure repose sur quatre impressionnants pieds massifs de 10x10 cm, ce qui lui conf\u00e8re une stabilit\u00e9 in\u00e9branlable et une esth\u00e9tique robuste et intemporelle. Elle est certifi\u00e9e SVLK (bois issu de for\u00eats g\u00e9r\u00e9es durablement) et sa quincaillerie est en acier inoxydable.","og_url":"https:\/\/www.lavillagardendesign.com\/fr\/product\/porto-rico-table-de-salle-a-manger-extensible\/","og_site_name":"La Villa Garden&amp;Design","article_publisher":"https:\/\/www.facebook.com\/lavillagardendesign\/","article_modified_time":"2026-02-10T12:45:11+00:00","og_image":[{"width":700,"height":800,"url":"https:\/\/www.lavillagardendesign.com\/wp-content\/uploads\/2025\/12\/83.png","type":"image\/png"}],"twitter_card":"summary_large_image","schema":{"@context":"https:\/\/schema.org","@graph":[{"@type":"WebPage","@id":"https:\/\/www.lavillagardendesign.com\/fr\/product\/porto-rico-table-de-salle-a-manger-extensible\/","url":"https:\/\/www.lavillagardendesign.com\/fr\/product\/porto-rico-table-de-salle-a-manger-extensible\/","name":"PORTO RICO - Table de salle \u00e0 manger extensible - La Villa Garden&amp;Design","isPartOf":{"@id":"https:\/\/www.lavillagardendesign.com\/#website"},"primaryImageOfPage":{"@id":"https:\/\/www.lavillagardendesign.com\/fr\/product\/porto-rico-table-de-salle-a-manger-extensible\/#primaryimage"},"image":{"@id":"https:\/\/www.lavillagardendesign.com\/fr\/product\/porto-rico-table-de-salle-a-manger-extensible\/#primaryimage"},"thumbnailUrl":"https:\/\/www.lavillagardendesign.com\/wp-content\/uploads\/2025\/12\/83.png","datePublished":"2025-12-28T11:41:45+00:00","dateModified":"2026-02-10T12:45:11+00:00","breadcrumb":{"@id":"https:\/\/www.lavillagardendesign.com\/fr\/product\/porto-rico-table-de-salle-a-manger-extensible\/#breadcrumb"},"inLanguage":"fr-FR","potentialAction":[{"@type":"ReadAction","target":["https:\/\/www.lavillagardendesign.com\/fr\/product\/porto-rico-table-de-salle-a-manger-extensible\/"]}]},{"@type":"ImageObject","inLanguage":"fr-FR","@id":"https:\/\/www.lavillagardendesign.com\/fr\/product\/porto-rico-table-de-salle-a-manger-extensible\/#primaryimage","url":"https:\/\/www.lavillagardendesign.com\/wp-content\/uploads\/2025\/12\/83.png","contentUrl":"https:\/\/www.lavillagardendesign.com\/wp-content\/uploads\/2025\/12\/83.png","width":700,"height":800},{"@type":"BreadcrumbList","@id":"https:\/\/www.lavillagardendesign.com\/fr\/product\/porto-rico-table-de-salle-a-manger-extensible\/#breadcrumb","itemListElement":[{"@type":"ListItem","position":1,"name":"Home","item":"https:\/\/www.lavillagardendesign.com\/"},{"@type":"ListItem","position":2,"name":"Boutique","item":"https:\/\/www.lavillagardendesign.com\/fr\/boutique\/"},{"@type":"ListItem","position":3,"name":"PORTO RICO &#8211; Table de salle \u00e0 manger extensible"}]},{"@type":"WebSite","@id":"https:\/\/www.lavillagardendesign.com\/#website","url":"https:\/\/www.lavillagardendesign.com\/","name":"La Villa Garden&Design","description":"","publisher":{"@id":"https:\/\/www.lavillagardendesign.com\/#organization"},"potentialAction":[{"@type":"SearchAction","target":{"@type":"EntryPoint","urlTemplate":"https:\/\/www.lavillagardendesign.com\/?s={search_term_string}"},"query-input":{"@type":"PropertyValueSpecification","valueRequired":true,"valueName":"search_term_string"}}],"inLanguage":"fr-FR"},{"@type":"Organization","@id":"https:\/\/www.lavillagardendesign.com\/#organization","name":"La Villa Garden&Design","url":"https:\/\/www.lavillagardendesign.com\/","logo":{"@type":"ImageObject","inLanguage":"fr-FR","@id":"https:\/\/www.lavillagardendesign.com\/#\/schema\/logo\/image\/","url":"https:\/\/www.lavillagardendesign.com\/wp-content\/uploads\/2024\/04\/logolavilla.png","contentUrl":"https:\/\/www.lavillagardendesign.com\/wp-content\/uploads\/2024\/04\/logolavilla.png","width":682,"height":391,"caption":"La Villa Garden&Design"},"image":{"@id":"https:\/\/www.lavillagardendesign.com\/#\/schema\/logo\/image\/"},"sameAs":["https:\/\/www.facebook.com\/lavillagardendesign\/"]}]}},"_links":{"self":[{"href":"https:\/\/www.lavillagardendesign.com\/fr\/wp-json\/wp\/v2\/product\/59960","targetHints":{"allow":["GET"]}}],"collection":[{"href":"https:\/\/www.lavillagardendesign.com\/fr\/wp-json\/wp\/v2\/product"}],"about":[{"href":"https:\/\/www.lavillagardendesign.com\/fr\/wp-json\/wp\/v2\/types\/product"}],"replies":[{"embeddable":true,"href":"https:\/\/www.lavillagardendesign.com\/fr\/wp-json\/wp\/v2\/comments?post=59960"}],"version-history":[{"count":1,"href":"https:\/\/www.lavillagardendesign.com\/fr\/wp-json\/wp\/v2\/product\/59960\/revisions"}],"predecessor-version":[{"id":62392,"href":"https:\/\/www.lavillagardendesign.com\/fr\/wp-json\/wp\/v2\/product\/59960\/revisions\/62392"}],"wp:featuredmedia":[{"embeddable":true,"href":"https:\/\/www.lavillagardendesign.com\/fr\/wp-json\/wp\/v2\/media\/59859"}],"wp:attachment":[{"href":"https:\/\/www.lavillagardendesign.com\/fr\/wp-json\/wp\/v2\/media?parent=59960"}],"wp:term":[{"taxonomy":"product_brand","embeddable":true,"href":"https:\/\/www.lavillagardendesign.com\/fr\/wp-json\/wp\/v2\/product_brand?post=59960"},{"taxonomy":"product_cat","embeddable":true,"href":"https:\/\/www.lavillagardendesign.com\/fr\/wp-json\/wp\/v2\/product_cat?post=59960"},{"taxonomy":"product_tag","embeddable":true,"href":"https:\/\/www.lavillagardendesign.com\/fr\/wp-json\/wp\/v2\/product_tag?post=59960"}],"curies":[{"name":"wp","href":"https:\/\/api.w.org\/{rel}","templated":true}]}}