{"id":59949,"date":"2025-12-28T12:41:45","date_gmt":"2025-12-28T11:41:45","guid":{"rendered":"https:\/\/www.lavillagardendesign.com\/product\/keys-island-table-dappoint-en-aluminium\/"},"modified":"2026-02-10T14:49:01","modified_gmt":"2026-02-10T12:49:01","slug":"keys-island-table-dappoint-en-aluminium","status":"publish","type":"product","link":"https:\/\/www.lavillagardendesign.com\/fr\/product\/keys-island-table-dappoint-en-aluminium\/","title":{"rendered":"KEYS ISLAND &#8211; Table d&rsquo;appoint en aluminium"},"content":{"rendered":"","protected":false},"excerpt":{"rendered":"<p>Compl\u00e9tez votre espace de d\u00e9tente avec la fonctionnalit\u00e9 intelligente de la table d&rsquo;appoint KEYS ISLAND. Son design architectural en forme de C est sp\u00e9cialement con\u00e7u pour se glisser sous le cadre des canap\u00e9s, des chaises longues ou des lits de jour, offrant une surface ergonomique \u00e0 port\u00e9e de main pour les boissons ou les appareils sans avoir besoin de s&rsquo;asseoir. Fabriqu\u00e9e enti\u00e8rement en aluminium rev\u00eatu de poudre de polyester, cette pi\u00e8ce est l\u00e9g\u00e8re, facile \u00e0 d\u00e9placer et totalement r\u00e9sistante \u00e0 la corrosion et aux rayons UV. Disponible dans les trois finitions embl\u00e9matiques de la collection (White, Rastin et Anthracite) pour assurer une coh\u00e9rence esth\u00e9tique totale \u00e0 votre terrasse ou votre jardin.   <\/p>\n","protected":false},"featured_media":59596,"comment_status":"open","ping_status":"closed","template":"","meta":[],"product_brand":[4998],"product_cat":[6832,2944,2948],"product_tag":[],"class_list":{"0":"post-59949","1":"product","2":"type-product","3":"status-publish","4":"has-post-thumbnail","6":"product_brand-la-villa","7":"product_cat-outdoor-fr","8":"product_cat-tables-fr","9":"product_cat-tables-auxiliaires","11":"first","12":"instock","13":"sale","14":"taxable","15":"shipping-taxable","16":"purchasable","17":"product-type-variable"},"yoast_head":"<!-- This site is optimized with the Yoast SEO plugin v27.1.1 - https:\/\/yoast.com\/product\/yoast-seo-wordpress\/ -->\n<title>KEYS ISLAND - Table d&#039;appoint en aluminium - La Villa Garden&amp;Design<\/title>\n<meta name=\"description\" content=\"Table d&#039;appoint de jardin en aluminium KEYS ISLAND. Le design en forme de C s&#039;adapte aux canap\u00e9s et aux chaises longues. Blanc, Rastin et Anthracite.\" \/>\n<meta name=\"robots\" content=\"index, follow, max-snippet:-1, max-image-preview:large, max-video-preview:-1\" \/>\n<link rel=\"canonical\" href=\"https:\/\/www.lavillagardendesign.com\/fr\/product\/keys-island-table-dappoint-en-aluminium\/\" \/>\n<meta property=\"og:locale\" content=\"fr_FR\" \/>\n<meta property=\"og:type\" content=\"article\" \/>\n<meta property=\"og:title\" content=\"KEYS ISLAND - Table d&#039;appoint en aluminium - La Villa Garden&amp;Design\" \/>\n<meta property=\"og:description\" content=\"Table d&#039;appoint de jardin en aluminium KEYS ISLAND. Le design en forme de C s&#039;adapte aux canap\u00e9s et aux chaises longues. Blanc, Rastin et Anthracite.\" \/>\n<meta property=\"og:url\" content=\"https:\/\/www.lavillagardendesign.com\/fr\/product\/keys-island-table-dappoint-en-aluminium\/\" \/>\n<meta property=\"og:site_name\" content=\"La Villa Garden&amp;Design\" \/>\n<meta property=\"article:publisher\" content=\"https:\/\/www.facebook.com\/lavillagardendesign\/\" \/>\n<meta property=\"article:modified_time\" content=\"2026-02-10T12:49:01+00:00\" \/>\n<meta property=\"og:image\" content=\"https:\/\/www.lavillagardendesign.com\/wp-content\/uploads\/2025\/12\/3.png\" \/>\n\t<meta property=\"og:image:width\" content=\"700\" \/>\n\t<meta property=\"og:image:height\" content=\"800\" \/>\n\t<meta property=\"og:image:type\" content=\"image\/png\" \/>\n<meta name=\"twitter:card\" content=\"summary_large_image\" \/>\n<script type=\"application\/ld+json\" class=\"yoast-schema-graph\">{\"@context\":\"https:\/\/schema.org\",\"@graph\":[{\"@type\":\"WebPage\",\"@id\":\"https:\/\/www.lavillagardendesign.com\/fr\/product\/keys-island-table-dappoint-en-aluminium\/\",\"url\":\"https:\/\/www.lavillagardendesign.com\/fr\/product\/keys-island-table-dappoint-en-aluminium\/\",\"name\":\"KEYS ISLAND - Table d'appoint en aluminium - La Villa Garden&amp;Design\",\"isPartOf\":{\"@id\":\"https:\/\/www.lavillagardendesign.com\/#website\"},\"primaryImageOfPage\":{\"@id\":\"https:\/\/www.lavillagardendesign.com\/fr\/product\/keys-island-table-dappoint-en-aluminium\/#primaryimage\"},\"image\":{\"@id\":\"https:\/\/www.lavillagardendesign.com\/fr\/product\/keys-island-table-dappoint-en-aluminium\/#primaryimage\"},\"thumbnailUrl\":\"https:\/\/www.lavillagardendesign.com\/wp-content\/uploads\/2025\/12\/3.png\",\"datePublished\":\"2025-12-28T11:41:45+00:00\",\"dateModified\":\"2026-02-10T12:49:01+00:00\",\"description\":\"Table d'appoint de jardin en aluminium KEYS ISLAND. Le design en forme de C s'adapte aux canap\u00e9s et aux chaises longues. Blanc, Rastin et Anthracite.\",\"breadcrumb\":{\"@id\":\"https:\/\/www.lavillagardendesign.com\/fr\/product\/keys-island-table-dappoint-en-aluminium\/#breadcrumb\"},\"inLanguage\":\"fr-FR\",\"potentialAction\":[{\"@type\":\"ReadAction\",\"target\":[\"https:\/\/www.lavillagardendesign.com\/fr\/product\/keys-island-table-dappoint-en-aluminium\/\"]}]},{\"@type\":\"ImageObject\",\"inLanguage\":\"fr-FR\",\"@id\":\"https:\/\/www.lavillagardendesign.com\/fr\/product\/keys-island-table-dappoint-en-aluminium\/#primaryimage\",\"url\":\"https:\/\/www.lavillagardendesign.com\/wp-content\/uploads\/2025\/12\/3.png\",\"contentUrl\":\"https:\/\/www.lavillagardendesign.com\/wp-content\/uploads\/2025\/12\/3.png\",\"width\":700,\"height\":800},{\"@type\":\"BreadcrumbList\",\"@id\":\"https:\/\/www.lavillagardendesign.com\/fr\/product\/keys-island-table-dappoint-en-aluminium\/#breadcrumb\",\"itemListElement\":[{\"@type\":\"ListItem\",\"position\":1,\"name\":\"Home\",\"item\":\"https:\/\/www.lavillagardendesign.com\/\"},{\"@type\":\"ListItem\",\"position\":2,\"name\":\"Boutique\",\"item\":\"https:\/\/www.lavillagardendesign.com\/fr\/boutique\/\"},{\"@type\":\"ListItem\",\"position\":3,\"name\":\"KEYS ISLAND &#8211; Table d&rsquo;appoint en aluminium\"}]},{\"@type\":\"WebSite\",\"@id\":\"https:\/\/www.lavillagardendesign.com\/#website\",\"url\":\"https:\/\/www.lavillagardendesign.com\/\",\"name\":\"La Villa Garden&Design\",\"description\":\"\",\"publisher\":{\"@id\":\"https:\/\/www.lavillagardendesign.com\/#organization\"},\"potentialAction\":[{\"@type\":\"SearchAction\",\"target\":{\"@type\":\"EntryPoint\",\"urlTemplate\":\"https:\/\/www.lavillagardendesign.com\/?s={search_term_string}\"},\"query-input\":{\"@type\":\"PropertyValueSpecification\",\"valueRequired\":true,\"valueName\":\"search_term_string\"}}],\"inLanguage\":\"fr-FR\"},{\"@type\":\"Organization\",\"@id\":\"https:\/\/www.lavillagardendesign.com\/#organization\",\"name\":\"La Villa Garden&Design\",\"url\":\"https:\/\/www.lavillagardendesign.com\/\",\"logo\":{\"@type\":\"ImageObject\",\"inLanguage\":\"fr-FR\",\"@id\":\"https:\/\/www.lavillagardendesign.com\/#\/schema\/logo\/image\/\",\"url\":\"https:\/\/www.lavillagardendesign.com\/wp-content\/uploads\/2024\/04\/logolavilla.png\",\"contentUrl\":\"https:\/\/www.lavillagardendesign.com\/wp-content\/uploads\/2024\/04\/logolavilla.png\",\"width\":682,\"height\":391,\"caption\":\"La Villa Garden&Design\"},\"image\":{\"@id\":\"https:\/\/www.lavillagardendesign.com\/#\/schema\/logo\/image\/\"},\"sameAs\":[\"https:\/\/www.facebook.com\/lavillagardendesign\/\"]}]}<\/script>\n<!-- \/ Yoast SEO plugin. -->","yoast_head_json":{"title":"KEYS ISLAND - Table d'appoint en aluminium - La Villa Garden&amp;Design","description":"Table d'appoint de jardin en aluminium KEYS ISLAND. Le design en forme de C s'adapte aux canap\u00e9s et aux chaises longues. Blanc, Rastin et Anthracite.","robots":{"index":"index","follow":"follow","max-snippet":"max-snippet:-1","max-image-preview":"max-image-preview:large","max-video-preview":"max-video-preview:-1"},"canonical":"https:\/\/www.lavillagardendesign.com\/fr\/product\/keys-island-table-dappoint-en-aluminium\/","og_locale":"fr_FR","og_type":"article","og_title":"KEYS ISLAND - Table d'appoint en aluminium - La Villa Garden&amp;Design","og_description":"Table d'appoint de jardin en aluminium KEYS ISLAND. Le design en forme de C s'adapte aux canap\u00e9s et aux chaises longues. Blanc, Rastin et Anthracite.","og_url":"https:\/\/www.lavillagardendesign.com\/fr\/product\/keys-island-table-dappoint-en-aluminium\/","og_site_name":"La Villa Garden&amp;Design","article_publisher":"https:\/\/www.facebook.com\/lavillagardendesign\/","article_modified_time":"2026-02-10T12:49:01+00:00","og_image":[{"width":700,"height":800,"url":"https:\/\/www.lavillagardendesign.com\/wp-content\/uploads\/2025\/12\/3.png","type":"image\/png"}],"twitter_card":"summary_large_image","schema":{"@context":"https:\/\/schema.org","@graph":[{"@type":"WebPage","@id":"https:\/\/www.lavillagardendesign.com\/fr\/product\/keys-island-table-dappoint-en-aluminium\/","url":"https:\/\/www.lavillagardendesign.com\/fr\/product\/keys-island-table-dappoint-en-aluminium\/","name":"KEYS ISLAND - Table d'appoint en aluminium - La Villa Garden&amp;Design","isPartOf":{"@id":"https:\/\/www.lavillagardendesign.com\/#website"},"primaryImageOfPage":{"@id":"https:\/\/www.lavillagardendesign.com\/fr\/product\/keys-island-table-dappoint-en-aluminium\/#primaryimage"},"image":{"@id":"https:\/\/www.lavillagardendesign.com\/fr\/product\/keys-island-table-dappoint-en-aluminium\/#primaryimage"},"thumbnailUrl":"https:\/\/www.lavillagardendesign.com\/wp-content\/uploads\/2025\/12\/3.png","datePublished":"2025-12-28T11:41:45+00:00","dateModified":"2026-02-10T12:49:01+00:00","description":"Table d'appoint de jardin en aluminium KEYS ISLAND. Le design en forme de C s'adapte aux canap\u00e9s et aux chaises longues. Blanc, Rastin et Anthracite.","breadcrumb":{"@id":"https:\/\/www.lavillagardendesign.com\/fr\/product\/keys-island-table-dappoint-en-aluminium\/#breadcrumb"},"inLanguage":"fr-FR","potentialAction":[{"@type":"ReadAction","target":["https:\/\/www.lavillagardendesign.com\/fr\/product\/keys-island-table-dappoint-en-aluminium\/"]}]},{"@type":"ImageObject","inLanguage":"fr-FR","@id":"https:\/\/www.lavillagardendesign.com\/fr\/product\/keys-island-table-dappoint-en-aluminium\/#primaryimage","url":"https:\/\/www.lavillagardendesign.com\/wp-content\/uploads\/2025\/12\/3.png","contentUrl":"https:\/\/www.lavillagardendesign.com\/wp-content\/uploads\/2025\/12\/3.png","width":700,"height":800},{"@type":"BreadcrumbList","@id":"https:\/\/www.lavillagardendesign.com\/fr\/product\/keys-island-table-dappoint-en-aluminium\/#breadcrumb","itemListElement":[{"@type":"ListItem","position":1,"name":"Home","item":"https:\/\/www.lavillagardendesign.com\/"},{"@type":"ListItem","position":2,"name":"Boutique","item":"https:\/\/www.lavillagardendesign.com\/fr\/boutique\/"},{"@type":"ListItem","position":3,"name":"KEYS ISLAND &#8211; Table d&rsquo;appoint en aluminium"}]},{"@type":"WebSite","@id":"https:\/\/www.lavillagardendesign.com\/#website","url":"https:\/\/www.lavillagardendesign.com\/","name":"La Villa Garden&Design","description":"","publisher":{"@id":"https:\/\/www.lavillagardendesign.com\/#organization"},"potentialAction":[{"@type":"SearchAction","target":{"@type":"EntryPoint","urlTemplate":"https:\/\/www.lavillagardendesign.com\/?s={search_term_string}"},"query-input":{"@type":"PropertyValueSpecification","valueRequired":true,"valueName":"search_term_string"}}],"inLanguage":"fr-FR"},{"@type":"Organization","@id":"https:\/\/www.lavillagardendesign.com\/#organization","name":"La Villa Garden&Design","url":"https:\/\/www.lavillagardendesign.com\/","logo":{"@type":"ImageObject","inLanguage":"fr-FR","@id":"https:\/\/www.lavillagardendesign.com\/#\/schema\/logo\/image\/","url":"https:\/\/www.lavillagardendesign.com\/wp-content\/uploads\/2024\/04\/logolavilla.png","contentUrl":"https:\/\/www.lavillagardendesign.com\/wp-content\/uploads\/2024\/04\/logolavilla.png","width":682,"height":391,"caption":"La Villa Garden&Design"},"image":{"@id":"https:\/\/www.lavillagardendesign.com\/#\/schema\/logo\/image\/"},"sameAs":["https:\/\/www.facebook.com\/lavillagardendesign\/"]}]}},"_links":{"self":[{"href":"https:\/\/www.lavillagardendesign.com\/fr\/wp-json\/wp\/v2\/product\/59949","targetHints":{"allow":["GET"]}}],"collection":[{"href":"https:\/\/www.lavillagardendesign.com\/fr\/wp-json\/wp\/v2\/product"}],"about":[{"href":"https:\/\/www.lavillagardendesign.com\/fr\/wp-json\/wp\/v2\/types\/product"}],"replies":[{"embeddable":true,"href":"https:\/\/www.lavillagardendesign.com\/fr\/wp-json\/wp\/v2\/comments?post=59949"}],"version-history":[{"count":1,"href":"https:\/\/www.lavillagardendesign.com\/fr\/wp-json\/wp\/v2\/product\/59949\/revisions"}],"predecessor-version":[{"id":62385,"href":"https:\/\/www.lavillagardendesign.com\/fr\/wp-json\/wp\/v2\/product\/59949\/revisions\/62385"}],"wp:featuredmedia":[{"embeddable":true,"href":"https:\/\/www.lavillagardendesign.com\/fr\/wp-json\/wp\/v2\/media\/59596"}],"wp:attachment":[{"href":"https:\/\/www.lavillagardendesign.com\/fr\/wp-json\/wp\/v2\/media?parent=59949"}],"wp:term":[{"taxonomy":"product_brand","embeddable":true,"href":"https:\/\/www.lavillagardendesign.com\/fr\/wp-json\/wp\/v2\/product_brand?post=59949"},{"taxonomy":"product_cat","embeddable":true,"href":"https:\/\/www.lavillagardendesign.com\/fr\/wp-json\/wp\/v2\/product_cat?post=59949"},{"taxonomy":"product_tag","embeddable":true,"href":"https:\/\/www.lavillagardendesign.com\/fr\/wp-json\/wp\/v2\/product_tag?post=59949"}],"curies":[{"name":"wp","href":"https:\/\/api.w.org\/{rel}","templated":true}]}}