{"id":58042,"date":"2025-08-17T13:45:31","date_gmt":"2025-08-17T12:45:31","guid":{"rendered":"https:\/\/www.lavillagardendesign.com\/product\/gatsby-table-dappoint\/"},"modified":"2026-02-10T14:45:02","modified_gmt":"2026-02-10T12:45:02","slug":"gatsby-table-dappoint","status":"publish","type":"product","link":"https:\/\/www.lavillagardendesign.com\/fr\/product\/gatsby-table-dappoint\/","title":{"rendered":"GATSBY &#8211; Table d&rsquo;appoint"},"content":{"rendered":"","protected":false},"excerpt":{"rendered":"<p>La table d&rsquo;appoint Gatsby, avec une base de \u00d840&#215;25 cm et un plateau de \u00d850 cm, est une pi\u00e8ce compacte et \u00e9l\u00e9gante, id\u00e9ale pour les salons ou les petits espaces. Son design Art d\u00e9co sign\u00e9 Ram\u00f3n Esteve apporte \u00e9l\u00e9gance et polyvalence \u00e0 l&rsquo;int\u00e9rieur comme \u00e0 l&rsquo;ext\u00e9rieur. <\/p>\n<p><img loading=\"lazy\" decoding=\"async\" class=\"alignnone size-medium wp-image-57959\" src=\"https:\/\/www.lavillagardendesign.com\/wp-content\/uploads\/2025\/08\/54441-300x300.jpg\" alt=\"\" width=\"300\" height=\"300\" srcset=\"https:\/\/www.lavillagardendesign.com\/wp-content\/uploads\/2025\/08\/54441-300x300.jpg 300w, https:\/\/www.lavillagardendesign.com\/wp-content\/uploads\/2025\/08\/54441-600x600.jpg 600w, https:\/\/www.lavillagardendesign.com\/wp-content\/uploads\/2025\/08\/54441-150x150.jpg 150w, https:\/\/www.lavillagardendesign.com\/wp-content\/uploads\/2025\/08\/54441-768x768.jpg 768w, https:\/\/www.lavillagardendesign.com\/wp-content\/uploads\/2025\/08\/54441.jpg 800w\" sizes=\"auto, (max-width: 300px) 100vw, 300px\" \/><\/p>\n","protected":false},"featured_media":57963,"comment_status":"open","ping_status":"closed","template":"","meta":[],"product_brand":[5000],"product_cat":[6832,2944,2948],"product_tag":[],"class_list":{"0":"post-58042","1":"product","2":"type-product","3":"status-publish","4":"has-post-thumbnail","6":"product_brand-vondom","7":"product_cat-outdoor-fr","8":"product_cat-tables-fr","9":"product_cat-tables-auxiliaires","11":"first","12":"instock","13":"taxable","14":"shipping-taxable","15":"purchasable","16":"product-type-variable"},"yoast_head":"<!-- This site is optimized with the Yoast SEO plugin v27.4 - https:\/\/yoast.com\/product\/yoast-seo-wordpress\/ -->\n<title>GATSBY - Table d&#039;appoint - La Villa Garden&amp;Design<\/title>\n<meta name=\"robots\" content=\"index, follow, max-snippet:-1, max-image-preview:large, max-video-preview:-1\" \/>\n<link rel=\"canonical\" href=\"https:\/\/www.lavillagardendesign.com\/fr\/product\/gatsby-table-dappoint\/\" \/>\n<meta property=\"og:locale\" content=\"fr_FR\" \/>\n<meta property=\"og:type\" content=\"article\" \/>\n<meta property=\"og:title\" content=\"GATSBY - Table d&#039;appoint - La Villa Garden&amp;Design\" \/>\n<meta property=\"og:description\" content=\"La table d&#039;appoint Gatsby, avec une base de \u00d840x25 cm et un plateau de \u00d850 cm, est une pi\u00e8ce compacte et \u00e9l\u00e9gante, id\u00e9ale pour les salons ou les petits espaces. Son design Art d\u00e9co sign\u00e9 Ram\u00f3n Esteve apporte \u00e9l\u00e9gance et polyvalence \u00e0 l&#039;int\u00e9rieur comme \u00e0 l&#039;ext\u00e9rieur.\" \/>\n<meta property=\"og:url\" content=\"https:\/\/www.lavillagardendesign.com\/fr\/product\/gatsby-table-dappoint\/\" \/>\n<meta property=\"og:site_name\" content=\"La Villa Garden&amp;Design\" \/>\n<meta property=\"article:publisher\" content=\"https:\/\/www.facebook.com\/lavillagardendesign\/\" \/>\n<meta property=\"article:modified_time\" content=\"2026-02-10T12:45:02+00:00\" \/>\n<meta property=\"og:image\" content=\"https:\/\/www.lavillagardendesign.com\/wp-content\/uploads\/2025\/08\/54441-Vondom-Gatsby-designer-table-outdoor-furniture-01.jpg\" \/>\n\t<meta property=\"og:image:width\" content=\"1920\" \/>\n\t<meta property=\"og:image:height\" content=\"1920\" \/>\n\t<meta property=\"og:image:type\" content=\"image\/jpeg\" \/>\n<meta name=\"twitter:card\" content=\"summary_large_image\" \/>\n<script type=\"application\/ld+json\" class=\"yoast-schema-graph\">{\"@context\":\"https:\\\/\\\/schema.org\",\"@graph\":[{\"@type\":\"WebPage\",\"@id\":\"https:\\\/\\\/www.lavillagardendesign.com\\\/fr\\\/product\\\/gatsby-table-dappoint\\\/\",\"url\":\"https:\\\/\\\/www.lavillagardendesign.com\\\/fr\\\/product\\\/gatsby-table-dappoint\\\/\",\"name\":\"GATSBY - Table d'appoint - La Villa Garden&amp;Design\",\"isPartOf\":{\"@id\":\"https:\\\/\\\/www.lavillagardendesign.com\\\/#website\"},\"primaryImageOfPage\":{\"@id\":\"https:\\\/\\\/www.lavillagardendesign.com\\\/fr\\\/product\\\/gatsby-table-dappoint\\\/#primaryimage\"},\"image\":{\"@id\":\"https:\\\/\\\/www.lavillagardendesign.com\\\/fr\\\/product\\\/gatsby-table-dappoint\\\/#primaryimage\"},\"thumbnailUrl\":\"https:\\\/\\\/www.lavillagardendesign.com\\\/wp-content\\\/uploads\\\/2025\\\/08\\\/54441-Vondom-Gatsby-designer-table-outdoor-furniture-01.jpg\",\"datePublished\":\"2025-08-17T12:45:31+00:00\",\"dateModified\":\"2026-02-10T12:45:02+00:00\",\"breadcrumb\":{\"@id\":\"https:\\\/\\\/www.lavillagardendesign.com\\\/fr\\\/product\\\/gatsby-table-dappoint\\\/#breadcrumb\"},\"inLanguage\":\"fr-FR\",\"potentialAction\":[{\"@type\":\"ReadAction\",\"target\":[\"https:\\\/\\\/www.lavillagardendesign.com\\\/fr\\\/product\\\/gatsby-table-dappoint\\\/\"]}]},{\"@type\":\"ImageObject\",\"inLanguage\":\"fr-FR\",\"@id\":\"https:\\\/\\\/www.lavillagardendesign.com\\\/fr\\\/product\\\/gatsby-table-dappoint\\\/#primaryimage\",\"url\":\"https:\\\/\\\/www.lavillagardendesign.com\\\/wp-content\\\/uploads\\\/2025\\\/08\\\/54441-Vondom-Gatsby-designer-table-outdoor-furniture-01.jpg\",\"contentUrl\":\"https:\\\/\\\/www.lavillagardendesign.com\\\/wp-content\\\/uploads\\\/2025\\\/08\\\/54441-Vondom-Gatsby-designer-table-outdoor-furniture-01.jpg\",\"width\":1920,\"height\":1920},{\"@type\":\"BreadcrumbList\",\"@id\":\"https:\\\/\\\/www.lavillagardendesign.com\\\/fr\\\/product\\\/gatsby-table-dappoint\\\/#breadcrumb\",\"itemListElement\":[{\"@type\":\"ListItem\",\"position\":1,\"name\":\"Home\",\"item\":\"https:\\\/\\\/www.lavillagardendesign.com\\\/\"},{\"@type\":\"ListItem\",\"position\":2,\"name\":\"Boutique\",\"item\":\"https:\\\/\\\/www.lavillagardendesign.com\\\/fr\\\/boutique\\\/\"},{\"@type\":\"ListItem\",\"position\":3,\"name\":\"GATSBY &#8211; Table d&#8217;appoint\"}]},{\"@type\":\"WebSite\",\"@id\":\"https:\\\/\\\/www.lavillagardendesign.com\\\/#website\",\"url\":\"https:\\\/\\\/www.lavillagardendesign.com\\\/\",\"name\":\"La Villa Garden&Design\",\"description\":\"\",\"publisher\":{\"@id\":\"https:\\\/\\\/www.lavillagardendesign.com\\\/#organization\"},\"potentialAction\":[{\"@type\":\"SearchAction\",\"target\":{\"@type\":\"EntryPoint\",\"urlTemplate\":\"https:\\\/\\\/www.lavillagardendesign.com\\\/?s={search_term_string}\"},\"query-input\":{\"@type\":\"PropertyValueSpecification\",\"valueRequired\":true,\"valueName\":\"search_term_string\"}}],\"inLanguage\":\"fr-FR\"},{\"@type\":\"Organization\",\"@id\":\"https:\\\/\\\/www.lavillagardendesign.com\\\/#organization\",\"name\":\"La Villa Garden&Design\",\"url\":\"https:\\\/\\\/www.lavillagardendesign.com\\\/\",\"logo\":{\"@type\":\"ImageObject\",\"inLanguage\":\"fr-FR\",\"@id\":\"https:\\\/\\\/www.lavillagardendesign.com\\\/#\\\/schema\\\/logo\\\/image\\\/\",\"url\":\"https:\\\/\\\/www.lavillagardendesign.com\\\/wp-content\\\/uploads\\\/2024\\\/04\\\/logolavilla.png\",\"contentUrl\":\"https:\\\/\\\/www.lavillagardendesign.com\\\/wp-content\\\/uploads\\\/2024\\\/04\\\/logolavilla.png\",\"width\":682,\"height\":391,\"caption\":\"La Villa Garden&Design\"},\"image\":{\"@id\":\"https:\\\/\\\/www.lavillagardendesign.com\\\/#\\\/schema\\\/logo\\\/image\\\/\"},\"sameAs\":[\"https:\\\/\\\/www.facebook.com\\\/lavillagardendesign\\\/\"]}]}<\/script>\n<!-- \/ Yoast SEO plugin. -->","yoast_head_json":{"title":"GATSBY - Table d'appoint - La Villa Garden&amp;Design","robots":{"index":"index","follow":"follow","max-snippet":"max-snippet:-1","max-image-preview":"max-image-preview:large","max-video-preview":"max-video-preview:-1"},"canonical":"https:\/\/www.lavillagardendesign.com\/fr\/product\/gatsby-table-dappoint\/","og_locale":"fr_FR","og_type":"article","og_title":"GATSBY - Table d'appoint - La Villa Garden&amp;Design","og_description":"La table d'appoint Gatsby, avec une base de \u00d840x25 cm et un plateau de \u00d850 cm, est une pi\u00e8ce compacte et \u00e9l\u00e9gante, id\u00e9ale pour les salons ou les petits espaces. Son design Art d\u00e9co sign\u00e9 Ram\u00f3n Esteve apporte \u00e9l\u00e9gance et polyvalence \u00e0 l'int\u00e9rieur comme \u00e0 l'ext\u00e9rieur.","og_url":"https:\/\/www.lavillagardendesign.com\/fr\/product\/gatsby-table-dappoint\/","og_site_name":"La Villa Garden&amp;Design","article_publisher":"https:\/\/www.facebook.com\/lavillagardendesign\/","article_modified_time":"2026-02-10T12:45:02+00:00","og_image":[{"width":1920,"height":1920,"url":"https:\/\/www.lavillagardendesign.com\/wp-content\/uploads\/2025\/08\/54441-Vondom-Gatsby-designer-table-outdoor-furniture-01.jpg","type":"image\/jpeg"}],"twitter_card":"summary_large_image","schema":{"@context":"https:\/\/schema.org","@graph":[{"@type":"WebPage","@id":"https:\/\/www.lavillagardendesign.com\/fr\/product\/gatsby-table-dappoint\/","url":"https:\/\/www.lavillagardendesign.com\/fr\/product\/gatsby-table-dappoint\/","name":"GATSBY - Table d'appoint - La Villa Garden&amp;Design","isPartOf":{"@id":"https:\/\/www.lavillagardendesign.com\/#website"},"primaryImageOfPage":{"@id":"https:\/\/www.lavillagardendesign.com\/fr\/product\/gatsby-table-dappoint\/#primaryimage"},"image":{"@id":"https:\/\/www.lavillagardendesign.com\/fr\/product\/gatsby-table-dappoint\/#primaryimage"},"thumbnailUrl":"https:\/\/www.lavillagardendesign.com\/wp-content\/uploads\/2025\/08\/54441-Vondom-Gatsby-designer-table-outdoor-furniture-01.jpg","datePublished":"2025-08-17T12:45:31+00:00","dateModified":"2026-02-10T12:45:02+00:00","breadcrumb":{"@id":"https:\/\/www.lavillagardendesign.com\/fr\/product\/gatsby-table-dappoint\/#breadcrumb"},"inLanguage":"fr-FR","potentialAction":[{"@type":"ReadAction","target":["https:\/\/www.lavillagardendesign.com\/fr\/product\/gatsby-table-dappoint\/"]}]},{"@type":"ImageObject","inLanguage":"fr-FR","@id":"https:\/\/www.lavillagardendesign.com\/fr\/product\/gatsby-table-dappoint\/#primaryimage","url":"https:\/\/www.lavillagardendesign.com\/wp-content\/uploads\/2025\/08\/54441-Vondom-Gatsby-designer-table-outdoor-furniture-01.jpg","contentUrl":"https:\/\/www.lavillagardendesign.com\/wp-content\/uploads\/2025\/08\/54441-Vondom-Gatsby-designer-table-outdoor-furniture-01.jpg","width":1920,"height":1920},{"@type":"BreadcrumbList","@id":"https:\/\/www.lavillagardendesign.com\/fr\/product\/gatsby-table-dappoint\/#breadcrumb","itemListElement":[{"@type":"ListItem","position":1,"name":"Home","item":"https:\/\/www.lavillagardendesign.com\/"},{"@type":"ListItem","position":2,"name":"Boutique","item":"https:\/\/www.lavillagardendesign.com\/fr\/boutique\/"},{"@type":"ListItem","position":3,"name":"GATSBY &#8211; Table d&#8217;appoint"}]},{"@type":"WebSite","@id":"https:\/\/www.lavillagardendesign.com\/#website","url":"https:\/\/www.lavillagardendesign.com\/","name":"La Villa Garden&Design","description":"","publisher":{"@id":"https:\/\/www.lavillagardendesign.com\/#organization"},"potentialAction":[{"@type":"SearchAction","target":{"@type":"EntryPoint","urlTemplate":"https:\/\/www.lavillagardendesign.com\/?s={search_term_string}"},"query-input":{"@type":"PropertyValueSpecification","valueRequired":true,"valueName":"search_term_string"}}],"inLanguage":"fr-FR"},{"@type":"Organization","@id":"https:\/\/www.lavillagardendesign.com\/#organization","name":"La Villa Garden&Design","url":"https:\/\/www.lavillagardendesign.com\/","logo":{"@type":"ImageObject","inLanguage":"fr-FR","@id":"https:\/\/www.lavillagardendesign.com\/#\/schema\/logo\/image\/","url":"https:\/\/www.lavillagardendesign.com\/wp-content\/uploads\/2024\/04\/logolavilla.png","contentUrl":"https:\/\/www.lavillagardendesign.com\/wp-content\/uploads\/2024\/04\/logolavilla.png","width":682,"height":391,"caption":"La Villa Garden&Design"},"image":{"@id":"https:\/\/www.lavillagardendesign.com\/#\/schema\/logo\/image\/"},"sameAs":["https:\/\/www.facebook.com\/lavillagardendesign\/"]}]}},"_links":{"self":[{"href":"https:\/\/www.lavillagardendesign.com\/fr\/wp-json\/wp\/v2\/product\/58042","targetHints":{"allow":["GET"]}}],"collection":[{"href":"https:\/\/www.lavillagardendesign.com\/fr\/wp-json\/wp\/v2\/product"}],"about":[{"href":"https:\/\/www.lavillagardendesign.com\/fr\/wp-json\/wp\/v2\/types\/product"}],"replies":[{"embeddable":true,"href":"https:\/\/www.lavillagardendesign.com\/fr\/wp-json\/wp\/v2\/comments?post=58042"}],"version-history":[{"count":1,"href":"https:\/\/www.lavillagardendesign.com\/fr\/wp-json\/wp\/v2\/product\/58042\/revisions"}],"predecessor-version":[{"id":58057,"href":"https:\/\/www.lavillagardendesign.com\/fr\/wp-json\/wp\/v2\/product\/58042\/revisions\/58057"}],"wp:featuredmedia":[{"embeddable":true,"href":"https:\/\/www.lavillagardendesign.com\/fr\/wp-json\/wp\/v2\/media\/57963"}],"wp:attachment":[{"href":"https:\/\/www.lavillagardendesign.com\/fr\/wp-json\/wp\/v2\/media?parent=58042"}],"wp:term":[{"taxonomy":"product_brand","embeddable":true,"href":"https:\/\/www.lavillagardendesign.com\/fr\/wp-json\/wp\/v2\/product_brand?post=58042"},{"taxonomy":"product_cat","embeddable":true,"href":"https:\/\/www.lavillagardendesign.com\/fr\/wp-json\/wp\/v2\/product_cat?post=58042"},{"taxonomy":"product_tag","embeddable":true,"href":"https:\/\/www.lavillagardendesign.com\/fr\/wp-json\/wp\/v2\/product_tag?post=58042"}],"curies":[{"name":"wp","href":"https:\/\/api.w.org\/{rel}","templated":true}]}}