{"id":58024,"date":"2025-08-17T13:39:34","date_gmt":"2025-08-17T12:39:34","guid":{"rendered":"https:\/\/www.lavillagardendesign.com\/product\/gatsby-grande-table-ronde\/"},"modified":"2026-02-10T14:44:56","modified_gmt":"2026-02-10T12:44:56","slug":"gatsby-grande-table-ronde","status":"publish","type":"product","link":"https:\/\/www.lavillagardendesign.com\/fr\/product\/gatsby-grande-table-ronde\/","title":{"rendered":"GATSBY &#8211; Grande table ronde"},"content":{"rendered":"","protected":false},"excerpt":{"rendered":"<p>La table Gatsby, avec une base de \u00d865&#215;73 cm et un plateau rond de \u00d8159 cm, est une pi\u00e8ce remarquable qui incarne le glamour de l&rsquo;Art d\u00e9co avec une utilit\u00e9 moderne. Parfaite pour les salles \u00e0 manger spacieuses \u00e0 l&rsquo;int\u00e9rieur ou \u00e0 l&rsquo;ext\u00e9rieur, elle offre une durabilit\u00e9 et un design sophistiqu\u00e9. <\/p>\n<p><img fetchpriority=\"high\" decoding=\"async\" class=\"alignnone size-medium wp-image-57913\" src=\"https:\/\/www.lavillagardendesign.com\/wp-content\/uploads\/2025\/08\/54455-300x300.jpg\" alt=\"\" width=\"300\" height=\"300\" srcset=\"https:\/\/www.lavillagardendesign.com\/wp-content\/uploads\/2025\/08\/54455-300x300.jpg 300w, https:\/\/www.lavillagardendesign.com\/wp-content\/uploads\/2025\/08\/54455-600x600.jpg 600w, https:\/\/www.lavillagardendesign.com\/wp-content\/uploads\/2025\/08\/54455-150x150.jpg 150w, https:\/\/www.lavillagardendesign.com\/wp-content\/uploads\/2025\/08\/54455-768x768.jpg 768w, https:\/\/www.lavillagardendesign.com\/wp-content\/uploads\/2025\/08\/54455.jpg 800w\" sizes=\"(max-width: 300px) 100vw, 300px\" \/><\/p>\n","protected":false},"featured_media":57917,"comment_status":"open","ping_status":"closed","template":"","meta":[],"product_brand":[5000],"product_cat":[6832,2944,2946],"product_tag":[],"class_list":{"0":"post-58024","1":"product","2":"type-product","3":"status-publish","4":"has-post-thumbnail","6":"product_brand-vondom","7":"product_cat-outdoor-fr","8":"product_cat-tables-fr","9":"product_cat-tables-repas","11":"first","12":"instock","13":"taxable","14":"shipping-taxable","15":"purchasable","16":"product-type-variable"},"yoast_head":"<!-- This site is optimized with the Yoast SEO plugin v27.1.1 - https:\/\/yoast.com\/product\/yoast-seo-wordpress\/ -->\n<title>GATSBY - Grande table ronde - La Villa Garden&amp;Design<\/title>\n<meta name=\"robots\" content=\"index, follow, max-snippet:-1, max-image-preview:large, max-video-preview:-1\" \/>\n<link rel=\"canonical\" href=\"https:\/\/www.lavillagardendesign.com\/fr\/product\/gatsby-grande-table-ronde\/\" \/>\n<meta property=\"og:locale\" content=\"fr_FR\" \/>\n<meta property=\"og:type\" content=\"article\" \/>\n<meta property=\"og:title\" content=\"GATSBY - Grande table ronde - La Villa Garden&amp;Design\" \/>\n<meta property=\"og:description\" content=\"La table Gatsby, avec une base de \u00d865x73 cm et un plateau rond de \u00d8159 cm, est une pi\u00e8ce remarquable qui incarne le glamour de l&#039;Art d\u00e9co avec une utilit\u00e9 moderne. Parfaite pour les salles \u00e0 manger spacieuses \u00e0 l&#039;int\u00e9rieur ou \u00e0 l&#039;ext\u00e9rieur, elle offre une durabilit\u00e9 et un design sophistiqu\u00e9.\" \/>\n<meta property=\"og:url\" content=\"https:\/\/www.lavillagardendesign.com\/fr\/product\/gatsby-grande-table-ronde\/\" \/>\n<meta property=\"og:site_name\" content=\"La Villa Garden&amp;Design\" \/>\n<meta property=\"article:publisher\" content=\"https:\/\/www.facebook.com\/lavillagardendesign\/\" \/>\n<meta property=\"article:modified_time\" content=\"2026-02-10T12:44:56+00:00\" \/>\n<meta property=\"og:image\" content=\"https:\/\/www.lavillagardendesign.com\/wp-content\/uploads\/2025\/08\/54455-Vondom-Gatsby-designer-table-outdoor-furniture-01.jpg\" \/>\n\t<meta property=\"og:image:width\" content=\"1920\" \/>\n\t<meta property=\"og:image:height\" content=\"1920\" \/>\n\t<meta property=\"og:image:type\" content=\"image\/jpeg\" \/>\n<meta name=\"twitter:card\" content=\"summary_large_image\" \/>\n<script type=\"application\/ld+json\" class=\"yoast-schema-graph\">{\"@context\":\"https:\/\/schema.org\",\"@graph\":[{\"@type\":\"WebPage\",\"@id\":\"https:\/\/www.lavillagardendesign.com\/fr\/product\/gatsby-grande-table-ronde\/\",\"url\":\"https:\/\/www.lavillagardendesign.com\/fr\/product\/gatsby-grande-table-ronde\/\",\"name\":\"GATSBY - Grande table ronde - La Villa Garden&amp;Design\",\"isPartOf\":{\"@id\":\"https:\/\/www.lavillagardendesign.com\/#website\"},\"primaryImageOfPage\":{\"@id\":\"https:\/\/www.lavillagardendesign.com\/fr\/product\/gatsby-grande-table-ronde\/#primaryimage\"},\"image\":{\"@id\":\"https:\/\/www.lavillagardendesign.com\/fr\/product\/gatsby-grande-table-ronde\/#primaryimage\"},\"thumbnailUrl\":\"https:\/\/www.lavillagardendesign.com\/wp-content\/uploads\/2025\/08\/54455-Vondom-Gatsby-designer-table-outdoor-furniture-01.jpg\",\"datePublished\":\"2025-08-17T12:39:34+00:00\",\"dateModified\":\"2026-02-10T12:44:56+00:00\",\"breadcrumb\":{\"@id\":\"https:\/\/www.lavillagardendesign.com\/fr\/product\/gatsby-grande-table-ronde\/#breadcrumb\"},\"inLanguage\":\"fr-FR\",\"potentialAction\":[{\"@type\":\"ReadAction\",\"target\":[\"https:\/\/www.lavillagardendesign.com\/fr\/product\/gatsby-grande-table-ronde\/\"]}]},{\"@type\":\"ImageObject\",\"inLanguage\":\"fr-FR\",\"@id\":\"https:\/\/www.lavillagardendesign.com\/fr\/product\/gatsby-grande-table-ronde\/#primaryimage\",\"url\":\"https:\/\/www.lavillagardendesign.com\/wp-content\/uploads\/2025\/08\/54455-Vondom-Gatsby-designer-table-outdoor-furniture-01.jpg\",\"contentUrl\":\"https:\/\/www.lavillagardendesign.com\/wp-content\/uploads\/2025\/08\/54455-Vondom-Gatsby-designer-table-outdoor-furniture-01.jpg\",\"width\":1920,\"height\":1920},{\"@type\":\"BreadcrumbList\",\"@id\":\"https:\/\/www.lavillagardendesign.com\/fr\/product\/gatsby-grande-table-ronde\/#breadcrumb\",\"itemListElement\":[{\"@type\":\"ListItem\",\"position\":1,\"name\":\"Home\",\"item\":\"https:\/\/www.lavillagardendesign.com\/\"},{\"@type\":\"ListItem\",\"position\":2,\"name\":\"Boutique\",\"item\":\"https:\/\/www.lavillagardendesign.com\/fr\/boutique\/\"},{\"@type\":\"ListItem\",\"position\":3,\"name\":\"GATSBY &#8211; Grande table ronde\"}]},{\"@type\":\"WebSite\",\"@id\":\"https:\/\/www.lavillagardendesign.com\/#website\",\"url\":\"https:\/\/www.lavillagardendesign.com\/\",\"name\":\"La Villa Garden&Design\",\"description\":\"\",\"publisher\":{\"@id\":\"https:\/\/www.lavillagardendesign.com\/#organization\"},\"potentialAction\":[{\"@type\":\"SearchAction\",\"target\":{\"@type\":\"EntryPoint\",\"urlTemplate\":\"https:\/\/www.lavillagardendesign.com\/?s={search_term_string}\"},\"query-input\":{\"@type\":\"PropertyValueSpecification\",\"valueRequired\":true,\"valueName\":\"search_term_string\"}}],\"inLanguage\":\"fr-FR\"},{\"@type\":\"Organization\",\"@id\":\"https:\/\/www.lavillagardendesign.com\/#organization\",\"name\":\"La Villa Garden&Design\",\"url\":\"https:\/\/www.lavillagardendesign.com\/\",\"logo\":{\"@type\":\"ImageObject\",\"inLanguage\":\"fr-FR\",\"@id\":\"https:\/\/www.lavillagardendesign.com\/#\/schema\/logo\/image\/\",\"url\":\"https:\/\/www.lavillagardendesign.com\/wp-content\/uploads\/2024\/04\/logolavilla.png\",\"contentUrl\":\"https:\/\/www.lavillagardendesign.com\/wp-content\/uploads\/2024\/04\/logolavilla.png\",\"width\":682,\"height\":391,\"caption\":\"La Villa Garden&Design\"},\"image\":{\"@id\":\"https:\/\/www.lavillagardendesign.com\/#\/schema\/logo\/image\/\"},\"sameAs\":[\"https:\/\/www.facebook.com\/lavillagardendesign\/\"]}]}<\/script>\n<!-- \/ Yoast SEO plugin. -->","yoast_head_json":{"title":"GATSBY - Grande table ronde - La Villa Garden&amp;Design","robots":{"index":"index","follow":"follow","max-snippet":"max-snippet:-1","max-image-preview":"max-image-preview:large","max-video-preview":"max-video-preview:-1"},"canonical":"https:\/\/www.lavillagardendesign.com\/fr\/product\/gatsby-grande-table-ronde\/","og_locale":"fr_FR","og_type":"article","og_title":"GATSBY - Grande table ronde - La Villa Garden&amp;Design","og_description":"La table Gatsby, avec une base de \u00d865x73 cm et un plateau rond de \u00d8159 cm, est une pi\u00e8ce remarquable qui incarne le glamour de l'Art d\u00e9co avec une utilit\u00e9 moderne. Parfaite pour les salles \u00e0 manger spacieuses \u00e0 l'int\u00e9rieur ou \u00e0 l'ext\u00e9rieur, elle offre une durabilit\u00e9 et un design sophistiqu\u00e9.","og_url":"https:\/\/www.lavillagardendesign.com\/fr\/product\/gatsby-grande-table-ronde\/","og_site_name":"La Villa Garden&amp;Design","article_publisher":"https:\/\/www.facebook.com\/lavillagardendesign\/","article_modified_time":"2026-02-10T12:44:56+00:00","og_image":[{"width":1920,"height":1920,"url":"https:\/\/www.lavillagardendesign.com\/wp-content\/uploads\/2025\/08\/54455-Vondom-Gatsby-designer-table-outdoor-furniture-01.jpg","type":"image\/jpeg"}],"twitter_card":"summary_large_image","schema":{"@context":"https:\/\/schema.org","@graph":[{"@type":"WebPage","@id":"https:\/\/www.lavillagardendesign.com\/fr\/product\/gatsby-grande-table-ronde\/","url":"https:\/\/www.lavillagardendesign.com\/fr\/product\/gatsby-grande-table-ronde\/","name":"GATSBY - Grande table ronde - La Villa Garden&amp;Design","isPartOf":{"@id":"https:\/\/www.lavillagardendesign.com\/#website"},"primaryImageOfPage":{"@id":"https:\/\/www.lavillagardendesign.com\/fr\/product\/gatsby-grande-table-ronde\/#primaryimage"},"image":{"@id":"https:\/\/www.lavillagardendesign.com\/fr\/product\/gatsby-grande-table-ronde\/#primaryimage"},"thumbnailUrl":"https:\/\/www.lavillagardendesign.com\/wp-content\/uploads\/2025\/08\/54455-Vondom-Gatsby-designer-table-outdoor-furniture-01.jpg","datePublished":"2025-08-17T12:39:34+00:00","dateModified":"2026-02-10T12:44:56+00:00","breadcrumb":{"@id":"https:\/\/www.lavillagardendesign.com\/fr\/product\/gatsby-grande-table-ronde\/#breadcrumb"},"inLanguage":"fr-FR","potentialAction":[{"@type":"ReadAction","target":["https:\/\/www.lavillagardendesign.com\/fr\/product\/gatsby-grande-table-ronde\/"]}]},{"@type":"ImageObject","inLanguage":"fr-FR","@id":"https:\/\/www.lavillagardendesign.com\/fr\/product\/gatsby-grande-table-ronde\/#primaryimage","url":"https:\/\/www.lavillagardendesign.com\/wp-content\/uploads\/2025\/08\/54455-Vondom-Gatsby-designer-table-outdoor-furniture-01.jpg","contentUrl":"https:\/\/www.lavillagardendesign.com\/wp-content\/uploads\/2025\/08\/54455-Vondom-Gatsby-designer-table-outdoor-furniture-01.jpg","width":1920,"height":1920},{"@type":"BreadcrumbList","@id":"https:\/\/www.lavillagardendesign.com\/fr\/product\/gatsby-grande-table-ronde\/#breadcrumb","itemListElement":[{"@type":"ListItem","position":1,"name":"Home","item":"https:\/\/www.lavillagardendesign.com\/"},{"@type":"ListItem","position":2,"name":"Boutique","item":"https:\/\/www.lavillagardendesign.com\/fr\/boutique\/"},{"@type":"ListItem","position":3,"name":"GATSBY &#8211; Grande table ronde"}]},{"@type":"WebSite","@id":"https:\/\/www.lavillagardendesign.com\/#website","url":"https:\/\/www.lavillagardendesign.com\/","name":"La Villa Garden&Design","description":"","publisher":{"@id":"https:\/\/www.lavillagardendesign.com\/#organization"},"potentialAction":[{"@type":"SearchAction","target":{"@type":"EntryPoint","urlTemplate":"https:\/\/www.lavillagardendesign.com\/?s={search_term_string}"},"query-input":{"@type":"PropertyValueSpecification","valueRequired":true,"valueName":"search_term_string"}}],"inLanguage":"fr-FR"},{"@type":"Organization","@id":"https:\/\/www.lavillagardendesign.com\/#organization","name":"La Villa Garden&Design","url":"https:\/\/www.lavillagardendesign.com\/","logo":{"@type":"ImageObject","inLanguage":"fr-FR","@id":"https:\/\/www.lavillagardendesign.com\/#\/schema\/logo\/image\/","url":"https:\/\/www.lavillagardendesign.com\/wp-content\/uploads\/2024\/04\/logolavilla.png","contentUrl":"https:\/\/www.lavillagardendesign.com\/wp-content\/uploads\/2024\/04\/logolavilla.png","width":682,"height":391,"caption":"La Villa Garden&Design"},"image":{"@id":"https:\/\/www.lavillagardendesign.com\/#\/schema\/logo\/image\/"},"sameAs":["https:\/\/www.facebook.com\/lavillagardendesign\/"]}]}},"_links":{"self":[{"href":"https:\/\/www.lavillagardendesign.com\/fr\/wp-json\/wp\/v2\/product\/58024","targetHints":{"allow":["GET"]}}],"collection":[{"href":"https:\/\/www.lavillagardendesign.com\/fr\/wp-json\/wp\/v2\/product"}],"about":[{"href":"https:\/\/www.lavillagardendesign.com\/fr\/wp-json\/wp\/v2\/types\/product"}],"replies":[{"embeddable":true,"href":"https:\/\/www.lavillagardendesign.com\/fr\/wp-json\/wp\/v2\/comments?post=58024"}],"version-history":[{"count":1,"href":"https:\/\/www.lavillagardendesign.com\/fr\/wp-json\/wp\/v2\/product\/58024\/revisions"}],"predecessor-version":[{"id":62843,"href":"https:\/\/www.lavillagardendesign.com\/fr\/wp-json\/wp\/v2\/product\/58024\/revisions\/62843"}],"wp:featuredmedia":[{"embeddable":true,"href":"https:\/\/www.lavillagardendesign.com\/fr\/wp-json\/wp\/v2\/media\/57917"}],"wp:attachment":[{"href":"https:\/\/www.lavillagardendesign.com\/fr\/wp-json\/wp\/v2\/media?parent=58024"}],"wp:term":[{"taxonomy":"product_brand","embeddable":true,"href":"https:\/\/www.lavillagardendesign.com\/fr\/wp-json\/wp\/v2\/product_brand?post=58024"},{"taxonomy":"product_cat","embeddable":true,"href":"https:\/\/www.lavillagardendesign.com\/fr\/wp-json\/wp\/v2\/product_cat?post=58024"},{"taxonomy":"product_tag","embeddable":true,"href":"https:\/\/www.lavillagardendesign.com\/fr\/wp-json\/wp\/v2\/product_tag?post=58024"}],"curies":[{"name":"wp","href":"https:\/\/api.w.org\/{rel}","templated":true}]}}