{"id":56581,"date":"2025-08-08T00:52:01","date_gmt":"2025-08-07T23:52:01","guid":{"rendered":"https:\/\/www.lavillagardendesign.com\/product\/gatsby-jardiniere-a-cylindre-o60x100\/"},"modified":"2026-02-23T11:39:32","modified_gmt":"2026-02-23T09:39:32","slug":"gatsby-jardiniere-a-cylindre-o60x100","status":"publish","type":"product","link":"https:\/\/www.lavillagardendesign.com\/fr\/product\/gatsby-jardiniere-a-cylindre-o60x100\/","title":{"rendered":"GATSBY &#8211; Jardini\u00e8re \u00e0 cylindre \u00f860&#215;100"},"content":{"rendered":"","protected":false},"excerpt":{"rendered":"<p><span lang=\"EN-US\">Jardini\u00e8re Gatsby \u00d860&#215;100 cm, id\u00e9ale pour d\u00e9corer avec \u00e9l\u00e9gance les espaces int\u00e9rieurs et ext\u00e9rieurs.  <\/span><\/p>\n<p><img loading=\"lazy\" decoding=\"async\" class=\"alignnone size-medium wp-image-56405\" src=\"https:\/\/www.lavillagardendesign.com\/wp-content\/uploads\/2025\/08\/54426-300x300.jpg\" alt=\"\" width=\"300\" height=\"300\" srcset=\"https:\/\/www.lavillagardendesign.com\/wp-content\/uploads\/2025\/08\/54426-300x300.jpg 300w, https:\/\/www.lavillagardendesign.com\/wp-content\/uploads\/2025\/08\/54426-600x600.jpg 600w, https:\/\/www.lavillagardendesign.com\/wp-content\/uploads\/2025\/08\/54426-150x150.jpg 150w, https:\/\/www.lavillagardendesign.com\/wp-content\/uploads\/2025\/08\/54426-768x768.jpg 768w, https:\/\/www.lavillagardendesign.com\/wp-content\/uploads\/2025\/08\/54426.jpg 800w\" sizes=\"auto, (max-width: 300px) 100vw, 300px\" \/><\/p>\n","protected":false},"featured_media":56439,"comment_status":"open","ping_status":"closed","template":"","meta":[],"product_brand":[5000],"product_cat":[2922,2927,6832],"product_tag":[],"class_list":{"0":"post-56581","1":"product","2":"type-product","3":"status-publish","4":"has-post-thumbnail","6":"product_brand-vondom","7":"product_cat-accessoires","8":"product_cat-jardinieres","9":"product_cat-outdoor-fr","11":"first","12":"instock","13":"taxable","14":"shipping-taxable","15":"purchasable","16":"product-type-variable"},"yoast_head":"<!-- This site is optimized with the Yoast SEO plugin v27.4 - https:\/\/yoast.com\/product\/yoast-seo-wordpress\/ -->\n<title>GATSBY - Jardini\u00e8re \u00e0 cylindre \u00f860x100 - La Villa Garden&amp;Design<\/title>\n<meta name=\"robots\" content=\"index, follow, max-snippet:-1, max-image-preview:large, max-video-preview:-1\" \/>\n<link rel=\"canonical\" href=\"https:\/\/www.lavillagardendesign.com\/fr\/product\/gatsby-jardiniere-a-cylindre-o60x100\/\" \/>\n<meta property=\"og:locale\" content=\"fr_FR\" \/>\n<meta property=\"og:type\" content=\"article\" \/>\n<meta property=\"og:title\" content=\"GATSBY - Jardini\u00e8re \u00e0 cylindre \u00f860x100 - La Villa Garden&amp;Design\" \/>\n<meta property=\"og:description\" content=\"Jardini\u00e8re Gatsby \u00d860x100 cm, id\u00e9ale pour d\u00e9corer avec \u00e9l\u00e9gance les espaces int\u00e9rieurs et ext\u00e9rieurs.\" \/>\n<meta property=\"og:url\" content=\"https:\/\/www.lavillagardendesign.com\/fr\/product\/gatsby-jardiniere-a-cylindre-o60x100\/\" \/>\n<meta property=\"og:site_name\" content=\"La Villa Garden&amp;Design\" \/>\n<meta property=\"article:publisher\" content=\"https:\/\/www.facebook.com\/lavillagardendesign\/\" \/>\n<meta property=\"article:modified_time\" content=\"2026-02-23T09:39:32+00:00\" \/>\n<meta property=\"og:image\" content=\"https:\/\/www.lavillagardendesign.com\/wp-content\/uploads\/2025\/08\/54426_ECR.jpg\" \/>\n\t<meta property=\"og:image:width\" content=\"300\" \/>\n\t<meta property=\"og:image:height\" content=\"343\" \/>\n\t<meta property=\"og:image:type\" content=\"image\/jpeg\" \/>\n<meta name=\"twitter:card\" content=\"summary_large_image\" \/>\n<script type=\"application\/ld+json\" class=\"yoast-schema-graph\">{\"@context\":\"https:\\\/\\\/schema.org\",\"@graph\":[{\"@type\":\"WebPage\",\"@id\":\"https:\\\/\\\/www.lavillagardendesign.com\\\/fr\\\/product\\\/gatsby-jardiniere-a-cylindre-o60x100\\\/\",\"url\":\"https:\\\/\\\/www.lavillagardendesign.com\\\/fr\\\/product\\\/gatsby-jardiniere-a-cylindre-o60x100\\\/\",\"name\":\"GATSBY - Jardini\u00e8re \u00e0 cylindre \u00f860x100 - La Villa Garden&amp;Design\",\"isPartOf\":{\"@id\":\"https:\\\/\\\/www.lavillagardendesign.com\\\/#website\"},\"primaryImageOfPage\":{\"@id\":\"https:\\\/\\\/www.lavillagardendesign.com\\\/fr\\\/product\\\/gatsby-jardiniere-a-cylindre-o60x100\\\/#primaryimage\"},\"image\":{\"@id\":\"https:\\\/\\\/www.lavillagardendesign.com\\\/fr\\\/product\\\/gatsby-jardiniere-a-cylindre-o60x100\\\/#primaryimage\"},\"thumbnailUrl\":\"https:\\\/\\\/www.lavillagardendesign.com\\\/wp-content\\\/uploads\\\/2025\\\/08\\\/54426_ECR.jpg\",\"datePublished\":\"2025-08-07T23:52:01+00:00\",\"dateModified\":\"2026-02-23T09:39:32+00:00\",\"breadcrumb\":{\"@id\":\"https:\\\/\\\/www.lavillagardendesign.com\\\/fr\\\/product\\\/gatsby-jardiniere-a-cylindre-o60x100\\\/#breadcrumb\"},\"inLanguage\":\"fr-FR\",\"potentialAction\":[{\"@type\":\"ReadAction\",\"target\":[\"https:\\\/\\\/www.lavillagardendesign.com\\\/fr\\\/product\\\/gatsby-jardiniere-a-cylindre-o60x100\\\/\"]}]},{\"@type\":\"ImageObject\",\"inLanguage\":\"fr-FR\",\"@id\":\"https:\\\/\\\/www.lavillagardendesign.com\\\/fr\\\/product\\\/gatsby-jardiniere-a-cylindre-o60x100\\\/#primaryimage\",\"url\":\"https:\\\/\\\/www.lavillagardendesign.com\\\/wp-content\\\/uploads\\\/2025\\\/08\\\/54426_ECR.jpg\",\"contentUrl\":\"https:\\\/\\\/www.lavillagardendesign.com\\\/wp-content\\\/uploads\\\/2025\\\/08\\\/54426_ECR.jpg\",\"width\":300,\"height\":343},{\"@type\":\"BreadcrumbList\",\"@id\":\"https:\\\/\\\/www.lavillagardendesign.com\\\/fr\\\/product\\\/gatsby-jardiniere-a-cylindre-o60x100\\\/#breadcrumb\",\"itemListElement\":[{\"@type\":\"ListItem\",\"position\":1,\"name\":\"Home\",\"item\":\"https:\\\/\\\/www.lavillagardendesign.com\\\/\"},{\"@type\":\"ListItem\",\"position\":2,\"name\":\"Boutique\",\"item\":\"https:\\\/\\\/www.lavillagardendesign.com\\\/fr\\\/boutique\\\/\"},{\"@type\":\"ListItem\",\"position\":3,\"name\":\"GATSBY &#8211; Jardini\u00e8re \u00e0 cylindre \u00f860&#215;100\"}]},{\"@type\":\"WebSite\",\"@id\":\"https:\\\/\\\/www.lavillagardendesign.com\\\/#website\",\"url\":\"https:\\\/\\\/www.lavillagardendesign.com\\\/\",\"name\":\"La Villa Garden&Design\",\"description\":\"\",\"publisher\":{\"@id\":\"https:\\\/\\\/www.lavillagardendesign.com\\\/#organization\"},\"potentialAction\":[{\"@type\":\"SearchAction\",\"target\":{\"@type\":\"EntryPoint\",\"urlTemplate\":\"https:\\\/\\\/www.lavillagardendesign.com\\\/?s={search_term_string}\"},\"query-input\":{\"@type\":\"PropertyValueSpecification\",\"valueRequired\":true,\"valueName\":\"search_term_string\"}}],\"inLanguage\":\"fr-FR\"},{\"@type\":\"Organization\",\"@id\":\"https:\\\/\\\/www.lavillagardendesign.com\\\/#organization\",\"name\":\"La Villa Garden&Design\",\"url\":\"https:\\\/\\\/www.lavillagardendesign.com\\\/\",\"logo\":{\"@type\":\"ImageObject\",\"inLanguage\":\"fr-FR\",\"@id\":\"https:\\\/\\\/www.lavillagardendesign.com\\\/#\\\/schema\\\/logo\\\/image\\\/\",\"url\":\"https:\\\/\\\/www.lavillagardendesign.com\\\/wp-content\\\/uploads\\\/2024\\\/04\\\/logolavilla.png\",\"contentUrl\":\"https:\\\/\\\/www.lavillagardendesign.com\\\/wp-content\\\/uploads\\\/2024\\\/04\\\/logolavilla.png\",\"width\":682,\"height\":391,\"caption\":\"La Villa Garden&Design\"},\"image\":{\"@id\":\"https:\\\/\\\/www.lavillagardendesign.com\\\/#\\\/schema\\\/logo\\\/image\\\/\"},\"sameAs\":[\"https:\\\/\\\/www.facebook.com\\\/lavillagardendesign\\\/\"]}]}<\/script>\n<!-- \/ Yoast SEO plugin. -->","yoast_head_json":{"title":"GATSBY - Jardini\u00e8re \u00e0 cylindre \u00f860x100 - La Villa Garden&amp;Design","robots":{"index":"index","follow":"follow","max-snippet":"max-snippet:-1","max-image-preview":"max-image-preview:large","max-video-preview":"max-video-preview:-1"},"canonical":"https:\/\/www.lavillagardendesign.com\/fr\/product\/gatsby-jardiniere-a-cylindre-o60x100\/","og_locale":"fr_FR","og_type":"article","og_title":"GATSBY - Jardini\u00e8re \u00e0 cylindre \u00f860x100 - La Villa Garden&amp;Design","og_description":"Jardini\u00e8re Gatsby \u00d860x100 cm, id\u00e9ale pour d\u00e9corer avec \u00e9l\u00e9gance les espaces int\u00e9rieurs et ext\u00e9rieurs.","og_url":"https:\/\/www.lavillagardendesign.com\/fr\/product\/gatsby-jardiniere-a-cylindre-o60x100\/","og_site_name":"La Villa Garden&amp;Design","article_publisher":"https:\/\/www.facebook.com\/lavillagardendesign\/","article_modified_time":"2026-02-23T09:39:32+00:00","og_image":[{"width":300,"height":343,"url":"https:\/\/www.lavillagardendesign.com\/wp-content\/uploads\/2025\/08\/54426_ECR.jpg","type":"image\/jpeg"}],"twitter_card":"summary_large_image","schema":{"@context":"https:\/\/schema.org","@graph":[{"@type":"WebPage","@id":"https:\/\/www.lavillagardendesign.com\/fr\/product\/gatsby-jardiniere-a-cylindre-o60x100\/","url":"https:\/\/www.lavillagardendesign.com\/fr\/product\/gatsby-jardiniere-a-cylindre-o60x100\/","name":"GATSBY - Jardini\u00e8re \u00e0 cylindre \u00f860x100 - La Villa Garden&amp;Design","isPartOf":{"@id":"https:\/\/www.lavillagardendesign.com\/#website"},"primaryImageOfPage":{"@id":"https:\/\/www.lavillagardendesign.com\/fr\/product\/gatsby-jardiniere-a-cylindre-o60x100\/#primaryimage"},"image":{"@id":"https:\/\/www.lavillagardendesign.com\/fr\/product\/gatsby-jardiniere-a-cylindre-o60x100\/#primaryimage"},"thumbnailUrl":"https:\/\/www.lavillagardendesign.com\/wp-content\/uploads\/2025\/08\/54426_ECR.jpg","datePublished":"2025-08-07T23:52:01+00:00","dateModified":"2026-02-23T09:39:32+00:00","breadcrumb":{"@id":"https:\/\/www.lavillagardendesign.com\/fr\/product\/gatsby-jardiniere-a-cylindre-o60x100\/#breadcrumb"},"inLanguage":"fr-FR","potentialAction":[{"@type":"ReadAction","target":["https:\/\/www.lavillagardendesign.com\/fr\/product\/gatsby-jardiniere-a-cylindre-o60x100\/"]}]},{"@type":"ImageObject","inLanguage":"fr-FR","@id":"https:\/\/www.lavillagardendesign.com\/fr\/product\/gatsby-jardiniere-a-cylindre-o60x100\/#primaryimage","url":"https:\/\/www.lavillagardendesign.com\/wp-content\/uploads\/2025\/08\/54426_ECR.jpg","contentUrl":"https:\/\/www.lavillagardendesign.com\/wp-content\/uploads\/2025\/08\/54426_ECR.jpg","width":300,"height":343},{"@type":"BreadcrumbList","@id":"https:\/\/www.lavillagardendesign.com\/fr\/product\/gatsby-jardiniere-a-cylindre-o60x100\/#breadcrumb","itemListElement":[{"@type":"ListItem","position":1,"name":"Home","item":"https:\/\/www.lavillagardendesign.com\/"},{"@type":"ListItem","position":2,"name":"Boutique","item":"https:\/\/www.lavillagardendesign.com\/fr\/boutique\/"},{"@type":"ListItem","position":3,"name":"GATSBY &#8211; Jardini\u00e8re \u00e0 cylindre \u00f860&#215;100"}]},{"@type":"WebSite","@id":"https:\/\/www.lavillagardendesign.com\/#website","url":"https:\/\/www.lavillagardendesign.com\/","name":"La Villa Garden&Design","description":"","publisher":{"@id":"https:\/\/www.lavillagardendesign.com\/#organization"},"potentialAction":[{"@type":"SearchAction","target":{"@type":"EntryPoint","urlTemplate":"https:\/\/www.lavillagardendesign.com\/?s={search_term_string}"},"query-input":{"@type":"PropertyValueSpecification","valueRequired":true,"valueName":"search_term_string"}}],"inLanguage":"fr-FR"},{"@type":"Organization","@id":"https:\/\/www.lavillagardendesign.com\/#organization","name":"La Villa Garden&Design","url":"https:\/\/www.lavillagardendesign.com\/","logo":{"@type":"ImageObject","inLanguage":"fr-FR","@id":"https:\/\/www.lavillagardendesign.com\/#\/schema\/logo\/image\/","url":"https:\/\/www.lavillagardendesign.com\/wp-content\/uploads\/2024\/04\/logolavilla.png","contentUrl":"https:\/\/www.lavillagardendesign.com\/wp-content\/uploads\/2024\/04\/logolavilla.png","width":682,"height":391,"caption":"La Villa Garden&Design"},"image":{"@id":"https:\/\/www.lavillagardendesign.com\/#\/schema\/logo\/image\/"},"sameAs":["https:\/\/www.facebook.com\/lavillagardendesign\/"]}]}},"_links":{"self":[{"href":"https:\/\/www.lavillagardendesign.com\/fr\/wp-json\/wp\/v2\/product\/56581","targetHints":{"allow":["GET"]}}],"collection":[{"href":"https:\/\/www.lavillagardendesign.com\/fr\/wp-json\/wp\/v2\/product"}],"about":[{"href":"https:\/\/www.lavillagardendesign.com\/fr\/wp-json\/wp\/v2\/types\/product"}],"replies":[{"embeddable":true,"href":"https:\/\/www.lavillagardendesign.com\/fr\/wp-json\/wp\/v2\/comments?post=56581"}],"version-history":[{"count":1,"href":"https:\/\/www.lavillagardendesign.com\/fr\/wp-json\/wp\/v2\/product\/56581\/revisions"}],"predecessor-version":[{"id":56607,"href":"https:\/\/www.lavillagardendesign.com\/fr\/wp-json\/wp\/v2\/product\/56581\/revisions\/56607"}],"wp:featuredmedia":[{"embeddable":true,"href":"https:\/\/www.lavillagardendesign.com\/fr\/wp-json\/wp\/v2\/media\/56439"}],"wp:attachment":[{"href":"https:\/\/www.lavillagardendesign.com\/fr\/wp-json\/wp\/v2\/media?parent=56581"}],"wp:term":[{"taxonomy":"product_brand","embeddable":true,"href":"https:\/\/www.lavillagardendesign.com\/fr\/wp-json\/wp\/v2\/product_brand?post=56581"},{"taxonomy":"product_cat","embeddable":true,"href":"https:\/\/www.lavillagardendesign.com\/fr\/wp-json\/wp\/v2\/product_cat?post=56581"},{"taxonomy":"product_tag","embeddable":true,"href":"https:\/\/www.lavillagardendesign.com\/fr\/wp-json\/wp\/v2\/product_tag?post=56581"}],"curies":[{"name":"wp","href":"https:\/\/api.w.org\/{rel}","templated":true}]}}