{"id":55406,"date":"2025-06-14T09:40:20","date_gmt":"2025-06-14T08:40:20","guid":{"rendered":"https:\/\/www.lavillagardendesign.com\/product\/theseus-canape-dexterieur-5-places-naturel\/"},"modified":"2026-02-23T11:41:32","modified_gmt":"2026-02-23T09:41:32","slug":"theseus-canape-dexterieur-5-places-naturel","status":"publish","type":"product","link":"https:\/\/www.lavillagardendesign.com\/fr\/product\/theseus-canape-dexterieur-5-places-naturel\/","title":{"rendered":"THESEUS Canap\u00e9 d&rsquo;ext\u00e9rieur 5 places naturel"},"content":{"rendered":"","protected":false},"excerpt":{"rendered":"<p>Le canap\u00e9 THESEUS Natural apporte \u00e9l\u00e9gance et fonctionnalit\u00e9 \u00e0 tout espace ext\u00e9rieur.<br \/>\nFabriqu\u00e9 en aluminium peint par poudrage avec une finition effet bois r\u00e9aliste, il est parfait pour les jardins, les patios ou les terrasses.<br \/>\nL&rsquo;ensemble comprend des coussins amovibles avec un tissu Spunpoly hydrofuge (100% polyester) et un rembourrage en mousse \u00e0 s\u00e9chage rapide.<br \/>\nLes pieds r\u00e9glables et la quincaillerie en acier inoxydable assurent la durabilit\u00e9 de l&rsquo;ensemble. Table basse incluse, facile \u00e0 assembler. <\/p>\n<p>Caract\u00e9ristiques principales<br \/>\n&#8211; Ensemble canap\u00e9 d&rsquo;ext\u00e9rieur 5 places<br \/>\n&#8211; Structure en aluminium \u00e0 effet bois<br \/>\n&#8211; Coussins d\u00e9houssables et hydrofuges<br \/>\n&#8211; Rembourrage en mousse \u00e0 s\u00e9chage rapide (Fast Dry Foam)<br \/>\n&#8211; Quincaillerie en acier inoxydable<br \/>\n&#8211; Table basse incluse (assemblage n\u00e9cessaire)<br \/>\n&#8211; Pieds r\u00e9glables<br \/>\n&#8211; Poids total : 77,2 kg<\/p>\n<p>Dimensions (cm)<br \/>\n&#8211; Canap\u00e9 simple : 73 L x 79 P x 77 H<br \/>\n&#8211; Canap\u00e9 double : 203 L x 79 P x 77 H<br \/>\n&#8211; Table basse : 130 L x 73,5 P x 38 H<\/p>\n","protected":false},"featured_media":55185,"comment_status":"open","ping_status":"closed","template":"","meta":[],"product_brand":[4998],"product_cat":[6832,2935,2937],"product_tag":[],"class_list":{"0":"post-55406","1":"product","2":"type-product","3":"status-publish","4":"has-post-thumbnail","6":"product_brand-la-villa","7":"product_cat-outdoor-fr","8":"product_cat-canapes-fauteuils","9":"product_cat-canapes","11":"first","12":"instock","13":"taxable","14":"shipping-taxable","15":"purchasable","16":"product-type-simple"},"yoast_head":"<!-- This site is optimized with the Yoast SEO plugin v27.1.1 - https:\/\/yoast.com\/product\/yoast-seo-wordpress\/ -->\n<title>THESEUS Canap\u00e9 d&#039;ext\u00e9rieur 5 places naturel - La Villa Garden&amp;Design<\/title>\n<meta name=\"robots\" content=\"index, follow, max-snippet:-1, max-image-preview:large, max-video-preview:-1\" \/>\n<link rel=\"canonical\" href=\"https:\/\/www.lavillagardendesign.com\/fr\/product\/theseus-canape-dexterieur-5-places-naturel\/\" \/>\n<meta property=\"og:locale\" content=\"fr_FR\" \/>\n<meta property=\"og:type\" content=\"article\" \/>\n<meta property=\"og:title\" content=\"THESEUS Canap\u00e9 d&#039;ext\u00e9rieur 5 places naturel - La Villa Garden&amp;Design\" \/>\n<meta property=\"og:description\" content=\"Le canap\u00e9 THESEUS Natural apporte \u00e9l\u00e9gance et fonctionnalit\u00e9 \u00e0 tout espace ext\u00e9rieur. Fabriqu\u00e9 en aluminium peint par poudrage avec une finition effet bois r\u00e9aliste, il est parfait pour les jardins, les patios ou les terrasses. L&#039;ensemble comprend des coussins amovibles avec un tissu Spunpoly hydrofuge (100% polyester) et un rembourrage en mousse \u00e0 s\u00e9chage rapide. Les pieds r\u00e9glables et la quincaillerie en acier inoxydable assurent la durabilit\u00e9 de l&#039;ensemble. Table basse incluse, facile \u00e0 assembler.  Caract\u00e9ristiques principales - Ensemble canap\u00e9 d&#039;ext\u00e9rieur 5 places - Structure en aluminium \u00e0 effet bois - Coussins d\u00e9houssables et hydrofuges - Rembourrage en mousse \u00e0 s\u00e9chage rapide (Fast Dry Foam) - Quincaillerie en acier inoxydable - Table basse incluse (assemblage n\u00e9cessaire) - Pieds r\u00e9glables - Poids total : 77,2 kg Dimensions (cm) - Canap\u00e9 simple : 73 L x 79 P x 77 H - Canap\u00e9 double : 203 L x 79 P x 77 H - Table basse : 130 L x 73,5 P x 38 H\" \/>\n<meta property=\"og:url\" content=\"https:\/\/www.lavillagardendesign.com\/fr\/product\/theseus-canape-dexterieur-5-places-naturel\/\" \/>\n<meta property=\"og:site_name\" content=\"La Villa Garden&amp;Design\" \/>\n<meta property=\"article:publisher\" content=\"https:\/\/www.facebook.com\/lavillagardendesign\/\" \/>\n<meta property=\"article:modified_time\" content=\"2026-02-23T09:41:32+00:00\" \/>\n<meta property=\"og:image\" content=\"https:\/\/www.lavillagardendesign.com\/wp-content\/uploads\/2025\/06\/thes.jpg\" \/>\n\t<meta property=\"og:image:width\" content=\"700\" \/>\n\t<meta property=\"og:image:height\" content=\"800\" \/>\n\t<meta property=\"og:image:type\" content=\"image\/jpeg\" \/>\n<meta name=\"twitter:card\" content=\"summary_large_image\" \/>\n<script type=\"application\/ld+json\" class=\"yoast-schema-graph\">{\"@context\":\"https:\/\/schema.org\",\"@graph\":[{\"@type\":\"WebPage\",\"@id\":\"https:\/\/www.lavillagardendesign.com\/fr\/product\/theseus-canape-dexterieur-5-places-naturel\/\",\"url\":\"https:\/\/www.lavillagardendesign.com\/fr\/product\/theseus-canape-dexterieur-5-places-naturel\/\",\"name\":\"THESEUS Canap\u00e9 d'ext\u00e9rieur 5 places naturel - La Villa Garden&amp;Design\",\"isPartOf\":{\"@id\":\"https:\/\/www.lavillagardendesign.com\/#website\"},\"primaryImageOfPage\":{\"@id\":\"https:\/\/www.lavillagardendesign.com\/fr\/product\/theseus-canape-dexterieur-5-places-naturel\/#primaryimage\"},\"image\":{\"@id\":\"https:\/\/www.lavillagardendesign.com\/fr\/product\/theseus-canape-dexterieur-5-places-naturel\/#primaryimage\"},\"thumbnailUrl\":\"https:\/\/www.lavillagardendesign.com\/wp-content\/uploads\/2025\/06\/thes.jpg\",\"datePublished\":\"2025-06-14T08:40:20+00:00\",\"dateModified\":\"2026-02-23T09:41:32+00:00\",\"breadcrumb\":{\"@id\":\"https:\/\/www.lavillagardendesign.com\/fr\/product\/theseus-canape-dexterieur-5-places-naturel\/#breadcrumb\"},\"inLanguage\":\"fr-FR\",\"potentialAction\":[{\"@type\":\"ReadAction\",\"target\":[\"https:\/\/www.lavillagardendesign.com\/fr\/product\/theseus-canape-dexterieur-5-places-naturel\/\"]}]},{\"@type\":\"ImageObject\",\"inLanguage\":\"fr-FR\",\"@id\":\"https:\/\/www.lavillagardendesign.com\/fr\/product\/theseus-canape-dexterieur-5-places-naturel\/#primaryimage\",\"url\":\"https:\/\/www.lavillagardendesign.com\/wp-content\/uploads\/2025\/06\/thes.jpg\",\"contentUrl\":\"https:\/\/www.lavillagardendesign.com\/wp-content\/uploads\/2025\/06\/thes.jpg\",\"width\":700,\"height\":800},{\"@type\":\"BreadcrumbList\",\"@id\":\"https:\/\/www.lavillagardendesign.com\/fr\/product\/theseus-canape-dexterieur-5-places-naturel\/#breadcrumb\",\"itemListElement\":[{\"@type\":\"ListItem\",\"position\":1,\"name\":\"Home\",\"item\":\"https:\/\/www.lavillagardendesign.com\/\"},{\"@type\":\"ListItem\",\"position\":2,\"name\":\"Boutique\",\"item\":\"https:\/\/www.lavillagardendesign.com\/fr\/boutique\/\"},{\"@type\":\"ListItem\",\"position\":3,\"name\":\"THESEUS Canap\u00e9 d&#8217;ext\u00e9rieur 5 places naturel\"}]},{\"@type\":\"WebSite\",\"@id\":\"https:\/\/www.lavillagardendesign.com\/#website\",\"url\":\"https:\/\/www.lavillagardendesign.com\/\",\"name\":\"La Villa Garden&Design\",\"description\":\"\",\"publisher\":{\"@id\":\"https:\/\/www.lavillagardendesign.com\/#organization\"},\"potentialAction\":[{\"@type\":\"SearchAction\",\"target\":{\"@type\":\"EntryPoint\",\"urlTemplate\":\"https:\/\/www.lavillagardendesign.com\/?s={search_term_string}\"},\"query-input\":{\"@type\":\"PropertyValueSpecification\",\"valueRequired\":true,\"valueName\":\"search_term_string\"}}],\"inLanguage\":\"fr-FR\"},{\"@type\":\"Organization\",\"@id\":\"https:\/\/www.lavillagardendesign.com\/#organization\",\"name\":\"La Villa Garden&Design\",\"url\":\"https:\/\/www.lavillagardendesign.com\/\",\"logo\":{\"@type\":\"ImageObject\",\"inLanguage\":\"fr-FR\",\"@id\":\"https:\/\/www.lavillagardendesign.com\/#\/schema\/logo\/image\/\",\"url\":\"https:\/\/www.lavillagardendesign.com\/wp-content\/uploads\/2024\/04\/logolavilla.png\",\"contentUrl\":\"https:\/\/www.lavillagardendesign.com\/wp-content\/uploads\/2024\/04\/logolavilla.png\",\"width\":682,\"height\":391,\"caption\":\"La Villa Garden&Design\"},\"image\":{\"@id\":\"https:\/\/www.lavillagardendesign.com\/#\/schema\/logo\/image\/\"},\"sameAs\":[\"https:\/\/www.facebook.com\/lavillagardendesign\/\"]}]}<\/script>\n<!-- \/ Yoast SEO plugin. -->","yoast_head_json":{"title":"THESEUS Canap\u00e9 d'ext\u00e9rieur 5 places naturel - La Villa Garden&amp;Design","robots":{"index":"index","follow":"follow","max-snippet":"max-snippet:-1","max-image-preview":"max-image-preview:large","max-video-preview":"max-video-preview:-1"},"canonical":"https:\/\/www.lavillagardendesign.com\/fr\/product\/theseus-canape-dexterieur-5-places-naturel\/","og_locale":"fr_FR","og_type":"article","og_title":"THESEUS Canap\u00e9 d'ext\u00e9rieur 5 places naturel - La Villa Garden&amp;Design","og_description":"Le canap\u00e9 THESEUS Natural apporte \u00e9l\u00e9gance et fonctionnalit\u00e9 \u00e0 tout espace ext\u00e9rieur. Fabriqu\u00e9 en aluminium peint par poudrage avec une finition effet bois r\u00e9aliste, il est parfait pour les jardins, les patios ou les terrasses. L'ensemble comprend des coussins amovibles avec un tissu Spunpoly hydrofuge (100% polyester) et un rembourrage en mousse \u00e0 s\u00e9chage rapide. Les pieds r\u00e9glables et la quincaillerie en acier inoxydable assurent la durabilit\u00e9 de l'ensemble. Table basse incluse, facile \u00e0 assembler.  Caract\u00e9ristiques principales - Ensemble canap\u00e9 d'ext\u00e9rieur 5 places - Structure en aluminium \u00e0 effet bois - Coussins d\u00e9houssables et hydrofuges - Rembourrage en mousse \u00e0 s\u00e9chage rapide (Fast Dry Foam) - Quincaillerie en acier inoxydable - Table basse incluse (assemblage n\u00e9cessaire) - Pieds r\u00e9glables - Poids total : 77,2 kg Dimensions (cm) - Canap\u00e9 simple : 73 L x 79 P x 77 H - Canap\u00e9 double : 203 L x 79 P x 77 H - Table basse : 130 L x 73,5 P x 38 H","og_url":"https:\/\/www.lavillagardendesign.com\/fr\/product\/theseus-canape-dexterieur-5-places-naturel\/","og_site_name":"La Villa Garden&amp;Design","article_publisher":"https:\/\/www.facebook.com\/lavillagardendesign\/","article_modified_time":"2026-02-23T09:41:32+00:00","og_image":[{"width":700,"height":800,"url":"https:\/\/www.lavillagardendesign.com\/wp-content\/uploads\/2025\/06\/thes.jpg","type":"image\/jpeg"}],"twitter_card":"summary_large_image","schema":{"@context":"https:\/\/schema.org","@graph":[{"@type":"WebPage","@id":"https:\/\/www.lavillagardendesign.com\/fr\/product\/theseus-canape-dexterieur-5-places-naturel\/","url":"https:\/\/www.lavillagardendesign.com\/fr\/product\/theseus-canape-dexterieur-5-places-naturel\/","name":"THESEUS Canap\u00e9 d'ext\u00e9rieur 5 places naturel - La Villa Garden&amp;Design","isPartOf":{"@id":"https:\/\/www.lavillagardendesign.com\/#website"},"primaryImageOfPage":{"@id":"https:\/\/www.lavillagardendesign.com\/fr\/product\/theseus-canape-dexterieur-5-places-naturel\/#primaryimage"},"image":{"@id":"https:\/\/www.lavillagardendesign.com\/fr\/product\/theseus-canape-dexterieur-5-places-naturel\/#primaryimage"},"thumbnailUrl":"https:\/\/www.lavillagardendesign.com\/wp-content\/uploads\/2025\/06\/thes.jpg","datePublished":"2025-06-14T08:40:20+00:00","dateModified":"2026-02-23T09:41:32+00:00","breadcrumb":{"@id":"https:\/\/www.lavillagardendesign.com\/fr\/product\/theseus-canape-dexterieur-5-places-naturel\/#breadcrumb"},"inLanguage":"fr-FR","potentialAction":[{"@type":"ReadAction","target":["https:\/\/www.lavillagardendesign.com\/fr\/product\/theseus-canape-dexterieur-5-places-naturel\/"]}]},{"@type":"ImageObject","inLanguage":"fr-FR","@id":"https:\/\/www.lavillagardendesign.com\/fr\/product\/theseus-canape-dexterieur-5-places-naturel\/#primaryimage","url":"https:\/\/www.lavillagardendesign.com\/wp-content\/uploads\/2025\/06\/thes.jpg","contentUrl":"https:\/\/www.lavillagardendesign.com\/wp-content\/uploads\/2025\/06\/thes.jpg","width":700,"height":800},{"@type":"BreadcrumbList","@id":"https:\/\/www.lavillagardendesign.com\/fr\/product\/theseus-canape-dexterieur-5-places-naturel\/#breadcrumb","itemListElement":[{"@type":"ListItem","position":1,"name":"Home","item":"https:\/\/www.lavillagardendesign.com\/"},{"@type":"ListItem","position":2,"name":"Boutique","item":"https:\/\/www.lavillagardendesign.com\/fr\/boutique\/"},{"@type":"ListItem","position":3,"name":"THESEUS Canap\u00e9 d&#8217;ext\u00e9rieur 5 places naturel"}]},{"@type":"WebSite","@id":"https:\/\/www.lavillagardendesign.com\/#website","url":"https:\/\/www.lavillagardendesign.com\/","name":"La Villa Garden&Design","description":"","publisher":{"@id":"https:\/\/www.lavillagardendesign.com\/#organization"},"potentialAction":[{"@type":"SearchAction","target":{"@type":"EntryPoint","urlTemplate":"https:\/\/www.lavillagardendesign.com\/?s={search_term_string}"},"query-input":{"@type":"PropertyValueSpecification","valueRequired":true,"valueName":"search_term_string"}}],"inLanguage":"fr-FR"},{"@type":"Organization","@id":"https:\/\/www.lavillagardendesign.com\/#organization","name":"La Villa Garden&Design","url":"https:\/\/www.lavillagardendesign.com\/","logo":{"@type":"ImageObject","inLanguage":"fr-FR","@id":"https:\/\/www.lavillagardendesign.com\/#\/schema\/logo\/image\/","url":"https:\/\/www.lavillagardendesign.com\/wp-content\/uploads\/2024\/04\/logolavilla.png","contentUrl":"https:\/\/www.lavillagardendesign.com\/wp-content\/uploads\/2024\/04\/logolavilla.png","width":682,"height":391,"caption":"La Villa Garden&Design"},"image":{"@id":"https:\/\/www.lavillagardendesign.com\/#\/schema\/logo\/image\/"},"sameAs":["https:\/\/www.facebook.com\/lavillagardendesign\/"]}]}},"_links":{"self":[{"href":"https:\/\/www.lavillagardendesign.com\/fr\/wp-json\/wp\/v2\/product\/55406","targetHints":{"allow":["GET"]}}],"collection":[{"href":"https:\/\/www.lavillagardendesign.com\/fr\/wp-json\/wp\/v2\/product"}],"about":[{"href":"https:\/\/www.lavillagardendesign.com\/fr\/wp-json\/wp\/v2\/types\/product"}],"replies":[{"embeddable":true,"href":"https:\/\/www.lavillagardendesign.com\/fr\/wp-json\/wp\/v2\/comments?post=55406"}],"version-history":[{"count":1,"href":"https:\/\/www.lavillagardendesign.com\/fr\/wp-json\/wp\/v2\/product\/55406\/revisions"}],"predecessor-version":[{"id":63719,"href":"https:\/\/www.lavillagardendesign.com\/fr\/wp-json\/wp\/v2\/product\/55406\/revisions\/63719"}],"wp:featuredmedia":[{"embeddable":true,"href":"https:\/\/www.lavillagardendesign.com\/fr\/wp-json\/wp\/v2\/media\/55185"}],"wp:attachment":[{"href":"https:\/\/www.lavillagardendesign.com\/fr\/wp-json\/wp\/v2\/media?parent=55406"}],"wp:term":[{"taxonomy":"product_brand","embeddable":true,"href":"https:\/\/www.lavillagardendesign.com\/fr\/wp-json\/wp\/v2\/product_brand?post=55406"},{"taxonomy":"product_cat","embeddable":true,"href":"https:\/\/www.lavillagardendesign.com\/fr\/wp-json\/wp\/v2\/product_cat?post=55406"},{"taxonomy":"product_tag","embeddable":true,"href":"https:\/\/www.lavillagardendesign.com\/fr\/wp-json\/wp\/v2\/product_tag?post=55406"}],"curies":[{"name":"wp","href":"https:\/\/api.w.org\/{rel}","templated":true}]}}