{"id":55398,"date":"2025-06-14T09:37:39","date_gmt":"2025-06-14T08:37:39","guid":{"rendered":"https:\/\/www.lavillagardendesign.com\/product\/konnor-ensemble-canape-dangle\/"},"modified":"2026-02-23T11:41:31","modified_gmt":"2026-02-23T09:41:31","slug":"konnor-ensemble-canape-dangle","status":"publish","type":"product","link":"https:\/\/www.lavillagardendesign.com\/fr\/product\/konnor-ensemble-canape-dangle\/","title":{"rendered":"KEYS ISLAND &#8211; Canap\u00e9 d&rsquo;angle modulaire en aluminium"},"content":{"rendered":"","protected":false},"excerpt":{"rendered":"<p>Red\u00e9finissez le confort de votre terrasse avec le canap\u00e9 d&rsquo;angle exclusif <span class=\"il\">KEYS<\/span> <span class=\"il\">ISLAND<\/span>, un chef-d&rsquo;\u0153uvre de design modulaire con\u00e7u pour les espaces ext\u00e9rieurs haut de gamme. Sa structure en aluminium rev\u00eatue de poudre de polyester garantit une durabilit\u00e9 extr\u00eame et une r\u00e9sistance totale \u00e0 la corrosion. Cet ensemble se distingue par sa polyvalence architecturale, compos\u00e9e de deux modules qui forment une unit\u00e9 d&rsquo;angle spacieuse et une table basse rectangulaire. Les coussins d\u00e9houssables en tissu <b>Olefin<\/b> (100 % polypropyl\u00e8ne), un mat\u00e9riau technique hydrofuge, r\u00e9sistant aux UV et doux au toucher, offrent un confort sup\u00e9rieur. Disponible en deux finitions pour d\u00e9finir le caract\u00e8re de votre villa : <b>Blanc<\/b> lumineux pour un style m\u00e9diterran\u00e9en pur, ou <b>Anthracite<\/b> \u00e9pur\u00e9 pour un look moderne et avant-gardiste. Les tables d&rsquo;appoint int\u00e9gr\u00e9es ajoutent une fonctionnalit\u00e9 pratique et un attrait esth\u00e9tique.     <\/p>\n<ul>\n<li><b>Canap\u00e9 Module 1 :<\/b> Longueur 211 cm | Profondeur 73,4 cm | Hauteur 80 cm<\/li>\n<li><b>Canap\u00e9 Module 2 :<\/b> Longueur 214 cm | Profondeur 73,4 cm | Hauteur 80 cm<\/li>\n<li><b>Table basse :<\/b> Longueur 100 cm | Profondeur 60 cm | Hauteur 40 cm<\/li>\n<li><b>Hauteur du si\u00e8ge :<\/b> 43 cm<\/li>\n<\/ul>\n","protected":false},"featured_media":55265,"comment_status":"open","ping_status":"closed","template":"","meta":[],"product_brand":[4998],"product_cat":[6832,2935,2937],"product_tag":[],"class_list":{"0":"post-55398","1":"product","2":"type-product","3":"status-publish","4":"has-post-thumbnail","6":"product_brand-la-villa","7":"product_cat-outdoor-fr","8":"product_cat-canapes-fauteuils","9":"product_cat-canapes","11":"first","12":"instock","13":"sale","14":"taxable","15":"shipping-taxable","16":"purchasable","17":"product-type-variable","18":"has-default-attributes"},"yoast_head":"<!-- This site is optimized with the Yoast SEO plugin v27.1.1 - https:\/\/yoast.com\/product\/yoast-seo-wordpress\/ -->\n<title>KEYS ISLAND Canap\u00e9 d&#039;angle en aluminium | Blanc ou Anthracite | Luxe<\/title>\n<meta name=\"description\" content=\"Ensemble de jardin modulaire KEYS ISLAND. Canap\u00e9 d&#039;angle en aluminium avec tables int\u00e9gr\u00e9es et coussins de luxe en ol\u00e9fine. Disponible en blanc et anthracite. Offre en ligne.\" \/>\n<meta name=\"robots\" content=\"index, follow, max-snippet:-1, max-image-preview:large, max-video-preview:-1\" \/>\n<link rel=\"canonical\" href=\"https:\/\/www.lavillagardendesign.com\/fr\/product\/konnor-ensemble-canape-dangle\/\" \/>\n<meta property=\"og:locale\" content=\"fr_FR\" \/>\n<meta property=\"og:type\" content=\"article\" \/>\n<meta property=\"og:title\" content=\"KEYS ISLAND Canap\u00e9 d&#039;angle en aluminium | Blanc ou Anthracite | Luxe\" \/>\n<meta property=\"og:description\" content=\"Ensemble de jardin modulaire KEYS ISLAND. Canap\u00e9 d&#039;angle en aluminium avec tables int\u00e9gr\u00e9es et coussins de luxe en ol\u00e9fine. Disponible en blanc et anthracite. Offre en ligne.\" \/>\n<meta property=\"og:url\" content=\"https:\/\/www.lavillagardendesign.com\/fr\/product\/konnor-ensemble-canape-dangle\/\" \/>\n<meta property=\"og:site_name\" content=\"La Villa Garden&amp;Design\" \/>\n<meta property=\"article:publisher\" content=\"https:\/\/www.facebook.com\/lavillagardendesign\/\" \/>\n<meta property=\"article:modified_time\" content=\"2026-02-23T09:41:31+00:00\" \/>\n<meta property=\"og:image\" content=\"https:\/\/www.lavillagardendesign.com\/wp-content\/uploads\/2025\/06\/konnor.jpg\" \/>\n\t<meta property=\"og:image:width\" content=\"700\" \/>\n\t<meta property=\"og:image:height\" content=\"800\" \/>\n\t<meta property=\"og:image:type\" content=\"image\/jpeg\" \/>\n<meta name=\"twitter:card\" content=\"summary_large_image\" \/>\n<script type=\"application\/ld+json\" class=\"yoast-schema-graph\">{\"@context\":\"https:\/\/schema.org\",\"@graph\":[{\"@type\":\"WebPage\",\"@id\":\"https:\/\/www.lavillagardendesign.com\/fr\/product\/konnor-ensemble-canape-dangle\/\",\"url\":\"https:\/\/www.lavillagardendesign.com\/fr\/product\/konnor-ensemble-canape-dangle\/\",\"name\":\"KEYS ISLAND Canap\u00e9 d'angle en aluminium | Blanc ou Anthracite | Luxe\",\"isPartOf\":{\"@id\":\"https:\/\/www.lavillagardendesign.com\/#website\"},\"primaryImageOfPage\":{\"@id\":\"https:\/\/www.lavillagardendesign.com\/fr\/product\/konnor-ensemble-canape-dangle\/#primaryimage\"},\"image\":{\"@id\":\"https:\/\/www.lavillagardendesign.com\/fr\/product\/konnor-ensemble-canape-dangle\/#primaryimage\"},\"thumbnailUrl\":\"https:\/\/www.lavillagardendesign.com\/wp-content\/uploads\/2025\/06\/konnor.jpg\",\"datePublished\":\"2025-06-14T08:37:39+00:00\",\"dateModified\":\"2026-02-23T09:41:31+00:00\",\"description\":\"Ensemble de jardin modulaire KEYS ISLAND. Canap\u00e9 d'angle en aluminium avec tables int\u00e9gr\u00e9es et coussins de luxe en ol\u00e9fine. Disponible en blanc et anthracite. Offre en ligne.\",\"breadcrumb\":{\"@id\":\"https:\/\/www.lavillagardendesign.com\/fr\/product\/konnor-ensemble-canape-dangle\/#breadcrumb\"},\"inLanguage\":\"fr-FR\",\"potentialAction\":[{\"@type\":\"ReadAction\",\"target\":[\"https:\/\/www.lavillagardendesign.com\/fr\/product\/konnor-ensemble-canape-dangle\/\"]}]},{\"@type\":\"ImageObject\",\"inLanguage\":\"fr-FR\",\"@id\":\"https:\/\/www.lavillagardendesign.com\/fr\/product\/konnor-ensemble-canape-dangle\/#primaryimage\",\"url\":\"https:\/\/www.lavillagardendesign.com\/wp-content\/uploads\/2025\/06\/konnor.jpg\",\"contentUrl\":\"https:\/\/www.lavillagardendesign.com\/wp-content\/uploads\/2025\/06\/konnor.jpg\",\"width\":700,\"height\":800},{\"@type\":\"BreadcrumbList\",\"@id\":\"https:\/\/www.lavillagardendesign.com\/fr\/product\/konnor-ensemble-canape-dangle\/#breadcrumb\",\"itemListElement\":[{\"@type\":\"ListItem\",\"position\":1,\"name\":\"Home\",\"item\":\"https:\/\/www.lavillagardendesign.com\/\"},{\"@type\":\"ListItem\",\"position\":2,\"name\":\"Boutique\",\"item\":\"https:\/\/www.lavillagardendesign.com\/fr\/boutique\/\"},{\"@type\":\"ListItem\",\"position\":3,\"name\":\"KEYS ISLAND &#8211; Canap\u00e9 d&#8217;angle modulaire en aluminium\"}]},{\"@type\":\"WebSite\",\"@id\":\"https:\/\/www.lavillagardendesign.com\/#website\",\"url\":\"https:\/\/www.lavillagardendesign.com\/\",\"name\":\"La Villa Garden&Design\",\"description\":\"\",\"publisher\":{\"@id\":\"https:\/\/www.lavillagardendesign.com\/#organization\"},\"potentialAction\":[{\"@type\":\"SearchAction\",\"target\":{\"@type\":\"EntryPoint\",\"urlTemplate\":\"https:\/\/www.lavillagardendesign.com\/?s={search_term_string}\"},\"query-input\":{\"@type\":\"PropertyValueSpecification\",\"valueRequired\":true,\"valueName\":\"search_term_string\"}}],\"inLanguage\":\"fr-FR\"},{\"@type\":\"Organization\",\"@id\":\"https:\/\/www.lavillagardendesign.com\/#organization\",\"name\":\"La Villa Garden&Design\",\"url\":\"https:\/\/www.lavillagardendesign.com\/\",\"logo\":{\"@type\":\"ImageObject\",\"inLanguage\":\"fr-FR\",\"@id\":\"https:\/\/www.lavillagardendesign.com\/#\/schema\/logo\/image\/\",\"url\":\"https:\/\/www.lavillagardendesign.com\/wp-content\/uploads\/2024\/04\/logolavilla.png\",\"contentUrl\":\"https:\/\/www.lavillagardendesign.com\/wp-content\/uploads\/2024\/04\/logolavilla.png\",\"width\":682,\"height\":391,\"caption\":\"La Villa Garden&Design\"},\"image\":{\"@id\":\"https:\/\/www.lavillagardendesign.com\/#\/schema\/logo\/image\/\"},\"sameAs\":[\"https:\/\/www.facebook.com\/lavillagardendesign\/\"]}]}<\/script>\n<!-- \/ Yoast SEO plugin. -->","yoast_head_json":{"title":"KEYS ISLAND Canap\u00e9 d'angle en aluminium | Blanc ou Anthracite | Luxe","description":"Ensemble de jardin modulaire KEYS ISLAND. Canap\u00e9 d'angle en aluminium avec tables int\u00e9gr\u00e9es et coussins de luxe en ol\u00e9fine. Disponible en blanc et anthracite. Offre en ligne.","robots":{"index":"index","follow":"follow","max-snippet":"max-snippet:-1","max-image-preview":"max-image-preview:large","max-video-preview":"max-video-preview:-1"},"canonical":"https:\/\/www.lavillagardendesign.com\/fr\/product\/konnor-ensemble-canape-dangle\/","og_locale":"fr_FR","og_type":"article","og_title":"KEYS ISLAND Canap\u00e9 d'angle en aluminium | Blanc ou Anthracite | Luxe","og_description":"Ensemble de jardin modulaire KEYS ISLAND. Canap\u00e9 d'angle en aluminium avec tables int\u00e9gr\u00e9es et coussins de luxe en ol\u00e9fine. Disponible en blanc et anthracite. Offre en ligne.","og_url":"https:\/\/www.lavillagardendesign.com\/fr\/product\/konnor-ensemble-canape-dangle\/","og_site_name":"La Villa Garden&amp;Design","article_publisher":"https:\/\/www.facebook.com\/lavillagardendesign\/","article_modified_time":"2026-02-23T09:41:31+00:00","og_image":[{"width":700,"height":800,"url":"https:\/\/www.lavillagardendesign.com\/wp-content\/uploads\/2025\/06\/konnor.jpg","type":"image\/jpeg"}],"twitter_card":"summary_large_image","schema":{"@context":"https:\/\/schema.org","@graph":[{"@type":"WebPage","@id":"https:\/\/www.lavillagardendesign.com\/fr\/product\/konnor-ensemble-canape-dangle\/","url":"https:\/\/www.lavillagardendesign.com\/fr\/product\/konnor-ensemble-canape-dangle\/","name":"KEYS ISLAND Canap\u00e9 d'angle en aluminium | Blanc ou Anthracite | Luxe","isPartOf":{"@id":"https:\/\/www.lavillagardendesign.com\/#website"},"primaryImageOfPage":{"@id":"https:\/\/www.lavillagardendesign.com\/fr\/product\/konnor-ensemble-canape-dangle\/#primaryimage"},"image":{"@id":"https:\/\/www.lavillagardendesign.com\/fr\/product\/konnor-ensemble-canape-dangle\/#primaryimage"},"thumbnailUrl":"https:\/\/www.lavillagardendesign.com\/wp-content\/uploads\/2025\/06\/konnor.jpg","datePublished":"2025-06-14T08:37:39+00:00","dateModified":"2026-02-23T09:41:31+00:00","description":"Ensemble de jardin modulaire KEYS ISLAND. Canap\u00e9 d'angle en aluminium avec tables int\u00e9gr\u00e9es et coussins de luxe en ol\u00e9fine. Disponible en blanc et anthracite. Offre en ligne.","breadcrumb":{"@id":"https:\/\/www.lavillagardendesign.com\/fr\/product\/konnor-ensemble-canape-dangle\/#breadcrumb"},"inLanguage":"fr-FR","potentialAction":[{"@type":"ReadAction","target":["https:\/\/www.lavillagardendesign.com\/fr\/product\/konnor-ensemble-canape-dangle\/"]}]},{"@type":"ImageObject","inLanguage":"fr-FR","@id":"https:\/\/www.lavillagardendesign.com\/fr\/product\/konnor-ensemble-canape-dangle\/#primaryimage","url":"https:\/\/www.lavillagardendesign.com\/wp-content\/uploads\/2025\/06\/konnor.jpg","contentUrl":"https:\/\/www.lavillagardendesign.com\/wp-content\/uploads\/2025\/06\/konnor.jpg","width":700,"height":800},{"@type":"BreadcrumbList","@id":"https:\/\/www.lavillagardendesign.com\/fr\/product\/konnor-ensemble-canape-dangle\/#breadcrumb","itemListElement":[{"@type":"ListItem","position":1,"name":"Home","item":"https:\/\/www.lavillagardendesign.com\/"},{"@type":"ListItem","position":2,"name":"Boutique","item":"https:\/\/www.lavillagardendesign.com\/fr\/boutique\/"},{"@type":"ListItem","position":3,"name":"KEYS ISLAND &#8211; Canap\u00e9 d&#8217;angle modulaire en aluminium"}]},{"@type":"WebSite","@id":"https:\/\/www.lavillagardendesign.com\/#website","url":"https:\/\/www.lavillagardendesign.com\/","name":"La Villa Garden&Design","description":"","publisher":{"@id":"https:\/\/www.lavillagardendesign.com\/#organization"},"potentialAction":[{"@type":"SearchAction","target":{"@type":"EntryPoint","urlTemplate":"https:\/\/www.lavillagardendesign.com\/?s={search_term_string}"},"query-input":{"@type":"PropertyValueSpecification","valueRequired":true,"valueName":"search_term_string"}}],"inLanguage":"fr-FR"},{"@type":"Organization","@id":"https:\/\/www.lavillagardendesign.com\/#organization","name":"La Villa Garden&Design","url":"https:\/\/www.lavillagardendesign.com\/","logo":{"@type":"ImageObject","inLanguage":"fr-FR","@id":"https:\/\/www.lavillagardendesign.com\/#\/schema\/logo\/image\/","url":"https:\/\/www.lavillagardendesign.com\/wp-content\/uploads\/2024\/04\/logolavilla.png","contentUrl":"https:\/\/www.lavillagardendesign.com\/wp-content\/uploads\/2024\/04\/logolavilla.png","width":682,"height":391,"caption":"La Villa Garden&Design"},"image":{"@id":"https:\/\/www.lavillagardendesign.com\/#\/schema\/logo\/image\/"},"sameAs":["https:\/\/www.facebook.com\/lavillagardendesign\/"]}]}},"_links":{"self":[{"href":"https:\/\/www.lavillagardendesign.com\/fr\/wp-json\/wp\/v2\/product\/55398","targetHints":{"allow":["GET"]}}],"collection":[{"href":"https:\/\/www.lavillagardendesign.com\/fr\/wp-json\/wp\/v2\/product"}],"about":[{"href":"https:\/\/www.lavillagardendesign.com\/fr\/wp-json\/wp\/v2\/types\/product"}],"replies":[{"embeddable":true,"href":"https:\/\/www.lavillagardendesign.com\/fr\/wp-json\/wp\/v2\/comments?post=55398"}],"version-history":[{"count":2,"href":"https:\/\/www.lavillagardendesign.com\/fr\/wp-json\/wp\/v2\/product\/55398\/revisions"}],"predecessor-version":[{"id":63710,"href":"https:\/\/www.lavillagardendesign.com\/fr\/wp-json\/wp\/v2\/product\/55398\/revisions\/63710"}],"wp:featuredmedia":[{"embeddable":true,"href":"https:\/\/www.lavillagardendesign.com\/fr\/wp-json\/wp\/v2\/media\/55265"}],"wp:attachment":[{"href":"https:\/\/www.lavillagardendesign.com\/fr\/wp-json\/wp\/v2\/media?parent=55398"}],"wp:term":[{"taxonomy":"product_brand","embeddable":true,"href":"https:\/\/www.lavillagardendesign.com\/fr\/wp-json\/wp\/v2\/product_brand?post=55398"},{"taxonomy":"product_cat","embeddable":true,"href":"https:\/\/www.lavillagardendesign.com\/fr\/wp-json\/wp\/v2\/product_cat?post=55398"},{"taxonomy":"product_tag","embeddable":true,"href":"https:\/\/www.lavillagardendesign.com\/fr\/wp-json\/wp\/v2\/product_tag?post=55398"}],"curies":[{"name":"wp","href":"https:\/\/api.w.org\/{rel}","templated":true}]}}