{"id":55025,"date":"2025-06-07T21:43:07","date_gmt":"2025-06-07T20:43:07","guid":{"rendered":"https:\/\/www.lavillagardendesign.com\/product\/kamado-gril-barbecue-grand-55\/"},"modified":"2026-02-23T11:41:31","modified_gmt":"2026-02-23T09:41:31","slug":"kamado-gril-barbecue-grand-55","status":"publish","type":"product","link":"https:\/\/www.lavillagardendesign.com\/fr\/product\/kamado-gril-barbecue-grand-55\/","title":{"rendered":"KAMADO &#8211; Gril barbecue grand 55"},"content":{"rendered":"","protected":false},"excerpt":{"rendered":"<p>Le Kamado, une id\u00e9e ancienne et orientale.<\/p>\n<p>Nous aimons les nombreuses possibilit\u00e9s culinaires qu&rsquo;offrent les grils Kamado.<\/p>\n<p>Gr\u00e2ce \u00e0 la structure sp\u00e9ciale du Kamado, \u00e0 la circulation de l&rsquo;air et au rev\u00eatement en c\u00e9ramique, il est possible de maintenir une temp\u00e9rature constante pendant une longue p\u00e9riode, allant de 70 \u00e0 400 degr\u00e9s Celsius. L&rsquo;une de ses caract\u00e9ristiques les plus remarquables est sa capacit\u00e9 \u00e0 cuire \u00e0 basse temp\u00e9rature, de 80 \u00e0 110 degr\u00e9s Celsius, m\u00eame pendant plus de 18 heures. Il existe de nombreuses fa\u00e7ons de pr\u00e9parer chaque plat \u00e0 la perfection. Vous pouvez griller, fumer, cuire au four ou \u00e0 la braise, en laissant libre cours \u00e0 votre cr\u00e9ativit\u00e9. Les nombreux accessoires et le syst\u00e8me de grilles \u00e9largissent encore les possibilit\u00e9s.    <\/p>\n<p>En gastronomie, le ciel est la limite !<\/p>\n<p>Le mod\u00e8le Kamado Grill Large 55 est disponible dans les couleurs suivantes : vert, noir, rouge, rouge vin et vert olive. Fabriqu\u00e9 en c\u00e9ramique \u00e9maill\u00e9e et en acier. <\/p>\n<p>Les accessoires suivants sont disponibles en option : d\u00e9flecteur de cuisson \u00e0 basse temp\u00e9rature, pierre \u00e0 pizza, pierre \u00e0 pizza Deluxe, support et ensemble de grilles suppl\u00e9mentaires, gril en fonte, demi-gril et demi-plaque en fonte, r\u00f4tissoire avec moteur, couvercle, pince, tisonnier et r\u00e9servoir d&rsquo;ar\u00f4mes en c\u00e9ramique.<br \/>\nLe d\u00e9flecteur de chaleur est une plaque en c\u00e9ramique plac\u00e9e entre le feu et la viande, \u00e9vitant le contact direct et permettant de griller facilement de mani\u00e8re indirecte. Id\u00e9al pour cuire en douceur les grosses pi\u00e8ces de viande. <\/p>\n<p>Les grilles peuvent \u00eatre plac\u00e9es \u00e0 diff\u00e9rents niveaux, ce qui cr\u00e9e plus d&rsquo;espace et vous permet de cuire \u00e0 diff\u00e9rentes temp\u00e9ratures. Le fait d&rsquo;enlever la moiti\u00e9 d&rsquo;une grille peut \u00e9galement s&rsquo;av\u00e9rer utile pour ajouter du charbon de bois, par exemple. <\/p>\n","protected":false},"featured_media":54855,"comment_status":"open","ping_status":"closed","template":"","meta":[],"product_brand":[4998],"product_cat":[4774,6832],"product_tag":[],"class_list":{"0":"post-55025","1":"product","2":"type-product","3":"status-publish","4":"has-post-thumbnail","6":"product_brand-la-villa","7":"product_cat-barbecue-fr","8":"product_cat-outdoor-fr","10":"first","11":"instock","12":"taxable","13":"shipping-taxable","14":"purchasable","15":"product-type-simple"},"yoast_head":"<!-- This site is optimized with the Yoast SEO plugin v27.4 - https:\/\/yoast.com\/product\/yoast-seo-wordpress\/ -->\n<title>KAMADO - Gril barbecue grand 55 - La Villa Garden&amp;Design<\/title>\n<meta name=\"robots\" content=\"index, follow, max-snippet:-1, max-image-preview:large, max-video-preview:-1\" \/>\n<link rel=\"canonical\" href=\"https:\/\/www.lavillagardendesign.com\/fr\/product\/kamado-gril-barbecue-grand-55\/\" \/>\n<meta property=\"og:locale\" content=\"fr_FR\" \/>\n<meta property=\"og:type\" content=\"article\" \/>\n<meta property=\"og:title\" content=\"KAMADO - Gril barbecue grand 55 - La Villa Garden&amp;Design\" \/>\n<meta property=\"og:description\" content=\"Le Kamado, une id\u00e9e ancienne et orientale. Nous aimons les nombreuses possibilit\u00e9s culinaires qu&#039;offrent les grils Kamado. Gr\u00e2ce \u00e0 la structure sp\u00e9ciale du Kamado, \u00e0 la circulation de l&#039;air et au rev\u00eatement en c\u00e9ramique, il est possible de maintenir une temp\u00e9rature constante pendant une longue p\u00e9riode, allant de 70 \u00e0 400 degr\u00e9s Celsius. L&#039;une de ses caract\u00e9ristiques les plus remarquables est sa capacit\u00e9 \u00e0 cuire \u00e0 basse temp\u00e9rature, de 80 \u00e0 110 degr\u00e9s Celsius, m\u00eame pendant plus de 18 heures. Il existe de nombreuses fa\u00e7ons de pr\u00e9parer chaque plat \u00e0 la perfection. Vous pouvez griller, fumer, cuire au four ou \u00e0 la braise, en laissant libre cours \u00e0 votre cr\u00e9ativit\u00e9. Les nombreux accessoires et le syst\u00e8me de grilles \u00e9largissent encore les possibilit\u00e9s.   En gastronomie, le ciel est la limite ! Le mod\u00e8le Kamado Grill Large 55 est disponible dans les couleurs suivantes : vert, noir, rouge, rouge vin et vert olive. Fabriqu\u00e9 en c\u00e9ramique \u00e9maill\u00e9e et en acier.  Les accessoires suivants sont disponibles en option : d\u00e9flecteur de cuisson \u00e0 basse temp\u00e9rature, pierre \u00e0 pizza, pierre \u00e0 pizza Deluxe, support et ensemble de grilles suppl\u00e9mentaires, gril en fonte, demi-gril et demi-plaque en fonte, r\u00f4tissoire avec moteur, couvercle, pince, tisonnier et r\u00e9servoir d&#039;ar\u00f4mes en c\u00e9ramique. Le d\u00e9flecteur de chaleur est une plaque en c\u00e9ramique plac\u00e9e entre le feu et la viande, \u00e9vitant le contact direct et permettant de griller facilement de mani\u00e8re indirecte. Id\u00e9al pour cuire en douceur les grosses pi\u00e8ces de viande.  Les grilles peuvent \u00eatre plac\u00e9es \u00e0 diff\u00e9rents niveaux, ce qui cr\u00e9e plus d&#039;espace et vous permet de cuire \u00e0 diff\u00e9rentes temp\u00e9ratures. Le fait d&#039;enlever la moiti\u00e9 d&#039;une grille peut \u00e9galement s&#039;av\u00e9rer utile pour ajouter du charbon de bois, par exemple.\" \/>\n<meta property=\"og:url\" content=\"https:\/\/www.lavillagardendesign.com\/fr\/product\/kamado-gril-barbecue-grand-55\/\" \/>\n<meta property=\"og:site_name\" content=\"La Villa Garden&amp;Design\" \/>\n<meta property=\"article:publisher\" content=\"https:\/\/www.facebook.com\/lavillagardendesign\/\" \/>\n<meta property=\"article:modified_time\" content=\"2026-02-23T09:41:31+00:00\" \/>\n<meta property=\"og:image\" content=\"https:\/\/www.lavillagardendesign.com\/wp-content\/uploads\/2025\/06\/1-1.jpg\" \/>\n\t<meta property=\"og:image:width\" content=\"700\" \/>\n\t<meta property=\"og:image:height\" content=\"800\" \/>\n\t<meta property=\"og:image:type\" content=\"image\/jpeg\" \/>\n<meta name=\"twitter:card\" content=\"summary_large_image\" \/>\n<script type=\"application\/ld+json\" class=\"yoast-schema-graph\">{\"@context\":\"https:\\\/\\\/schema.org\",\"@graph\":[{\"@type\":\"WebPage\",\"@id\":\"https:\\\/\\\/www.lavillagardendesign.com\\\/fr\\\/product\\\/kamado-gril-barbecue-grand-55\\\/\",\"url\":\"https:\\\/\\\/www.lavillagardendesign.com\\\/fr\\\/product\\\/kamado-gril-barbecue-grand-55\\\/\",\"name\":\"KAMADO - Gril barbecue grand 55 - La Villa Garden&amp;Design\",\"isPartOf\":{\"@id\":\"https:\\\/\\\/www.lavillagardendesign.com\\\/#website\"},\"primaryImageOfPage\":{\"@id\":\"https:\\\/\\\/www.lavillagardendesign.com\\\/fr\\\/product\\\/kamado-gril-barbecue-grand-55\\\/#primaryimage\"},\"image\":{\"@id\":\"https:\\\/\\\/www.lavillagardendesign.com\\\/fr\\\/product\\\/kamado-gril-barbecue-grand-55\\\/#primaryimage\"},\"thumbnailUrl\":\"https:\\\/\\\/www.lavillagardendesign.com\\\/wp-content\\\/uploads\\\/2025\\\/06\\\/1-1.jpg\",\"datePublished\":\"2025-06-07T20:43:07+00:00\",\"dateModified\":\"2026-02-23T09:41:31+00:00\",\"breadcrumb\":{\"@id\":\"https:\\\/\\\/www.lavillagardendesign.com\\\/fr\\\/product\\\/kamado-gril-barbecue-grand-55\\\/#breadcrumb\"},\"inLanguage\":\"fr-FR\",\"potentialAction\":[{\"@type\":\"ReadAction\",\"target\":[\"https:\\\/\\\/www.lavillagardendesign.com\\\/fr\\\/product\\\/kamado-gril-barbecue-grand-55\\\/\"]}]},{\"@type\":\"ImageObject\",\"inLanguage\":\"fr-FR\",\"@id\":\"https:\\\/\\\/www.lavillagardendesign.com\\\/fr\\\/product\\\/kamado-gril-barbecue-grand-55\\\/#primaryimage\",\"url\":\"https:\\\/\\\/www.lavillagardendesign.com\\\/wp-content\\\/uploads\\\/2025\\\/06\\\/1-1.jpg\",\"contentUrl\":\"https:\\\/\\\/www.lavillagardendesign.com\\\/wp-content\\\/uploads\\\/2025\\\/06\\\/1-1.jpg\",\"width\":700,\"height\":800},{\"@type\":\"BreadcrumbList\",\"@id\":\"https:\\\/\\\/www.lavillagardendesign.com\\\/fr\\\/product\\\/kamado-gril-barbecue-grand-55\\\/#breadcrumb\",\"itemListElement\":[{\"@type\":\"ListItem\",\"position\":1,\"name\":\"Home\",\"item\":\"https:\\\/\\\/www.lavillagardendesign.com\\\/\"},{\"@type\":\"ListItem\",\"position\":2,\"name\":\"Boutique\",\"item\":\"https:\\\/\\\/www.lavillagardendesign.com\\\/fr\\\/boutique\\\/\"},{\"@type\":\"ListItem\",\"position\":3,\"name\":\"KAMADO &#8211; Gril barbecue grand 55\"}]},{\"@type\":\"WebSite\",\"@id\":\"https:\\\/\\\/www.lavillagardendesign.com\\\/#website\",\"url\":\"https:\\\/\\\/www.lavillagardendesign.com\\\/\",\"name\":\"La Villa Garden&Design\",\"description\":\"\",\"publisher\":{\"@id\":\"https:\\\/\\\/www.lavillagardendesign.com\\\/#organization\"},\"potentialAction\":[{\"@type\":\"SearchAction\",\"target\":{\"@type\":\"EntryPoint\",\"urlTemplate\":\"https:\\\/\\\/www.lavillagardendesign.com\\\/?s={search_term_string}\"},\"query-input\":{\"@type\":\"PropertyValueSpecification\",\"valueRequired\":true,\"valueName\":\"search_term_string\"}}],\"inLanguage\":\"fr-FR\"},{\"@type\":\"Organization\",\"@id\":\"https:\\\/\\\/www.lavillagardendesign.com\\\/#organization\",\"name\":\"La Villa Garden&Design\",\"url\":\"https:\\\/\\\/www.lavillagardendesign.com\\\/\",\"logo\":{\"@type\":\"ImageObject\",\"inLanguage\":\"fr-FR\",\"@id\":\"https:\\\/\\\/www.lavillagardendesign.com\\\/#\\\/schema\\\/logo\\\/image\\\/\",\"url\":\"https:\\\/\\\/www.lavillagardendesign.com\\\/wp-content\\\/uploads\\\/2024\\\/04\\\/logolavilla.png\",\"contentUrl\":\"https:\\\/\\\/www.lavillagardendesign.com\\\/wp-content\\\/uploads\\\/2024\\\/04\\\/logolavilla.png\",\"width\":682,\"height\":391,\"caption\":\"La Villa Garden&Design\"},\"image\":{\"@id\":\"https:\\\/\\\/www.lavillagardendesign.com\\\/#\\\/schema\\\/logo\\\/image\\\/\"},\"sameAs\":[\"https:\\\/\\\/www.facebook.com\\\/lavillagardendesign\\\/\"]}]}<\/script>\n<!-- \/ Yoast SEO plugin. -->","yoast_head_json":{"title":"KAMADO - Gril barbecue grand 55 - La Villa Garden&amp;Design","robots":{"index":"index","follow":"follow","max-snippet":"max-snippet:-1","max-image-preview":"max-image-preview:large","max-video-preview":"max-video-preview:-1"},"canonical":"https:\/\/www.lavillagardendesign.com\/fr\/product\/kamado-gril-barbecue-grand-55\/","og_locale":"fr_FR","og_type":"article","og_title":"KAMADO - Gril barbecue grand 55 - La Villa Garden&amp;Design","og_description":"Le Kamado, une id\u00e9e ancienne et orientale. Nous aimons les nombreuses possibilit\u00e9s culinaires qu'offrent les grils Kamado. Gr\u00e2ce \u00e0 la structure sp\u00e9ciale du Kamado, \u00e0 la circulation de l'air et au rev\u00eatement en c\u00e9ramique, il est possible de maintenir une temp\u00e9rature constante pendant une longue p\u00e9riode, allant de 70 \u00e0 400 degr\u00e9s Celsius. L'une de ses caract\u00e9ristiques les plus remarquables est sa capacit\u00e9 \u00e0 cuire \u00e0 basse temp\u00e9rature, de 80 \u00e0 110 degr\u00e9s Celsius, m\u00eame pendant plus de 18 heures. Il existe de nombreuses fa\u00e7ons de pr\u00e9parer chaque plat \u00e0 la perfection. Vous pouvez griller, fumer, cuire au four ou \u00e0 la braise, en laissant libre cours \u00e0 votre cr\u00e9ativit\u00e9. Les nombreux accessoires et le syst\u00e8me de grilles \u00e9largissent encore les possibilit\u00e9s.   En gastronomie, le ciel est la limite ! Le mod\u00e8le Kamado Grill Large 55 est disponible dans les couleurs suivantes : vert, noir, rouge, rouge vin et vert olive. Fabriqu\u00e9 en c\u00e9ramique \u00e9maill\u00e9e et en acier.  Les accessoires suivants sont disponibles en option : d\u00e9flecteur de cuisson \u00e0 basse temp\u00e9rature, pierre \u00e0 pizza, pierre \u00e0 pizza Deluxe, support et ensemble de grilles suppl\u00e9mentaires, gril en fonte, demi-gril et demi-plaque en fonte, r\u00f4tissoire avec moteur, couvercle, pince, tisonnier et r\u00e9servoir d'ar\u00f4mes en c\u00e9ramique. Le d\u00e9flecteur de chaleur est une plaque en c\u00e9ramique plac\u00e9e entre le feu et la viande, \u00e9vitant le contact direct et permettant de griller facilement de mani\u00e8re indirecte. Id\u00e9al pour cuire en douceur les grosses pi\u00e8ces de viande.  Les grilles peuvent \u00eatre plac\u00e9es \u00e0 diff\u00e9rents niveaux, ce qui cr\u00e9e plus d'espace et vous permet de cuire \u00e0 diff\u00e9rentes temp\u00e9ratures. Le fait d'enlever la moiti\u00e9 d'une grille peut \u00e9galement s'av\u00e9rer utile pour ajouter du charbon de bois, par exemple.","og_url":"https:\/\/www.lavillagardendesign.com\/fr\/product\/kamado-gril-barbecue-grand-55\/","og_site_name":"La Villa Garden&amp;Design","article_publisher":"https:\/\/www.facebook.com\/lavillagardendesign\/","article_modified_time":"2026-02-23T09:41:31+00:00","og_image":[{"width":700,"height":800,"url":"https:\/\/www.lavillagardendesign.com\/wp-content\/uploads\/2025\/06\/1-1.jpg","type":"image\/jpeg"}],"twitter_card":"summary_large_image","schema":{"@context":"https:\/\/schema.org","@graph":[{"@type":"WebPage","@id":"https:\/\/www.lavillagardendesign.com\/fr\/product\/kamado-gril-barbecue-grand-55\/","url":"https:\/\/www.lavillagardendesign.com\/fr\/product\/kamado-gril-barbecue-grand-55\/","name":"KAMADO - Gril barbecue grand 55 - La Villa Garden&amp;Design","isPartOf":{"@id":"https:\/\/www.lavillagardendesign.com\/#website"},"primaryImageOfPage":{"@id":"https:\/\/www.lavillagardendesign.com\/fr\/product\/kamado-gril-barbecue-grand-55\/#primaryimage"},"image":{"@id":"https:\/\/www.lavillagardendesign.com\/fr\/product\/kamado-gril-barbecue-grand-55\/#primaryimage"},"thumbnailUrl":"https:\/\/www.lavillagardendesign.com\/wp-content\/uploads\/2025\/06\/1-1.jpg","datePublished":"2025-06-07T20:43:07+00:00","dateModified":"2026-02-23T09:41:31+00:00","breadcrumb":{"@id":"https:\/\/www.lavillagardendesign.com\/fr\/product\/kamado-gril-barbecue-grand-55\/#breadcrumb"},"inLanguage":"fr-FR","potentialAction":[{"@type":"ReadAction","target":["https:\/\/www.lavillagardendesign.com\/fr\/product\/kamado-gril-barbecue-grand-55\/"]}]},{"@type":"ImageObject","inLanguage":"fr-FR","@id":"https:\/\/www.lavillagardendesign.com\/fr\/product\/kamado-gril-barbecue-grand-55\/#primaryimage","url":"https:\/\/www.lavillagardendesign.com\/wp-content\/uploads\/2025\/06\/1-1.jpg","contentUrl":"https:\/\/www.lavillagardendesign.com\/wp-content\/uploads\/2025\/06\/1-1.jpg","width":700,"height":800},{"@type":"BreadcrumbList","@id":"https:\/\/www.lavillagardendesign.com\/fr\/product\/kamado-gril-barbecue-grand-55\/#breadcrumb","itemListElement":[{"@type":"ListItem","position":1,"name":"Home","item":"https:\/\/www.lavillagardendesign.com\/"},{"@type":"ListItem","position":2,"name":"Boutique","item":"https:\/\/www.lavillagardendesign.com\/fr\/boutique\/"},{"@type":"ListItem","position":3,"name":"KAMADO &#8211; Gril barbecue grand 55"}]},{"@type":"WebSite","@id":"https:\/\/www.lavillagardendesign.com\/#website","url":"https:\/\/www.lavillagardendesign.com\/","name":"La Villa Garden&Design","description":"","publisher":{"@id":"https:\/\/www.lavillagardendesign.com\/#organization"},"potentialAction":[{"@type":"SearchAction","target":{"@type":"EntryPoint","urlTemplate":"https:\/\/www.lavillagardendesign.com\/?s={search_term_string}"},"query-input":{"@type":"PropertyValueSpecification","valueRequired":true,"valueName":"search_term_string"}}],"inLanguage":"fr-FR"},{"@type":"Organization","@id":"https:\/\/www.lavillagardendesign.com\/#organization","name":"La Villa Garden&Design","url":"https:\/\/www.lavillagardendesign.com\/","logo":{"@type":"ImageObject","inLanguage":"fr-FR","@id":"https:\/\/www.lavillagardendesign.com\/#\/schema\/logo\/image\/","url":"https:\/\/www.lavillagardendesign.com\/wp-content\/uploads\/2024\/04\/logolavilla.png","contentUrl":"https:\/\/www.lavillagardendesign.com\/wp-content\/uploads\/2024\/04\/logolavilla.png","width":682,"height":391,"caption":"La Villa Garden&Design"},"image":{"@id":"https:\/\/www.lavillagardendesign.com\/#\/schema\/logo\/image\/"},"sameAs":["https:\/\/www.facebook.com\/lavillagardendesign\/"]}]}},"_links":{"self":[{"href":"https:\/\/www.lavillagardendesign.com\/fr\/wp-json\/wp\/v2\/product\/55025","targetHints":{"allow":["GET"]}}],"collection":[{"href":"https:\/\/www.lavillagardendesign.com\/fr\/wp-json\/wp\/v2\/product"}],"about":[{"href":"https:\/\/www.lavillagardendesign.com\/fr\/wp-json\/wp\/v2\/types\/product"}],"replies":[{"embeddable":true,"href":"https:\/\/www.lavillagardendesign.com\/fr\/wp-json\/wp\/v2\/comments?post=55025"}],"version-history":[{"count":1,"href":"https:\/\/www.lavillagardendesign.com\/fr\/wp-json\/wp\/v2\/product\/55025\/revisions"}],"predecessor-version":[{"id":63707,"href":"https:\/\/www.lavillagardendesign.com\/fr\/wp-json\/wp\/v2\/product\/55025\/revisions\/63707"}],"wp:featuredmedia":[{"embeddable":true,"href":"https:\/\/www.lavillagardendesign.com\/fr\/wp-json\/wp\/v2\/media\/54855"}],"wp:attachment":[{"href":"https:\/\/www.lavillagardendesign.com\/fr\/wp-json\/wp\/v2\/media?parent=55025"}],"wp:term":[{"taxonomy":"product_brand","embeddable":true,"href":"https:\/\/www.lavillagardendesign.com\/fr\/wp-json\/wp\/v2\/product_brand?post=55025"},{"taxonomy":"product_cat","embeddable":true,"href":"https:\/\/www.lavillagardendesign.com\/fr\/wp-json\/wp\/v2\/product_cat?post=55025"},{"taxonomy":"product_tag","embeddable":true,"href":"https:\/\/www.lavillagardendesign.com\/fr\/wp-json\/wp\/v2\/product_tag?post=55025"}],"curies":[{"name":"wp","href":"https:\/\/api.w.org\/{rel}","templated":true}]}}