{"id":55020,"date":"2025-06-07T21:41:56","date_gmt":"2025-06-07T20:41:56","guid":{"rendered":"https:\/\/www.lavillagardendesign.com\/product\/kamado-gril-barbecue-xl-60\/"},"modified":"2026-02-23T11:41:26","modified_gmt":"2026-02-23T09:41:26","slug":"kamado-gril-barbecue-xl-60","status":"publish","type":"product","link":"https:\/\/www.lavillagardendesign.com\/fr\/product\/kamado-gril-barbecue-xl-60\/","title":{"rendered":"KAMADO &#8211; Gril barbecue XL 60"},"content":{"rendered":"","protected":false},"excerpt":{"rendered":"<p>Le Kamado, une id\u00e9e ancienne et orientale.<\/p>\n<p>Nous aimons les nombreuses possibilit\u00e9s culinaires qu&rsquo;offrent les grils Kamado.<\/p>\n<p>Gr\u00e2ce \u00e0 la structure sp\u00e9ciale du Kamado, \u00e0 la circulation de l&rsquo;air et au rev\u00eatement en c\u00e9ramique, il est possible de maintenir une temp\u00e9rature constante pendant longtemps dans une fourchette de 110 \u00e0 370 degr\u00e9s Celsius. L&rsquo;une des caract\u00e9ristiques les plus remarquables du Kamado est sa capacit\u00e9 \u00e0 cuire \u00e0 basse temp\u00e9rature, de 80 \u00e0 110 degr\u00e9s Celsius, m\u00eame pendant plus de 9 heures. Il existe de nombreuses possibilit\u00e9s de pr\u00e9parer chaque plat \u00e0 la perfection. Il est possible de griller, de fumer, de cuire au four ou sur la braise, en laissant libre cours \u00e0 votre cr\u00e9ativit\u00e9. Les nombreux accessoires et le jeu de grilles \u00e9largissent encore les possibilit\u00e9s.    <\/p>\n<p>En gastronomie, le ciel est la limite !<\/p>\n<p>Le mod\u00e8le Kamado Grill XL 60 est disponible dans les couleurs suivantes : vert, noir et gris. Fabriqu\u00e9 en c\u00e9ramique \u00e9maill\u00e9e.<br \/>\nLes options suivantes peuvent \u00eatre incluses : d\u00e9flecteur de chaleur, pierre \u00e0 pizza, pierre \u00e0 pizza Deluxe, support et ensemble de grilles suppl\u00e9mentaires, grille en fonte, couvercle, pinces, tisonnier et r\u00e9servoir d&rsquo;ar\u00f4mes en c\u00e9ramique.<br \/>\nLe d\u00e9flecteur de chaleur est une plaque en c\u00e9ramique qui est plac\u00e9e entre le feu et la viande afin qu&rsquo;il n&rsquo;y ait pas de contact direct, ce qui permet de griller facilement de mani\u00e8re indirecte. Id\u00e9al pour cuire en douceur les grosses pi\u00e8ces de viande.  <\/p>\n","protected":false},"featured_media":54833,"comment_status":"open","ping_status":"closed","template":"","meta":[],"product_brand":[4998],"product_cat":[4774,6832],"product_tag":[],"class_list":{"0":"post-55020","1":"product","2":"type-product","3":"status-publish","4":"has-post-thumbnail","6":"product_brand-la-villa","7":"product_cat-barbecue-fr","8":"product_cat-outdoor-fr","10":"first","11":"instock","12":"taxable","13":"shipping-taxable","14":"purchasable","15":"product-type-simple"},"yoast_head":"<!-- This site is optimized with the Yoast SEO plugin v27.4 - https:\/\/yoast.com\/product\/yoast-seo-wordpress\/ -->\n<title>KAMADO - Gril barbecue XL 60 - La Villa Garden&amp;Design<\/title>\n<meta name=\"robots\" content=\"index, follow, max-snippet:-1, max-image-preview:large, max-video-preview:-1\" \/>\n<link rel=\"canonical\" href=\"https:\/\/www.lavillagardendesign.com\/fr\/product\/kamado-gril-barbecue-xl-60\/\" \/>\n<meta property=\"og:locale\" content=\"fr_FR\" \/>\n<meta property=\"og:type\" content=\"article\" \/>\n<meta property=\"og:title\" content=\"KAMADO - Gril barbecue XL 60 - La Villa Garden&amp;Design\" \/>\n<meta property=\"og:description\" content=\"Le Kamado, une id\u00e9e ancienne et orientale. Nous aimons les nombreuses possibilit\u00e9s culinaires qu&#039;offrent les grils Kamado. Gr\u00e2ce \u00e0 la structure sp\u00e9ciale du Kamado, \u00e0 la circulation de l&#039;air et au rev\u00eatement en c\u00e9ramique, il est possible de maintenir une temp\u00e9rature constante pendant longtemps dans une fourchette de 110 \u00e0 370 degr\u00e9s Celsius. L&#039;une des caract\u00e9ristiques les plus remarquables du Kamado est sa capacit\u00e9 \u00e0 cuire \u00e0 basse temp\u00e9rature, de 80 \u00e0 110 degr\u00e9s Celsius, m\u00eame pendant plus de 9 heures. Il existe de nombreuses possibilit\u00e9s de pr\u00e9parer chaque plat \u00e0 la perfection. Il est possible de griller, de fumer, de cuire au four ou sur la braise, en laissant libre cours \u00e0 votre cr\u00e9ativit\u00e9. Les nombreux accessoires et le jeu de grilles \u00e9largissent encore les possibilit\u00e9s.   En gastronomie, le ciel est la limite ! Le mod\u00e8le Kamado Grill XL 60 est disponible dans les couleurs suivantes : vert, noir et gris. Fabriqu\u00e9 en c\u00e9ramique \u00e9maill\u00e9e. Les options suivantes peuvent \u00eatre incluses : d\u00e9flecteur de chaleur, pierre \u00e0 pizza, pierre \u00e0 pizza Deluxe, support et ensemble de grilles suppl\u00e9mentaires, grille en fonte, couvercle, pinces, tisonnier et r\u00e9servoir d&#039;ar\u00f4mes en c\u00e9ramique. Le d\u00e9flecteur de chaleur est une plaque en c\u00e9ramique qui est plac\u00e9e entre le feu et la viande afin qu&#039;il n&#039;y ait pas de contact direct, ce qui permet de griller facilement de mani\u00e8re indirecte. Id\u00e9al pour cuire en douceur les grosses pi\u00e8ces de viande.\" \/>\n<meta property=\"og:url\" content=\"https:\/\/www.lavillagardendesign.com\/fr\/product\/kamado-gril-barbecue-xl-60\/\" \/>\n<meta property=\"og:site_name\" content=\"La Villa Garden&amp;Design\" \/>\n<meta property=\"article:publisher\" content=\"https:\/\/www.facebook.com\/lavillagardendesign\/\" \/>\n<meta property=\"article:modified_time\" content=\"2026-02-23T09:41:26+00:00\" \/>\n<meta property=\"og:image\" content=\"https:\/\/www.lavillagardendesign.com\/wp-content\/uploads\/2025\/06\/1.jpg\" \/>\n\t<meta property=\"og:image:width\" content=\"700\" \/>\n\t<meta property=\"og:image:height\" content=\"800\" \/>\n\t<meta property=\"og:image:type\" content=\"image\/jpeg\" \/>\n<meta name=\"twitter:card\" content=\"summary_large_image\" \/>\n<script type=\"application\/ld+json\" class=\"yoast-schema-graph\">{\"@context\":\"https:\\\/\\\/schema.org\",\"@graph\":[{\"@type\":\"WebPage\",\"@id\":\"https:\\\/\\\/www.lavillagardendesign.com\\\/fr\\\/product\\\/kamado-gril-barbecue-xl-60\\\/\",\"url\":\"https:\\\/\\\/www.lavillagardendesign.com\\\/fr\\\/product\\\/kamado-gril-barbecue-xl-60\\\/\",\"name\":\"KAMADO - Gril barbecue XL 60 - La Villa Garden&amp;Design\",\"isPartOf\":{\"@id\":\"https:\\\/\\\/www.lavillagardendesign.com\\\/#website\"},\"primaryImageOfPage\":{\"@id\":\"https:\\\/\\\/www.lavillagardendesign.com\\\/fr\\\/product\\\/kamado-gril-barbecue-xl-60\\\/#primaryimage\"},\"image\":{\"@id\":\"https:\\\/\\\/www.lavillagardendesign.com\\\/fr\\\/product\\\/kamado-gril-barbecue-xl-60\\\/#primaryimage\"},\"thumbnailUrl\":\"https:\\\/\\\/www.lavillagardendesign.com\\\/wp-content\\\/uploads\\\/2025\\\/06\\\/1.jpg\",\"datePublished\":\"2025-06-07T20:41:56+00:00\",\"dateModified\":\"2026-02-23T09:41:26+00:00\",\"breadcrumb\":{\"@id\":\"https:\\\/\\\/www.lavillagardendesign.com\\\/fr\\\/product\\\/kamado-gril-barbecue-xl-60\\\/#breadcrumb\"},\"inLanguage\":\"fr-FR\",\"potentialAction\":[{\"@type\":\"ReadAction\",\"target\":[\"https:\\\/\\\/www.lavillagardendesign.com\\\/fr\\\/product\\\/kamado-gril-barbecue-xl-60\\\/\"]}]},{\"@type\":\"ImageObject\",\"inLanguage\":\"fr-FR\",\"@id\":\"https:\\\/\\\/www.lavillagardendesign.com\\\/fr\\\/product\\\/kamado-gril-barbecue-xl-60\\\/#primaryimage\",\"url\":\"https:\\\/\\\/www.lavillagardendesign.com\\\/wp-content\\\/uploads\\\/2025\\\/06\\\/1.jpg\",\"contentUrl\":\"https:\\\/\\\/www.lavillagardendesign.com\\\/wp-content\\\/uploads\\\/2025\\\/06\\\/1.jpg\",\"width\":700,\"height\":800},{\"@type\":\"BreadcrumbList\",\"@id\":\"https:\\\/\\\/www.lavillagardendesign.com\\\/fr\\\/product\\\/kamado-gril-barbecue-xl-60\\\/#breadcrumb\",\"itemListElement\":[{\"@type\":\"ListItem\",\"position\":1,\"name\":\"Home\",\"item\":\"https:\\\/\\\/www.lavillagardendesign.com\\\/\"},{\"@type\":\"ListItem\",\"position\":2,\"name\":\"Boutique\",\"item\":\"https:\\\/\\\/www.lavillagardendesign.com\\\/fr\\\/boutique\\\/\"},{\"@type\":\"ListItem\",\"position\":3,\"name\":\"KAMADO &#8211; Gril barbecue XL 60\"}]},{\"@type\":\"WebSite\",\"@id\":\"https:\\\/\\\/www.lavillagardendesign.com\\\/#website\",\"url\":\"https:\\\/\\\/www.lavillagardendesign.com\\\/\",\"name\":\"La Villa Garden&Design\",\"description\":\"\",\"publisher\":{\"@id\":\"https:\\\/\\\/www.lavillagardendesign.com\\\/#organization\"},\"potentialAction\":[{\"@type\":\"SearchAction\",\"target\":{\"@type\":\"EntryPoint\",\"urlTemplate\":\"https:\\\/\\\/www.lavillagardendesign.com\\\/?s={search_term_string}\"},\"query-input\":{\"@type\":\"PropertyValueSpecification\",\"valueRequired\":true,\"valueName\":\"search_term_string\"}}],\"inLanguage\":\"fr-FR\"},{\"@type\":\"Organization\",\"@id\":\"https:\\\/\\\/www.lavillagardendesign.com\\\/#organization\",\"name\":\"La Villa Garden&Design\",\"url\":\"https:\\\/\\\/www.lavillagardendesign.com\\\/\",\"logo\":{\"@type\":\"ImageObject\",\"inLanguage\":\"fr-FR\",\"@id\":\"https:\\\/\\\/www.lavillagardendesign.com\\\/#\\\/schema\\\/logo\\\/image\\\/\",\"url\":\"https:\\\/\\\/www.lavillagardendesign.com\\\/wp-content\\\/uploads\\\/2024\\\/04\\\/logolavilla.png\",\"contentUrl\":\"https:\\\/\\\/www.lavillagardendesign.com\\\/wp-content\\\/uploads\\\/2024\\\/04\\\/logolavilla.png\",\"width\":682,\"height\":391,\"caption\":\"La Villa Garden&Design\"},\"image\":{\"@id\":\"https:\\\/\\\/www.lavillagardendesign.com\\\/#\\\/schema\\\/logo\\\/image\\\/\"},\"sameAs\":[\"https:\\\/\\\/www.facebook.com\\\/lavillagardendesign\\\/\"]}]}<\/script>\n<!-- \/ Yoast SEO plugin. -->","yoast_head_json":{"title":"KAMADO - Gril barbecue XL 60 - La Villa Garden&amp;Design","robots":{"index":"index","follow":"follow","max-snippet":"max-snippet:-1","max-image-preview":"max-image-preview:large","max-video-preview":"max-video-preview:-1"},"canonical":"https:\/\/www.lavillagardendesign.com\/fr\/product\/kamado-gril-barbecue-xl-60\/","og_locale":"fr_FR","og_type":"article","og_title":"KAMADO - Gril barbecue XL 60 - La Villa Garden&amp;Design","og_description":"Le Kamado, une id\u00e9e ancienne et orientale. Nous aimons les nombreuses possibilit\u00e9s culinaires qu'offrent les grils Kamado. Gr\u00e2ce \u00e0 la structure sp\u00e9ciale du Kamado, \u00e0 la circulation de l'air et au rev\u00eatement en c\u00e9ramique, il est possible de maintenir une temp\u00e9rature constante pendant longtemps dans une fourchette de 110 \u00e0 370 degr\u00e9s Celsius. L'une des caract\u00e9ristiques les plus remarquables du Kamado est sa capacit\u00e9 \u00e0 cuire \u00e0 basse temp\u00e9rature, de 80 \u00e0 110 degr\u00e9s Celsius, m\u00eame pendant plus de 9 heures. Il existe de nombreuses possibilit\u00e9s de pr\u00e9parer chaque plat \u00e0 la perfection. Il est possible de griller, de fumer, de cuire au four ou sur la braise, en laissant libre cours \u00e0 votre cr\u00e9ativit\u00e9. Les nombreux accessoires et le jeu de grilles \u00e9largissent encore les possibilit\u00e9s.   En gastronomie, le ciel est la limite ! Le mod\u00e8le Kamado Grill XL 60 est disponible dans les couleurs suivantes : vert, noir et gris. Fabriqu\u00e9 en c\u00e9ramique \u00e9maill\u00e9e. Les options suivantes peuvent \u00eatre incluses : d\u00e9flecteur de chaleur, pierre \u00e0 pizza, pierre \u00e0 pizza Deluxe, support et ensemble de grilles suppl\u00e9mentaires, grille en fonte, couvercle, pinces, tisonnier et r\u00e9servoir d'ar\u00f4mes en c\u00e9ramique. Le d\u00e9flecteur de chaleur est une plaque en c\u00e9ramique qui est plac\u00e9e entre le feu et la viande afin qu'il n'y ait pas de contact direct, ce qui permet de griller facilement de mani\u00e8re indirecte. Id\u00e9al pour cuire en douceur les grosses pi\u00e8ces de viande.","og_url":"https:\/\/www.lavillagardendesign.com\/fr\/product\/kamado-gril-barbecue-xl-60\/","og_site_name":"La Villa Garden&amp;Design","article_publisher":"https:\/\/www.facebook.com\/lavillagardendesign\/","article_modified_time":"2026-02-23T09:41:26+00:00","og_image":[{"width":700,"height":800,"url":"https:\/\/www.lavillagardendesign.com\/wp-content\/uploads\/2025\/06\/1.jpg","type":"image\/jpeg"}],"twitter_card":"summary_large_image","schema":{"@context":"https:\/\/schema.org","@graph":[{"@type":"WebPage","@id":"https:\/\/www.lavillagardendesign.com\/fr\/product\/kamado-gril-barbecue-xl-60\/","url":"https:\/\/www.lavillagardendesign.com\/fr\/product\/kamado-gril-barbecue-xl-60\/","name":"KAMADO - Gril barbecue XL 60 - La Villa Garden&amp;Design","isPartOf":{"@id":"https:\/\/www.lavillagardendesign.com\/#website"},"primaryImageOfPage":{"@id":"https:\/\/www.lavillagardendesign.com\/fr\/product\/kamado-gril-barbecue-xl-60\/#primaryimage"},"image":{"@id":"https:\/\/www.lavillagardendesign.com\/fr\/product\/kamado-gril-barbecue-xl-60\/#primaryimage"},"thumbnailUrl":"https:\/\/www.lavillagardendesign.com\/wp-content\/uploads\/2025\/06\/1.jpg","datePublished":"2025-06-07T20:41:56+00:00","dateModified":"2026-02-23T09:41:26+00:00","breadcrumb":{"@id":"https:\/\/www.lavillagardendesign.com\/fr\/product\/kamado-gril-barbecue-xl-60\/#breadcrumb"},"inLanguage":"fr-FR","potentialAction":[{"@type":"ReadAction","target":["https:\/\/www.lavillagardendesign.com\/fr\/product\/kamado-gril-barbecue-xl-60\/"]}]},{"@type":"ImageObject","inLanguage":"fr-FR","@id":"https:\/\/www.lavillagardendesign.com\/fr\/product\/kamado-gril-barbecue-xl-60\/#primaryimage","url":"https:\/\/www.lavillagardendesign.com\/wp-content\/uploads\/2025\/06\/1.jpg","contentUrl":"https:\/\/www.lavillagardendesign.com\/wp-content\/uploads\/2025\/06\/1.jpg","width":700,"height":800},{"@type":"BreadcrumbList","@id":"https:\/\/www.lavillagardendesign.com\/fr\/product\/kamado-gril-barbecue-xl-60\/#breadcrumb","itemListElement":[{"@type":"ListItem","position":1,"name":"Home","item":"https:\/\/www.lavillagardendesign.com\/"},{"@type":"ListItem","position":2,"name":"Boutique","item":"https:\/\/www.lavillagardendesign.com\/fr\/boutique\/"},{"@type":"ListItem","position":3,"name":"KAMADO &#8211; Gril barbecue XL 60"}]},{"@type":"WebSite","@id":"https:\/\/www.lavillagardendesign.com\/#website","url":"https:\/\/www.lavillagardendesign.com\/","name":"La Villa Garden&Design","description":"","publisher":{"@id":"https:\/\/www.lavillagardendesign.com\/#organization"},"potentialAction":[{"@type":"SearchAction","target":{"@type":"EntryPoint","urlTemplate":"https:\/\/www.lavillagardendesign.com\/?s={search_term_string}"},"query-input":{"@type":"PropertyValueSpecification","valueRequired":true,"valueName":"search_term_string"}}],"inLanguage":"fr-FR"},{"@type":"Organization","@id":"https:\/\/www.lavillagardendesign.com\/#organization","name":"La Villa Garden&Design","url":"https:\/\/www.lavillagardendesign.com\/","logo":{"@type":"ImageObject","inLanguage":"fr-FR","@id":"https:\/\/www.lavillagardendesign.com\/#\/schema\/logo\/image\/","url":"https:\/\/www.lavillagardendesign.com\/wp-content\/uploads\/2024\/04\/logolavilla.png","contentUrl":"https:\/\/www.lavillagardendesign.com\/wp-content\/uploads\/2024\/04\/logolavilla.png","width":682,"height":391,"caption":"La Villa Garden&Design"},"image":{"@id":"https:\/\/www.lavillagardendesign.com\/#\/schema\/logo\/image\/"},"sameAs":["https:\/\/www.facebook.com\/lavillagardendesign\/"]}]}},"_links":{"self":[{"href":"https:\/\/www.lavillagardendesign.com\/fr\/wp-json\/wp\/v2\/product\/55020","targetHints":{"allow":["GET"]}}],"collection":[{"href":"https:\/\/www.lavillagardendesign.com\/fr\/wp-json\/wp\/v2\/product"}],"about":[{"href":"https:\/\/www.lavillagardendesign.com\/fr\/wp-json\/wp\/v2\/types\/product"}],"replies":[{"embeddable":true,"href":"https:\/\/www.lavillagardendesign.com\/fr\/wp-json\/wp\/v2\/comments?post=55020"}],"version-history":[{"count":1,"href":"https:\/\/www.lavillagardendesign.com\/fr\/wp-json\/wp\/v2\/product\/55020\/revisions"}],"predecessor-version":[{"id":63703,"href":"https:\/\/www.lavillagardendesign.com\/fr\/wp-json\/wp\/v2\/product\/55020\/revisions\/63703"}],"wp:featuredmedia":[{"embeddable":true,"href":"https:\/\/www.lavillagardendesign.com\/fr\/wp-json\/wp\/v2\/media\/54833"}],"wp:attachment":[{"href":"https:\/\/www.lavillagardendesign.com\/fr\/wp-json\/wp\/v2\/media?parent=55020"}],"wp:term":[{"taxonomy":"product_brand","embeddable":true,"href":"https:\/\/www.lavillagardendesign.com\/fr\/wp-json\/wp\/v2\/product_brand?post=55020"},{"taxonomy":"product_cat","embeddable":true,"href":"https:\/\/www.lavillagardendesign.com\/fr\/wp-json\/wp\/v2\/product_cat?post=55020"},{"taxonomy":"product_tag","embeddable":true,"href":"https:\/\/www.lavillagardendesign.com\/fr\/wp-json\/wp\/v2\/product_tag?post=55020"}],"curies":[{"name":"wp","href":"https:\/\/api.w.org\/{rel}","templated":true}]}}