{"id":54804,"date":"2024-01-29T20:38:33","date_gmt":"2024-01-29T19:38:33","guid":{"rendered":"https:\/\/www.lavillagardendesign.com\/product\/voxel-table-dappoint-pour-chaise-longue\/"},"modified":"2026-02-23T13:08:37","modified_gmt":"2026-02-23T11:08:37","slug":"voxel-table-dappoint-pour-chaise-longue","status":"publish","type":"product","link":"https:\/\/www.lavillagardendesign.com\/fr\/product\/voxel-table-dappoint-pour-chaise-longue\/","title":{"rendered":"VOXEL &#8211; Table d&rsquo;appoint pour chaise longue"},"content":{"rendered":"","protected":false},"excerpt":{"rendered":"<p>La table d&rsquo;appoint <strong>Voxel<\/strong>, con\u00e7ue par <strong>Karim Rashid<\/strong>, est fabriqu\u00e9e en polypropyl\u00e8ne inject\u00e9 renforc\u00e9 de fibre de verre. Empilable, durable et l\u00e9g\u00e8re, elle est disponible dans une vari\u00e9t\u00e9 de couleurs. Parfaitement adapt\u00e9e \u00e0 un usage int\u00e9rieur et ext\u00e9rieur, son design g\u00e9om\u00e9trique et audacieux compl\u00e8te les chaises longues de la m\u00eame collection. Enti\u00e8rement recyclable.   <\/p>\n<p><strong>Meta title :<\/strong> Voxel Table by Karim Rashid &#8211; Design empilable pour l&rsquo;int\u00e9rieur et l&rsquo;ext\u00e9rieur<br \/>\n<strong>Meta description :<\/strong> D\u00e9couvrez la table Voxel de Karim Rashid : un design audacieux, du polypropyl\u00e8ne renforc\u00e9 de fibres de verre, empilable et 100% recyclable. Id\u00e9ale pour les espaces int\u00e9rieurs et ext\u00e9rieurs. <\/p>\n<ul>\n<li>100% recyclable<\/li>\n<li>Utilisable \u00e0 l&rsquo;int\u00e9rieur et \u00e0 l&rsquo;ext\u00e9rieur<\/li>\n<li>Disponible en acabados mate<\/li>\n<\/ul>\n","protected":false},"featured_media":54786,"comment_status":"open","ping_status":"closed","template":"","meta":[],"product_brand":[5000],"product_cat":[6832,2944,2948,4575,4556],"product_tag":[],"class_list":{"0":"post-54804","1":"product","2":"type-product","3":"status-publish","4":"has-post-thumbnail","6":"product_brand-vondom","7":"product_cat-outdoor-fr","8":"product_cat-tables-fr","9":"product_cat-tables-auxiliaires","10":"product_cat-produits-vondom","11":"product_cat-vondom-tables-fr","13":"first","14":"instock","15":"taxable","16":"shipping-taxable","17":"purchasable","18":"product-type-variable","19":"has-default-attributes"},"yoast_head":"<!-- This site is optimized with the Yoast SEO plugin v27.1.1 - https:\/\/yoast.com\/product\/yoast-seo-wordpress\/ -->\n<title>VOXEL - Table d&#039;appoint pour chaise longue - La Villa Garden&amp;Design<\/title>\n<meta name=\"robots\" content=\"index, follow, max-snippet:-1, max-image-preview:large, max-video-preview:-1\" \/>\n<link rel=\"canonical\" href=\"https:\/\/www.lavillagardendesign.com\/fr\/product\/voxel-table-dappoint-pour-chaise-longue\/\" \/>\n<meta property=\"og:locale\" content=\"fr_FR\" \/>\n<meta property=\"og:type\" content=\"article\" \/>\n<meta property=\"og:title\" content=\"VOXEL - Table d&#039;appoint pour chaise longue - La Villa Garden&amp;Design\" \/>\n<meta property=\"og:description\" content=\"La table d&#039;appoint Voxel, con\u00e7ue par Karim Rashid, est fabriqu\u00e9e en polypropyl\u00e8ne inject\u00e9 renforc\u00e9 de fibre de verre. Empilable, durable et l\u00e9g\u00e8re, elle est disponible dans une vari\u00e9t\u00e9 de couleurs. Parfaitement adapt\u00e9e \u00e0 un usage int\u00e9rieur et ext\u00e9rieur, son design g\u00e9om\u00e9trique et audacieux compl\u00e8te les chaises longues de la m\u00eame collection. Enti\u00e8rement recyclable.   Meta title : Voxel Table by Karim Rashid - Design empilable pour l&#039;int\u00e9rieur et l&#039;ext\u00e9rieur Meta description : D\u00e9couvrez la table Voxel de Karim Rashid : un design audacieux, du polypropyl\u00e8ne renforc\u00e9 de fibres de verre, empilable et 100% recyclable. Id\u00e9ale pour les espaces int\u00e9rieurs et ext\u00e9rieurs.   100% recyclable  Utilisable \u00e0 l&#039;int\u00e9rieur et \u00e0 l&#039;ext\u00e9rieur  Disponible en acabados mate\" \/>\n<meta property=\"og:url\" content=\"https:\/\/www.lavillagardendesign.com\/fr\/product\/voxel-table-dappoint-pour-chaise-longue\/\" \/>\n<meta property=\"og:site_name\" content=\"La Villa Garden&amp;Design\" \/>\n<meta property=\"article:publisher\" content=\"https:\/\/www.facebook.com\/lavillagardendesign\/\" \/>\n<meta property=\"article:modified_time\" content=\"2026-02-23T11:08:37+00:00\" \/>\n<meta property=\"og:image\" content=\"https:\/\/www.lavillagardendesign.com\/wp-content\/uploads\/2024\/01\/table-aux-tortora.jpg\" \/>\n\t<meta property=\"og:image:width\" content=\"1240\" \/>\n\t<meta property=\"og:image:height\" content=\"1417\" \/>\n\t<meta property=\"og:image:type\" content=\"image\/jpeg\" \/>\n<meta name=\"twitter:card\" content=\"summary_large_image\" \/>\n<script type=\"application\/ld+json\" class=\"yoast-schema-graph\">{\"@context\":\"https:\/\/schema.org\",\"@graph\":[{\"@type\":\"WebPage\",\"@id\":\"https:\/\/www.lavillagardendesign.com\/fr\/product\/voxel-table-dappoint-pour-chaise-longue\/\",\"url\":\"https:\/\/www.lavillagardendesign.com\/fr\/product\/voxel-table-dappoint-pour-chaise-longue\/\",\"name\":\"VOXEL - Table d'appoint pour chaise longue - La Villa Garden&amp;Design\",\"isPartOf\":{\"@id\":\"https:\/\/www.lavillagardendesign.com\/#website\"},\"primaryImageOfPage\":{\"@id\":\"https:\/\/www.lavillagardendesign.com\/fr\/product\/voxel-table-dappoint-pour-chaise-longue\/#primaryimage\"},\"image\":{\"@id\":\"https:\/\/www.lavillagardendesign.com\/fr\/product\/voxel-table-dappoint-pour-chaise-longue\/#primaryimage\"},\"thumbnailUrl\":\"https:\/\/www.lavillagardendesign.com\/wp-content\/uploads\/2024\/01\/table-aux-tortora.jpg\",\"datePublished\":\"2024-01-29T19:38:33+00:00\",\"dateModified\":\"2026-02-23T11:08:37+00:00\",\"breadcrumb\":{\"@id\":\"https:\/\/www.lavillagardendesign.com\/fr\/product\/voxel-table-dappoint-pour-chaise-longue\/#breadcrumb\"},\"inLanguage\":\"fr-FR\",\"potentialAction\":[{\"@type\":\"ReadAction\",\"target\":[\"https:\/\/www.lavillagardendesign.com\/fr\/product\/voxel-table-dappoint-pour-chaise-longue\/\"]}]},{\"@type\":\"ImageObject\",\"inLanguage\":\"fr-FR\",\"@id\":\"https:\/\/www.lavillagardendesign.com\/fr\/product\/voxel-table-dappoint-pour-chaise-longue\/#primaryimage\",\"url\":\"https:\/\/www.lavillagardendesign.com\/wp-content\/uploads\/2024\/01\/table-aux-tortora.jpg\",\"contentUrl\":\"https:\/\/www.lavillagardendesign.com\/wp-content\/uploads\/2024\/01\/table-aux-tortora.jpg\",\"width\":1240,\"height\":1417},{\"@type\":\"BreadcrumbList\",\"@id\":\"https:\/\/www.lavillagardendesign.com\/fr\/product\/voxel-table-dappoint-pour-chaise-longue\/#breadcrumb\",\"itemListElement\":[{\"@type\":\"ListItem\",\"position\":1,\"name\":\"Home\",\"item\":\"https:\/\/www.lavillagardendesign.com\/\"},{\"@type\":\"ListItem\",\"position\":2,\"name\":\"Boutique\",\"item\":\"https:\/\/www.lavillagardendesign.com\/fr\/boutique\/\"},{\"@type\":\"ListItem\",\"position\":3,\"name\":\"VOXEL &#8211; Table d&rsquo;appoint pour chaise longue\"}]},{\"@type\":\"WebSite\",\"@id\":\"https:\/\/www.lavillagardendesign.com\/#website\",\"url\":\"https:\/\/www.lavillagardendesign.com\/\",\"name\":\"La Villa Garden&Design\",\"description\":\"\",\"publisher\":{\"@id\":\"https:\/\/www.lavillagardendesign.com\/#organization\"},\"potentialAction\":[{\"@type\":\"SearchAction\",\"target\":{\"@type\":\"EntryPoint\",\"urlTemplate\":\"https:\/\/www.lavillagardendesign.com\/?s={search_term_string}\"},\"query-input\":{\"@type\":\"PropertyValueSpecification\",\"valueRequired\":true,\"valueName\":\"search_term_string\"}}],\"inLanguage\":\"fr-FR\"},{\"@type\":\"Organization\",\"@id\":\"https:\/\/www.lavillagardendesign.com\/#organization\",\"name\":\"La Villa Garden&Design\",\"url\":\"https:\/\/www.lavillagardendesign.com\/\",\"logo\":{\"@type\":\"ImageObject\",\"inLanguage\":\"fr-FR\",\"@id\":\"https:\/\/www.lavillagardendesign.com\/#\/schema\/logo\/image\/\",\"url\":\"https:\/\/www.lavillagardendesign.com\/wp-content\/uploads\/2024\/04\/logolavilla.png\",\"contentUrl\":\"https:\/\/www.lavillagardendesign.com\/wp-content\/uploads\/2024\/04\/logolavilla.png\",\"width\":682,\"height\":391,\"caption\":\"La Villa Garden&Design\"},\"image\":{\"@id\":\"https:\/\/www.lavillagardendesign.com\/#\/schema\/logo\/image\/\"},\"sameAs\":[\"https:\/\/www.facebook.com\/lavillagardendesign\/\"]}]}<\/script>\n<!-- \/ Yoast SEO plugin. -->","yoast_head_json":{"title":"VOXEL - Table d'appoint pour chaise longue - La Villa Garden&amp;Design","robots":{"index":"index","follow":"follow","max-snippet":"max-snippet:-1","max-image-preview":"max-image-preview:large","max-video-preview":"max-video-preview:-1"},"canonical":"https:\/\/www.lavillagardendesign.com\/fr\/product\/voxel-table-dappoint-pour-chaise-longue\/","og_locale":"fr_FR","og_type":"article","og_title":"VOXEL - Table d'appoint pour chaise longue - La Villa Garden&amp;Design","og_description":"La table d'appoint Voxel, con\u00e7ue par Karim Rashid, est fabriqu\u00e9e en polypropyl\u00e8ne inject\u00e9 renforc\u00e9 de fibre de verre. Empilable, durable et l\u00e9g\u00e8re, elle est disponible dans une vari\u00e9t\u00e9 de couleurs. Parfaitement adapt\u00e9e \u00e0 un usage int\u00e9rieur et ext\u00e9rieur, son design g\u00e9om\u00e9trique et audacieux compl\u00e8te les chaises longues de la m\u00eame collection. Enti\u00e8rement recyclable.   Meta title : Voxel Table by Karim Rashid - Design empilable pour l'int\u00e9rieur et l'ext\u00e9rieur Meta description : D\u00e9couvrez la table Voxel de Karim Rashid : un design audacieux, du polypropyl\u00e8ne renforc\u00e9 de fibres de verre, empilable et 100% recyclable. Id\u00e9ale pour les espaces int\u00e9rieurs et ext\u00e9rieurs.   100% recyclable  Utilisable \u00e0 l'int\u00e9rieur et \u00e0 l'ext\u00e9rieur  Disponible en acabados mate","og_url":"https:\/\/www.lavillagardendesign.com\/fr\/product\/voxel-table-dappoint-pour-chaise-longue\/","og_site_name":"La Villa Garden&amp;Design","article_publisher":"https:\/\/www.facebook.com\/lavillagardendesign\/","article_modified_time":"2026-02-23T11:08:37+00:00","og_image":[{"width":1240,"height":1417,"url":"https:\/\/www.lavillagardendesign.com\/wp-content\/uploads\/2024\/01\/table-aux-tortora.jpg","type":"image\/jpeg"}],"twitter_card":"summary_large_image","schema":{"@context":"https:\/\/schema.org","@graph":[{"@type":"WebPage","@id":"https:\/\/www.lavillagardendesign.com\/fr\/product\/voxel-table-dappoint-pour-chaise-longue\/","url":"https:\/\/www.lavillagardendesign.com\/fr\/product\/voxel-table-dappoint-pour-chaise-longue\/","name":"VOXEL - Table d'appoint pour chaise longue - La Villa Garden&amp;Design","isPartOf":{"@id":"https:\/\/www.lavillagardendesign.com\/#website"},"primaryImageOfPage":{"@id":"https:\/\/www.lavillagardendesign.com\/fr\/product\/voxel-table-dappoint-pour-chaise-longue\/#primaryimage"},"image":{"@id":"https:\/\/www.lavillagardendesign.com\/fr\/product\/voxel-table-dappoint-pour-chaise-longue\/#primaryimage"},"thumbnailUrl":"https:\/\/www.lavillagardendesign.com\/wp-content\/uploads\/2024\/01\/table-aux-tortora.jpg","datePublished":"2024-01-29T19:38:33+00:00","dateModified":"2026-02-23T11:08:37+00:00","breadcrumb":{"@id":"https:\/\/www.lavillagardendesign.com\/fr\/product\/voxel-table-dappoint-pour-chaise-longue\/#breadcrumb"},"inLanguage":"fr-FR","potentialAction":[{"@type":"ReadAction","target":["https:\/\/www.lavillagardendesign.com\/fr\/product\/voxel-table-dappoint-pour-chaise-longue\/"]}]},{"@type":"ImageObject","inLanguage":"fr-FR","@id":"https:\/\/www.lavillagardendesign.com\/fr\/product\/voxel-table-dappoint-pour-chaise-longue\/#primaryimage","url":"https:\/\/www.lavillagardendesign.com\/wp-content\/uploads\/2024\/01\/table-aux-tortora.jpg","contentUrl":"https:\/\/www.lavillagardendesign.com\/wp-content\/uploads\/2024\/01\/table-aux-tortora.jpg","width":1240,"height":1417},{"@type":"BreadcrumbList","@id":"https:\/\/www.lavillagardendesign.com\/fr\/product\/voxel-table-dappoint-pour-chaise-longue\/#breadcrumb","itemListElement":[{"@type":"ListItem","position":1,"name":"Home","item":"https:\/\/www.lavillagardendesign.com\/"},{"@type":"ListItem","position":2,"name":"Boutique","item":"https:\/\/www.lavillagardendesign.com\/fr\/boutique\/"},{"@type":"ListItem","position":3,"name":"VOXEL &#8211; Table d&rsquo;appoint pour chaise longue"}]},{"@type":"WebSite","@id":"https:\/\/www.lavillagardendesign.com\/#website","url":"https:\/\/www.lavillagardendesign.com\/","name":"La Villa Garden&Design","description":"","publisher":{"@id":"https:\/\/www.lavillagardendesign.com\/#organization"},"potentialAction":[{"@type":"SearchAction","target":{"@type":"EntryPoint","urlTemplate":"https:\/\/www.lavillagardendesign.com\/?s={search_term_string}"},"query-input":{"@type":"PropertyValueSpecification","valueRequired":true,"valueName":"search_term_string"}}],"inLanguage":"fr-FR"},{"@type":"Organization","@id":"https:\/\/www.lavillagardendesign.com\/#organization","name":"La Villa Garden&Design","url":"https:\/\/www.lavillagardendesign.com\/","logo":{"@type":"ImageObject","inLanguage":"fr-FR","@id":"https:\/\/www.lavillagardendesign.com\/#\/schema\/logo\/image\/","url":"https:\/\/www.lavillagardendesign.com\/wp-content\/uploads\/2024\/04\/logolavilla.png","contentUrl":"https:\/\/www.lavillagardendesign.com\/wp-content\/uploads\/2024\/04\/logolavilla.png","width":682,"height":391,"caption":"La Villa Garden&Design"},"image":{"@id":"https:\/\/www.lavillagardendesign.com\/#\/schema\/logo\/image\/"},"sameAs":["https:\/\/www.facebook.com\/lavillagardendesign\/"]}]}},"_links":{"self":[{"href":"https:\/\/www.lavillagardendesign.com\/fr\/wp-json\/wp\/v2\/product\/54804","targetHints":{"allow":["GET"]}}],"collection":[{"href":"https:\/\/www.lavillagardendesign.com\/fr\/wp-json\/wp\/v2\/product"}],"about":[{"href":"https:\/\/www.lavillagardendesign.com\/fr\/wp-json\/wp\/v2\/types\/product"}],"replies":[{"embeddable":true,"href":"https:\/\/www.lavillagardendesign.com\/fr\/wp-json\/wp\/v2\/comments?post=54804"}],"version-history":[{"count":1,"href":"https:\/\/www.lavillagardendesign.com\/fr\/wp-json\/wp\/v2\/product\/54804\/revisions"}],"predecessor-version":[{"id":63735,"href":"https:\/\/www.lavillagardendesign.com\/fr\/wp-json\/wp\/v2\/product\/54804\/revisions\/63735"}],"wp:featuredmedia":[{"embeddable":true,"href":"https:\/\/www.lavillagardendesign.com\/fr\/wp-json\/wp\/v2\/media\/54786"}],"wp:attachment":[{"href":"https:\/\/www.lavillagardendesign.com\/fr\/wp-json\/wp\/v2\/media?parent=54804"}],"wp:term":[{"taxonomy":"product_brand","embeddable":true,"href":"https:\/\/www.lavillagardendesign.com\/fr\/wp-json\/wp\/v2\/product_brand?post=54804"},{"taxonomy":"product_cat","embeddable":true,"href":"https:\/\/www.lavillagardendesign.com\/fr\/wp-json\/wp\/v2\/product_cat?post=54804"},{"taxonomy":"product_tag","embeddable":true,"href":"https:\/\/www.lavillagardendesign.com\/fr\/wp-json\/wp\/v2\/product_tag?post=54804"}],"curies":[{"name":"wp","href":"https:\/\/api.w.org\/{rel}","templated":true}]}}