{"id":54745,"date":"2025-05-31T19:38:02","date_gmt":"2025-05-31T17:38:02","guid":{"rendered":"https:\/\/www.lavillagardendesign.com\/product\/fluvia-pare-soleil-o350cm-avec-housse-dhivernage\/"},"modified":"2026-02-23T11:41:21","modified_gmt":"2026-02-23T09:41:21","slug":"fluvia-pare-soleil-o350cm-avec-housse-dhivernage","status":"publish","type":"product","link":"https:\/\/www.lavillagardendesign.com\/fr\/product\/fluvia-pare-soleil-o350cm-avec-housse-dhivernage\/","title":{"rendered":"FLUVIA &#8211; Pare-soleil \u00d8350cm avec housse d&rsquo;hivernage"},"content":{"rendered":"","protected":false},"excerpt":{"rendered":"<p>Structure : Gris \/ Taupe \/ Blanc Aluminium<br \/>\nRotation : 360\u00ba<br \/>\nPoign\u00e9e et couronne : Aluminium<br \/>\nM\u00e9canisme \u00e0 manivelle<br \/>\nToile de l&rsquo;auvent : Novasun en Charcoal \/ Taupe \/ Nuve &#8211; 280 g<br \/>\nSyst\u00e8me d&rsquo;inclinaison pour mouvement horizontal<br \/>\nHousse d&rsquo;hiver incluse<\/p>\n","protected":false},"featured_media":54633,"comment_status":"open","ping_status":"closed","template":"","meta":[],"product_brand":[5001],"product_cat":[6832,2941,2942,5658],"product_tag":[],"class_list":{"0":"post-54745","1":"product","2":"type-product","3":"status-publish","4":"has-post-thumbnail","6":"product_brand-la-villa-garden","7":"product_cat-outdoor-fr","8":"product_cat-parasols","9":"product_cat-parasols-deportes","10":"product_cat-promos-web","12":"first","13":"instock","14":"sale","15":"taxable","16":"shipping-taxable","17":"purchasable","18":"product-type-variable"},"yoast_head":"<!-- This site is optimized with the Yoast SEO plugin v27.1.1 - https:\/\/yoast.com\/product\/yoast-seo-wordpress\/ -->\n<title>FLUVIA - Pare-soleil \u00d8350cm avec housse d&#039;hivernage - La Villa Garden&amp;Design<\/title>\n<meta name=\"robots\" content=\"index, follow, max-snippet:-1, max-image-preview:large, max-video-preview:-1\" \/>\n<link rel=\"canonical\" href=\"https:\/\/www.lavillagardendesign.com\/fr\/product\/fluvia-pare-soleil-o350cm-avec-housse-dhivernage\/\" \/>\n<meta property=\"og:locale\" content=\"fr_FR\" \/>\n<meta property=\"og:type\" content=\"article\" \/>\n<meta property=\"og:title\" content=\"FLUVIA - Pare-soleil \u00d8350cm avec housse d&#039;hivernage - La Villa Garden&amp;Design\" \/>\n<meta property=\"og:description\" content=\"Structure : Gris \/ Taupe \/ Blanc Aluminium Rotation : 360\u00ba Poign\u00e9e et couronne : Aluminium M\u00e9canisme \u00e0 manivelle Toile de l&#039;auvent : Novasun en Charcoal \/ Taupe \/ Nuve - 280 g Syst\u00e8me d&#039;inclinaison pour mouvement horizontal Housse d&#039;hiver incluse\" \/>\n<meta property=\"og:url\" content=\"https:\/\/www.lavillagardendesign.com\/fr\/product\/fluvia-pare-soleil-o350cm-avec-housse-dhivernage\/\" \/>\n<meta property=\"og:site_name\" content=\"La Villa Garden&amp;Design\" \/>\n<meta property=\"article:publisher\" content=\"https:\/\/www.facebook.com\/lavillagardendesign\/\" \/>\n<meta property=\"article:modified_time\" content=\"2026-02-23T09:41:21+00:00\" \/>\n<meta property=\"og:image\" content=\"https:\/\/www.lavillagardendesign.com\/wp-content\/uploads\/2025\/05\/fluvia.jpg\" \/>\n\t<meta property=\"og:image:width\" content=\"700\" \/>\n\t<meta property=\"og:image:height\" content=\"800\" \/>\n\t<meta property=\"og:image:type\" content=\"image\/jpeg\" \/>\n<meta name=\"twitter:card\" content=\"summary_large_image\" \/>\n<script type=\"application\/ld+json\" class=\"yoast-schema-graph\">{\"@context\":\"https:\/\/schema.org\",\"@graph\":[{\"@type\":\"WebPage\",\"@id\":\"https:\/\/www.lavillagardendesign.com\/fr\/product\/fluvia-pare-soleil-o350cm-avec-housse-dhivernage\/\",\"url\":\"https:\/\/www.lavillagardendesign.com\/fr\/product\/fluvia-pare-soleil-o350cm-avec-housse-dhivernage\/\",\"name\":\"FLUVIA - Pare-soleil \u00d8350cm avec housse d'hivernage - La Villa Garden&amp;Design\",\"isPartOf\":{\"@id\":\"https:\/\/www.lavillagardendesign.com\/#website\"},\"primaryImageOfPage\":{\"@id\":\"https:\/\/www.lavillagardendesign.com\/fr\/product\/fluvia-pare-soleil-o350cm-avec-housse-dhivernage\/#primaryimage\"},\"image\":{\"@id\":\"https:\/\/www.lavillagardendesign.com\/fr\/product\/fluvia-pare-soleil-o350cm-avec-housse-dhivernage\/#primaryimage\"},\"thumbnailUrl\":\"https:\/\/www.lavillagardendesign.com\/wp-content\/uploads\/2025\/05\/fluvia.jpg\",\"datePublished\":\"2025-05-31T17:38:02+00:00\",\"dateModified\":\"2026-02-23T09:41:21+00:00\",\"breadcrumb\":{\"@id\":\"https:\/\/www.lavillagardendesign.com\/fr\/product\/fluvia-pare-soleil-o350cm-avec-housse-dhivernage\/#breadcrumb\"},\"inLanguage\":\"fr-FR\",\"potentialAction\":[{\"@type\":\"ReadAction\",\"target\":[\"https:\/\/www.lavillagardendesign.com\/fr\/product\/fluvia-pare-soleil-o350cm-avec-housse-dhivernage\/\"]}]},{\"@type\":\"ImageObject\",\"inLanguage\":\"fr-FR\",\"@id\":\"https:\/\/www.lavillagardendesign.com\/fr\/product\/fluvia-pare-soleil-o350cm-avec-housse-dhivernage\/#primaryimage\",\"url\":\"https:\/\/www.lavillagardendesign.com\/wp-content\/uploads\/2025\/05\/fluvia.jpg\",\"contentUrl\":\"https:\/\/www.lavillagardendesign.com\/wp-content\/uploads\/2025\/05\/fluvia.jpg\",\"width\":700,\"height\":800},{\"@type\":\"BreadcrumbList\",\"@id\":\"https:\/\/www.lavillagardendesign.com\/fr\/product\/fluvia-pare-soleil-o350cm-avec-housse-dhivernage\/#breadcrumb\",\"itemListElement\":[{\"@type\":\"ListItem\",\"position\":1,\"name\":\"Home\",\"item\":\"https:\/\/www.lavillagardendesign.com\/\"},{\"@type\":\"ListItem\",\"position\":2,\"name\":\"Boutique\",\"item\":\"https:\/\/www.lavillagardendesign.com\/fr\/boutique\/\"},{\"@type\":\"ListItem\",\"position\":3,\"name\":\"FLUVIA &#8211; Pare-soleil \u00d8350cm avec housse d&#8217;hivernage\"}]},{\"@type\":\"WebSite\",\"@id\":\"https:\/\/www.lavillagardendesign.com\/#website\",\"url\":\"https:\/\/www.lavillagardendesign.com\/\",\"name\":\"La Villa Garden&Design\",\"description\":\"\",\"publisher\":{\"@id\":\"https:\/\/www.lavillagardendesign.com\/#organization\"},\"potentialAction\":[{\"@type\":\"SearchAction\",\"target\":{\"@type\":\"EntryPoint\",\"urlTemplate\":\"https:\/\/www.lavillagardendesign.com\/?s={search_term_string}\"},\"query-input\":{\"@type\":\"PropertyValueSpecification\",\"valueRequired\":true,\"valueName\":\"search_term_string\"}}],\"inLanguage\":\"fr-FR\"},{\"@type\":\"Organization\",\"@id\":\"https:\/\/www.lavillagardendesign.com\/#organization\",\"name\":\"La Villa Garden&Design\",\"url\":\"https:\/\/www.lavillagardendesign.com\/\",\"logo\":{\"@type\":\"ImageObject\",\"inLanguage\":\"fr-FR\",\"@id\":\"https:\/\/www.lavillagardendesign.com\/#\/schema\/logo\/image\/\",\"url\":\"https:\/\/www.lavillagardendesign.com\/wp-content\/uploads\/2024\/04\/logolavilla.png\",\"contentUrl\":\"https:\/\/www.lavillagardendesign.com\/wp-content\/uploads\/2024\/04\/logolavilla.png\",\"width\":682,\"height\":391,\"caption\":\"La Villa Garden&Design\"},\"image\":{\"@id\":\"https:\/\/www.lavillagardendesign.com\/#\/schema\/logo\/image\/\"},\"sameAs\":[\"https:\/\/www.facebook.com\/lavillagardendesign\/\"]}]}<\/script>\n<!-- \/ Yoast SEO plugin. -->","yoast_head_json":{"title":"FLUVIA - Pare-soleil \u00d8350cm avec housse d'hivernage - La Villa Garden&amp;Design","robots":{"index":"index","follow":"follow","max-snippet":"max-snippet:-1","max-image-preview":"max-image-preview:large","max-video-preview":"max-video-preview:-1"},"canonical":"https:\/\/www.lavillagardendesign.com\/fr\/product\/fluvia-pare-soleil-o350cm-avec-housse-dhivernage\/","og_locale":"fr_FR","og_type":"article","og_title":"FLUVIA - Pare-soleil \u00d8350cm avec housse d'hivernage - La Villa Garden&amp;Design","og_description":"Structure : Gris \/ Taupe \/ Blanc Aluminium Rotation : 360\u00ba Poign\u00e9e et couronne : Aluminium M\u00e9canisme \u00e0 manivelle Toile de l'auvent : Novasun en Charcoal \/ Taupe \/ Nuve - 280 g Syst\u00e8me d'inclinaison pour mouvement horizontal Housse d'hiver incluse","og_url":"https:\/\/www.lavillagardendesign.com\/fr\/product\/fluvia-pare-soleil-o350cm-avec-housse-dhivernage\/","og_site_name":"La Villa Garden&amp;Design","article_publisher":"https:\/\/www.facebook.com\/lavillagardendesign\/","article_modified_time":"2026-02-23T09:41:21+00:00","og_image":[{"width":700,"height":800,"url":"https:\/\/www.lavillagardendesign.com\/wp-content\/uploads\/2025\/05\/fluvia.jpg","type":"image\/jpeg"}],"twitter_card":"summary_large_image","schema":{"@context":"https:\/\/schema.org","@graph":[{"@type":"WebPage","@id":"https:\/\/www.lavillagardendesign.com\/fr\/product\/fluvia-pare-soleil-o350cm-avec-housse-dhivernage\/","url":"https:\/\/www.lavillagardendesign.com\/fr\/product\/fluvia-pare-soleil-o350cm-avec-housse-dhivernage\/","name":"FLUVIA - Pare-soleil \u00d8350cm avec housse d'hivernage - La Villa Garden&amp;Design","isPartOf":{"@id":"https:\/\/www.lavillagardendesign.com\/#website"},"primaryImageOfPage":{"@id":"https:\/\/www.lavillagardendesign.com\/fr\/product\/fluvia-pare-soleil-o350cm-avec-housse-dhivernage\/#primaryimage"},"image":{"@id":"https:\/\/www.lavillagardendesign.com\/fr\/product\/fluvia-pare-soleil-o350cm-avec-housse-dhivernage\/#primaryimage"},"thumbnailUrl":"https:\/\/www.lavillagardendesign.com\/wp-content\/uploads\/2025\/05\/fluvia.jpg","datePublished":"2025-05-31T17:38:02+00:00","dateModified":"2026-02-23T09:41:21+00:00","breadcrumb":{"@id":"https:\/\/www.lavillagardendesign.com\/fr\/product\/fluvia-pare-soleil-o350cm-avec-housse-dhivernage\/#breadcrumb"},"inLanguage":"fr-FR","potentialAction":[{"@type":"ReadAction","target":["https:\/\/www.lavillagardendesign.com\/fr\/product\/fluvia-pare-soleil-o350cm-avec-housse-dhivernage\/"]}]},{"@type":"ImageObject","inLanguage":"fr-FR","@id":"https:\/\/www.lavillagardendesign.com\/fr\/product\/fluvia-pare-soleil-o350cm-avec-housse-dhivernage\/#primaryimage","url":"https:\/\/www.lavillagardendesign.com\/wp-content\/uploads\/2025\/05\/fluvia.jpg","contentUrl":"https:\/\/www.lavillagardendesign.com\/wp-content\/uploads\/2025\/05\/fluvia.jpg","width":700,"height":800},{"@type":"BreadcrumbList","@id":"https:\/\/www.lavillagardendesign.com\/fr\/product\/fluvia-pare-soleil-o350cm-avec-housse-dhivernage\/#breadcrumb","itemListElement":[{"@type":"ListItem","position":1,"name":"Home","item":"https:\/\/www.lavillagardendesign.com\/"},{"@type":"ListItem","position":2,"name":"Boutique","item":"https:\/\/www.lavillagardendesign.com\/fr\/boutique\/"},{"@type":"ListItem","position":3,"name":"FLUVIA &#8211; Pare-soleil \u00d8350cm avec housse d&#8217;hivernage"}]},{"@type":"WebSite","@id":"https:\/\/www.lavillagardendesign.com\/#website","url":"https:\/\/www.lavillagardendesign.com\/","name":"La Villa Garden&Design","description":"","publisher":{"@id":"https:\/\/www.lavillagardendesign.com\/#organization"},"potentialAction":[{"@type":"SearchAction","target":{"@type":"EntryPoint","urlTemplate":"https:\/\/www.lavillagardendesign.com\/?s={search_term_string}"},"query-input":{"@type":"PropertyValueSpecification","valueRequired":true,"valueName":"search_term_string"}}],"inLanguage":"fr-FR"},{"@type":"Organization","@id":"https:\/\/www.lavillagardendesign.com\/#organization","name":"La Villa Garden&Design","url":"https:\/\/www.lavillagardendesign.com\/","logo":{"@type":"ImageObject","inLanguage":"fr-FR","@id":"https:\/\/www.lavillagardendesign.com\/#\/schema\/logo\/image\/","url":"https:\/\/www.lavillagardendesign.com\/wp-content\/uploads\/2024\/04\/logolavilla.png","contentUrl":"https:\/\/www.lavillagardendesign.com\/wp-content\/uploads\/2024\/04\/logolavilla.png","width":682,"height":391,"caption":"La Villa Garden&Design"},"image":{"@id":"https:\/\/www.lavillagardendesign.com\/#\/schema\/logo\/image\/"},"sameAs":["https:\/\/www.facebook.com\/lavillagardendesign\/"]}]}},"_links":{"self":[{"href":"https:\/\/www.lavillagardendesign.com\/fr\/wp-json\/wp\/v2\/product\/54745","targetHints":{"allow":["GET"]}}],"collection":[{"href":"https:\/\/www.lavillagardendesign.com\/fr\/wp-json\/wp\/v2\/product"}],"about":[{"href":"https:\/\/www.lavillagardendesign.com\/fr\/wp-json\/wp\/v2\/types\/product"}],"replies":[{"embeddable":true,"href":"https:\/\/www.lavillagardendesign.com\/fr\/wp-json\/wp\/v2\/comments?post=54745"}],"version-history":[{"count":1,"href":"https:\/\/www.lavillagardendesign.com\/fr\/wp-json\/wp\/v2\/product\/54745\/revisions"}],"predecessor-version":[{"id":63695,"href":"https:\/\/www.lavillagardendesign.com\/fr\/wp-json\/wp\/v2\/product\/54745\/revisions\/63695"}],"wp:featuredmedia":[{"embeddable":true,"href":"https:\/\/www.lavillagardendesign.com\/fr\/wp-json\/wp\/v2\/media\/54633"}],"wp:attachment":[{"href":"https:\/\/www.lavillagardendesign.com\/fr\/wp-json\/wp\/v2\/media?parent=54745"}],"wp:term":[{"taxonomy":"product_brand","embeddable":true,"href":"https:\/\/www.lavillagardendesign.com\/fr\/wp-json\/wp\/v2\/product_brand?post=54745"},{"taxonomy":"product_cat","embeddable":true,"href":"https:\/\/www.lavillagardendesign.com\/fr\/wp-json\/wp\/v2\/product_cat?post=54745"},{"taxonomy":"product_tag","embeddable":true,"href":"https:\/\/www.lavillagardendesign.com\/fr\/wp-json\/wp\/v2\/product_tag?post=54745"}],"curies":[{"name":"wp","href":"https:\/\/api.w.org\/{rel}","templated":true}]}}