{"id":54243,"date":"2025-05-18T20:52:34","date_gmt":"2025-05-18T19:52:34","guid":{"rendered":"https:\/\/www.lavillagardendesign.com\/product\/aspro-chauffage-au-gaz-pour-lexterieur\/"},"modified":"2026-02-23T11:41:20","modified_gmt":"2026-02-23T09:41:20","slug":"aspro-chauffage-au-gaz-pour-lexterieur","status":"publish","type":"product","link":"https:\/\/www.lavillagardendesign.com\/fr\/product\/aspro-chauffage-au-gaz-pour-lexterieur\/","title":{"rendered":"ASPRO &#8211; Chauffage au gaz pour l&rsquo;ext\u00e9rieur"},"content":{"rendered":"","protected":false},"excerpt":{"rendered":"<p class=\"\" data-start=\"38\" data-end=\"129\">ASPRO est un chauffage \u00e0 la finition blanche qui s&rsquo;int\u00e8gre facilement au design de vos espaces ext\u00e9rieurs.<\/p>\n<p class=\"\" data-start=\"131\" data-end=\"335\">Avec ASPRO, vous cr\u00e9ez une atmosph\u00e8re chaleureuse et confortable sur votre terrasse ou dans votre jardin, tout en profitant d&rsquo;une source de chaleur qui vous permet de rester dehors m\u00eame par temps froid &#8211; gr\u00e2ce \u00e0 sa <strong data-start=\"312\" data-end=\"334\">puissance de chauffage de 8 kW.<\/strong><\/p>\n<p class=\"\" data-start=\"337\" data-end=\"590\">Pour am\u00e9liorer la fonctionnalit\u00e9 et le confort, ce po\u00eale est \u00e9quip\u00e9 de <strong data-start=\"404\" data-end=\"429\">panneaux en verre tremp\u00e9<\/strong>, d&rsquo;un <strong data-start=\"433\" data-end=\"450\">panneau de commande<\/strong> et d&rsquo;une structure faite de <strong data-start=\"476\" data-end=\"504\">mat\u00e9riaux tr\u00e8s durables<\/strong>, ce qui garantit que le po\u00eale reste en parfait \u00e9tat malgr\u00e9 les conditions m\u00e9t\u00e9orologiques ext\u00e9rieures.<\/p>\n<p class=\"\" data-start=\"592\" data-end=\"712\">L&rsquo;<strong data-start=\"596\" data-end=\"624\">enceinte en verre tremp\u00e9<\/strong> et le <strong data-start=\"629\" data-end=\"644\">couvercle m\u00e9tallique<\/strong> prot\u00e8gent la flamme du vent et emp\u00eachent tout contact direct avec elle.<\/p>\n<p class=\"\" data-start=\"714\" data-end=\"778\">Cet appareil peut \u00eatre utilis\u00e9 avec du <strong data-start=\"752\" data-end=\"777\">gaz butane ou propane<\/strong>:<\/p>\n<ul data-start=\"780\" data-end=\"899\" data-is-last-node=\"\" data-is-only-node=\"\">\n<li class=\"\" data-start=\"780\" data-end=\"841\">\n<p class=\"\" data-start=\"782\" data-end=\"841\"><strong data-start=\"782\" data-end=\"796\">Gaz butane<\/strong> G30 &#8211; 28-30 mbar. Consommation : <strong data-start=\"828\" data-end=\"839\">582 g\/h<\/strong> <\/p>\n<\/li>\n<li class=\"\" data-start=\"842\" data-end=\"899\">\n<p class=\"\" data-start=\"844\" data-end=\"899\"><strong data-start=\"844\" data-end=\"859\">Gaz propane<\/strong> G31 &#8211; 37 mbar. Consommation : <strong data-start=\"888\" data-end=\"899\" data-is-last-node=\"\">572 g\/h<\/strong> <\/p>\n<\/li>\n<\/ul>\n","protected":false},"featured_media":54226,"comment_status":"open","ping_status":"closed","template":"","meta":[],"product_brand":[],"product_cat":[6832,4774],"product_tag":[],"class_list":{"0":"post-54243","1":"product","2":"type-product","3":"status-publish","4":"has-post-thumbnail","6":"product_cat-outdoor-fr","7":"product_cat-barbecue-fr","9":"first","10":"instock","11":"taxable","12":"shipping-taxable","13":"purchasable","14":"product-type-simple"},"yoast_head":"<!-- This site is optimized with the Yoast SEO plugin v27.1.1 - https:\/\/yoast.com\/product\/yoast-seo-wordpress\/ -->\n<title>ASPRO - Chauffage au gaz pour l&#039;ext\u00e9rieur - La Villa Garden&amp;Design<\/title>\n<meta name=\"robots\" content=\"index, follow, max-snippet:-1, max-image-preview:large, max-video-preview:-1\" \/>\n<link rel=\"canonical\" href=\"https:\/\/www.lavillagardendesign.com\/fr\/product\/aspro-chauffage-au-gaz-pour-lexterieur\/\" \/>\n<meta property=\"og:locale\" content=\"fr_FR\" \/>\n<meta property=\"og:type\" content=\"article\" \/>\n<meta property=\"og:title\" content=\"ASPRO - Chauffage au gaz pour l&#039;ext\u00e9rieur - La Villa Garden&amp;Design\" \/>\n<meta property=\"og:description\" content=\"ASPRO est un chauffage \u00e0 la finition blanche qui s&#039;int\u00e8gre facilement au design de vos espaces ext\u00e9rieurs. Avec ASPRO, vous cr\u00e9ez une atmosph\u00e8re chaleureuse et confortable sur votre terrasse ou dans votre jardin, tout en profitant d&#039;une source de chaleur qui vous permet de rester dehors m\u00eame par temps froid - gr\u00e2ce \u00e0 sa puissance de chauffage de 8 kW. Pour am\u00e9liorer la fonctionnalit\u00e9 et le confort, ce po\u00eale est \u00e9quip\u00e9 de panneaux en verre tremp\u00e9, d&#039;un panneau de commande et d&#039;une structure faite de mat\u00e9riaux tr\u00e8s durables, ce qui garantit que le po\u00eale reste en parfait \u00e9tat malgr\u00e9 les conditions m\u00e9t\u00e9orologiques ext\u00e9rieures. L&#039;enceinte en verre tremp\u00e9 et le couvercle m\u00e9tallique prot\u00e8gent la flamme du vent et emp\u00eachent tout contact direct avec elle. Cet appareil peut \u00eatre utilis\u00e9 avec du gaz butane ou propane:   Gaz butane G30 - 28-30 mbar. Consommation : 582 g\/h   Gaz propane G31 - 37 mbar. Consommation : 572 g\/h\" \/>\n<meta property=\"og:url\" content=\"https:\/\/www.lavillagardendesign.com\/fr\/product\/aspro-chauffage-au-gaz-pour-lexterieur\/\" \/>\n<meta property=\"og:site_name\" content=\"La Villa Garden&amp;Design\" \/>\n<meta property=\"article:publisher\" content=\"https:\/\/www.facebook.com\/lavillagardendesign\/\" \/>\n<meta property=\"article:modified_time\" content=\"2026-02-23T09:41:20+00:00\" \/>\n<meta property=\"og:image\" content=\"https:\/\/www.lavillagardendesign.com\/wp-content\/uploads\/2025\/05\/1-2-1.jpg\" \/>\n\t<meta property=\"og:image:width\" content=\"800\" \/>\n\t<meta property=\"og:image:height\" content=\"800\" \/>\n\t<meta property=\"og:image:type\" content=\"image\/jpeg\" \/>\n<meta name=\"twitter:card\" content=\"summary_large_image\" \/>\n<script type=\"application\/ld+json\" class=\"yoast-schema-graph\">{\"@context\":\"https:\/\/schema.org\",\"@graph\":[{\"@type\":\"WebPage\",\"@id\":\"https:\/\/www.lavillagardendesign.com\/fr\/product\/aspro-chauffage-au-gaz-pour-lexterieur\/\",\"url\":\"https:\/\/www.lavillagardendesign.com\/fr\/product\/aspro-chauffage-au-gaz-pour-lexterieur\/\",\"name\":\"ASPRO - Chauffage au gaz pour l'ext\u00e9rieur - La Villa Garden&amp;Design\",\"isPartOf\":{\"@id\":\"https:\/\/www.lavillagardendesign.com\/#website\"},\"primaryImageOfPage\":{\"@id\":\"https:\/\/www.lavillagardendesign.com\/fr\/product\/aspro-chauffage-au-gaz-pour-lexterieur\/#primaryimage\"},\"image\":{\"@id\":\"https:\/\/www.lavillagardendesign.com\/fr\/product\/aspro-chauffage-au-gaz-pour-lexterieur\/#primaryimage\"},\"thumbnailUrl\":\"https:\/\/www.lavillagardendesign.com\/wp-content\/uploads\/2025\/05\/1-2-1.jpg\",\"datePublished\":\"2025-05-18T19:52:34+00:00\",\"dateModified\":\"2026-02-23T09:41:20+00:00\",\"breadcrumb\":{\"@id\":\"https:\/\/www.lavillagardendesign.com\/fr\/product\/aspro-chauffage-au-gaz-pour-lexterieur\/#breadcrumb\"},\"inLanguage\":\"fr-FR\",\"potentialAction\":[{\"@type\":\"ReadAction\",\"target\":[\"https:\/\/www.lavillagardendesign.com\/fr\/product\/aspro-chauffage-au-gaz-pour-lexterieur\/\"]}]},{\"@type\":\"ImageObject\",\"inLanguage\":\"fr-FR\",\"@id\":\"https:\/\/www.lavillagardendesign.com\/fr\/product\/aspro-chauffage-au-gaz-pour-lexterieur\/#primaryimage\",\"url\":\"https:\/\/www.lavillagardendesign.com\/wp-content\/uploads\/2025\/05\/1-2-1.jpg\",\"contentUrl\":\"https:\/\/www.lavillagardendesign.com\/wp-content\/uploads\/2025\/05\/1-2-1.jpg\",\"width\":800,\"height\":800},{\"@type\":\"BreadcrumbList\",\"@id\":\"https:\/\/www.lavillagardendesign.com\/fr\/product\/aspro-chauffage-au-gaz-pour-lexterieur\/#breadcrumb\",\"itemListElement\":[{\"@type\":\"ListItem\",\"position\":1,\"name\":\"Home\",\"item\":\"https:\/\/www.lavillagardendesign.com\/\"},{\"@type\":\"ListItem\",\"position\":2,\"name\":\"Boutique\",\"item\":\"https:\/\/www.lavillagardendesign.com\/fr\/boutique\/\"},{\"@type\":\"ListItem\",\"position\":3,\"name\":\"ASPRO &#8211; Chauffage au gaz pour l&#8217;ext\u00e9rieur\"}]},{\"@type\":\"WebSite\",\"@id\":\"https:\/\/www.lavillagardendesign.com\/#website\",\"url\":\"https:\/\/www.lavillagardendesign.com\/\",\"name\":\"La Villa Garden&Design\",\"description\":\"\",\"publisher\":{\"@id\":\"https:\/\/www.lavillagardendesign.com\/#organization\"},\"potentialAction\":[{\"@type\":\"SearchAction\",\"target\":{\"@type\":\"EntryPoint\",\"urlTemplate\":\"https:\/\/www.lavillagardendesign.com\/?s={search_term_string}\"},\"query-input\":{\"@type\":\"PropertyValueSpecification\",\"valueRequired\":true,\"valueName\":\"search_term_string\"}}],\"inLanguage\":\"fr-FR\"},{\"@type\":\"Organization\",\"@id\":\"https:\/\/www.lavillagardendesign.com\/#organization\",\"name\":\"La Villa Garden&Design\",\"url\":\"https:\/\/www.lavillagardendesign.com\/\",\"logo\":{\"@type\":\"ImageObject\",\"inLanguage\":\"fr-FR\",\"@id\":\"https:\/\/www.lavillagardendesign.com\/#\/schema\/logo\/image\/\",\"url\":\"https:\/\/www.lavillagardendesign.com\/wp-content\/uploads\/2024\/04\/logolavilla.png\",\"contentUrl\":\"https:\/\/www.lavillagardendesign.com\/wp-content\/uploads\/2024\/04\/logolavilla.png\",\"width\":682,\"height\":391,\"caption\":\"La Villa Garden&Design\"},\"image\":{\"@id\":\"https:\/\/www.lavillagardendesign.com\/#\/schema\/logo\/image\/\"},\"sameAs\":[\"https:\/\/www.facebook.com\/lavillagardendesign\/\"]}]}<\/script>\n<!-- \/ Yoast SEO plugin. -->","yoast_head_json":{"title":"ASPRO - Chauffage au gaz pour l'ext\u00e9rieur - La Villa Garden&amp;Design","robots":{"index":"index","follow":"follow","max-snippet":"max-snippet:-1","max-image-preview":"max-image-preview:large","max-video-preview":"max-video-preview:-1"},"canonical":"https:\/\/www.lavillagardendesign.com\/fr\/product\/aspro-chauffage-au-gaz-pour-lexterieur\/","og_locale":"fr_FR","og_type":"article","og_title":"ASPRO - Chauffage au gaz pour l'ext\u00e9rieur - La Villa Garden&amp;Design","og_description":"ASPRO est un chauffage \u00e0 la finition blanche qui s'int\u00e8gre facilement au design de vos espaces ext\u00e9rieurs. Avec ASPRO, vous cr\u00e9ez une atmosph\u00e8re chaleureuse et confortable sur votre terrasse ou dans votre jardin, tout en profitant d'une source de chaleur qui vous permet de rester dehors m\u00eame par temps froid - gr\u00e2ce \u00e0 sa puissance de chauffage de 8 kW. Pour am\u00e9liorer la fonctionnalit\u00e9 et le confort, ce po\u00eale est \u00e9quip\u00e9 de panneaux en verre tremp\u00e9, d'un panneau de commande et d'une structure faite de mat\u00e9riaux tr\u00e8s durables, ce qui garantit que le po\u00eale reste en parfait \u00e9tat malgr\u00e9 les conditions m\u00e9t\u00e9orologiques ext\u00e9rieures. L'enceinte en verre tremp\u00e9 et le couvercle m\u00e9tallique prot\u00e8gent la flamme du vent et emp\u00eachent tout contact direct avec elle. Cet appareil peut \u00eatre utilis\u00e9 avec du gaz butane ou propane:   Gaz butane G30 - 28-30 mbar. Consommation : 582 g\/h   Gaz propane G31 - 37 mbar. Consommation : 572 g\/h","og_url":"https:\/\/www.lavillagardendesign.com\/fr\/product\/aspro-chauffage-au-gaz-pour-lexterieur\/","og_site_name":"La Villa Garden&amp;Design","article_publisher":"https:\/\/www.facebook.com\/lavillagardendesign\/","article_modified_time":"2026-02-23T09:41:20+00:00","og_image":[{"width":800,"height":800,"url":"https:\/\/www.lavillagardendesign.com\/wp-content\/uploads\/2025\/05\/1-2-1.jpg","type":"image\/jpeg"}],"twitter_card":"summary_large_image","schema":{"@context":"https:\/\/schema.org","@graph":[{"@type":"WebPage","@id":"https:\/\/www.lavillagardendesign.com\/fr\/product\/aspro-chauffage-au-gaz-pour-lexterieur\/","url":"https:\/\/www.lavillagardendesign.com\/fr\/product\/aspro-chauffage-au-gaz-pour-lexterieur\/","name":"ASPRO - Chauffage au gaz pour l'ext\u00e9rieur - La Villa Garden&amp;Design","isPartOf":{"@id":"https:\/\/www.lavillagardendesign.com\/#website"},"primaryImageOfPage":{"@id":"https:\/\/www.lavillagardendesign.com\/fr\/product\/aspro-chauffage-au-gaz-pour-lexterieur\/#primaryimage"},"image":{"@id":"https:\/\/www.lavillagardendesign.com\/fr\/product\/aspro-chauffage-au-gaz-pour-lexterieur\/#primaryimage"},"thumbnailUrl":"https:\/\/www.lavillagardendesign.com\/wp-content\/uploads\/2025\/05\/1-2-1.jpg","datePublished":"2025-05-18T19:52:34+00:00","dateModified":"2026-02-23T09:41:20+00:00","breadcrumb":{"@id":"https:\/\/www.lavillagardendesign.com\/fr\/product\/aspro-chauffage-au-gaz-pour-lexterieur\/#breadcrumb"},"inLanguage":"fr-FR","potentialAction":[{"@type":"ReadAction","target":["https:\/\/www.lavillagardendesign.com\/fr\/product\/aspro-chauffage-au-gaz-pour-lexterieur\/"]}]},{"@type":"ImageObject","inLanguage":"fr-FR","@id":"https:\/\/www.lavillagardendesign.com\/fr\/product\/aspro-chauffage-au-gaz-pour-lexterieur\/#primaryimage","url":"https:\/\/www.lavillagardendesign.com\/wp-content\/uploads\/2025\/05\/1-2-1.jpg","contentUrl":"https:\/\/www.lavillagardendesign.com\/wp-content\/uploads\/2025\/05\/1-2-1.jpg","width":800,"height":800},{"@type":"BreadcrumbList","@id":"https:\/\/www.lavillagardendesign.com\/fr\/product\/aspro-chauffage-au-gaz-pour-lexterieur\/#breadcrumb","itemListElement":[{"@type":"ListItem","position":1,"name":"Home","item":"https:\/\/www.lavillagardendesign.com\/"},{"@type":"ListItem","position":2,"name":"Boutique","item":"https:\/\/www.lavillagardendesign.com\/fr\/boutique\/"},{"@type":"ListItem","position":3,"name":"ASPRO &#8211; Chauffage au gaz pour l&#8217;ext\u00e9rieur"}]},{"@type":"WebSite","@id":"https:\/\/www.lavillagardendesign.com\/#website","url":"https:\/\/www.lavillagardendesign.com\/","name":"La Villa Garden&Design","description":"","publisher":{"@id":"https:\/\/www.lavillagardendesign.com\/#organization"},"potentialAction":[{"@type":"SearchAction","target":{"@type":"EntryPoint","urlTemplate":"https:\/\/www.lavillagardendesign.com\/?s={search_term_string}"},"query-input":{"@type":"PropertyValueSpecification","valueRequired":true,"valueName":"search_term_string"}}],"inLanguage":"fr-FR"},{"@type":"Organization","@id":"https:\/\/www.lavillagardendesign.com\/#organization","name":"La Villa Garden&Design","url":"https:\/\/www.lavillagardendesign.com\/","logo":{"@type":"ImageObject","inLanguage":"fr-FR","@id":"https:\/\/www.lavillagardendesign.com\/#\/schema\/logo\/image\/","url":"https:\/\/www.lavillagardendesign.com\/wp-content\/uploads\/2024\/04\/logolavilla.png","contentUrl":"https:\/\/www.lavillagardendesign.com\/wp-content\/uploads\/2024\/04\/logolavilla.png","width":682,"height":391,"caption":"La Villa Garden&Design"},"image":{"@id":"https:\/\/www.lavillagardendesign.com\/#\/schema\/logo\/image\/"},"sameAs":["https:\/\/www.facebook.com\/lavillagardendesign\/"]}]}},"_links":{"self":[{"href":"https:\/\/www.lavillagardendesign.com\/fr\/wp-json\/wp\/v2\/product\/54243","targetHints":{"allow":["GET"]}}],"collection":[{"href":"https:\/\/www.lavillagardendesign.com\/fr\/wp-json\/wp\/v2\/product"}],"about":[{"href":"https:\/\/www.lavillagardendesign.com\/fr\/wp-json\/wp\/v2\/types\/product"}],"replies":[{"embeddable":true,"href":"https:\/\/www.lavillagardendesign.com\/fr\/wp-json\/wp\/v2\/comments?post=54243"}],"version-history":[{"count":1,"href":"https:\/\/www.lavillagardendesign.com\/fr\/wp-json\/wp\/v2\/product\/54243\/revisions"}],"predecessor-version":[{"id":63690,"href":"https:\/\/www.lavillagardendesign.com\/fr\/wp-json\/wp\/v2\/product\/54243\/revisions\/63690"}],"wp:featuredmedia":[{"embeddable":true,"href":"https:\/\/www.lavillagardendesign.com\/fr\/wp-json\/wp\/v2\/media\/54226"}],"wp:attachment":[{"href":"https:\/\/www.lavillagardendesign.com\/fr\/wp-json\/wp\/v2\/media?parent=54243"}],"wp:term":[{"taxonomy":"product_brand","embeddable":true,"href":"https:\/\/www.lavillagardendesign.com\/fr\/wp-json\/wp\/v2\/product_brand?post=54243"},{"taxonomy":"product_cat","embeddable":true,"href":"https:\/\/www.lavillagardendesign.com\/fr\/wp-json\/wp\/v2\/product_cat?post=54243"},{"taxonomy":"product_tag","embeddable":true,"href":"https:\/\/www.lavillagardendesign.com\/fr\/wp-json\/wp\/v2\/product_tag?post=54243"}],"curies":[{"name":"wp","href":"https:\/\/api.w.org\/{rel}","templated":true}]}}