{"id":54128,"date":"2025-05-11T16:07:42","date_gmt":"2025-05-11T15:07:42","guid":{"rendered":"https:\/\/www.lavillagardendesign.com\/product\/bonbiza-open-barbecue-au-feu-de-bois\/"},"modified":"2026-02-23T11:41:19","modified_gmt":"2026-02-23T09:41:19","slug":"bonbiza-open-barbecue-au-feu-de-bois","status":"publish","type":"product","link":"https:\/\/www.lavillagardendesign.com\/fr\/product\/bonbiza-open-barbecue-au-feu-de-bois\/","title":{"rendered":"BONBIZA OPEN &#8211; Barbecue au feu de bois"},"content":{"rendered":"","protected":false},"excerpt":{"rendered":"<p class=\"\" data-start=\"46\" data-end=\"366\">Le <strong data-start=\"50\" data-end=\"61\">BonBiza<\/strong> de BonFeu est une station de cuisson ext\u00e9rieure haut de gamme &#8211; un grand barbecue de style plancha au feu de bois qui est \u00e0 la fois un outil culinaire et une pi\u00e8ce ma\u00eetresse remarquable. Fleuron de la collection BonFeu, le BonBiza est con\u00e7u pour ceux qui souhaitent cuisiner en plein air tout en profitant de la chaleur et de l&rsquo;ambiance d&rsquo;un feu ouvert. <\/p>\n<h3 class=\"\" data-start=\"368\" data-end=\"385\">Caract\u00e9ristiques principales :<\/h3>\n<ul data-start=\"387\" data-end=\"1100\">\n<li class=\"\" data-start=\"387\" data-end=\"468\">\n<p class=\"\" data-start=\"389\" data-end=\"468\"><strong data-start=\"389\" data-end=\"405\">Double fonction<\/strong>: profitez d&rsquo;un feu confortable et cuisinez de d\u00e9licieux repas en m\u00eame temps.<\/p>\n<\/li>\n<li class=\"\" data-start=\"469\" data-end=\"561\">\n<p class=\"\" data-start=\"471\" data-end=\"561\"><strong data-start=\"471\" data-end=\"488\">Plaque Plancha<\/strong>: 80 cm de diam\u00e8tre, 6 mm d&rsquo;\u00e9paisseur &#8211; parfaite pour la cuisson polyvalente et la p\u00e2tisserie.<\/p>\n<\/li>\n<li class=\"\" data-start=\"562\" data-end=\"696\">\n<p class=\"\" data-start=\"564\" data-end=\"696\"><strong data-start=\"564\" data-end=\"593\">Distribution progressive de la chaleur<\/strong>: La chaleur rayonne du centre vers l&rsquo;ext\u00e9rieur, offrant plusieurs zones de temp\u00e9rature pour une cuisson simultan\u00e9e.<\/p>\n<\/li>\n<li class=\"\" data-start=\"697\" data-end=\"834\">\n<p class=\"\" data-start=\"699\" data-end=\"834\"><strong data-start=\"699\" data-end=\"716\">Facile \u00e0 nettoyer<\/strong>: Les r\u00e9sidus alimentaires et l&rsquo;exc\u00e8s d&rsquo;huile peuvent \u00eatre pouss\u00e9s dans le feu \u00e0 l&rsquo;aide d&rsquo;une spatule ; la plaque se nettoie facilement \u00e0 l&rsquo;aide d&rsquo;un chiffon humide.<\/p>\n<\/li>\n<li class=\"\" data-start=\"835\" data-end=\"1100\">\n<p class=\"\" data-start=\"837\" data-end=\"860\"><strong data-start=\"837\" data-end=\"857\">Mat\u00e9riaux robustes<\/strong>:<\/p>\n<ul data-start=\"863\" data-end=\"1100\">\n<li class=\"\" data-start=\"863\" data-end=\"981\">\n<p class=\"\" data-start=\"865\" data-end=\"981\"><em data-start=\"865\" data-end=\"879\">BonBiza Rust<\/em>: Fabriqu\u00e9 en <strong data-start=\"907\" data-end=\"923\">acier Corten<\/strong> r\u00e9sistant aux intemp\u00e9ries et dot\u00e9 d&rsquo;une couche de rouille protectrice qui ralentit l&rsquo;oxydation.<\/p>\n<\/li>\n<li class=\"\" data-start=\"984\" data-end=\"1100\">\n<p class=\"\" data-start=\"986\" data-end=\"1100\"><em data-start=\"986\" data-end=\"1001\">BonBiza Noir<\/em>: Fabriqu\u00e9 en acier ordinaire, il se patine naturellement avec le temps, ce qui lui conf\u00e8re un aspect robuste.<\/p>\n<\/li>\n<\/ul>\n<\/li>\n<\/ul>\n<h3 class=\"\" data-start=\"1102\" data-end=\"1159\">Options de cuisson personnalis\u00e9es (accessoires vendus s\u00e9par\u00e9ment) :<\/h3>\n<ul data-start=\"1161\" data-end=\"1496\">\n<li class=\"\" data-start=\"1161\" data-end=\"1202\">\n<p class=\"\" data-start=\"1163\" data-end=\"1202\"><strong data-start=\"1163\" data-end=\"1180\">Four BonPizza<\/strong> &#8211; pour la cuisson des pizzas<\/p>\n<\/li>\n<li class=\"\" data-start=\"1203\" data-end=\"1252\">\n<p class=\"\" data-start=\"1205\" data-end=\"1252\"><strong data-start=\"1205\" data-end=\"1227\">Anneau pour brochettes BonFeu<\/strong> &#8211; pour griller les brochettes<\/p>\n<\/li>\n<li class=\"\" data-start=\"1253\" data-end=\"1303\">\n<p class=\"\" data-start=\"1255\" data-end=\"1303\"><strong data-start=\"1255\" data-end=\"1274\">Grill for Stand<\/strong> &#8211; pour des grillades traditionnelles<\/p>\n<\/li>\n<li class=\"\" data-start=\"1304\" data-end=\"1371\">\n<p class=\"\" data-start=\"1306\" data-end=\"1371\"><strong data-start=\"1306\" data-end=\"1323\">Base standard<\/strong> &#8211; n\u00e9cessaire pour le montage des accessoires ci-dessus<\/p>\n<\/li>\n<li class=\"\" data-start=\"1372\" data-end=\"1433\">\n<p class=\"\" data-start=\"1374\" data-end=\"1433\"><strong data-start=\"1374\" data-end=\"1388\">Foodbumper<\/strong> &#8211; emp\u00eache les aliments de tomber dans le feu<\/p>\n<\/li>\n<li class=\"\" data-start=\"1434\" data-end=\"1496\">\n<p class=\"\" data-start=\"1436\" data-end=\"1496\"><strong data-start=\"1436\" data-end=\"1454\">Couvercle protecteur<\/strong> &#8211; permet de garder la plaque propre lorsqu&rsquo;elle n&rsquo;est pas utilis\u00e9e<\/p>\n<\/li>\n<\/ul>\n<h3 class=\"\" data-start=\"1498\" data-end=\"1520\">Instructions d&rsquo;entretien :<\/h3>\n<ul data-start=\"1522\" data-end=\"1724\">\n<li class=\"\" data-start=\"1522\" data-end=\"1571\">\n<p class=\"\" data-start=\"1524\" data-end=\"1571\">Les plaques de cuisson sont pr\u00e9-huil\u00e9es pour \u00e9viter la rouille.<\/p>\n<\/li>\n<li class=\"\" data-start=\"1572\" data-end=\"1646\">\n<p class=\"\" data-start=\"1574\" data-end=\"1646\">Essuyez l&rsquo;huile protectrice avant la premi\u00e8re utilisation et remettez de l&rsquo;huile avant de cuisiner.<\/p>\n<\/li>\n<li class=\"\" data-start=\"1647\" data-end=\"1724\">\n<p class=\"\" data-start=\"1649\" data-end=\"1724\">Conservez toujours la plancha huil\u00e9e et \u00e0 temp\u00e9rature ambiante pour \u00e9viter la corrosion.<\/p>\n<\/li>\n<\/ul>\n","protected":false},"featured_media":54045,"comment_status":"open","ping_status":"closed","template":"","meta":[],"product_brand":[],"product_cat":[4774,6832],"product_tag":[],"class_list":{"0":"post-54128","1":"product","2":"type-product","3":"status-publish","4":"has-post-thumbnail","6":"product_cat-barbecue-fr","7":"product_cat-outdoor-fr","9":"first","10":"instock","11":"taxable","12":"shipping-taxable","13":"purchasable","14":"product-type-simple"},"yoast_head":"<!-- This site is optimized with the Yoast SEO plugin v27.4 - https:\/\/yoast.com\/product\/yoast-seo-wordpress\/ -->\n<title>BONBIZA OPEN - Barbecue au feu de bois - La Villa Garden&amp;Design<\/title>\n<meta name=\"robots\" content=\"index, follow, max-snippet:-1, max-image-preview:large, max-video-preview:-1\" \/>\n<link rel=\"canonical\" href=\"https:\/\/www.lavillagardendesign.com\/fr\/product\/bonbiza-open-barbecue-au-feu-de-bois\/\" \/>\n<meta property=\"og:locale\" content=\"fr_FR\" \/>\n<meta property=\"og:type\" content=\"article\" \/>\n<meta property=\"og:title\" content=\"BONBIZA OPEN - Barbecue au feu de bois - La Villa Garden&amp;Design\" \/>\n<meta property=\"og:description\" content=\"Le BonBiza de BonFeu est une station de cuisson ext\u00e9rieure haut de gamme - un grand barbecue de style plancha au feu de bois qui est \u00e0 la fois un outil culinaire et une pi\u00e8ce ma\u00eetresse remarquable. Fleuron de la collection BonFeu, le BonBiza est con\u00e7u pour ceux qui souhaitent cuisiner en plein air tout en profitant de la chaleur et de l&#039;ambiance d&#039;un feu ouvert.  Caract\u00e9ristiques principales :   Double fonction: profitez d&#039;un feu confortable et cuisinez de d\u00e9licieux repas en m\u00eame temps.   Plaque Plancha: 80 cm de diam\u00e8tre, 6 mm d&#039;\u00e9paisseur - parfaite pour la cuisson polyvalente et la p\u00e2tisserie.   Distribution progressive de la chaleur: La chaleur rayonne du centre vers l&#039;ext\u00e9rieur, offrant plusieurs zones de temp\u00e9rature pour une cuisson simultan\u00e9e.   Facile \u00e0 nettoyer: Les r\u00e9sidus alimentaires et l&#039;exc\u00e8s d&#039;huile peuvent \u00eatre pouss\u00e9s dans le feu \u00e0 l&#039;aide d&#039;une spatule ; la plaque se nettoie facilement \u00e0 l&#039;aide d&#039;un chiffon humide.   Mat\u00e9riaux robustes:   BonBiza Rust: Fabriqu\u00e9 en acier Corten r\u00e9sistant aux intemp\u00e9ries et dot\u00e9 d&#039;une couche de rouille protectrice qui ralentit l&#039;oxydation.   BonBiza Noir: Fabriqu\u00e9 en acier ordinaire, il se patine naturellement avec le temps, ce qui lui conf\u00e8re un aspect robuste.   Options de cuisson personnalis\u00e9es (accessoires vendus s\u00e9par\u00e9ment) :   Four BonPizza - pour la cuisson des pizzas   Anneau pour brochettes BonFeu - pour griller les brochettes   Grill for Stand - pour des grillades traditionnelles   Base standard - n\u00e9cessaire pour le montage des accessoires ci-dessus   Foodbumper - emp\u00eache les aliments de tomber dans le feu   Couvercle protecteur - permet de garder la plaque propre lorsqu&#039;elle n&#039;est pas utilis\u00e9e  Instructions d&#039;entretien :   Les plaques de cuisson sont pr\u00e9-huil\u00e9es pour \u00e9viter la rouille.   Essuyez l&#039;huile protectrice avant la premi\u00e8re utilisation et remettez de l&#039;huile avant de cuisiner.   Conservez toujours la plancha huil\u00e9e et \u00e0 temp\u00e9rature ambiante pour \u00e9viter la corrosion.\" \/>\n<meta property=\"og:url\" content=\"https:\/\/www.lavillagardendesign.com\/fr\/product\/bonbiza-open-barbecue-au-feu-de-bois\/\" \/>\n<meta property=\"og:site_name\" content=\"La Villa Garden&amp;Design\" \/>\n<meta property=\"article:publisher\" content=\"https:\/\/www.facebook.com\/lavillagardendesign\/\" \/>\n<meta property=\"article:modified_time\" content=\"2026-02-23T09:41:19+00:00\" \/>\n<meta property=\"og:image\" content=\"https:\/\/www.lavillagardendesign.com\/wp-content\/uploads\/2025\/05\/5-2.jpg\" \/>\n\t<meta property=\"og:image:width\" content=\"800\" \/>\n\t<meta property=\"og:image:height\" content=\"800\" \/>\n\t<meta property=\"og:image:type\" content=\"image\/jpeg\" \/>\n<meta name=\"twitter:card\" content=\"summary_large_image\" \/>\n<script type=\"application\/ld+json\" class=\"yoast-schema-graph\">{\"@context\":\"https:\\\/\\\/schema.org\",\"@graph\":[{\"@type\":\"WebPage\",\"@id\":\"https:\\\/\\\/www.lavillagardendesign.com\\\/fr\\\/product\\\/bonbiza-open-barbecue-au-feu-de-bois\\\/\",\"url\":\"https:\\\/\\\/www.lavillagardendesign.com\\\/fr\\\/product\\\/bonbiza-open-barbecue-au-feu-de-bois\\\/\",\"name\":\"BONBIZA OPEN - Barbecue au feu de bois - La Villa Garden&amp;Design\",\"isPartOf\":{\"@id\":\"https:\\\/\\\/www.lavillagardendesign.com\\\/#website\"},\"primaryImageOfPage\":{\"@id\":\"https:\\\/\\\/www.lavillagardendesign.com\\\/fr\\\/product\\\/bonbiza-open-barbecue-au-feu-de-bois\\\/#primaryimage\"},\"image\":{\"@id\":\"https:\\\/\\\/www.lavillagardendesign.com\\\/fr\\\/product\\\/bonbiza-open-barbecue-au-feu-de-bois\\\/#primaryimage\"},\"thumbnailUrl\":\"https:\\\/\\\/www.lavillagardendesign.com\\\/wp-content\\\/uploads\\\/2025\\\/05\\\/5-2.jpg\",\"datePublished\":\"2025-05-11T15:07:42+00:00\",\"dateModified\":\"2026-02-23T09:41:19+00:00\",\"breadcrumb\":{\"@id\":\"https:\\\/\\\/www.lavillagardendesign.com\\\/fr\\\/product\\\/bonbiza-open-barbecue-au-feu-de-bois\\\/#breadcrumb\"},\"inLanguage\":\"fr-FR\",\"potentialAction\":[{\"@type\":\"ReadAction\",\"target\":[\"https:\\\/\\\/www.lavillagardendesign.com\\\/fr\\\/product\\\/bonbiza-open-barbecue-au-feu-de-bois\\\/\"]}]},{\"@type\":\"ImageObject\",\"inLanguage\":\"fr-FR\",\"@id\":\"https:\\\/\\\/www.lavillagardendesign.com\\\/fr\\\/product\\\/bonbiza-open-barbecue-au-feu-de-bois\\\/#primaryimage\",\"url\":\"https:\\\/\\\/www.lavillagardendesign.com\\\/wp-content\\\/uploads\\\/2025\\\/05\\\/5-2.jpg\",\"contentUrl\":\"https:\\\/\\\/www.lavillagardendesign.com\\\/wp-content\\\/uploads\\\/2025\\\/05\\\/5-2.jpg\",\"width\":800,\"height\":800},{\"@type\":\"BreadcrumbList\",\"@id\":\"https:\\\/\\\/www.lavillagardendesign.com\\\/fr\\\/product\\\/bonbiza-open-barbecue-au-feu-de-bois\\\/#breadcrumb\",\"itemListElement\":[{\"@type\":\"ListItem\",\"position\":1,\"name\":\"Home\",\"item\":\"https:\\\/\\\/www.lavillagardendesign.com\\\/\"},{\"@type\":\"ListItem\",\"position\":2,\"name\":\"Boutique\",\"item\":\"https:\\\/\\\/www.lavillagardendesign.com\\\/fr\\\/boutique\\\/\"},{\"@type\":\"ListItem\",\"position\":3,\"name\":\"BONBIZA OPEN &#8211; Barbecue au feu de bois\"}]},{\"@type\":\"WebSite\",\"@id\":\"https:\\\/\\\/www.lavillagardendesign.com\\\/#website\",\"url\":\"https:\\\/\\\/www.lavillagardendesign.com\\\/\",\"name\":\"La Villa Garden&Design\",\"description\":\"\",\"publisher\":{\"@id\":\"https:\\\/\\\/www.lavillagardendesign.com\\\/#organization\"},\"potentialAction\":[{\"@type\":\"SearchAction\",\"target\":{\"@type\":\"EntryPoint\",\"urlTemplate\":\"https:\\\/\\\/www.lavillagardendesign.com\\\/?s={search_term_string}\"},\"query-input\":{\"@type\":\"PropertyValueSpecification\",\"valueRequired\":true,\"valueName\":\"search_term_string\"}}],\"inLanguage\":\"fr-FR\"},{\"@type\":\"Organization\",\"@id\":\"https:\\\/\\\/www.lavillagardendesign.com\\\/#organization\",\"name\":\"La Villa Garden&Design\",\"url\":\"https:\\\/\\\/www.lavillagardendesign.com\\\/\",\"logo\":{\"@type\":\"ImageObject\",\"inLanguage\":\"fr-FR\",\"@id\":\"https:\\\/\\\/www.lavillagardendesign.com\\\/#\\\/schema\\\/logo\\\/image\\\/\",\"url\":\"https:\\\/\\\/www.lavillagardendesign.com\\\/wp-content\\\/uploads\\\/2024\\\/04\\\/logolavilla.png\",\"contentUrl\":\"https:\\\/\\\/www.lavillagardendesign.com\\\/wp-content\\\/uploads\\\/2024\\\/04\\\/logolavilla.png\",\"width\":682,\"height\":391,\"caption\":\"La Villa Garden&Design\"},\"image\":{\"@id\":\"https:\\\/\\\/www.lavillagardendesign.com\\\/#\\\/schema\\\/logo\\\/image\\\/\"},\"sameAs\":[\"https:\\\/\\\/www.facebook.com\\\/lavillagardendesign\\\/\"]}]}<\/script>\n<!-- \/ Yoast SEO plugin. -->","yoast_head_json":{"title":"BONBIZA OPEN - Barbecue au feu de bois - La Villa Garden&amp;Design","robots":{"index":"index","follow":"follow","max-snippet":"max-snippet:-1","max-image-preview":"max-image-preview:large","max-video-preview":"max-video-preview:-1"},"canonical":"https:\/\/www.lavillagardendesign.com\/fr\/product\/bonbiza-open-barbecue-au-feu-de-bois\/","og_locale":"fr_FR","og_type":"article","og_title":"BONBIZA OPEN - Barbecue au feu de bois - La Villa Garden&amp;Design","og_description":"Le BonBiza de BonFeu est une station de cuisson ext\u00e9rieure haut de gamme - un grand barbecue de style plancha au feu de bois qui est \u00e0 la fois un outil culinaire et une pi\u00e8ce ma\u00eetresse remarquable. Fleuron de la collection BonFeu, le BonBiza est con\u00e7u pour ceux qui souhaitent cuisiner en plein air tout en profitant de la chaleur et de l'ambiance d'un feu ouvert.  Caract\u00e9ristiques principales :   Double fonction: profitez d'un feu confortable et cuisinez de d\u00e9licieux repas en m\u00eame temps.   Plaque Plancha: 80 cm de diam\u00e8tre, 6 mm d'\u00e9paisseur - parfaite pour la cuisson polyvalente et la p\u00e2tisserie.   Distribution progressive de la chaleur: La chaleur rayonne du centre vers l'ext\u00e9rieur, offrant plusieurs zones de temp\u00e9rature pour une cuisson simultan\u00e9e.   Facile \u00e0 nettoyer: Les r\u00e9sidus alimentaires et l'exc\u00e8s d'huile peuvent \u00eatre pouss\u00e9s dans le feu \u00e0 l'aide d'une spatule ; la plaque se nettoie facilement \u00e0 l'aide d'un chiffon humide.   Mat\u00e9riaux robustes:   BonBiza Rust: Fabriqu\u00e9 en acier Corten r\u00e9sistant aux intemp\u00e9ries et dot\u00e9 d'une couche de rouille protectrice qui ralentit l'oxydation.   BonBiza Noir: Fabriqu\u00e9 en acier ordinaire, il se patine naturellement avec le temps, ce qui lui conf\u00e8re un aspect robuste.   Options de cuisson personnalis\u00e9es (accessoires vendus s\u00e9par\u00e9ment) :   Four BonPizza - pour la cuisson des pizzas   Anneau pour brochettes BonFeu - pour griller les brochettes   Grill for Stand - pour des grillades traditionnelles   Base standard - n\u00e9cessaire pour le montage des accessoires ci-dessus   Foodbumper - emp\u00eache les aliments de tomber dans le feu   Couvercle protecteur - permet de garder la plaque propre lorsqu'elle n'est pas utilis\u00e9e  Instructions d'entretien :   Les plaques de cuisson sont pr\u00e9-huil\u00e9es pour \u00e9viter la rouille.   Essuyez l'huile protectrice avant la premi\u00e8re utilisation et remettez de l'huile avant de cuisiner.   Conservez toujours la plancha huil\u00e9e et \u00e0 temp\u00e9rature ambiante pour \u00e9viter la corrosion.","og_url":"https:\/\/www.lavillagardendesign.com\/fr\/product\/bonbiza-open-barbecue-au-feu-de-bois\/","og_site_name":"La Villa Garden&amp;Design","article_publisher":"https:\/\/www.facebook.com\/lavillagardendesign\/","article_modified_time":"2026-02-23T09:41:19+00:00","og_image":[{"width":800,"height":800,"url":"https:\/\/www.lavillagardendesign.com\/wp-content\/uploads\/2025\/05\/5-2.jpg","type":"image\/jpeg"}],"twitter_card":"summary_large_image","schema":{"@context":"https:\/\/schema.org","@graph":[{"@type":"WebPage","@id":"https:\/\/www.lavillagardendesign.com\/fr\/product\/bonbiza-open-barbecue-au-feu-de-bois\/","url":"https:\/\/www.lavillagardendesign.com\/fr\/product\/bonbiza-open-barbecue-au-feu-de-bois\/","name":"BONBIZA OPEN - Barbecue au feu de bois - La Villa Garden&amp;Design","isPartOf":{"@id":"https:\/\/www.lavillagardendesign.com\/#website"},"primaryImageOfPage":{"@id":"https:\/\/www.lavillagardendesign.com\/fr\/product\/bonbiza-open-barbecue-au-feu-de-bois\/#primaryimage"},"image":{"@id":"https:\/\/www.lavillagardendesign.com\/fr\/product\/bonbiza-open-barbecue-au-feu-de-bois\/#primaryimage"},"thumbnailUrl":"https:\/\/www.lavillagardendesign.com\/wp-content\/uploads\/2025\/05\/5-2.jpg","datePublished":"2025-05-11T15:07:42+00:00","dateModified":"2026-02-23T09:41:19+00:00","breadcrumb":{"@id":"https:\/\/www.lavillagardendesign.com\/fr\/product\/bonbiza-open-barbecue-au-feu-de-bois\/#breadcrumb"},"inLanguage":"fr-FR","potentialAction":[{"@type":"ReadAction","target":["https:\/\/www.lavillagardendesign.com\/fr\/product\/bonbiza-open-barbecue-au-feu-de-bois\/"]}]},{"@type":"ImageObject","inLanguage":"fr-FR","@id":"https:\/\/www.lavillagardendesign.com\/fr\/product\/bonbiza-open-barbecue-au-feu-de-bois\/#primaryimage","url":"https:\/\/www.lavillagardendesign.com\/wp-content\/uploads\/2025\/05\/5-2.jpg","contentUrl":"https:\/\/www.lavillagardendesign.com\/wp-content\/uploads\/2025\/05\/5-2.jpg","width":800,"height":800},{"@type":"BreadcrumbList","@id":"https:\/\/www.lavillagardendesign.com\/fr\/product\/bonbiza-open-barbecue-au-feu-de-bois\/#breadcrumb","itemListElement":[{"@type":"ListItem","position":1,"name":"Home","item":"https:\/\/www.lavillagardendesign.com\/"},{"@type":"ListItem","position":2,"name":"Boutique","item":"https:\/\/www.lavillagardendesign.com\/fr\/boutique\/"},{"@type":"ListItem","position":3,"name":"BONBIZA OPEN &#8211; Barbecue au feu de bois"}]},{"@type":"WebSite","@id":"https:\/\/www.lavillagardendesign.com\/#website","url":"https:\/\/www.lavillagardendesign.com\/","name":"La Villa Garden&Design","description":"","publisher":{"@id":"https:\/\/www.lavillagardendesign.com\/#organization"},"potentialAction":[{"@type":"SearchAction","target":{"@type":"EntryPoint","urlTemplate":"https:\/\/www.lavillagardendesign.com\/?s={search_term_string}"},"query-input":{"@type":"PropertyValueSpecification","valueRequired":true,"valueName":"search_term_string"}}],"inLanguage":"fr-FR"},{"@type":"Organization","@id":"https:\/\/www.lavillagardendesign.com\/#organization","name":"La Villa Garden&Design","url":"https:\/\/www.lavillagardendesign.com\/","logo":{"@type":"ImageObject","inLanguage":"fr-FR","@id":"https:\/\/www.lavillagardendesign.com\/#\/schema\/logo\/image\/","url":"https:\/\/www.lavillagardendesign.com\/wp-content\/uploads\/2024\/04\/logolavilla.png","contentUrl":"https:\/\/www.lavillagardendesign.com\/wp-content\/uploads\/2024\/04\/logolavilla.png","width":682,"height":391,"caption":"La Villa Garden&Design"},"image":{"@id":"https:\/\/www.lavillagardendesign.com\/#\/schema\/logo\/image\/"},"sameAs":["https:\/\/www.facebook.com\/lavillagardendesign\/"]}]}},"_links":{"self":[{"href":"https:\/\/www.lavillagardendesign.com\/fr\/wp-json\/wp\/v2\/product\/54128","targetHints":{"allow":["GET"]}}],"collection":[{"href":"https:\/\/www.lavillagardendesign.com\/fr\/wp-json\/wp\/v2\/product"}],"about":[{"href":"https:\/\/www.lavillagardendesign.com\/fr\/wp-json\/wp\/v2\/types\/product"}],"replies":[{"embeddable":true,"href":"https:\/\/www.lavillagardendesign.com\/fr\/wp-json\/wp\/v2\/comments?post=54128"}],"version-history":[{"count":1,"href":"https:\/\/www.lavillagardendesign.com\/fr\/wp-json\/wp\/v2\/product\/54128\/revisions"}],"predecessor-version":[{"id":63687,"href":"https:\/\/www.lavillagardendesign.com\/fr\/wp-json\/wp\/v2\/product\/54128\/revisions\/63687"}],"wp:featuredmedia":[{"embeddable":true,"href":"https:\/\/www.lavillagardendesign.com\/fr\/wp-json\/wp\/v2\/media\/54045"}],"wp:attachment":[{"href":"https:\/\/www.lavillagardendesign.com\/fr\/wp-json\/wp\/v2\/media?parent=54128"}],"wp:term":[{"taxonomy":"product_brand","embeddable":true,"href":"https:\/\/www.lavillagardendesign.com\/fr\/wp-json\/wp\/v2\/product_brand?post=54128"},{"taxonomy":"product_cat","embeddable":true,"href":"https:\/\/www.lavillagardendesign.com\/fr\/wp-json\/wp\/v2\/product_cat?post=54128"},{"taxonomy":"product_tag","embeddable":true,"href":"https:\/\/www.lavillagardendesign.com\/fr\/wp-json\/wp\/v2\/product_tag?post=54128"}],"curies":[{"name":"wp","href":"https:\/\/api.w.org\/{rel}","templated":true}]}}