{"id":54126,"date":"2025-05-11T15:18:17","date_gmt":"2025-05-11T14:18:17","guid":{"rendered":"https:\/\/www.lavillagardendesign.com\/product\/modern-60-plaque-de-cuisson-a-gaz\/"},"modified":"2026-02-23T11:41:16","modified_gmt":"2026-02-23T09:41:16","slug":"modern-60-plaque-de-cuisson-a-gaz","status":"publish","type":"product","link":"https:\/\/www.lavillagardendesign.com\/fr\/product\/modern-60-plaque-de-cuisson-a-gaz\/","title":{"rendered":"MODERN 60 &#8211; Plaque de cuisson \u00e0 gaz"},"content":{"rendered":"","protected":false},"excerpt":{"rendered":"<p class=\"\" data-start=\"0\" data-end=\"268\"><strong data-start=\"0\" data-end=\"93\">Les plaques \u00e0 griller Modern portent l&rsquo;alliance du design et de l&rsquo;innovation au plus haut niveau.<\/strong>  Absolument \u00e9pur\u00e9e et \u00e9l\u00e9gante, la gamme est disponible en version \u00e9lectrique et au gaz. L&rsquo;acier moul\u00e9 \u00e9maill\u00e9 est un mat\u00e9riau de tr\u00e8s haute qualit\u00e9 utilis\u00e9 dans la plupart de nos plaques de cuisson.<\/p>\n<p class=\"\" data-start=\"270\" data-end=\"550\">Sa forte inertie thermique assure une excellente r\u00e9tention de la chaleur et une grande pr\u00e9cision de cuisson. Nous avons d\u00e9velopp\u00e9 un \u00e9mail sp\u00e9cifique &#8211; neutre et inoxydable &#8211; appel\u00e9 \u00e9mail de qualit\u00e9 Forge Adour. Tr\u00e8s r\u00e9sistant et non poreux, il scelle la plaque et facilite consid\u00e9rablement le nettoyage.  <\/p>\n<ul data-start=\"552\" data-end=\"882\">\n<li class=\"\" data-start=\"552\" data-end=\"583\">\n<p class=\"\" data-start=\"554\" data-end=\"583\">Plaque de cuisson en fonte \u00e9maill\u00e9e<\/p>\n<\/li>\n<li class=\"\" data-start=\"584\" data-end=\"625\">\n<p class=\"\" data-start=\"586\" data-end=\"625\">Ch\u00e2ssis en acier inoxydable \u00e0 double paroi<\/p>\n<\/li>\n<li class=\"\" data-start=\"626\" data-end=\"665\">\n<p class=\"\" data-start=\"628\" data-end=\"665\">Bac \u00e0 graisse int\u00e9gr\u00e9, capacit\u00e9 de 1L<\/p>\n<\/li>\n<li class=\"\" data-start=\"666\" data-end=\"685\">\n<p class=\"\" data-start=\"668\" data-end=\"685\">Pieds r\u00e9glables<\/p>\n<\/li>\n<li class=\"\" data-start=\"686\" data-end=\"735\">\n<p class=\"\" data-start=\"688\" data-end=\"735\">Boutons de commande avec allumage int\u00e9gr\u00e9 des br\u00fbleurs<\/p>\n<\/li>\n<li class=\"\" data-start=\"736\" data-end=\"770\">\n<p class=\"\" data-start=\"738\" data-end=\"770\">Br\u00fbleur : gaz butane et propane<\/p>\n<\/li>\n<li class=\"\" data-start=\"771\" data-end=\"812\">\n<p class=\"\" data-start=\"773\" data-end=\"812\">Vis de r\u00e9glage de l&rsquo;inclinaison de la plaque de cuisson<\/p>\n<\/li>\n<li class=\"\" data-start=\"813\" data-end=\"846\">\n<p class=\"\" data-start=\"815\" data-end=\"846\">Taille id\u00e9ale pour 8 \u00e0 10 personnes<\/p>\n<\/li>\n<li class=\"\" data-start=\"847\" data-end=\"882\">\n<p class=\"\" data-start=\"849\" data-end=\"882\">Convient \u00e0 une utilisation int\u00e9rieure\/ext\u00e9rieure<\/p>\n<\/li>\n<\/ul>\n","protected":false},"featured_media":53936,"comment_status":"open","ping_status":"closed","template":"","meta":[],"product_brand":[4998],"product_cat":[6832,4774],"product_tag":[],"class_list":{"0":"post-54126","1":"product","2":"type-product","3":"status-publish","4":"has-post-thumbnail","6":"product_brand-la-villa","7":"product_cat-outdoor-fr","8":"product_cat-barbecue-fr","10":"first","11":"instock","12":"taxable","13":"shipping-taxable","14":"purchasable","15":"product-type-simple"},"yoast_head":"<!-- This site is optimized with the Yoast SEO plugin v27.1.1 - https:\/\/yoast.com\/product\/yoast-seo-wordpress\/ -->\n<title>MODERN 60 - Plaque de cuisson \u00e0 gaz - La Villa Garden&amp;Design<\/title>\n<meta name=\"robots\" content=\"index, follow, max-snippet:-1, max-image-preview:large, max-video-preview:-1\" \/>\n<link rel=\"canonical\" href=\"https:\/\/www.lavillagardendesign.com\/fr\/product\/modern-60-plaque-de-cuisson-a-gaz\/\" \/>\n<meta property=\"og:locale\" content=\"fr_FR\" \/>\n<meta property=\"og:type\" content=\"article\" \/>\n<meta property=\"og:title\" content=\"MODERN 60 - Plaque de cuisson \u00e0 gaz - La Villa Garden&amp;Design\" \/>\n<meta property=\"og:description\" content=\"Les plaques \u00e0 griller Modern portent l&#039;alliance du design et de l&#039;innovation au plus haut niveau. Absolument \u00e9pur\u00e9e et \u00e9l\u00e9gante, la gamme est disponible en version \u00e9lectrique et au gaz. L&#039;acier moul\u00e9 \u00e9maill\u00e9 est un mat\u00e9riau de tr\u00e8s haute qualit\u00e9 utilis\u00e9 dans la plupart de nos plaques de cuisson. Sa forte inertie thermique assure une excellente r\u00e9tention de la chaleur et une grande pr\u00e9cision de cuisson. Nous avons d\u00e9velopp\u00e9 un \u00e9mail sp\u00e9cifique - neutre et inoxydable - appel\u00e9 \u00e9mail de qualit\u00e9 Forge Adour. Tr\u00e8s r\u00e9sistant et non poreux, il scelle la plaque et facilite consid\u00e9rablement le nettoyage.    Plaque de cuisson en fonte \u00e9maill\u00e9e   Ch\u00e2ssis en acier inoxydable \u00e0 double paroi   Bac \u00e0 graisse int\u00e9gr\u00e9, capacit\u00e9 de 1L   Pieds r\u00e9glables   Boutons de commande avec allumage int\u00e9gr\u00e9 des br\u00fbleurs   Br\u00fbleur : gaz butane et propane   Vis de r\u00e9glage de l&#039;inclinaison de la plaque de cuisson   Taille id\u00e9ale pour 8 \u00e0 10 personnes   Convient \u00e0 une utilisation int\u00e9rieure\/ext\u00e9rieure\" \/>\n<meta property=\"og:url\" content=\"https:\/\/www.lavillagardendesign.com\/fr\/product\/modern-60-plaque-de-cuisson-a-gaz\/\" \/>\n<meta property=\"og:site_name\" content=\"La Villa Garden&amp;Design\" \/>\n<meta property=\"article:publisher\" content=\"https:\/\/www.facebook.com\/lavillagardendesign\/\" \/>\n<meta property=\"article:modified_time\" content=\"2026-02-23T09:41:16+00:00\" \/>\n<meta property=\"og:image\" content=\"https:\/\/www.lavillagardendesign.com\/wp-content\/uploads\/2025\/05\/1.jpg\" \/>\n\t<meta property=\"og:image:width\" content=\"800\" \/>\n\t<meta property=\"og:image:height\" content=\"800\" \/>\n\t<meta property=\"og:image:type\" content=\"image\/jpeg\" \/>\n<meta name=\"twitter:card\" content=\"summary_large_image\" \/>\n<script type=\"application\/ld+json\" class=\"yoast-schema-graph\">{\"@context\":\"https:\/\/schema.org\",\"@graph\":[{\"@type\":\"WebPage\",\"@id\":\"https:\/\/www.lavillagardendesign.com\/fr\/product\/modern-60-plaque-de-cuisson-a-gaz\/\",\"url\":\"https:\/\/www.lavillagardendesign.com\/fr\/product\/modern-60-plaque-de-cuisson-a-gaz\/\",\"name\":\"MODERN 60 - Plaque de cuisson \u00e0 gaz - La Villa Garden&amp;Design\",\"isPartOf\":{\"@id\":\"https:\/\/www.lavillagardendesign.com\/#website\"},\"primaryImageOfPage\":{\"@id\":\"https:\/\/www.lavillagardendesign.com\/fr\/product\/modern-60-plaque-de-cuisson-a-gaz\/#primaryimage\"},\"image\":{\"@id\":\"https:\/\/www.lavillagardendesign.com\/fr\/product\/modern-60-plaque-de-cuisson-a-gaz\/#primaryimage\"},\"thumbnailUrl\":\"https:\/\/www.lavillagardendesign.com\/wp-content\/uploads\/2025\/05\/1.jpg\",\"datePublished\":\"2025-05-11T14:18:17+00:00\",\"dateModified\":\"2026-02-23T09:41:16+00:00\",\"breadcrumb\":{\"@id\":\"https:\/\/www.lavillagardendesign.com\/fr\/product\/modern-60-plaque-de-cuisson-a-gaz\/#breadcrumb\"},\"inLanguage\":\"fr-FR\",\"potentialAction\":[{\"@type\":\"ReadAction\",\"target\":[\"https:\/\/www.lavillagardendesign.com\/fr\/product\/modern-60-plaque-de-cuisson-a-gaz\/\"]}]},{\"@type\":\"ImageObject\",\"inLanguage\":\"fr-FR\",\"@id\":\"https:\/\/www.lavillagardendesign.com\/fr\/product\/modern-60-plaque-de-cuisson-a-gaz\/#primaryimage\",\"url\":\"https:\/\/www.lavillagardendesign.com\/wp-content\/uploads\/2025\/05\/1.jpg\",\"contentUrl\":\"https:\/\/www.lavillagardendesign.com\/wp-content\/uploads\/2025\/05\/1.jpg\",\"width\":800,\"height\":800},{\"@type\":\"BreadcrumbList\",\"@id\":\"https:\/\/www.lavillagardendesign.com\/fr\/product\/modern-60-plaque-de-cuisson-a-gaz\/#breadcrumb\",\"itemListElement\":[{\"@type\":\"ListItem\",\"position\":1,\"name\":\"Home\",\"item\":\"https:\/\/www.lavillagardendesign.com\/\"},{\"@type\":\"ListItem\",\"position\":2,\"name\":\"Boutique\",\"item\":\"https:\/\/www.lavillagardendesign.com\/fr\/boutique\/\"},{\"@type\":\"ListItem\",\"position\":3,\"name\":\"MODERN 60 &#8211; Plaque de cuisson \u00e0 gaz\"}]},{\"@type\":\"WebSite\",\"@id\":\"https:\/\/www.lavillagardendesign.com\/#website\",\"url\":\"https:\/\/www.lavillagardendesign.com\/\",\"name\":\"La Villa Garden&Design\",\"description\":\"\",\"publisher\":{\"@id\":\"https:\/\/www.lavillagardendesign.com\/#organization\"},\"potentialAction\":[{\"@type\":\"SearchAction\",\"target\":{\"@type\":\"EntryPoint\",\"urlTemplate\":\"https:\/\/www.lavillagardendesign.com\/?s={search_term_string}\"},\"query-input\":{\"@type\":\"PropertyValueSpecification\",\"valueRequired\":true,\"valueName\":\"search_term_string\"}}],\"inLanguage\":\"fr-FR\"},{\"@type\":\"Organization\",\"@id\":\"https:\/\/www.lavillagardendesign.com\/#organization\",\"name\":\"La Villa Garden&Design\",\"url\":\"https:\/\/www.lavillagardendesign.com\/\",\"logo\":{\"@type\":\"ImageObject\",\"inLanguage\":\"fr-FR\",\"@id\":\"https:\/\/www.lavillagardendesign.com\/#\/schema\/logo\/image\/\",\"url\":\"https:\/\/www.lavillagardendesign.com\/wp-content\/uploads\/2024\/04\/logolavilla.png\",\"contentUrl\":\"https:\/\/www.lavillagardendesign.com\/wp-content\/uploads\/2024\/04\/logolavilla.png\",\"width\":682,\"height\":391,\"caption\":\"La Villa Garden&Design\"},\"image\":{\"@id\":\"https:\/\/www.lavillagardendesign.com\/#\/schema\/logo\/image\/\"},\"sameAs\":[\"https:\/\/www.facebook.com\/lavillagardendesign\/\"]}]}<\/script>\n<!-- \/ Yoast SEO plugin. -->","yoast_head_json":{"title":"MODERN 60 - Plaque de cuisson \u00e0 gaz - La Villa Garden&amp;Design","robots":{"index":"index","follow":"follow","max-snippet":"max-snippet:-1","max-image-preview":"max-image-preview:large","max-video-preview":"max-video-preview:-1"},"canonical":"https:\/\/www.lavillagardendesign.com\/fr\/product\/modern-60-plaque-de-cuisson-a-gaz\/","og_locale":"fr_FR","og_type":"article","og_title":"MODERN 60 - Plaque de cuisson \u00e0 gaz - La Villa Garden&amp;Design","og_description":"Les plaques \u00e0 griller Modern portent l'alliance du design et de l'innovation au plus haut niveau. Absolument \u00e9pur\u00e9e et \u00e9l\u00e9gante, la gamme est disponible en version \u00e9lectrique et au gaz. L'acier moul\u00e9 \u00e9maill\u00e9 est un mat\u00e9riau de tr\u00e8s haute qualit\u00e9 utilis\u00e9 dans la plupart de nos plaques de cuisson. Sa forte inertie thermique assure une excellente r\u00e9tention de la chaleur et une grande pr\u00e9cision de cuisson. Nous avons d\u00e9velopp\u00e9 un \u00e9mail sp\u00e9cifique - neutre et inoxydable - appel\u00e9 \u00e9mail de qualit\u00e9 Forge Adour. Tr\u00e8s r\u00e9sistant et non poreux, il scelle la plaque et facilite consid\u00e9rablement le nettoyage.    Plaque de cuisson en fonte \u00e9maill\u00e9e   Ch\u00e2ssis en acier inoxydable \u00e0 double paroi   Bac \u00e0 graisse int\u00e9gr\u00e9, capacit\u00e9 de 1L   Pieds r\u00e9glables   Boutons de commande avec allumage int\u00e9gr\u00e9 des br\u00fbleurs   Br\u00fbleur : gaz butane et propane   Vis de r\u00e9glage de l'inclinaison de la plaque de cuisson   Taille id\u00e9ale pour 8 \u00e0 10 personnes   Convient \u00e0 une utilisation int\u00e9rieure\/ext\u00e9rieure","og_url":"https:\/\/www.lavillagardendesign.com\/fr\/product\/modern-60-plaque-de-cuisson-a-gaz\/","og_site_name":"La Villa Garden&amp;Design","article_publisher":"https:\/\/www.facebook.com\/lavillagardendesign\/","article_modified_time":"2026-02-23T09:41:16+00:00","og_image":[{"width":800,"height":800,"url":"https:\/\/www.lavillagardendesign.com\/wp-content\/uploads\/2025\/05\/1.jpg","type":"image\/jpeg"}],"twitter_card":"summary_large_image","schema":{"@context":"https:\/\/schema.org","@graph":[{"@type":"WebPage","@id":"https:\/\/www.lavillagardendesign.com\/fr\/product\/modern-60-plaque-de-cuisson-a-gaz\/","url":"https:\/\/www.lavillagardendesign.com\/fr\/product\/modern-60-plaque-de-cuisson-a-gaz\/","name":"MODERN 60 - Plaque de cuisson \u00e0 gaz - La Villa Garden&amp;Design","isPartOf":{"@id":"https:\/\/www.lavillagardendesign.com\/#website"},"primaryImageOfPage":{"@id":"https:\/\/www.lavillagardendesign.com\/fr\/product\/modern-60-plaque-de-cuisson-a-gaz\/#primaryimage"},"image":{"@id":"https:\/\/www.lavillagardendesign.com\/fr\/product\/modern-60-plaque-de-cuisson-a-gaz\/#primaryimage"},"thumbnailUrl":"https:\/\/www.lavillagardendesign.com\/wp-content\/uploads\/2025\/05\/1.jpg","datePublished":"2025-05-11T14:18:17+00:00","dateModified":"2026-02-23T09:41:16+00:00","breadcrumb":{"@id":"https:\/\/www.lavillagardendesign.com\/fr\/product\/modern-60-plaque-de-cuisson-a-gaz\/#breadcrumb"},"inLanguage":"fr-FR","potentialAction":[{"@type":"ReadAction","target":["https:\/\/www.lavillagardendesign.com\/fr\/product\/modern-60-plaque-de-cuisson-a-gaz\/"]}]},{"@type":"ImageObject","inLanguage":"fr-FR","@id":"https:\/\/www.lavillagardendesign.com\/fr\/product\/modern-60-plaque-de-cuisson-a-gaz\/#primaryimage","url":"https:\/\/www.lavillagardendesign.com\/wp-content\/uploads\/2025\/05\/1.jpg","contentUrl":"https:\/\/www.lavillagardendesign.com\/wp-content\/uploads\/2025\/05\/1.jpg","width":800,"height":800},{"@type":"BreadcrumbList","@id":"https:\/\/www.lavillagardendesign.com\/fr\/product\/modern-60-plaque-de-cuisson-a-gaz\/#breadcrumb","itemListElement":[{"@type":"ListItem","position":1,"name":"Home","item":"https:\/\/www.lavillagardendesign.com\/"},{"@type":"ListItem","position":2,"name":"Boutique","item":"https:\/\/www.lavillagardendesign.com\/fr\/boutique\/"},{"@type":"ListItem","position":3,"name":"MODERN 60 &#8211; Plaque de cuisson \u00e0 gaz"}]},{"@type":"WebSite","@id":"https:\/\/www.lavillagardendesign.com\/#website","url":"https:\/\/www.lavillagardendesign.com\/","name":"La Villa Garden&Design","description":"","publisher":{"@id":"https:\/\/www.lavillagardendesign.com\/#organization"},"potentialAction":[{"@type":"SearchAction","target":{"@type":"EntryPoint","urlTemplate":"https:\/\/www.lavillagardendesign.com\/?s={search_term_string}"},"query-input":{"@type":"PropertyValueSpecification","valueRequired":true,"valueName":"search_term_string"}}],"inLanguage":"fr-FR"},{"@type":"Organization","@id":"https:\/\/www.lavillagardendesign.com\/#organization","name":"La Villa Garden&Design","url":"https:\/\/www.lavillagardendesign.com\/","logo":{"@type":"ImageObject","inLanguage":"fr-FR","@id":"https:\/\/www.lavillagardendesign.com\/#\/schema\/logo\/image\/","url":"https:\/\/www.lavillagardendesign.com\/wp-content\/uploads\/2024\/04\/logolavilla.png","contentUrl":"https:\/\/www.lavillagardendesign.com\/wp-content\/uploads\/2024\/04\/logolavilla.png","width":682,"height":391,"caption":"La Villa Garden&Design"},"image":{"@id":"https:\/\/www.lavillagardendesign.com\/#\/schema\/logo\/image\/"},"sameAs":["https:\/\/www.facebook.com\/lavillagardendesign\/"]}]}},"_links":{"self":[{"href":"https:\/\/www.lavillagardendesign.com\/fr\/wp-json\/wp\/v2\/product\/54126","targetHints":{"allow":["GET"]}}],"collection":[{"href":"https:\/\/www.lavillagardendesign.com\/fr\/wp-json\/wp\/v2\/product"}],"about":[{"href":"https:\/\/www.lavillagardendesign.com\/fr\/wp-json\/wp\/v2\/types\/product"}],"replies":[{"embeddable":true,"href":"https:\/\/www.lavillagardendesign.com\/fr\/wp-json\/wp\/v2\/comments?post=54126"}],"version-history":[{"count":1,"href":"https:\/\/www.lavillagardendesign.com\/fr\/wp-json\/wp\/v2\/product\/54126\/revisions"}],"predecessor-version":[{"id":63686,"href":"https:\/\/www.lavillagardendesign.com\/fr\/wp-json\/wp\/v2\/product\/54126\/revisions\/63686"}],"wp:featuredmedia":[{"embeddable":true,"href":"https:\/\/www.lavillagardendesign.com\/fr\/wp-json\/wp\/v2\/media\/53936"}],"wp:attachment":[{"href":"https:\/\/www.lavillagardendesign.com\/fr\/wp-json\/wp\/v2\/media?parent=54126"}],"wp:term":[{"taxonomy":"product_brand","embeddable":true,"href":"https:\/\/www.lavillagardendesign.com\/fr\/wp-json\/wp\/v2\/product_brand?post=54126"},{"taxonomy":"product_cat","embeddable":true,"href":"https:\/\/www.lavillagardendesign.com\/fr\/wp-json\/wp\/v2\/product_cat?post=54126"},{"taxonomy":"product_tag","embeddable":true,"href":"https:\/\/www.lavillagardendesign.com\/fr\/wp-json\/wp\/v2\/product_tag?post=54126"}],"curies":[{"name":"wp","href":"https:\/\/api.w.org\/{rel}","templated":true}]}}