{"id":54121,"date":"2025-05-11T16:30:57","date_gmt":"2025-05-11T15:30:57","guid":{"rendered":"https:\/\/www.lavillagardendesign.com\/product\/bonpizza-four-pierre-a-pizza\/"},"modified":"2026-02-23T11:41:20","modified_gmt":"2026-02-23T09:41:20","slug":"bonpizza-four-pierre-a-pizza","status":"publish","type":"product","link":"https:\/\/www.lavillagardendesign.com\/fr\/product\/bonpizza-four-pierre-a-pizza\/","title":{"rendered":"BONPIZZA &#8211; Four + pierre \u00e0 pizza"},"content":{"rendered":"","protected":false},"excerpt":{"rendered":"<p class=\"\" data-start=\"175\" data-end=\"383\">S&rsquo;il est une unit\u00e9 de cuisson ext\u00e9rieure qui est tr\u00e8s \u00e0 la mode de nos jours, c&rsquo;est bien le four \u00e0 pizza. Chauff\u00e9 au bois, le groupe de cuisson BonFeu BonBiza et BonBowl est parfaitement adapt\u00e9 \u00e0 la pr\u00e9paration des pizzas les plus d\u00e9licieuses. <\/p>\n<p class=\"\" data-start=\"385\" data-end=\"692\">Pr\u00e9parez des pizzas croustillantes dans votre propre four \u00e0 pizza BonBiza. Placez la BonPizza sur le feu \u00e0 l&rsquo;aide du support BonBiza et laissez-la chauffer correctement. Le thermom\u00e8tre pratique situ\u00e9 sur le dessus indique la temp\u00e9rature \u00e0 l&rsquo;int\u00e9rieur du four \u00e0 pizza. Une fois que le four est chaud, vous pouvez ajouter vos pizzas et profiter des d\u00e9licieux r\u00e9sultats de la cuisson au four.   <\/p>\n<p class=\"\" data-start=\"694\" data-end=\"851\">Le four s&rsquo;ouvre en soulevant ou en tournant le couvercle jusqu&rsquo;\u00e0 ce que le four \u00e0 pizza pr\u00e9sente une ouverture. Le couvercle est facile \u00e0 soulever gr\u00e2ce \u00e0 la grande poign\u00e9e qui ne chauffe pas. <\/p>\n<p class=\"\" data-start=\"853\" data-end=\"919\">Le four \u00e0 pizza se compose d&rsquo;une plaque de base, d&rsquo;une pierre \u00e0 pizza et d&rsquo;un couvercle.<\/p>\n<p class=\"\" data-start=\"921\" data-end=\"1106\"><strong data-start=\"921\" data-end=\"930\">Remarque :<\/strong> La BonPizza ne peut \u00eatre utilis\u00e9e qu&rsquo;en combinaison avec le support BonFeu appropri\u00e9. La BonPizza ne fonctionne pas bien sur la plancha de 60 cm car elle ne re\u00e7oit pas assez d&rsquo;oxyg\u00e8ne. <\/p>\n<p class=\"\" data-start=\"1108\" data-end=\"1535\">\u2713 Convient aux BonFeu BonBiza et BonPlanchas sur des bols \u00e0 feu de 80, 100 et 120 cm<br data-start=\"1191\" data-end=\"1194\">\u2713 Il faut d&rsquo;abord bien alimenter le feu pour atteindre la temp\u00e9rature optimale, puis placer le four \u00e0 pizza<br data-start=\"1277\" data-end=\"1280\">\u2713 Facile \u00e0 placer au-dessus du feu avec le support<br data-start=\"1324\" data-end=\"1327\">\u2713 Fabriqu\u00e9 en acier durable de haute qualit\u00e9<br data-start=\"1364\" data-end=\"1367\">\u2713 \u00d8 42 cm<br data-start=\"1376\" data-end=\"1379\">\u2713 Couvercle avec poign\u00e9e r\u00e9sistante \u00e0 la chaleur pour une manipulation s\u00fbre<br data-start=\"1429\" data-end=\"1432\">\u2713 Comprend une pierre \u00e0 pizza pour des pizzas croustillantes<br data-start=\"1472\" data-end=\"1475\">\u2713 Accessoires BonFeu en option : pelle \u00e0 pizza et coupe-pizza.<\/p>\n","protected":false},"featured_media":54103,"comment_status":"open","ping_status":"closed","template":"","meta":[],"product_brand":[],"product_cat":[6832,4774],"product_tag":[],"class_list":{"0":"post-54121","1":"product","2":"type-product","3":"status-publish","4":"has-post-thumbnail","6":"product_cat-outdoor-fr","7":"product_cat-barbecue-fr","9":"first","10":"instock","11":"taxable","12":"shipping-taxable","13":"purchasable","14":"product-type-simple"},"yoast_head":"<!-- This site is optimized with the Yoast SEO plugin v27.1.1 - https:\/\/yoast.com\/product\/yoast-seo-wordpress\/ -->\n<title>BONPIZZA - Four + pierre \u00e0 pizza - La Villa Garden&amp;Design<\/title>\n<meta name=\"robots\" content=\"index, follow, max-snippet:-1, max-image-preview:large, max-video-preview:-1\" \/>\n<link rel=\"canonical\" href=\"https:\/\/www.lavillagardendesign.com\/fr\/product\/bonpizza-four-pierre-a-pizza\/\" \/>\n<meta property=\"og:locale\" content=\"fr_FR\" \/>\n<meta property=\"og:type\" content=\"article\" \/>\n<meta property=\"og:title\" content=\"BONPIZZA - Four + pierre \u00e0 pizza - La Villa Garden&amp;Design\" \/>\n<meta property=\"og:description\" content=\"S&#039;il est une unit\u00e9 de cuisson ext\u00e9rieure qui est tr\u00e8s \u00e0 la mode de nos jours, c&#039;est bien le four \u00e0 pizza. Chauff\u00e9 au bois, le groupe de cuisson BonFeu BonBiza et BonBowl est parfaitement adapt\u00e9 \u00e0 la pr\u00e9paration des pizzas les plus d\u00e9licieuses. Pr\u00e9parez des pizzas croustillantes dans votre propre four \u00e0 pizza BonBiza. Placez la BonPizza sur le feu \u00e0 l&#039;aide du support BonBiza et laissez-la chauffer correctement. Le thermom\u00e8tre pratique situ\u00e9 sur le dessus indique la temp\u00e9rature \u00e0 l&#039;int\u00e9rieur du four \u00e0 pizza. Une fois que le four est chaud, vous pouvez ajouter vos pizzas et profiter des d\u00e9licieux r\u00e9sultats de la cuisson au four.  Le four s&#039;ouvre en soulevant ou en tournant le couvercle jusqu&#039;\u00e0 ce que le four \u00e0 pizza pr\u00e9sente une ouverture. Le couvercle est facile \u00e0 soulever gr\u00e2ce \u00e0 la grande poign\u00e9e qui ne chauffe pas. Le four \u00e0 pizza se compose d&#039;une plaque de base, d&#039;une pierre \u00e0 pizza et d&#039;un couvercle. Remarque : La BonPizza ne peut \u00eatre utilis\u00e9e qu&#039;en combinaison avec le support BonFeu appropri\u00e9. La BonPizza ne fonctionne pas bien sur la plancha de 60 cm car elle ne re\u00e7oit pas assez d&#039;oxyg\u00e8ne. \u2713 Convient aux BonFeu BonBiza et BonPlanchas sur des bols \u00e0 feu de 80, 100 et 120 cm\u2713 Il faut d&#039;abord bien alimenter le feu pour atteindre la temp\u00e9rature optimale, puis placer le four \u00e0 pizza\u2713 Facile \u00e0 placer au-dessus du feu avec le support\u2713 Fabriqu\u00e9 en acier durable de haute qualit\u00e9\u2713 \u00d8 42 cm\u2713 Couvercle avec poign\u00e9e r\u00e9sistante \u00e0 la chaleur pour une manipulation s\u00fbre\u2713 Comprend une pierre \u00e0 pizza pour des pizzas croustillantes\u2713 Accessoires BonFeu en option : pelle \u00e0 pizza et coupe-pizza.\" \/>\n<meta property=\"og:url\" content=\"https:\/\/www.lavillagardendesign.com\/fr\/product\/bonpizza-four-pierre-a-pizza\/\" \/>\n<meta property=\"og:site_name\" content=\"La Villa Garden&amp;Design\" \/>\n<meta property=\"article:publisher\" content=\"https:\/\/www.facebook.com\/lavillagardendesign\/\" \/>\n<meta property=\"article:modified_time\" content=\"2026-02-23T09:41:20+00:00\" \/>\n<meta property=\"og:image\" content=\"https:\/\/www.lavillagardendesign.com\/wp-content\/uploads\/2025\/05\/7-2.jpg\" \/>\n\t<meta property=\"og:image:width\" content=\"800\" \/>\n\t<meta property=\"og:image:height\" content=\"800\" \/>\n\t<meta property=\"og:image:type\" content=\"image\/jpeg\" \/>\n<meta name=\"twitter:card\" content=\"summary_large_image\" \/>\n<script type=\"application\/ld+json\" class=\"yoast-schema-graph\">{\"@context\":\"https:\/\/schema.org\",\"@graph\":[{\"@type\":\"WebPage\",\"@id\":\"https:\/\/www.lavillagardendesign.com\/fr\/product\/bonpizza-four-pierre-a-pizza\/\",\"url\":\"https:\/\/www.lavillagardendesign.com\/fr\/product\/bonpizza-four-pierre-a-pizza\/\",\"name\":\"BONPIZZA - Four + pierre \u00e0 pizza - La Villa Garden&amp;Design\",\"isPartOf\":{\"@id\":\"https:\/\/www.lavillagardendesign.com\/#website\"},\"primaryImageOfPage\":{\"@id\":\"https:\/\/www.lavillagardendesign.com\/fr\/product\/bonpizza-four-pierre-a-pizza\/#primaryimage\"},\"image\":{\"@id\":\"https:\/\/www.lavillagardendesign.com\/fr\/product\/bonpizza-four-pierre-a-pizza\/#primaryimage\"},\"thumbnailUrl\":\"https:\/\/www.lavillagardendesign.com\/wp-content\/uploads\/2025\/05\/7-2.jpg\",\"datePublished\":\"2025-05-11T15:30:57+00:00\",\"dateModified\":\"2026-02-23T09:41:20+00:00\",\"breadcrumb\":{\"@id\":\"https:\/\/www.lavillagardendesign.com\/fr\/product\/bonpizza-four-pierre-a-pizza\/#breadcrumb\"},\"inLanguage\":\"fr-FR\",\"potentialAction\":[{\"@type\":\"ReadAction\",\"target\":[\"https:\/\/www.lavillagardendesign.com\/fr\/product\/bonpizza-four-pierre-a-pizza\/\"]}]},{\"@type\":\"ImageObject\",\"inLanguage\":\"fr-FR\",\"@id\":\"https:\/\/www.lavillagardendesign.com\/fr\/product\/bonpizza-four-pierre-a-pizza\/#primaryimage\",\"url\":\"https:\/\/www.lavillagardendesign.com\/wp-content\/uploads\/2025\/05\/7-2.jpg\",\"contentUrl\":\"https:\/\/www.lavillagardendesign.com\/wp-content\/uploads\/2025\/05\/7-2.jpg\",\"width\":800,\"height\":800},{\"@type\":\"BreadcrumbList\",\"@id\":\"https:\/\/www.lavillagardendesign.com\/fr\/product\/bonpizza-four-pierre-a-pizza\/#breadcrumb\",\"itemListElement\":[{\"@type\":\"ListItem\",\"position\":1,\"name\":\"Home\",\"item\":\"https:\/\/www.lavillagardendesign.com\/\"},{\"@type\":\"ListItem\",\"position\":2,\"name\":\"Boutique\",\"item\":\"https:\/\/www.lavillagardendesign.com\/fr\/boutique\/\"},{\"@type\":\"ListItem\",\"position\":3,\"name\":\"BONPIZZA &#8211; Four + pierre \u00e0 pizza\"}]},{\"@type\":\"WebSite\",\"@id\":\"https:\/\/www.lavillagardendesign.com\/#website\",\"url\":\"https:\/\/www.lavillagardendesign.com\/\",\"name\":\"La Villa Garden&Design\",\"description\":\"\",\"publisher\":{\"@id\":\"https:\/\/www.lavillagardendesign.com\/#organization\"},\"potentialAction\":[{\"@type\":\"SearchAction\",\"target\":{\"@type\":\"EntryPoint\",\"urlTemplate\":\"https:\/\/www.lavillagardendesign.com\/?s={search_term_string}\"},\"query-input\":{\"@type\":\"PropertyValueSpecification\",\"valueRequired\":true,\"valueName\":\"search_term_string\"}}],\"inLanguage\":\"fr-FR\"},{\"@type\":\"Organization\",\"@id\":\"https:\/\/www.lavillagardendesign.com\/#organization\",\"name\":\"La Villa Garden&Design\",\"url\":\"https:\/\/www.lavillagardendesign.com\/\",\"logo\":{\"@type\":\"ImageObject\",\"inLanguage\":\"fr-FR\",\"@id\":\"https:\/\/www.lavillagardendesign.com\/#\/schema\/logo\/image\/\",\"url\":\"https:\/\/www.lavillagardendesign.com\/wp-content\/uploads\/2024\/04\/logolavilla.png\",\"contentUrl\":\"https:\/\/www.lavillagardendesign.com\/wp-content\/uploads\/2024\/04\/logolavilla.png\",\"width\":682,\"height\":391,\"caption\":\"La Villa Garden&Design\"},\"image\":{\"@id\":\"https:\/\/www.lavillagardendesign.com\/#\/schema\/logo\/image\/\"},\"sameAs\":[\"https:\/\/www.facebook.com\/lavillagardendesign\/\"]}]}<\/script>\n<!-- \/ Yoast SEO plugin. -->","yoast_head_json":{"title":"BONPIZZA - Four + pierre \u00e0 pizza - La Villa Garden&amp;Design","robots":{"index":"index","follow":"follow","max-snippet":"max-snippet:-1","max-image-preview":"max-image-preview:large","max-video-preview":"max-video-preview:-1"},"canonical":"https:\/\/www.lavillagardendesign.com\/fr\/product\/bonpizza-four-pierre-a-pizza\/","og_locale":"fr_FR","og_type":"article","og_title":"BONPIZZA - Four + pierre \u00e0 pizza - La Villa Garden&amp;Design","og_description":"S'il est une unit\u00e9 de cuisson ext\u00e9rieure qui est tr\u00e8s \u00e0 la mode de nos jours, c'est bien le four \u00e0 pizza. Chauff\u00e9 au bois, le groupe de cuisson BonFeu BonBiza et BonBowl est parfaitement adapt\u00e9 \u00e0 la pr\u00e9paration des pizzas les plus d\u00e9licieuses. Pr\u00e9parez des pizzas croustillantes dans votre propre four \u00e0 pizza BonBiza. Placez la BonPizza sur le feu \u00e0 l'aide du support BonBiza et laissez-la chauffer correctement. Le thermom\u00e8tre pratique situ\u00e9 sur le dessus indique la temp\u00e9rature \u00e0 l'int\u00e9rieur du four \u00e0 pizza. Une fois que le four est chaud, vous pouvez ajouter vos pizzas et profiter des d\u00e9licieux r\u00e9sultats de la cuisson au four.  Le four s'ouvre en soulevant ou en tournant le couvercle jusqu'\u00e0 ce que le four \u00e0 pizza pr\u00e9sente une ouverture. Le couvercle est facile \u00e0 soulever gr\u00e2ce \u00e0 la grande poign\u00e9e qui ne chauffe pas. Le four \u00e0 pizza se compose d'une plaque de base, d'une pierre \u00e0 pizza et d'un couvercle. Remarque : La BonPizza ne peut \u00eatre utilis\u00e9e qu'en combinaison avec le support BonFeu appropri\u00e9. La BonPizza ne fonctionne pas bien sur la plancha de 60 cm car elle ne re\u00e7oit pas assez d'oxyg\u00e8ne. \u2713 Convient aux BonFeu BonBiza et BonPlanchas sur des bols \u00e0 feu de 80, 100 et 120 cm\u2713 Il faut d'abord bien alimenter le feu pour atteindre la temp\u00e9rature optimale, puis placer le four \u00e0 pizza\u2713 Facile \u00e0 placer au-dessus du feu avec le support\u2713 Fabriqu\u00e9 en acier durable de haute qualit\u00e9\u2713 \u00d8 42 cm\u2713 Couvercle avec poign\u00e9e r\u00e9sistante \u00e0 la chaleur pour une manipulation s\u00fbre\u2713 Comprend une pierre \u00e0 pizza pour des pizzas croustillantes\u2713 Accessoires BonFeu en option : pelle \u00e0 pizza et coupe-pizza.","og_url":"https:\/\/www.lavillagardendesign.com\/fr\/product\/bonpizza-four-pierre-a-pizza\/","og_site_name":"La Villa Garden&amp;Design","article_publisher":"https:\/\/www.facebook.com\/lavillagardendesign\/","article_modified_time":"2026-02-23T09:41:20+00:00","og_image":[{"width":800,"height":800,"url":"https:\/\/www.lavillagardendesign.com\/wp-content\/uploads\/2025\/05\/7-2.jpg","type":"image\/jpeg"}],"twitter_card":"summary_large_image","schema":{"@context":"https:\/\/schema.org","@graph":[{"@type":"WebPage","@id":"https:\/\/www.lavillagardendesign.com\/fr\/product\/bonpizza-four-pierre-a-pizza\/","url":"https:\/\/www.lavillagardendesign.com\/fr\/product\/bonpizza-four-pierre-a-pizza\/","name":"BONPIZZA - Four + pierre \u00e0 pizza - La Villa Garden&amp;Design","isPartOf":{"@id":"https:\/\/www.lavillagardendesign.com\/#website"},"primaryImageOfPage":{"@id":"https:\/\/www.lavillagardendesign.com\/fr\/product\/bonpizza-four-pierre-a-pizza\/#primaryimage"},"image":{"@id":"https:\/\/www.lavillagardendesign.com\/fr\/product\/bonpizza-four-pierre-a-pizza\/#primaryimage"},"thumbnailUrl":"https:\/\/www.lavillagardendesign.com\/wp-content\/uploads\/2025\/05\/7-2.jpg","datePublished":"2025-05-11T15:30:57+00:00","dateModified":"2026-02-23T09:41:20+00:00","breadcrumb":{"@id":"https:\/\/www.lavillagardendesign.com\/fr\/product\/bonpizza-four-pierre-a-pizza\/#breadcrumb"},"inLanguage":"fr-FR","potentialAction":[{"@type":"ReadAction","target":["https:\/\/www.lavillagardendesign.com\/fr\/product\/bonpizza-four-pierre-a-pizza\/"]}]},{"@type":"ImageObject","inLanguage":"fr-FR","@id":"https:\/\/www.lavillagardendesign.com\/fr\/product\/bonpizza-four-pierre-a-pizza\/#primaryimage","url":"https:\/\/www.lavillagardendesign.com\/wp-content\/uploads\/2025\/05\/7-2.jpg","contentUrl":"https:\/\/www.lavillagardendesign.com\/wp-content\/uploads\/2025\/05\/7-2.jpg","width":800,"height":800},{"@type":"BreadcrumbList","@id":"https:\/\/www.lavillagardendesign.com\/fr\/product\/bonpizza-four-pierre-a-pizza\/#breadcrumb","itemListElement":[{"@type":"ListItem","position":1,"name":"Home","item":"https:\/\/www.lavillagardendesign.com\/"},{"@type":"ListItem","position":2,"name":"Boutique","item":"https:\/\/www.lavillagardendesign.com\/fr\/boutique\/"},{"@type":"ListItem","position":3,"name":"BONPIZZA &#8211; Four + pierre \u00e0 pizza"}]},{"@type":"WebSite","@id":"https:\/\/www.lavillagardendesign.com\/#website","url":"https:\/\/www.lavillagardendesign.com\/","name":"La Villa Garden&Design","description":"","publisher":{"@id":"https:\/\/www.lavillagardendesign.com\/#organization"},"potentialAction":[{"@type":"SearchAction","target":{"@type":"EntryPoint","urlTemplate":"https:\/\/www.lavillagardendesign.com\/?s={search_term_string}"},"query-input":{"@type":"PropertyValueSpecification","valueRequired":true,"valueName":"search_term_string"}}],"inLanguage":"fr-FR"},{"@type":"Organization","@id":"https:\/\/www.lavillagardendesign.com\/#organization","name":"La Villa Garden&Design","url":"https:\/\/www.lavillagardendesign.com\/","logo":{"@type":"ImageObject","inLanguage":"fr-FR","@id":"https:\/\/www.lavillagardendesign.com\/#\/schema\/logo\/image\/","url":"https:\/\/www.lavillagardendesign.com\/wp-content\/uploads\/2024\/04\/logolavilla.png","contentUrl":"https:\/\/www.lavillagardendesign.com\/wp-content\/uploads\/2024\/04\/logolavilla.png","width":682,"height":391,"caption":"La Villa Garden&Design"},"image":{"@id":"https:\/\/www.lavillagardendesign.com\/#\/schema\/logo\/image\/"},"sameAs":["https:\/\/www.facebook.com\/lavillagardendesign\/"]}]}},"_links":{"self":[{"href":"https:\/\/www.lavillagardendesign.com\/fr\/wp-json\/wp\/v2\/product\/54121","targetHints":{"allow":["GET"]}}],"collection":[{"href":"https:\/\/www.lavillagardendesign.com\/fr\/wp-json\/wp\/v2\/product"}],"about":[{"href":"https:\/\/www.lavillagardendesign.com\/fr\/wp-json\/wp\/v2\/types\/product"}],"replies":[{"embeddable":true,"href":"https:\/\/www.lavillagardendesign.com\/fr\/wp-json\/wp\/v2\/comments?post=54121"}],"version-history":[{"count":1,"href":"https:\/\/www.lavillagardendesign.com\/fr\/wp-json\/wp\/v2\/product\/54121\/revisions"}],"predecessor-version":[{"id":63691,"href":"https:\/\/www.lavillagardendesign.com\/fr\/wp-json\/wp\/v2\/product\/54121\/revisions\/63691"}],"wp:featuredmedia":[{"embeddable":true,"href":"https:\/\/www.lavillagardendesign.com\/fr\/wp-json\/wp\/v2\/media\/54103"}],"wp:attachment":[{"href":"https:\/\/www.lavillagardendesign.com\/fr\/wp-json\/wp\/v2\/media?parent=54121"}],"wp:term":[{"taxonomy":"product_brand","embeddable":true,"href":"https:\/\/www.lavillagardendesign.com\/fr\/wp-json\/wp\/v2\/product_brand?post=54121"},{"taxonomy":"product_cat","embeddable":true,"href":"https:\/\/www.lavillagardendesign.com\/fr\/wp-json\/wp\/v2\/product_cat?post=54121"},{"taxonomy":"product_tag","embeddable":true,"href":"https:\/\/www.lavillagardendesign.com\/fr\/wp-json\/wp\/v2\/product_tag?post=54121"}],"curies":[{"name":"wp","href":"https:\/\/api.w.org\/{rel}","templated":true}]}}