{"id":54120,"date":"2025-05-11T15:57:29","date_gmt":"2025-05-11T14:57:29","guid":{"rendered":"https:\/\/www.lavillagardendesign.com\/product\/tahuna-4-barbecue-a-gaz-avec-chariot\/"},"modified":"2026-02-23T11:41:15","modified_gmt":"2026-02-23T09:41:15","slug":"tahuna-4-barbecue-a-gaz-avec-chariot","status":"publish","type":"product","link":"https:\/\/www.lavillagardendesign.com\/fr\/product\/tahuna-4-barbecue-a-gaz-avec-chariot\/","title":{"rendered":"TAHUNA 4 &#8211; Barbecue \u00e0 gaz avec chariot"},"content":{"rendered":"","protected":false},"excerpt":{"rendered":"<p class=\"\" data-start=\"37\" data-end=\"437\">Le TAHUNA 4 est un barbecue \u00e0 gaz haut de gamme \u00e0 4 br\u00fbleurs en acier inoxydable moul\u00e9, con\u00e7u pour s&rsquo;int\u00e9grer dans une cuisine ext\u00e9rieure. Il est dot\u00e9 d&rsquo;un foyer enti\u00e8rement soud\u00e9 et d&rsquo;un br\u00fbleur infrarouge \u00e0 l&rsquo;arri\u00e8re. La chambre de cuisson est dot\u00e9e d&rsquo;un \u00e9clairage int\u00e9gr\u00e9 et les boutons de commande sont en acier inoxydable avec r\u00e9tro\u00e9clairage. Le couvercle est fabriqu\u00e9 en acier inoxydable de 2 mm, con\u00e7u pour r\u00e9sister \u00e0 de nombreuses ann\u00e9es d&rsquo;utilisation en ext\u00e9rieur.   <\/p>\n<ul data-start=\"439\" data-end=\"882\">\n<li class=\"\" data-start=\"439\" data-end=\"472\">\n<p class=\"\" data-start=\"441\" data-end=\"472\">Aile lat\u00e9rale (version chariot uniquement)<\/p>\n<\/li>\n<li class=\"\" data-start=\"473\" data-end=\"514\">\n<p class=\"\" data-start=\"475\" data-end=\"514\">Boutons de commande en acier inoxydable r\u00e9tro\u00e9clair\u00e9s<\/p>\n<\/li>\n<li class=\"\" data-start=\"515\" data-end=\"542\">\n<p class=\"\" data-start=\"517\" data-end=\"542\">Grilles de cuisson \u00e0 tige de 8 mm<\/p>\n<\/li>\n<li class=\"\" data-start=\"543\" data-end=\"587\">\n<p class=\"\" data-start=\"545\" data-end=\"587\">D\u00e9flecteurs en acier inoxydable faciles \u00e0 nettoyer<\/p>\n<\/li>\n<li class=\"\" data-start=\"588\" data-end=\"613\">\n<p class=\"\" data-start=\"590\" data-end=\"613\">R\u00f4tissoire avec moteur<\/p>\n<\/li>\n<li class=\"\" data-start=\"614\" data-end=\"657\">\n<p class=\"\" data-start=\"616\" data-end=\"657\">Br\u00fbleur de cuisson lat\u00e9ral (version chariot uniquement)<\/p>\n<\/li>\n<li class=\"\" data-start=\"658\" data-end=\"676\">\n<p class=\"\" data-start=\"660\" data-end=\"676\">Allumage rapide<\/p>\n<\/li>\n<li class=\"\" data-start=\"677\" data-end=\"703\">\n<p class=\"\" data-start=\"679\" data-end=\"703\">Thermom\u00e8tre int\u00e9gr\u00e9<\/p>\n<\/li>\n<li class=\"\" data-start=\"704\" data-end=\"735\">\n<p class=\"\" data-start=\"706\" data-end=\"735\">Surface de cuisson \u00e9clair\u00e9e<\/p>\n<\/li>\n<li class=\"\" data-start=\"736\" data-end=\"787\">\n<p class=\"\" data-start=\"738\" data-end=\"787\">Enti\u00e8rement fabriqu\u00e9 en acier inoxydable AISI 304<\/p>\n<\/li>\n<li class=\"\" data-start=\"788\" data-end=\"820\">\n<p class=\"\" data-start=\"790\" data-end=\"820\">Br\u00fbleurs en acier inoxydable moul\u00e9<\/p>\n<\/li>\n<li class=\"\" data-start=\"821\" data-end=\"859\">\n<p class=\"\" data-start=\"823\" data-end=\"859\">Compatible avec le gaz butane\/propane<\/p>\n<\/li>\n<li class=\"\" data-start=\"860\" data-end=\"882\">\n<p class=\"\" data-start=\"862\" data-end=\"882\">Capot \u00e0 double paroi<\/p>\n<\/li>\n<\/ul>\n","protected":false},"featured_media":54006,"comment_status":"open","ping_status":"closed","template":"","meta":[],"product_brand":[4998],"product_cat":[4774,6832],"product_tag":[],"class_list":{"0":"post-54120","1":"product","2":"type-product","3":"status-publish","4":"has-post-thumbnail","6":"product_brand-la-villa","7":"product_cat-barbecue-fr","8":"product_cat-outdoor-fr","10":"first","11":"instock","12":"taxable","13":"shipping-taxable","14":"purchasable","15":"product-type-simple"},"yoast_head":"<!-- This site is optimized with the Yoast SEO plugin v27.4 - https:\/\/yoast.com\/product\/yoast-seo-wordpress\/ -->\n<title>TAHUNA 4 - Barbecue \u00e0 gaz avec chariot - La Villa Garden&amp;Design<\/title>\n<meta name=\"robots\" content=\"index, follow, max-snippet:-1, max-image-preview:large, max-video-preview:-1\" \/>\n<link rel=\"canonical\" href=\"https:\/\/www.lavillagardendesign.com\/fr\/product\/tahuna-4-barbecue-a-gaz-avec-chariot\/\" \/>\n<meta property=\"og:locale\" content=\"fr_FR\" \/>\n<meta property=\"og:type\" content=\"article\" \/>\n<meta property=\"og:title\" content=\"TAHUNA 4 - Barbecue \u00e0 gaz avec chariot - La Villa Garden&amp;Design\" \/>\n<meta property=\"og:description\" content=\"Le TAHUNA 4 est un barbecue \u00e0 gaz haut de gamme \u00e0 4 br\u00fbleurs en acier inoxydable moul\u00e9, con\u00e7u pour s&#039;int\u00e9grer dans une cuisine ext\u00e9rieure. Il est dot\u00e9 d&#039;un foyer enti\u00e8rement soud\u00e9 et d&#039;un br\u00fbleur infrarouge \u00e0 l&#039;arri\u00e8re. La chambre de cuisson est dot\u00e9e d&#039;un \u00e9clairage int\u00e9gr\u00e9 et les boutons de commande sont en acier inoxydable avec r\u00e9tro\u00e9clairage. Le couvercle est fabriqu\u00e9 en acier inoxydable de 2 mm, con\u00e7u pour r\u00e9sister \u00e0 de nombreuses ann\u00e9es d&#039;utilisation en ext\u00e9rieur.     Aile lat\u00e9rale (version chariot uniquement)   Boutons de commande en acier inoxydable r\u00e9tro\u00e9clair\u00e9s   Grilles de cuisson \u00e0 tige de 8 mm   D\u00e9flecteurs en acier inoxydable faciles \u00e0 nettoyer   R\u00f4tissoire avec moteur   Br\u00fbleur de cuisson lat\u00e9ral (version chariot uniquement)   Allumage rapide   Thermom\u00e8tre int\u00e9gr\u00e9   Surface de cuisson \u00e9clair\u00e9e   Enti\u00e8rement fabriqu\u00e9 en acier inoxydable AISI 304   Br\u00fbleurs en acier inoxydable moul\u00e9   Compatible avec le gaz butane\/propane   Capot \u00e0 double paroi\" \/>\n<meta property=\"og:url\" content=\"https:\/\/www.lavillagardendesign.com\/fr\/product\/tahuna-4-barbecue-a-gaz-avec-chariot\/\" \/>\n<meta property=\"og:site_name\" content=\"La Villa Garden&amp;Design\" \/>\n<meta property=\"article:publisher\" content=\"https:\/\/www.facebook.com\/lavillagardendesign\/\" \/>\n<meta property=\"article:modified_time\" content=\"2026-02-23T09:41:15+00:00\" \/>\n<meta property=\"og:image\" content=\"https:\/\/www.lavillagardendesign.com\/wp-content\/uploads\/2025\/05\/7.jpg\" \/>\n\t<meta property=\"og:image:width\" content=\"800\" \/>\n\t<meta property=\"og:image:height\" content=\"800\" \/>\n\t<meta property=\"og:image:type\" content=\"image\/jpeg\" \/>\n<meta name=\"twitter:card\" content=\"summary_large_image\" \/>\n<script type=\"application\/ld+json\" class=\"yoast-schema-graph\">{\"@context\":\"https:\\\/\\\/schema.org\",\"@graph\":[{\"@type\":\"WebPage\",\"@id\":\"https:\\\/\\\/www.lavillagardendesign.com\\\/fr\\\/product\\\/tahuna-4-barbecue-a-gaz-avec-chariot\\\/\",\"url\":\"https:\\\/\\\/www.lavillagardendesign.com\\\/fr\\\/product\\\/tahuna-4-barbecue-a-gaz-avec-chariot\\\/\",\"name\":\"TAHUNA 4 - Barbecue \u00e0 gaz avec chariot - La Villa Garden&amp;Design\",\"isPartOf\":{\"@id\":\"https:\\\/\\\/www.lavillagardendesign.com\\\/#website\"},\"primaryImageOfPage\":{\"@id\":\"https:\\\/\\\/www.lavillagardendesign.com\\\/fr\\\/product\\\/tahuna-4-barbecue-a-gaz-avec-chariot\\\/#primaryimage\"},\"image\":{\"@id\":\"https:\\\/\\\/www.lavillagardendesign.com\\\/fr\\\/product\\\/tahuna-4-barbecue-a-gaz-avec-chariot\\\/#primaryimage\"},\"thumbnailUrl\":\"https:\\\/\\\/www.lavillagardendesign.com\\\/wp-content\\\/uploads\\\/2025\\\/05\\\/7.jpg\",\"datePublished\":\"2025-05-11T14:57:29+00:00\",\"dateModified\":\"2026-02-23T09:41:15+00:00\",\"breadcrumb\":{\"@id\":\"https:\\\/\\\/www.lavillagardendesign.com\\\/fr\\\/product\\\/tahuna-4-barbecue-a-gaz-avec-chariot\\\/#breadcrumb\"},\"inLanguage\":\"fr-FR\",\"potentialAction\":[{\"@type\":\"ReadAction\",\"target\":[\"https:\\\/\\\/www.lavillagardendesign.com\\\/fr\\\/product\\\/tahuna-4-barbecue-a-gaz-avec-chariot\\\/\"]}]},{\"@type\":\"ImageObject\",\"inLanguage\":\"fr-FR\",\"@id\":\"https:\\\/\\\/www.lavillagardendesign.com\\\/fr\\\/product\\\/tahuna-4-barbecue-a-gaz-avec-chariot\\\/#primaryimage\",\"url\":\"https:\\\/\\\/www.lavillagardendesign.com\\\/wp-content\\\/uploads\\\/2025\\\/05\\\/7.jpg\",\"contentUrl\":\"https:\\\/\\\/www.lavillagardendesign.com\\\/wp-content\\\/uploads\\\/2025\\\/05\\\/7.jpg\",\"width\":800,\"height\":800},{\"@type\":\"BreadcrumbList\",\"@id\":\"https:\\\/\\\/www.lavillagardendesign.com\\\/fr\\\/product\\\/tahuna-4-barbecue-a-gaz-avec-chariot\\\/#breadcrumb\",\"itemListElement\":[{\"@type\":\"ListItem\",\"position\":1,\"name\":\"Home\",\"item\":\"https:\\\/\\\/www.lavillagardendesign.com\\\/\"},{\"@type\":\"ListItem\",\"position\":2,\"name\":\"Boutique\",\"item\":\"https:\\\/\\\/www.lavillagardendesign.com\\\/fr\\\/boutique\\\/\"},{\"@type\":\"ListItem\",\"position\":3,\"name\":\"TAHUNA 4 &#8211; Barbecue \u00e0 gaz avec chariot\"}]},{\"@type\":\"WebSite\",\"@id\":\"https:\\\/\\\/www.lavillagardendesign.com\\\/#website\",\"url\":\"https:\\\/\\\/www.lavillagardendesign.com\\\/\",\"name\":\"La Villa Garden&Design\",\"description\":\"\",\"publisher\":{\"@id\":\"https:\\\/\\\/www.lavillagardendesign.com\\\/#organization\"},\"potentialAction\":[{\"@type\":\"SearchAction\",\"target\":{\"@type\":\"EntryPoint\",\"urlTemplate\":\"https:\\\/\\\/www.lavillagardendesign.com\\\/?s={search_term_string}\"},\"query-input\":{\"@type\":\"PropertyValueSpecification\",\"valueRequired\":true,\"valueName\":\"search_term_string\"}}],\"inLanguage\":\"fr-FR\"},{\"@type\":\"Organization\",\"@id\":\"https:\\\/\\\/www.lavillagardendesign.com\\\/#organization\",\"name\":\"La Villa Garden&Design\",\"url\":\"https:\\\/\\\/www.lavillagardendesign.com\\\/\",\"logo\":{\"@type\":\"ImageObject\",\"inLanguage\":\"fr-FR\",\"@id\":\"https:\\\/\\\/www.lavillagardendesign.com\\\/#\\\/schema\\\/logo\\\/image\\\/\",\"url\":\"https:\\\/\\\/www.lavillagardendesign.com\\\/wp-content\\\/uploads\\\/2024\\\/04\\\/logolavilla.png\",\"contentUrl\":\"https:\\\/\\\/www.lavillagardendesign.com\\\/wp-content\\\/uploads\\\/2024\\\/04\\\/logolavilla.png\",\"width\":682,\"height\":391,\"caption\":\"La Villa Garden&Design\"},\"image\":{\"@id\":\"https:\\\/\\\/www.lavillagardendesign.com\\\/#\\\/schema\\\/logo\\\/image\\\/\"},\"sameAs\":[\"https:\\\/\\\/www.facebook.com\\\/lavillagardendesign\\\/\"]}]}<\/script>\n<!-- \/ Yoast SEO plugin. -->","yoast_head_json":{"title":"TAHUNA 4 - Barbecue \u00e0 gaz avec chariot - La Villa Garden&amp;Design","robots":{"index":"index","follow":"follow","max-snippet":"max-snippet:-1","max-image-preview":"max-image-preview:large","max-video-preview":"max-video-preview:-1"},"canonical":"https:\/\/www.lavillagardendesign.com\/fr\/product\/tahuna-4-barbecue-a-gaz-avec-chariot\/","og_locale":"fr_FR","og_type":"article","og_title":"TAHUNA 4 - Barbecue \u00e0 gaz avec chariot - La Villa Garden&amp;Design","og_description":"Le TAHUNA 4 est un barbecue \u00e0 gaz haut de gamme \u00e0 4 br\u00fbleurs en acier inoxydable moul\u00e9, con\u00e7u pour s'int\u00e9grer dans une cuisine ext\u00e9rieure. Il est dot\u00e9 d'un foyer enti\u00e8rement soud\u00e9 et d'un br\u00fbleur infrarouge \u00e0 l'arri\u00e8re. La chambre de cuisson est dot\u00e9e d'un \u00e9clairage int\u00e9gr\u00e9 et les boutons de commande sont en acier inoxydable avec r\u00e9tro\u00e9clairage. Le couvercle est fabriqu\u00e9 en acier inoxydable de 2 mm, con\u00e7u pour r\u00e9sister \u00e0 de nombreuses ann\u00e9es d'utilisation en ext\u00e9rieur.     Aile lat\u00e9rale (version chariot uniquement)   Boutons de commande en acier inoxydable r\u00e9tro\u00e9clair\u00e9s   Grilles de cuisson \u00e0 tige de 8 mm   D\u00e9flecteurs en acier inoxydable faciles \u00e0 nettoyer   R\u00f4tissoire avec moteur   Br\u00fbleur de cuisson lat\u00e9ral (version chariot uniquement)   Allumage rapide   Thermom\u00e8tre int\u00e9gr\u00e9   Surface de cuisson \u00e9clair\u00e9e   Enti\u00e8rement fabriqu\u00e9 en acier inoxydable AISI 304   Br\u00fbleurs en acier inoxydable moul\u00e9   Compatible avec le gaz butane\/propane   Capot \u00e0 double paroi","og_url":"https:\/\/www.lavillagardendesign.com\/fr\/product\/tahuna-4-barbecue-a-gaz-avec-chariot\/","og_site_name":"La Villa Garden&amp;Design","article_publisher":"https:\/\/www.facebook.com\/lavillagardendesign\/","article_modified_time":"2026-02-23T09:41:15+00:00","og_image":[{"width":800,"height":800,"url":"https:\/\/www.lavillagardendesign.com\/wp-content\/uploads\/2025\/05\/7.jpg","type":"image\/jpeg"}],"twitter_card":"summary_large_image","schema":{"@context":"https:\/\/schema.org","@graph":[{"@type":"WebPage","@id":"https:\/\/www.lavillagardendesign.com\/fr\/product\/tahuna-4-barbecue-a-gaz-avec-chariot\/","url":"https:\/\/www.lavillagardendesign.com\/fr\/product\/tahuna-4-barbecue-a-gaz-avec-chariot\/","name":"TAHUNA 4 - Barbecue \u00e0 gaz avec chariot - La Villa Garden&amp;Design","isPartOf":{"@id":"https:\/\/www.lavillagardendesign.com\/#website"},"primaryImageOfPage":{"@id":"https:\/\/www.lavillagardendesign.com\/fr\/product\/tahuna-4-barbecue-a-gaz-avec-chariot\/#primaryimage"},"image":{"@id":"https:\/\/www.lavillagardendesign.com\/fr\/product\/tahuna-4-barbecue-a-gaz-avec-chariot\/#primaryimage"},"thumbnailUrl":"https:\/\/www.lavillagardendesign.com\/wp-content\/uploads\/2025\/05\/7.jpg","datePublished":"2025-05-11T14:57:29+00:00","dateModified":"2026-02-23T09:41:15+00:00","breadcrumb":{"@id":"https:\/\/www.lavillagardendesign.com\/fr\/product\/tahuna-4-barbecue-a-gaz-avec-chariot\/#breadcrumb"},"inLanguage":"fr-FR","potentialAction":[{"@type":"ReadAction","target":["https:\/\/www.lavillagardendesign.com\/fr\/product\/tahuna-4-barbecue-a-gaz-avec-chariot\/"]}]},{"@type":"ImageObject","inLanguage":"fr-FR","@id":"https:\/\/www.lavillagardendesign.com\/fr\/product\/tahuna-4-barbecue-a-gaz-avec-chariot\/#primaryimage","url":"https:\/\/www.lavillagardendesign.com\/wp-content\/uploads\/2025\/05\/7.jpg","contentUrl":"https:\/\/www.lavillagardendesign.com\/wp-content\/uploads\/2025\/05\/7.jpg","width":800,"height":800},{"@type":"BreadcrumbList","@id":"https:\/\/www.lavillagardendesign.com\/fr\/product\/tahuna-4-barbecue-a-gaz-avec-chariot\/#breadcrumb","itemListElement":[{"@type":"ListItem","position":1,"name":"Home","item":"https:\/\/www.lavillagardendesign.com\/"},{"@type":"ListItem","position":2,"name":"Boutique","item":"https:\/\/www.lavillagardendesign.com\/fr\/boutique\/"},{"@type":"ListItem","position":3,"name":"TAHUNA 4 &#8211; Barbecue \u00e0 gaz avec chariot"}]},{"@type":"WebSite","@id":"https:\/\/www.lavillagardendesign.com\/#website","url":"https:\/\/www.lavillagardendesign.com\/","name":"La Villa Garden&Design","description":"","publisher":{"@id":"https:\/\/www.lavillagardendesign.com\/#organization"},"potentialAction":[{"@type":"SearchAction","target":{"@type":"EntryPoint","urlTemplate":"https:\/\/www.lavillagardendesign.com\/?s={search_term_string}"},"query-input":{"@type":"PropertyValueSpecification","valueRequired":true,"valueName":"search_term_string"}}],"inLanguage":"fr-FR"},{"@type":"Organization","@id":"https:\/\/www.lavillagardendesign.com\/#organization","name":"La Villa Garden&Design","url":"https:\/\/www.lavillagardendesign.com\/","logo":{"@type":"ImageObject","inLanguage":"fr-FR","@id":"https:\/\/www.lavillagardendesign.com\/#\/schema\/logo\/image\/","url":"https:\/\/www.lavillagardendesign.com\/wp-content\/uploads\/2024\/04\/logolavilla.png","contentUrl":"https:\/\/www.lavillagardendesign.com\/wp-content\/uploads\/2024\/04\/logolavilla.png","width":682,"height":391,"caption":"La Villa Garden&Design"},"image":{"@id":"https:\/\/www.lavillagardendesign.com\/#\/schema\/logo\/image\/"},"sameAs":["https:\/\/www.facebook.com\/lavillagardendesign\/"]}]}},"_links":{"self":[{"href":"https:\/\/www.lavillagardendesign.com\/fr\/wp-json\/wp\/v2\/product\/54120","targetHints":{"allow":["GET"]}}],"collection":[{"href":"https:\/\/www.lavillagardendesign.com\/fr\/wp-json\/wp\/v2\/product"}],"about":[{"href":"https:\/\/www.lavillagardendesign.com\/fr\/wp-json\/wp\/v2\/types\/product"}],"replies":[{"embeddable":true,"href":"https:\/\/www.lavillagardendesign.com\/fr\/wp-json\/wp\/v2\/comments?post=54120"}],"version-history":[{"count":1,"href":"https:\/\/www.lavillagardendesign.com\/fr\/wp-json\/wp\/v2\/product\/54120\/revisions"}],"predecessor-version":[{"id":63683,"href":"https:\/\/www.lavillagardendesign.com\/fr\/wp-json\/wp\/v2\/product\/54120\/revisions\/63683"}],"wp:featuredmedia":[{"embeddable":true,"href":"https:\/\/www.lavillagardendesign.com\/fr\/wp-json\/wp\/v2\/media\/54006"}],"wp:attachment":[{"href":"https:\/\/www.lavillagardendesign.com\/fr\/wp-json\/wp\/v2\/media?parent=54120"}],"wp:term":[{"taxonomy":"product_brand","embeddable":true,"href":"https:\/\/www.lavillagardendesign.com\/fr\/wp-json\/wp\/v2\/product_brand?post=54120"},{"taxonomy":"product_cat","embeddable":true,"href":"https:\/\/www.lavillagardendesign.com\/fr\/wp-json\/wp\/v2\/product_cat?post=54120"},{"taxonomy":"product_tag","embeddable":true,"href":"https:\/\/www.lavillagardendesign.com\/fr\/wp-json\/wp\/v2\/product_tag?post=54120"}],"curies":[{"name":"wp","href":"https:\/\/api.w.org\/{rel}","templated":true}]}}