{"id":54118,"date":"2025-05-11T16:17:12","date_gmt":"2025-05-11T14:17:12","guid":{"rendered":"https:\/\/www.lavillagardendesign.com\/product\/bonfeu-80-support-de-plancha\/"},"modified":"2025-05-11T16:17:12","modified_gmt":"2025-05-11T14:17:12","slug":"bonfeu-80-support-de-plancha","status":"publish","type":"product","link":"https:\/\/www.lavillagardendesign.com\/fr\/product\/bonfeu-80-support-de-plancha\/","title":{"rendered":"BONFEU 80 &#8211; Support de plancha"},"content":{"rendered":"","protected":false},"excerpt":{"rendered":"<p class=\"\" data-start=\"29\" data-end=\"324\">Ce support BonFeu pratique est facile \u00e0 placer dans la cuisine ext\u00e9rieure BonBiza ou dans les BonBowls. Il est id\u00e9al pour le four \u00e0 pizza BonPizza, l&rsquo;anneau \u00e0 brochettes ou le gril sur pied. Le support s&rsquo;adapte parfaitement au centre de la BonBiza et du BonBowl et assure une bonne stabilit\u00e9 pendant la cuisson.  <\/p>\n<p class=\"\" data-start=\"326\" data-end=\"475\">Le support est fabriqu\u00e9 en acier noir. Gr\u00e2ce \u00e0 son poids et \u00e0 ses dimensions ad\u00e9quates, il reste stable et vous permet de placer facilement un autre accessoire dessus. <\/p>\n<p class=\"\" data-start=\"477\" data-end=\"716\">Vous pouvez utiliser le stand 80 pour le BonBiza et le BonBowl avec la plancha 80, le stand 60 pour le BonBowl avec la plancha 60, le stand 100 pour le BonBowl 100 avec la plancha 100, et le stand 120 pour le BonBowl 120 avec la plancha 120.<\/p>\n<p class=\"\" data-start=\"718\" data-end=\"834\">L&rsquo;utilisation de ce support est n\u00e9cessaire lorsque vous utilisez les accessoires suivants : Four BonPizza, Grille pour support et Anneau pour brochettes.<\/p>\n<ol data-start=\"836\" data-end=\"1145\">\n<li class=\"\" data-start=\"836\" data-end=\"897\">\n<p class=\"\" data-start=\"839\" data-end=\"897\">Placez la BonPlancha de 80 cm sur le foyer appropri\u00e9.<\/p>\n<\/li>\n<li class=\"\" data-start=\"898\" data-end=\"944\">\n<p class=\"\" data-start=\"901\" data-end=\"944\">Remplissez le bol de bois de chauffage et allumez-le.<\/p>\n<\/li>\n<li class=\"\" data-start=\"945\" data-end=\"1009\">\n<p class=\"\" data-start=\"948\" data-end=\"1009\">Placez le support au centre de la plaque de cuisson de la plancha.<\/p>\n<\/li>\n<li class=\"\" data-start=\"1010\" data-end=\"1100\">\n<p class=\"\" data-start=\"1013\" data-end=\"1100\">Placez l&rsquo;accessoire de votre choix au centre du support (en utilisant des gants r\u00e9sistants \u00e0 la chaleur).<\/p>\n<\/li>\n<li class=\"\" data-start=\"1101\" data-end=\"1145\">\n<p class=\"\" data-start=\"1104\" data-end=\"1145\">Le foyer de 80 cm est maintenant pr\u00eat \u00e0 l&#8217;emploi.<\/p>\n<\/li>\n<\/ol>\n","protected":false},"featured_media":54067,"comment_status":"open","ping_status":"closed","template":"","meta":[],"product_brand":[],"product_cat":[6832,4774],"product_tag":[],"class_list":{"0":"post-54118","1":"product","2":"type-product","3":"status-publish","4":"has-post-thumbnail","6":"product_cat-outdoor-fr","7":"product_cat-barbecue-fr","9":"first","10":"instock","11":"taxable","12":"shipping-taxable","13":"purchasable","14":"product-type-simple"},"yoast_head":"<!-- This site is optimized with the Yoast SEO plugin v27.1.1 - https:\/\/yoast.com\/product\/yoast-seo-wordpress\/ -->\n<title>BONFEU 80 - Support de plancha - La Villa Garden&amp;Design<\/title>\n<meta name=\"robots\" content=\"index, follow, max-snippet:-1, max-image-preview:large, max-video-preview:-1\" \/>\n<link rel=\"canonical\" href=\"https:\/\/www.lavillagardendesign.com\/fr\/product\/bonfeu-80-support-de-plancha\/\" \/>\n<meta property=\"og:locale\" content=\"fr_FR\" \/>\n<meta property=\"og:type\" content=\"article\" \/>\n<meta property=\"og:title\" content=\"BONFEU 80 - Support de plancha - La Villa Garden&amp;Design\" \/>\n<meta property=\"og:description\" content=\"Ce support BonFeu pratique est facile \u00e0 placer dans la cuisine ext\u00e9rieure BonBiza ou dans les BonBowls. Il est id\u00e9al pour le four \u00e0 pizza BonPizza, l&#039;anneau \u00e0 brochettes ou le gril sur pied. Le support s&#039;adapte parfaitement au centre de la BonBiza et du BonBowl et assure une bonne stabilit\u00e9 pendant la cuisson.  Le support est fabriqu\u00e9 en acier noir. Gr\u00e2ce \u00e0 son poids et \u00e0 ses dimensions ad\u00e9quates, il reste stable et vous permet de placer facilement un autre accessoire dessus. Vous pouvez utiliser le stand 80 pour le BonBiza et le BonBowl avec la plancha 80, le stand 60 pour le BonBowl avec la plancha 60, le stand 100 pour le BonBowl 100 avec la plancha 100, et le stand 120 pour le BonBowl 120 avec la plancha 120. L&#039;utilisation de ce support est n\u00e9cessaire lorsque vous utilisez les accessoires suivants : Four BonPizza, Grille pour support et Anneau pour brochettes.   Placez la BonPlancha de 80 cm sur le foyer appropri\u00e9.   Remplissez le bol de bois de chauffage et allumez-le.   Placez le support au centre de la plaque de cuisson de la plancha.   Placez l&#039;accessoire de votre choix au centre du support (en utilisant des gants r\u00e9sistants \u00e0 la chaleur).   Le foyer de 80 cm est maintenant pr\u00eat \u00e0 l&#039;emploi.\" \/>\n<meta property=\"og:url\" content=\"https:\/\/www.lavillagardendesign.com\/fr\/product\/bonfeu-80-support-de-plancha\/\" \/>\n<meta property=\"og:site_name\" content=\"La Villa Garden&amp;Design\" \/>\n<meta property=\"article:publisher\" content=\"https:\/\/www.facebook.com\/lavillagardendesign\/\" \/>\n<meta name=\"twitter:card\" content=\"summary_large_image\" \/>\n<script type=\"application\/ld+json\" class=\"yoast-schema-graph\">{\"@context\":\"https:\/\/schema.org\",\"@graph\":[{\"@type\":\"WebPage\",\"@id\":\"https:\/\/www.lavillagardendesign.com\/fr\/product\/bonfeu-80-support-de-plancha\/\",\"url\":\"https:\/\/www.lavillagardendesign.com\/fr\/product\/bonfeu-80-support-de-plancha\/\",\"name\":\"BONFEU 80 - Support de plancha - La Villa Garden&amp;Design\",\"isPartOf\":{\"@id\":\"https:\/\/www.lavillagardendesign.com\/#website\"},\"primaryImageOfPage\":{\"@id\":\"https:\/\/www.lavillagardendesign.com\/fr\/product\/bonfeu-80-support-de-plancha\/#primaryimage\"},\"image\":{\"@id\":\"https:\/\/www.lavillagardendesign.com\/fr\/product\/bonfeu-80-support-de-plancha\/#primaryimage\"},\"thumbnailUrl\":\"https:\/\/www.lavillagardendesign.com\/wp-content\/uploads\/2025\/05\/2-5.jpg\",\"datePublished\":\"2025-05-11T14:17:12+00:00\",\"breadcrumb\":{\"@id\":\"https:\/\/www.lavillagardendesign.com\/fr\/product\/bonfeu-80-support-de-plancha\/#breadcrumb\"},\"inLanguage\":\"fr-FR\",\"potentialAction\":[{\"@type\":\"ReadAction\",\"target\":[\"https:\/\/www.lavillagardendesign.com\/fr\/product\/bonfeu-80-support-de-plancha\/\"]}]},{\"@type\":\"ImageObject\",\"inLanguage\":\"fr-FR\",\"@id\":\"https:\/\/www.lavillagardendesign.com\/fr\/product\/bonfeu-80-support-de-plancha\/#primaryimage\",\"url\":\"https:\/\/www.lavillagardendesign.com\/wp-content\/uploads\/2025\/05\/2-5.jpg\",\"contentUrl\":\"https:\/\/www.lavillagardendesign.com\/wp-content\/uploads\/2025\/05\/2-5.jpg\",\"width\":800,\"height\":800},{\"@type\":\"BreadcrumbList\",\"@id\":\"https:\/\/www.lavillagardendesign.com\/fr\/product\/bonfeu-80-support-de-plancha\/#breadcrumb\",\"itemListElement\":[{\"@type\":\"ListItem\",\"position\":1,\"name\":\"Home\",\"item\":\"https:\/\/www.lavillagardendesign.com\/\"},{\"@type\":\"ListItem\",\"position\":2,\"name\":\"Boutique\",\"item\":\"https:\/\/www.lavillagardendesign.com\/fr\/boutique\/\"},{\"@type\":\"ListItem\",\"position\":3,\"name\":\"BONFEU 80 &#8211; Support de plancha\"}]},{\"@type\":\"WebSite\",\"@id\":\"https:\/\/www.lavillagardendesign.com\/#website\",\"url\":\"https:\/\/www.lavillagardendesign.com\/\",\"name\":\"La Villa Garden&Design\",\"description\":\"\",\"publisher\":{\"@id\":\"https:\/\/www.lavillagardendesign.com\/#organization\"},\"potentialAction\":[{\"@type\":\"SearchAction\",\"target\":{\"@type\":\"EntryPoint\",\"urlTemplate\":\"https:\/\/www.lavillagardendesign.com\/?s={search_term_string}\"},\"query-input\":{\"@type\":\"PropertyValueSpecification\",\"valueRequired\":true,\"valueName\":\"search_term_string\"}}],\"inLanguage\":\"fr-FR\"},{\"@type\":\"Organization\",\"@id\":\"https:\/\/www.lavillagardendesign.com\/#organization\",\"name\":\"La Villa Garden&Design\",\"url\":\"https:\/\/www.lavillagardendesign.com\/\",\"logo\":{\"@type\":\"ImageObject\",\"inLanguage\":\"fr-FR\",\"@id\":\"https:\/\/www.lavillagardendesign.com\/#\/schema\/logo\/image\/\",\"url\":\"https:\/\/www.lavillagardendesign.com\/wp-content\/uploads\/2024\/04\/logolavilla.png\",\"contentUrl\":\"https:\/\/www.lavillagardendesign.com\/wp-content\/uploads\/2024\/04\/logolavilla.png\",\"width\":682,\"height\":391,\"caption\":\"La Villa Garden&Design\"},\"image\":{\"@id\":\"https:\/\/www.lavillagardendesign.com\/#\/schema\/logo\/image\/\"},\"sameAs\":[\"https:\/\/www.facebook.com\/lavillagardendesign\/\"]}]}<\/script>\n<!-- \/ Yoast SEO plugin. -->","yoast_head_json":{"title":"BONFEU 80 - Support de plancha - La Villa Garden&amp;Design","robots":{"index":"index","follow":"follow","max-snippet":"max-snippet:-1","max-image-preview":"max-image-preview:large","max-video-preview":"max-video-preview:-1"},"canonical":"https:\/\/www.lavillagardendesign.com\/fr\/product\/bonfeu-80-support-de-plancha\/","og_locale":"fr_FR","og_type":"article","og_title":"BONFEU 80 - Support de plancha - La Villa Garden&amp;Design","og_description":"Ce support BonFeu pratique est facile \u00e0 placer dans la cuisine ext\u00e9rieure BonBiza ou dans les BonBowls. Il est id\u00e9al pour le four \u00e0 pizza BonPizza, l'anneau \u00e0 brochettes ou le gril sur pied. Le support s'adapte parfaitement au centre de la BonBiza et du BonBowl et assure une bonne stabilit\u00e9 pendant la cuisson.  Le support est fabriqu\u00e9 en acier noir. Gr\u00e2ce \u00e0 son poids et \u00e0 ses dimensions ad\u00e9quates, il reste stable et vous permet de placer facilement un autre accessoire dessus. Vous pouvez utiliser le stand 80 pour le BonBiza et le BonBowl avec la plancha 80, le stand 60 pour le BonBowl avec la plancha 60, le stand 100 pour le BonBowl 100 avec la plancha 100, et le stand 120 pour le BonBowl 120 avec la plancha 120. L'utilisation de ce support est n\u00e9cessaire lorsque vous utilisez les accessoires suivants : Four BonPizza, Grille pour support et Anneau pour brochettes.   Placez la BonPlancha de 80 cm sur le foyer appropri\u00e9.   Remplissez le bol de bois de chauffage et allumez-le.   Placez le support au centre de la plaque de cuisson de la plancha.   Placez l'accessoire de votre choix au centre du support (en utilisant des gants r\u00e9sistants \u00e0 la chaleur).   Le foyer de 80 cm est maintenant pr\u00eat \u00e0 l'emploi.","og_url":"https:\/\/www.lavillagardendesign.com\/fr\/product\/bonfeu-80-support-de-plancha\/","og_site_name":"La Villa Garden&amp;Design","article_publisher":"https:\/\/www.facebook.com\/lavillagardendesign\/","twitter_card":"summary_large_image","schema":{"@context":"https:\/\/schema.org","@graph":[{"@type":"WebPage","@id":"https:\/\/www.lavillagardendesign.com\/fr\/product\/bonfeu-80-support-de-plancha\/","url":"https:\/\/www.lavillagardendesign.com\/fr\/product\/bonfeu-80-support-de-plancha\/","name":"BONFEU 80 - Support de plancha - La Villa Garden&amp;Design","isPartOf":{"@id":"https:\/\/www.lavillagardendesign.com\/#website"},"primaryImageOfPage":{"@id":"https:\/\/www.lavillagardendesign.com\/fr\/product\/bonfeu-80-support-de-plancha\/#primaryimage"},"image":{"@id":"https:\/\/www.lavillagardendesign.com\/fr\/product\/bonfeu-80-support-de-plancha\/#primaryimage"},"thumbnailUrl":"https:\/\/www.lavillagardendesign.com\/wp-content\/uploads\/2025\/05\/2-5.jpg","datePublished":"2025-05-11T14:17:12+00:00","breadcrumb":{"@id":"https:\/\/www.lavillagardendesign.com\/fr\/product\/bonfeu-80-support-de-plancha\/#breadcrumb"},"inLanguage":"fr-FR","potentialAction":[{"@type":"ReadAction","target":["https:\/\/www.lavillagardendesign.com\/fr\/product\/bonfeu-80-support-de-plancha\/"]}]},{"@type":"ImageObject","inLanguage":"fr-FR","@id":"https:\/\/www.lavillagardendesign.com\/fr\/product\/bonfeu-80-support-de-plancha\/#primaryimage","url":"https:\/\/www.lavillagardendesign.com\/wp-content\/uploads\/2025\/05\/2-5.jpg","contentUrl":"https:\/\/www.lavillagardendesign.com\/wp-content\/uploads\/2025\/05\/2-5.jpg","width":800,"height":800},{"@type":"BreadcrumbList","@id":"https:\/\/www.lavillagardendesign.com\/fr\/product\/bonfeu-80-support-de-plancha\/#breadcrumb","itemListElement":[{"@type":"ListItem","position":1,"name":"Home","item":"https:\/\/www.lavillagardendesign.com\/"},{"@type":"ListItem","position":2,"name":"Boutique","item":"https:\/\/www.lavillagardendesign.com\/fr\/boutique\/"},{"@type":"ListItem","position":3,"name":"BONFEU 80 &#8211; Support de plancha"}]},{"@type":"WebSite","@id":"https:\/\/www.lavillagardendesign.com\/#website","url":"https:\/\/www.lavillagardendesign.com\/","name":"La Villa Garden&Design","description":"","publisher":{"@id":"https:\/\/www.lavillagardendesign.com\/#organization"},"potentialAction":[{"@type":"SearchAction","target":{"@type":"EntryPoint","urlTemplate":"https:\/\/www.lavillagardendesign.com\/?s={search_term_string}"},"query-input":{"@type":"PropertyValueSpecification","valueRequired":true,"valueName":"search_term_string"}}],"inLanguage":"fr-FR"},{"@type":"Organization","@id":"https:\/\/www.lavillagardendesign.com\/#organization","name":"La Villa Garden&Design","url":"https:\/\/www.lavillagardendesign.com\/","logo":{"@type":"ImageObject","inLanguage":"fr-FR","@id":"https:\/\/www.lavillagardendesign.com\/#\/schema\/logo\/image\/","url":"https:\/\/www.lavillagardendesign.com\/wp-content\/uploads\/2024\/04\/logolavilla.png","contentUrl":"https:\/\/www.lavillagardendesign.com\/wp-content\/uploads\/2024\/04\/logolavilla.png","width":682,"height":391,"caption":"La Villa Garden&Design"},"image":{"@id":"https:\/\/www.lavillagardendesign.com\/#\/schema\/logo\/image\/"},"sameAs":["https:\/\/www.facebook.com\/lavillagardendesign\/"]}]}},"_links":{"self":[{"href":"https:\/\/www.lavillagardendesign.com\/fr\/wp-json\/wp\/v2\/product\/54118","targetHints":{"allow":["GET"]}}],"collection":[{"href":"https:\/\/www.lavillagardendesign.com\/fr\/wp-json\/wp\/v2\/product"}],"about":[{"href":"https:\/\/www.lavillagardendesign.com\/fr\/wp-json\/wp\/v2\/types\/product"}],"replies":[{"embeddable":true,"href":"https:\/\/www.lavillagardendesign.com\/fr\/wp-json\/wp\/v2\/comments?post=54118"}],"version-history":[{"count":0,"href":"https:\/\/www.lavillagardendesign.com\/fr\/wp-json\/wp\/v2\/product\/54118\/revisions"}],"wp:featuredmedia":[{"embeddable":true,"href":"https:\/\/www.lavillagardendesign.com\/fr\/wp-json\/wp\/v2\/media\/54067"}],"wp:attachment":[{"href":"https:\/\/www.lavillagardendesign.com\/fr\/wp-json\/wp\/v2\/media?parent=54118"}],"wp:term":[{"taxonomy":"product_brand","embeddable":true,"href":"https:\/\/www.lavillagardendesign.com\/fr\/wp-json\/wp\/v2\/product_brand?post=54118"},{"taxonomy":"product_cat","embeddable":true,"href":"https:\/\/www.lavillagardendesign.com\/fr\/wp-json\/wp\/v2\/product_cat?post=54118"},{"taxonomy":"product_tag","embeddable":true,"href":"https:\/\/www.lavillagardendesign.com\/fr\/wp-json\/wp\/v2\/product_tag?post=54118"}],"curies":[{"name":"wp","href":"https:\/\/api.w.org\/{rel}","templated":true}]}}