{"id":54117,"date":"2025-05-11T15:26:02","date_gmt":"2025-05-11T14:26:02","guid":{"rendered":"https:\/\/www.lavillagardendesign.com\/product\/modern-60-panier-ferme\/"},"modified":"2026-02-23T11:41:14","modified_gmt":"2026-02-23T09:41:14","slug":"modern-60-panier-ferme","status":"publish","type":"product","link":"https:\/\/www.lavillagardendesign.com\/fr\/product\/modern-60-panier-ferme\/","title":{"rendered":"MODERN 60 &#8211; Panier ferm\u00e9"},"content":{"rendered":"","protected":false},"excerpt":{"rendered":"<p class=\"\" data-start=\"0\" data-end=\"177\"><strong data-start=\"0\" data-end=\"175\">Le chariot de la gamme Modern est le support id\u00e9al con\u00e7u pour accueillir votre plancha moderne, offrant un ensemble \u00e9l\u00e9gant et pratique qui trouvera facilement sa place sur votre terrasse.<\/strong><\/p>\n<p class=\"\" data-start=\"179\" data-end=\"488\">Disponible en acier inoxydable ou en acier noir, le chariot Modern devient un \u00e9l\u00e9ment essentiel de votre d\u00e9coration ext\u00e9rieure. Fonctionnel et mobile gr\u00e2ce \u00e0 ses quatre roues, le chariot peut \u00eatre d\u00e9plac\u00e9 en toute s\u00e9curit\u00e9 \u00e0 l&rsquo;endroit de votre choix. Les \u00e9tag\u00e8res rabattables sont \u00e9quip\u00e9es de v\u00e9rins hydrauliques et peuvent supporter jusqu&rsquo;\u00e0 10 kg.  <\/p>\n<p class=\"\" data-start=\"490\" data-end=\"692\">Le chariot Modern est un support ferm\u00e9 offrant un espace de rangement discret pour votre bouteille de gaz ou d&rsquo;autres accessoires. Disponible en acier inoxydable et en acier noir pour s&rsquo;harmoniser parfaitement avec votre plancha et votre hotte Modern. <\/p>\n<ul data-start=\"694\" data-end=\"872\">\n<li class=\"\" data-start=\"694\" data-end=\"767\">\n<p class=\"\" data-start=\"696\" data-end=\"767\">Chariot ferm\u00e9 en acier inoxydable satin\u00e9 ou en acier noir et gris clair<\/p>\n<\/li>\n<li class=\"\" data-start=\"768\" data-end=\"790\">\n<p class=\"\" data-start=\"770\" data-end=\"790\">2 \u00e9tag\u00e8res rabattables<\/p>\n<\/li>\n<li class=\"\" data-start=\"791\" data-end=\"824\">\n<p class=\"\" data-start=\"793\" data-end=\"824\">4 roues pivotantes avec 2 freins<\/p>\n<\/li>\n<li class=\"\" data-start=\"825\" data-end=\"872\">\n<p class=\"\" data-start=\"827\" data-end=\"872\">1 porte avec espace de stockage pour les bouteilles de gaz<\/p>\n<\/li>\n<\/ul>\n","protected":false},"featured_media":53964,"comment_status":"open","ping_status":"closed","template":"","meta":[],"product_brand":[4998],"product_cat":[4774,6832],"product_tag":[],"class_list":{"0":"post-54117","1":"product","2":"type-product","3":"status-publish","4":"has-post-thumbnail","6":"product_brand-la-villa","7":"product_cat-barbecue-fr","8":"product_cat-outdoor-fr","10":"first","11":"instock","12":"taxable","13":"shipping-taxable","14":"purchasable","15":"product-type-simple"},"yoast_head":"<!-- This site is optimized with the Yoast SEO plugin v27.4 - https:\/\/yoast.com\/product\/yoast-seo-wordpress\/ -->\n<title>MODERN 60 - Panier ferm\u00e9 - La Villa Garden&amp;Design<\/title>\n<meta name=\"robots\" content=\"index, follow, max-snippet:-1, max-image-preview:large, max-video-preview:-1\" \/>\n<link rel=\"canonical\" href=\"https:\/\/www.lavillagardendesign.com\/fr\/product\/modern-60-panier-ferme\/\" \/>\n<meta property=\"og:locale\" content=\"fr_FR\" \/>\n<meta property=\"og:type\" content=\"article\" \/>\n<meta property=\"og:title\" content=\"MODERN 60 - Panier ferm\u00e9 - La Villa Garden&amp;Design\" \/>\n<meta property=\"og:description\" content=\"Le chariot de la gamme Modern est le support id\u00e9al con\u00e7u pour accueillir votre plancha moderne, offrant un ensemble \u00e9l\u00e9gant et pratique qui trouvera facilement sa place sur votre terrasse. Disponible en acier inoxydable ou en acier noir, le chariot Modern devient un \u00e9l\u00e9ment essentiel de votre d\u00e9coration ext\u00e9rieure. Fonctionnel et mobile gr\u00e2ce \u00e0 ses quatre roues, le chariot peut \u00eatre d\u00e9plac\u00e9 en toute s\u00e9curit\u00e9 \u00e0 l&#039;endroit de votre choix. Les \u00e9tag\u00e8res rabattables sont \u00e9quip\u00e9es de v\u00e9rins hydrauliques et peuvent supporter jusqu&#039;\u00e0 10 kg.  Le chariot Modern est un support ferm\u00e9 offrant un espace de rangement discret pour votre bouteille de gaz ou d&#039;autres accessoires. Disponible en acier inoxydable et en acier noir pour s&#039;harmoniser parfaitement avec votre plancha et votre hotte Modern.    Chariot ferm\u00e9 en acier inoxydable satin\u00e9 ou en acier noir et gris clair   2 \u00e9tag\u00e8res rabattables   4 roues pivotantes avec 2 freins   1 porte avec espace de stockage pour les bouteilles de gaz\" \/>\n<meta property=\"og:url\" content=\"https:\/\/www.lavillagardendesign.com\/fr\/product\/modern-60-panier-ferme\/\" \/>\n<meta property=\"og:site_name\" content=\"La Villa Garden&amp;Design\" \/>\n<meta property=\"article:publisher\" content=\"https:\/\/www.facebook.com\/lavillagardendesign\/\" \/>\n<meta property=\"article:modified_time\" content=\"2026-02-23T09:41:14+00:00\" \/>\n<meta property=\"og:image\" content=\"https:\/\/www.lavillagardendesign.com\/wp-content\/uploads\/2025\/05\/3-1.jpg\" \/>\n\t<meta property=\"og:image:width\" content=\"800\" \/>\n\t<meta property=\"og:image:height\" content=\"800\" \/>\n\t<meta property=\"og:image:type\" content=\"image\/jpeg\" \/>\n<meta name=\"twitter:card\" content=\"summary_large_image\" \/>\n<script type=\"application\/ld+json\" class=\"yoast-schema-graph\">{\"@context\":\"https:\\\/\\\/schema.org\",\"@graph\":[{\"@type\":\"WebPage\",\"@id\":\"https:\\\/\\\/www.lavillagardendesign.com\\\/fr\\\/product\\\/modern-60-panier-ferme\\\/\",\"url\":\"https:\\\/\\\/www.lavillagardendesign.com\\\/fr\\\/product\\\/modern-60-panier-ferme\\\/\",\"name\":\"MODERN 60 - Panier ferm\u00e9 - La Villa Garden&amp;Design\",\"isPartOf\":{\"@id\":\"https:\\\/\\\/www.lavillagardendesign.com\\\/#website\"},\"primaryImageOfPage\":{\"@id\":\"https:\\\/\\\/www.lavillagardendesign.com\\\/fr\\\/product\\\/modern-60-panier-ferme\\\/#primaryimage\"},\"image\":{\"@id\":\"https:\\\/\\\/www.lavillagardendesign.com\\\/fr\\\/product\\\/modern-60-panier-ferme\\\/#primaryimage\"},\"thumbnailUrl\":\"https:\\\/\\\/www.lavillagardendesign.com\\\/wp-content\\\/uploads\\\/2025\\\/05\\\/3-1.jpg\",\"datePublished\":\"2025-05-11T14:26:02+00:00\",\"dateModified\":\"2026-02-23T09:41:14+00:00\",\"breadcrumb\":{\"@id\":\"https:\\\/\\\/www.lavillagardendesign.com\\\/fr\\\/product\\\/modern-60-panier-ferme\\\/#breadcrumb\"},\"inLanguage\":\"fr-FR\",\"potentialAction\":[{\"@type\":\"ReadAction\",\"target\":[\"https:\\\/\\\/www.lavillagardendesign.com\\\/fr\\\/product\\\/modern-60-panier-ferme\\\/\"]}]},{\"@type\":\"ImageObject\",\"inLanguage\":\"fr-FR\",\"@id\":\"https:\\\/\\\/www.lavillagardendesign.com\\\/fr\\\/product\\\/modern-60-panier-ferme\\\/#primaryimage\",\"url\":\"https:\\\/\\\/www.lavillagardendesign.com\\\/wp-content\\\/uploads\\\/2025\\\/05\\\/3-1.jpg\",\"contentUrl\":\"https:\\\/\\\/www.lavillagardendesign.com\\\/wp-content\\\/uploads\\\/2025\\\/05\\\/3-1.jpg\",\"width\":800,\"height\":800},{\"@type\":\"BreadcrumbList\",\"@id\":\"https:\\\/\\\/www.lavillagardendesign.com\\\/fr\\\/product\\\/modern-60-panier-ferme\\\/#breadcrumb\",\"itemListElement\":[{\"@type\":\"ListItem\",\"position\":1,\"name\":\"Home\",\"item\":\"https:\\\/\\\/www.lavillagardendesign.com\\\/\"},{\"@type\":\"ListItem\",\"position\":2,\"name\":\"Boutique\",\"item\":\"https:\\\/\\\/www.lavillagardendesign.com\\\/fr\\\/boutique\\\/\"},{\"@type\":\"ListItem\",\"position\":3,\"name\":\"MODERN 60 &#8211; Panier ferm\u00e9\"}]},{\"@type\":\"WebSite\",\"@id\":\"https:\\\/\\\/www.lavillagardendesign.com\\\/#website\",\"url\":\"https:\\\/\\\/www.lavillagardendesign.com\\\/\",\"name\":\"La Villa Garden&Design\",\"description\":\"\",\"publisher\":{\"@id\":\"https:\\\/\\\/www.lavillagardendesign.com\\\/#organization\"},\"potentialAction\":[{\"@type\":\"SearchAction\",\"target\":{\"@type\":\"EntryPoint\",\"urlTemplate\":\"https:\\\/\\\/www.lavillagardendesign.com\\\/?s={search_term_string}\"},\"query-input\":{\"@type\":\"PropertyValueSpecification\",\"valueRequired\":true,\"valueName\":\"search_term_string\"}}],\"inLanguage\":\"fr-FR\"},{\"@type\":\"Organization\",\"@id\":\"https:\\\/\\\/www.lavillagardendesign.com\\\/#organization\",\"name\":\"La Villa Garden&Design\",\"url\":\"https:\\\/\\\/www.lavillagardendesign.com\\\/\",\"logo\":{\"@type\":\"ImageObject\",\"inLanguage\":\"fr-FR\",\"@id\":\"https:\\\/\\\/www.lavillagardendesign.com\\\/#\\\/schema\\\/logo\\\/image\\\/\",\"url\":\"https:\\\/\\\/www.lavillagardendesign.com\\\/wp-content\\\/uploads\\\/2024\\\/04\\\/logolavilla.png\",\"contentUrl\":\"https:\\\/\\\/www.lavillagardendesign.com\\\/wp-content\\\/uploads\\\/2024\\\/04\\\/logolavilla.png\",\"width\":682,\"height\":391,\"caption\":\"La Villa Garden&Design\"},\"image\":{\"@id\":\"https:\\\/\\\/www.lavillagardendesign.com\\\/#\\\/schema\\\/logo\\\/image\\\/\"},\"sameAs\":[\"https:\\\/\\\/www.facebook.com\\\/lavillagardendesign\\\/\"]}]}<\/script>\n<!-- \/ Yoast SEO plugin. -->","yoast_head_json":{"title":"MODERN 60 - Panier ferm\u00e9 - La Villa Garden&amp;Design","robots":{"index":"index","follow":"follow","max-snippet":"max-snippet:-1","max-image-preview":"max-image-preview:large","max-video-preview":"max-video-preview:-1"},"canonical":"https:\/\/www.lavillagardendesign.com\/fr\/product\/modern-60-panier-ferme\/","og_locale":"fr_FR","og_type":"article","og_title":"MODERN 60 - Panier ferm\u00e9 - La Villa Garden&amp;Design","og_description":"Le chariot de la gamme Modern est le support id\u00e9al con\u00e7u pour accueillir votre plancha moderne, offrant un ensemble \u00e9l\u00e9gant et pratique qui trouvera facilement sa place sur votre terrasse. Disponible en acier inoxydable ou en acier noir, le chariot Modern devient un \u00e9l\u00e9ment essentiel de votre d\u00e9coration ext\u00e9rieure. Fonctionnel et mobile gr\u00e2ce \u00e0 ses quatre roues, le chariot peut \u00eatre d\u00e9plac\u00e9 en toute s\u00e9curit\u00e9 \u00e0 l'endroit de votre choix. Les \u00e9tag\u00e8res rabattables sont \u00e9quip\u00e9es de v\u00e9rins hydrauliques et peuvent supporter jusqu'\u00e0 10 kg.  Le chariot Modern est un support ferm\u00e9 offrant un espace de rangement discret pour votre bouteille de gaz ou d'autres accessoires. Disponible en acier inoxydable et en acier noir pour s'harmoniser parfaitement avec votre plancha et votre hotte Modern.    Chariot ferm\u00e9 en acier inoxydable satin\u00e9 ou en acier noir et gris clair   2 \u00e9tag\u00e8res rabattables   4 roues pivotantes avec 2 freins   1 porte avec espace de stockage pour les bouteilles de gaz","og_url":"https:\/\/www.lavillagardendesign.com\/fr\/product\/modern-60-panier-ferme\/","og_site_name":"La Villa Garden&amp;Design","article_publisher":"https:\/\/www.facebook.com\/lavillagardendesign\/","article_modified_time":"2026-02-23T09:41:14+00:00","og_image":[{"width":800,"height":800,"url":"https:\/\/www.lavillagardendesign.com\/wp-content\/uploads\/2025\/05\/3-1.jpg","type":"image\/jpeg"}],"twitter_card":"summary_large_image","schema":{"@context":"https:\/\/schema.org","@graph":[{"@type":"WebPage","@id":"https:\/\/www.lavillagardendesign.com\/fr\/product\/modern-60-panier-ferme\/","url":"https:\/\/www.lavillagardendesign.com\/fr\/product\/modern-60-panier-ferme\/","name":"MODERN 60 - Panier ferm\u00e9 - La Villa Garden&amp;Design","isPartOf":{"@id":"https:\/\/www.lavillagardendesign.com\/#website"},"primaryImageOfPage":{"@id":"https:\/\/www.lavillagardendesign.com\/fr\/product\/modern-60-panier-ferme\/#primaryimage"},"image":{"@id":"https:\/\/www.lavillagardendesign.com\/fr\/product\/modern-60-panier-ferme\/#primaryimage"},"thumbnailUrl":"https:\/\/www.lavillagardendesign.com\/wp-content\/uploads\/2025\/05\/3-1.jpg","datePublished":"2025-05-11T14:26:02+00:00","dateModified":"2026-02-23T09:41:14+00:00","breadcrumb":{"@id":"https:\/\/www.lavillagardendesign.com\/fr\/product\/modern-60-panier-ferme\/#breadcrumb"},"inLanguage":"fr-FR","potentialAction":[{"@type":"ReadAction","target":["https:\/\/www.lavillagardendesign.com\/fr\/product\/modern-60-panier-ferme\/"]}]},{"@type":"ImageObject","inLanguage":"fr-FR","@id":"https:\/\/www.lavillagardendesign.com\/fr\/product\/modern-60-panier-ferme\/#primaryimage","url":"https:\/\/www.lavillagardendesign.com\/wp-content\/uploads\/2025\/05\/3-1.jpg","contentUrl":"https:\/\/www.lavillagardendesign.com\/wp-content\/uploads\/2025\/05\/3-1.jpg","width":800,"height":800},{"@type":"BreadcrumbList","@id":"https:\/\/www.lavillagardendesign.com\/fr\/product\/modern-60-panier-ferme\/#breadcrumb","itemListElement":[{"@type":"ListItem","position":1,"name":"Home","item":"https:\/\/www.lavillagardendesign.com\/"},{"@type":"ListItem","position":2,"name":"Boutique","item":"https:\/\/www.lavillagardendesign.com\/fr\/boutique\/"},{"@type":"ListItem","position":3,"name":"MODERN 60 &#8211; Panier ferm\u00e9"}]},{"@type":"WebSite","@id":"https:\/\/www.lavillagardendesign.com\/#website","url":"https:\/\/www.lavillagardendesign.com\/","name":"La Villa Garden&Design","description":"","publisher":{"@id":"https:\/\/www.lavillagardendesign.com\/#organization"},"potentialAction":[{"@type":"SearchAction","target":{"@type":"EntryPoint","urlTemplate":"https:\/\/www.lavillagardendesign.com\/?s={search_term_string}"},"query-input":{"@type":"PropertyValueSpecification","valueRequired":true,"valueName":"search_term_string"}}],"inLanguage":"fr-FR"},{"@type":"Organization","@id":"https:\/\/www.lavillagardendesign.com\/#organization","name":"La Villa Garden&Design","url":"https:\/\/www.lavillagardendesign.com\/","logo":{"@type":"ImageObject","inLanguage":"fr-FR","@id":"https:\/\/www.lavillagardendesign.com\/#\/schema\/logo\/image\/","url":"https:\/\/www.lavillagardendesign.com\/wp-content\/uploads\/2024\/04\/logolavilla.png","contentUrl":"https:\/\/www.lavillagardendesign.com\/wp-content\/uploads\/2024\/04\/logolavilla.png","width":682,"height":391,"caption":"La Villa Garden&Design"},"image":{"@id":"https:\/\/www.lavillagardendesign.com\/#\/schema\/logo\/image\/"},"sameAs":["https:\/\/www.facebook.com\/lavillagardendesign\/"]}]}},"_links":{"self":[{"href":"https:\/\/www.lavillagardendesign.com\/fr\/wp-json\/wp\/v2\/product\/54117","targetHints":{"allow":["GET"]}}],"collection":[{"href":"https:\/\/www.lavillagardendesign.com\/fr\/wp-json\/wp\/v2\/product"}],"about":[{"href":"https:\/\/www.lavillagardendesign.com\/fr\/wp-json\/wp\/v2\/types\/product"}],"replies":[{"embeddable":true,"href":"https:\/\/www.lavillagardendesign.com\/fr\/wp-json\/wp\/v2\/comments?post=54117"}],"version-history":[{"count":1,"href":"https:\/\/www.lavillagardendesign.com\/fr\/wp-json\/wp\/v2\/product\/54117\/revisions"}],"predecessor-version":[{"id":63679,"href":"https:\/\/www.lavillagardendesign.com\/fr\/wp-json\/wp\/v2\/product\/54117\/revisions\/63679"}],"wp:featuredmedia":[{"embeddable":true,"href":"https:\/\/www.lavillagardendesign.com\/fr\/wp-json\/wp\/v2\/media\/53964"}],"wp:attachment":[{"href":"https:\/\/www.lavillagardendesign.com\/fr\/wp-json\/wp\/v2\/media?parent=54117"}],"wp:term":[{"taxonomy":"product_brand","embeddable":true,"href":"https:\/\/www.lavillagardendesign.com\/fr\/wp-json\/wp\/v2\/product_brand?post=54117"},{"taxonomy":"product_cat","embeddable":true,"href":"https:\/\/www.lavillagardendesign.com\/fr\/wp-json\/wp\/v2\/product_cat?post=54117"},{"taxonomy":"product_tag","embeddable":true,"href":"https:\/\/www.lavillagardendesign.com\/fr\/wp-json\/wp\/v2\/product_tag?post=54117"}],"curies":[{"name":"wp","href":"https:\/\/api.w.org\/{rel}","templated":true}]}}