{"id":53593,"date":"2025-04-27T11:37:28","date_gmt":"2025-04-27T10:37:28","guid":{"rendered":"https:\/\/www.lavillagardendesign.com\/product\/jacuzzi-spa-j-365\/"},"modified":"2025-04-27T11:37:28","modified_gmt":"2025-04-27T09:37:28","slug":"jacuzzi-spa-j-365","status":"publish","type":"product","link":"https:\/\/www.lavillagardendesign.com\/fr\/product\/jacuzzi-spa-j-365\/","title":{"rendered":"Jacuzzi SPA J-365"},"content":{"rendered":"","protected":false},"excerpt":{"rendered":"<p class=\"\" data-start=\"60\" data-end=\"540\"><strong data-start=\"60\" data-end=\"178\">Avec ses 6 \u00e0 7 places assises, le spa rectangulaire de taille moyenne J-365\u2122 est con\u00e7u dans un souci de style et de confort.<\/strong><br data-start=\"178\" data-end=\"181\">Le spa rectangulaire de taille moyenne J-365\u2122 offre une disposition ouverte des places assises. Il est \u00e9quip\u00e9 de jets PowerPro\u00ae et comprend un si\u00e8ge PowerPro\u00ae Therapy pour une exp\u00e9rience de massage relaxante.<br data-start=\"351\" data-end=\"354\">Il se distingue par des armoires sophistiqu\u00e9es ProFinish\u2122 et un \u00e9clairage d&rsquo;accentuation d&rsquo;angle en option. Il est \u00e9galement dot\u00e9 d&rsquo;un panneau de commande facile \u00e0 utiliser et d&rsquo;un coussin d&rsquo;hydromassage HydroSoothe\u2122 sans \u00e9claboussure.  <\/p>\n<p class=\"\" data-start=\"542\" data-end=\"563\"><strong data-start=\"542\" data-end=\"561\">Sp\u00e9cifications :<\/strong><\/p>\n<ul data-start=\"564\" data-end=\"965\">\n<li class=\"\" data-start=\"564\" data-end=\"596\">\n<p class=\"\" data-start=\"566\" data-end=\"596\"><strong data-start=\"566\" data-end=\"577\">Volume :<\/strong> 395 gal \/ 1495 L<\/p>\n<\/li>\n<li class=\"\" data-start=\"597\" data-end=\"632\">\n<p class=\"\" data-start=\"599\" data-end=\"632\"><strong data-start=\"599\" data-end=\"614\">Poids \u00e0 sec :<\/strong> 805 lb \/ 365 kg<\/p>\n<\/li>\n<li class=\"\" data-start=\"633\" data-end=\"655\">\n<p class=\"\" data-start=\"635\" data-end=\"655\"><strong data-start=\"635\" data-end=\"650\">Total Jets :<\/strong> 46<\/p>\n<\/li>\n<li class=\"\" data-start=\"656\" data-end=\"698\">\n<p class=\"\" data-start=\"658\" data-end=\"698\"><strong data-start=\"658\" data-end=\"669\">Pompe 1 :<\/strong> 1 vitesse, 2,0 HP en continu<\/p>\n<\/li>\n<li class=\"\" data-start=\"699\" data-end=\"741\">\n<p class=\"\" data-start=\"701\" data-end=\"741\"><strong data-start=\"701\" data-end=\"712\">Pompe 2 :<\/strong> 1 vitesse, 2,0 HP en continu<\/p>\n<\/li>\n<li class=\"\" data-start=\"742\" data-end=\"771\">\n<p class=\"\" data-start=\"744\" data-end=\"771\"><strong data-start=\"744\" data-end=\"765\">Pompe de circulation :<\/strong> Oui<\/p>\n<\/li>\n<li class=\"\" data-start=\"772\" data-end=\"798\">\n<p class=\"\" data-start=\"774\" data-end=\"798\"><strong data-start=\"774\" data-end=\"790\">Hauteur (cm) :<\/strong> 95.25<\/p>\n<\/li>\n<li class=\"\" data-start=\"799\" data-end=\"825\">\n<p class=\"\" data-start=\"801\" data-end=\"825\"><strong data-start=\"801\" data-end=\"817\">Longueur (cm) :<\/strong> 213.5<\/p>\n<\/li>\n<li class=\"\" data-start=\"826\" data-end=\"851\">\n<p class=\"\" data-start=\"828\" data-end=\"851\"><strong data-start=\"828\" data-end=\"843\">Largeur (cm) :<\/strong> 231.0<\/p>\n<\/li>\n<li class=\"\" data-start=\"852\" data-end=\"893\">\n<p class=\"\" data-start=\"854\" data-end=\"893\"><strong data-start=\"854\" data-end=\"884\">Poids du spa \u00e0 pleine charge (kg) :<\/strong> 1859.0<\/p>\n<\/li>\n<li class=\"\" data-start=\"894\" data-end=\"925\">\n<p class=\"\" data-start=\"896\" data-end=\"925\"><strong data-start=\"896\" data-end=\"916\">Volume (litres) :<\/strong> 1495.0<\/p>\n<\/li>\n<li class=\"\" data-start=\"926\" data-end=\"965\">\n<p class=\"\" data-start=\"928\" data-end=\"965\"><strong data-start=\"928\" data-end=\"958\">Capacit\u00e9 moyenne (litres) :<\/strong> 1893.0<\/p>\n<\/li>\n<\/ul>\n","protected":false},"featured_media":53457,"comment_status":"open","ping_status":"closed","template":"","meta":[],"product_brand":[4998],"product_cat":[6832,4716],"product_tag":[],"class_list":{"0":"post-53593","1":"product","2":"type-product","3":"status-publish","4":"has-post-thumbnail","6":"product_brand-la-villa","7":"product_cat-outdoor-fr","8":"product_cat-jacuzzi-fr","10":"first","11":"instock","12":"taxable","13":"shipping-taxable","14":"purchasable","15":"product-type-variable"},"yoast_head":"<!-- This site is optimized with the Yoast SEO plugin v27.1.1 - https:\/\/yoast.com\/product\/yoast-seo-wordpress\/ -->\n<title>Jacuzzi SPA J-365 - La Villa Garden&amp;Design<\/title>\n<meta name=\"robots\" content=\"index, follow, max-snippet:-1, max-image-preview:large, max-video-preview:-1\" \/>\n<link rel=\"canonical\" href=\"https:\/\/www.lavillagardendesign.com\/fr\/produit\/jacuzzi-spa-j-365\/\" \/>\n<meta property=\"og:locale\" content=\"fr_FR\" \/>\n<meta property=\"og:type\" content=\"article\" \/>\n<meta property=\"og:title\" content=\"Jacuzzi SPA J-365 - La Villa Garden&amp;Design\" \/>\n<meta property=\"og:description\" content=\"Avec ses 6 \u00e0 7 places assises, le spa rectangulaire de taille moyenne J-365\u2122 est con\u00e7u dans un souci de style et de confort.Le spa rectangulaire de taille moyenne J-365\u2122 offre une disposition ouverte des places assises. Il est \u00e9quip\u00e9 de jets PowerPro\u00ae et comprend un si\u00e8ge PowerPro\u00ae Therapy pour une exp\u00e9rience de massage relaxante.Il se distingue par des armoires sophistiqu\u00e9es ProFinish\u2122 et un \u00e9clairage d&#039;accentuation d&#039;angle en option. Il est \u00e9galement dot\u00e9 d&#039;un panneau de commande facile \u00e0 utiliser et d&#039;un coussin d&#039;hydromassage HydroSoothe\u2122 sans \u00e9claboussure.  Sp\u00e9cifications :   Volume : 395 gal \/ 1495 L   Poids \u00e0 sec : 805 lb \/ 365 kg   Total Jets : 46   Pompe 1 : 1 vitesse, 2,0 HP en continu   Pompe 2 : 1 vitesse, 2,0 HP en continu   Pompe de circulation : Oui   Hauteur (cm) : 95.25   Longueur (cm) : 213.5   Largeur (cm) : 231.0   Poids du spa \u00e0 pleine charge (kg) : 1859.0   Volume (litres) : 1495.0   Capacit\u00e9 moyenne (litres) : 1893.0\" \/>\n<meta property=\"og:url\" content=\"https:\/\/www.lavillagardendesign.com\/fr\/produit\/jacuzzi-spa-j-365\/\" \/>\n<meta property=\"og:site_name\" content=\"La Villa Garden&amp;Design\" \/>\n<meta property=\"article:publisher\" content=\"https:\/\/www.facebook.com\/lavillagardendesign\/\" \/>\n<meta property=\"og:image\" content=\"https:\/\/www.lavillagardendesign.com\/wp-content\/uploads\/2025\/04\/10-1.jpg\" \/>\n\t<meta property=\"og:image:width\" content=\"800\" \/>\n\t<meta property=\"og:image:height\" content=\"800\" \/>\n\t<meta property=\"og:image:type\" content=\"image\/jpeg\" \/>\n<meta name=\"twitter:card\" content=\"summary_large_image\" \/>\n<script type=\"application\/ld+json\" class=\"yoast-schema-graph\">{\"@context\":\"https:\/\/schema.org\",\"@graph\":[{\"@type\":\"WebPage\",\"@id\":\"https:\/\/www.lavillagardendesign.com\/fr\/produit\/jacuzzi-spa-j-365\/\",\"url\":\"https:\/\/www.lavillagardendesign.com\/fr\/produit\/jacuzzi-spa-j-365\/\",\"name\":\"Jacuzzi SPA J-365 - La Villa Garden&amp;Design\",\"isPartOf\":{\"@id\":\"https:\/\/www.lavillagardendesign.com\/#website\"},\"primaryImageOfPage\":{\"@id\":\"https:\/\/www.lavillagardendesign.com\/fr\/produit\/jacuzzi-spa-j-365\/#primaryimage\"},\"image\":{\"@id\":\"https:\/\/www.lavillagardendesign.com\/fr\/produit\/jacuzzi-spa-j-365\/#primaryimage\"},\"thumbnailUrl\":\"https:\/\/www.lavillagardendesign.com\/wp-content\/uploads\/2025\/04\/10-1.jpg\",\"datePublished\":\"2025-04-27T10:37:28+00:00\",\"breadcrumb\":{\"@id\":\"https:\/\/www.lavillagardendesign.com\/fr\/produit\/jacuzzi-spa-j-365\/#breadcrumb\"},\"inLanguage\":\"fr-FR\",\"potentialAction\":[{\"@type\":\"ReadAction\",\"target\":[\"https:\/\/www.lavillagardendesign.com\/fr\/produit\/jacuzzi-spa-j-365\/\"]}]},{\"@type\":\"ImageObject\",\"inLanguage\":\"fr-FR\",\"@id\":\"https:\/\/www.lavillagardendesign.com\/fr\/produit\/jacuzzi-spa-j-365\/#primaryimage\",\"url\":\"https:\/\/www.lavillagardendesign.com\/wp-content\/uploads\/2025\/04\/10-1.jpg\",\"contentUrl\":\"https:\/\/www.lavillagardendesign.com\/wp-content\/uploads\/2025\/04\/10-1.jpg\",\"width\":800,\"height\":800},{\"@type\":\"BreadcrumbList\",\"@id\":\"https:\/\/www.lavillagardendesign.com\/fr\/produit\/jacuzzi-spa-j-365\/#breadcrumb\",\"itemListElement\":[{\"@type\":\"ListItem\",\"position\":1,\"name\":\"Home\",\"item\":\"https:\/\/www.lavillagardendesign.com\/\"},{\"@type\":\"ListItem\",\"position\":2,\"name\":\"Boutique\",\"item\":\"https:\/\/www.lavillagardendesign.com\/fr\/boutique\/\"},{\"@type\":\"ListItem\",\"position\":3,\"name\":\"Jacuzzi SPA J-365\"}]},{\"@type\":\"WebSite\",\"@id\":\"https:\/\/www.lavillagardendesign.com\/#website\",\"url\":\"https:\/\/www.lavillagardendesign.com\/\",\"name\":\"La Villa Garden&Design\",\"description\":\"\",\"publisher\":{\"@id\":\"https:\/\/www.lavillagardendesign.com\/#organization\"},\"potentialAction\":[{\"@type\":\"SearchAction\",\"target\":{\"@type\":\"EntryPoint\",\"urlTemplate\":\"https:\/\/www.lavillagardendesign.com\/?s={search_term_string}\"},\"query-input\":{\"@type\":\"PropertyValueSpecification\",\"valueRequired\":true,\"valueName\":\"search_term_string\"}}],\"inLanguage\":\"fr-FR\"},{\"@type\":\"Organization\",\"@id\":\"https:\/\/www.lavillagardendesign.com\/#organization\",\"name\":\"La Villa Garden&Design\",\"url\":\"https:\/\/www.lavillagardendesign.com\/\",\"logo\":{\"@type\":\"ImageObject\",\"inLanguage\":\"fr-FR\",\"@id\":\"https:\/\/www.lavillagardendesign.com\/#\/schema\/logo\/image\/\",\"url\":\"https:\/\/www.lavillagardendesign.com\/wp-content\/uploads\/2024\/04\/logolavilla.png\",\"contentUrl\":\"https:\/\/www.lavillagardendesign.com\/wp-content\/uploads\/2024\/04\/logolavilla.png\",\"width\":682,\"height\":391,\"caption\":\"La Villa Garden&Design\"},\"image\":{\"@id\":\"https:\/\/www.lavillagardendesign.com\/#\/schema\/logo\/image\/\"},\"sameAs\":[\"https:\/\/www.facebook.com\/lavillagardendesign\/\"]}]}<\/script>\n<!-- \/ Yoast SEO plugin. -->","yoast_head_json":{"title":"Jacuzzi SPA J-365 - La Villa Garden&amp;Design","robots":{"index":"index","follow":"follow","max-snippet":"max-snippet:-1","max-image-preview":"max-image-preview:large","max-video-preview":"max-video-preview:-1"},"canonical":"https:\/\/www.lavillagardendesign.com\/fr\/produit\/jacuzzi-spa-j-365\/","og_locale":"fr_FR","og_type":"article","og_title":"Jacuzzi SPA J-365 - La Villa Garden&amp;Design","og_description":"Avec ses 6 \u00e0 7 places assises, le spa rectangulaire de taille moyenne J-365\u2122 est con\u00e7u dans un souci de style et de confort.Le spa rectangulaire de taille moyenne J-365\u2122 offre une disposition ouverte des places assises. Il est \u00e9quip\u00e9 de jets PowerPro\u00ae et comprend un si\u00e8ge PowerPro\u00ae Therapy pour une exp\u00e9rience de massage relaxante.Il se distingue par des armoires sophistiqu\u00e9es ProFinish\u2122 et un \u00e9clairage d'accentuation d'angle en option. Il est \u00e9galement dot\u00e9 d'un panneau de commande facile \u00e0 utiliser et d'un coussin d'hydromassage HydroSoothe\u2122 sans \u00e9claboussure.  Sp\u00e9cifications :   Volume : 395 gal \/ 1495 L   Poids \u00e0 sec : 805 lb \/ 365 kg   Total Jets : 46   Pompe 1 : 1 vitesse, 2,0 HP en continu   Pompe 2 : 1 vitesse, 2,0 HP en continu   Pompe de circulation : Oui   Hauteur (cm) : 95.25   Longueur (cm) : 213.5   Largeur (cm) : 231.0   Poids du spa \u00e0 pleine charge (kg) : 1859.0   Volume (litres) : 1495.0   Capacit\u00e9 moyenne (litres) : 1893.0","og_url":"https:\/\/www.lavillagardendesign.com\/fr\/produit\/jacuzzi-spa-j-365\/","og_site_name":"La Villa Garden&amp;Design","article_publisher":"https:\/\/www.facebook.com\/lavillagardendesign\/","og_image":[{"width":800,"height":800,"url":"https:\/\/www.lavillagardendesign.com\/wp-content\/uploads\/2025\/04\/10-1.jpg","type":"image\/jpeg"}],"twitter_card":"summary_large_image","schema":{"@context":"https:\/\/schema.org","@graph":[{"@type":"WebPage","@id":"https:\/\/www.lavillagardendesign.com\/fr\/produit\/jacuzzi-spa-j-365\/","url":"https:\/\/www.lavillagardendesign.com\/fr\/produit\/jacuzzi-spa-j-365\/","name":"Jacuzzi SPA J-365 - La Villa Garden&amp;Design","isPartOf":{"@id":"https:\/\/www.lavillagardendesign.com\/#website"},"primaryImageOfPage":{"@id":"https:\/\/www.lavillagardendesign.com\/fr\/produit\/jacuzzi-spa-j-365\/#primaryimage"},"image":{"@id":"https:\/\/www.lavillagardendesign.com\/fr\/produit\/jacuzzi-spa-j-365\/#primaryimage"},"thumbnailUrl":"https:\/\/www.lavillagardendesign.com\/wp-content\/uploads\/2025\/04\/10-1.jpg","datePublished":"2025-04-27T10:37:28+00:00","breadcrumb":{"@id":"https:\/\/www.lavillagardendesign.com\/fr\/produit\/jacuzzi-spa-j-365\/#breadcrumb"},"inLanguage":"fr-FR","potentialAction":[{"@type":"ReadAction","target":["https:\/\/www.lavillagardendesign.com\/fr\/produit\/jacuzzi-spa-j-365\/"]}]},{"@type":"ImageObject","inLanguage":"fr-FR","@id":"https:\/\/www.lavillagardendesign.com\/fr\/produit\/jacuzzi-spa-j-365\/#primaryimage","url":"https:\/\/www.lavillagardendesign.com\/wp-content\/uploads\/2025\/04\/10-1.jpg","contentUrl":"https:\/\/www.lavillagardendesign.com\/wp-content\/uploads\/2025\/04\/10-1.jpg","width":800,"height":800},{"@type":"BreadcrumbList","@id":"https:\/\/www.lavillagardendesign.com\/fr\/produit\/jacuzzi-spa-j-365\/#breadcrumb","itemListElement":[{"@type":"ListItem","position":1,"name":"Home","item":"https:\/\/www.lavillagardendesign.com\/"},{"@type":"ListItem","position":2,"name":"Boutique","item":"https:\/\/www.lavillagardendesign.com\/fr\/boutique\/"},{"@type":"ListItem","position":3,"name":"Jacuzzi SPA J-365"}]},{"@type":"WebSite","@id":"https:\/\/www.lavillagardendesign.com\/#website","url":"https:\/\/www.lavillagardendesign.com\/","name":"La Villa Garden&Design","description":"","publisher":{"@id":"https:\/\/www.lavillagardendesign.com\/#organization"},"potentialAction":[{"@type":"SearchAction","target":{"@type":"EntryPoint","urlTemplate":"https:\/\/www.lavillagardendesign.com\/?s={search_term_string}"},"query-input":{"@type":"PropertyValueSpecification","valueRequired":true,"valueName":"search_term_string"}}],"inLanguage":"fr-FR"},{"@type":"Organization","@id":"https:\/\/www.lavillagardendesign.com\/#organization","name":"La Villa Garden&Design","url":"https:\/\/www.lavillagardendesign.com\/","logo":{"@type":"ImageObject","inLanguage":"fr-FR","@id":"https:\/\/www.lavillagardendesign.com\/#\/schema\/logo\/image\/","url":"https:\/\/www.lavillagardendesign.com\/wp-content\/uploads\/2024\/04\/logolavilla.png","contentUrl":"https:\/\/www.lavillagardendesign.com\/wp-content\/uploads\/2024\/04\/logolavilla.png","width":682,"height":391,"caption":"La Villa Garden&Design"},"image":{"@id":"https:\/\/www.lavillagardendesign.com\/#\/schema\/logo\/image\/"},"sameAs":["https:\/\/www.facebook.com\/lavillagardendesign\/"]}]}},"_links":{"self":[{"href":"https:\/\/www.lavillagardendesign.com\/fr\/wp-json\/wp\/v2\/product\/53593","targetHints":{"allow":["GET"]}}],"collection":[{"href":"https:\/\/www.lavillagardendesign.com\/fr\/wp-json\/wp\/v2\/product"}],"about":[{"href":"https:\/\/www.lavillagardendesign.com\/fr\/wp-json\/wp\/v2\/types\/product"}],"replies":[{"embeddable":true,"href":"https:\/\/www.lavillagardendesign.com\/fr\/wp-json\/wp\/v2\/comments?post=53593"}],"version-history":[{"count":0,"href":"https:\/\/www.lavillagardendesign.com\/fr\/wp-json\/wp\/v2\/product\/53593\/revisions"}],"wp:featuredmedia":[{"embeddable":true,"href":"https:\/\/www.lavillagardendesign.com\/fr\/wp-json\/wp\/v2\/media\/53457"}],"wp:attachment":[{"href":"https:\/\/www.lavillagardendesign.com\/fr\/wp-json\/wp\/v2\/media?parent=53593"}],"wp:term":[{"taxonomy":"product_brand","embeddable":true,"href":"https:\/\/www.lavillagardendesign.com\/fr\/wp-json\/wp\/v2\/product_brand?post=53593"},{"taxonomy":"product_cat","embeddable":true,"href":"https:\/\/www.lavillagardendesign.com\/fr\/wp-json\/wp\/v2\/product_cat?post=53593"},{"taxonomy":"product_tag","embeddable":true,"href":"https:\/\/www.lavillagardendesign.com\/fr\/wp-json\/wp\/v2\/product_tag?post=53593"}],"curies":[{"name":"wp","href":"https:\/\/api.w.org\/{rel}","templated":true}]}}