{"id":53584,"date":"2025-04-27T11:18:28","date_gmt":"2025-04-27T10:18:28","guid":{"rendered":"https:\/\/www.lavillagardendesign.com\/product\/jacuzzi-spa-j-435\/"},"modified":"2025-04-27T11:18:28","modified_gmt":"2025-04-27T09:18:28","slug":"jacuzzi-spa-j-435","status":"publish","type":"product","link":"https:\/\/www.lavillagardendesign.com\/fr\/product\/jacuzzi-spa-j-435\/","title":{"rendered":"Jacuzzi SPA J-435"},"content":{"rendered":"","protected":false},"excerpt":{"rendered":"<p class=\"\" data-start=\"52\" data-end=\"442\"><strong data-start=\"52\" data-end=\"164\">Le design \u00e0 haut dossier offre intimit\u00e9, protection contre les \u00e9l\u00e9ments et une exp\u00e9rience d&rsquo;hydromassage ultime.<\/strong><br data-start=\"164\" data-end=\"167\">Id\u00e9ale pour les athl\u00e8tes ou toute personne ayant les jambes fatigu\u00e9es, la chaise longue th\u00e9rapeutique offre un massage unique pour soulager le stress g\u00e9n\u00e9ral, avec des jets pour les poignets et un ensemble complet de jets pour les jambes. Deux si\u00e8ges relaxants, dont l&rsquo;un avec des jets, offrent la possibilit\u00e9 de profiter de l&rsquo;exp\u00e9rience du spa sans immersion totale. <\/p>\n<p class=\"\" data-start=\"444\" data-end=\"737\"><strong data-start=\"444\" data-end=\"458\">Quick View<\/strong><br data-start=\"458\" data-end=\"461\"><strong data-start=\"461\" data-end=\"475\">Id\u00e9al pour :<\/strong> Couples, coureurs, athl\u00e8tes, personnes ayant les jambes et les pieds fatigu\u00e9s<br data-start=\"535\" data-end=\"538\"><strong data-start=\"538\" data-end=\"550\">Places assises :<\/strong> 5-6<br data-start=\"554\" data-end=\"557\"><strong data-start=\"557\" data-end=\"573\">Caract\u00e9ristiques principales :<\/strong> Si\u00e8ge th\u00e9rapeutique, encombrement r\u00e9duit<br data-start=\"609\" data-end=\"612\"><strong data-start=\"612\" data-end=\"635\">Caract\u00e9ristiques exclusives :<\/strong> Hydromassage personnalis\u00e9 dans chaque si\u00e8ge, th\u00e9rapie par lumi\u00e8re rouge et proche infrarouge<br data-start=\"712\" data-end=\"715\"><strong data-start=\"715\" data-end=\"734\">Nombre de jets :<\/strong> 47<\/p>\n<p class=\"\" data-start=\"739\" data-end=\"1032\"><strong data-start=\"739\" data-end=\"820\">Trois niveaux de relaxation incroyable, plus la puissance de la technologie infrarouge.<\/strong><br data-start=\"820\" data-end=\"823\">\u00c9levez votre exp\u00e9rience de relaxation. Nous sommes la premi\u00e8re et la seule marque \u00e0 proposer des th\u00e9rapies par lumi\u00e8re rouge et proche infrarouge, garantissant un niveau de rajeunissement que vous n&rsquo;avez jamais ressenti auparavant &#8211; le tout en appuyant sur un bouton. <\/p>\n<ul data-start=\"1034\" data-end=\"1533\">\n<li class=\"\" data-start=\"1034\" data-end=\"1206\">\n<p class=\"\" data-start=\"1036\" data-end=\"1206\"><strong data-start=\"1036\" data-end=\"1072\">Couche 1 &#8211; Hydroth\u00e9rapie apaisante :<\/strong> Les jets PowerPro\u00ae de Jacuzzi\u00ae de premi\u00e8re qualit\u00e9 procurent un massage au niveau de la peau pour r\u00e9duire le stress, favoriser la r\u00e9cup\u00e9ration musculaire et am\u00e9liorer le bien-\u00eatre g\u00e9n\u00e9ral.<\/p>\n<\/li>\n<li class=\"\" data-start=\"1207\" data-end=\"1381\">\n<p class=\"\" data-start=\"1209\" data-end=\"1381\"><strong data-start=\"1209\" data-end=\"1246\">Couche 2 &#8211; Lumi\u00e8re rouge r\u00e9g\u00e9n\u00e9ratrice :<\/strong> La lumi\u00e8re sp\u00e9cialis\u00e9e atteint les tissus et les cellules de surface pour r\u00e9duire l&rsquo;inflammation, r\u00e9habiliter les tissus musculaires et soulager les douleurs lombaires.<\/p>\n<\/li>\n<li class=\"\" data-start=\"1382\" data-end=\"1533\">\n<p class=\"\" data-start=\"1384\" data-end=\"1533\"><strong data-start=\"1384\" data-end=\"1425\">Couche 3 &#8211; Proche infrarouge rajeunissant :<\/strong> Les ondes lumineuses infrarouges p\u00e9n\u00e8trent profond\u00e9ment dans les tissus musculaires du bas du dos pour am\u00e9liorer l&rsquo;amplitude des mouvements et soulager la douleur.<\/p>\n<\/li>\n<\/ul>\n<p><strong data-start=\"61\" data-end=\"72\">Volume :<\/strong> 360 gal \/ 1363 L<br data-start=\"89\" data-end=\"92\"><strong data-start=\"92\" data-end=\"107\">Poids \u00e0 sec :<\/strong> 822 lb \/ 373 kg<br data-start=\"123\" data-end=\"126\"><strong data-start=\"126\" data-end=\"141\" data-is-only-node=\"\">Total Jets :<\/strong> 45<br data-start=\"144\" data-end=\"147\"><strong data-start=\"147\" data-end=\"158\">Pompe 1 :<\/strong> 1 vitesse, 2,0 HP en continu<br data-start=\"185\" data-end=\"188\"><strong data-start=\"188\" data-end=\"199\">Pompe 2 :<\/strong> 1 vitesse, 2,0 HP en continu<br data-start=\"226\" data-end=\"229\"><strong data-start=\"229\" data-end=\"250\">Pompe de circulation :<\/strong> Oui<br \/>\n<strong data-start=\"61\" data-end=\"77\">Hauteur (cm) :<\/strong> 95.25<br data-start=\"83\" data-end=\"86\"><strong data-start=\"86\" data-end=\"102\">Longueur (cm) :<\/strong> 213.5<br data-start=\"108\" data-end=\"111\"><strong data-start=\"111\" data-end=\"126\" data-is-only-node=\"\">Largeur (cm) :<\/strong> 213.5<br data-start=\"132\" data-end=\"135\"><strong data-start=\"135\" data-end=\"165\">Poids du spa \u00e0 pleine charge (kg) :<\/strong> 1735.0<br data-start=\"202\" data-end=\"205\"><strong data-start=\"205\" data-end=\"235\">Capacit\u00e9 moyenne (litres) :<\/strong> 360.0<\/p>\n","protected":false},"featured_media":53366,"comment_status":"open","ping_status":"closed","template":"","meta":[],"product_brand":[4998],"product_cat":[6832,4716],"product_tag":[],"class_list":{"0":"post-53584","1":"product","2":"type-product","3":"status-publish","4":"has-post-thumbnail","6":"product_brand-la-villa","7":"product_cat-outdoor-fr","8":"product_cat-jacuzzi-fr","10":"first","11":"instock","12":"taxable","13":"shipping-taxable","14":"purchasable","15":"product-type-variable"},"yoast_head":"<!-- This site is optimized with the Yoast SEO plugin v27.1.1 - https:\/\/yoast.com\/product\/yoast-seo-wordpress\/ -->\n<title>Jacuzzi SPA J-435 - La Villa Garden&amp;Design<\/title>\n<meta name=\"robots\" content=\"index, follow, max-snippet:-1, max-image-preview:large, max-video-preview:-1\" \/>\n<link rel=\"canonical\" href=\"https:\/\/www.lavillagardendesign.com\/fr\/produit\/jacuzzi-spa-j-435\/\" \/>\n<meta property=\"og:locale\" content=\"fr_FR\" \/>\n<meta property=\"og:type\" content=\"article\" \/>\n<meta property=\"og:title\" content=\"Jacuzzi SPA J-435 - La Villa Garden&amp;Design\" \/>\n<meta property=\"og:description\" content=\"Le design \u00e0 haut dossier offre intimit\u00e9, protection contre les \u00e9l\u00e9ments et une exp\u00e9rience d&#039;hydromassage ultime.Id\u00e9ale pour les athl\u00e8tes ou toute personne ayant les jambes fatigu\u00e9es, la chaise longue th\u00e9rapeutique offre un massage unique pour soulager le stress g\u00e9n\u00e9ral, avec des jets pour les poignets et un ensemble complet de jets pour les jambes. Deux si\u00e8ges relaxants, dont l&#039;un avec des jets, offrent la possibilit\u00e9 de profiter de l&#039;exp\u00e9rience du spa sans immersion totale. Quick ViewId\u00e9al pour : Couples, coureurs, athl\u00e8tes, personnes ayant les jambes et les pieds fatigu\u00e9sPlaces assises : 5-6Caract\u00e9ristiques principales : Si\u00e8ge th\u00e9rapeutique, encombrement r\u00e9duitCaract\u00e9ristiques exclusives : Hydromassage personnalis\u00e9 dans chaque si\u00e8ge, th\u00e9rapie par lumi\u00e8re rouge et proche infrarougeNombre de jets : 47 Trois niveaux de relaxation incroyable, plus la puissance de la technologie infrarouge.\u00c9levez votre exp\u00e9rience de relaxation. Nous sommes la premi\u00e8re et la seule marque \u00e0 proposer des th\u00e9rapies par lumi\u00e8re rouge et proche infrarouge, garantissant un niveau de rajeunissement que vous n&#039;avez jamais ressenti auparavant - le tout en appuyant sur un bouton.    Couche 1 - Hydroth\u00e9rapie apaisante : Les jets PowerPro\u00ae de Jacuzzi\u00ae de premi\u00e8re qualit\u00e9 procurent un massage au niveau de la peau pour r\u00e9duire le stress, favoriser la r\u00e9cup\u00e9ration musculaire et am\u00e9liorer le bien-\u00eatre g\u00e9n\u00e9ral.   Couche 2 - Lumi\u00e8re rouge r\u00e9g\u00e9n\u00e9ratrice : La lumi\u00e8re sp\u00e9cialis\u00e9e atteint les tissus et les cellules de surface pour r\u00e9duire l&#039;inflammation, r\u00e9habiliter les tissus musculaires et soulager les douleurs lombaires.   Couche 3 - Proche infrarouge rajeunissant : Les ondes lumineuses infrarouges p\u00e9n\u00e8trent profond\u00e9ment dans les tissus musculaires du bas du dos pour am\u00e9liorer l&#039;amplitude des mouvements et soulager la douleur.  Volume : 360 gal \/ 1363 LPoids \u00e0 sec : 822 lb \/ 373 kgTotal Jets : 45Pompe 1 : 1 vitesse, 2,0 HP en continuPompe 2 : 1 vitesse, 2,0 HP en continuPompe de circulation : Oui Hauteur (cm) : 95.25Longueur (cm) : 213.5Largeur (cm) : 213.5Poids du spa \u00e0 pleine charge (kg) : 1735.0Capacit\u00e9 moyenne (litres) : 360.0\" \/>\n<meta property=\"og:url\" content=\"https:\/\/www.lavillagardendesign.com\/fr\/produit\/jacuzzi-spa-j-435\/\" \/>\n<meta property=\"og:site_name\" content=\"La Villa Garden&amp;Design\" \/>\n<meta property=\"article:publisher\" content=\"https:\/\/www.facebook.com\/lavillagardendesign\/\" \/>\n<meta property=\"og:image\" content=\"https:\/\/www.lavillagardendesign.com\/wp-content\/uploads\/2025\/04\/JHT_J435_Lifestyle.jpg\" \/>\n\t<meta property=\"og:image:width\" content=\"1000\" \/>\n\t<meta property=\"og:image:height\" content=\"1000\" \/>\n\t<meta property=\"og:image:type\" content=\"image\/jpeg\" \/>\n<meta name=\"twitter:card\" content=\"summary_large_image\" \/>\n<script type=\"application\/ld+json\" class=\"yoast-schema-graph\">{\"@context\":\"https:\/\/schema.org\",\"@graph\":[{\"@type\":\"WebPage\",\"@id\":\"https:\/\/www.lavillagardendesign.com\/fr\/produit\/jacuzzi-spa-j-435\/\",\"url\":\"https:\/\/www.lavillagardendesign.com\/fr\/produit\/jacuzzi-spa-j-435\/\",\"name\":\"Jacuzzi SPA J-435 - La Villa Garden&amp;Design\",\"isPartOf\":{\"@id\":\"https:\/\/www.lavillagardendesign.com\/#website\"},\"primaryImageOfPage\":{\"@id\":\"https:\/\/www.lavillagardendesign.com\/fr\/produit\/jacuzzi-spa-j-435\/#primaryimage\"},\"image\":{\"@id\":\"https:\/\/www.lavillagardendesign.com\/fr\/produit\/jacuzzi-spa-j-435\/#primaryimage\"},\"thumbnailUrl\":\"https:\/\/www.lavillagardendesign.com\/wp-content\/uploads\/2025\/04\/JHT_J435_Lifestyle.jpg\",\"datePublished\":\"2025-04-27T10:18:28+00:00\",\"breadcrumb\":{\"@id\":\"https:\/\/www.lavillagardendesign.com\/fr\/produit\/jacuzzi-spa-j-435\/#breadcrumb\"},\"inLanguage\":\"fr-FR\",\"potentialAction\":[{\"@type\":\"ReadAction\",\"target\":[\"https:\/\/www.lavillagardendesign.com\/fr\/produit\/jacuzzi-spa-j-435\/\"]}]},{\"@type\":\"ImageObject\",\"inLanguage\":\"fr-FR\",\"@id\":\"https:\/\/www.lavillagardendesign.com\/fr\/produit\/jacuzzi-spa-j-435\/#primaryimage\",\"url\":\"https:\/\/www.lavillagardendesign.com\/wp-content\/uploads\/2025\/04\/JHT_J435_Lifestyle.jpg\",\"contentUrl\":\"https:\/\/www.lavillagardendesign.com\/wp-content\/uploads\/2025\/04\/JHT_J435_Lifestyle.jpg\",\"width\":1000,\"height\":1000},{\"@type\":\"BreadcrumbList\",\"@id\":\"https:\/\/www.lavillagardendesign.com\/fr\/produit\/jacuzzi-spa-j-435\/#breadcrumb\",\"itemListElement\":[{\"@type\":\"ListItem\",\"position\":1,\"name\":\"Home\",\"item\":\"https:\/\/www.lavillagardendesign.com\/\"},{\"@type\":\"ListItem\",\"position\":2,\"name\":\"Boutique\",\"item\":\"https:\/\/www.lavillagardendesign.com\/fr\/boutique\/\"},{\"@type\":\"ListItem\",\"position\":3,\"name\":\"Jacuzzi SPA J-435\"}]},{\"@type\":\"WebSite\",\"@id\":\"https:\/\/www.lavillagardendesign.com\/#website\",\"url\":\"https:\/\/www.lavillagardendesign.com\/\",\"name\":\"La Villa Garden&Design\",\"description\":\"\",\"publisher\":{\"@id\":\"https:\/\/www.lavillagardendesign.com\/#organization\"},\"potentialAction\":[{\"@type\":\"SearchAction\",\"target\":{\"@type\":\"EntryPoint\",\"urlTemplate\":\"https:\/\/www.lavillagardendesign.com\/?s={search_term_string}\"},\"query-input\":{\"@type\":\"PropertyValueSpecification\",\"valueRequired\":true,\"valueName\":\"search_term_string\"}}],\"inLanguage\":\"fr-FR\"},{\"@type\":\"Organization\",\"@id\":\"https:\/\/www.lavillagardendesign.com\/#organization\",\"name\":\"La Villa Garden&Design\",\"url\":\"https:\/\/www.lavillagardendesign.com\/\",\"logo\":{\"@type\":\"ImageObject\",\"inLanguage\":\"fr-FR\",\"@id\":\"https:\/\/www.lavillagardendesign.com\/#\/schema\/logo\/image\/\",\"url\":\"https:\/\/www.lavillagardendesign.com\/wp-content\/uploads\/2024\/04\/logolavilla.png\",\"contentUrl\":\"https:\/\/www.lavillagardendesign.com\/wp-content\/uploads\/2024\/04\/logolavilla.png\",\"width\":682,\"height\":391,\"caption\":\"La Villa Garden&Design\"},\"image\":{\"@id\":\"https:\/\/www.lavillagardendesign.com\/#\/schema\/logo\/image\/\"},\"sameAs\":[\"https:\/\/www.facebook.com\/lavillagardendesign\/\"]}]}<\/script>\n<!-- \/ Yoast SEO plugin. -->","yoast_head_json":{"title":"Jacuzzi SPA J-435 - La Villa Garden&amp;Design","robots":{"index":"index","follow":"follow","max-snippet":"max-snippet:-1","max-image-preview":"max-image-preview:large","max-video-preview":"max-video-preview:-1"},"canonical":"https:\/\/www.lavillagardendesign.com\/fr\/produit\/jacuzzi-spa-j-435\/","og_locale":"fr_FR","og_type":"article","og_title":"Jacuzzi SPA J-435 - La Villa Garden&amp;Design","og_description":"Le design \u00e0 haut dossier offre intimit\u00e9, protection contre les \u00e9l\u00e9ments et une exp\u00e9rience d'hydromassage ultime.Id\u00e9ale pour les athl\u00e8tes ou toute personne ayant les jambes fatigu\u00e9es, la chaise longue th\u00e9rapeutique offre un massage unique pour soulager le stress g\u00e9n\u00e9ral, avec des jets pour les poignets et un ensemble complet de jets pour les jambes. Deux si\u00e8ges relaxants, dont l'un avec des jets, offrent la possibilit\u00e9 de profiter de l'exp\u00e9rience du spa sans immersion totale. Quick ViewId\u00e9al pour : Couples, coureurs, athl\u00e8tes, personnes ayant les jambes et les pieds fatigu\u00e9sPlaces assises : 5-6Caract\u00e9ristiques principales : Si\u00e8ge th\u00e9rapeutique, encombrement r\u00e9duitCaract\u00e9ristiques exclusives : Hydromassage personnalis\u00e9 dans chaque si\u00e8ge, th\u00e9rapie par lumi\u00e8re rouge et proche infrarougeNombre de jets : 47 Trois niveaux de relaxation incroyable, plus la puissance de la technologie infrarouge.\u00c9levez votre exp\u00e9rience de relaxation. Nous sommes la premi\u00e8re et la seule marque \u00e0 proposer des th\u00e9rapies par lumi\u00e8re rouge et proche infrarouge, garantissant un niveau de rajeunissement que vous n'avez jamais ressenti auparavant - le tout en appuyant sur un bouton.    Couche 1 - Hydroth\u00e9rapie apaisante : Les jets PowerPro\u00ae de Jacuzzi\u00ae de premi\u00e8re qualit\u00e9 procurent un massage au niveau de la peau pour r\u00e9duire le stress, favoriser la r\u00e9cup\u00e9ration musculaire et am\u00e9liorer le bien-\u00eatre g\u00e9n\u00e9ral.   Couche 2 - Lumi\u00e8re rouge r\u00e9g\u00e9n\u00e9ratrice : La lumi\u00e8re sp\u00e9cialis\u00e9e atteint les tissus et les cellules de surface pour r\u00e9duire l'inflammation, r\u00e9habiliter les tissus musculaires et soulager les douleurs lombaires.   Couche 3 - Proche infrarouge rajeunissant : Les ondes lumineuses infrarouges p\u00e9n\u00e8trent profond\u00e9ment dans les tissus musculaires du bas du dos pour am\u00e9liorer l'amplitude des mouvements et soulager la douleur.  Volume : 360 gal \/ 1363 LPoids \u00e0 sec : 822 lb \/ 373 kgTotal Jets : 45Pompe 1 : 1 vitesse, 2,0 HP en continuPompe 2 : 1 vitesse, 2,0 HP en continuPompe de circulation : Oui Hauteur (cm) : 95.25Longueur (cm) : 213.5Largeur (cm) : 213.5Poids du spa \u00e0 pleine charge (kg) : 1735.0Capacit\u00e9 moyenne (litres) : 360.0","og_url":"https:\/\/www.lavillagardendesign.com\/fr\/produit\/jacuzzi-spa-j-435\/","og_site_name":"La Villa Garden&amp;Design","article_publisher":"https:\/\/www.facebook.com\/lavillagardendesign\/","og_image":[{"width":1000,"height":1000,"url":"https:\/\/www.lavillagardendesign.com\/wp-content\/uploads\/2025\/04\/JHT_J435_Lifestyle.jpg","type":"image\/jpeg"}],"twitter_card":"summary_large_image","schema":{"@context":"https:\/\/schema.org","@graph":[{"@type":"WebPage","@id":"https:\/\/www.lavillagardendesign.com\/fr\/produit\/jacuzzi-spa-j-435\/","url":"https:\/\/www.lavillagardendesign.com\/fr\/produit\/jacuzzi-spa-j-435\/","name":"Jacuzzi SPA J-435 - La Villa Garden&amp;Design","isPartOf":{"@id":"https:\/\/www.lavillagardendesign.com\/#website"},"primaryImageOfPage":{"@id":"https:\/\/www.lavillagardendesign.com\/fr\/produit\/jacuzzi-spa-j-435\/#primaryimage"},"image":{"@id":"https:\/\/www.lavillagardendesign.com\/fr\/produit\/jacuzzi-spa-j-435\/#primaryimage"},"thumbnailUrl":"https:\/\/www.lavillagardendesign.com\/wp-content\/uploads\/2025\/04\/JHT_J435_Lifestyle.jpg","datePublished":"2025-04-27T10:18:28+00:00","breadcrumb":{"@id":"https:\/\/www.lavillagardendesign.com\/fr\/produit\/jacuzzi-spa-j-435\/#breadcrumb"},"inLanguage":"fr-FR","potentialAction":[{"@type":"ReadAction","target":["https:\/\/www.lavillagardendesign.com\/fr\/produit\/jacuzzi-spa-j-435\/"]}]},{"@type":"ImageObject","inLanguage":"fr-FR","@id":"https:\/\/www.lavillagardendesign.com\/fr\/produit\/jacuzzi-spa-j-435\/#primaryimage","url":"https:\/\/www.lavillagardendesign.com\/wp-content\/uploads\/2025\/04\/JHT_J435_Lifestyle.jpg","contentUrl":"https:\/\/www.lavillagardendesign.com\/wp-content\/uploads\/2025\/04\/JHT_J435_Lifestyle.jpg","width":1000,"height":1000},{"@type":"BreadcrumbList","@id":"https:\/\/www.lavillagardendesign.com\/fr\/produit\/jacuzzi-spa-j-435\/#breadcrumb","itemListElement":[{"@type":"ListItem","position":1,"name":"Home","item":"https:\/\/www.lavillagardendesign.com\/"},{"@type":"ListItem","position":2,"name":"Boutique","item":"https:\/\/www.lavillagardendesign.com\/fr\/boutique\/"},{"@type":"ListItem","position":3,"name":"Jacuzzi SPA J-435"}]},{"@type":"WebSite","@id":"https:\/\/www.lavillagardendesign.com\/#website","url":"https:\/\/www.lavillagardendesign.com\/","name":"La Villa Garden&Design","description":"","publisher":{"@id":"https:\/\/www.lavillagardendesign.com\/#organization"},"potentialAction":[{"@type":"SearchAction","target":{"@type":"EntryPoint","urlTemplate":"https:\/\/www.lavillagardendesign.com\/?s={search_term_string}"},"query-input":{"@type":"PropertyValueSpecification","valueRequired":true,"valueName":"search_term_string"}}],"inLanguage":"fr-FR"},{"@type":"Organization","@id":"https:\/\/www.lavillagardendesign.com\/#organization","name":"La Villa Garden&Design","url":"https:\/\/www.lavillagardendesign.com\/","logo":{"@type":"ImageObject","inLanguage":"fr-FR","@id":"https:\/\/www.lavillagardendesign.com\/#\/schema\/logo\/image\/","url":"https:\/\/www.lavillagardendesign.com\/wp-content\/uploads\/2024\/04\/logolavilla.png","contentUrl":"https:\/\/www.lavillagardendesign.com\/wp-content\/uploads\/2024\/04\/logolavilla.png","width":682,"height":391,"caption":"La Villa Garden&Design"},"image":{"@id":"https:\/\/www.lavillagardendesign.com\/#\/schema\/logo\/image\/"},"sameAs":["https:\/\/www.facebook.com\/lavillagardendesign\/"]}]}},"_links":{"self":[{"href":"https:\/\/www.lavillagardendesign.com\/fr\/wp-json\/wp\/v2\/product\/53584","targetHints":{"allow":["GET"]}}],"collection":[{"href":"https:\/\/www.lavillagardendesign.com\/fr\/wp-json\/wp\/v2\/product"}],"about":[{"href":"https:\/\/www.lavillagardendesign.com\/fr\/wp-json\/wp\/v2\/types\/product"}],"replies":[{"embeddable":true,"href":"https:\/\/www.lavillagardendesign.com\/fr\/wp-json\/wp\/v2\/comments?post=53584"}],"version-history":[{"count":0,"href":"https:\/\/www.lavillagardendesign.com\/fr\/wp-json\/wp\/v2\/product\/53584\/revisions"}],"wp:featuredmedia":[{"embeddable":true,"href":"https:\/\/www.lavillagardendesign.com\/fr\/wp-json\/wp\/v2\/media\/53366"}],"wp:attachment":[{"href":"https:\/\/www.lavillagardendesign.com\/fr\/wp-json\/wp\/v2\/media?parent=53584"}],"wp:term":[{"taxonomy":"product_brand","embeddable":true,"href":"https:\/\/www.lavillagardendesign.com\/fr\/wp-json\/wp\/v2\/product_brand?post=53584"},{"taxonomy":"product_cat","embeddable":true,"href":"https:\/\/www.lavillagardendesign.com\/fr\/wp-json\/wp\/v2\/product_cat?post=53584"},{"taxonomy":"product_tag","embeddable":true,"href":"https:\/\/www.lavillagardendesign.com\/fr\/wp-json\/wp\/v2\/product_tag?post=53584"}],"curies":[{"name":"wp","href":"https:\/\/api.w.org\/{rel}","templated":true}]}}