{"id":53532,"date":"2025-04-27T11:28:46","date_gmt":"2025-04-27T10:28:46","guid":{"rendered":"https:\/\/www.lavillagardendesign.com\/product\/jacuzzi-spa-j-375\/"},"modified":"2025-04-27T11:28:46","modified_gmt":"2025-04-27T09:28:46","slug":"jacuzzi-spa-j-375","status":"publish","type":"product","link":"https:\/\/www.lavillagardendesign.com\/fr\/product\/jacuzzi-spa-j-375\/","title":{"rendered":"Jacuzzi SPA J-375"},"content":{"rendered":"","protected":false},"excerpt":{"rendered":"<p class=\"\" data-start=\"61\" data-end=\"536\"><strong data-start=\"61\" data-end=\"213\">Avec six options de si\u00e8ges, le spacieux spa J-375\u2122 offre une vari\u00e9t\u00e9 de choix, d&rsquo;une chaise longue pour tout le corps \u00e0 des si\u00e8ges th\u00e9rapeutiques ergonomiques.<\/strong><br data-start=\"213\" data-end=\"216\">C&rsquo;est le plus grand mod\u00e8le de chaise longue de la collection. Il est \u00e9quip\u00e9 de jets PowerPro\u00ae et comprend un coussin d&rsquo;hydromassage HydroSoothe\u2122 sans \u00e9claboussures. Il est \u00e9galement livr\u00e9 avec une chaise longue ProAir\u2122 pour tout le corps.<br data-start=\"400\" data-end=\"403\">Ce mod\u00e8le se distingue par ses armoires ProFinish\u2122 et son \u00e9clairage d&rsquo;accentuation d&rsquo;angle en option. Il offre \u00e9galement un panneau de commande facile \u00e0 utiliser.   <\/p>\n<p class=\"\" data-start=\"538\" data-end=\"559\"><strong data-start=\"538\" data-end=\"557\">Sp\u00e9cifications :<\/strong><\/p>\n<ul data-start=\"560\" data-end=\"961\">\n<li class=\"\" data-start=\"560\" data-end=\"592\">\n<p class=\"\" data-start=\"562\" data-end=\"592\"><strong data-start=\"562\" data-end=\"573\">Volume :<\/strong> 445 gal \/ 1685 L<\/p>\n<\/li>\n<li class=\"\" data-start=\"593\" data-end=\"628\">\n<p class=\"\" data-start=\"595\" data-end=\"628\"><strong data-start=\"595\" data-end=\"610\">Poids \u00e0 sec :<\/strong> 830 lb \/ 376 kg<\/p>\n<\/li>\n<li class=\"\" data-start=\"629\" data-end=\"651\">\n<p class=\"\" data-start=\"631\" data-end=\"651\"><strong data-start=\"631\" data-end=\"646\">Total Jets :<\/strong> 52<\/p>\n<\/li>\n<li class=\"\" data-start=\"652\" data-end=\"694\">\n<p class=\"\" data-start=\"654\" data-end=\"694\"><strong data-start=\"654\" data-end=\"665\">Pompe 1 :<\/strong> 1 vitesse, 2,0 HP en continu<\/p>\n<\/li>\n<li class=\"\" data-start=\"695\" data-end=\"737\">\n<p class=\"\" data-start=\"697\" data-end=\"737\"><strong data-start=\"697\" data-end=\"708\">Pompe 2 :<\/strong> 1 vitesse, 2,0 HP en continu<\/p>\n<\/li>\n<li class=\"\" data-start=\"738\" data-end=\"767\">\n<p class=\"\" data-start=\"740\" data-end=\"767\"><strong data-start=\"740\" data-end=\"761\">Pompe de circulation :<\/strong> Oui<\/p>\n<\/li>\n<li class=\"\" data-start=\"768\" data-end=\"794\">\n<p class=\"\" data-start=\"770\" data-end=\"794\"><strong data-start=\"770\" data-end=\"786\">Hauteur (cm) :<\/strong> 95.25<\/p>\n<\/li>\n<li class=\"\" data-start=\"795\" data-end=\"821\">\n<p class=\"\" data-start=\"797\" data-end=\"821\"><strong data-start=\"797\" data-end=\"813\">Longueur (cm) :<\/strong> 231.0<\/p>\n<\/li>\n<li class=\"\" data-start=\"822\" data-end=\"847\">\n<p class=\"\" data-start=\"824\" data-end=\"847\"><strong data-start=\"824\" data-end=\"839\">Largeur (cm) :<\/strong> 231.0<\/p>\n<\/li>\n<li class=\"\" data-start=\"848\" data-end=\"889\">\n<p class=\"\" data-start=\"850\" data-end=\"889\"><strong data-start=\"850\" data-end=\"880\">Poids du spa \u00e0 pleine charge (kg) :<\/strong> 2060.0<\/p>\n<\/li>\n<li class=\"\" data-start=\"890\" data-end=\"921\">\n<p class=\"\" data-start=\"892\" data-end=\"921\"><strong data-start=\"892\" data-end=\"912\">Volume (litres) :<\/strong> 1685.0<\/p>\n<\/li>\n<li class=\"\" data-start=\"922\" data-end=\"961\">\n<p class=\"\" data-start=\"924\" data-end=\"961\"><strong data-start=\"924\" data-end=\"954\">Capacit\u00e9 moyenne (litres) :<\/strong> 2196.0<\/p>\n<\/li>\n<\/ul>\n","protected":false},"featured_media":53416,"comment_status":"open","ping_status":"closed","template":"","meta":[],"product_brand":[4998],"product_cat":[6832,4716],"product_tag":[],"class_list":{"0":"post-53532","1":"product","2":"type-product","3":"status-publish","4":"has-post-thumbnail","6":"product_brand-la-villa","7":"product_cat-outdoor-fr","8":"product_cat-jacuzzi-fr","10":"first","11":"instock","12":"taxable","13":"shipping-taxable","14":"purchasable","15":"product-type-variable"},"yoast_head":"<!-- This site is optimized with the Yoast SEO plugin v27.1.1 - https:\/\/yoast.com\/product\/yoast-seo-wordpress\/ -->\n<title>Jacuzzi SPA J-375 - La Villa Garden&amp;Design<\/title>\n<meta name=\"robots\" content=\"index, follow, max-snippet:-1, max-image-preview:large, max-video-preview:-1\" \/>\n<link rel=\"canonical\" href=\"https:\/\/www.lavillagardendesign.com\/fr\/produit\/jacuzzi-spa-j-375\/\" \/>\n<meta property=\"og:locale\" content=\"fr_FR\" \/>\n<meta property=\"og:type\" content=\"article\" \/>\n<meta property=\"og:title\" content=\"Jacuzzi SPA J-375 - La Villa Garden&amp;Design\" \/>\n<meta property=\"og:description\" content=\"Avec six options de si\u00e8ges, le spacieux spa J-375\u2122 offre une vari\u00e9t\u00e9 de choix, d&#039;une chaise longue pour tout le corps \u00e0 des si\u00e8ges th\u00e9rapeutiques ergonomiques.C&#039;est le plus grand mod\u00e8le de chaise longue de la collection. Il est \u00e9quip\u00e9 de jets PowerPro\u00ae et comprend un coussin d&#039;hydromassage HydroSoothe\u2122 sans \u00e9claboussures. Il est \u00e9galement livr\u00e9 avec une chaise longue ProAir\u2122 pour tout le corps.Ce mod\u00e8le se distingue par ses armoires ProFinish\u2122 et son \u00e9clairage d&#039;accentuation d&#039;angle en option. Il offre \u00e9galement un panneau de commande facile \u00e0 utiliser.  Sp\u00e9cifications :   Volume : 445 gal \/ 1685 L   Poids \u00e0 sec : 830 lb \/ 376 kg   Total Jets : 52   Pompe 1 : 1 vitesse, 2,0 HP en continu   Pompe 2 : 1 vitesse, 2,0 HP en continu   Pompe de circulation : Oui   Hauteur (cm) : 95.25   Longueur (cm) : 231.0   Largeur (cm) : 231.0   Poids du spa \u00e0 pleine charge (kg) : 2060.0   Volume (litres) : 1685.0   Capacit\u00e9 moyenne (litres) : 2196.0\" \/>\n<meta property=\"og:url\" content=\"https:\/\/www.lavillagardendesign.com\/fr\/produit\/jacuzzi-spa-j-375\/\" \/>\n<meta property=\"og:site_name\" content=\"La Villa Garden&amp;Design\" \/>\n<meta property=\"article:publisher\" content=\"https:\/\/www.facebook.com\/lavillagardendesign\/\" \/>\n<meta property=\"og:image\" content=\"https:\/\/www.lavillagardendesign.com\/wp-content\/uploads\/2025\/04\/10.jpg\" \/>\n\t<meta property=\"og:image:width\" content=\"800\" \/>\n\t<meta property=\"og:image:height\" content=\"800\" \/>\n\t<meta property=\"og:image:type\" content=\"image\/jpeg\" \/>\n<meta name=\"twitter:card\" content=\"summary_large_image\" \/>\n<script type=\"application\/ld+json\" class=\"yoast-schema-graph\">{\"@context\":\"https:\/\/schema.org\",\"@graph\":[{\"@type\":\"WebPage\",\"@id\":\"https:\/\/www.lavillagardendesign.com\/fr\/produit\/jacuzzi-spa-j-375\/\",\"url\":\"https:\/\/www.lavillagardendesign.com\/fr\/produit\/jacuzzi-spa-j-375\/\",\"name\":\"Jacuzzi SPA J-375 - La Villa Garden&amp;Design\",\"isPartOf\":{\"@id\":\"https:\/\/www.lavillagardendesign.com\/#website\"},\"primaryImageOfPage\":{\"@id\":\"https:\/\/www.lavillagardendesign.com\/fr\/produit\/jacuzzi-spa-j-375\/#primaryimage\"},\"image\":{\"@id\":\"https:\/\/www.lavillagardendesign.com\/fr\/produit\/jacuzzi-spa-j-375\/#primaryimage\"},\"thumbnailUrl\":\"https:\/\/www.lavillagardendesign.com\/wp-content\/uploads\/2025\/04\/10.jpg\",\"datePublished\":\"2025-04-27T10:28:46+00:00\",\"breadcrumb\":{\"@id\":\"https:\/\/www.lavillagardendesign.com\/fr\/produit\/jacuzzi-spa-j-375\/#breadcrumb\"},\"inLanguage\":\"fr-FR\",\"potentialAction\":[{\"@type\":\"ReadAction\",\"target\":[\"https:\/\/www.lavillagardendesign.com\/fr\/produit\/jacuzzi-spa-j-375\/\"]}]},{\"@type\":\"ImageObject\",\"inLanguage\":\"fr-FR\",\"@id\":\"https:\/\/www.lavillagardendesign.com\/fr\/produit\/jacuzzi-spa-j-375\/#primaryimage\",\"url\":\"https:\/\/www.lavillagardendesign.com\/wp-content\/uploads\/2025\/04\/10.jpg\",\"contentUrl\":\"https:\/\/www.lavillagardendesign.com\/wp-content\/uploads\/2025\/04\/10.jpg\",\"width\":800,\"height\":800},{\"@type\":\"BreadcrumbList\",\"@id\":\"https:\/\/www.lavillagardendesign.com\/fr\/produit\/jacuzzi-spa-j-375\/#breadcrumb\",\"itemListElement\":[{\"@type\":\"ListItem\",\"position\":1,\"name\":\"Home\",\"item\":\"https:\/\/www.lavillagardendesign.com\/\"},{\"@type\":\"ListItem\",\"position\":2,\"name\":\"Boutique\",\"item\":\"https:\/\/www.lavillagardendesign.com\/fr\/boutique\/\"},{\"@type\":\"ListItem\",\"position\":3,\"name\":\"Jacuzzi SPA J-375\"}]},{\"@type\":\"WebSite\",\"@id\":\"https:\/\/www.lavillagardendesign.com\/#website\",\"url\":\"https:\/\/www.lavillagardendesign.com\/\",\"name\":\"La Villa Garden&Design\",\"description\":\"\",\"publisher\":{\"@id\":\"https:\/\/www.lavillagardendesign.com\/#organization\"},\"potentialAction\":[{\"@type\":\"SearchAction\",\"target\":{\"@type\":\"EntryPoint\",\"urlTemplate\":\"https:\/\/www.lavillagardendesign.com\/?s={search_term_string}\"},\"query-input\":{\"@type\":\"PropertyValueSpecification\",\"valueRequired\":true,\"valueName\":\"search_term_string\"}}],\"inLanguage\":\"fr-FR\"},{\"@type\":\"Organization\",\"@id\":\"https:\/\/www.lavillagardendesign.com\/#organization\",\"name\":\"La Villa Garden&Design\",\"url\":\"https:\/\/www.lavillagardendesign.com\/\",\"logo\":{\"@type\":\"ImageObject\",\"inLanguage\":\"fr-FR\",\"@id\":\"https:\/\/www.lavillagardendesign.com\/#\/schema\/logo\/image\/\",\"url\":\"https:\/\/www.lavillagardendesign.com\/wp-content\/uploads\/2024\/04\/logolavilla.png\",\"contentUrl\":\"https:\/\/www.lavillagardendesign.com\/wp-content\/uploads\/2024\/04\/logolavilla.png\",\"width\":682,\"height\":391,\"caption\":\"La Villa Garden&Design\"},\"image\":{\"@id\":\"https:\/\/www.lavillagardendesign.com\/#\/schema\/logo\/image\/\"},\"sameAs\":[\"https:\/\/www.facebook.com\/lavillagardendesign\/\"]}]}<\/script>\n<!-- \/ Yoast SEO plugin. -->","yoast_head_json":{"title":"Jacuzzi SPA J-375 - La Villa Garden&amp;Design","robots":{"index":"index","follow":"follow","max-snippet":"max-snippet:-1","max-image-preview":"max-image-preview:large","max-video-preview":"max-video-preview:-1"},"canonical":"https:\/\/www.lavillagardendesign.com\/fr\/produit\/jacuzzi-spa-j-375\/","og_locale":"fr_FR","og_type":"article","og_title":"Jacuzzi SPA J-375 - La Villa Garden&amp;Design","og_description":"Avec six options de si\u00e8ges, le spacieux spa J-375\u2122 offre une vari\u00e9t\u00e9 de choix, d'une chaise longue pour tout le corps \u00e0 des si\u00e8ges th\u00e9rapeutiques ergonomiques.C'est le plus grand mod\u00e8le de chaise longue de la collection. Il est \u00e9quip\u00e9 de jets PowerPro\u00ae et comprend un coussin d'hydromassage HydroSoothe\u2122 sans \u00e9claboussures. Il est \u00e9galement livr\u00e9 avec une chaise longue ProAir\u2122 pour tout le corps.Ce mod\u00e8le se distingue par ses armoires ProFinish\u2122 et son \u00e9clairage d'accentuation d'angle en option. Il offre \u00e9galement un panneau de commande facile \u00e0 utiliser.  Sp\u00e9cifications :   Volume : 445 gal \/ 1685 L   Poids \u00e0 sec : 830 lb \/ 376 kg   Total Jets : 52   Pompe 1 : 1 vitesse, 2,0 HP en continu   Pompe 2 : 1 vitesse, 2,0 HP en continu   Pompe de circulation : Oui   Hauteur (cm) : 95.25   Longueur (cm) : 231.0   Largeur (cm) : 231.0   Poids du spa \u00e0 pleine charge (kg) : 2060.0   Volume (litres) : 1685.0   Capacit\u00e9 moyenne (litres) : 2196.0","og_url":"https:\/\/www.lavillagardendesign.com\/fr\/produit\/jacuzzi-spa-j-375\/","og_site_name":"La Villa Garden&amp;Design","article_publisher":"https:\/\/www.facebook.com\/lavillagardendesign\/","og_image":[{"width":800,"height":800,"url":"https:\/\/www.lavillagardendesign.com\/wp-content\/uploads\/2025\/04\/10.jpg","type":"image\/jpeg"}],"twitter_card":"summary_large_image","schema":{"@context":"https:\/\/schema.org","@graph":[{"@type":"WebPage","@id":"https:\/\/www.lavillagardendesign.com\/fr\/produit\/jacuzzi-spa-j-375\/","url":"https:\/\/www.lavillagardendesign.com\/fr\/produit\/jacuzzi-spa-j-375\/","name":"Jacuzzi SPA J-375 - La Villa Garden&amp;Design","isPartOf":{"@id":"https:\/\/www.lavillagardendesign.com\/#website"},"primaryImageOfPage":{"@id":"https:\/\/www.lavillagardendesign.com\/fr\/produit\/jacuzzi-spa-j-375\/#primaryimage"},"image":{"@id":"https:\/\/www.lavillagardendesign.com\/fr\/produit\/jacuzzi-spa-j-375\/#primaryimage"},"thumbnailUrl":"https:\/\/www.lavillagardendesign.com\/wp-content\/uploads\/2025\/04\/10.jpg","datePublished":"2025-04-27T10:28:46+00:00","breadcrumb":{"@id":"https:\/\/www.lavillagardendesign.com\/fr\/produit\/jacuzzi-spa-j-375\/#breadcrumb"},"inLanguage":"fr-FR","potentialAction":[{"@type":"ReadAction","target":["https:\/\/www.lavillagardendesign.com\/fr\/produit\/jacuzzi-spa-j-375\/"]}]},{"@type":"ImageObject","inLanguage":"fr-FR","@id":"https:\/\/www.lavillagardendesign.com\/fr\/produit\/jacuzzi-spa-j-375\/#primaryimage","url":"https:\/\/www.lavillagardendesign.com\/wp-content\/uploads\/2025\/04\/10.jpg","contentUrl":"https:\/\/www.lavillagardendesign.com\/wp-content\/uploads\/2025\/04\/10.jpg","width":800,"height":800},{"@type":"BreadcrumbList","@id":"https:\/\/www.lavillagardendesign.com\/fr\/produit\/jacuzzi-spa-j-375\/#breadcrumb","itemListElement":[{"@type":"ListItem","position":1,"name":"Home","item":"https:\/\/www.lavillagardendesign.com\/"},{"@type":"ListItem","position":2,"name":"Boutique","item":"https:\/\/www.lavillagardendesign.com\/fr\/boutique\/"},{"@type":"ListItem","position":3,"name":"Jacuzzi SPA J-375"}]},{"@type":"WebSite","@id":"https:\/\/www.lavillagardendesign.com\/#website","url":"https:\/\/www.lavillagardendesign.com\/","name":"La Villa Garden&Design","description":"","publisher":{"@id":"https:\/\/www.lavillagardendesign.com\/#organization"},"potentialAction":[{"@type":"SearchAction","target":{"@type":"EntryPoint","urlTemplate":"https:\/\/www.lavillagardendesign.com\/?s={search_term_string}"},"query-input":{"@type":"PropertyValueSpecification","valueRequired":true,"valueName":"search_term_string"}}],"inLanguage":"fr-FR"},{"@type":"Organization","@id":"https:\/\/www.lavillagardendesign.com\/#organization","name":"La Villa Garden&Design","url":"https:\/\/www.lavillagardendesign.com\/","logo":{"@type":"ImageObject","inLanguage":"fr-FR","@id":"https:\/\/www.lavillagardendesign.com\/#\/schema\/logo\/image\/","url":"https:\/\/www.lavillagardendesign.com\/wp-content\/uploads\/2024\/04\/logolavilla.png","contentUrl":"https:\/\/www.lavillagardendesign.com\/wp-content\/uploads\/2024\/04\/logolavilla.png","width":682,"height":391,"caption":"La Villa Garden&Design"},"image":{"@id":"https:\/\/www.lavillagardendesign.com\/#\/schema\/logo\/image\/"},"sameAs":["https:\/\/www.facebook.com\/lavillagardendesign\/"]}]}},"_links":{"self":[{"href":"https:\/\/www.lavillagardendesign.com\/fr\/wp-json\/wp\/v2\/product\/53532","targetHints":{"allow":["GET"]}}],"collection":[{"href":"https:\/\/www.lavillagardendesign.com\/fr\/wp-json\/wp\/v2\/product"}],"about":[{"href":"https:\/\/www.lavillagardendesign.com\/fr\/wp-json\/wp\/v2\/types\/product"}],"replies":[{"embeddable":true,"href":"https:\/\/www.lavillagardendesign.com\/fr\/wp-json\/wp\/v2\/comments?post=53532"}],"version-history":[{"count":0,"href":"https:\/\/www.lavillagardendesign.com\/fr\/wp-json\/wp\/v2\/product\/53532\/revisions"}],"wp:featuredmedia":[{"embeddable":true,"href":"https:\/\/www.lavillagardendesign.com\/fr\/wp-json\/wp\/v2\/media\/53416"}],"wp:attachment":[{"href":"https:\/\/www.lavillagardendesign.com\/fr\/wp-json\/wp\/v2\/media?parent=53532"}],"wp:term":[{"taxonomy":"product_brand","embeddable":true,"href":"https:\/\/www.lavillagardendesign.com\/fr\/wp-json\/wp\/v2\/product_brand?post=53532"},{"taxonomy":"product_cat","embeddable":true,"href":"https:\/\/www.lavillagardendesign.com\/fr\/wp-json\/wp\/v2\/product_cat?post=53532"},{"taxonomy":"product_tag","embeddable":true,"href":"https:\/\/www.lavillagardendesign.com\/fr\/wp-json\/wp\/v2\/product_tag?post=53532"}],"curies":[{"name":"wp","href":"https:\/\/api.w.org\/{rel}","templated":true}]}}