{"id":53530,"date":"2025-04-27T11:59:35","date_gmt":"2025-04-27T10:59:35","guid":{"rendered":"https:\/\/www.lavillagardendesign.com\/product\/jacuzzi-spa-j-lxl\/"},"modified":"2025-04-27T11:59:35","modified_gmt":"2025-04-27T09:59:35","slug":"jacuzzi-spa-j-lxl","status":"publish","type":"product","link":"https:\/\/www.lavillagardendesign.com\/fr\/product\/jacuzzi-spa-j-lxl\/","title":{"rendered":"Jacuzzi SPA J-LXL"},"content":{"rendered":"","protected":false},"excerpt":{"rendered":"<p class=\"\" data-start=\"52\" data-end=\"469\"><strong data-start=\"52\" data-end=\"229\">Avec notre th\u00e9rapie infrarouge et lumi\u00e8re rouge en instance de brevet, nous portons l&rsquo;hydroth\u00e9rapie \u00e0 un niveau sup\u00e9rieur et sommes une fois de plus \u00e0 la pointe de l&rsquo;industrie en cr\u00e9ant l&rsquo;exp\u00e9rience de bien-\u00eatre ultime.<\/strong><br data-start=\"229\" data-end=\"232\">Ce design moderne pr\u00e9sente des caract\u00e9ristiques \u00e9tonnantes, depuis l&rsquo;ext\u00e9rieur \u00e9l\u00e9gant et la cascade \u00e0 d\u00e9bordement jusqu&rsquo;\u00e0 l&rsquo;isolation multicouche pour une efficacit\u00e9 \u00e9nerg\u00e9tique sup\u00e9rieure. Il comprend un si\u00e8ge lounge pour tout le corps, l&rsquo;une des six options d&rsquo;assise ergonomique. <\/p>\n<p class=\"\" data-start=\"471\" data-end=\"808\">Jacuzzi est la premi\u00e8re et la seule marque \u00e0 proposer la th\u00e9rapie par infrarouge et lumi\u00e8re rouge dans une gamme compl\u00e8te de produits de bien-\u00eatre, des saunas aux spas de nage en passant par les jacuzzis. Le si\u00e8ge FX-IR, qui fait ses d\u00e9buts dans la collection J-LX\u00ae, combine l&rsquo;hydroth\u00e9rapie et la th\u00e9rapie par infrarouge et lumi\u00e8re rouge en instance de brevet pour offrir un effet rajeunissant in\u00e9gal\u00e9. <\/p>\n<ul data-start=\"809\" data-end=\"1168\">\n<li class=\"\" data-start=\"809\" data-end=\"928\">\n<p class=\"\" data-start=\"811\" data-end=\"928\">Le si\u00e8ge th\u00e9rapeutique FX-IR associe une puissante hydroth\u00e9rapie \u00e0 une th\u00e9rapie par infrarouge et lumi\u00e8re rouge dans la r\u00e9gion lombaire.<\/p>\n<\/li>\n<li class=\"\" data-start=\"929\" data-end=\"1053\">\n<p class=\"\" data-start=\"931\" data-end=\"1053\">Des jets strat\u00e9giquement plac\u00e9s ciblent des groupes de muscles sp\u00e9cifiques, vous permettant de personnaliser le flux et la sensation de chaque jet.<\/p>\n<\/li>\n<li class=\"\" data-start=\"1054\" data-end=\"1168\">\n<p class=\"\" data-start=\"1056\" data-end=\"1168\">Six options de si\u00e8ges ergonomiques et un si\u00e8ge lounge qui \u00e9pouse les contours du corps pour offrir une exp\u00e9rience des plus relaxantes.<\/p>\n<\/li>\n<\/ul>\n<p class=\"\" data-start=\"1170\" data-end=\"1191\"><strong data-start=\"1170\" data-end=\"1189\">Sp\u00e9cifications :<\/strong><\/p>\n<ul data-start=\"1192\" data-end=\"1495\">\n<li class=\"\" data-start=\"1192\" data-end=\"1224\">\n<p class=\"\" data-start=\"1194\" data-end=\"1224\"><strong data-start=\"1194\" data-end=\"1205\">Volume :<\/strong> 330 gal \/ 1249 L<\/p>\n<\/li>\n<li class=\"\" data-start=\"1225\" data-end=\"1262\">\n<p class=\"\" data-start=\"1227\" data-end=\"1262\"><strong data-start=\"1227\" data-end=\"1242\">Poids \u00e0 sec :<\/strong> 914 lbs \/ 415 kgs<\/p>\n<\/li>\n<li class=\"\" data-start=\"1263\" data-end=\"1285\">\n<p class=\"\" data-start=\"1265\" data-end=\"1285\"><strong data-start=\"1265\" data-end=\"1280\">Total Jets :<\/strong> 39<\/p>\n<\/li>\n<li class=\"\" data-start=\"1286\" data-end=\"1315\">\n<p class=\"\" data-start=\"1288\" data-end=\"1315\"><strong data-start=\"1288\" data-end=\"1309\">Pompe de circulation :<\/strong> Oui<\/p>\n<\/li>\n<li class=\"\" data-start=\"1316\" data-end=\"1342\">\n<p class=\"\" data-start=\"1318\" data-end=\"1342\"><strong data-start=\"1318\" data-end=\"1338\">Vannes de d\u00e9rivation :<\/strong> 1<\/p>\n<\/li>\n<li class=\"\" data-start=\"1343\" data-end=\"1368\">\n<p class=\"\" data-start=\"1345\" data-end=\"1368\"><strong data-start=\"1345\" data-end=\"1361\">Hauteur (cm) :<\/strong> 86.0<\/p>\n<\/li>\n<li class=\"\" data-start=\"1369\" data-end=\"1395\">\n<p class=\"\" data-start=\"1371\" data-end=\"1395\"><strong data-start=\"1371\" data-end=\"1387\">Longueur (cm) :<\/strong> 226.0<\/p>\n<\/li>\n<li class=\"\" data-start=\"1396\" data-end=\"1421\">\n<p class=\"\" data-start=\"1398\" data-end=\"1421\"><strong data-start=\"1398\" data-end=\"1413\">Largeur (cm) :<\/strong> 226.0<\/p>\n<\/li>\n<li class=\"\" data-start=\"1422\" data-end=\"1463\">\n<p class=\"\" data-start=\"1424\" data-end=\"1463\"><strong data-start=\"1424\" data-end=\"1454\">Poids du spa \u00e0 pleine charge (kg) :<\/strong> 2098.0<\/p>\n<\/li>\n<li class=\"\" data-start=\"1464\" data-end=\"1495\">\n<p class=\"\" data-start=\"1466\" data-end=\"1495\"><strong data-start=\"1466\" data-end=\"1486\">Volume (litres) :<\/strong> 1249.0<\/p>\n<\/li>\n<\/ul>\n","protected":false},"featured_media":53489,"comment_status":"open","ping_status":"closed","template":"","meta":[],"product_brand":[4998],"product_cat":[6832,4716],"product_tag":[],"class_list":{"0":"post-53530","1":"product","2":"type-product","3":"status-publish","4":"has-post-thumbnail","6":"product_brand-la-villa","7":"product_cat-outdoor-fr","8":"product_cat-jacuzzi-fr","10":"first","11":"instock","12":"taxable","13":"shipping-taxable","14":"purchasable","15":"product-type-variable"},"yoast_head":"<!-- This site is optimized with the Yoast SEO plugin v27.1.1 - https:\/\/yoast.com\/product\/yoast-seo-wordpress\/ -->\n<title>Jacuzzi SPA J-LXL - La Villa Garden&amp;Design<\/title>\n<meta name=\"robots\" content=\"index, follow, max-snippet:-1, max-image-preview:large, max-video-preview:-1\" \/>\n<link rel=\"canonical\" href=\"https:\/\/www.lavillagardendesign.com\/fr\/produit\/jacuzzi-spa-j-lxl\/\" \/>\n<meta property=\"og:locale\" content=\"fr_FR\" \/>\n<meta property=\"og:type\" content=\"article\" \/>\n<meta property=\"og:title\" content=\"Jacuzzi SPA J-LXL - La Villa Garden&amp;Design\" \/>\n<meta property=\"og:description\" content=\"Avec notre th\u00e9rapie infrarouge et lumi\u00e8re rouge en instance de brevet, nous portons l&#039;hydroth\u00e9rapie \u00e0 un niveau sup\u00e9rieur et sommes une fois de plus \u00e0 la pointe de l&#039;industrie en cr\u00e9ant l&#039;exp\u00e9rience de bien-\u00eatre ultime.Ce design moderne pr\u00e9sente des caract\u00e9ristiques \u00e9tonnantes, depuis l&#039;ext\u00e9rieur \u00e9l\u00e9gant et la cascade \u00e0 d\u00e9bordement jusqu&#039;\u00e0 l&#039;isolation multicouche pour une efficacit\u00e9 \u00e9nerg\u00e9tique sup\u00e9rieure. Il comprend un si\u00e8ge lounge pour tout le corps, l&#039;une des six options d&#039;assise ergonomique. Jacuzzi est la premi\u00e8re et la seule marque \u00e0 proposer la th\u00e9rapie par infrarouge et lumi\u00e8re rouge dans une gamme compl\u00e8te de produits de bien-\u00eatre, des saunas aux spas de nage en passant par les jacuzzis. Le si\u00e8ge FX-IR, qui fait ses d\u00e9buts dans la collection J-LX\u00ae, combine l&#039;hydroth\u00e9rapie et la th\u00e9rapie par infrarouge et lumi\u00e8re rouge en instance de brevet pour offrir un effet rajeunissant in\u00e9gal\u00e9.    Le si\u00e8ge th\u00e9rapeutique FX-IR associe une puissante hydroth\u00e9rapie \u00e0 une th\u00e9rapie par infrarouge et lumi\u00e8re rouge dans la r\u00e9gion lombaire.   Des jets strat\u00e9giquement plac\u00e9s ciblent des groupes de muscles sp\u00e9cifiques, vous permettant de personnaliser le flux et la sensation de chaque jet.   Six options de si\u00e8ges ergonomiques et un si\u00e8ge lounge qui \u00e9pouse les contours du corps pour offrir une exp\u00e9rience des plus relaxantes.  Sp\u00e9cifications :   Volume : 330 gal \/ 1249 L   Poids \u00e0 sec : 914 lbs \/ 415 kgs   Total Jets : 39   Pompe de circulation : Oui   Vannes de d\u00e9rivation : 1   Hauteur (cm) : 86.0   Longueur (cm) : 226.0   Largeur (cm) : 226.0   Poids du spa \u00e0 pleine charge (kg) : 2098.0   Volume (litres) : 1249.0\" \/>\n<meta property=\"og:url\" content=\"https:\/\/www.lavillagardendesign.com\/fr\/produit\/jacuzzi-spa-j-lxl\/\" \/>\n<meta property=\"og:site_name\" content=\"La Villa Garden&amp;Design\" \/>\n<meta property=\"article:publisher\" content=\"https:\/\/www.facebook.com\/lavillagardendesign\/\" \/>\n<meta property=\"og:image\" content=\"https:\/\/www.lavillagardendesign.com\/wp-content\/uploads\/2025\/04\/1-4-1.jpg\" \/>\n\t<meta property=\"og:image:width\" content=\"800\" \/>\n\t<meta property=\"og:image:height\" content=\"800\" \/>\n\t<meta property=\"og:image:type\" content=\"image\/jpeg\" \/>\n<meta name=\"twitter:card\" content=\"summary_large_image\" \/>\n<script type=\"application\/ld+json\" class=\"yoast-schema-graph\">{\"@context\":\"https:\/\/schema.org\",\"@graph\":[{\"@type\":\"WebPage\",\"@id\":\"https:\/\/www.lavillagardendesign.com\/fr\/produit\/jacuzzi-spa-j-lxl\/\",\"url\":\"https:\/\/www.lavillagardendesign.com\/fr\/produit\/jacuzzi-spa-j-lxl\/\",\"name\":\"Jacuzzi SPA J-LXL - La Villa Garden&amp;Design\",\"isPartOf\":{\"@id\":\"https:\/\/www.lavillagardendesign.com\/#website\"},\"primaryImageOfPage\":{\"@id\":\"https:\/\/www.lavillagardendesign.com\/fr\/produit\/jacuzzi-spa-j-lxl\/#primaryimage\"},\"image\":{\"@id\":\"https:\/\/www.lavillagardendesign.com\/fr\/produit\/jacuzzi-spa-j-lxl\/#primaryimage\"},\"thumbnailUrl\":\"https:\/\/www.lavillagardendesign.com\/wp-content\/uploads\/2025\/04\/1-4-1.jpg\",\"datePublished\":\"2025-04-27T10:59:35+00:00\",\"breadcrumb\":{\"@id\":\"https:\/\/www.lavillagardendesign.com\/fr\/produit\/jacuzzi-spa-j-lxl\/#breadcrumb\"},\"inLanguage\":\"fr-FR\",\"potentialAction\":[{\"@type\":\"ReadAction\",\"target\":[\"https:\/\/www.lavillagardendesign.com\/fr\/produit\/jacuzzi-spa-j-lxl\/\"]}]},{\"@type\":\"ImageObject\",\"inLanguage\":\"fr-FR\",\"@id\":\"https:\/\/www.lavillagardendesign.com\/fr\/produit\/jacuzzi-spa-j-lxl\/#primaryimage\",\"url\":\"https:\/\/www.lavillagardendesign.com\/wp-content\/uploads\/2025\/04\/1-4-1.jpg\",\"contentUrl\":\"https:\/\/www.lavillagardendesign.com\/wp-content\/uploads\/2025\/04\/1-4-1.jpg\",\"width\":800,\"height\":800},{\"@type\":\"BreadcrumbList\",\"@id\":\"https:\/\/www.lavillagardendesign.com\/fr\/produit\/jacuzzi-spa-j-lxl\/#breadcrumb\",\"itemListElement\":[{\"@type\":\"ListItem\",\"position\":1,\"name\":\"Home\",\"item\":\"https:\/\/www.lavillagardendesign.com\/\"},{\"@type\":\"ListItem\",\"position\":2,\"name\":\"Boutique\",\"item\":\"https:\/\/www.lavillagardendesign.com\/fr\/boutique\/\"},{\"@type\":\"ListItem\",\"position\":3,\"name\":\"Jacuzzi SPA J-LXL\"}]},{\"@type\":\"WebSite\",\"@id\":\"https:\/\/www.lavillagardendesign.com\/#website\",\"url\":\"https:\/\/www.lavillagardendesign.com\/\",\"name\":\"La Villa Garden&Design\",\"description\":\"\",\"publisher\":{\"@id\":\"https:\/\/www.lavillagardendesign.com\/#organization\"},\"potentialAction\":[{\"@type\":\"SearchAction\",\"target\":{\"@type\":\"EntryPoint\",\"urlTemplate\":\"https:\/\/www.lavillagardendesign.com\/?s={search_term_string}\"},\"query-input\":{\"@type\":\"PropertyValueSpecification\",\"valueRequired\":true,\"valueName\":\"search_term_string\"}}],\"inLanguage\":\"fr-FR\"},{\"@type\":\"Organization\",\"@id\":\"https:\/\/www.lavillagardendesign.com\/#organization\",\"name\":\"La Villa Garden&Design\",\"url\":\"https:\/\/www.lavillagardendesign.com\/\",\"logo\":{\"@type\":\"ImageObject\",\"inLanguage\":\"fr-FR\",\"@id\":\"https:\/\/www.lavillagardendesign.com\/#\/schema\/logo\/image\/\",\"url\":\"https:\/\/www.lavillagardendesign.com\/wp-content\/uploads\/2024\/04\/logolavilla.png\",\"contentUrl\":\"https:\/\/www.lavillagardendesign.com\/wp-content\/uploads\/2024\/04\/logolavilla.png\",\"width\":682,\"height\":391,\"caption\":\"La Villa Garden&Design\"},\"image\":{\"@id\":\"https:\/\/www.lavillagardendesign.com\/#\/schema\/logo\/image\/\"},\"sameAs\":[\"https:\/\/www.facebook.com\/lavillagardendesign\/\"]}]}<\/script>\n<!-- \/ Yoast SEO plugin. -->","yoast_head_json":{"title":"Jacuzzi SPA J-LXL - La Villa Garden&amp;Design","robots":{"index":"index","follow":"follow","max-snippet":"max-snippet:-1","max-image-preview":"max-image-preview:large","max-video-preview":"max-video-preview:-1"},"canonical":"https:\/\/www.lavillagardendesign.com\/fr\/produit\/jacuzzi-spa-j-lxl\/","og_locale":"fr_FR","og_type":"article","og_title":"Jacuzzi SPA J-LXL - La Villa Garden&amp;Design","og_description":"Avec notre th\u00e9rapie infrarouge et lumi\u00e8re rouge en instance de brevet, nous portons l'hydroth\u00e9rapie \u00e0 un niveau sup\u00e9rieur et sommes une fois de plus \u00e0 la pointe de l'industrie en cr\u00e9ant l'exp\u00e9rience de bien-\u00eatre ultime.Ce design moderne pr\u00e9sente des caract\u00e9ristiques \u00e9tonnantes, depuis l'ext\u00e9rieur \u00e9l\u00e9gant et la cascade \u00e0 d\u00e9bordement jusqu'\u00e0 l'isolation multicouche pour une efficacit\u00e9 \u00e9nerg\u00e9tique sup\u00e9rieure. Il comprend un si\u00e8ge lounge pour tout le corps, l'une des six options d'assise ergonomique. Jacuzzi est la premi\u00e8re et la seule marque \u00e0 proposer la th\u00e9rapie par infrarouge et lumi\u00e8re rouge dans une gamme compl\u00e8te de produits de bien-\u00eatre, des saunas aux spas de nage en passant par les jacuzzis. Le si\u00e8ge FX-IR, qui fait ses d\u00e9buts dans la collection J-LX\u00ae, combine l'hydroth\u00e9rapie et la th\u00e9rapie par infrarouge et lumi\u00e8re rouge en instance de brevet pour offrir un effet rajeunissant in\u00e9gal\u00e9.    Le si\u00e8ge th\u00e9rapeutique FX-IR associe une puissante hydroth\u00e9rapie \u00e0 une th\u00e9rapie par infrarouge et lumi\u00e8re rouge dans la r\u00e9gion lombaire.   Des jets strat\u00e9giquement plac\u00e9s ciblent des groupes de muscles sp\u00e9cifiques, vous permettant de personnaliser le flux et la sensation de chaque jet.   Six options de si\u00e8ges ergonomiques et un si\u00e8ge lounge qui \u00e9pouse les contours du corps pour offrir une exp\u00e9rience des plus relaxantes.  Sp\u00e9cifications :   Volume : 330 gal \/ 1249 L   Poids \u00e0 sec : 914 lbs \/ 415 kgs   Total Jets : 39   Pompe de circulation : Oui   Vannes de d\u00e9rivation : 1   Hauteur (cm) : 86.0   Longueur (cm) : 226.0   Largeur (cm) : 226.0   Poids du spa \u00e0 pleine charge (kg) : 2098.0   Volume (litres) : 1249.0","og_url":"https:\/\/www.lavillagardendesign.com\/fr\/produit\/jacuzzi-spa-j-lxl\/","og_site_name":"La Villa Garden&amp;Design","article_publisher":"https:\/\/www.facebook.com\/lavillagardendesign\/","og_image":[{"width":800,"height":800,"url":"https:\/\/www.lavillagardendesign.com\/wp-content\/uploads\/2025\/04\/1-4-1.jpg","type":"image\/jpeg"}],"twitter_card":"summary_large_image","schema":{"@context":"https:\/\/schema.org","@graph":[{"@type":"WebPage","@id":"https:\/\/www.lavillagardendesign.com\/fr\/produit\/jacuzzi-spa-j-lxl\/","url":"https:\/\/www.lavillagardendesign.com\/fr\/produit\/jacuzzi-spa-j-lxl\/","name":"Jacuzzi SPA J-LXL - La Villa Garden&amp;Design","isPartOf":{"@id":"https:\/\/www.lavillagardendesign.com\/#website"},"primaryImageOfPage":{"@id":"https:\/\/www.lavillagardendesign.com\/fr\/produit\/jacuzzi-spa-j-lxl\/#primaryimage"},"image":{"@id":"https:\/\/www.lavillagardendesign.com\/fr\/produit\/jacuzzi-spa-j-lxl\/#primaryimage"},"thumbnailUrl":"https:\/\/www.lavillagardendesign.com\/wp-content\/uploads\/2025\/04\/1-4-1.jpg","datePublished":"2025-04-27T10:59:35+00:00","breadcrumb":{"@id":"https:\/\/www.lavillagardendesign.com\/fr\/produit\/jacuzzi-spa-j-lxl\/#breadcrumb"},"inLanguage":"fr-FR","potentialAction":[{"@type":"ReadAction","target":["https:\/\/www.lavillagardendesign.com\/fr\/produit\/jacuzzi-spa-j-lxl\/"]}]},{"@type":"ImageObject","inLanguage":"fr-FR","@id":"https:\/\/www.lavillagardendesign.com\/fr\/produit\/jacuzzi-spa-j-lxl\/#primaryimage","url":"https:\/\/www.lavillagardendesign.com\/wp-content\/uploads\/2025\/04\/1-4-1.jpg","contentUrl":"https:\/\/www.lavillagardendesign.com\/wp-content\/uploads\/2025\/04\/1-4-1.jpg","width":800,"height":800},{"@type":"BreadcrumbList","@id":"https:\/\/www.lavillagardendesign.com\/fr\/produit\/jacuzzi-spa-j-lxl\/#breadcrumb","itemListElement":[{"@type":"ListItem","position":1,"name":"Home","item":"https:\/\/www.lavillagardendesign.com\/"},{"@type":"ListItem","position":2,"name":"Boutique","item":"https:\/\/www.lavillagardendesign.com\/fr\/boutique\/"},{"@type":"ListItem","position":3,"name":"Jacuzzi SPA J-LXL"}]},{"@type":"WebSite","@id":"https:\/\/www.lavillagardendesign.com\/#website","url":"https:\/\/www.lavillagardendesign.com\/","name":"La Villa Garden&Design","description":"","publisher":{"@id":"https:\/\/www.lavillagardendesign.com\/#organization"},"potentialAction":[{"@type":"SearchAction","target":{"@type":"EntryPoint","urlTemplate":"https:\/\/www.lavillagardendesign.com\/?s={search_term_string}"},"query-input":{"@type":"PropertyValueSpecification","valueRequired":true,"valueName":"search_term_string"}}],"inLanguage":"fr-FR"},{"@type":"Organization","@id":"https:\/\/www.lavillagardendesign.com\/#organization","name":"La Villa Garden&Design","url":"https:\/\/www.lavillagardendesign.com\/","logo":{"@type":"ImageObject","inLanguage":"fr-FR","@id":"https:\/\/www.lavillagardendesign.com\/#\/schema\/logo\/image\/","url":"https:\/\/www.lavillagardendesign.com\/wp-content\/uploads\/2024\/04\/logolavilla.png","contentUrl":"https:\/\/www.lavillagardendesign.com\/wp-content\/uploads\/2024\/04\/logolavilla.png","width":682,"height":391,"caption":"La Villa Garden&Design"},"image":{"@id":"https:\/\/www.lavillagardendesign.com\/#\/schema\/logo\/image\/"},"sameAs":["https:\/\/www.facebook.com\/lavillagardendesign\/"]}]}},"_links":{"self":[{"href":"https:\/\/www.lavillagardendesign.com\/fr\/wp-json\/wp\/v2\/product\/53530","targetHints":{"allow":["GET"]}}],"collection":[{"href":"https:\/\/www.lavillagardendesign.com\/fr\/wp-json\/wp\/v2\/product"}],"about":[{"href":"https:\/\/www.lavillagardendesign.com\/fr\/wp-json\/wp\/v2\/types\/product"}],"replies":[{"embeddable":true,"href":"https:\/\/www.lavillagardendesign.com\/fr\/wp-json\/wp\/v2\/comments?post=53530"}],"version-history":[{"count":0,"href":"https:\/\/www.lavillagardendesign.com\/fr\/wp-json\/wp\/v2\/product\/53530\/revisions"}],"wp:featuredmedia":[{"embeddable":true,"href":"https:\/\/www.lavillagardendesign.com\/fr\/wp-json\/wp\/v2\/media\/53489"}],"wp:attachment":[{"href":"https:\/\/www.lavillagardendesign.com\/fr\/wp-json\/wp\/v2\/media?parent=53530"}],"wp:term":[{"taxonomy":"product_brand","embeddable":true,"href":"https:\/\/www.lavillagardendesign.com\/fr\/wp-json\/wp\/v2\/product_brand?post=53530"},{"taxonomy":"product_cat","embeddable":true,"href":"https:\/\/www.lavillagardendesign.com\/fr\/wp-json\/wp\/v2\/product_cat?post=53530"},{"taxonomy":"product_tag","embeddable":true,"href":"https:\/\/www.lavillagardendesign.com\/fr\/wp-json\/wp\/v2\/product_tag?post=53530"}],"curies":[{"name":"wp","href":"https:\/\/api.w.org\/{rel}","templated":true}]}}